{"id":3871,"date":"2026-05-05T15:43:56","date_gmt":"2026-05-05T15:43:56","guid":{"rendered":"https:\/\/wawp.pl\/prezenty\/?post_type=product&#038;p=3871"},"modified":"2026-05-05T15:48:39","modified_gmt":"2026-05-05T15:48:39","slug":"test-kopia-kopia","status":"publish","type":"product","link":"https:\/\/wawp.pl\/prezenty\/produkt\/test-kopia-kopia\/","title":{"rendered":"WARSZTATY KOKTAJLOWE 28.05.26"},"content":{"rendered":"<p><span class=\"html-span xexx8yu xyri2b x18d9i69 x1c1uobl x1hl2dhg x16tdsg8 x1vvkbs x3nfvp2 x1j61x8r x1fcty0u xdj266r xat24cr xm2jcoa x1mpyi22 xxymvpz xlup9mm x1kky2od\"><img decoding=\"async\" class=\"xz74otr x15mokao x1ga7v0g x16uus16 xbiv7yw\" src=\"https:\/\/static.xx.fbcdn.net\/images\/emoji.php\/v9\/t8c\/2\/16\/1f379.png\" alt=\"\ud83c\udf79\" width=\"16\" height=\"16\" \/><\/span>WARSZTATY KOKTAJLOWE<span class=\"html-span xexx8yu xyri2b x18d9i69 x1c1uobl x1hl2dhg x16tdsg8 x1vvkbs x3nfvp2 x1j61x8r x1fcty0u xdj266r xat24cr xm2jcoa x1mpyi22 xxymvpz xlup9mm x1kky2od\"><img decoding=\"async\" class=\"xz74otr x15mokao x1ga7v0g x16uus16 xbiv7yw\" src=\"https:\/\/static.xx.fbcdn.net\/images\/emoji.php\/v9\/t8c\/2\/16\/1f379.png\" alt=\"\ud83c\udf79\" width=\"16\" height=\"16\" \/><\/span><br class=\"html-br\" \/>Zapraszamy na wyj\u0105tkowe warsztaty koktajlowe, podczas kt\u00f3rych przeniesiemy Ci\u0119 w \u015bwiat w\u0142oskiego aperitivo. To niepowtarzalna okazja, aby nauczy\u0107 si\u0119 sztuki tworzenia klasycznych w\u0142oskich spritzer\u00f3w!<br class=\"html-br\" \/><span class=\"html-span xexx8yu xyri2b x18d9i69 x1c1uobl x1hl2dhg x16tdsg8 x1vvkbs x3nfvp2 x1j61x8r x1fcty0u xdj266r xat24cr xm2jcoa x1mpyi22 xxymvpz xlup9mm x1kky2od\"><img decoding=\"async\" class=\"xz74otr x15mokao x1ga7v0g x16uus16 xbiv7yw\" src=\"https:\/\/static.xx.fbcdn.net\/images\/emoji.php\/v9\/tee\/2\/16\/1f964.png\" alt=\"\ud83e\udd64\" width=\"16\" height=\"16\" \/><\/span>Aperitivo to w\u0142oska tradycja si\u0119gaj\u0105ca XIX wieku, kt\u00f3ra \u0142\u0105czy si\u0119 z przyjemno\u015bci\u0105 sp\u0119dzania czasu w gronie przyjaci\u00f3\u0142 i rodziny przy lekkich drinkach oraz przek\u0105skach. Ten rytua\u0142 celebruje si\u0119 przed kolacj\u0105, najcz\u0119\u015bciej w ciep\u0142e wieczory, oferuj\u0105c chwil\u0119 relaksu i rado\u015bci. Klasyczne aperitivo obejmuje orze\u017awiaj\u0105ce koktajle takie jak Aperol Spritz, Campari Spritz, Sarti Spritz czy Garibaldi, kt\u00f3re sta\u0142y si\u0119 symbolami w\u0142oskiego stylu \u017cycia na ca\u0142ym \u015bwiecie.<br class=\"html-br\" \/><span class=\"html-span xexx8yu xyri2b x18d9i69 x1c1uobl x1hl2dhg x16tdsg8 x1vvkbs x3nfvp2 x1j61x8r x1fcty0u xdj266r xat24cr xm2jcoa x1mpyi22 xxymvpz xlup9mm x1kky2od\"><img decoding=\"async\" class=\"xz74otr x15mokao x1ga7v0g x16uus16 xbiv7yw\" src=\"https:\/\/static.xx.fbcdn.net\/images\/emoji.php\/v9\/tb\/2\/16\/1f378.png\" alt=\"\ud83c\udf78\" width=\"16\" height=\"16\" \/><\/span>W programie:<br class=\"html-br\" \/>&#8211; Wprowadzenie w \u015bwiat kultury aperitivo,<br class=\"html-br\" \/>&#8211; Sztuka \u0142\u0105czenia w\u0142oskich przek\u0105sek z koktajlami,<br class=\"html-br\" \/>&#8211; Warsztaty koktajlowe \u201eAperitivo i \u015bwiat spritzer\u00f3w!\u201d, w kt\u00f3rym ka\u017cdy uczestnik przygotuje 4 koktajle,<br class=\"html-br\" \/>&#8211; Opowie\u015b\u0107 o historii ka\u017cdej z marek.<br class=\"html-br\" \/><span class=\"html-span xexx8yu xyri2b x18d9i69 x1c1uobl x1hl2dhg x16tdsg8 x1vvkbs x3nfvp2 x1j61x8r x1fcty0u xdj266r xat24cr xm2jcoa x1mpyi22 xxymvpz xlup9mm x1kky2od\"><img loading=\"lazy\" decoding=\"async\" class=\"xz74otr x15mokao x1ga7v0g x16uus16 xbiv7yw\" src=\"https:\/\/static.xx.fbcdn.net\/images\/emoji.php\/v9\/tb8\/2\/16\/1f37e.png\" alt=\"\ud83c\udf7e\" width=\"16\" height=\"16\" \/><\/span>Dowiesz si\u0119 jak zaimponowa\u0107 swoim go\u015bciom oraz przygotowa\u0107 perfekcyjne spritzery, kt\u00f3re zabawi\u0105 i skradn\u0105 serca we wszystkie gor\u0105ce wieczory! Ponadto, poznasz histori\u0119 aperitivo i nauczysz si\u0119, jakie przek\u0105ski najlepiej komponuj\u0105 si\u0119 z tymi klasycznymi drinkami.<br class=\"html-br\" \/>Prowadz\u0105cy: Maciej Ma\u0142ecki \u2013 Brand Ambassador Campari Group w Polsce<\/p>\n<p><span class=\"html-span xexx8yu xyri2b x18d9i69 x1c1uobl x1hl2dhg x16tdsg8 x1vvkbs x3nfvp2 x1j61x8r x1fcty0u xdj266r xat24cr xm2jcoa x1mpyi22 xxymvpz xlup9mm x1kky2od\">Liczba miejsc ograniczona \u2013 rezerwuj ju\u017c dzi\u015b!<br class=\"html-br\" \/><img loading=\"lazy\" decoding=\"async\" class=\"xz74otr x15mokao x1ga7v0g x16uus16 xbiv7yw\" src=\"https:\/\/static.xx.fbcdn.net\/images\/emoji.php\/v9\/t1d\/2\/16\/1f4c5.png\" alt=\"\ud83d\udcc5\" width=\"16\" height=\"16\" \/> czwartek, 28.05<br class=\"html-br\" \/><img loading=\"lazy\" decoding=\"async\" class=\"xz74otr x15mokao x1ga7v0g x16uus16 xbiv7yw\" src=\"https:\/\/static.xx.fbcdn.net\/images\/emoji.php\/v9\/t4d\/2\/16\/1f556.png\" alt=\"\ud83d\udd56\" width=\"16\" height=\"16\" \/>\u00a0godz. 20.30<br class=\"html-br\" \/><img loading=\"lazy\" decoding=\"async\" class=\"xz74otr x15mokao x1ga7v0g x16uus16 xbiv7yw\" src=\"https:\/\/static.xx.fbcdn.net\/images\/emoji.php\/v9\/tcc\/2\/16\/1f4cd.png\" alt=\"\ud83d\udccd\" width=\"16\" height=\"16\" \/> Whisky and Wine Place \u2013 Mi\u0144ska 23<\/span><\/p>\n","protected":false},"excerpt":{"rendered":"<p>Zapraszamy na wyj\u0105tkowe warsztaty koktajlowe, podczas kt\u00f3rych przeniesiemy Ci\u0119 w \u015bwiat w\u0142oskiego aperitivo. To niepowtarzalna okazja, aby nauczy\u0107 si\u0119 sztuki tworzenia klasycznych w\u0142oskich spritzer\u00f3w!<\/p>\n","protected":false},"featured_media":3872,"template":"","meta":{"_acf_changed":false},"product_brand":[],"product_cat":[37],"product_tag":[],"class_list":{"0":"post-3871","1":"product","2":"type-product","3":"status-publish","4":"has-post-thumbnail","6":"product_cat-wydarzenia","8":"first","9":"instock","10":"virtual","11":"purchasable","12":"product-type-simple"},"acf":[],"yoast_head":"<!-- This site is optimized with the Yoast SEO plugin v27.3 - https:\/\/yoast.com\/product\/yoast-seo-wordpress\/ -->\n<title>WARSZTATY KOKTAJLOWE 28.05.26: -  | Zestawy \u015awi\u0105teczne<\/title>\n<meta name=\"description\" content=\"Zobacz produkt: WARSZTATY KOKTAJLOWE 28.05.26 - dost\u0119pny online na Whisky and Wine Place wawp.pl\/prezenty !\" \/>\n<meta name=\"robots\" content=\"index, follow, max-snippet:-1, max-image-preview:large, max-video-preview:-1\" \/>\n<link rel=\"canonical\" href=\"https:\/\/wawp.pl\/prezenty\/produkt\/test-kopia-kopia\/\" \/>\n<meta property=\"og:locale\" content=\"pl_PL\" \/>\n<meta property=\"og:type\" content=\"article\" \/>\n<meta property=\"og:title\" content=\"WARSZTATY KOKTAJLOWE 28.05.26: -  | Zestawy \u015awi\u0105teczne\" \/>\n<meta property=\"og:description\" content=\"Zobacz produkt: WARSZTATY KOKTAJLOWE 28.05.26 - dost\u0119pny online na Whisky and Wine Place wawp.pl\/prezenty !\" \/>\n<meta property=\"og:url\" content=\"https:\/\/wawp.pl\/prezenty\/produkt\/test-kopia-kopia\/\" \/>\n<meta property=\"og:site_name\" content=\"Zestawy \u015awi\u0105teczne\" \/>\n<meta property=\"article:modified_time\" content=\"2026-05-05T15:48:39+00:00\" \/>\n<meta property=\"og:image\" content=\"https:\/\/wawp.pl\/prezenty\/wp-content\/uploads\/2026\/05\/0camp.jpg\" \/>\n\t<meta property=\"og:image:width\" content=\"1440\" \/>\n\t<meta property=\"og:image:height\" content=\"1800\" \/>\n\t<meta property=\"og:image:type\" content=\"image\/jpeg\" \/>\n<meta name=\"twitter:card\" content=\"summary_large_image\" \/>\n<meta name=\"twitter:label1\" content=\"Szacowany czas czytania\" \/>\n\t<meta name=\"twitter:data1\" content=\"3 minuty\" \/>\n<script type=\"application\/ld+json\" class=\"yoast-schema-graph\">{\"@context\":\"https:\\\/\\\/schema.org\",\"@graph\":[{\"@type\":\"WebPage\",\"@id\":\"https:\\\/\\\/wawp.pl\\\/prezenty\\\/produkt\\\/test-kopia-kopia\\\/\",\"url\":\"https:\\\/\\\/wawp.pl\\\/prezenty\\\/produkt\\\/test-kopia-kopia\\\/\",\"name\":\"WARSZTATY KOKTAJLOWE 28.05.26: - | Zestawy \u015awi\u0105teczne\",\"isPartOf\":{\"@id\":\"https:\\\/\\\/wawp.pl\\\/prezenty\\\/#website\"},\"primaryImageOfPage\":{\"@id\":\"https:\\\/\\\/wawp.pl\\\/prezenty\\\/produkt\\\/test-kopia-kopia\\\/#primaryimage\"},\"image\":{\"@id\":\"https:\\\/\\\/wawp.pl\\\/prezenty\\\/produkt\\\/test-kopia-kopia\\\/#primaryimage\"},\"thumbnailUrl\":\"https:\\\/\\\/wawp.pl\\\/prezenty\\\/wp-content\\\/uploads\\\/2026\\\/05\\\/0camp.jpg\",\"datePublished\":\"2026-05-05T15:43:56+00:00\",\"dateModified\":\"2026-05-05T15:48:39+00:00\",\"description\":\"Zobacz produkt: WARSZTATY KOKTAJLOWE 28.05.26 - dost\u0119pny online na Whisky and Wine Place wawp.pl\\\/prezenty !\",\"breadcrumb\":{\"@id\":\"https:\\\/\\\/wawp.pl\\\/prezenty\\\/produkt\\\/test-kopia-kopia\\\/#breadcrumb\"},\"inLanguage\":\"pl-PL\",\"potentialAction\":[{\"@type\":\"ReadAction\",\"target\":[\"https:\\\/\\\/wawp.pl\\\/prezenty\\\/produkt\\\/test-kopia-kopia\\\/\"]}]},{\"@type\":\"ImageObject\",\"inLanguage\":\"pl-PL\",\"@id\":\"https:\\\/\\\/wawp.pl\\\/prezenty\\\/produkt\\\/test-kopia-kopia\\\/#primaryimage\",\"url\":\"https:\\\/\\\/wawp.pl\\\/prezenty\\\/wp-content\\\/uploads\\\/2026\\\/05\\\/0camp.jpg\",\"contentUrl\":\"https:\\\/\\\/wawp.pl\\\/prezenty\\\/wp-content\\\/uploads\\\/2026\\\/05\\\/0camp.jpg\",\"width\":1440,\"height\":1800},{\"@type\":\"BreadcrumbList\",\"@id\":\"https:\\\/\\\/wawp.pl\\\/prezenty\\\/produkt\\\/test-kopia-kopia\\\/#breadcrumb\",\"itemListElement\":[{\"@type\":\"ListItem\",\"position\":1,\"name\":\"Strona g\u0142\u00f3wna\",\"item\":\"https:\\\/\\\/wawp.pl\\\/prezenty\\\/\"},{\"@type\":\"ListItem\",\"position\":2,\"name\":\"Shop\",\"item\":\"https:\\\/\\\/wawp.pl\\\/prezenty\\\/shop\\\/\"},{\"@type\":\"ListItem\",\"position\":3,\"name\":\"WARSZTATY KOKTAJLOWE 28.05.26\"}]},{\"@type\":\"WebSite\",\"@id\":\"https:\\\/\\\/wawp.pl\\\/prezenty\\\/#website\",\"url\":\"https:\\\/\\\/wawp.pl\\\/prezenty\\\/\",\"name\":\"Zestawy \u015awi\u0105teczne\",\"description\":\"Kosze \u015awi\u0105teczne, Podarunkowe, Prezentowe\",\"publisher\":{\"@id\":\"https:\\\/\\\/wawp.pl\\\/prezenty\\\/#organization\"},\"potentialAction\":[{\"@type\":\"SearchAction\",\"target\":{\"@type\":\"EntryPoint\",\"urlTemplate\":\"https:\\\/\\\/wawp.pl\\\/prezenty\\\/?s={search_term_string}\"},\"query-input\":{\"@type\":\"PropertyValueSpecification\",\"valueRequired\":true,\"valueName\":\"search_term_string\"}}],\"inLanguage\":\"pl-PL\"},{\"@type\":\"Organization\",\"@id\":\"https:\\\/\\\/wawp.pl\\\/prezenty\\\/#organization\",\"name\":\"Zestawy \u015awi\u0105teczne\",\"url\":\"https:\\\/\\\/wawp.pl\\\/prezenty\\\/\",\"logo\":{\"@type\":\"ImageObject\",\"inLanguage\":\"pl-PL\",\"@id\":\"https:\\\/\\\/wawp.pl\\\/prezenty\\\/#\\\/schema\\\/logo\\\/image\\\/\",\"url\":\"https:\\\/\\\/wawp.pl\\\/prezenty\\\/wp-content\\\/uploads\\\/2021\\\/11\\\/cropped-logo.png\",\"contentUrl\":\"https:\\\/\\\/wawp.pl\\\/prezenty\\\/wp-content\\\/uploads\\\/2021\\\/11\\\/cropped-logo.png\",\"width\":360,\"height\":137,\"caption\":\"Zestawy \u015awi\u0105teczne\"},\"image\":{\"@id\":\"https:\\\/\\\/wawp.pl\\\/prezenty\\\/#\\\/schema\\\/logo\\\/image\\\/\"}}]}<\/script>\n<!-- \/ Yoast SEO plugin. -->","yoast_head_json":{"title":"WARSZTATY KOKTAJLOWE 28.05.26: -  | Zestawy \u015awi\u0105teczne","description":"Zobacz produkt: WARSZTATY KOKTAJLOWE 28.05.26 - dost\u0119pny online na Whisky and Wine Place wawp.pl\/prezenty !","robots":{"index":"index","follow":"follow","max-snippet":"max-snippet:-1","max-image-preview":"max-image-preview:large","max-video-preview":"max-video-preview:-1"},"canonical":"https:\/\/wawp.pl\/prezenty\/produkt\/test-kopia-kopia\/","og_locale":"pl_PL","og_type":"article","og_title":"WARSZTATY KOKTAJLOWE 28.05.26: -  | Zestawy \u015awi\u0105teczne","og_description":"Zobacz produkt: WARSZTATY KOKTAJLOWE 28.05.26 - dost\u0119pny online na Whisky and Wine Place wawp.pl\/prezenty !","og_url":"https:\/\/wawp.pl\/prezenty\/produkt\/test-kopia-kopia\/","og_site_name":"Zestawy \u015awi\u0105teczne","article_modified_time":"2026-05-05T15:48:39+00:00","og_image":[{"width":1440,"height":1800,"url":"https:\/\/wawp.pl\/prezenty\/wp-content\/uploads\/2026\/05\/0camp.jpg","type":"image\/jpeg"}],"twitter_card":"summary_large_image","twitter_misc":{"Szacowany czas czytania":"3 minuty"},"schema":{"@context":"https:\/\/schema.org","@graph":[{"@type":"WebPage","@id":"https:\/\/wawp.pl\/prezenty\/produkt\/test-kopia-kopia\/","url":"https:\/\/wawp.pl\/prezenty\/produkt\/test-kopia-kopia\/","name":"WARSZTATY KOKTAJLOWE 28.05.26: - | Zestawy \u015awi\u0105teczne","isPartOf":{"@id":"https:\/\/wawp.pl\/prezenty\/#website"},"primaryImageOfPage":{"@id":"https:\/\/wawp.pl\/prezenty\/produkt\/test-kopia-kopia\/#primaryimage"},"image":{"@id":"https:\/\/wawp.pl\/prezenty\/produkt\/test-kopia-kopia\/#primaryimage"},"thumbnailUrl":"https:\/\/wawp.pl\/prezenty\/wp-content\/uploads\/2026\/05\/0camp.jpg","datePublished":"2026-05-05T15:43:56+00:00","dateModified":"2026-05-05T15:48:39+00:00","description":"Zobacz produkt: WARSZTATY KOKTAJLOWE 28.05.26 - dost\u0119pny online na Whisky and Wine Place wawp.pl\/prezenty !","breadcrumb":{"@id":"https:\/\/wawp.pl\/prezenty\/produkt\/test-kopia-kopia\/#breadcrumb"},"inLanguage":"pl-PL","potentialAction":[{"@type":"ReadAction","target":["https:\/\/wawp.pl\/prezenty\/produkt\/test-kopia-kopia\/"]}]},{"@type":"ImageObject","inLanguage":"pl-PL","@id":"https:\/\/wawp.pl\/prezenty\/produkt\/test-kopia-kopia\/#primaryimage","url":"https:\/\/wawp.pl\/prezenty\/wp-content\/uploads\/2026\/05\/0camp.jpg","contentUrl":"https:\/\/wawp.pl\/prezenty\/wp-content\/uploads\/2026\/05\/0camp.jpg","width":1440,"height":1800},{"@type":"BreadcrumbList","@id":"https:\/\/wawp.pl\/prezenty\/produkt\/test-kopia-kopia\/#breadcrumb","itemListElement":[{"@type":"ListItem","position":1,"name":"Strona g\u0142\u00f3wna","item":"https:\/\/wawp.pl\/prezenty\/"},{"@type":"ListItem","position":2,"name":"Shop","item":"https:\/\/wawp.pl\/prezenty\/shop\/"},{"@type":"ListItem","position":3,"name":"WARSZTATY KOKTAJLOWE 28.05.26"}]},{"@type":"WebSite","@id":"https:\/\/wawp.pl\/prezenty\/#website","url":"https:\/\/wawp.pl\/prezenty\/","name":"Zestawy \u015awi\u0105teczne","description":"Kosze \u015awi\u0105teczne, Podarunkowe, Prezentowe","publisher":{"@id":"https:\/\/wawp.pl\/prezenty\/#organization"},"potentialAction":[{"@type":"SearchAction","target":{"@type":"EntryPoint","urlTemplate":"https:\/\/wawp.pl\/prezenty\/?s={search_term_string}"},"query-input":{"@type":"PropertyValueSpecification","valueRequired":true,"valueName":"search_term_string"}}],"inLanguage":"pl-PL"},{"@type":"Organization","@id":"https:\/\/wawp.pl\/prezenty\/#organization","name":"Zestawy \u015awi\u0105teczne","url":"https:\/\/wawp.pl\/prezenty\/","logo":{"@type":"ImageObject","inLanguage":"pl-PL","@id":"https:\/\/wawp.pl\/prezenty\/#\/schema\/logo\/image\/","url":"https:\/\/wawp.pl\/prezenty\/wp-content\/uploads\/2021\/11\/cropped-logo.png","contentUrl":"https:\/\/wawp.pl\/prezenty\/wp-content\/uploads\/2021\/11\/cropped-logo.png","width":360,"height":137,"caption":"Zestawy \u015awi\u0105teczne"},"image":{"@id":"https:\/\/wawp.pl\/prezenty\/#\/schema\/logo\/image\/"}}]}},"_links":{"self":[{"href":"https:\/\/wawp.pl\/prezenty\/wp-json\/wp\/v2\/product\/3871","targetHints":{"allow":["GET"]}}],"collection":[{"href":"https:\/\/wawp.pl\/prezenty\/wp-json\/wp\/v2\/product"}],"about":[{"href":"https:\/\/wawp.pl\/prezenty\/wp-json\/wp\/v2\/types\/product"}],"wp:featuredmedia":[{"embeddable":true,"href":"https:\/\/wawp.pl\/prezenty\/wp-json\/wp\/v2\/media\/3872"}],"wp:attachment":[{"href":"https:\/\/wawp.pl\/prezenty\/wp-json\/wp\/v2\/media?parent=3871"}],"wp:term":[{"taxonomy":"product_brand","embeddable":true,"href":"https:\/\/wawp.pl\/prezenty\/wp-json\/wp\/v2\/product_brand?post=3871"},{"taxonomy":"product_cat","embeddable":true,"href":"https:\/\/wawp.pl\/prezenty\/wp-json\/wp\/v2\/product_cat?post=3871"},{"taxonomy":"product_tag","embeddable":true,"href":"https:\/\/wawp.pl\/prezenty\/wp-json\/wp\/v2\/product_tag?post=3871"}],"curies":[{"name":"wp","href":"https:\/\/api.w.org\/{rel}","templated":true}]}}