{"id":3538,"date":"2025-10-30T18:57:43","date_gmt":"2025-10-30T18:57:43","guid":{"rendered":"https:\/\/wawp.pl\/prezenty\/?post_type=product&#038;p=3538"},"modified":"2025-11-20T10:08:09","modified_gmt":"2025-11-20T10:08:09","slug":"zestaw-swiateczny-nr-24","status":"publish","type":"product","link":"https:\/\/wawp.pl\/prezenty\/produkt\/zestaw-swiateczny-nr-24\/","title":{"rendered":"Zestaw \u015bwi\u0105teczny nr. 24"},"content":{"rendered":"","protected":false},"excerpt":{"rendered":"<p>\u2022 <strong>Talisker 10yo<\/strong> to kultowa whisky szkocka z malowniczej wyspy Skye.<br \/>\nWyra\u017anie tofowy charakter pi\u0119knie r\u00f3wnowa\u017cy si\u0119 z delikatn\u0105 s\u0142odycz\u0105<br \/>\noraz zdecydowan\u0105 morsk\u0105 s\u0142ono\u015bci\u0105. Gratka dla koneser\u00f3w.<br \/>\n\u2022 Ciasteczka tiramisu z ciemn\u0105 czekolad\u0105 \u2013 du\u0144ska s\u0142odycz inspirowana<br \/>\nw\u0142oskim deserem. Kruche ciastka o kawowo kakaowym aromacie i<br \/>\nkawa\u0142kach ciemnej czekolady.<br \/>\n\u2022 Pasta z oliwek \u2013 intensywna, grecka tapenada z dojrza\u0142ych oliwek z regionu<br \/>\nKalamata. G\u0142adka, aromatyczna i naturalna.<br \/>\n\u2022 Kabanos wieprzowy \u2013 klasyczna polska przek\u0105ska, czyli cienkie,<br \/>\naromatyczne kabanosy o naturalnym smaku, zamkni\u0119te w stylowej tubie.<br \/>\n\u2022 Karmelki w i\u015bcie szkockim stylu \u2013 kajmakowe cukierki w gustownej<br \/>\npuszcze.<br \/>\n\u2022 Pasta Barbecue \u2013 aromatyczna kompozycja warzyw, przypraw i greckiej<br \/>\noliwy z oliwek w po\u0142\u0105czeniu z pysznym posmakiem dymnego barbecue.<br \/>\n\u2022 G\u0119sty krem balsamiczny z dodatkiem aromatycznego miodu<br \/>\ntymiankowego.<br \/>\n\u2022 Drewniana skrzynka nadaje zestawowi wyj\u0105tkowo ekskluzywnego<br \/>\ncharakteru.<\/p>\n","protected":false},"featured_media":3539,"template":"","meta":{"_acf_changed":false},"product_brand":[],"product_cat":[36],"product_tag":[],"class_list":{"0":"post-3538","1":"product","2":"type-product","3":"status-publish","4":"has-post-thumbnail","6":"product_cat-boze-narodzenie-2025","8":"first","9":"instock","10":"purchasable","11":"product-type-simple"},"acf":[],"yoast_head":"<!-- This site is optimized with the Yoast SEO plugin v27.3 - https:\/\/yoast.com\/product\/yoast-seo-wordpress\/ -->\n<title>Zestaw \u015bwi\u0105teczny nr. 24: \u015awi\u0105teczne zestawy prezentowe premium z alkoholem - Szkocka whisky single malt Skye | Zestawy \u015awi\u0105teczne<\/title>\n<meta name=\"description\" content=\"Zobacz produkt: Zestaw \u015bwi\u0105teczny nr. 24 \u015awi\u0105teczne zestawy prezentowe premium z alkoholem - Szkocka whisky single malt Skye - dost\u0119pny online na Whisky and Wine Place wawp.pl\/prezenty !\" \/>\n<meta name=\"robots\" content=\"index, follow, max-snippet:-1, max-image-preview:large, max-video-preview:-1\" \/>\n<link rel=\"canonical\" href=\"https:\/\/wawp.pl\/prezenty\/produkt\/zestaw-swiateczny-nr-24\/\" \/>\n<meta property=\"og:locale\" content=\"pl_PL\" \/>\n<meta property=\"og:type\" content=\"article\" \/>\n<meta property=\"og:title\" content=\"Zestaw \u015bwi\u0105teczny nr. 24: \u015awi\u0105teczne zestawy prezentowe premium z alkoholem - Szkocka whisky single malt Skye | Zestawy \u015awi\u0105teczne\" \/>\n<meta property=\"og:description\" content=\"Zobacz produkt: Zestaw \u015bwi\u0105teczny nr. 24 \u015awi\u0105teczne zestawy prezentowe premium z alkoholem - Szkocka whisky single malt Skye - dost\u0119pny online na Whisky and Wine Place wawp.pl\/prezenty !\" \/>\n<meta property=\"og:url\" content=\"https:\/\/wawp.pl\/prezenty\/produkt\/zestaw-swiateczny-nr-24\/\" \/>\n<meta property=\"og:site_name\" content=\"Zestawy \u015awi\u0105teczne\" \/>\n<meta property=\"article:modified_time\" content=\"2025-11-20T10:08:09+00:00\" \/>\n<meta property=\"og:image\" content=\"https:\/\/wawp.pl\/prezenty\/wp-content\/uploads\/2025\/10\/ZESTAW-24.webp\" \/>\n\t<meta property=\"og:image:width\" content=\"1900\" \/>\n\t<meta property=\"og:image:height\" content=\"1900\" \/>\n\t<meta property=\"og:image:type\" content=\"image\/webp\" \/>\n<meta name=\"twitter:card\" content=\"summary_large_image\" \/>\n<meta name=\"twitter:label1\" content=\"Szacowany czas czytania\" \/>\n\t<meta name=\"twitter:data1\" content=\"1 minuta\" \/>\n<script type=\"application\/ld+json\" class=\"yoast-schema-graph\">{\"@context\":\"https:\\\/\\\/schema.org\",\"@graph\":[{\"@type\":\"WebPage\",\"@id\":\"https:\\\/\\\/wawp.pl\\\/prezenty\\\/produkt\\\/zestaw-swiateczny-nr-24\\\/\",\"url\":\"https:\\\/\\\/wawp.pl\\\/prezenty\\\/produkt\\\/zestaw-swiateczny-nr-24\\\/\",\"name\":\"Zestaw \u015bwi\u0105teczny nr. 24: \u015awi\u0105teczne zestawy prezentowe premium z alkoholem - Szkocka whisky single malt Skye | Zestawy \u015awi\u0105teczne\",\"isPartOf\":{\"@id\":\"https:\\\/\\\/wawp.pl\\\/prezenty\\\/#website\"},\"primaryImageOfPage\":{\"@id\":\"https:\\\/\\\/wawp.pl\\\/prezenty\\\/produkt\\\/zestaw-swiateczny-nr-24\\\/#primaryimage\"},\"image\":{\"@id\":\"https:\\\/\\\/wawp.pl\\\/prezenty\\\/produkt\\\/zestaw-swiateczny-nr-24\\\/#primaryimage\"},\"thumbnailUrl\":\"https:\\\/\\\/wawp.pl\\\/prezenty\\\/wp-content\\\/uploads\\\/2025\\\/10\\\/ZESTAW-24.webp\",\"datePublished\":\"2025-10-30T18:57:43+00:00\",\"dateModified\":\"2025-11-20T10:08:09+00:00\",\"description\":\"Zobacz produkt: Zestaw \u015bwi\u0105teczny nr. 24 \u015awi\u0105teczne zestawy prezentowe premium z alkoholem - Szkocka whisky single malt Skye - dost\u0119pny online na Whisky and Wine Place wawp.pl\\\/prezenty !\",\"breadcrumb\":{\"@id\":\"https:\\\/\\\/wawp.pl\\\/prezenty\\\/produkt\\\/zestaw-swiateczny-nr-24\\\/#breadcrumb\"},\"inLanguage\":\"pl-PL\",\"potentialAction\":[{\"@type\":\"ReadAction\",\"target\":[\"https:\\\/\\\/wawp.pl\\\/prezenty\\\/produkt\\\/zestaw-swiateczny-nr-24\\\/\"]}]},{\"@type\":\"ImageObject\",\"inLanguage\":\"pl-PL\",\"@id\":\"https:\\\/\\\/wawp.pl\\\/prezenty\\\/produkt\\\/zestaw-swiateczny-nr-24\\\/#primaryimage\",\"url\":\"https:\\\/\\\/wawp.pl\\\/prezenty\\\/wp-content\\\/uploads\\\/2025\\\/10\\\/ZESTAW-24.webp\",\"contentUrl\":\"https:\\\/\\\/wawp.pl\\\/prezenty\\\/wp-content\\\/uploads\\\/2025\\\/10\\\/ZESTAW-24.webp\",\"width\":1900,\"height\":1900,\"caption\":\"\u015awi\u0105teczny zestaw prezentowy premium z kultow\u0105 szkock\u0105 whisky Talisker 10yo z wyspy Skye, ciasteczkami tiramisu, greck\u0105 tapenad\u0105 z oliwek Kalamata, aromatycznymi kabanosami, szkockimi karmelkami kajmakowymi, past\u0105 barbecue, kremem balsamicznym z miodem tymiankowym i eleganck\u0105 drewnian\u0105 skrzynk\u0105 \u2013 wyj\u0105tkowy prezent dla mi\u0142o\u015bnik\u00f3w whisky i delikatesowych smak\u00f3w.\"},{\"@type\":\"BreadcrumbList\",\"@id\":\"https:\\\/\\\/wawp.pl\\\/prezenty\\\/produkt\\\/zestaw-swiateczny-nr-24\\\/#breadcrumb\",\"itemListElement\":[{\"@type\":\"ListItem\",\"position\":1,\"name\":\"Strona g\u0142\u00f3wna\",\"item\":\"https:\\\/\\\/wawp.pl\\\/prezenty\\\/\"},{\"@type\":\"ListItem\",\"position\":2,\"name\":\"Shop\",\"item\":\"https:\\\/\\\/wawp.pl\\\/prezenty\\\/shop\\\/\"},{\"@type\":\"ListItem\",\"position\":3,\"name\":\"Zestaw \u015bwi\u0105teczny nr. 24\"}]},{\"@type\":\"WebSite\",\"@id\":\"https:\\\/\\\/wawp.pl\\\/prezenty\\\/#website\",\"url\":\"https:\\\/\\\/wawp.pl\\\/prezenty\\\/\",\"name\":\"Zestawy \u015awi\u0105teczne\",\"description\":\"Kosze \u015awi\u0105teczne, Podarunkowe, Prezentowe\",\"publisher\":{\"@id\":\"https:\\\/\\\/wawp.pl\\\/prezenty\\\/#organization\"},\"potentialAction\":[{\"@type\":\"SearchAction\",\"target\":{\"@type\":\"EntryPoint\",\"urlTemplate\":\"https:\\\/\\\/wawp.pl\\\/prezenty\\\/?s={search_term_string}\"},\"query-input\":{\"@type\":\"PropertyValueSpecification\",\"valueRequired\":true,\"valueName\":\"search_term_string\"}}],\"inLanguage\":\"pl-PL\"},{\"@type\":\"Organization\",\"@id\":\"https:\\\/\\\/wawp.pl\\\/prezenty\\\/#organization\",\"name\":\"Zestawy \u015awi\u0105teczne\",\"url\":\"https:\\\/\\\/wawp.pl\\\/prezenty\\\/\",\"logo\":{\"@type\":\"ImageObject\",\"inLanguage\":\"pl-PL\",\"@id\":\"https:\\\/\\\/wawp.pl\\\/prezenty\\\/#\\\/schema\\\/logo\\\/image\\\/\",\"url\":\"https:\\\/\\\/wawp.pl\\\/prezenty\\\/wp-content\\\/uploads\\\/2021\\\/11\\\/cropped-logo.png\",\"contentUrl\":\"https:\\\/\\\/wawp.pl\\\/prezenty\\\/wp-content\\\/uploads\\\/2021\\\/11\\\/cropped-logo.png\",\"width\":360,\"height\":137,\"caption\":\"Zestawy \u015awi\u0105teczne\"},\"image\":{\"@id\":\"https:\\\/\\\/wawp.pl\\\/prezenty\\\/#\\\/schema\\\/logo\\\/image\\\/\"}}]}<\/script>\n<!-- \/ Yoast SEO plugin. -->","yoast_head_json":{"title":"Zestaw \u015bwi\u0105teczny nr. 24: \u015awi\u0105teczne zestawy prezentowe premium z alkoholem - Szkocka whisky single malt Skye | Zestawy \u015awi\u0105teczne","description":"Zobacz produkt: Zestaw \u015bwi\u0105teczny nr. 24 \u015awi\u0105teczne zestawy prezentowe premium z alkoholem - Szkocka whisky single malt Skye - dost\u0119pny online na Whisky and Wine Place wawp.pl\/prezenty !","robots":{"index":"index","follow":"follow","max-snippet":"max-snippet:-1","max-image-preview":"max-image-preview:large","max-video-preview":"max-video-preview:-1"},"canonical":"https:\/\/wawp.pl\/prezenty\/produkt\/zestaw-swiateczny-nr-24\/","og_locale":"pl_PL","og_type":"article","og_title":"Zestaw \u015bwi\u0105teczny nr. 24: \u015awi\u0105teczne zestawy prezentowe premium z alkoholem - Szkocka whisky single malt Skye | Zestawy \u015awi\u0105teczne","og_description":"Zobacz produkt: Zestaw \u015bwi\u0105teczny nr. 24 \u015awi\u0105teczne zestawy prezentowe premium z alkoholem - Szkocka whisky single malt Skye - dost\u0119pny online na Whisky and Wine Place wawp.pl\/prezenty !","og_url":"https:\/\/wawp.pl\/prezenty\/produkt\/zestaw-swiateczny-nr-24\/","og_site_name":"Zestawy \u015awi\u0105teczne","article_modified_time":"2025-11-20T10:08:09+00:00","og_image":[{"width":1900,"height":1900,"url":"https:\/\/wawp.pl\/prezenty\/wp-content\/uploads\/2025\/10\/ZESTAW-24.webp","type":"image\/webp"}],"twitter_card":"summary_large_image","twitter_misc":{"Szacowany czas czytania":"1 minuta"},"schema":{"@context":"https:\/\/schema.org","@graph":[{"@type":"WebPage","@id":"https:\/\/wawp.pl\/prezenty\/produkt\/zestaw-swiateczny-nr-24\/","url":"https:\/\/wawp.pl\/prezenty\/produkt\/zestaw-swiateczny-nr-24\/","name":"Zestaw \u015bwi\u0105teczny nr. 24: \u015awi\u0105teczne zestawy prezentowe premium z alkoholem - Szkocka whisky single malt Skye | Zestawy \u015awi\u0105teczne","isPartOf":{"@id":"https:\/\/wawp.pl\/prezenty\/#website"},"primaryImageOfPage":{"@id":"https:\/\/wawp.pl\/prezenty\/produkt\/zestaw-swiateczny-nr-24\/#primaryimage"},"image":{"@id":"https:\/\/wawp.pl\/prezenty\/produkt\/zestaw-swiateczny-nr-24\/#primaryimage"},"thumbnailUrl":"https:\/\/wawp.pl\/prezenty\/wp-content\/uploads\/2025\/10\/ZESTAW-24.webp","datePublished":"2025-10-30T18:57:43+00:00","dateModified":"2025-11-20T10:08:09+00:00","description":"Zobacz produkt: Zestaw \u015bwi\u0105teczny nr. 24 \u015awi\u0105teczne zestawy prezentowe premium z alkoholem - Szkocka whisky single malt Skye - dost\u0119pny online na Whisky and Wine Place wawp.pl\/prezenty !","breadcrumb":{"@id":"https:\/\/wawp.pl\/prezenty\/produkt\/zestaw-swiateczny-nr-24\/#breadcrumb"},"inLanguage":"pl-PL","potentialAction":[{"@type":"ReadAction","target":["https:\/\/wawp.pl\/prezenty\/produkt\/zestaw-swiateczny-nr-24\/"]}]},{"@type":"ImageObject","inLanguage":"pl-PL","@id":"https:\/\/wawp.pl\/prezenty\/produkt\/zestaw-swiateczny-nr-24\/#primaryimage","url":"https:\/\/wawp.pl\/prezenty\/wp-content\/uploads\/2025\/10\/ZESTAW-24.webp","contentUrl":"https:\/\/wawp.pl\/prezenty\/wp-content\/uploads\/2025\/10\/ZESTAW-24.webp","width":1900,"height":1900,"caption":"\u015awi\u0105teczny zestaw prezentowy premium z kultow\u0105 szkock\u0105 whisky Talisker 10yo z wyspy Skye, ciasteczkami tiramisu, greck\u0105 tapenad\u0105 z oliwek Kalamata, aromatycznymi kabanosami, szkockimi karmelkami kajmakowymi, past\u0105 barbecue, kremem balsamicznym z miodem tymiankowym i eleganck\u0105 drewnian\u0105 skrzynk\u0105 \u2013 wyj\u0105tkowy prezent dla mi\u0142o\u015bnik\u00f3w whisky i delikatesowych smak\u00f3w."},{"@type":"BreadcrumbList","@id":"https:\/\/wawp.pl\/prezenty\/produkt\/zestaw-swiateczny-nr-24\/#breadcrumb","itemListElement":[{"@type":"ListItem","position":1,"name":"Strona g\u0142\u00f3wna","item":"https:\/\/wawp.pl\/prezenty\/"},{"@type":"ListItem","position":2,"name":"Shop","item":"https:\/\/wawp.pl\/prezenty\/shop\/"},{"@type":"ListItem","position":3,"name":"Zestaw \u015bwi\u0105teczny nr. 24"}]},{"@type":"WebSite","@id":"https:\/\/wawp.pl\/prezenty\/#website","url":"https:\/\/wawp.pl\/prezenty\/","name":"Zestawy \u015awi\u0105teczne","description":"Kosze \u015awi\u0105teczne, Podarunkowe, Prezentowe","publisher":{"@id":"https:\/\/wawp.pl\/prezenty\/#organization"},"potentialAction":[{"@type":"SearchAction","target":{"@type":"EntryPoint","urlTemplate":"https:\/\/wawp.pl\/prezenty\/?s={search_term_string}"},"query-input":{"@type":"PropertyValueSpecification","valueRequired":true,"valueName":"search_term_string"}}],"inLanguage":"pl-PL"},{"@type":"Organization","@id":"https:\/\/wawp.pl\/prezenty\/#organization","name":"Zestawy \u015awi\u0105teczne","url":"https:\/\/wawp.pl\/prezenty\/","logo":{"@type":"ImageObject","inLanguage":"pl-PL","@id":"https:\/\/wawp.pl\/prezenty\/#\/schema\/logo\/image\/","url":"https:\/\/wawp.pl\/prezenty\/wp-content\/uploads\/2021\/11\/cropped-logo.png","contentUrl":"https:\/\/wawp.pl\/prezenty\/wp-content\/uploads\/2021\/11\/cropped-logo.png","width":360,"height":137,"caption":"Zestawy \u015awi\u0105teczne"},"image":{"@id":"https:\/\/wawp.pl\/prezenty\/#\/schema\/logo\/image\/"}}]}},"_links":{"self":[{"href":"https:\/\/wawp.pl\/prezenty\/wp-json\/wp\/v2\/product\/3538","targetHints":{"allow":["GET"]}}],"collection":[{"href":"https:\/\/wawp.pl\/prezenty\/wp-json\/wp\/v2\/product"}],"about":[{"href":"https:\/\/wawp.pl\/prezenty\/wp-json\/wp\/v2\/types\/product"}],"wp:featuredmedia":[{"embeddable":true,"href":"https:\/\/wawp.pl\/prezenty\/wp-json\/wp\/v2\/media\/3539"}],"wp:attachment":[{"href":"https:\/\/wawp.pl\/prezenty\/wp-json\/wp\/v2\/media?parent=3538"}],"wp:term":[{"taxonomy":"product_brand","embeddable":true,"href":"https:\/\/wawp.pl\/prezenty\/wp-json\/wp\/v2\/product_brand?post=3538"},{"taxonomy":"product_cat","embeddable":true,"href":"https:\/\/wawp.pl\/prezenty\/wp-json\/wp\/v2\/product_cat?post=3538"},{"taxonomy":"product_tag","embeddable":true,"href":"https:\/\/wawp.pl\/prezenty\/wp-json\/wp\/v2\/product_tag?post=3538"}],"curies":[{"name":"wp","href":"https:\/\/api.w.org\/{rel}","templated":true}]}}