{"id":3534,"date":"2025-10-30T18:49:45","date_gmt":"2025-10-30T18:49:45","guid":{"rendered":"https:\/\/wawp.pl\/prezenty\/?post_type=product&#038;p=3534"},"modified":"2025-11-20T10:08:09","modified_gmt":"2025-11-20T10:08:09","slug":"zestaw-swiateczny-nr-22","status":"publish","type":"product","link":"https:\/\/wawp.pl\/prezenty\/produkt\/zestaw-swiateczny-nr-22\/","title":{"rendered":"Zestaw \u015bwi\u0105teczny nr. 22"},"content":{"rendered":"","protected":false},"excerpt":{"rendered":"<p>\u2022 <strong>Aberlour 12yo<\/strong> \u2013 klasyczna szkocka whisky single malt, dojrzewaj\u0105ca<br \/>\nw beczkach po bourbonie i sherry, co nadaje jej wyj\u0105tkowej g\u0142\u0119bi i<br \/>\nz\u0142o\u017cono\u015bci. W aromacie wyczuwalne s\u0105 nuty wanilii, czerwonych<br \/>\nowoc\u00f3w i przypraw, przechodz\u0105ce w smak dojrza\u0142ych jab\u0142ek,<br \/>\nkarmelu i czekolady. Elegancka, \u0142agodna i wywa\u017cona \u2013 idealna<br \/>\nzar\u00f3wno dla konesera, jak i na prezent w \u015bwi\u0105tecznym zestawie.<br \/>\n\u2022 Zestaw pralin Amante \u2013 zamkni\u0119te w ma\u0142ym, eleganckim<br \/>\nopakowaniu, b\u0119d\u0105ce klasyczn\u0105 kompozycj\u0105 czekoladowych,<br \/>\nkawowych oraz orzechowych smak\u00f3w od polskiej firmy<br \/>\nmanufakturowej.<br \/>\n\u2022 Mi\u0119kki baton nugatowy o smaku s\u0142onego karmelu. Delikatny,<br \/>\nma\u015blany i kusz\u0105co s\u0142odko-s\u0142ony.<br \/>\n\u2022 Premium Olive Oil \u2013 grecka oliwa z oliwek extra virgin, zamkni\u0119ta<br \/>\nw eleganckiej, czarno z\u0142otej puszce. Charakteryzuje si\u0119 delikatnym,<br \/>\nowocowym smakiem i wysok\u0105 jako\u015bci\u0105.<br \/>\n\u2022 Aromatyczna \u015bwieca sojowa WAWP \u2013 nada ka\u017cdemu<br \/>\npomieszczeniu wyj\u0105tkowej aury.<br \/>\n\u2022 Wyj\u0105tkowe, limitowane opakowanie okr\u0105g\u0142e pokryte zamszem.<\/p>\n","protected":false},"featured_media":3535,"template":"","meta":{"_acf_changed":false},"product_brand":[],"product_cat":[36],"product_tag":[],"class_list":{"0":"post-3534","1":"product","2":"type-product","3":"status-publish","4":"has-post-thumbnail","6":"product_cat-boze-narodzenie-2025","8":"first","9":"instock","10":"purchasable","11":"product-type-simple"},"acf":[],"yoast_head":"<!-- This site is optimized with the Yoast SEO plugin v27.3 - https:\/\/yoast.com\/product\/yoast-seo-wordpress\/ -->\n<title>Zestaw \u015bwi\u0105teczny nr. 22: \u015awi\u0105teczne zestawy prezentowe premium z alkoholem - Szkocka whisky single malt Speyside | Zestawy \u015awi\u0105teczne<\/title>\n<meta name=\"description\" content=\"Zobacz produkt: Zestaw \u015bwi\u0105teczny nr. 22 \u015awi\u0105teczne zestawy prezentowe premium z alkoholem - Szkocka whisky single malt Speyside - dost\u0119pny online na Whisky and Wine Place wawp.pl\/prezenty !\" \/>\n<meta name=\"robots\" content=\"index, follow, max-snippet:-1, max-image-preview:large, max-video-preview:-1\" \/>\n<link rel=\"canonical\" href=\"https:\/\/wawp.pl\/prezenty\/produkt\/zestaw-swiateczny-nr-22\/\" \/>\n<meta property=\"og:locale\" content=\"pl_PL\" \/>\n<meta property=\"og:type\" content=\"article\" \/>\n<meta property=\"og:title\" content=\"Zestaw \u015bwi\u0105teczny nr. 22: \u015awi\u0105teczne zestawy prezentowe premium z alkoholem - Szkocka whisky single malt Speyside | Zestawy \u015awi\u0105teczne\" \/>\n<meta property=\"og:description\" content=\"Zobacz produkt: Zestaw \u015bwi\u0105teczny nr. 22 \u015awi\u0105teczne zestawy prezentowe premium z alkoholem - Szkocka whisky single malt Speyside - dost\u0119pny online na Whisky and Wine Place wawp.pl\/prezenty !\" \/>\n<meta property=\"og:url\" content=\"https:\/\/wawp.pl\/prezenty\/produkt\/zestaw-swiateczny-nr-22\/\" \/>\n<meta property=\"og:site_name\" content=\"Zestawy \u015awi\u0105teczne\" \/>\n<meta property=\"article:modified_time\" content=\"2025-11-20T10:08:09+00:00\" \/>\n<meta property=\"og:image\" content=\"https:\/\/wawp.pl\/prezenty\/wp-content\/uploads\/2025\/10\/ZESTAW-22.webp\" \/>\n\t<meta property=\"og:image:width\" content=\"1900\" \/>\n\t<meta property=\"og:image:height\" content=\"1266\" \/>\n\t<meta property=\"og:image:type\" content=\"image\/webp\" \/>\n<meta name=\"twitter:card\" content=\"summary_large_image\" \/>\n<meta name=\"twitter:label1\" content=\"Szacowany czas czytania\" \/>\n\t<meta name=\"twitter:data1\" content=\"1 minuta\" \/>\n<script type=\"application\/ld+json\" class=\"yoast-schema-graph\">{\"@context\":\"https:\\\/\\\/schema.org\",\"@graph\":[{\"@type\":\"WebPage\",\"@id\":\"https:\\\/\\\/wawp.pl\\\/prezenty\\\/produkt\\\/zestaw-swiateczny-nr-22\\\/\",\"url\":\"https:\\\/\\\/wawp.pl\\\/prezenty\\\/produkt\\\/zestaw-swiateczny-nr-22\\\/\",\"name\":\"Zestaw \u015bwi\u0105teczny nr. 22: \u015awi\u0105teczne zestawy prezentowe premium z alkoholem - Szkocka whisky single malt Speyside | Zestawy \u015awi\u0105teczne\",\"isPartOf\":{\"@id\":\"https:\\\/\\\/wawp.pl\\\/prezenty\\\/#website\"},\"primaryImageOfPage\":{\"@id\":\"https:\\\/\\\/wawp.pl\\\/prezenty\\\/produkt\\\/zestaw-swiateczny-nr-22\\\/#primaryimage\"},\"image\":{\"@id\":\"https:\\\/\\\/wawp.pl\\\/prezenty\\\/produkt\\\/zestaw-swiateczny-nr-22\\\/#primaryimage\"},\"thumbnailUrl\":\"https:\\\/\\\/wawp.pl\\\/prezenty\\\/wp-content\\\/uploads\\\/2025\\\/10\\\/ZESTAW-22.webp\",\"datePublished\":\"2025-10-30T18:49:45+00:00\",\"dateModified\":\"2025-11-20T10:08:09+00:00\",\"description\":\"Zobacz produkt: Zestaw \u015bwi\u0105teczny nr. 22 \u015awi\u0105teczne zestawy prezentowe premium z alkoholem - Szkocka whisky single malt Speyside - dost\u0119pny online na Whisky and Wine Place wawp.pl\\\/prezenty !\",\"breadcrumb\":{\"@id\":\"https:\\\/\\\/wawp.pl\\\/prezenty\\\/produkt\\\/zestaw-swiateczny-nr-22\\\/#breadcrumb\"},\"inLanguage\":\"pl-PL\",\"potentialAction\":[{\"@type\":\"ReadAction\",\"target\":[\"https:\\\/\\\/wawp.pl\\\/prezenty\\\/produkt\\\/zestaw-swiateczny-nr-22\\\/\"]}]},{\"@type\":\"ImageObject\",\"inLanguage\":\"pl-PL\",\"@id\":\"https:\\\/\\\/wawp.pl\\\/prezenty\\\/produkt\\\/zestaw-swiateczny-nr-22\\\/#primaryimage\",\"url\":\"https:\\\/\\\/wawp.pl\\\/prezenty\\\/wp-content\\\/uploads\\\/2025\\\/10\\\/ZESTAW-22.webp\",\"contentUrl\":\"https:\\\/\\\/wawp.pl\\\/prezenty\\\/wp-content\\\/uploads\\\/2025\\\/10\\\/ZESTAW-22.webp\",\"width\":1900,\"height\":1266,\"caption\":\"\u201eLuksusowy \u015bwi\u0105teczny zestaw prezentowy z whisky Aberlour 12yo single malt dojrzewaj\u0105c\u0105 w beczkach po bourbonie i sherry, r\u0119cznie tworzonymi pralinami Amante, batonem nugatowym o smaku s\u0142onego karmelu, greck\u0105 oliw\u0105 extra virgin Premium Olive Oil, \u015bwiec\u0105 sojow\u0105 WAWP i limitowanym, zamszowym opakowaniem \u2013 doskona\u0142y prezent dla mi\u0142o\u015bnik\u00f3w whisky i elegancji.\"},{\"@type\":\"BreadcrumbList\",\"@id\":\"https:\\\/\\\/wawp.pl\\\/prezenty\\\/produkt\\\/zestaw-swiateczny-nr-22\\\/#breadcrumb\",\"itemListElement\":[{\"@type\":\"ListItem\",\"position\":1,\"name\":\"Strona g\u0142\u00f3wna\",\"item\":\"https:\\\/\\\/wawp.pl\\\/prezenty\\\/\"},{\"@type\":\"ListItem\",\"position\":2,\"name\":\"Shop\",\"item\":\"https:\\\/\\\/wawp.pl\\\/prezenty\\\/shop\\\/\"},{\"@type\":\"ListItem\",\"position\":3,\"name\":\"Zestaw \u015bwi\u0105teczny nr. 22\"}]},{\"@type\":\"WebSite\",\"@id\":\"https:\\\/\\\/wawp.pl\\\/prezenty\\\/#website\",\"url\":\"https:\\\/\\\/wawp.pl\\\/prezenty\\\/\",\"name\":\"Zestawy \u015awi\u0105teczne\",\"description\":\"Kosze \u015awi\u0105teczne, Podarunkowe, Prezentowe\",\"publisher\":{\"@id\":\"https:\\\/\\\/wawp.pl\\\/prezenty\\\/#organization\"},\"potentialAction\":[{\"@type\":\"SearchAction\",\"target\":{\"@type\":\"EntryPoint\",\"urlTemplate\":\"https:\\\/\\\/wawp.pl\\\/prezenty\\\/?s={search_term_string}\"},\"query-input\":{\"@type\":\"PropertyValueSpecification\",\"valueRequired\":true,\"valueName\":\"search_term_string\"}}],\"inLanguage\":\"pl-PL\"},{\"@type\":\"Organization\",\"@id\":\"https:\\\/\\\/wawp.pl\\\/prezenty\\\/#organization\",\"name\":\"Zestawy \u015awi\u0105teczne\",\"url\":\"https:\\\/\\\/wawp.pl\\\/prezenty\\\/\",\"logo\":{\"@type\":\"ImageObject\",\"inLanguage\":\"pl-PL\",\"@id\":\"https:\\\/\\\/wawp.pl\\\/prezenty\\\/#\\\/schema\\\/logo\\\/image\\\/\",\"url\":\"https:\\\/\\\/wawp.pl\\\/prezenty\\\/wp-content\\\/uploads\\\/2021\\\/11\\\/cropped-logo.png\",\"contentUrl\":\"https:\\\/\\\/wawp.pl\\\/prezenty\\\/wp-content\\\/uploads\\\/2021\\\/11\\\/cropped-logo.png\",\"width\":360,\"height\":137,\"caption\":\"Zestawy \u015awi\u0105teczne\"},\"image\":{\"@id\":\"https:\\\/\\\/wawp.pl\\\/prezenty\\\/#\\\/schema\\\/logo\\\/image\\\/\"}}]}<\/script>\n<!-- \/ Yoast SEO plugin. -->","yoast_head_json":{"title":"Zestaw \u015bwi\u0105teczny nr. 22: \u015awi\u0105teczne zestawy prezentowe premium z alkoholem - Szkocka whisky single malt Speyside | Zestawy \u015awi\u0105teczne","description":"Zobacz produkt: Zestaw \u015bwi\u0105teczny nr. 22 \u015awi\u0105teczne zestawy prezentowe premium z alkoholem - Szkocka whisky single malt Speyside - dost\u0119pny online na Whisky and Wine Place wawp.pl\/prezenty !","robots":{"index":"index","follow":"follow","max-snippet":"max-snippet:-1","max-image-preview":"max-image-preview:large","max-video-preview":"max-video-preview:-1"},"canonical":"https:\/\/wawp.pl\/prezenty\/produkt\/zestaw-swiateczny-nr-22\/","og_locale":"pl_PL","og_type":"article","og_title":"Zestaw \u015bwi\u0105teczny nr. 22: \u015awi\u0105teczne zestawy prezentowe premium z alkoholem - Szkocka whisky single malt Speyside | Zestawy \u015awi\u0105teczne","og_description":"Zobacz produkt: Zestaw \u015bwi\u0105teczny nr. 22 \u015awi\u0105teczne zestawy prezentowe premium z alkoholem - Szkocka whisky single malt Speyside - dost\u0119pny online na Whisky and Wine Place wawp.pl\/prezenty !","og_url":"https:\/\/wawp.pl\/prezenty\/produkt\/zestaw-swiateczny-nr-22\/","og_site_name":"Zestawy \u015awi\u0105teczne","article_modified_time":"2025-11-20T10:08:09+00:00","og_image":[{"width":1900,"height":1266,"url":"https:\/\/wawp.pl\/prezenty\/wp-content\/uploads\/2025\/10\/ZESTAW-22.webp","type":"image\/webp"}],"twitter_card":"summary_large_image","twitter_misc":{"Szacowany czas czytania":"1 minuta"},"schema":{"@context":"https:\/\/schema.org","@graph":[{"@type":"WebPage","@id":"https:\/\/wawp.pl\/prezenty\/produkt\/zestaw-swiateczny-nr-22\/","url":"https:\/\/wawp.pl\/prezenty\/produkt\/zestaw-swiateczny-nr-22\/","name":"Zestaw \u015bwi\u0105teczny nr. 22: \u015awi\u0105teczne zestawy prezentowe premium z alkoholem - Szkocka whisky single malt Speyside | Zestawy \u015awi\u0105teczne","isPartOf":{"@id":"https:\/\/wawp.pl\/prezenty\/#website"},"primaryImageOfPage":{"@id":"https:\/\/wawp.pl\/prezenty\/produkt\/zestaw-swiateczny-nr-22\/#primaryimage"},"image":{"@id":"https:\/\/wawp.pl\/prezenty\/produkt\/zestaw-swiateczny-nr-22\/#primaryimage"},"thumbnailUrl":"https:\/\/wawp.pl\/prezenty\/wp-content\/uploads\/2025\/10\/ZESTAW-22.webp","datePublished":"2025-10-30T18:49:45+00:00","dateModified":"2025-11-20T10:08:09+00:00","description":"Zobacz produkt: Zestaw \u015bwi\u0105teczny nr. 22 \u015awi\u0105teczne zestawy prezentowe premium z alkoholem - Szkocka whisky single malt Speyside - dost\u0119pny online na Whisky and Wine Place wawp.pl\/prezenty !","breadcrumb":{"@id":"https:\/\/wawp.pl\/prezenty\/produkt\/zestaw-swiateczny-nr-22\/#breadcrumb"},"inLanguage":"pl-PL","potentialAction":[{"@type":"ReadAction","target":["https:\/\/wawp.pl\/prezenty\/produkt\/zestaw-swiateczny-nr-22\/"]}]},{"@type":"ImageObject","inLanguage":"pl-PL","@id":"https:\/\/wawp.pl\/prezenty\/produkt\/zestaw-swiateczny-nr-22\/#primaryimage","url":"https:\/\/wawp.pl\/prezenty\/wp-content\/uploads\/2025\/10\/ZESTAW-22.webp","contentUrl":"https:\/\/wawp.pl\/prezenty\/wp-content\/uploads\/2025\/10\/ZESTAW-22.webp","width":1900,"height":1266,"caption":"\u201eLuksusowy \u015bwi\u0105teczny zestaw prezentowy z whisky Aberlour 12yo single malt dojrzewaj\u0105c\u0105 w beczkach po bourbonie i sherry, r\u0119cznie tworzonymi pralinami Amante, batonem nugatowym o smaku s\u0142onego karmelu, greck\u0105 oliw\u0105 extra virgin Premium Olive Oil, \u015bwiec\u0105 sojow\u0105 WAWP i limitowanym, zamszowym opakowaniem \u2013 doskona\u0142y prezent dla mi\u0142o\u015bnik\u00f3w whisky i elegancji."},{"@type":"BreadcrumbList","@id":"https:\/\/wawp.pl\/prezenty\/produkt\/zestaw-swiateczny-nr-22\/#breadcrumb","itemListElement":[{"@type":"ListItem","position":1,"name":"Strona g\u0142\u00f3wna","item":"https:\/\/wawp.pl\/prezenty\/"},{"@type":"ListItem","position":2,"name":"Shop","item":"https:\/\/wawp.pl\/prezenty\/shop\/"},{"@type":"ListItem","position":3,"name":"Zestaw \u015bwi\u0105teczny nr. 22"}]},{"@type":"WebSite","@id":"https:\/\/wawp.pl\/prezenty\/#website","url":"https:\/\/wawp.pl\/prezenty\/","name":"Zestawy \u015awi\u0105teczne","description":"Kosze \u015awi\u0105teczne, Podarunkowe, Prezentowe","publisher":{"@id":"https:\/\/wawp.pl\/prezenty\/#organization"},"potentialAction":[{"@type":"SearchAction","target":{"@type":"EntryPoint","urlTemplate":"https:\/\/wawp.pl\/prezenty\/?s={search_term_string}"},"query-input":{"@type":"PropertyValueSpecification","valueRequired":true,"valueName":"search_term_string"}}],"inLanguage":"pl-PL"},{"@type":"Organization","@id":"https:\/\/wawp.pl\/prezenty\/#organization","name":"Zestawy \u015awi\u0105teczne","url":"https:\/\/wawp.pl\/prezenty\/","logo":{"@type":"ImageObject","inLanguage":"pl-PL","@id":"https:\/\/wawp.pl\/prezenty\/#\/schema\/logo\/image\/","url":"https:\/\/wawp.pl\/prezenty\/wp-content\/uploads\/2021\/11\/cropped-logo.png","contentUrl":"https:\/\/wawp.pl\/prezenty\/wp-content\/uploads\/2021\/11\/cropped-logo.png","width":360,"height":137,"caption":"Zestawy \u015awi\u0105teczne"},"image":{"@id":"https:\/\/wawp.pl\/prezenty\/#\/schema\/logo\/image\/"}}]}},"_links":{"self":[{"href":"https:\/\/wawp.pl\/prezenty\/wp-json\/wp\/v2\/product\/3534","targetHints":{"allow":["GET"]}}],"collection":[{"href":"https:\/\/wawp.pl\/prezenty\/wp-json\/wp\/v2\/product"}],"about":[{"href":"https:\/\/wawp.pl\/prezenty\/wp-json\/wp\/v2\/types\/product"}],"wp:featuredmedia":[{"embeddable":true,"href":"https:\/\/wawp.pl\/prezenty\/wp-json\/wp\/v2\/media\/3535"}],"wp:attachment":[{"href":"https:\/\/wawp.pl\/prezenty\/wp-json\/wp\/v2\/media?parent=3534"}],"wp:term":[{"taxonomy":"product_brand","embeddable":true,"href":"https:\/\/wawp.pl\/prezenty\/wp-json\/wp\/v2\/product_brand?post=3534"},{"taxonomy":"product_cat","embeddable":true,"href":"https:\/\/wawp.pl\/prezenty\/wp-json\/wp\/v2\/product_cat?post=3534"},{"taxonomy":"product_tag","embeddable":true,"href":"https:\/\/wawp.pl\/prezenty\/wp-json\/wp\/v2\/product_tag?post=3534"}],"curies":[{"name":"wp","href":"https:\/\/api.w.org\/{rel}","templated":true}]}}