{"id":3532,"date":"2025-10-30T18:46:34","date_gmt":"2025-10-30T18:46:34","guid":{"rendered":"https:\/\/wawp.pl\/prezenty\/?post_type=product&#038;p=3532"},"modified":"2025-11-20T10:08:09","modified_gmt":"2025-11-20T10:08:09","slug":"zestaw-swiateczny-nr-21","status":"publish","type":"product","link":"https:\/\/wawp.pl\/prezenty\/produkt\/zestaw-swiateczny-nr-21\/","title":{"rendered":"Zestaw \u015bwi\u0105teczny nr. 21"},"content":{"rendered":"","protected":false},"excerpt":{"rendered":"<p>\u2022 <strong>Alta Alella Cava Laiet\u00e0<\/strong> \u2013 hiszpa\u0144skie wino musuj\u0105ce z Katalonii,<br \/>\nprodukowane metod\u0105 tradycyjn\u0105 z certyfikowanych, ekologicznych<br \/>\nwinogron. Charakteryzuje si\u0119 finezyjnym musowaniem, \u015bwie\u017cymi nutami<br \/>\ncytrus\u00f3w, bia\u0142ych owoc\u00f3w i kwiat\u00f3w oraz eleganckim, mineralnym<br \/>\nfiniszem, a tak\u017ce pi\u0119kn\u0105 butelk\u0105. Idealny wyb\u00f3r na \u015bwi\u0105teczny toast lub do<br \/>\nzestawu prezentowego premium.<br \/>\n\u2022 Ciasteczka tiramisu z ciemn\u0105 czekolad\u0105 \u2013 du\u0144ska s\u0142odycz inspirowana<br \/>\nw\u0142oskim deserem. Kruche ciastka o kawowo kakaowym aromacie i<br \/>\nkawa\u0142kach ciemnej czekolady.<br \/>\n\u2022 Makaroniki \u2013 delikatne, w\u0142oskie ciasteczka w stylu francuskim o<br \/>\nintensywnym kakaowym smaku.<br \/>\n\u2022 Mleczne praliny z aksamitnym kremem orzechowym i chrupi\u0105cymi<br \/>\np\u0142atkami zbo\u017cowymi.<br \/>\n\u2022 Pasta z oliwek \u2013 intensywna, grecka tapenada z dojrza\u0142ych oliwek z<br \/>\nregionu Kalamata. G\u0142adka, aromatyczna i naturalna.<br \/>\n\u2022 Pasta Barbecue \u2013 aromatyczna kompozycja warzyw, przypraw i greckiej<br \/>\noliwy z oliwek w po\u0142\u0105czeniu z pysznym posmakiem dymnego barbecue.<br \/>\n\u2022 Grecka oliwa z oliwek z regionu Kalamata, zamkni\u0119ta w eleganckiej<br \/>\npuszce, \u0142\u0105cz\u0105ca wyrazisty smak z wyj\u0105tkow\u0105 estetyk\u0105.<br \/>\n\u2022 Aromatyczna \u015bwieca sojowa WAWP \u2013 nada ka\u017cdemu pomieszczeniu<\/p>\n","protected":false},"featured_media":3533,"template":"","meta":{"_acf_changed":false},"product_brand":[],"product_cat":[36],"product_tag":[],"class_list":{"0":"post-3532","1":"product","2":"type-product","3":"status-publish","4":"has-post-thumbnail","6":"product_cat-boze-narodzenie-2025","8":"first","9":"instock","10":"purchasable","11":"product-type-simple"},"acf":[],"yoast_head":"<!-- This site is optimized with the Yoast SEO plugin v27.3 - https:\/\/yoast.com\/product\/yoast-seo-wordpress\/ -->\n<title>Zestaw \u015bwi\u0105teczny nr. 21: \u015awi\u0105teczne zestawy prezentowe premium z alkoholem - Hiszpa\u0144skie wino musuj\u0105ce | Zestawy \u015awi\u0105teczne<\/title>\n<meta name=\"description\" content=\"Zobacz produkt: Zestaw \u015bwi\u0105teczny nr. 21 \u015awi\u0105teczne zestawy prezentowe premium z alkoholem - Hiszpa\u0144skie wino musuj\u0105ce - dost\u0119pny online na Whisky and Wine Place wawp.pl\/prezenty !\" \/>\n<meta name=\"robots\" content=\"index, follow, max-snippet:-1, max-image-preview:large, max-video-preview:-1\" \/>\n<link rel=\"canonical\" href=\"https:\/\/wawp.pl\/prezenty\/produkt\/zestaw-swiateczny-nr-21\/\" \/>\n<meta property=\"og:locale\" content=\"pl_PL\" \/>\n<meta property=\"og:type\" content=\"article\" \/>\n<meta property=\"og:title\" content=\"Zestaw \u015bwi\u0105teczny nr. 21: \u015awi\u0105teczne zestawy prezentowe premium z alkoholem - Hiszpa\u0144skie wino musuj\u0105ce | Zestawy \u015awi\u0105teczne\" \/>\n<meta property=\"og:description\" content=\"Zobacz produkt: Zestaw \u015bwi\u0105teczny nr. 21 \u015awi\u0105teczne zestawy prezentowe premium z alkoholem - Hiszpa\u0144skie wino musuj\u0105ce - dost\u0119pny online na Whisky and Wine Place wawp.pl\/prezenty !\" \/>\n<meta property=\"og:url\" content=\"https:\/\/wawp.pl\/prezenty\/produkt\/zestaw-swiateczny-nr-21\/\" \/>\n<meta property=\"og:site_name\" content=\"Zestawy \u015awi\u0105teczne\" \/>\n<meta property=\"article:modified_time\" content=\"2025-11-20T10:08:09+00:00\" \/>\n<meta property=\"og:image\" content=\"https:\/\/wawp.pl\/prezenty\/wp-content\/uploads\/2025\/10\/ZESTAW-21b.webp\" \/>\n\t<meta property=\"og:image:width\" content=\"1900\" \/>\n\t<meta property=\"og:image:height\" content=\"1266\" \/>\n\t<meta property=\"og:image:type\" content=\"image\/webp\" \/>\n<meta name=\"twitter:card\" content=\"summary_large_image\" \/>\n<meta name=\"twitter:label1\" content=\"Szacowany czas czytania\" \/>\n\t<meta name=\"twitter:data1\" content=\"1 minuta\" \/>\n<script type=\"application\/ld+json\" class=\"yoast-schema-graph\">{\"@context\":\"https:\\\/\\\/schema.org\",\"@graph\":[{\"@type\":\"WebPage\",\"@id\":\"https:\\\/\\\/wawp.pl\\\/prezenty\\\/produkt\\\/zestaw-swiateczny-nr-21\\\/\",\"url\":\"https:\\\/\\\/wawp.pl\\\/prezenty\\\/produkt\\\/zestaw-swiateczny-nr-21\\\/\",\"name\":\"Zestaw \u015bwi\u0105teczny nr. 21: \u015awi\u0105teczne zestawy prezentowe premium z alkoholem - Hiszpa\u0144skie wino musuj\u0105ce | Zestawy \u015awi\u0105teczne\",\"isPartOf\":{\"@id\":\"https:\\\/\\\/wawp.pl\\\/prezenty\\\/#website\"},\"primaryImageOfPage\":{\"@id\":\"https:\\\/\\\/wawp.pl\\\/prezenty\\\/produkt\\\/zestaw-swiateczny-nr-21\\\/#primaryimage\"},\"image\":{\"@id\":\"https:\\\/\\\/wawp.pl\\\/prezenty\\\/produkt\\\/zestaw-swiateczny-nr-21\\\/#primaryimage\"},\"thumbnailUrl\":\"https:\\\/\\\/wawp.pl\\\/prezenty\\\/wp-content\\\/uploads\\\/2025\\\/10\\\/ZESTAW-21b.webp\",\"datePublished\":\"2025-10-30T18:46:34+00:00\",\"dateModified\":\"2025-11-20T10:08:09+00:00\",\"description\":\"Zobacz produkt: Zestaw \u015bwi\u0105teczny nr. 21 \u015awi\u0105teczne zestawy prezentowe premium z alkoholem - Hiszpa\u0144skie wino musuj\u0105ce - dost\u0119pny online na Whisky and Wine Place wawp.pl\\\/prezenty !\",\"breadcrumb\":{\"@id\":\"https:\\\/\\\/wawp.pl\\\/prezenty\\\/produkt\\\/zestaw-swiateczny-nr-21\\\/#breadcrumb\"},\"inLanguage\":\"pl-PL\",\"potentialAction\":[{\"@type\":\"ReadAction\",\"target\":[\"https:\\\/\\\/wawp.pl\\\/prezenty\\\/produkt\\\/zestaw-swiateczny-nr-21\\\/\"]}]},{\"@type\":\"ImageObject\",\"inLanguage\":\"pl-PL\",\"@id\":\"https:\\\/\\\/wawp.pl\\\/prezenty\\\/produkt\\\/zestaw-swiateczny-nr-21\\\/#primaryimage\",\"url\":\"https:\\\/\\\/wawp.pl\\\/prezenty\\\/wp-content\\\/uploads\\\/2025\\\/10\\\/ZESTAW-21b.webp\",\"contentUrl\":\"https:\\\/\\\/wawp.pl\\\/prezenty\\\/wp-content\\\/uploads\\\/2025\\\/10\\\/ZESTAW-21b.webp\",\"width\":1900,\"height\":1266,\"caption\":\"\u015awi\u0105teczny zestaw prezentowy premium z hiszpa\u0144skim winem musuj\u0105cym Alta Alella Cava Laiet\u00e0 z Katalonii, ciasteczkami tiramisu, francuskimi makaronikami, pralinami mlecznymi, greck\u0105 tapenad\u0105 z oliwek Kalamata, past\u0105 barbecue, oliw\u0105 extra virgin w stylowej puszce i \u015bwiec\u0105 sojow\u0105 WAWP \u2013 elegancki upominek dla mi\u0142o\u015bnik\u00f3w ekologicznych win i \u015br\u00f3dziemnomorskich smak\u00f3w.\"},{\"@type\":\"BreadcrumbList\",\"@id\":\"https:\\\/\\\/wawp.pl\\\/prezenty\\\/produkt\\\/zestaw-swiateczny-nr-21\\\/#breadcrumb\",\"itemListElement\":[{\"@type\":\"ListItem\",\"position\":1,\"name\":\"Strona g\u0142\u00f3wna\",\"item\":\"https:\\\/\\\/wawp.pl\\\/prezenty\\\/\"},{\"@type\":\"ListItem\",\"position\":2,\"name\":\"Shop\",\"item\":\"https:\\\/\\\/wawp.pl\\\/prezenty\\\/shop\\\/\"},{\"@type\":\"ListItem\",\"position\":3,\"name\":\"Zestaw \u015bwi\u0105teczny nr. 21\"}]},{\"@type\":\"WebSite\",\"@id\":\"https:\\\/\\\/wawp.pl\\\/prezenty\\\/#website\",\"url\":\"https:\\\/\\\/wawp.pl\\\/prezenty\\\/\",\"name\":\"Zestawy \u015awi\u0105teczne\",\"description\":\"Kosze \u015awi\u0105teczne, Podarunkowe, Prezentowe\",\"publisher\":{\"@id\":\"https:\\\/\\\/wawp.pl\\\/prezenty\\\/#organization\"},\"potentialAction\":[{\"@type\":\"SearchAction\",\"target\":{\"@type\":\"EntryPoint\",\"urlTemplate\":\"https:\\\/\\\/wawp.pl\\\/prezenty\\\/?s={search_term_string}\"},\"query-input\":{\"@type\":\"PropertyValueSpecification\",\"valueRequired\":true,\"valueName\":\"search_term_string\"}}],\"inLanguage\":\"pl-PL\"},{\"@type\":\"Organization\",\"@id\":\"https:\\\/\\\/wawp.pl\\\/prezenty\\\/#organization\",\"name\":\"Zestawy \u015awi\u0105teczne\",\"url\":\"https:\\\/\\\/wawp.pl\\\/prezenty\\\/\",\"logo\":{\"@type\":\"ImageObject\",\"inLanguage\":\"pl-PL\",\"@id\":\"https:\\\/\\\/wawp.pl\\\/prezenty\\\/#\\\/schema\\\/logo\\\/image\\\/\",\"url\":\"https:\\\/\\\/wawp.pl\\\/prezenty\\\/wp-content\\\/uploads\\\/2021\\\/11\\\/cropped-logo.png\",\"contentUrl\":\"https:\\\/\\\/wawp.pl\\\/prezenty\\\/wp-content\\\/uploads\\\/2021\\\/11\\\/cropped-logo.png\",\"width\":360,\"height\":137,\"caption\":\"Zestawy \u015awi\u0105teczne\"},\"image\":{\"@id\":\"https:\\\/\\\/wawp.pl\\\/prezenty\\\/#\\\/schema\\\/logo\\\/image\\\/\"}}]}<\/script>\n<!-- \/ Yoast SEO plugin. -->","yoast_head_json":{"title":"Zestaw \u015bwi\u0105teczny nr. 21: \u015awi\u0105teczne zestawy prezentowe premium z alkoholem - Hiszpa\u0144skie wino musuj\u0105ce | Zestawy \u015awi\u0105teczne","description":"Zobacz produkt: Zestaw \u015bwi\u0105teczny nr. 21 \u015awi\u0105teczne zestawy prezentowe premium z alkoholem - Hiszpa\u0144skie wino musuj\u0105ce - dost\u0119pny online na Whisky and Wine Place wawp.pl\/prezenty !","robots":{"index":"index","follow":"follow","max-snippet":"max-snippet:-1","max-image-preview":"max-image-preview:large","max-video-preview":"max-video-preview:-1"},"canonical":"https:\/\/wawp.pl\/prezenty\/produkt\/zestaw-swiateczny-nr-21\/","og_locale":"pl_PL","og_type":"article","og_title":"Zestaw \u015bwi\u0105teczny nr. 21: \u015awi\u0105teczne zestawy prezentowe premium z alkoholem - Hiszpa\u0144skie wino musuj\u0105ce | Zestawy \u015awi\u0105teczne","og_description":"Zobacz produkt: Zestaw \u015bwi\u0105teczny nr. 21 \u015awi\u0105teczne zestawy prezentowe premium z alkoholem - Hiszpa\u0144skie wino musuj\u0105ce - dost\u0119pny online na Whisky and Wine Place wawp.pl\/prezenty !","og_url":"https:\/\/wawp.pl\/prezenty\/produkt\/zestaw-swiateczny-nr-21\/","og_site_name":"Zestawy \u015awi\u0105teczne","article_modified_time":"2025-11-20T10:08:09+00:00","og_image":[{"width":1900,"height":1266,"url":"https:\/\/wawp.pl\/prezenty\/wp-content\/uploads\/2025\/10\/ZESTAW-21b.webp","type":"image\/webp"}],"twitter_card":"summary_large_image","twitter_misc":{"Szacowany czas czytania":"1 minuta"},"schema":{"@context":"https:\/\/schema.org","@graph":[{"@type":"WebPage","@id":"https:\/\/wawp.pl\/prezenty\/produkt\/zestaw-swiateczny-nr-21\/","url":"https:\/\/wawp.pl\/prezenty\/produkt\/zestaw-swiateczny-nr-21\/","name":"Zestaw \u015bwi\u0105teczny nr. 21: \u015awi\u0105teczne zestawy prezentowe premium z alkoholem - Hiszpa\u0144skie wino musuj\u0105ce | Zestawy \u015awi\u0105teczne","isPartOf":{"@id":"https:\/\/wawp.pl\/prezenty\/#website"},"primaryImageOfPage":{"@id":"https:\/\/wawp.pl\/prezenty\/produkt\/zestaw-swiateczny-nr-21\/#primaryimage"},"image":{"@id":"https:\/\/wawp.pl\/prezenty\/produkt\/zestaw-swiateczny-nr-21\/#primaryimage"},"thumbnailUrl":"https:\/\/wawp.pl\/prezenty\/wp-content\/uploads\/2025\/10\/ZESTAW-21b.webp","datePublished":"2025-10-30T18:46:34+00:00","dateModified":"2025-11-20T10:08:09+00:00","description":"Zobacz produkt: Zestaw \u015bwi\u0105teczny nr. 21 \u015awi\u0105teczne zestawy prezentowe premium z alkoholem - Hiszpa\u0144skie wino musuj\u0105ce - dost\u0119pny online na Whisky and Wine Place wawp.pl\/prezenty !","breadcrumb":{"@id":"https:\/\/wawp.pl\/prezenty\/produkt\/zestaw-swiateczny-nr-21\/#breadcrumb"},"inLanguage":"pl-PL","potentialAction":[{"@type":"ReadAction","target":["https:\/\/wawp.pl\/prezenty\/produkt\/zestaw-swiateczny-nr-21\/"]}]},{"@type":"ImageObject","inLanguage":"pl-PL","@id":"https:\/\/wawp.pl\/prezenty\/produkt\/zestaw-swiateczny-nr-21\/#primaryimage","url":"https:\/\/wawp.pl\/prezenty\/wp-content\/uploads\/2025\/10\/ZESTAW-21b.webp","contentUrl":"https:\/\/wawp.pl\/prezenty\/wp-content\/uploads\/2025\/10\/ZESTAW-21b.webp","width":1900,"height":1266,"caption":"\u015awi\u0105teczny zestaw prezentowy premium z hiszpa\u0144skim winem musuj\u0105cym Alta Alella Cava Laiet\u00e0 z Katalonii, ciasteczkami tiramisu, francuskimi makaronikami, pralinami mlecznymi, greck\u0105 tapenad\u0105 z oliwek Kalamata, past\u0105 barbecue, oliw\u0105 extra virgin w stylowej puszce i \u015bwiec\u0105 sojow\u0105 WAWP \u2013 elegancki upominek dla mi\u0142o\u015bnik\u00f3w ekologicznych win i \u015br\u00f3dziemnomorskich smak\u00f3w."},{"@type":"BreadcrumbList","@id":"https:\/\/wawp.pl\/prezenty\/produkt\/zestaw-swiateczny-nr-21\/#breadcrumb","itemListElement":[{"@type":"ListItem","position":1,"name":"Strona g\u0142\u00f3wna","item":"https:\/\/wawp.pl\/prezenty\/"},{"@type":"ListItem","position":2,"name":"Shop","item":"https:\/\/wawp.pl\/prezenty\/shop\/"},{"@type":"ListItem","position":3,"name":"Zestaw \u015bwi\u0105teczny nr. 21"}]},{"@type":"WebSite","@id":"https:\/\/wawp.pl\/prezenty\/#website","url":"https:\/\/wawp.pl\/prezenty\/","name":"Zestawy \u015awi\u0105teczne","description":"Kosze \u015awi\u0105teczne, Podarunkowe, Prezentowe","publisher":{"@id":"https:\/\/wawp.pl\/prezenty\/#organization"},"potentialAction":[{"@type":"SearchAction","target":{"@type":"EntryPoint","urlTemplate":"https:\/\/wawp.pl\/prezenty\/?s={search_term_string}"},"query-input":{"@type":"PropertyValueSpecification","valueRequired":true,"valueName":"search_term_string"}}],"inLanguage":"pl-PL"},{"@type":"Organization","@id":"https:\/\/wawp.pl\/prezenty\/#organization","name":"Zestawy \u015awi\u0105teczne","url":"https:\/\/wawp.pl\/prezenty\/","logo":{"@type":"ImageObject","inLanguage":"pl-PL","@id":"https:\/\/wawp.pl\/prezenty\/#\/schema\/logo\/image\/","url":"https:\/\/wawp.pl\/prezenty\/wp-content\/uploads\/2021\/11\/cropped-logo.png","contentUrl":"https:\/\/wawp.pl\/prezenty\/wp-content\/uploads\/2021\/11\/cropped-logo.png","width":360,"height":137,"caption":"Zestawy \u015awi\u0105teczne"},"image":{"@id":"https:\/\/wawp.pl\/prezenty\/#\/schema\/logo\/image\/"}}]}},"_links":{"self":[{"href":"https:\/\/wawp.pl\/prezenty\/wp-json\/wp\/v2\/product\/3532","targetHints":{"allow":["GET"]}}],"collection":[{"href":"https:\/\/wawp.pl\/prezenty\/wp-json\/wp\/v2\/product"}],"about":[{"href":"https:\/\/wawp.pl\/prezenty\/wp-json\/wp\/v2\/types\/product"}],"wp:featuredmedia":[{"embeddable":true,"href":"https:\/\/wawp.pl\/prezenty\/wp-json\/wp\/v2\/media\/3533"}],"wp:attachment":[{"href":"https:\/\/wawp.pl\/prezenty\/wp-json\/wp\/v2\/media?parent=3532"}],"wp:term":[{"taxonomy":"product_brand","embeddable":true,"href":"https:\/\/wawp.pl\/prezenty\/wp-json\/wp\/v2\/product_brand?post=3532"},{"taxonomy":"product_cat","embeddable":true,"href":"https:\/\/wawp.pl\/prezenty\/wp-json\/wp\/v2\/product_cat?post=3532"},{"taxonomy":"product_tag","embeddable":true,"href":"https:\/\/wawp.pl\/prezenty\/wp-json\/wp\/v2\/product_tag?post=3532"}],"curies":[{"name":"wp","href":"https:\/\/api.w.org\/{rel}","templated":true}]}}