{"id":3176,"date":"2024-10-11T19:03:14","date_gmt":"2024-10-11T19:03:14","guid":{"rendered":"https:\/\/wawp.pl\/prezenty\/?post_type=product&#038;p=3176"},"modified":"2025-11-20T10:08:09","modified_gmt":"2025-11-20T10:08:09","slug":"zestaw-swiateczny-nr-18-2","status":"publish","type":"product","link":"https:\/\/wawp.pl\/prezenty\/produkt\/zestaw-swiateczny-nr-18-2\/","title":{"rendered":"Zestaw \u015bwi\u0105teczny nr. 18"},"content":{"rendered":"","protected":false},"excerpt":{"rendered":"<p>\u2022 <strong>Anne Marie Cava Brut Reserva Bio<\/strong> \u2013 ekologiczne, hiszpa\u0144skie<br \/>\nwino musuj\u0105ce produkowane metod\u0105 tradycyjn\u0105 z certyfikowanych<br \/>\nupraw. \u015awie\u017ce, eleganckie i dobrze zbalansowane, z nutami bia\u0142ych<br \/>\nowoc\u00f3w, cytrus\u00f3w i subtelnym mineralnym akcentem. Idealne na<br \/>\n\u015bwi\u0105teczny toast lub jako stylowy dodatek do prezentowego<br \/>\nzestawu premium.<br \/>\n\u2022 G\u0119sty krem balsamiczny z dodatkiem aromatycznego miodu<br \/>\ntymiankowego.<br \/>\n\u2022 Paluszki czekoladowe pomara\u0144czowe \u2013 delikatne, kruche pa\u0142eczki o<br \/>\nsmaku pomara\u0144czy, oblane ciemn\u0105 czekolad\u0105.<br \/>\n\u2022 Kremowy, rozgrzewaj\u0105cy nap\u00f3j o aksamitnym smaku bia\u0142ej<br \/>\nczekolady z ziarenkami wanilii.<br \/>\n\u2022 Migda\u0142y w Bia\u0142ej Czekoladzie \u2013 elegancka przek\u0105ska \u0142\u0105cz\u0105ca<br \/>\nchrupko\u015b\u0107 migda\u0142\u00f3w, delikatn\u0105 s\u0142odycz bia\u0142ej czekolady i owocow\u0105<br \/>\n\u015bwie\u017co\u015b\u0107 malin.<br \/>\n\u2022 Delikatne, francuskie makaroniki o intensywnym smaku<br \/>\ntruskawkowym.<br \/>\n\u2022 Aromatyczna \u015bwieca sojowa WAWP \u2013 nada ka\u017cdemu<br \/>\npomieszczeniu wyj\u0105tkowej aury.<\/p>\n","protected":false},"featured_media":3529,"template":"","meta":{"_acf_changed":false},"product_brand":[],"product_cat":[36],"product_tag":[],"class_list":{"0":"post-3176","1":"product","2":"type-product","3":"status-publish","4":"has-post-thumbnail","6":"product_cat-boze-narodzenie-2025","8":"first","9":"instock","10":"purchasable","11":"product-type-simple"},"acf":[],"yoast_head":"<!-- This site is optimized with the Yoast SEO plugin v27.3 - https:\/\/yoast.com\/product\/yoast-seo-wordpress\/ -->\n<title>Zestaw \u015bwi\u0105teczny nr. 18: \u015awi\u0105teczne zestawy prezentowe premium z alkoholem - Ekologiczne wino hiszpa\u0144skie | Zestawy \u015awi\u0105teczne<\/title>\n<meta name=\"description\" content=\"Zobacz produkt: Zestaw \u015bwi\u0105teczny nr. 18 \u015awi\u0105teczne zestawy prezentowe premium z alkoholem - Ekologiczne wino hiszpa\u0144skie - dost\u0119pny online na Whisky and Wine Place wawp.pl\/prezenty !\" \/>\n<meta name=\"robots\" content=\"index, follow, max-snippet:-1, max-image-preview:large, max-video-preview:-1\" \/>\n<link rel=\"canonical\" href=\"https:\/\/wawp.pl\/prezenty\/produkt\/zestaw-swiateczny-nr-18-2\/\" \/>\n<meta property=\"og:locale\" content=\"pl_PL\" \/>\n<meta property=\"og:type\" content=\"article\" \/>\n<meta property=\"og:title\" content=\"Zestaw \u015bwi\u0105teczny nr. 18: \u015awi\u0105teczne zestawy prezentowe premium z alkoholem - Ekologiczne wino hiszpa\u0144skie | Zestawy \u015awi\u0105teczne\" \/>\n<meta property=\"og:description\" content=\"Zobacz produkt: Zestaw \u015bwi\u0105teczny nr. 18 \u015awi\u0105teczne zestawy prezentowe premium z alkoholem - Ekologiczne wino hiszpa\u0144skie - dost\u0119pny online na Whisky and Wine Place wawp.pl\/prezenty !\" \/>\n<meta property=\"og:url\" content=\"https:\/\/wawp.pl\/prezenty\/produkt\/zestaw-swiateczny-nr-18-2\/\" \/>\n<meta property=\"og:site_name\" content=\"Zestawy \u015awi\u0105teczne\" \/>\n<meta property=\"article:modified_time\" content=\"2025-11-20T10:08:09+00:00\" \/>\n<meta property=\"og:image\" content=\"https:\/\/wawp.pl\/prezenty\/wp-content\/uploads\/2024\/10\/ZESTAW-18.webp\" \/>\n\t<meta property=\"og:image:width\" content=\"1900\" \/>\n\t<meta property=\"og:image:height\" content=\"1900\" \/>\n\t<meta property=\"og:image:type\" content=\"image\/webp\" \/>\n<meta name=\"twitter:card\" content=\"summary_large_image\" \/>\n<meta name=\"twitter:label1\" content=\"Szacowany czas czytania\" \/>\n\t<meta name=\"twitter:data1\" content=\"1 minuta\" \/>\n<script type=\"application\/ld+json\" class=\"yoast-schema-graph\">{\"@context\":\"https:\\\/\\\/schema.org\",\"@graph\":[{\"@type\":\"WebPage\",\"@id\":\"https:\\\/\\\/wawp.pl\\\/prezenty\\\/produkt\\\/zestaw-swiateczny-nr-18-2\\\/\",\"url\":\"https:\\\/\\\/wawp.pl\\\/prezenty\\\/produkt\\\/zestaw-swiateczny-nr-18-2\\\/\",\"name\":\"Zestaw \u015bwi\u0105teczny nr. 18: \u015awi\u0105teczne zestawy prezentowe premium z alkoholem - Ekologiczne wino hiszpa\u0144skie | Zestawy \u015awi\u0105teczne\",\"isPartOf\":{\"@id\":\"https:\\\/\\\/wawp.pl\\\/prezenty\\\/#website\"},\"primaryImageOfPage\":{\"@id\":\"https:\\\/\\\/wawp.pl\\\/prezenty\\\/produkt\\\/zestaw-swiateczny-nr-18-2\\\/#primaryimage\"},\"image\":{\"@id\":\"https:\\\/\\\/wawp.pl\\\/prezenty\\\/produkt\\\/zestaw-swiateczny-nr-18-2\\\/#primaryimage\"},\"thumbnailUrl\":\"https:\\\/\\\/wawp.pl\\\/prezenty\\\/wp-content\\\/uploads\\\/2024\\\/10\\\/ZESTAW-18.webp\",\"datePublished\":\"2024-10-11T19:03:14+00:00\",\"dateModified\":\"2025-11-20T10:08:09+00:00\",\"description\":\"Zobacz produkt: Zestaw \u015bwi\u0105teczny nr. 18 \u015awi\u0105teczne zestawy prezentowe premium z alkoholem - Ekologiczne wino hiszpa\u0144skie - dost\u0119pny online na Whisky and Wine Place wawp.pl\\\/prezenty !\",\"breadcrumb\":{\"@id\":\"https:\\\/\\\/wawp.pl\\\/prezenty\\\/produkt\\\/zestaw-swiateczny-nr-18-2\\\/#breadcrumb\"},\"inLanguage\":\"pl-PL\",\"potentialAction\":[{\"@type\":\"ReadAction\",\"target\":[\"https:\\\/\\\/wawp.pl\\\/prezenty\\\/produkt\\\/zestaw-swiateczny-nr-18-2\\\/\"]}]},{\"@type\":\"ImageObject\",\"inLanguage\":\"pl-PL\",\"@id\":\"https:\\\/\\\/wawp.pl\\\/prezenty\\\/produkt\\\/zestaw-swiateczny-nr-18-2\\\/#primaryimage\",\"url\":\"https:\\\/\\\/wawp.pl\\\/prezenty\\\/wp-content\\\/uploads\\\/2024\\\/10\\\/ZESTAW-18.webp\",\"contentUrl\":\"https:\\\/\\\/wawp.pl\\\/prezenty\\\/wp-content\\\/uploads\\\/2024\\\/10\\\/ZESTAW-18.webp\",\"width\":1900,\"height\":1900,\"caption\":\"\u015awi\u0105teczny zestaw prezentowy premium z ekologicznym winem musuj\u0105cym Anne Marie Cava Brut Reserva Bio z Hiszpanii, kremem balsamicznym z miodem tymiankowym, pomara\u0144czowymi paluszkami w ciemnej czekoladzie, napojem o smaku bia\u0142ej czekolady, migda\u0142ami w bia\u0142ej czekoladzie z malinami, francuskimi makaronikami i \u015bwiec\u0105 sojow\u0105 WAWP \u2013 elegancki prezent dla mi\u0142o\u015bnik\u00f3w ekologicznych win i luksusowych s\u0142odyczy.\"},{\"@type\":\"BreadcrumbList\",\"@id\":\"https:\\\/\\\/wawp.pl\\\/prezenty\\\/produkt\\\/zestaw-swiateczny-nr-18-2\\\/#breadcrumb\",\"itemListElement\":[{\"@type\":\"ListItem\",\"position\":1,\"name\":\"Strona g\u0142\u00f3wna\",\"item\":\"https:\\\/\\\/wawp.pl\\\/prezenty\\\/\"},{\"@type\":\"ListItem\",\"position\":2,\"name\":\"Shop\",\"item\":\"https:\\\/\\\/wawp.pl\\\/prezenty\\\/shop\\\/\"},{\"@type\":\"ListItem\",\"position\":3,\"name\":\"Zestaw \u015bwi\u0105teczny nr. 18\"}]},{\"@type\":\"WebSite\",\"@id\":\"https:\\\/\\\/wawp.pl\\\/prezenty\\\/#website\",\"url\":\"https:\\\/\\\/wawp.pl\\\/prezenty\\\/\",\"name\":\"Zestawy \u015awi\u0105teczne\",\"description\":\"Kosze \u015awi\u0105teczne, Podarunkowe, Prezentowe\",\"publisher\":{\"@id\":\"https:\\\/\\\/wawp.pl\\\/prezenty\\\/#organization\"},\"potentialAction\":[{\"@type\":\"SearchAction\",\"target\":{\"@type\":\"EntryPoint\",\"urlTemplate\":\"https:\\\/\\\/wawp.pl\\\/prezenty\\\/?s={search_term_string}\"},\"query-input\":{\"@type\":\"PropertyValueSpecification\",\"valueRequired\":true,\"valueName\":\"search_term_string\"}}],\"inLanguage\":\"pl-PL\"},{\"@type\":\"Organization\",\"@id\":\"https:\\\/\\\/wawp.pl\\\/prezenty\\\/#organization\",\"name\":\"Zestawy \u015awi\u0105teczne\",\"url\":\"https:\\\/\\\/wawp.pl\\\/prezenty\\\/\",\"logo\":{\"@type\":\"ImageObject\",\"inLanguage\":\"pl-PL\",\"@id\":\"https:\\\/\\\/wawp.pl\\\/prezenty\\\/#\\\/schema\\\/logo\\\/image\\\/\",\"url\":\"https:\\\/\\\/wawp.pl\\\/prezenty\\\/wp-content\\\/uploads\\\/2021\\\/11\\\/cropped-logo.png\",\"contentUrl\":\"https:\\\/\\\/wawp.pl\\\/prezenty\\\/wp-content\\\/uploads\\\/2021\\\/11\\\/cropped-logo.png\",\"width\":360,\"height\":137,\"caption\":\"Zestawy \u015awi\u0105teczne\"},\"image\":{\"@id\":\"https:\\\/\\\/wawp.pl\\\/prezenty\\\/#\\\/schema\\\/logo\\\/image\\\/\"}}]}<\/script>\n<!-- \/ Yoast SEO plugin. -->","yoast_head_json":{"title":"Zestaw \u015bwi\u0105teczny nr. 18: \u015awi\u0105teczne zestawy prezentowe premium z alkoholem - Ekologiczne wino hiszpa\u0144skie | Zestawy \u015awi\u0105teczne","description":"Zobacz produkt: Zestaw \u015bwi\u0105teczny nr. 18 \u015awi\u0105teczne zestawy prezentowe premium z alkoholem - Ekologiczne wino hiszpa\u0144skie - dost\u0119pny online na Whisky and Wine Place wawp.pl\/prezenty !","robots":{"index":"index","follow":"follow","max-snippet":"max-snippet:-1","max-image-preview":"max-image-preview:large","max-video-preview":"max-video-preview:-1"},"canonical":"https:\/\/wawp.pl\/prezenty\/produkt\/zestaw-swiateczny-nr-18-2\/","og_locale":"pl_PL","og_type":"article","og_title":"Zestaw \u015bwi\u0105teczny nr. 18: \u015awi\u0105teczne zestawy prezentowe premium z alkoholem - Ekologiczne wino hiszpa\u0144skie | Zestawy \u015awi\u0105teczne","og_description":"Zobacz produkt: Zestaw \u015bwi\u0105teczny nr. 18 \u015awi\u0105teczne zestawy prezentowe premium z alkoholem - Ekologiczne wino hiszpa\u0144skie - dost\u0119pny online na Whisky and Wine Place wawp.pl\/prezenty !","og_url":"https:\/\/wawp.pl\/prezenty\/produkt\/zestaw-swiateczny-nr-18-2\/","og_site_name":"Zestawy \u015awi\u0105teczne","article_modified_time":"2025-11-20T10:08:09+00:00","og_image":[{"width":1900,"height":1900,"url":"https:\/\/wawp.pl\/prezenty\/wp-content\/uploads\/2024\/10\/ZESTAW-18.webp","type":"image\/webp"}],"twitter_card":"summary_large_image","twitter_misc":{"Szacowany czas czytania":"1 minuta"},"schema":{"@context":"https:\/\/schema.org","@graph":[{"@type":"WebPage","@id":"https:\/\/wawp.pl\/prezenty\/produkt\/zestaw-swiateczny-nr-18-2\/","url":"https:\/\/wawp.pl\/prezenty\/produkt\/zestaw-swiateczny-nr-18-2\/","name":"Zestaw \u015bwi\u0105teczny nr. 18: \u015awi\u0105teczne zestawy prezentowe premium z alkoholem - Ekologiczne wino hiszpa\u0144skie | Zestawy \u015awi\u0105teczne","isPartOf":{"@id":"https:\/\/wawp.pl\/prezenty\/#website"},"primaryImageOfPage":{"@id":"https:\/\/wawp.pl\/prezenty\/produkt\/zestaw-swiateczny-nr-18-2\/#primaryimage"},"image":{"@id":"https:\/\/wawp.pl\/prezenty\/produkt\/zestaw-swiateczny-nr-18-2\/#primaryimage"},"thumbnailUrl":"https:\/\/wawp.pl\/prezenty\/wp-content\/uploads\/2024\/10\/ZESTAW-18.webp","datePublished":"2024-10-11T19:03:14+00:00","dateModified":"2025-11-20T10:08:09+00:00","description":"Zobacz produkt: Zestaw \u015bwi\u0105teczny nr. 18 \u015awi\u0105teczne zestawy prezentowe premium z alkoholem - Ekologiczne wino hiszpa\u0144skie - dost\u0119pny online na Whisky and Wine Place wawp.pl\/prezenty !","breadcrumb":{"@id":"https:\/\/wawp.pl\/prezenty\/produkt\/zestaw-swiateczny-nr-18-2\/#breadcrumb"},"inLanguage":"pl-PL","potentialAction":[{"@type":"ReadAction","target":["https:\/\/wawp.pl\/prezenty\/produkt\/zestaw-swiateczny-nr-18-2\/"]}]},{"@type":"ImageObject","inLanguage":"pl-PL","@id":"https:\/\/wawp.pl\/prezenty\/produkt\/zestaw-swiateczny-nr-18-2\/#primaryimage","url":"https:\/\/wawp.pl\/prezenty\/wp-content\/uploads\/2024\/10\/ZESTAW-18.webp","contentUrl":"https:\/\/wawp.pl\/prezenty\/wp-content\/uploads\/2024\/10\/ZESTAW-18.webp","width":1900,"height":1900,"caption":"\u015awi\u0105teczny zestaw prezentowy premium z ekologicznym winem musuj\u0105cym Anne Marie Cava Brut Reserva Bio z Hiszpanii, kremem balsamicznym z miodem tymiankowym, pomara\u0144czowymi paluszkami w ciemnej czekoladzie, napojem o smaku bia\u0142ej czekolady, migda\u0142ami w bia\u0142ej czekoladzie z malinami, francuskimi makaronikami i \u015bwiec\u0105 sojow\u0105 WAWP \u2013 elegancki prezent dla mi\u0142o\u015bnik\u00f3w ekologicznych win i luksusowych s\u0142odyczy."},{"@type":"BreadcrumbList","@id":"https:\/\/wawp.pl\/prezenty\/produkt\/zestaw-swiateczny-nr-18-2\/#breadcrumb","itemListElement":[{"@type":"ListItem","position":1,"name":"Strona g\u0142\u00f3wna","item":"https:\/\/wawp.pl\/prezenty\/"},{"@type":"ListItem","position":2,"name":"Shop","item":"https:\/\/wawp.pl\/prezenty\/shop\/"},{"@type":"ListItem","position":3,"name":"Zestaw \u015bwi\u0105teczny nr. 18"}]},{"@type":"WebSite","@id":"https:\/\/wawp.pl\/prezenty\/#website","url":"https:\/\/wawp.pl\/prezenty\/","name":"Zestawy \u015awi\u0105teczne","description":"Kosze \u015awi\u0105teczne, Podarunkowe, Prezentowe","publisher":{"@id":"https:\/\/wawp.pl\/prezenty\/#organization"},"potentialAction":[{"@type":"SearchAction","target":{"@type":"EntryPoint","urlTemplate":"https:\/\/wawp.pl\/prezenty\/?s={search_term_string}"},"query-input":{"@type":"PropertyValueSpecification","valueRequired":true,"valueName":"search_term_string"}}],"inLanguage":"pl-PL"},{"@type":"Organization","@id":"https:\/\/wawp.pl\/prezenty\/#organization","name":"Zestawy \u015awi\u0105teczne","url":"https:\/\/wawp.pl\/prezenty\/","logo":{"@type":"ImageObject","inLanguage":"pl-PL","@id":"https:\/\/wawp.pl\/prezenty\/#\/schema\/logo\/image\/","url":"https:\/\/wawp.pl\/prezenty\/wp-content\/uploads\/2021\/11\/cropped-logo.png","contentUrl":"https:\/\/wawp.pl\/prezenty\/wp-content\/uploads\/2021\/11\/cropped-logo.png","width":360,"height":137,"caption":"Zestawy \u015awi\u0105teczne"},"image":{"@id":"https:\/\/wawp.pl\/prezenty\/#\/schema\/logo\/image\/"}}]}},"_links":{"self":[{"href":"https:\/\/wawp.pl\/prezenty\/wp-json\/wp\/v2\/product\/3176","targetHints":{"allow":["GET"]}}],"collection":[{"href":"https:\/\/wawp.pl\/prezenty\/wp-json\/wp\/v2\/product"}],"about":[{"href":"https:\/\/wawp.pl\/prezenty\/wp-json\/wp\/v2\/types\/product"}],"wp:featuredmedia":[{"embeddable":true,"href":"https:\/\/wawp.pl\/prezenty\/wp-json\/wp\/v2\/media\/3529"}],"wp:attachment":[{"href":"https:\/\/wawp.pl\/prezenty\/wp-json\/wp\/v2\/media?parent=3176"}],"wp:term":[{"taxonomy":"product_brand","embeddable":true,"href":"https:\/\/wawp.pl\/prezenty\/wp-json\/wp\/v2\/product_brand?post=3176"},{"taxonomy":"product_cat","embeddable":true,"href":"https:\/\/wawp.pl\/prezenty\/wp-json\/wp\/v2\/product_cat?post=3176"},{"taxonomy":"product_tag","embeddable":true,"href":"https:\/\/wawp.pl\/prezenty\/wp-json\/wp\/v2\/product_tag?post=3176"}],"curies":[{"name":"wp","href":"https:\/\/api.w.org\/{rel}","templated":true}]}}