{"id":3170,"date":"2024-10-11T18:51:53","date_gmt":"2024-10-11T18:51:53","guid":{"rendered":"https:\/\/wawp.pl\/prezenty\/?post_type=product&#038;p=3170"},"modified":"2025-11-20T10:08:10","modified_gmt":"2025-11-20T10:08:10","slug":"zestaw-swiateczny-nr-12","status":"publish","type":"product","link":"https:\/\/wawp.pl\/prezenty\/produkt\/zestaw-swiateczny-nr-12\/","title":{"rendered":"Zestaw \u015bwi\u0105teczny nr. 12"},"content":{"rendered":"","protected":false},"excerpt":{"rendered":"<p>\u2022 <strong>Il Conte Tralcio Madre Sangiovese<\/strong> \u2013 w\u0142oskie, czerwone wino z<br \/>\nregionu Marche, stworzone ze szczepu Sangiovese. Charakteryzuje<br \/>\nsi\u0119 eleganckim i zbalansowanym bukietem z nutami kwiat\u00f3w,<br \/>\nczere\u015bni i jag\u00f3d, wspartymi solidn\u0105 tanin\u0105. Le\u017cakowane w<br \/>\ncementowych zbiornikach i butelkowane na zimno \u2013 to klasyczna,<br \/>\na zarazem wyj\u0105tkowa propozycja dla mi\u0142o\u015bnik\u00f3w wytrawnych win.<br \/>\n\u2022 Zestaw pralin Amante \u2013 zamkni\u0119te w ma\u0142ym, eleganckim<br \/>\nopakowaniu, b\u0119d\u0105ce klasyczn\u0105 kompozycj\u0105 czekoladowych,<br \/>\nkawowych oraz orzechowych smak\u00f3w od polskiej firmy<br \/>\nmanufakturowej.<br \/>\n\u2022 Wi\u015bnie w Czekoladzie Deserowej \u2013 soczyste, kandyzowane wi\u015bnie,<br \/>\nzatopione w aksamitnej, deserowej czekoladzie.<br \/>\n\u2022 W\u0142oski, mi\u0119kki nugat z dodatkiem orzeszk\u00f3w ziemnych i soczystej<br \/>\n\u017curawiny.<br \/>\n\u2022 Kremowy, rozgrzewaj\u0105cy nap\u00f3j o aksamitnym smaku bia\u0142ej<br \/>\nczekolady z ziarenkami wanilii.<\/p>\n","protected":false},"featured_media":3522,"template":"","meta":{"_acf_changed":false},"product_brand":[],"product_cat":[36],"product_tag":[],"class_list":{"0":"post-3170","1":"product","2":"type-product","3":"status-publish","4":"has-post-thumbnail","6":"product_cat-boze-narodzenie-2025","8":"first","9":"instock","10":"purchasable","11":"product-type-simple"},"acf":[],"yoast_head":"<!-- This site is optimized with the Yoast SEO plugin v27.3 - https:\/\/yoast.com\/product\/yoast-seo-wordpress\/ -->\n<title>Zestaw \u015bwi\u0105teczny nr. 12: \u015awi\u0105teczne zestawy upominkowe z alkoholem - W\u0142oskie czerwone wino Il Conte Tralcio Madre Sangiovese | Zestawy \u015awi\u0105teczne<\/title>\n<meta name=\"description\" content=\"Zobacz produkt: Zestaw \u015bwi\u0105teczny nr. 12 \u015awi\u0105teczne zestawy upominkowe z alkoholem - W\u0142oskie czerwone wino Il Conte Tralcio Madre Sangiovese - dost\u0119pny online na Whisky and Wine Place wawp.pl\/prezenty !\" \/>\n<meta name=\"robots\" content=\"index, follow, max-snippet:-1, max-image-preview:large, max-video-preview:-1\" \/>\n<link rel=\"canonical\" href=\"https:\/\/wawp.pl\/prezenty\/produkt\/zestaw-swiateczny-nr-12\/\" \/>\n<meta property=\"og:locale\" content=\"pl_PL\" \/>\n<meta property=\"og:type\" content=\"article\" \/>\n<meta property=\"og:title\" content=\"Zestaw \u015bwi\u0105teczny nr. 12: \u015awi\u0105teczne zestawy upominkowe z alkoholem - W\u0142oskie czerwone wino Il Conte Tralcio Madre Sangiovese | Zestawy \u015awi\u0105teczne\" \/>\n<meta property=\"og:description\" content=\"Zobacz produkt: Zestaw \u015bwi\u0105teczny nr. 12 \u015awi\u0105teczne zestawy upominkowe z alkoholem - W\u0142oskie czerwone wino Il Conte Tralcio Madre Sangiovese - dost\u0119pny online na Whisky and Wine Place wawp.pl\/prezenty !\" \/>\n<meta property=\"og:url\" content=\"https:\/\/wawp.pl\/prezenty\/produkt\/zestaw-swiateczny-nr-12\/\" \/>\n<meta property=\"og:site_name\" content=\"Zestawy \u015awi\u0105teczne\" \/>\n<meta property=\"article:modified_time\" content=\"2025-11-20T10:08:10+00:00\" \/>\n<meta property=\"og:image\" content=\"https:\/\/wawp.pl\/prezenty\/wp-content\/uploads\/2024\/10\/ZESTAW-12.webp\" \/>\n\t<meta property=\"og:image:width\" content=\"1900\" \/>\n\t<meta property=\"og:image:height\" content=\"1900\" \/>\n\t<meta property=\"og:image:type\" content=\"image\/webp\" \/>\n<meta name=\"twitter:card\" content=\"summary_large_image\" \/>\n<meta name=\"twitter:label1\" content=\"Szacowany czas czytania\" \/>\n\t<meta name=\"twitter:data1\" content=\"1 minuta\" \/>\n<script type=\"application\/ld+json\" class=\"yoast-schema-graph\">{\"@context\":\"https:\\\/\\\/schema.org\",\"@graph\":[{\"@type\":\"WebPage\",\"@id\":\"https:\\\/\\\/wawp.pl\\\/prezenty\\\/produkt\\\/zestaw-swiateczny-nr-12\\\/\",\"url\":\"https:\\\/\\\/wawp.pl\\\/prezenty\\\/produkt\\\/zestaw-swiateczny-nr-12\\\/\",\"name\":\"Zestaw \u015bwi\u0105teczny nr. 12: \u015awi\u0105teczne zestawy upominkowe z alkoholem - W\u0142oskie czerwone wino Il Conte Tralcio Madre Sangiovese | Zestawy \u015awi\u0105teczne\",\"isPartOf\":{\"@id\":\"https:\\\/\\\/wawp.pl\\\/prezenty\\\/#website\"},\"primaryImageOfPage\":{\"@id\":\"https:\\\/\\\/wawp.pl\\\/prezenty\\\/produkt\\\/zestaw-swiateczny-nr-12\\\/#primaryimage\"},\"image\":{\"@id\":\"https:\\\/\\\/wawp.pl\\\/prezenty\\\/produkt\\\/zestaw-swiateczny-nr-12\\\/#primaryimage\"},\"thumbnailUrl\":\"https:\\\/\\\/wawp.pl\\\/prezenty\\\/wp-content\\\/uploads\\\/2024\\\/10\\\/ZESTAW-12.webp\",\"datePublished\":\"2024-10-11T18:51:53+00:00\",\"dateModified\":\"2025-11-20T10:08:10+00:00\",\"description\":\"Zobacz produkt: Zestaw \u015bwi\u0105teczny nr. 12 \u015awi\u0105teczne zestawy upominkowe z alkoholem - W\u0142oskie czerwone wino Il Conte Tralcio Madre Sangiovese - dost\u0119pny online na Whisky and Wine Place wawp.pl\\\/prezenty !\",\"breadcrumb\":{\"@id\":\"https:\\\/\\\/wawp.pl\\\/prezenty\\\/produkt\\\/zestaw-swiateczny-nr-12\\\/#breadcrumb\"},\"inLanguage\":\"pl-PL\",\"potentialAction\":[{\"@type\":\"ReadAction\",\"target\":[\"https:\\\/\\\/wawp.pl\\\/prezenty\\\/produkt\\\/zestaw-swiateczny-nr-12\\\/\"]}]},{\"@type\":\"ImageObject\",\"inLanguage\":\"pl-PL\",\"@id\":\"https:\\\/\\\/wawp.pl\\\/prezenty\\\/produkt\\\/zestaw-swiateczny-nr-12\\\/#primaryimage\",\"url\":\"https:\\\/\\\/wawp.pl\\\/prezenty\\\/wp-content\\\/uploads\\\/2024\\\/10\\\/ZESTAW-12.webp\",\"contentUrl\":\"https:\\\/\\\/wawp.pl\\\/prezenty\\\/wp-content\\\/uploads\\\/2024\\\/10\\\/ZESTAW-12.webp\",\"width\":1900,\"height\":1900,\"caption\":\"\u015awi\u0105teczny zestaw prezentowy z w\u0142oskim winem Il Conte Tralcio Madre Sangiovese z regionu Marche, pralinami Amante, wi\u015bniami w deserowej czekoladzie, w\u0142oskim nugatem z \u017curawin\u0105 i orzeszkami ziemnymi oraz kremowym napojem o smaku bia\u0142ej czekolady i wanilii \u2013 doskona\u0142y prezent dla mi\u0142o\u015bnik\u00f3w wytrawnych win i eleganckich s\u0142odyczy.\"},{\"@type\":\"BreadcrumbList\",\"@id\":\"https:\\\/\\\/wawp.pl\\\/prezenty\\\/produkt\\\/zestaw-swiateczny-nr-12\\\/#breadcrumb\",\"itemListElement\":[{\"@type\":\"ListItem\",\"position\":1,\"name\":\"Strona g\u0142\u00f3wna\",\"item\":\"https:\\\/\\\/wawp.pl\\\/prezenty\\\/\"},{\"@type\":\"ListItem\",\"position\":2,\"name\":\"Shop\",\"item\":\"https:\\\/\\\/wawp.pl\\\/prezenty\\\/shop\\\/\"},{\"@type\":\"ListItem\",\"position\":3,\"name\":\"Zestaw \u015bwi\u0105teczny nr. 12\"}]},{\"@type\":\"WebSite\",\"@id\":\"https:\\\/\\\/wawp.pl\\\/prezenty\\\/#website\",\"url\":\"https:\\\/\\\/wawp.pl\\\/prezenty\\\/\",\"name\":\"Zestawy \u015awi\u0105teczne\",\"description\":\"Kosze \u015awi\u0105teczne, Podarunkowe, Prezentowe\",\"publisher\":{\"@id\":\"https:\\\/\\\/wawp.pl\\\/prezenty\\\/#organization\"},\"potentialAction\":[{\"@type\":\"SearchAction\",\"target\":{\"@type\":\"EntryPoint\",\"urlTemplate\":\"https:\\\/\\\/wawp.pl\\\/prezenty\\\/?s={search_term_string}\"},\"query-input\":{\"@type\":\"PropertyValueSpecification\",\"valueRequired\":true,\"valueName\":\"search_term_string\"}}],\"inLanguage\":\"pl-PL\"},{\"@type\":\"Organization\",\"@id\":\"https:\\\/\\\/wawp.pl\\\/prezenty\\\/#organization\",\"name\":\"Zestawy \u015awi\u0105teczne\",\"url\":\"https:\\\/\\\/wawp.pl\\\/prezenty\\\/\",\"logo\":{\"@type\":\"ImageObject\",\"inLanguage\":\"pl-PL\",\"@id\":\"https:\\\/\\\/wawp.pl\\\/prezenty\\\/#\\\/schema\\\/logo\\\/image\\\/\",\"url\":\"https:\\\/\\\/wawp.pl\\\/prezenty\\\/wp-content\\\/uploads\\\/2021\\\/11\\\/cropped-logo.png\",\"contentUrl\":\"https:\\\/\\\/wawp.pl\\\/prezenty\\\/wp-content\\\/uploads\\\/2021\\\/11\\\/cropped-logo.png\",\"width\":360,\"height\":137,\"caption\":\"Zestawy \u015awi\u0105teczne\"},\"image\":{\"@id\":\"https:\\\/\\\/wawp.pl\\\/prezenty\\\/#\\\/schema\\\/logo\\\/image\\\/\"}}]}<\/script>\n<!-- \/ Yoast SEO plugin. -->","yoast_head_json":{"title":"Zestaw \u015bwi\u0105teczny nr. 12: \u015awi\u0105teczne zestawy upominkowe z alkoholem - W\u0142oskie czerwone wino Il Conte Tralcio Madre Sangiovese | Zestawy \u015awi\u0105teczne","description":"Zobacz produkt: Zestaw \u015bwi\u0105teczny nr. 12 \u015awi\u0105teczne zestawy upominkowe z alkoholem - W\u0142oskie czerwone wino Il Conte Tralcio Madre Sangiovese - dost\u0119pny online na Whisky and Wine Place wawp.pl\/prezenty !","robots":{"index":"index","follow":"follow","max-snippet":"max-snippet:-1","max-image-preview":"max-image-preview:large","max-video-preview":"max-video-preview:-1"},"canonical":"https:\/\/wawp.pl\/prezenty\/produkt\/zestaw-swiateczny-nr-12\/","og_locale":"pl_PL","og_type":"article","og_title":"Zestaw \u015bwi\u0105teczny nr. 12: \u015awi\u0105teczne zestawy upominkowe z alkoholem - W\u0142oskie czerwone wino Il Conte Tralcio Madre Sangiovese | Zestawy \u015awi\u0105teczne","og_description":"Zobacz produkt: Zestaw \u015bwi\u0105teczny nr. 12 \u015awi\u0105teczne zestawy upominkowe z alkoholem - W\u0142oskie czerwone wino Il Conte Tralcio Madre Sangiovese - dost\u0119pny online na Whisky and Wine Place wawp.pl\/prezenty !","og_url":"https:\/\/wawp.pl\/prezenty\/produkt\/zestaw-swiateczny-nr-12\/","og_site_name":"Zestawy \u015awi\u0105teczne","article_modified_time":"2025-11-20T10:08:10+00:00","og_image":[{"width":1900,"height":1900,"url":"https:\/\/wawp.pl\/prezenty\/wp-content\/uploads\/2024\/10\/ZESTAW-12.webp","type":"image\/webp"}],"twitter_card":"summary_large_image","twitter_misc":{"Szacowany czas czytania":"1 minuta"},"schema":{"@context":"https:\/\/schema.org","@graph":[{"@type":"WebPage","@id":"https:\/\/wawp.pl\/prezenty\/produkt\/zestaw-swiateczny-nr-12\/","url":"https:\/\/wawp.pl\/prezenty\/produkt\/zestaw-swiateczny-nr-12\/","name":"Zestaw \u015bwi\u0105teczny nr. 12: \u015awi\u0105teczne zestawy upominkowe z alkoholem - W\u0142oskie czerwone wino Il Conte Tralcio Madre Sangiovese | Zestawy \u015awi\u0105teczne","isPartOf":{"@id":"https:\/\/wawp.pl\/prezenty\/#website"},"primaryImageOfPage":{"@id":"https:\/\/wawp.pl\/prezenty\/produkt\/zestaw-swiateczny-nr-12\/#primaryimage"},"image":{"@id":"https:\/\/wawp.pl\/prezenty\/produkt\/zestaw-swiateczny-nr-12\/#primaryimage"},"thumbnailUrl":"https:\/\/wawp.pl\/prezenty\/wp-content\/uploads\/2024\/10\/ZESTAW-12.webp","datePublished":"2024-10-11T18:51:53+00:00","dateModified":"2025-11-20T10:08:10+00:00","description":"Zobacz produkt: Zestaw \u015bwi\u0105teczny nr. 12 \u015awi\u0105teczne zestawy upominkowe z alkoholem - W\u0142oskie czerwone wino Il Conte Tralcio Madre Sangiovese - dost\u0119pny online na Whisky and Wine Place wawp.pl\/prezenty !","breadcrumb":{"@id":"https:\/\/wawp.pl\/prezenty\/produkt\/zestaw-swiateczny-nr-12\/#breadcrumb"},"inLanguage":"pl-PL","potentialAction":[{"@type":"ReadAction","target":["https:\/\/wawp.pl\/prezenty\/produkt\/zestaw-swiateczny-nr-12\/"]}]},{"@type":"ImageObject","inLanguage":"pl-PL","@id":"https:\/\/wawp.pl\/prezenty\/produkt\/zestaw-swiateczny-nr-12\/#primaryimage","url":"https:\/\/wawp.pl\/prezenty\/wp-content\/uploads\/2024\/10\/ZESTAW-12.webp","contentUrl":"https:\/\/wawp.pl\/prezenty\/wp-content\/uploads\/2024\/10\/ZESTAW-12.webp","width":1900,"height":1900,"caption":"\u015awi\u0105teczny zestaw prezentowy z w\u0142oskim winem Il Conte Tralcio Madre Sangiovese z regionu Marche, pralinami Amante, wi\u015bniami w deserowej czekoladzie, w\u0142oskim nugatem z \u017curawin\u0105 i orzeszkami ziemnymi oraz kremowym napojem o smaku bia\u0142ej czekolady i wanilii \u2013 doskona\u0142y prezent dla mi\u0142o\u015bnik\u00f3w wytrawnych win i eleganckich s\u0142odyczy."},{"@type":"BreadcrumbList","@id":"https:\/\/wawp.pl\/prezenty\/produkt\/zestaw-swiateczny-nr-12\/#breadcrumb","itemListElement":[{"@type":"ListItem","position":1,"name":"Strona g\u0142\u00f3wna","item":"https:\/\/wawp.pl\/prezenty\/"},{"@type":"ListItem","position":2,"name":"Shop","item":"https:\/\/wawp.pl\/prezenty\/shop\/"},{"@type":"ListItem","position":3,"name":"Zestaw \u015bwi\u0105teczny nr. 12"}]},{"@type":"WebSite","@id":"https:\/\/wawp.pl\/prezenty\/#website","url":"https:\/\/wawp.pl\/prezenty\/","name":"Zestawy \u015awi\u0105teczne","description":"Kosze \u015awi\u0105teczne, Podarunkowe, Prezentowe","publisher":{"@id":"https:\/\/wawp.pl\/prezenty\/#organization"},"potentialAction":[{"@type":"SearchAction","target":{"@type":"EntryPoint","urlTemplate":"https:\/\/wawp.pl\/prezenty\/?s={search_term_string}"},"query-input":{"@type":"PropertyValueSpecification","valueRequired":true,"valueName":"search_term_string"}}],"inLanguage":"pl-PL"},{"@type":"Organization","@id":"https:\/\/wawp.pl\/prezenty\/#organization","name":"Zestawy \u015awi\u0105teczne","url":"https:\/\/wawp.pl\/prezenty\/","logo":{"@type":"ImageObject","inLanguage":"pl-PL","@id":"https:\/\/wawp.pl\/prezenty\/#\/schema\/logo\/image\/","url":"https:\/\/wawp.pl\/prezenty\/wp-content\/uploads\/2021\/11\/cropped-logo.png","contentUrl":"https:\/\/wawp.pl\/prezenty\/wp-content\/uploads\/2021\/11\/cropped-logo.png","width":360,"height":137,"caption":"Zestawy \u015awi\u0105teczne"},"image":{"@id":"https:\/\/wawp.pl\/prezenty\/#\/schema\/logo\/image\/"}}]}},"_links":{"self":[{"href":"https:\/\/wawp.pl\/prezenty\/wp-json\/wp\/v2\/product\/3170","targetHints":{"allow":["GET"]}}],"collection":[{"href":"https:\/\/wawp.pl\/prezenty\/wp-json\/wp\/v2\/product"}],"about":[{"href":"https:\/\/wawp.pl\/prezenty\/wp-json\/wp\/v2\/types\/product"}],"wp:featuredmedia":[{"embeddable":true,"href":"https:\/\/wawp.pl\/prezenty\/wp-json\/wp\/v2\/media\/3522"}],"wp:attachment":[{"href":"https:\/\/wawp.pl\/prezenty\/wp-json\/wp\/v2\/media?parent=3170"}],"wp:term":[{"taxonomy":"product_brand","embeddable":true,"href":"https:\/\/wawp.pl\/prezenty\/wp-json\/wp\/v2\/product_brand?post=3170"},{"taxonomy":"product_cat","embeddable":true,"href":"https:\/\/wawp.pl\/prezenty\/wp-json\/wp\/v2\/product_cat?post=3170"},{"taxonomy":"product_tag","embeddable":true,"href":"https:\/\/wawp.pl\/prezenty\/wp-json\/wp\/v2\/product_tag?post=3170"}],"curies":[{"name":"wp","href":"https:\/\/api.w.org\/{rel}","templated":true}]}}