{"id":3168,"date":"2024-10-11T18:49:17","date_gmt":"2024-10-11T18:49:17","guid":{"rendered":"https:\/\/wawp.pl\/prezenty\/?post_type=product&#038;p=3168"},"modified":"2025-11-20T10:08:11","modified_gmt":"2025-11-20T10:08:11","slug":"zestaw-swiateczny-nr-10","status":"publish","type":"product","link":"https:\/\/wawp.pl\/prezenty\/produkt\/zestaw-swiateczny-nr-10\/","title":{"rendered":"Zestaw \u015bwi\u0105teczny nr. 10"},"content":{"rendered":"","protected":false},"excerpt":{"rendered":"<p>\u2022 <strong>Se\u00f1or\u00edo de Espiga Semi Seco<\/strong> \u2013 eleganckie, hiszpa\u0144skie wino<br \/>\nmusuj\u0105ce z Katalonii, stworzone metod\u0105 tradycyjn\u0105.<br \/>\nCharakteryzuje si\u0119 delikatnym musowaniem i p\u00f3\u0142wytrawnym<br \/>\nprofilem, w kt\u00f3rym \u015bwie\u017ce nuty jab\u0142ka, cytrus\u00f3w i bia\u0142ych kwiat\u00f3w<br \/>\ntworz\u0105 harmonijn\u0105 ca\u0142o\u015b\u0107. Idealne do \u015bwi\u0105tecznego toastu lub jako<br \/>\nstylowy akcent w zestawie prezentowym.<br \/>\n\u2022 Mleczne praliny z aksamitnym kremem orzechowym i chrupi\u0105cymi<br \/>\np\u0142atkami zbo\u017cowymi.<br \/>\n\u2022 Makaroniki \u2013 delikatne, w\u0142oskie ciasteczka w stylu francuskim o<br \/>\nintensywnym kakaowym smaku.<br \/>\n\u2022 Klasyczny, wielowarstwowy wafel o delikatnym \u015bmietankowym<br \/>\nnadzieniu i nostalgicznym charakterze.<br \/>\n\u2022 Chlebek marcepanowy \u2013 klasyczna niemiecka s\u0142odycz z<br \/>\ndelikatnego marcepanu, oblanego aksamitn\u0105 deserow\u0105 czekolad\u0105.<br \/>\n\u2022 Czekolada do picia \u2013 pyszna, kremowa czekolada (43%) na gor\u0105co o<br \/>\nobni\u017conej zawarto\u015bci t\u0142uszczu. Aromatyczny i rozgrzewaj\u0105cy nap\u00f3j.<br \/>\n\u2022 Mi\u00f3d nektarowy, wielokwiatowy WAWP \u2013 zdrowy, s\u0142odki dodatek,<br \/>\nkt\u00f3ry zawsze odnajdzie swoje miejsce w ka\u017cdej kuchni.<\/p>\n","protected":false},"featured_media":3520,"template":"","meta":{"_acf_changed":false},"product_brand":[],"product_cat":[36],"product_tag":[],"class_list":{"0":"post-3168","1":"product","2":"type-product","3":"status-publish","4":"has-post-thumbnail","6":"product_cat-boze-narodzenie-2025","8":"first","9":"instock","10":"purchasable","11":"product-type-simple"},"acf":[],"yoast_head":"<!-- This site is optimized with the Yoast SEO plugin v27.3 - https:\/\/yoast.com\/product\/yoast-seo-wordpress\/ -->\n<title>Zestaw \u015bwi\u0105teczny nr. 10: \u015awi\u0105teczne zestawy z alkoholem - Wino hiszpa\u0144skie musuj\u0105ce | Zestawy \u015awi\u0105teczne<\/title>\n<meta name=\"description\" content=\"Zobacz produkt: Zestaw \u015bwi\u0105teczny nr. 10 \u015awi\u0105teczne zestawy z alkoholem - Wino hiszpa\u0144skie musuj\u0105ce - dost\u0119pny online na Whisky and Wine Place wawp.pl\/prezenty !\" \/>\n<meta name=\"robots\" content=\"index, follow, max-snippet:-1, max-image-preview:large, max-video-preview:-1\" \/>\n<link rel=\"canonical\" href=\"https:\/\/wawp.pl\/prezenty\/produkt\/zestaw-swiateczny-nr-10\/\" \/>\n<meta property=\"og:locale\" content=\"pl_PL\" \/>\n<meta property=\"og:type\" content=\"article\" \/>\n<meta property=\"og:title\" content=\"Zestaw \u015bwi\u0105teczny nr. 10: \u015awi\u0105teczne zestawy z alkoholem - Wino hiszpa\u0144skie musuj\u0105ce | Zestawy \u015awi\u0105teczne\" \/>\n<meta property=\"og:description\" content=\"Zobacz produkt: Zestaw \u015bwi\u0105teczny nr. 10 \u015awi\u0105teczne zestawy z alkoholem - Wino hiszpa\u0144skie musuj\u0105ce - dost\u0119pny online na Whisky and Wine Place wawp.pl\/prezenty !\" \/>\n<meta property=\"og:url\" content=\"https:\/\/wawp.pl\/prezenty\/produkt\/zestaw-swiateczny-nr-10\/\" \/>\n<meta property=\"og:site_name\" content=\"Zestawy \u015awi\u0105teczne\" \/>\n<meta property=\"article:modified_time\" content=\"2025-11-20T10:08:11+00:00\" \/>\n<meta property=\"og:image\" content=\"https:\/\/wawp.pl\/prezenty\/wp-content\/uploads\/2024\/10\/ZESTAW-10.webp\" \/>\n\t<meta property=\"og:image:width\" content=\"1900\" \/>\n\t<meta property=\"og:image:height\" content=\"1900\" \/>\n\t<meta property=\"og:image:type\" content=\"image\/webp\" \/>\n<meta name=\"twitter:card\" content=\"summary_large_image\" \/>\n<meta name=\"twitter:label1\" content=\"Szacowany czas czytania\" \/>\n\t<meta name=\"twitter:data1\" content=\"1 minuta\" \/>\n<script type=\"application\/ld+json\" class=\"yoast-schema-graph\">{\"@context\":\"https:\\\/\\\/schema.org\",\"@graph\":[{\"@type\":\"WebPage\",\"@id\":\"https:\\\/\\\/wawp.pl\\\/prezenty\\\/produkt\\\/zestaw-swiateczny-nr-10\\\/\",\"url\":\"https:\\\/\\\/wawp.pl\\\/prezenty\\\/produkt\\\/zestaw-swiateczny-nr-10\\\/\",\"name\":\"Zestaw \u015bwi\u0105teczny nr. 10: \u015awi\u0105teczne zestawy z alkoholem - Wino hiszpa\u0144skie musuj\u0105ce | Zestawy \u015awi\u0105teczne\",\"isPartOf\":{\"@id\":\"https:\\\/\\\/wawp.pl\\\/prezenty\\\/#website\"},\"primaryImageOfPage\":{\"@id\":\"https:\\\/\\\/wawp.pl\\\/prezenty\\\/produkt\\\/zestaw-swiateczny-nr-10\\\/#primaryimage\"},\"image\":{\"@id\":\"https:\\\/\\\/wawp.pl\\\/prezenty\\\/produkt\\\/zestaw-swiateczny-nr-10\\\/#primaryimage\"},\"thumbnailUrl\":\"https:\\\/\\\/wawp.pl\\\/prezenty\\\/wp-content\\\/uploads\\\/2024\\\/10\\\/ZESTAW-10.webp\",\"datePublished\":\"2024-10-11T18:49:17+00:00\",\"dateModified\":\"2025-11-20T10:08:11+00:00\",\"description\":\"Zobacz produkt: Zestaw \u015bwi\u0105teczny nr. 10 \u015awi\u0105teczne zestawy z alkoholem - Wino hiszpa\u0144skie musuj\u0105ce - dost\u0119pny online na Whisky and Wine Place wawp.pl\\\/prezenty !\",\"breadcrumb\":{\"@id\":\"https:\\\/\\\/wawp.pl\\\/prezenty\\\/produkt\\\/zestaw-swiateczny-nr-10\\\/#breadcrumb\"},\"inLanguage\":\"pl-PL\",\"potentialAction\":[{\"@type\":\"ReadAction\",\"target\":[\"https:\\\/\\\/wawp.pl\\\/prezenty\\\/produkt\\\/zestaw-swiateczny-nr-10\\\/\"]}]},{\"@type\":\"ImageObject\",\"inLanguage\":\"pl-PL\",\"@id\":\"https:\\\/\\\/wawp.pl\\\/prezenty\\\/produkt\\\/zestaw-swiateczny-nr-10\\\/#primaryimage\",\"url\":\"https:\\\/\\\/wawp.pl\\\/prezenty\\\/wp-content\\\/uploads\\\/2024\\\/10\\\/ZESTAW-10.webp\",\"contentUrl\":\"https:\\\/\\\/wawp.pl\\\/prezenty\\\/wp-content\\\/uploads\\\/2024\\\/10\\\/ZESTAW-10.webp\",\"width\":1900,\"height\":1900,\"caption\":\"\u015awi\u0105teczny zestaw prezentowy z hiszpa\u0144skim winem musuj\u0105cym Se\u00f1or\u00edo de Espiga Semi Seco z Katalonii, pralinami mlecznymi, makaronikami o smaku kakao, klasycznym waflem \u015bmietankowym, chlebkiem marcepanowym w czekoladzie, kremow\u0105 czekolad\u0105 do picia i miodem wielokwiatowym \u2013 doskona\u0142y prezent dla koneser\u00f3w elegancji i \u015bwi\u0105tecznych smak\u00f3w.\"},{\"@type\":\"BreadcrumbList\",\"@id\":\"https:\\\/\\\/wawp.pl\\\/prezenty\\\/produkt\\\/zestaw-swiateczny-nr-10\\\/#breadcrumb\",\"itemListElement\":[{\"@type\":\"ListItem\",\"position\":1,\"name\":\"Strona g\u0142\u00f3wna\",\"item\":\"https:\\\/\\\/wawp.pl\\\/prezenty\\\/\"},{\"@type\":\"ListItem\",\"position\":2,\"name\":\"Shop\",\"item\":\"https:\\\/\\\/wawp.pl\\\/prezenty\\\/shop\\\/\"},{\"@type\":\"ListItem\",\"position\":3,\"name\":\"Zestaw \u015bwi\u0105teczny nr. 10\"}]},{\"@type\":\"WebSite\",\"@id\":\"https:\\\/\\\/wawp.pl\\\/prezenty\\\/#website\",\"url\":\"https:\\\/\\\/wawp.pl\\\/prezenty\\\/\",\"name\":\"Zestawy \u015awi\u0105teczne\",\"description\":\"Kosze \u015awi\u0105teczne, Podarunkowe, Prezentowe\",\"publisher\":{\"@id\":\"https:\\\/\\\/wawp.pl\\\/prezenty\\\/#organization\"},\"potentialAction\":[{\"@type\":\"SearchAction\",\"target\":{\"@type\":\"EntryPoint\",\"urlTemplate\":\"https:\\\/\\\/wawp.pl\\\/prezenty\\\/?s={search_term_string}\"},\"query-input\":{\"@type\":\"PropertyValueSpecification\",\"valueRequired\":true,\"valueName\":\"search_term_string\"}}],\"inLanguage\":\"pl-PL\"},{\"@type\":\"Organization\",\"@id\":\"https:\\\/\\\/wawp.pl\\\/prezenty\\\/#organization\",\"name\":\"Zestawy \u015awi\u0105teczne\",\"url\":\"https:\\\/\\\/wawp.pl\\\/prezenty\\\/\",\"logo\":{\"@type\":\"ImageObject\",\"inLanguage\":\"pl-PL\",\"@id\":\"https:\\\/\\\/wawp.pl\\\/prezenty\\\/#\\\/schema\\\/logo\\\/image\\\/\",\"url\":\"https:\\\/\\\/wawp.pl\\\/prezenty\\\/wp-content\\\/uploads\\\/2021\\\/11\\\/cropped-logo.png\",\"contentUrl\":\"https:\\\/\\\/wawp.pl\\\/prezenty\\\/wp-content\\\/uploads\\\/2021\\\/11\\\/cropped-logo.png\",\"width\":360,\"height\":137,\"caption\":\"Zestawy \u015awi\u0105teczne\"},\"image\":{\"@id\":\"https:\\\/\\\/wawp.pl\\\/prezenty\\\/#\\\/schema\\\/logo\\\/image\\\/\"}}]}<\/script>\n<!-- \/ Yoast SEO plugin. -->","yoast_head_json":{"title":"Zestaw \u015bwi\u0105teczny nr. 10: \u015awi\u0105teczne zestawy z alkoholem - Wino hiszpa\u0144skie musuj\u0105ce | Zestawy \u015awi\u0105teczne","description":"Zobacz produkt: Zestaw \u015bwi\u0105teczny nr. 10 \u015awi\u0105teczne zestawy z alkoholem - Wino hiszpa\u0144skie musuj\u0105ce - dost\u0119pny online na Whisky and Wine Place wawp.pl\/prezenty !","robots":{"index":"index","follow":"follow","max-snippet":"max-snippet:-1","max-image-preview":"max-image-preview:large","max-video-preview":"max-video-preview:-1"},"canonical":"https:\/\/wawp.pl\/prezenty\/produkt\/zestaw-swiateczny-nr-10\/","og_locale":"pl_PL","og_type":"article","og_title":"Zestaw \u015bwi\u0105teczny nr. 10: \u015awi\u0105teczne zestawy z alkoholem - Wino hiszpa\u0144skie musuj\u0105ce | Zestawy \u015awi\u0105teczne","og_description":"Zobacz produkt: Zestaw \u015bwi\u0105teczny nr. 10 \u015awi\u0105teczne zestawy z alkoholem - Wino hiszpa\u0144skie musuj\u0105ce - dost\u0119pny online na Whisky and Wine Place wawp.pl\/prezenty !","og_url":"https:\/\/wawp.pl\/prezenty\/produkt\/zestaw-swiateczny-nr-10\/","og_site_name":"Zestawy \u015awi\u0105teczne","article_modified_time":"2025-11-20T10:08:11+00:00","og_image":[{"width":1900,"height":1900,"url":"https:\/\/wawp.pl\/prezenty\/wp-content\/uploads\/2024\/10\/ZESTAW-10.webp","type":"image\/webp"}],"twitter_card":"summary_large_image","twitter_misc":{"Szacowany czas czytania":"1 minuta"},"schema":{"@context":"https:\/\/schema.org","@graph":[{"@type":"WebPage","@id":"https:\/\/wawp.pl\/prezenty\/produkt\/zestaw-swiateczny-nr-10\/","url":"https:\/\/wawp.pl\/prezenty\/produkt\/zestaw-swiateczny-nr-10\/","name":"Zestaw \u015bwi\u0105teczny nr. 10: \u015awi\u0105teczne zestawy z alkoholem - Wino hiszpa\u0144skie musuj\u0105ce | Zestawy \u015awi\u0105teczne","isPartOf":{"@id":"https:\/\/wawp.pl\/prezenty\/#website"},"primaryImageOfPage":{"@id":"https:\/\/wawp.pl\/prezenty\/produkt\/zestaw-swiateczny-nr-10\/#primaryimage"},"image":{"@id":"https:\/\/wawp.pl\/prezenty\/produkt\/zestaw-swiateczny-nr-10\/#primaryimage"},"thumbnailUrl":"https:\/\/wawp.pl\/prezenty\/wp-content\/uploads\/2024\/10\/ZESTAW-10.webp","datePublished":"2024-10-11T18:49:17+00:00","dateModified":"2025-11-20T10:08:11+00:00","description":"Zobacz produkt: Zestaw \u015bwi\u0105teczny nr. 10 \u015awi\u0105teczne zestawy z alkoholem - Wino hiszpa\u0144skie musuj\u0105ce - dost\u0119pny online na Whisky and Wine Place wawp.pl\/prezenty !","breadcrumb":{"@id":"https:\/\/wawp.pl\/prezenty\/produkt\/zestaw-swiateczny-nr-10\/#breadcrumb"},"inLanguage":"pl-PL","potentialAction":[{"@type":"ReadAction","target":["https:\/\/wawp.pl\/prezenty\/produkt\/zestaw-swiateczny-nr-10\/"]}]},{"@type":"ImageObject","inLanguage":"pl-PL","@id":"https:\/\/wawp.pl\/prezenty\/produkt\/zestaw-swiateczny-nr-10\/#primaryimage","url":"https:\/\/wawp.pl\/prezenty\/wp-content\/uploads\/2024\/10\/ZESTAW-10.webp","contentUrl":"https:\/\/wawp.pl\/prezenty\/wp-content\/uploads\/2024\/10\/ZESTAW-10.webp","width":1900,"height":1900,"caption":"\u015awi\u0105teczny zestaw prezentowy z hiszpa\u0144skim winem musuj\u0105cym Se\u00f1or\u00edo de Espiga Semi Seco z Katalonii, pralinami mlecznymi, makaronikami o smaku kakao, klasycznym waflem \u015bmietankowym, chlebkiem marcepanowym w czekoladzie, kremow\u0105 czekolad\u0105 do picia i miodem wielokwiatowym \u2013 doskona\u0142y prezent dla koneser\u00f3w elegancji i \u015bwi\u0105tecznych smak\u00f3w."},{"@type":"BreadcrumbList","@id":"https:\/\/wawp.pl\/prezenty\/produkt\/zestaw-swiateczny-nr-10\/#breadcrumb","itemListElement":[{"@type":"ListItem","position":1,"name":"Strona g\u0142\u00f3wna","item":"https:\/\/wawp.pl\/prezenty\/"},{"@type":"ListItem","position":2,"name":"Shop","item":"https:\/\/wawp.pl\/prezenty\/shop\/"},{"@type":"ListItem","position":3,"name":"Zestaw \u015bwi\u0105teczny nr. 10"}]},{"@type":"WebSite","@id":"https:\/\/wawp.pl\/prezenty\/#website","url":"https:\/\/wawp.pl\/prezenty\/","name":"Zestawy \u015awi\u0105teczne","description":"Kosze \u015awi\u0105teczne, Podarunkowe, Prezentowe","publisher":{"@id":"https:\/\/wawp.pl\/prezenty\/#organization"},"potentialAction":[{"@type":"SearchAction","target":{"@type":"EntryPoint","urlTemplate":"https:\/\/wawp.pl\/prezenty\/?s={search_term_string}"},"query-input":{"@type":"PropertyValueSpecification","valueRequired":true,"valueName":"search_term_string"}}],"inLanguage":"pl-PL"},{"@type":"Organization","@id":"https:\/\/wawp.pl\/prezenty\/#organization","name":"Zestawy \u015awi\u0105teczne","url":"https:\/\/wawp.pl\/prezenty\/","logo":{"@type":"ImageObject","inLanguage":"pl-PL","@id":"https:\/\/wawp.pl\/prezenty\/#\/schema\/logo\/image\/","url":"https:\/\/wawp.pl\/prezenty\/wp-content\/uploads\/2021\/11\/cropped-logo.png","contentUrl":"https:\/\/wawp.pl\/prezenty\/wp-content\/uploads\/2021\/11\/cropped-logo.png","width":360,"height":137,"caption":"Zestawy \u015awi\u0105teczne"},"image":{"@id":"https:\/\/wawp.pl\/prezenty\/#\/schema\/logo\/image\/"}}]}},"_links":{"self":[{"href":"https:\/\/wawp.pl\/prezenty\/wp-json\/wp\/v2\/product\/3168","targetHints":{"allow":["GET"]}}],"collection":[{"href":"https:\/\/wawp.pl\/prezenty\/wp-json\/wp\/v2\/product"}],"about":[{"href":"https:\/\/wawp.pl\/prezenty\/wp-json\/wp\/v2\/types\/product"}],"wp:featuredmedia":[{"embeddable":true,"href":"https:\/\/wawp.pl\/prezenty\/wp-json\/wp\/v2\/media\/3520"}],"wp:attachment":[{"href":"https:\/\/wawp.pl\/prezenty\/wp-json\/wp\/v2\/media?parent=3168"}],"wp:term":[{"taxonomy":"product_brand","embeddable":true,"href":"https:\/\/wawp.pl\/prezenty\/wp-json\/wp\/v2\/product_brand?post=3168"},{"taxonomy":"product_cat","embeddable":true,"href":"https:\/\/wawp.pl\/prezenty\/wp-json\/wp\/v2\/product_cat?post=3168"},{"taxonomy":"product_tag","embeddable":true,"href":"https:\/\/wawp.pl\/prezenty\/wp-json\/wp\/v2\/product_tag?post=3168"}],"curies":[{"name":"wp","href":"https:\/\/api.w.org\/{rel}","templated":true}]}}