{"id":3160,"date":"2024-10-11T18:38:06","date_gmt":"2024-10-11T18:38:06","guid":{"rendered":"https:\/\/wawp.pl\/prezenty\/?post_type=product&#038;p=3160"},"modified":"2025-11-20T10:09:12","modified_gmt":"2025-11-20T10:09:12","slug":"zestaw-swiateczny-nr-02","status":"publish","type":"product","link":"https:\/\/wawp.pl\/prezenty\/produkt\/zestaw-swiateczny-nr-02\/","title":{"rendered":"Zestaw \u015bwi\u0105teczny nr. 02"},"content":{"rendered":"","protected":false},"excerpt":{"rendered":"<p>\u2022 <strong>Porta do Casal Tinto<\/strong> &#8211; lekkie, portugalskie czerwone wino z<br \/>\nregionu Minho, stworzone z lokalnych szczep\u00f3w. Charakteryzuje<br \/>\nsi\u0119 \u015bwie\u017cym, owocowym aromatem z nutami jag\u00f3d oraz<br \/>\ndelikatnym, wytrawnym finiszem. Idealne do ser\u00f3w, w\u0119dlin i<br \/>\n\u015bwi\u0105tecznych zestaw\u00f3w z po\u0142udniowym akcentem.<br \/>\n\u2022 Pyszne i kruche ciasteczka z dodatkiem czekolady i orzech\u00f3w<br \/>\nlaskowych.<br \/>\n\u2022 Klasyczny, wielowarstwowy wafel o delikatnym kakaowym<br \/>\nnadzieniu i nostalgicznym charakterze.<br \/>\n\u2022 Chlebek marcepanowy \u2013 klasyczna niemiecka s\u0142odycz z<br \/>\ndelikatnego marcepanu, oblanego aksamitn\u0105 deserow\u0105 czekolad\u0105.<br \/>\n\u2022 Baton piernikowy\u2013 lekka, limonkowa s\u0142odycz, otulona warstw\u0105<br \/>\nkultowej, bia\u0142ej czekolady od uznanego, polskiego producenta.<\/p>\n","protected":false},"featured_media":3512,"template":"","meta":{"_acf_changed":false},"product_brand":[],"product_cat":[36],"product_tag":[],"class_list":{"0":"post-3160","1":"product","2":"type-product","3":"status-publish","4":"has-post-thumbnail","6":"product_cat-boze-narodzenie-2025","8":"first","9":"instock","10":"purchasable","11":"product-type-simple"},"acf":[],"yoast_head":"<!-- This site is optimized with the Yoast SEO plugin v27.3 - https:\/\/yoast.com\/product\/yoast-seo-wordpress\/ -->\n<title>Zestaw \u015bwi\u0105teczny nr. 02: \u015awi\u0105teczne zestawy prezentowe z alkoholem - Wino portugalskie czerwone wytrawne | WAWP - Sklep<\/title>\n<meta name=\"description\" content=\"Zobacz produkt: Zestaw \u015bwi\u0105teczny nr. 02 \u015awi\u0105teczne zestawy prezentowe z alkoholem - Wino portugalskie czerwone wytrawne - dost\u0119pny online na Whisky and Wine Place wawp.pl\/prezenty !\" \/>\n<meta name=\"robots\" content=\"index, follow, max-snippet:-1, max-image-preview:large, max-video-preview:-1\" \/>\n<link rel=\"canonical\" href=\"https:\/\/wawp.pl\/prezenty\/produkt\/zestaw-swiateczny-nr-02\/\" \/>\n<meta property=\"og:locale\" content=\"pl_PL\" \/>\n<meta property=\"og:type\" content=\"article\" \/>\n<meta property=\"og:title\" content=\"Zestaw \u015bwi\u0105teczny nr. 02: \u015awi\u0105teczne zestawy prezentowe z alkoholem - Wino portugalskie czerwone wytrawne | WAWP - Sklep\" \/>\n<meta property=\"og:description\" content=\"Zobacz produkt: Zestaw \u015bwi\u0105teczny nr. 02 \u015awi\u0105teczne zestawy prezentowe z alkoholem - Wino portugalskie czerwone wytrawne - dost\u0119pny online na Whisky and Wine Place wawp.pl\/prezenty !\" \/>\n<meta property=\"og:url\" content=\"https:\/\/wawp.pl\/prezenty\/produkt\/zestaw-swiateczny-nr-02\/\" \/>\n<meta property=\"og:site_name\" content=\"WAWP - Sklep\" \/>\n<meta property=\"article:modified_time\" content=\"2025-11-20T10:09:12+00:00\" \/>\n<meta property=\"og:image\" content=\"https:\/\/wawp.pl\/prezenty\/wp-content\/uploads\/2024\/10\/ZESTAW-02.webp\" \/>\n\t<meta property=\"og:image:width\" content=\"1900\" \/>\n\t<meta property=\"og:image:height\" content=\"1900\" \/>\n\t<meta property=\"og:image:type\" content=\"image\/webp\" \/>\n<meta name=\"twitter:card\" content=\"summary_large_image\" \/>\n<meta name=\"twitter:label1\" content=\"Szacowany czas czytania\" \/>\n\t<meta name=\"twitter:data1\" content=\"1 minuta\" \/>\n<script type=\"application\/ld+json\" class=\"yoast-schema-graph\">{\"@context\":\"https:\\\/\\\/schema.org\",\"@graph\":[{\"@type\":\"WebPage\",\"@id\":\"https:\\\/\\\/wawp.pl\\\/prezenty\\\/produkt\\\/zestaw-swiateczny-nr-02\\\/\",\"url\":\"https:\\\/\\\/wawp.pl\\\/prezenty\\\/produkt\\\/zestaw-swiateczny-nr-02\\\/\",\"name\":\"Zestaw \u015bwi\u0105teczny nr. 02: \u015awi\u0105teczne zestawy prezentowe z alkoholem - Wino portugalskie czerwone wytrawne | WAWP - Sklep\",\"isPartOf\":{\"@id\":\"https:\\\/\\\/wawp.pl\\\/prezenty\\\/#website\"},\"primaryImageOfPage\":{\"@id\":\"https:\\\/\\\/wawp.pl\\\/prezenty\\\/produkt\\\/zestaw-swiateczny-nr-02\\\/#primaryimage\"},\"image\":{\"@id\":\"https:\\\/\\\/wawp.pl\\\/prezenty\\\/produkt\\\/zestaw-swiateczny-nr-02\\\/#primaryimage\"},\"thumbnailUrl\":\"https:\\\/\\\/wawp.pl\\\/prezenty\\\/wp-content\\\/uploads\\\/2024\\\/10\\\/ZESTAW-02.webp\",\"datePublished\":\"2024-10-11T18:38:06+00:00\",\"dateModified\":\"2025-11-20T10:09:12+00:00\",\"description\":\"Zobacz produkt: Zestaw \u015bwi\u0105teczny nr. 02 \u015awi\u0105teczne zestawy prezentowe z alkoholem - Wino portugalskie czerwone wytrawne - dost\u0119pny online na Whisky and Wine Place wawp.pl\\\/prezenty !\",\"breadcrumb\":{\"@id\":\"https:\\\/\\\/wawp.pl\\\/prezenty\\\/produkt\\\/zestaw-swiateczny-nr-02\\\/#breadcrumb\"},\"inLanguage\":\"pl-PL\",\"potentialAction\":[{\"@type\":\"ReadAction\",\"target\":[\"https:\\\/\\\/wawp.pl\\\/prezenty\\\/produkt\\\/zestaw-swiateczny-nr-02\\\/\"]}]},{\"@type\":\"ImageObject\",\"inLanguage\":\"pl-PL\",\"@id\":\"https:\\\/\\\/wawp.pl\\\/prezenty\\\/produkt\\\/zestaw-swiateczny-nr-02\\\/#primaryimage\",\"url\":\"https:\\\/\\\/wawp.pl\\\/prezenty\\\/wp-content\\\/uploads\\\/2024\\\/10\\\/ZESTAW-02.webp\",\"contentUrl\":\"https:\\\/\\\/wawp.pl\\\/prezenty\\\/wp-content\\\/uploads\\\/2024\\\/10\\\/ZESTAW-02.webp\",\"width\":1900,\"height\":1900,\"caption\":\"\u015awi\u0105teczny zestaw prezentowy z winem Porta do Casal Tinto, ciasteczkami z orzechami laskowymi i czekolad\u0105, waflem kakaowym, marcepanowym chlebkiem w deserowej czekoladzie oraz batonem piernikowym w bia\u0142ej czekoladzie \u2013 doskona\u0142y prezent dla koneser\u00f3w portugalskiego wina i s\u0142odkich przysmak\u00f3w.\"},{\"@type\":\"BreadcrumbList\",\"@id\":\"https:\\\/\\\/wawp.pl\\\/prezenty\\\/produkt\\\/zestaw-swiateczny-nr-02\\\/#breadcrumb\",\"itemListElement\":[{\"@type\":\"ListItem\",\"position\":1,\"name\":\"Strona g\u0142\u00f3wna\",\"item\":\"https:\\\/\\\/wawp.pl\\\/prezenty\\\/\"},{\"@type\":\"ListItem\",\"position\":2,\"name\":\"Shop\",\"item\":\"https:\\\/\\\/wawp.pl\\\/prezenty\\\/shop\\\/\"},{\"@type\":\"ListItem\",\"position\":3,\"name\":\"Zestaw \u015bwi\u0105teczny nr. 02\"}]},{\"@type\":\"WebSite\",\"@id\":\"https:\\\/\\\/wawp.pl\\\/prezenty\\\/#website\",\"url\":\"https:\\\/\\\/wawp.pl\\\/prezenty\\\/\",\"name\":\"WAWP - Sklep\",\"description\":\"Kosze \u015awi\u0105teczne, Podarunkowe, Prezentowe\",\"publisher\":{\"@id\":\"https:\\\/\\\/wawp.pl\\\/prezenty\\\/#organization\"},\"potentialAction\":[{\"@type\":\"SearchAction\",\"target\":{\"@type\":\"EntryPoint\",\"urlTemplate\":\"https:\\\/\\\/wawp.pl\\\/prezenty\\\/?s={search_term_string}\"},\"query-input\":{\"@type\":\"PropertyValueSpecification\",\"valueRequired\":true,\"valueName\":\"search_term_string\"}}],\"inLanguage\":\"pl-PL\"},{\"@type\":\"Organization\",\"@id\":\"https:\\\/\\\/wawp.pl\\\/prezenty\\\/#organization\",\"name\":\"WAWP - Sklep\",\"url\":\"https:\\\/\\\/wawp.pl\\\/prezenty\\\/\",\"logo\":{\"@type\":\"ImageObject\",\"inLanguage\":\"pl-PL\",\"@id\":\"https:\\\/\\\/wawp.pl\\\/prezenty\\\/#\\\/schema\\\/logo\\\/image\\\/\",\"url\":\"https:\\\/\\\/wawp.pl\\\/prezenty\\\/wp-content\\\/uploads\\\/2021\\\/11\\\/cropped-logo.png\",\"contentUrl\":\"https:\\\/\\\/wawp.pl\\\/prezenty\\\/wp-content\\\/uploads\\\/2021\\\/11\\\/cropped-logo.png\",\"width\":360,\"height\":137,\"caption\":\"WAWP - Sklep\"},\"image\":{\"@id\":\"https:\\\/\\\/wawp.pl\\\/prezenty\\\/#\\\/schema\\\/logo\\\/image\\\/\"}}]}<\/script>\n<!-- \/ Yoast SEO plugin. -->","yoast_head_json":{"title":"Zestaw \u015bwi\u0105teczny nr. 02: \u015awi\u0105teczne zestawy prezentowe z alkoholem - Wino portugalskie czerwone wytrawne | WAWP - Sklep","description":"Zobacz produkt: Zestaw \u015bwi\u0105teczny nr. 02 \u015awi\u0105teczne zestawy prezentowe z alkoholem - Wino portugalskie czerwone wytrawne - dost\u0119pny online na Whisky and Wine Place wawp.pl\/prezenty !","robots":{"index":"index","follow":"follow","max-snippet":"max-snippet:-1","max-image-preview":"max-image-preview:large","max-video-preview":"max-video-preview:-1"},"canonical":"https:\/\/wawp.pl\/prezenty\/produkt\/zestaw-swiateczny-nr-02\/","og_locale":"pl_PL","og_type":"article","og_title":"Zestaw \u015bwi\u0105teczny nr. 02: \u015awi\u0105teczne zestawy prezentowe z alkoholem - Wino portugalskie czerwone wytrawne | WAWP - Sklep","og_description":"Zobacz produkt: Zestaw \u015bwi\u0105teczny nr. 02 \u015awi\u0105teczne zestawy prezentowe z alkoholem - Wino portugalskie czerwone wytrawne - dost\u0119pny online na Whisky and Wine Place wawp.pl\/prezenty !","og_url":"https:\/\/wawp.pl\/prezenty\/produkt\/zestaw-swiateczny-nr-02\/","og_site_name":"WAWP - Sklep","article_modified_time":"2025-11-20T10:09:12+00:00","og_image":[{"width":1900,"height":1900,"url":"https:\/\/wawp.pl\/prezenty\/wp-content\/uploads\/2024\/10\/ZESTAW-02.webp","type":"image\/webp"}],"twitter_card":"summary_large_image","twitter_misc":{"Szacowany czas czytania":"1 minuta"},"schema":{"@context":"https:\/\/schema.org","@graph":[{"@type":"WebPage","@id":"https:\/\/wawp.pl\/prezenty\/produkt\/zestaw-swiateczny-nr-02\/","url":"https:\/\/wawp.pl\/prezenty\/produkt\/zestaw-swiateczny-nr-02\/","name":"Zestaw \u015bwi\u0105teczny nr. 02: \u015awi\u0105teczne zestawy prezentowe z alkoholem - Wino portugalskie czerwone wytrawne | WAWP - Sklep","isPartOf":{"@id":"https:\/\/wawp.pl\/prezenty\/#website"},"primaryImageOfPage":{"@id":"https:\/\/wawp.pl\/prezenty\/produkt\/zestaw-swiateczny-nr-02\/#primaryimage"},"image":{"@id":"https:\/\/wawp.pl\/prezenty\/produkt\/zestaw-swiateczny-nr-02\/#primaryimage"},"thumbnailUrl":"https:\/\/wawp.pl\/prezenty\/wp-content\/uploads\/2024\/10\/ZESTAW-02.webp","datePublished":"2024-10-11T18:38:06+00:00","dateModified":"2025-11-20T10:09:12+00:00","description":"Zobacz produkt: Zestaw \u015bwi\u0105teczny nr. 02 \u015awi\u0105teczne zestawy prezentowe z alkoholem - Wino portugalskie czerwone wytrawne - dost\u0119pny online na Whisky and Wine Place wawp.pl\/prezenty !","breadcrumb":{"@id":"https:\/\/wawp.pl\/prezenty\/produkt\/zestaw-swiateczny-nr-02\/#breadcrumb"},"inLanguage":"pl-PL","potentialAction":[{"@type":"ReadAction","target":["https:\/\/wawp.pl\/prezenty\/produkt\/zestaw-swiateczny-nr-02\/"]}]},{"@type":"ImageObject","inLanguage":"pl-PL","@id":"https:\/\/wawp.pl\/prezenty\/produkt\/zestaw-swiateczny-nr-02\/#primaryimage","url":"https:\/\/wawp.pl\/prezenty\/wp-content\/uploads\/2024\/10\/ZESTAW-02.webp","contentUrl":"https:\/\/wawp.pl\/prezenty\/wp-content\/uploads\/2024\/10\/ZESTAW-02.webp","width":1900,"height":1900,"caption":"\u015awi\u0105teczny zestaw prezentowy z winem Porta do Casal Tinto, ciasteczkami z orzechami laskowymi i czekolad\u0105, waflem kakaowym, marcepanowym chlebkiem w deserowej czekoladzie oraz batonem piernikowym w bia\u0142ej czekoladzie \u2013 doskona\u0142y prezent dla koneser\u00f3w portugalskiego wina i s\u0142odkich przysmak\u00f3w."},{"@type":"BreadcrumbList","@id":"https:\/\/wawp.pl\/prezenty\/produkt\/zestaw-swiateczny-nr-02\/#breadcrumb","itemListElement":[{"@type":"ListItem","position":1,"name":"Strona g\u0142\u00f3wna","item":"https:\/\/wawp.pl\/prezenty\/"},{"@type":"ListItem","position":2,"name":"Shop","item":"https:\/\/wawp.pl\/prezenty\/shop\/"},{"@type":"ListItem","position":3,"name":"Zestaw \u015bwi\u0105teczny nr. 02"}]},{"@type":"WebSite","@id":"https:\/\/wawp.pl\/prezenty\/#website","url":"https:\/\/wawp.pl\/prezenty\/","name":"WAWP - Sklep","description":"Kosze \u015awi\u0105teczne, Podarunkowe, Prezentowe","publisher":{"@id":"https:\/\/wawp.pl\/prezenty\/#organization"},"potentialAction":[{"@type":"SearchAction","target":{"@type":"EntryPoint","urlTemplate":"https:\/\/wawp.pl\/prezenty\/?s={search_term_string}"},"query-input":{"@type":"PropertyValueSpecification","valueRequired":true,"valueName":"search_term_string"}}],"inLanguage":"pl-PL"},{"@type":"Organization","@id":"https:\/\/wawp.pl\/prezenty\/#organization","name":"WAWP - Sklep","url":"https:\/\/wawp.pl\/prezenty\/","logo":{"@type":"ImageObject","inLanguage":"pl-PL","@id":"https:\/\/wawp.pl\/prezenty\/#\/schema\/logo\/image\/","url":"https:\/\/wawp.pl\/prezenty\/wp-content\/uploads\/2021\/11\/cropped-logo.png","contentUrl":"https:\/\/wawp.pl\/prezenty\/wp-content\/uploads\/2021\/11\/cropped-logo.png","width":360,"height":137,"caption":"WAWP - Sklep"},"image":{"@id":"https:\/\/wawp.pl\/prezenty\/#\/schema\/logo\/image\/"}}]}},"_links":{"self":[{"href":"https:\/\/wawp.pl\/prezenty\/wp-json\/wp\/v2\/product\/3160","targetHints":{"allow":["GET"]}}],"collection":[{"href":"https:\/\/wawp.pl\/prezenty\/wp-json\/wp\/v2\/product"}],"about":[{"href":"https:\/\/wawp.pl\/prezenty\/wp-json\/wp\/v2\/types\/product"}],"wp:featuredmedia":[{"embeddable":true,"href":"https:\/\/wawp.pl\/prezenty\/wp-json\/wp\/v2\/media\/3512"}],"wp:attachment":[{"href":"https:\/\/wawp.pl\/prezenty\/wp-json\/wp\/v2\/media?parent=3160"}],"wp:term":[{"taxonomy":"product_brand","embeddable":true,"href":"https:\/\/wawp.pl\/prezenty\/wp-json\/wp\/v2\/product_brand?post=3160"},{"taxonomy":"product_cat","embeddable":true,"href":"https:\/\/wawp.pl\/prezenty\/wp-json\/wp\/v2\/product_cat?post=3160"},{"taxonomy":"product_tag","embeddable":true,"href":"https:\/\/wawp.pl\/prezenty\/wp-json\/wp\/v2\/product_tag?post=3160"}],"curies":[{"name":"wp","href":"https:\/\/api.w.org\/{rel}","templated":true}]}}