{"id":3158,"date":"2024-10-11T18:34:07","date_gmt":"2024-10-11T18:34:07","guid":{"rendered":"https:\/\/wawp.pl\/prezenty\/?post_type=product&#038;p=3158"},"modified":"2025-11-20T10:09:12","modified_gmt":"2025-11-20T10:09:12","slug":"zestaw-swiateczny-nr-01","status":"publish","type":"product","link":"https:\/\/wawp.pl\/prezenty\/produkt\/zestaw-swiateczny-nr-01\/","title":{"rendered":"Zestaw \u015bwi\u0105teczny nr. 01"},"content":{"rendered":"","protected":false},"excerpt":{"rendered":"<p>\u2022 <strong>Rebento da Cepa Tinto<\/strong> \u2013 eleganckie portugalskie czerwone wino o<br \/>\ng\u0142\u0119bokiej barwie i intensywnym aromacie dojrza\u0142ych owoc\u00f3w z<br \/>\nnut\u0105 przypraw. W smaku pe\u0142ne, harmonijne i lekko taniczne.<br \/>\nIdealne do mi\u0119s i ser\u00f3w. Stylowy wyb\u00f3r dla mi\u0142o\u015bnik\u00f3w<br \/>\nklasycznych, wyrazistych win, doskona\u0142y do \u015bwi\u0105tecznego zestawu<br \/>\nprezentowego.<br \/>\n\u2022 Miniaturowe ciasteczka, inspirowane ameryka\u0144skim stylem, z<br \/>\nkawa\u0142kami czekolady.<br \/>\n\u2022 Paluszki czekoladowe pomara\u0144czowe, delikatne, kruche pa\u0142eczki o<br \/>\nsmaku pomara\u0144czy, oblane ciemn\u0105 czekolad\u0105.<\/p>\n","protected":false},"featured_media":3510,"template":"","meta":{"_acf_changed":false},"product_brand":[],"product_cat":[36],"product_tag":[],"class_list":{"0":"post-3158","1":"product","2":"type-product","3":"status-publish","4":"has-post-thumbnail","6":"product_cat-boze-narodzenie-2025","8":"first","9":"instock","10":"purchasable","11":"product-type-simple"},"acf":[],"yoast_head":"<!-- This site is optimized with the Yoast SEO plugin v27.3 - https:\/\/yoast.com\/product\/yoast-seo-wordpress\/ -->\n<title>Zestaw \u015bwi\u0105teczny nr. 01: \u015awi\u0105teczne zestawy prezentowe z alkoholem - Wino portugalskie czerwone wytrawne | Zestawy \u015awi\u0105teczne<\/title>\n<meta name=\"description\" content=\"Zobacz produkt: Zestaw \u015bwi\u0105teczny nr. 01 \u015awi\u0105teczne zestawy prezentowe z alkoholem - Wino portugalskie czerwone wytrawne - dost\u0119pny online na Whisky and Wine Place wawp.pl\/prezenty !\" \/>\n<meta name=\"robots\" content=\"index, follow, max-snippet:-1, max-image-preview:large, max-video-preview:-1\" \/>\n<link rel=\"canonical\" href=\"https:\/\/wawp.pl\/prezenty\/produkt\/zestaw-swiateczny-nr-01\/\" \/>\n<meta property=\"og:locale\" content=\"pl_PL\" \/>\n<meta property=\"og:type\" content=\"article\" \/>\n<meta property=\"og:title\" content=\"Zestaw \u015bwi\u0105teczny nr. 01: \u015awi\u0105teczne zestawy prezentowe z alkoholem - Wino portugalskie czerwone wytrawne | Zestawy \u015awi\u0105teczne\" \/>\n<meta property=\"og:description\" content=\"Zobacz produkt: Zestaw \u015bwi\u0105teczny nr. 01 \u015awi\u0105teczne zestawy prezentowe z alkoholem - Wino portugalskie czerwone wytrawne - dost\u0119pny online na Whisky and Wine Place wawp.pl\/prezenty !\" \/>\n<meta property=\"og:url\" content=\"https:\/\/wawp.pl\/prezenty\/produkt\/zestaw-swiateczny-nr-01\/\" \/>\n<meta property=\"og:site_name\" content=\"Zestawy \u015awi\u0105teczne\" \/>\n<meta property=\"article:modified_time\" content=\"2025-11-20T10:09:12+00:00\" \/>\n<meta property=\"og:image\" content=\"https:\/\/wawp.pl\/prezenty\/wp-content\/uploads\/2024\/10\/ZESTAW-01.webp\" \/>\n\t<meta property=\"og:image:width\" content=\"1900\" \/>\n\t<meta property=\"og:image:height\" content=\"1900\" \/>\n\t<meta property=\"og:image:type\" content=\"image\/webp\" \/>\n<meta name=\"twitter:card\" content=\"summary_large_image\" \/>\n<meta name=\"twitter:label1\" content=\"Szacowany czas czytania\" \/>\n\t<meta name=\"twitter:data1\" content=\"1 minuta\" \/>\n<script type=\"application\/ld+json\" class=\"yoast-schema-graph\">{\"@context\":\"https:\\\/\\\/schema.org\",\"@graph\":[{\"@type\":\"WebPage\",\"@id\":\"https:\\\/\\\/wawp.pl\\\/prezenty\\\/produkt\\\/zestaw-swiateczny-nr-01\\\/\",\"url\":\"https:\\\/\\\/wawp.pl\\\/prezenty\\\/produkt\\\/zestaw-swiateczny-nr-01\\\/\",\"name\":\"Zestaw \u015bwi\u0105teczny nr. 01: \u015awi\u0105teczne zestawy prezentowe z alkoholem - Wino portugalskie czerwone wytrawne | Zestawy \u015awi\u0105teczne\",\"isPartOf\":{\"@id\":\"https:\\\/\\\/wawp.pl\\\/prezenty\\\/#website\"},\"primaryImageOfPage\":{\"@id\":\"https:\\\/\\\/wawp.pl\\\/prezenty\\\/produkt\\\/zestaw-swiateczny-nr-01\\\/#primaryimage\"},\"image\":{\"@id\":\"https:\\\/\\\/wawp.pl\\\/prezenty\\\/produkt\\\/zestaw-swiateczny-nr-01\\\/#primaryimage\"},\"thumbnailUrl\":\"https:\\\/\\\/wawp.pl\\\/prezenty\\\/wp-content\\\/uploads\\\/2024\\\/10\\\/ZESTAW-01.webp\",\"datePublished\":\"2024-10-11T18:34:07+00:00\",\"dateModified\":\"2025-11-20T10:09:12+00:00\",\"description\":\"Zobacz produkt: Zestaw \u015bwi\u0105teczny nr. 01 \u015awi\u0105teczne zestawy prezentowe z alkoholem - Wino portugalskie czerwone wytrawne - dost\u0119pny online na Whisky and Wine Place wawp.pl\\\/prezenty !\",\"breadcrumb\":{\"@id\":\"https:\\\/\\\/wawp.pl\\\/prezenty\\\/produkt\\\/zestaw-swiateczny-nr-01\\\/#breadcrumb\"},\"inLanguage\":\"pl-PL\",\"potentialAction\":[{\"@type\":\"ReadAction\",\"target\":[\"https:\\\/\\\/wawp.pl\\\/prezenty\\\/produkt\\\/zestaw-swiateczny-nr-01\\\/\"]}]},{\"@type\":\"ImageObject\",\"inLanguage\":\"pl-PL\",\"@id\":\"https:\\\/\\\/wawp.pl\\\/prezenty\\\/produkt\\\/zestaw-swiateczny-nr-01\\\/#primaryimage\",\"url\":\"https:\\\/\\\/wawp.pl\\\/prezenty\\\/wp-content\\\/uploads\\\/2024\\\/10\\\/ZESTAW-01.webp\",\"contentUrl\":\"https:\\\/\\\/wawp.pl\\\/prezenty\\\/wp-content\\\/uploads\\\/2024\\\/10\\\/ZESTAW-01.webp\",\"width\":1900,\"height\":1900,\"caption\":\"Zestaw prezentowy z czerwonym winem Rebento da Cepa Tinto, czekoladowymi ciasteczkami i paluszkami pomara\u0144czowymi w ciemnej czekoladzie \u2013 elegancki prezent \u015bwi\u0105teczny dla koneser\u00f3w wina i smakoszy s\u0142odyczy.\"},{\"@type\":\"BreadcrumbList\",\"@id\":\"https:\\\/\\\/wawp.pl\\\/prezenty\\\/produkt\\\/zestaw-swiateczny-nr-01\\\/#breadcrumb\",\"itemListElement\":[{\"@type\":\"ListItem\",\"position\":1,\"name\":\"Strona g\u0142\u00f3wna\",\"item\":\"https:\\\/\\\/wawp.pl\\\/prezenty\\\/\"},{\"@type\":\"ListItem\",\"position\":2,\"name\":\"Shop\",\"item\":\"https:\\\/\\\/wawp.pl\\\/prezenty\\\/shop\\\/\"},{\"@type\":\"ListItem\",\"position\":3,\"name\":\"Zestaw \u015bwi\u0105teczny nr. 01\"}]},{\"@type\":\"WebSite\",\"@id\":\"https:\\\/\\\/wawp.pl\\\/prezenty\\\/#website\",\"url\":\"https:\\\/\\\/wawp.pl\\\/prezenty\\\/\",\"name\":\"Zestawy \u015awi\u0105teczne\",\"description\":\"Kosze \u015awi\u0105teczne, Podarunkowe, Prezentowe\",\"publisher\":{\"@id\":\"https:\\\/\\\/wawp.pl\\\/prezenty\\\/#organization\"},\"potentialAction\":[{\"@type\":\"SearchAction\",\"target\":{\"@type\":\"EntryPoint\",\"urlTemplate\":\"https:\\\/\\\/wawp.pl\\\/prezenty\\\/?s={search_term_string}\"},\"query-input\":{\"@type\":\"PropertyValueSpecification\",\"valueRequired\":true,\"valueName\":\"search_term_string\"}}],\"inLanguage\":\"pl-PL\"},{\"@type\":\"Organization\",\"@id\":\"https:\\\/\\\/wawp.pl\\\/prezenty\\\/#organization\",\"name\":\"Zestawy \u015awi\u0105teczne\",\"url\":\"https:\\\/\\\/wawp.pl\\\/prezenty\\\/\",\"logo\":{\"@type\":\"ImageObject\",\"inLanguage\":\"pl-PL\",\"@id\":\"https:\\\/\\\/wawp.pl\\\/prezenty\\\/#\\\/schema\\\/logo\\\/image\\\/\",\"url\":\"https:\\\/\\\/wawp.pl\\\/prezenty\\\/wp-content\\\/uploads\\\/2021\\\/11\\\/cropped-logo.png\",\"contentUrl\":\"https:\\\/\\\/wawp.pl\\\/prezenty\\\/wp-content\\\/uploads\\\/2021\\\/11\\\/cropped-logo.png\",\"width\":360,\"height\":137,\"caption\":\"Zestawy \u015awi\u0105teczne\"},\"image\":{\"@id\":\"https:\\\/\\\/wawp.pl\\\/prezenty\\\/#\\\/schema\\\/logo\\\/image\\\/\"}}]}<\/script>\n<!-- \/ Yoast SEO plugin. -->","yoast_head_json":{"title":"Zestaw \u015bwi\u0105teczny nr. 01: \u015awi\u0105teczne zestawy prezentowe z alkoholem - Wino portugalskie czerwone wytrawne | Zestawy \u015awi\u0105teczne","description":"Zobacz produkt: Zestaw \u015bwi\u0105teczny nr. 01 \u015awi\u0105teczne zestawy prezentowe z alkoholem - Wino portugalskie czerwone wytrawne - dost\u0119pny online na Whisky and Wine Place wawp.pl\/prezenty !","robots":{"index":"index","follow":"follow","max-snippet":"max-snippet:-1","max-image-preview":"max-image-preview:large","max-video-preview":"max-video-preview:-1"},"canonical":"https:\/\/wawp.pl\/prezenty\/produkt\/zestaw-swiateczny-nr-01\/","og_locale":"pl_PL","og_type":"article","og_title":"Zestaw \u015bwi\u0105teczny nr. 01: \u015awi\u0105teczne zestawy prezentowe z alkoholem - Wino portugalskie czerwone wytrawne | Zestawy \u015awi\u0105teczne","og_description":"Zobacz produkt: Zestaw \u015bwi\u0105teczny nr. 01 \u015awi\u0105teczne zestawy prezentowe z alkoholem - Wino portugalskie czerwone wytrawne - dost\u0119pny online na Whisky and Wine Place wawp.pl\/prezenty !","og_url":"https:\/\/wawp.pl\/prezenty\/produkt\/zestaw-swiateczny-nr-01\/","og_site_name":"Zestawy \u015awi\u0105teczne","article_modified_time":"2025-11-20T10:09:12+00:00","og_image":[{"width":1900,"height":1900,"url":"https:\/\/wawp.pl\/prezenty\/wp-content\/uploads\/2024\/10\/ZESTAW-01.webp","type":"image\/webp"}],"twitter_card":"summary_large_image","twitter_misc":{"Szacowany czas czytania":"1 minuta"},"schema":{"@context":"https:\/\/schema.org","@graph":[{"@type":"WebPage","@id":"https:\/\/wawp.pl\/prezenty\/produkt\/zestaw-swiateczny-nr-01\/","url":"https:\/\/wawp.pl\/prezenty\/produkt\/zestaw-swiateczny-nr-01\/","name":"Zestaw \u015bwi\u0105teczny nr. 01: \u015awi\u0105teczne zestawy prezentowe z alkoholem - Wino portugalskie czerwone wytrawne | Zestawy \u015awi\u0105teczne","isPartOf":{"@id":"https:\/\/wawp.pl\/prezenty\/#website"},"primaryImageOfPage":{"@id":"https:\/\/wawp.pl\/prezenty\/produkt\/zestaw-swiateczny-nr-01\/#primaryimage"},"image":{"@id":"https:\/\/wawp.pl\/prezenty\/produkt\/zestaw-swiateczny-nr-01\/#primaryimage"},"thumbnailUrl":"https:\/\/wawp.pl\/prezenty\/wp-content\/uploads\/2024\/10\/ZESTAW-01.webp","datePublished":"2024-10-11T18:34:07+00:00","dateModified":"2025-11-20T10:09:12+00:00","description":"Zobacz produkt: Zestaw \u015bwi\u0105teczny nr. 01 \u015awi\u0105teczne zestawy prezentowe z alkoholem - Wino portugalskie czerwone wytrawne - dost\u0119pny online na Whisky and Wine Place wawp.pl\/prezenty !","breadcrumb":{"@id":"https:\/\/wawp.pl\/prezenty\/produkt\/zestaw-swiateczny-nr-01\/#breadcrumb"},"inLanguage":"pl-PL","potentialAction":[{"@type":"ReadAction","target":["https:\/\/wawp.pl\/prezenty\/produkt\/zestaw-swiateczny-nr-01\/"]}]},{"@type":"ImageObject","inLanguage":"pl-PL","@id":"https:\/\/wawp.pl\/prezenty\/produkt\/zestaw-swiateczny-nr-01\/#primaryimage","url":"https:\/\/wawp.pl\/prezenty\/wp-content\/uploads\/2024\/10\/ZESTAW-01.webp","contentUrl":"https:\/\/wawp.pl\/prezenty\/wp-content\/uploads\/2024\/10\/ZESTAW-01.webp","width":1900,"height":1900,"caption":"Zestaw prezentowy z czerwonym winem Rebento da Cepa Tinto, czekoladowymi ciasteczkami i paluszkami pomara\u0144czowymi w ciemnej czekoladzie \u2013 elegancki prezent \u015bwi\u0105teczny dla koneser\u00f3w wina i smakoszy s\u0142odyczy."},{"@type":"BreadcrumbList","@id":"https:\/\/wawp.pl\/prezenty\/produkt\/zestaw-swiateczny-nr-01\/#breadcrumb","itemListElement":[{"@type":"ListItem","position":1,"name":"Strona g\u0142\u00f3wna","item":"https:\/\/wawp.pl\/prezenty\/"},{"@type":"ListItem","position":2,"name":"Shop","item":"https:\/\/wawp.pl\/prezenty\/shop\/"},{"@type":"ListItem","position":3,"name":"Zestaw \u015bwi\u0105teczny nr. 01"}]},{"@type":"WebSite","@id":"https:\/\/wawp.pl\/prezenty\/#website","url":"https:\/\/wawp.pl\/prezenty\/","name":"Zestawy \u015awi\u0105teczne","description":"Kosze \u015awi\u0105teczne, Podarunkowe, Prezentowe","publisher":{"@id":"https:\/\/wawp.pl\/prezenty\/#organization"},"potentialAction":[{"@type":"SearchAction","target":{"@type":"EntryPoint","urlTemplate":"https:\/\/wawp.pl\/prezenty\/?s={search_term_string}"},"query-input":{"@type":"PropertyValueSpecification","valueRequired":true,"valueName":"search_term_string"}}],"inLanguage":"pl-PL"},{"@type":"Organization","@id":"https:\/\/wawp.pl\/prezenty\/#organization","name":"Zestawy \u015awi\u0105teczne","url":"https:\/\/wawp.pl\/prezenty\/","logo":{"@type":"ImageObject","inLanguage":"pl-PL","@id":"https:\/\/wawp.pl\/prezenty\/#\/schema\/logo\/image\/","url":"https:\/\/wawp.pl\/prezenty\/wp-content\/uploads\/2021\/11\/cropped-logo.png","contentUrl":"https:\/\/wawp.pl\/prezenty\/wp-content\/uploads\/2021\/11\/cropped-logo.png","width":360,"height":137,"caption":"Zestawy \u015awi\u0105teczne"},"image":{"@id":"https:\/\/wawp.pl\/prezenty\/#\/schema\/logo\/image\/"}}]}},"_links":{"self":[{"href":"https:\/\/wawp.pl\/prezenty\/wp-json\/wp\/v2\/product\/3158","targetHints":{"allow":["GET"]}}],"collection":[{"href":"https:\/\/wawp.pl\/prezenty\/wp-json\/wp\/v2\/product"}],"about":[{"href":"https:\/\/wawp.pl\/prezenty\/wp-json\/wp\/v2\/types\/product"}],"wp:featuredmedia":[{"embeddable":true,"href":"https:\/\/wawp.pl\/prezenty\/wp-json\/wp\/v2\/media\/3510"}],"wp:attachment":[{"href":"https:\/\/wawp.pl\/prezenty\/wp-json\/wp\/v2\/media?parent=3158"}],"wp:term":[{"taxonomy":"product_brand","embeddable":true,"href":"https:\/\/wawp.pl\/prezenty\/wp-json\/wp\/v2\/product_brand?post=3158"},{"taxonomy":"product_cat","embeddable":true,"href":"https:\/\/wawp.pl\/prezenty\/wp-json\/wp\/v2\/product_cat?post=3158"},{"taxonomy":"product_tag","embeddable":true,"href":"https:\/\/wawp.pl\/prezenty\/wp-json\/wp\/v2\/product_tag?post=3158"}],"curies":[{"name":"wp","href":"https:\/\/api.w.org\/{rel}","templated":true}]}}