{"id":2428,"date":"2023-09-21T16:25:12","date_gmt":"2023-09-21T16:25:12","guid":{"rendered":"https:\/\/wawp.pl\/prezenty\/?post_type=product&#038;p=2428"},"modified":"2024-12-13T13:53:53","modified_gmt":"2024-12-13T13:53:53","slug":"szmaragd-z-tejo-zestaw-prezentowy-z-alkoholem-wino-portugalskie-czerwone-reserva-kawa-slodycze","status":"publish","type":"product","link":"https:\/\/wawp.pl\/prezenty\/produkt\/szmaragd-z-tejo-zestaw-prezentowy-z-alkoholem-wino-portugalskie-czerwone-reserva-kawa-slodycze\/","title":{"rendered":"Szmaragd z Tejo"},"content":{"rendered":"","protected":false},"excerpt":{"rendered":"<p id=\"E52\" class=\"x-scope qowt-word-para-0\"><span id=\"E53\">Box prezentowy z alkoholem dla <\/span><span id=\"E54\">kobiety<\/span><span id=\"E55\"> utrzymany jest w stonowanej kolorystyce a elementy zestawu dobrane tak, aby cieszy\u0142y zar\u00f3wno obdaro<\/span><span id=\"E56\">wan\u0105<\/span><span id=\"E57\">, jak i je<\/span><span id=\"E58\">j<\/span><span id=\"E59\"> bliskich. <\/span><span id=\"E60\">Doskona\u0142e, portugalskie wino to<\/span><span id=\"E61\"> uniwersalny podarunek, kt\u00f3ry na pewno zago\u015bci na ka\u017cdym stole,<\/span><span id=\"E62\"> u\u015bwietniaj\u0105c obiad czy kolacje<\/span><span id=\"E63\">. <\/span><span id=\"E65\">Miks<\/span><span id=\"E67\"> s\u0142odyczy i dodatk\u00f3w dla duszy i cia\u0142a dope\u0142niaj\u0105 ca\u0142o\u015bci i znakomicie wygl\u0105daj\u0105. <\/span><\/p>\n<p id=\"E70\" class=\"x-scope qowt-word-para-0\"><strong><span id=\"E72\">Portas<\/span><span id=\"E74\"> do <\/span><span id=\"E76\">Oriente<\/span><span id=\"E78\"> <\/span><span id=\"E80\">Reserva<\/span><\/strong><span id=\"E82\"> to czerwone, wytrawne wino z Portugalii. Pierwszym co rzuca si\u0119 w oczy, jest przepi\u0119kna etykieta ze z\u0142otym ornamentem na czarnym tle. W kieliszku za\u015b wino uwodzi aromatami je\u017cyn, czarnych porzeczek oraz przypraw korzennych. W smaku dostojne i wywa\u017cone. Doskona\u0142e do czerwonego mi\u0119sa, dziczyzny i dojrzewaj\u0105cych ser\u00f3w.<\/span><\/p>\n<p id=\"E83\" class=\"x-scope qowt-word-para-0\"><strong><span id=\"E84\">Myd\u0142o z miodem i propolisem <\/span><\/strong><span id=\"E85\">produkowane jest przez pasiek\u0119 \u0141yso\u0144 w zgodzie z natur\u0105. Mi\u00f3d oraz propolis, czyli pszczeli kit produkowany przez naszych ma\u0142ych przyjaci\u00f3\u0142 do uszczelniania swoich uli, posiada szeroki zakres w\u0142a\u015bciwo\u015bci zdrowych dla naszej sk\u00f3ry. 100g<\/span><\/p>\n<p id=\"E86\" class=\"x-scope qowt-word-para-0\"><span id=\"E87\"><strong>\u015awieca z naturalnego wosku pszczelego<\/strong> to niebanalny dodatek, kt\u00f3ry doda nastroju przy degustacji smako\u0142yk\u00f3w zawartych w zestawie upominkowym. 175g<\/span><\/p>\n<p id=\"E88\" class=\"x-scope qowt-word-para-0\"><span id=\"E89\"><strong>Czekolada<\/strong> z rzemie\u015blniczej pasieki <strong>\u0141yso\u0144<\/strong> z dodatkiem miodu gryczanego i orzech\u00f3w w\u0142oskich znakomicie podbije miodowe akcenty whisky i prze\u0142amie s\u0142odycz delikatn\u0105 orzechow\u0105 goryczk\u0105. 110g <\/span><\/p>\n<p id=\"E90\" class=\"x-scope qowt-word-para-0\"><span id=\"E91\"><strong>Trufla miodowa z bia\u0142ej czekolady<\/strong> to baton obsypany dodatkowo wi\u00f3rkami kokosowymi i z dodatkiem odrobiny wysokiej jako\u015bci rumu. 80g<\/span><\/p>\n<p id=\"E92\" class=\"x-scope qowt-word-para-0\"><span id=\"E93\"><strong>\u0141yso\u0144<\/strong> to <strong>naturalny mi\u00f3d pszczeli, wielokwiatowy<\/strong>. Pochodzi z ma\u0142ej rodzinnej pasieki i proces jego produkcji jest w 100% r\u0119czny. To uniwersalny dodatek do wielu potraw i napoj\u00f3w, a tak\u017ce lekarstwo na przezi\u0119bienia. 250g<\/span><\/p>\n<p id=\"E94\" class=\"x-scope qowt-word-para-0\"><strong><span id=\"E96\">Afficionado<\/span><\/strong><span id=\"E98\"> to ziarnista kawa wyprodukowana w 100% z ziaren <\/span><span id=\"E100\">arabiki<\/span><span id=\"E102\"> uprawianej wysoko w g\u00f3rach. Dost\u0119p do unikalnego klimatu oraz gleb pozwala im rozwin\u0105\u0107 wyj\u0105tkowe walory zapachowe i smakowe. <\/span><span id=\"E104\">Davidoff<\/span><span id=\"E106\"> Fine <\/span><span id=\"E108\">Aroma<\/span><span id=\"E110\"> posiada \u0142agodny owocowy aromat zbalansowany, kwasowo-goryczkowy smak co czyni j\u0105 bardzo uniwersalnym podarunkiem zar\u00f3wno dla koneser\u00f3w kawy, jak i mniej do\u015bwiadczonych mi\u0142o\u015bnik\u00f3w tego pobudzaj\u0105cego naparu. <\/span><\/p>\n<p id=\"E111\" class=\"x-scope qowt-word-para-0\"><span id=\"E112\"><strong>Kr\u00f3wki<\/strong> to dla ka\u017cdego z nas smak dzieci\u0144stwa. W tym przypadku podkr\u0119cony jeszcze solidn\u0105 porcj\u0105 miodu wielokwiatowego z rzemie\u015blniczej pasieki \u0141yso\u0144. Opakowane w estetyczny, czarny kartonik. 120g<\/span><\/p>\n<p id=\"E113\" class=\"x-scope qowt-word-para-0\"><span id=\"E114\">Opakowanie to mi\u0142e dla oka i dotyku tekturowe pude\u0142ko. Mi\u0119kka i estetyczna wy\u015bci\u00f3\u0142ka zapewnia bezpiecze\u0144stwo szklanym elementom zestawu. Wieko pude\u0142ka przewi\u0105zane nawi\u0105zuj\u0105c\u0105 do kolorystyki zestawu wst\u0105\u017ck\u0105. Ca\u0142o\u015b\u0107 przyjazna \u015brodowisku i podlegaj\u0105ca recyklingowi.<\/span><\/p>\n","protected":false},"featured_media":2429,"template":"","meta":{"_acf_changed":false},"product_brand":[],"product_cat":[35,33],"product_tag":[],"class_list":{"0":"post-2428","1":"product","2":"type-product","3":"status-publish","4":"has-post-thumbnail","6":"product_cat-alkohole-zestawy-prezentowe","7":"product_cat-zestawy-upominkowe","9":"first","10":"outofstock","11":"purchasable","12":"product-type-simple"},"acf":[],"yoast_head":"<!-- This site is optimized with the Yoast SEO plugin v27.3 - https:\/\/yoast.com\/product\/yoast-seo-wordpress\/ -->\n<title>Szmaragd z Tejo: Zestaw prezentowy z alkoholem - Wino portugalskie czerwone reserva kawa s\u0142odycze | Zestawy \u015awi\u0105teczne<\/title>\n<meta name=\"description\" content=\"Zobacz produkt: Szmaragd z Tejo Zestaw prezentowy z alkoholem - Wino portugalskie czerwone reserva kawa s\u0142odycze - dost\u0119pny online na Whisky and Wine Place wawp.pl\/prezenty !\" \/>\n<meta name=\"robots\" content=\"index, follow, max-snippet:-1, max-image-preview:large, max-video-preview:-1\" \/>\n<link rel=\"canonical\" href=\"https:\/\/wawp.pl\/prezenty\/produkt\/szmaragd-z-tejo-zestaw-prezentowy-z-alkoholem-wino-portugalskie-czerwone-reserva-kawa-slodycze\/\" \/>\n<meta property=\"og:locale\" content=\"pl_PL\" \/>\n<meta property=\"og:type\" content=\"article\" \/>\n<meta property=\"og:title\" content=\"Szmaragd z Tejo: Zestaw prezentowy z alkoholem - Wino portugalskie czerwone reserva kawa s\u0142odycze | Zestawy \u015awi\u0105teczne\" \/>\n<meta property=\"og:description\" content=\"Zobacz produkt: Szmaragd z Tejo Zestaw prezentowy z alkoholem - Wino portugalskie czerwone reserva kawa s\u0142odycze - dost\u0119pny online na Whisky and Wine Place wawp.pl\/prezenty !\" \/>\n<meta property=\"og:url\" content=\"https:\/\/wawp.pl\/prezenty\/produkt\/szmaragd-z-tejo-zestaw-prezentowy-z-alkoholem-wino-portugalskie-czerwone-reserva-kawa-slodycze\/\" \/>\n<meta property=\"og:site_name\" content=\"Zestawy \u015awi\u0105teczne\" \/>\n<meta property=\"article:modified_time\" content=\"2024-12-13T13:53:53+00:00\" \/>\n<meta property=\"og:image\" content=\"https:\/\/wawp.pl\/prezenty\/wp-content\/uploads\/2023\/09\/szmaragd-z-tejo-zestaw-prezentowy-z-alkoholem-wino-portugalskie-czerwone-reserva-kawa-slodycze.png\" \/>\n\t<meta property=\"og:image:width\" content=\"1200\" \/>\n\t<meta property=\"og:image:height\" content=\"1260\" \/>\n\t<meta property=\"og:image:type\" content=\"image\/png\" \/>\n<meta name=\"twitter:card\" content=\"summary_large_image\" \/>\n<script type=\"application\/ld+json\" class=\"yoast-schema-graph\">{\"@context\":\"https:\\\/\\\/schema.org\",\"@graph\":[{\"@type\":\"WebPage\",\"@id\":\"https:\\\/\\\/wawp.pl\\\/prezenty\\\/produkt\\\/szmaragd-z-tejo-zestaw-prezentowy-z-alkoholem-wino-portugalskie-czerwone-reserva-kawa-slodycze\\\/\",\"url\":\"https:\\\/\\\/wawp.pl\\\/prezenty\\\/produkt\\\/szmaragd-z-tejo-zestaw-prezentowy-z-alkoholem-wino-portugalskie-czerwone-reserva-kawa-slodycze\\\/\",\"name\":\"Szmaragd z Tejo: Zestaw prezentowy z alkoholem - Wino portugalskie czerwone reserva kawa s\u0142odycze | Zestawy \u015awi\u0105teczne\",\"isPartOf\":{\"@id\":\"https:\\\/\\\/wawp.pl\\\/prezenty\\\/#website\"},\"primaryImageOfPage\":{\"@id\":\"https:\\\/\\\/wawp.pl\\\/prezenty\\\/produkt\\\/szmaragd-z-tejo-zestaw-prezentowy-z-alkoholem-wino-portugalskie-czerwone-reserva-kawa-slodycze\\\/#primaryimage\"},\"image\":{\"@id\":\"https:\\\/\\\/wawp.pl\\\/prezenty\\\/produkt\\\/szmaragd-z-tejo-zestaw-prezentowy-z-alkoholem-wino-portugalskie-czerwone-reserva-kawa-slodycze\\\/#primaryimage\"},\"thumbnailUrl\":\"https:\\\/\\\/wawp.pl\\\/prezenty\\\/wp-content\\\/uploads\\\/2023\\\/09\\\/szmaragd-z-tejo-zestaw-prezentowy-z-alkoholem-wino-portugalskie-czerwone-reserva-kawa-slodycze.png\",\"datePublished\":\"2023-09-21T16:25:12+00:00\",\"dateModified\":\"2024-12-13T13:53:53+00:00\",\"description\":\"Zobacz produkt: Szmaragd z Tejo Zestaw prezentowy z alkoholem - Wino portugalskie czerwone reserva kawa s\u0142odycze - dost\u0119pny online na Whisky and Wine Place wawp.pl\\\/prezenty !\",\"breadcrumb\":{\"@id\":\"https:\\\/\\\/wawp.pl\\\/prezenty\\\/produkt\\\/szmaragd-z-tejo-zestaw-prezentowy-z-alkoholem-wino-portugalskie-czerwone-reserva-kawa-slodycze\\\/#breadcrumb\"},\"inLanguage\":\"pl-PL\",\"potentialAction\":[{\"@type\":\"ReadAction\",\"target\":[\"https:\\\/\\\/wawp.pl\\\/prezenty\\\/produkt\\\/szmaragd-z-tejo-zestaw-prezentowy-z-alkoholem-wino-portugalskie-czerwone-reserva-kawa-slodycze\\\/\"]}]},{\"@type\":\"ImageObject\",\"inLanguage\":\"pl-PL\",\"@id\":\"https:\\\/\\\/wawp.pl\\\/prezenty\\\/produkt\\\/szmaragd-z-tejo-zestaw-prezentowy-z-alkoholem-wino-portugalskie-czerwone-reserva-kawa-slodycze\\\/#primaryimage\",\"url\":\"https:\\\/\\\/wawp.pl\\\/prezenty\\\/wp-content\\\/uploads\\\/2023\\\/09\\\/szmaragd-z-tejo-zestaw-prezentowy-z-alkoholem-wino-portugalskie-czerwone-reserva-kawa-slodycze.png\",\"contentUrl\":\"https:\\\/\\\/wawp.pl\\\/prezenty\\\/wp-content\\\/uploads\\\/2023\\\/09\\\/szmaragd-z-tejo-zestaw-prezentowy-z-alkoholem-wino-portugalskie-czerwone-reserva-kawa-slodycze.png\",\"width\":1200,\"height\":1260,\"caption\":\"Ekskluzywne kosze prezentowe\"},{\"@type\":\"BreadcrumbList\",\"@id\":\"https:\\\/\\\/wawp.pl\\\/prezenty\\\/produkt\\\/szmaragd-z-tejo-zestaw-prezentowy-z-alkoholem-wino-portugalskie-czerwone-reserva-kawa-slodycze\\\/#breadcrumb\",\"itemListElement\":[{\"@type\":\"ListItem\",\"position\":1,\"name\":\"Strona g\u0142\u00f3wna\",\"item\":\"https:\\\/\\\/wawp.pl\\\/prezenty\\\/\"},{\"@type\":\"ListItem\",\"position\":2,\"name\":\"Shop\",\"item\":\"https:\\\/\\\/wawp.pl\\\/prezenty\\\/shop\\\/\"},{\"@type\":\"ListItem\",\"position\":3,\"name\":\"Szmaragd z Tejo\"}]},{\"@type\":\"WebSite\",\"@id\":\"https:\\\/\\\/wawp.pl\\\/prezenty\\\/#website\",\"url\":\"https:\\\/\\\/wawp.pl\\\/prezenty\\\/\",\"name\":\"Zestawy \u015awi\u0105teczne\",\"description\":\"Kosze \u015awi\u0105teczne, Podarunkowe, Prezentowe\",\"publisher\":{\"@id\":\"https:\\\/\\\/wawp.pl\\\/prezenty\\\/#organization\"},\"potentialAction\":[{\"@type\":\"SearchAction\",\"target\":{\"@type\":\"EntryPoint\",\"urlTemplate\":\"https:\\\/\\\/wawp.pl\\\/prezenty\\\/?s={search_term_string}\"},\"query-input\":{\"@type\":\"PropertyValueSpecification\",\"valueRequired\":true,\"valueName\":\"search_term_string\"}}],\"inLanguage\":\"pl-PL\"},{\"@type\":\"Organization\",\"@id\":\"https:\\\/\\\/wawp.pl\\\/prezenty\\\/#organization\",\"name\":\"Zestawy \u015awi\u0105teczne\",\"url\":\"https:\\\/\\\/wawp.pl\\\/prezenty\\\/\",\"logo\":{\"@type\":\"ImageObject\",\"inLanguage\":\"pl-PL\",\"@id\":\"https:\\\/\\\/wawp.pl\\\/prezenty\\\/#\\\/schema\\\/logo\\\/image\\\/\",\"url\":\"https:\\\/\\\/wawp.pl\\\/prezenty\\\/wp-content\\\/uploads\\\/2021\\\/11\\\/cropped-logo.png\",\"contentUrl\":\"https:\\\/\\\/wawp.pl\\\/prezenty\\\/wp-content\\\/uploads\\\/2021\\\/11\\\/cropped-logo.png\",\"width\":360,\"height\":137,\"caption\":\"Zestawy \u015awi\u0105teczne\"},\"image\":{\"@id\":\"https:\\\/\\\/wawp.pl\\\/prezenty\\\/#\\\/schema\\\/logo\\\/image\\\/\"}}]}<\/script>\n<!-- \/ Yoast SEO plugin. -->","yoast_head_json":{"title":"Szmaragd z Tejo: Zestaw prezentowy z alkoholem - Wino portugalskie czerwone reserva kawa s\u0142odycze | Zestawy \u015awi\u0105teczne","description":"Zobacz produkt: Szmaragd z Tejo Zestaw prezentowy z alkoholem - Wino portugalskie czerwone reserva kawa s\u0142odycze - dost\u0119pny online na Whisky and Wine Place wawp.pl\/prezenty !","robots":{"index":"index","follow":"follow","max-snippet":"max-snippet:-1","max-image-preview":"max-image-preview:large","max-video-preview":"max-video-preview:-1"},"canonical":"https:\/\/wawp.pl\/prezenty\/produkt\/szmaragd-z-tejo-zestaw-prezentowy-z-alkoholem-wino-portugalskie-czerwone-reserva-kawa-slodycze\/","og_locale":"pl_PL","og_type":"article","og_title":"Szmaragd z Tejo: Zestaw prezentowy z alkoholem - Wino portugalskie czerwone reserva kawa s\u0142odycze | Zestawy \u015awi\u0105teczne","og_description":"Zobacz produkt: Szmaragd z Tejo Zestaw prezentowy z alkoholem - Wino portugalskie czerwone reserva kawa s\u0142odycze - dost\u0119pny online na Whisky and Wine Place wawp.pl\/prezenty !","og_url":"https:\/\/wawp.pl\/prezenty\/produkt\/szmaragd-z-tejo-zestaw-prezentowy-z-alkoholem-wino-portugalskie-czerwone-reserva-kawa-slodycze\/","og_site_name":"Zestawy \u015awi\u0105teczne","article_modified_time":"2024-12-13T13:53:53+00:00","og_image":[{"width":1200,"height":1260,"url":"https:\/\/wawp.pl\/prezenty\/wp-content\/uploads\/2023\/09\/szmaragd-z-tejo-zestaw-prezentowy-z-alkoholem-wino-portugalskie-czerwone-reserva-kawa-slodycze.png","type":"image\/png"}],"twitter_card":"summary_large_image","schema":{"@context":"https:\/\/schema.org","@graph":[{"@type":"WebPage","@id":"https:\/\/wawp.pl\/prezenty\/produkt\/szmaragd-z-tejo-zestaw-prezentowy-z-alkoholem-wino-portugalskie-czerwone-reserva-kawa-slodycze\/","url":"https:\/\/wawp.pl\/prezenty\/produkt\/szmaragd-z-tejo-zestaw-prezentowy-z-alkoholem-wino-portugalskie-czerwone-reserva-kawa-slodycze\/","name":"Szmaragd z Tejo: Zestaw prezentowy z alkoholem - Wino portugalskie czerwone reserva kawa s\u0142odycze | Zestawy \u015awi\u0105teczne","isPartOf":{"@id":"https:\/\/wawp.pl\/prezenty\/#website"},"primaryImageOfPage":{"@id":"https:\/\/wawp.pl\/prezenty\/produkt\/szmaragd-z-tejo-zestaw-prezentowy-z-alkoholem-wino-portugalskie-czerwone-reserva-kawa-slodycze\/#primaryimage"},"image":{"@id":"https:\/\/wawp.pl\/prezenty\/produkt\/szmaragd-z-tejo-zestaw-prezentowy-z-alkoholem-wino-portugalskie-czerwone-reserva-kawa-slodycze\/#primaryimage"},"thumbnailUrl":"https:\/\/wawp.pl\/prezenty\/wp-content\/uploads\/2023\/09\/szmaragd-z-tejo-zestaw-prezentowy-z-alkoholem-wino-portugalskie-czerwone-reserva-kawa-slodycze.png","datePublished":"2023-09-21T16:25:12+00:00","dateModified":"2024-12-13T13:53:53+00:00","description":"Zobacz produkt: Szmaragd z Tejo Zestaw prezentowy z alkoholem - Wino portugalskie czerwone reserva kawa s\u0142odycze - dost\u0119pny online na Whisky and Wine Place wawp.pl\/prezenty !","breadcrumb":{"@id":"https:\/\/wawp.pl\/prezenty\/produkt\/szmaragd-z-tejo-zestaw-prezentowy-z-alkoholem-wino-portugalskie-czerwone-reserva-kawa-slodycze\/#breadcrumb"},"inLanguage":"pl-PL","potentialAction":[{"@type":"ReadAction","target":["https:\/\/wawp.pl\/prezenty\/produkt\/szmaragd-z-tejo-zestaw-prezentowy-z-alkoholem-wino-portugalskie-czerwone-reserva-kawa-slodycze\/"]}]},{"@type":"ImageObject","inLanguage":"pl-PL","@id":"https:\/\/wawp.pl\/prezenty\/produkt\/szmaragd-z-tejo-zestaw-prezentowy-z-alkoholem-wino-portugalskie-czerwone-reserva-kawa-slodycze\/#primaryimage","url":"https:\/\/wawp.pl\/prezenty\/wp-content\/uploads\/2023\/09\/szmaragd-z-tejo-zestaw-prezentowy-z-alkoholem-wino-portugalskie-czerwone-reserva-kawa-slodycze.png","contentUrl":"https:\/\/wawp.pl\/prezenty\/wp-content\/uploads\/2023\/09\/szmaragd-z-tejo-zestaw-prezentowy-z-alkoholem-wino-portugalskie-czerwone-reserva-kawa-slodycze.png","width":1200,"height":1260,"caption":"Ekskluzywne kosze prezentowe"},{"@type":"BreadcrumbList","@id":"https:\/\/wawp.pl\/prezenty\/produkt\/szmaragd-z-tejo-zestaw-prezentowy-z-alkoholem-wino-portugalskie-czerwone-reserva-kawa-slodycze\/#breadcrumb","itemListElement":[{"@type":"ListItem","position":1,"name":"Strona g\u0142\u00f3wna","item":"https:\/\/wawp.pl\/prezenty\/"},{"@type":"ListItem","position":2,"name":"Shop","item":"https:\/\/wawp.pl\/prezenty\/shop\/"},{"@type":"ListItem","position":3,"name":"Szmaragd z Tejo"}]},{"@type":"WebSite","@id":"https:\/\/wawp.pl\/prezenty\/#website","url":"https:\/\/wawp.pl\/prezenty\/","name":"Zestawy \u015awi\u0105teczne","description":"Kosze \u015awi\u0105teczne, Podarunkowe, Prezentowe","publisher":{"@id":"https:\/\/wawp.pl\/prezenty\/#organization"},"potentialAction":[{"@type":"SearchAction","target":{"@type":"EntryPoint","urlTemplate":"https:\/\/wawp.pl\/prezenty\/?s={search_term_string}"},"query-input":{"@type":"PropertyValueSpecification","valueRequired":true,"valueName":"search_term_string"}}],"inLanguage":"pl-PL"},{"@type":"Organization","@id":"https:\/\/wawp.pl\/prezenty\/#organization","name":"Zestawy \u015awi\u0105teczne","url":"https:\/\/wawp.pl\/prezenty\/","logo":{"@type":"ImageObject","inLanguage":"pl-PL","@id":"https:\/\/wawp.pl\/prezenty\/#\/schema\/logo\/image\/","url":"https:\/\/wawp.pl\/prezenty\/wp-content\/uploads\/2021\/11\/cropped-logo.png","contentUrl":"https:\/\/wawp.pl\/prezenty\/wp-content\/uploads\/2021\/11\/cropped-logo.png","width":360,"height":137,"caption":"Zestawy \u015awi\u0105teczne"},"image":{"@id":"https:\/\/wawp.pl\/prezenty\/#\/schema\/logo\/image\/"}}]}},"_links":{"self":[{"href":"https:\/\/wawp.pl\/prezenty\/wp-json\/wp\/v2\/product\/2428","targetHints":{"allow":["GET"]}}],"collection":[{"href":"https:\/\/wawp.pl\/prezenty\/wp-json\/wp\/v2\/product"}],"about":[{"href":"https:\/\/wawp.pl\/prezenty\/wp-json\/wp\/v2\/types\/product"}],"wp:featuredmedia":[{"embeddable":true,"href":"https:\/\/wawp.pl\/prezenty\/wp-json\/wp\/v2\/media\/2429"}],"wp:attachment":[{"href":"https:\/\/wawp.pl\/prezenty\/wp-json\/wp\/v2\/media?parent=2428"}],"wp:term":[{"taxonomy":"product_brand","embeddable":true,"href":"https:\/\/wawp.pl\/prezenty\/wp-json\/wp\/v2\/product_brand?post=2428"},{"taxonomy":"product_cat","embeddable":true,"href":"https:\/\/wawp.pl\/prezenty\/wp-json\/wp\/v2\/product_cat?post=2428"},{"taxonomy":"product_tag","embeddable":true,"href":"https:\/\/wawp.pl\/prezenty\/wp-json\/wp\/v2\/product_tag?post=2428"}],"curies":[{"name":"wp","href":"https:\/\/api.w.org\/{rel}","templated":true}]}}