{"id":2424,"date":"2023-09-21T14:08:25","date_gmt":"2023-09-21T14:08:25","guid":{"rendered":"https:\/\/wawp.pl\/prezenty\/?post_type=product&#038;p=2424"},"modified":"2024-12-13T13:26:45","modified_gmt":"2024-12-13T13:26:45","slug":"katalonski-romans-zestaw-prezentowy-z-alkoholem-wino-rozowe-hiszpanskie-katalonia-slodycze-kosmetyki","status":"publish","type":"product","link":"https:\/\/wawp.pl\/prezenty\/produkt\/katalonski-romans-zestaw-prezentowy-z-alkoholem-wino-rozowe-hiszpanskie-katalonia-slodycze-kosmetyki\/","title":{"rendered":"Katalo\u0144ski romans"},"content":{"rendered":"","protected":false},"excerpt":{"rendered":"<p id=\"E49\" class=\"x-scope qowt-word-para-0\"><span id=\"E50\">Zestaw upominkowy z winem o \u017cywych, czerwonych barwach \u015bwietnie sprawdzi si\u0119 jako prezent na rocznic\u0119 \u015blubu. Doskona\u0142y trunek, s\u0142odycze, owocowe przetwory, a tak\u017ce drobiazg do k\u0105pieli sprawi wiele rado\u015bci ka\u017cdej \u017conie. Box upominkowy z alkoholem to zawsze \u015bwietny pomys\u0142, aby podkre\u015bli\u0107 s\u0142owa \u201edzi\u0119kuj\u0119\u201d lub \u201ekocham Ci\u0119\u201d. <\/span><\/p>\n<p id=\"E51\" class=\"x-scope qowt-word-para-0\"><span id=\"E54\">Box delikatesowy zawiera znakomite, hiszpa\u0144skie wino <strong>In Vita <\/strong><\/span><strong><span id=\"E56\">Rose<\/span><\/strong><span id=\"E58\">. To wytrawne wino produkowane w znanym i cenionym regionie Rioja. Powstaje ze szczep\u00f3w winogron <\/span><span id=\"E60\">Tempranillo<\/span><span id=\"E62\"> i <\/span><span id=\"E64\">Garnacha<\/span><span id=\"E66\">. Aromat bujny i intensywny przypominaj\u0105cy maliny i poziomki. W smaku soczyste i orze\u017awiaj\u0105ce. Idealne na wiecz\u00f3r w ogrodzie. 0,7L<\/span><\/p>\n<p id=\"E67\" class=\"x-scope qowt-word-para-0\"><strong><span id=\"E69\">Amaresti<\/span><\/strong><span id=\"E71\"> to pi\u0119knie opakowane, suszone owoce \u017curawiny w ca\u0142o\u015bci oblane wysokiej jako\u015bci czekolad\u0105 deserow\u0105. 80g<\/span><\/p>\n<p id=\"E72\" class=\"x-scope qowt-word-para-0\"><strong><span id=\"E74\">Excelcium<\/span><span id=\"E76\"> <\/span><span id=\"E78\">Choc<\/span><\/strong><span id=\"E80\"><strong> &amp; Plus<\/strong> to belgijskie czekoladki z dodatkiem naturalnych, suszonych malin. 107g<\/span><\/p>\n<p id=\"E81\" class=\"x-scope qowt-word-para-0\"><span id=\"E82\"><strong>Czekolada bia\u0142a<\/strong> z miodem, jagodami i malinami to rzemie\u015blniczy produkt ma\u0142ej rodzinnej pasieki <strong>\u0141yso\u0144<\/strong>. Ka\u017cda tabliczka opr\u00f3cz wysokiej jako\u015bci belgijskiej czekolady zawiera jeszcze du\u017c\u0105 dawk\u0119 naturalnego, wielokwiatowego miodu i ca\u0142e, suszone owoce. 70g<\/span><\/p>\n<p id=\"E83\" class=\"x-scope qowt-word-para-0\"><span id=\"E84\"><strong>Konfitura czekoladowo-truskawkowa<\/strong> to polski wyr\u00f3b manufakturowy powstaj\u0105cy w ma\u0142ych partiach ze staranie wyselekcjonowanych, wielkopolskich owoc\u00f3w i najwy\u017cszej jako\u015bci kakao. Smako\u0142yk jest w 100% naturalny i nie zawiera konserwant\u00f3w ani GMO. 200g<\/span><\/p>\n<p id=\"E85\" class=\"x-scope qowt-word-para-0\"><span id=\"E86\"><strong>Myd\u0142o<\/strong> <strong>do cia\u0142a<\/strong> z dodatkiem p\u0142at\u00f3w r\u00f3\u017c i olejku migda\u0142owego. Pi\u0119knie pachnie i \u015bwietnie piel\u0119gnuje sk\u00f3r\u0119. 20g<\/span><\/p>\n<p id=\"E87\" class=\"x-scope qowt-word-para-0\"><span id=\"E88\">Opakowanie to mi\u0142e dla oka i dotyku tekturowe pude\u0142ko. Mi\u0119kka i estetyczna wy\u015bci\u00f3\u0142ka zapewnia bezpiecze\u0144stwo szklanym elementom zestawu. Wieko pude\u0142ka przewi\u0105zane nawi\u0105zuj\u0105c\u0105 do kolorystyki zestawu wst\u0105\u017ck\u0105. Ca\u0142o\u015b\u0107 przyjazna \u015brodowisku i podlegaj\u0105ca recyklingowi.<\/span><\/p>\n","protected":false},"featured_media":2425,"template":"","meta":{"_acf_changed":false},"product_brand":[],"product_cat":[35,33],"product_tag":[],"class_list":{"0":"post-2424","1":"product","2":"type-product","3":"status-publish","4":"has-post-thumbnail","6":"product_cat-alkohole-zestawy-prezentowe","7":"product_cat-zestawy-upominkowe","9":"first","10":"outofstock","11":"purchasable","12":"product-type-simple"},"acf":[],"yoast_head":"<!-- This site is optimized with the Yoast SEO plugin v27.3 - https:\/\/yoast.com\/product\/yoast-seo-wordpress\/ -->\n<title>Katalo\u0144ski romans: Zestaw prezentowy z alkoholem - Wino r\u00f3\u017cowe hiszpa\u0144skie Katalonia s\u0142odycze kosmetyki | Zestawy \u015awi\u0105teczne<\/title>\n<meta name=\"description\" content=\"Zobacz produkt: Katalo\u0144ski romans Zestaw prezentowy z alkoholem - Wino r\u00f3\u017cowe hiszpa\u0144skie Katalonia s\u0142odycze kosmetyki - dost\u0119pny online na Whisky and Wine Place wawp.pl\/prezenty !\" \/>\n<meta name=\"robots\" content=\"index, follow, max-snippet:-1, max-image-preview:large, max-video-preview:-1\" \/>\n<link rel=\"canonical\" href=\"https:\/\/wawp.pl\/prezenty\/produkt\/katalonski-romans-zestaw-prezentowy-z-alkoholem-wino-rozowe-hiszpanskie-katalonia-slodycze-kosmetyki\/\" \/>\n<meta property=\"og:locale\" content=\"pl_PL\" \/>\n<meta property=\"og:type\" content=\"article\" \/>\n<meta property=\"og:title\" content=\"Katalo\u0144ski romans: Zestaw prezentowy z alkoholem - Wino r\u00f3\u017cowe hiszpa\u0144skie Katalonia s\u0142odycze kosmetyki | Zestawy \u015awi\u0105teczne\" \/>\n<meta property=\"og:description\" content=\"Zobacz produkt: Katalo\u0144ski romans Zestaw prezentowy z alkoholem - Wino r\u00f3\u017cowe hiszpa\u0144skie Katalonia s\u0142odycze kosmetyki - dost\u0119pny online na Whisky and Wine Place wawp.pl\/prezenty !\" \/>\n<meta property=\"og:url\" content=\"https:\/\/wawp.pl\/prezenty\/produkt\/katalonski-romans-zestaw-prezentowy-z-alkoholem-wino-rozowe-hiszpanskie-katalonia-slodycze-kosmetyki\/\" \/>\n<meta property=\"og:site_name\" content=\"Zestawy \u015awi\u0105teczne\" \/>\n<meta property=\"article:modified_time\" content=\"2024-12-13T13:26:45+00:00\" \/>\n<meta property=\"og:image\" content=\"https:\/\/wawp.pl\/prezenty\/wp-content\/uploads\/2023\/09\/katalonski-romans-zestaw-prezentowy-z-alkoholem-wino-rozowe-hiszpanskie-katalonia-slodycze-kosmetyki.png\" \/>\n\t<meta property=\"og:image:width\" content=\"1200\" \/>\n\t<meta property=\"og:image:height\" content=\"1260\" \/>\n\t<meta property=\"og:image:type\" content=\"image\/png\" \/>\n<meta name=\"twitter:card\" content=\"summary_large_image\" \/>\n<script type=\"application\/ld+json\" class=\"yoast-schema-graph\">{\"@context\":\"https:\\\/\\\/schema.org\",\"@graph\":[{\"@type\":\"WebPage\",\"@id\":\"https:\\\/\\\/wawp.pl\\\/prezenty\\\/produkt\\\/katalonski-romans-zestaw-prezentowy-z-alkoholem-wino-rozowe-hiszpanskie-katalonia-slodycze-kosmetyki\\\/\",\"url\":\"https:\\\/\\\/wawp.pl\\\/prezenty\\\/produkt\\\/katalonski-romans-zestaw-prezentowy-z-alkoholem-wino-rozowe-hiszpanskie-katalonia-slodycze-kosmetyki\\\/\",\"name\":\"Katalo\u0144ski romans: Zestaw prezentowy z alkoholem - Wino r\u00f3\u017cowe hiszpa\u0144skie Katalonia s\u0142odycze kosmetyki | Zestawy \u015awi\u0105teczne\",\"isPartOf\":{\"@id\":\"https:\\\/\\\/wawp.pl\\\/prezenty\\\/#website\"},\"primaryImageOfPage\":{\"@id\":\"https:\\\/\\\/wawp.pl\\\/prezenty\\\/produkt\\\/katalonski-romans-zestaw-prezentowy-z-alkoholem-wino-rozowe-hiszpanskie-katalonia-slodycze-kosmetyki\\\/#primaryimage\"},\"image\":{\"@id\":\"https:\\\/\\\/wawp.pl\\\/prezenty\\\/produkt\\\/katalonski-romans-zestaw-prezentowy-z-alkoholem-wino-rozowe-hiszpanskie-katalonia-slodycze-kosmetyki\\\/#primaryimage\"},\"thumbnailUrl\":\"https:\\\/\\\/wawp.pl\\\/prezenty\\\/wp-content\\\/uploads\\\/2023\\\/09\\\/katalonski-romans-zestaw-prezentowy-z-alkoholem-wino-rozowe-hiszpanskie-katalonia-slodycze-kosmetyki.png\",\"datePublished\":\"2023-09-21T14:08:25+00:00\",\"dateModified\":\"2024-12-13T13:26:45+00:00\",\"description\":\"Zobacz produkt: Katalo\u0144ski romans Zestaw prezentowy z alkoholem - Wino r\u00f3\u017cowe hiszpa\u0144skie Katalonia s\u0142odycze kosmetyki - dost\u0119pny online na Whisky and Wine Place wawp.pl\\\/prezenty !\",\"breadcrumb\":{\"@id\":\"https:\\\/\\\/wawp.pl\\\/prezenty\\\/produkt\\\/katalonski-romans-zestaw-prezentowy-z-alkoholem-wino-rozowe-hiszpanskie-katalonia-slodycze-kosmetyki\\\/#breadcrumb\"},\"inLanguage\":\"pl-PL\",\"potentialAction\":[{\"@type\":\"ReadAction\",\"target\":[\"https:\\\/\\\/wawp.pl\\\/prezenty\\\/produkt\\\/katalonski-romans-zestaw-prezentowy-z-alkoholem-wino-rozowe-hiszpanskie-katalonia-slodycze-kosmetyki\\\/\"]}]},{\"@type\":\"ImageObject\",\"inLanguage\":\"pl-PL\",\"@id\":\"https:\\\/\\\/wawp.pl\\\/prezenty\\\/produkt\\\/katalonski-romans-zestaw-prezentowy-z-alkoholem-wino-rozowe-hiszpanskie-katalonia-slodycze-kosmetyki\\\/#primaryimage\",\"url\":\"https:\\\/\\\/wawp.pl\\\/prezenty\\\/wp-content\\\/uploads\\\/2023\\\/09\\\/katalonski-romans-zestaw-prezentowy-z-alkoholem-wino-rozowe-hiszpanskie-katalonia-slodycze-kosmetyki.png\",\"contentUrl\":\"https:\\\/\\\/wawp.pl\\\/prezenty\\\/wp-content\\\/uploads\\\/2023\\\/09\\\/katalonski-romans-zestaw-prezentowy-z-alkoholem-wino-rozowe-hiszpanskie-katalonia-slodycze-kosmetyki.png\",\"width\":1200,\"height\":1260,\"caption\":\"Kosze prezentowe ze s\u0142odyczami i alkoholem\"},{\"@type\":\"BreadcrumbList\",\"@id\":\"https:\\\/\\\/wawp.pl\\\/prezenty\\\/produkt\\\/katalonski-romans-zestaw-prezentowy-z-alkoholem-wino-rozowe-hiszpanskie-katalonia-slodycze-kosmetyki\\\/#breadcrumb\",\"itemListElement\":[{\"@type\":\"ListItem\",\"position\":1,\"name\":\"Strona g\u0142\u00f3wna\",\"item\":\"https:\\\/\\\/wawp.pl\\\/prezenty\\\/\"},{\"@type\":\"ListItem\",\"position\":2,\"name\":\"Shop\",\"item\":\"https:\\\/\\\/wawp.pl\\\/prezenty\\\/shop\\\/\"},{\"@type\":\"ListItem\",\"position\":3,\"name\":\"Katalo\u0144ski romans\"}]},{\"@type\":\"WebSite\",\"@id\":\"https:\\\/\\\/wawp.pl\\\/prezenty\\\/#website\",\"url\":\"https:\\\/\\\/wawp.pl\\\/prezenty\\\/\",\"name\":\"Zestawy \u015awi\u0105teczne\",\"description\":\"Kosze \u015awi\u0105teczne, Podarunkowe, Prezentowe\",\"publisher\":{\"@id\":\"https:\\\/\\\/wawp.pl\\\/prezenty\\\/#organization\"},\"potentialAction\":[{\"@type\":\"SearchAction\",\"target\":{\"@type\":\"EntryPoint\",\"urlTemplate\":\"https:\\\/\\\/wawp.pl\\\/prezenty\\\/?s={search_term_string}\"},\"query-input\":{\"@type\":\"PropertyValueSpecification\",\"valueRequired\":true,\"valueName\":\"search_term_string\"}}],\"inLanguage\":\"pl-PL\"},{\"@type\":\"Organization\",\"@id\":\"https:\\\/\\\/wawp.pl\\\/prezenty\\\/#organization\",\"name\":\"Zestawy \u015awi\u0105teczne\",\"url\":\"https:\\\/\\\/wawp.pl\\\/prezenty\\\/\",\"logo\":{\"@type\":\"ImageObject\",\"inLanguage\":\"pl-PL\",\"@id\":\"https:\\\/\\\/wawp.pl\\\/prezenty\\\/#\\\/schema\\\/logo\\\/image\\\/\",\"url\":\"https:\\\/\\\/wawp.pl\\\/prezenty\\\/wp-content\\\/uploads\\\/2021\\\/11\\\/cropped-logo.png\",\"contentUrl\":\"https:\\\/\\\/wawp.pl\\\/prezenty\\\/wp-content\\\/uploads\\\/2021\\\/11\\\/cropped-logo.png\",\"width\":360,\"height\":137,\"caption\":\"Zestawy \u015awi\u0105teczne\"},\"image\":{\"@id\":\"https:\\\/\\\/wawp.pl\\\/prezenty\\\/#\\\/schema\\\/logo\\\/image\\\/\"}}]}<\/script>\n<!-- \/ Yoast SEO plugin. -->","yoast_head_json":{"title":"Katalo\u0144ski romans: Zestaw prezentowy z alkoholem - Wino r\u00f3\u017cowe hiszpa\u0144skie Katalonia s\u0142odycze kosmetyki | Zestawy \u015awi\u0105teczne","description":"Zobacz produkt: Katalo\u0144ski romans Zestaw prezentowy z alkoholem - Wino r\u00f3\u017cowe hiszpa\u0144skie Katalonia s\u0142odycze kosmetyki - dost\u0119pny online na Whisky and Wine Place wawp.pl\/prezenty !","robots":{"index":"index","follow":"follow","max-snippet":"max-snippet:-1","max-image-preview":"max-image-preview:large","max-video-preview":"max-video-preview:-1"},"canonical":"https:\/\/wawp.pl\/prezenty\/produkt\/katalonski-romans-zestaw-prezentowy-z-alkoholem-wino-rozowe-hiszpanskie-katalonia-slodycze-kosmetyki\/","og_locale":"pl_PL","og_type":"article","og_title":"Katalo\u0144ski romans: Zestaw prezentowy z alkoholem - Wino r\u00f3\u017cowe hiszpa\u0144skie Katalonia s\u0142odycze kosmetyki | Zestawy \u015awi\u0105teczne","og_description":"Zobacz produkt: Katalo\u0144ski romans Zestaw prezentowy z alkoholem - Wino r\u00f3\u017cowe hiszpa\u0144skie Katalonia s\u0142odycze kosmetyki - dost\u0119pny online na Whisky and Wine Place wawp.pl\/prezenty !","og_url":"https:\/\/wawp.pl\/prezenty\/produkt\/katalonski-romans-zestaw-prezentowy-z-alkoholem-wino-rozowe-hiszpanskie-katalonia-slodycze-kosmetyki\/","og_site_name":"Zestawy \u015awi\u0105teczne","article_modified_time":"2024-12-13T13:26:45+00:00","og_image":[{"width":1200,"height":1260,"url":"https:\/\/wawp.pl\/prezenty\/wp-content\/uploads\/2023\/09\/katalonski-romans-zestaw-prezentowy-z-alkoholem-wino-rozowe-hiszpanskie-katalonia-slodycze-kosmetyki.png","type":"image\/png"}],"twitter_card":"summary_large_image","schema":{"@context":"https:\/\/schema.org","@graph":[{"@type":"WebPage","@id":"https:\/\/wawp.pl\/prezenty\/produkt\/katalonski-romans-zestaw-prezentowy-z-alkoholem-wino-rozowe-hiszpanskie-katalonia-slodycze-kosmetyki\/","url":"https:\/\/wawp.pl\/prezenty\/produkt\/katalonski-romans-zestaw-prezentowy-z-alkoholem-wino-rozowe-hiszpanskie-katalonia-slodycze-kosmetyki\/","name":"Katalo\u0144ski romans: Zestaw prezentowy z alkoholem - Wino r\u00f3\u017cowe hiszpa\u0144skie Katalonia s\u0142odycze kosmetyki | Zestawy \u015awi\u0105teczne","isPartOf":{"@id":"https:\/\/wawp.pl\/prezenty\/#website"},"primaryImageOfPage":{"@id":"https:\/\/wawp.pl\/prezenty\/produkt\/katalonski-romans-zestaw-prezentowy-z-alkoholem-wino-rozowe-hiszpanskie-katalonia-slodycze-kosmetyki\/#primaryimage"},"image":{"@id":"https:\/\/wawp.pl\/prezenty\/produkt\/katalonski-romans-zestaw-prezentowy-z-alkoholem-wino-rozowe-hiszpanskie-katalonia-slodycze-kosmetyki\/#primaryimage"},"thumbnailUrl":"https:\/\/wawp.pl\/prezenty\/wp-content\/uploads\/2023\/09\/katalonski-romans-zestaw-prezentowy-z-alkoholem-wino-rozowe-hiszpanskie-katalonia-slodycze-kosmetyki.png","datePublished":"2023-09-21T14:08:25+00:00","dateModified":"2024-12-13T13:26:45+00:00","description":"Zobacz produkt: Katalo\u0144ski romans Zestaw prezentowy z alkoholem - Wino r\u00f3\u017cowe hiszpa\u0144skie Katalonia s\u0142odycze kosmetyki - dost\u0119pny online na Whisky and Wine Place wawp.pl\/prezenty !","breadcrumb":{"@id":"https:\/\/wawp.pl\/prezenty\/produkt\/katalonski-romans-zestaw-prezentowy-z-alkoholem-wino-rozowe-hiszpanskie-katalonia-slodycze-kosmetyki\/#breadcrumb"},"inLanguage":"pl-PL","potentialAction":[{"@type":"ReadAction","target":["https:\/\/wawp.pl\/prezenty\/produkt\/katalonski-romans-zestaw-prezentowy-z-alkoholem-wino-rozowe-hiszpanskie-katalonia-slodycze-kosmetyki\/"]}]},{"@type":"ImageObject","inLanguage":"pl-PL","@id":"https:\/\/wawp.pl\/prezenty\/produkt\/katalonski-romans-zestaw-prezentowy-z-alkoholem-wino-rozowe-hiszpanskie-katalonia-slodycze-kosmetyki\/#primaryimage","url":"https:\/\/wawp.pl\/prezenty\/wp-content\/uploads\/2023\/09\/katalonski-romans-zestaw-prezentowy-z-alkoholem-wino-rozowe-hiszpanskie-katalonia-slodycze-kosmetyki.png","contentUrl":"https:\/\/wawp.pl\/prezenty\/wp-content\/uploads\/2023\/09\/katalonski-romans-zestaw-prezentowy-z-alkoholem-wino-rozowe-hiszpanskie-katalonia-slodycze-kosmetyki.png","width":1200,"height":1260,"caption":"Kosze prezentowe ze s\u0142odyczami i alkoholem"},{"@type":"BreadcrumbList","@id":"https:\/\/wawp.pl\/prezenty\/produkt\/katalonski-romans-zestaw-prezentowy-z-alkoholem-wino-rozowe-hiszpanskie-katalonia-slodycze-kosmetyki\/#breadcrumb","itemListElement":[{"@type":"ListItem","position":1,"name":"Strona g\u0142\u00f3wna","item":"https:\/\/wawp.pl\/prezenty\/"},{"@type":"ListItem","position":2,"name":"Shop","item":"https:\/\/wawp.pl\/prezenty\/shop\/"},{"@type":"ListItem","position":3,"name":"Katalo\u0144ski romans"}]},{"@type":"WebSite","@id":"https:\/\/wawp.pl\/prezenty\/#website","url":"https:\/\/wawp.pl\/prezenty\/","name":"Zestawy \u015awi\u0105teczne","description":"Kosze \u015awi\u0105teczne, Podarunkowe, Prezentowe","publisher":{"@id":"https:\/\/wawp.pl\/prezenty\/#organization"},"potentialAction":[{"@type":"SearchAction","target":{"@type":"EntryPoint","urlTemplate":"https:\/\/wawp.pl\/prezenty\/?s={search_term_string}"},"query-input":{"@type":"PropertyValueSpecification","valueRequired":true,"valueName":"search_term_string"}}],"inLanguage":"pl-PL"},{"@type":"Organization","@id":"https:\/\/wawp.pl\/prezenty\/#organization","name":"Zestawy \u015awi\u0105teczne","url":"https:\/\/wawp.pl\/prezenty\/","logo":{"@type":"ImageObject","inLanguage":"pl-PL","@id":"https:\/\/wawp.pl\/prezenty\/#\/schema\/logo\/image\/","url":"https:\/\/wawp.pl\/prezenty\/wp-content\/uploads\/2021\/11\/cropped-logo.png","contentUrl":"https:\/\/wawp.pl\/prezenty\/wp-content\/uploads\/2021\/11\/cropped-logo.png","width":360,"height":137,"caption":"Zestawy \u015awi\u0105teczne"},"image":{"@id":"https:\/\/wawp.pl\/prezenty\/#\/schema\/logo\/image\/"}}]}},"_links":{"self":[{"href":"https:\/\/wawp.pl\/prezenty\/wp-json\/wp\/v2\/product\/2424","targetHints":{"allow":["GET"]}}],"collection":[{"href":"https:\/\/wawp.pl\/prezenty\/wp-json\/wp\/v2\/product"}],"about":[{"href":"https:\/\/wawp.pl\/prezenty\/wp-json\/wp\/v2\/types\/product"}],"wp:featuredmedia":[{"embeddable":true,"href":"https:\/\/wawp.pl\/prezenty\/wp-json\/wp\/v2\/media\/2425"}],"wp:attachment":[{"href":"https:\/\/wawp.pl\/prezenty\/wp-json\/wp\/v2\/media?parent=2424"}],"wp:term":[{"taxonomy":"product_brand","embeddable":true,"href":"https:\/\/wawp.pl\/prezenty\/wp-json\/wp\/v2\/product_brand?post=2424"},{"taxonomy":"product_cat","embeddable":true,"href":"https:\/\/wawp.pl\/prezenty\/wp-json\/wp\/v2\/product_cat?post=2424"},{"taxonomy":"product_tag","embeddable":true,"href":"https:\/\/wawp.pl\/prezenty\/wp-json\/wp\/v2\/product_tag?post=2424"}],"curies":[{"name":"wp","href":"https:\/\/api.w.org\/{rel}","templated":true}]}}