{"id":2414,"date":"2023-09-20T16:09:17","date_gmt":"2023-09-20T16:09:17","guid":{"rendered":"https:\/\/wawp.pl\/prezenty\/?post_type=product&#038;p=2414"},"modified":"2024-12-13T13:53:53","modified_gmt":"2024-12-13T13:53:53","slug":"randka-nad-renem-zestaw-prezentowy-z-alkoholem-wino-rozowe-niemieckie-slodycze-kosmetyki","status":"publish","type":"product","link":"https:\/\/wawp.pl\/prezenty\/produkt\/randka-nad-renem-zestaw-prezentowy-z-alkoholem-wino-rozowe-niemieckie-slodycze-kosmetyki\/","title":{"rendered":"Randka nad Renem"},"content":{"rendered":"","protected":false},"excerpt":{"rendered":"<p id=\"E49\" class=\"x-scope qowt-word-para-0\"><span id=\"E50\">Zestaw upominkowy z winem i delikatesami to \u015bwietny pomys\u0142 na prezent zamiast kwiat\u00f3w. Podarunek wr\u0119czony z okazji rocznicowej randki uczyni ten dzie\u0144 jeszcze bardziej wyj\u0105tkowym. Wspania\u0142e wino i s\u0142odkie dodatki umil\u0105 \u015bwi\u0119towanie we dwoje.<\/span><\/p>\n<p id=\"E53\" class=\"x-scope qowt-word-para-0\"><strong><span id=\"E55\">Kaiserbaum<\/span><span id=\"E57\"> <\/span><span id=\"E59\">Portugieser<\/span><span id=\"E61\"> <\/span><span id=\"E63\">Rose<\/span><\/strong><span id=\"E65\"> to r\u00f3\u017cowe, p\u00f3\u0142wytrawne wino pochodz\u0105ce z niemieckiego Palatynatu. Jego dodatkow\u0105 zalet\u0105 jest obj\u0119to\u015b\u0107 butelki \u2013 wina jest a\u017c litr. Trunek jest uniwersalny i \u0142\u0105czy gusta. Pachnie czerwonymi owocami, takimi jak truskawki i maliny, a tak\u017ce czarn\u0105 porzeczk\u0105. W smaku delikatne i soczyste.<\/span><\/p>\n<p id=\"E66\" class=\"x-scope qowt-word-para-0\"><strong><span id=\"E68\">Amaresti<\/span><\/strong><span id=\"E70\"> to pi\u0119knie opakowane, suszone owoce \u017curawiny w ca\u0142o\u015bci oblane wysokiej jako\u015bci czekolad\u0105 deserow\u0105. 80g<\/span><\/p>\n<p id=\"E71\" class=\"x-scope qowt-word-para-0\"><strong><span id=\"E73\">Excelcium<\/span><span id=\"E75\"> <\/span><span id=\"E77\">Choc<\/span><\/strong><span id=\"E79\"><strong> &amp; Plus<\/strong> to belgijskie czekoladki z dodatkiem naturalnych, suszonych malin. 107g<\/span><\/p>\n<p id=\"E80\" class=\"x-scope qowt-word-para-0\"><span id=\"E81\"><strong>Czekolada bia\u0142a<\/strong> z miodem, jagodami i malinami to rzemie\u015blniczy produkt ma\u0142ej rodzinnej pasieki <strong>\u0141yso\u0144<\/strong>. Ka\u017cda tabliczka opr\u00f3cz wysokiej jako\u015bci belgijskiej czekolady zawiera jeszcze du\u017c\u0105 dawk\u0119 naturalnego, wielokwiatowego miodu i ca\u0142e, suszone owoce. 70g<\/span><\/p>\n<p id=\"E82\" class=\"x-scope qowt-word-para-0\"><span id=\"E83\"><strong>Konfitura czekoladowo-truskawkowa<\/strong> to polski wyr\u00f3b manufakturowy powstaj\u0105cy w ma\u0142ych partiach ze staranie wyselekcjonowanych, wielkopolskich owoc\u00f3w i najwy\u017cszej jako\u015bci kakao. Smako\u0142yk jest w 100% naturalny i nie zawiera konserwant\u00f3w ani GMO. 200g<\/span><\/p>\n<p id=\"E84\" class=\"x-scope qowt-word-para-0\"><span id=\"E85\"><strong>Myd\u0142o do cia\u0142a<\/strong> z dodatkiem p\u0142at\u00f3w r\u00f3\u017c i olejku migda\u0142owego. Pi\u0119knie pachnie i \u015bwietnie piel\u0119gnuje sk\u00f3r\u0119. 20g<\/span><\/p>\n<p id=\"E86\" class=\"x-scope qowt-word-para-0\"><span id=\"E87\">Opakowanie to mi\u0142e dla oka i dotyku tekturowe pude\u0142ko. Mi\u0119kka i estetyczna wy\u015bci\u00f3\u0142ka zapewnia bezpiecze\u0144stwo szklanym elementom zestawu. Wieko pude\u0142ka przewi\u0105zane nawi\u0105zuj\u0105c\u0105 do kolorystyki zestawu wst\u0105\u017ck\u0105. Ca\u0142o\u015b\u0107 przyjazna \u015brodowisku i podlegaj\u0105ca recyklingowi.<\/span><\/p>\n","protected":false},"featured_media":2415,"template":"","meta":{"_acf_changed":false},"product_brand":[],"product_cat":[15],"product_tag":[],"class_list":{"0":"post-2414","1":"product","2":"type-product","3":"status-publish","4":"has-post-thumbnail","6":"product_cat-uncategorized","8":"first","9":"outofstock","10":"purchasable","11":"product-type-simple"},"acf":[],"yoast_head":"<!-- This site is optimized with the Yoast SEO plugin v27.3 - https:\/\/yoast.com\/product\/yoast-seo-wordpress\/ -->\n<title>Randka nad Renem: Zestaw prezentowy z alkoholem - Wino r\u00f3\u017cowe niemieckie s\u0142odycze kosmetyki | Zestawy \u015awi\u0105teczne<\/title>\n<meta name=\"description\" content=\"Zobacz produkt: Randka nad Renem Zestaw prezentowy z alkoholem - Wino r\u00f3\u017cowe niemieckie s\u0142odycze kosmetyki - dost\u0119pny online na Whisky and Wine Place wawp.pl\/prezenty !\" \/>\n<meta name=\"robots\" content=\"index, follow, max-snippet:-1, max-image-preview:large, max-video-preview:-1\" \/>\n<link rel=\"canonical\" href=\"https:\/\/wawp.pl\/prezenty\/produkt\/randka-nad-renem-zestaw-prezentowy-z-alkoholem-wino-rozowe-niemieckie-slodycze-kosmetyki\/\" \/>\n<meta property=\"og:locale\" content=\"pl_PL\" \/>\n<meta property=\"og:type\" content=\"article\" \/>\n<meta property=\"og:title\" content=\"Randka nad Renem: Zestaw prezentowy z alkoholem - Wino r\u00f3\u017cowe niemieckie s\u0142odycze kosmetyki | Zestawy \u015awi\u0105teczne\" \/>\n<meta property=\"og:description\" content=\"Zobacz produkt: Randka nad Renem Zestaw prezentowy z alkoholem - Wino r\u00f3\u017cowe niemieckie s\u0142odycze kosmetyki - dost\u0119pny online na Whisky and Wine Place wawp.pl\/prezenty !\" \/>\n<meta property=\"og:url\" content=\"https:\/\/wawp.pl\/prezenty\/produkt\/randka-nad-renem-zestaw-prezentowy-z-alkoholem-wino-rozowe-niemieckie-slodycze-kosmetyki\/\" \/>\n<meta property=\"og:site_name\" content=\"Zestawy \u015awi\u0105teczne\" \/>\n<meta property=\"article:modified_time\" content=\"2024-12-13T13:53:53+00:00\" \/>\n<meta property=\"og:image\" content=\"https:\/\/wawp.pl\/prezenty\/wp-content\/uploads\/2023\/09\/randka-nad-renem-zestaw-prezentowy-z-alkoholem-wino-rozowe-niemieckie-slodycze-kosmetyki-2.png\" \/>\n\t<meta property=\"og:image:width\" content=\"1200\" \/>\n\t<meta property=\"og:image:height\" content=\"1260\" \/>\n\t<meta property=\"og:image:type\" content=\"image\/png\" \/>\n<meta name=\"twitter:card\" content=\"summary_large_image\" \/>\n<script type=\"application\/ld+json\" class=\"yoast-schema-graph\">{\"@context\":\"https:\\\/\\\/schema.org\",\"@graph\":[{\"@type\":\"WebPage\",\"@id\":\"https:\\\/\\\/wawp.pl\\\/prezenty\\\/produkt\\\/randka-nad-renem-zestaw-prezentowy-z-alkoholem-wino-rozowe-niemieckie-slodycze-kosmetyki\\\/\",\"url\":\"https:\\\/\\\/wawp.pl\\\/prezenty\\\/produkt\\\/randka-nad-renem-zestaw-prezentowy-z-alkoholem-wino-rozowe-niemieckie-slodycze-kosmetyki\\\/\",\"name\":\"Randka nad Renem: Zestaw prezentowy z alkoholem - Wino r\u00f3\u017cowe niemieckie s\u0142odycze kosmetyki | Zestawy \u015awi\u0105teczne\",\"isPartOf\":{\"@id\":\"https:\\\/\\\/wawp.pl\\\/prezenty\\\/#website\"},\"primaryImageOfPage\":{\"@id\":\"https:\\\/\\\/wawp.pl\\\/prezenty\\\/produkt\\\/randka-nad-renem-zestaw-prezentowy-z-alkoholem-wino-rozowe-niemieckie-slodycze-kosmetyki\\\/#primaryimage\"},\"image\":{\"@id\":\"https:\\\/\\\/wawp.pl\\\/prezenty\\\/produkt\\\/randka-nad-renem-zestaw-prezentowy-z-alkoholem-wino-rozowe-niemieckie-slodycze-kosmetyki\\\/#primaryimage\"},\"thumbnailUrl\":\"https:\\\/\\\/wawp.pl\\\/prezenty\\\/wp-content\\\/uploads\\\/2023\\\/09\\\/randka-nad-renem-zestaw-prezentowy-z-alkoholem-wino-rozowe-niemieckie-slodycze-kosmetyki-2.png\",\"datePublished\":\"2023-09-20T16:09:17+00:00\",\"dateModified\":\"2024-12-13T13:53:53+00:00\",\"description\":\"Zobacz produkt: Randka nad Renem Zestaw prezentowy z alkoholem - Wino r\u00f3\u017cowe niemieckie s\u0142odycze kosmetyki - dost\u0119pny online na Whisky and Wine Place wawp.pl\\\/prezenty !\",\"breadcrumb\":{\"@id\":\"https:\\\/\\\/wawp.pl\\\/prezenty\\\/produkt\\\/randka-nad-renem-zestaw-prezentowy-z-alkoholem-wino-rozowe-niemieckie-slodycze-kosmetyki\\\/#breadcrumb\"},\"inLanguage\":\"pl-PL\",\"potentialAction\":[{\"@type\":\"ReadAction\",\"target\":[\"https:\\\/\\\/wawp.pl\\\/prezenty\\\/produkt\\\/randka-nad-renem-zestaw-prezentowy-z-alkoholem-wino-rozowe-niemieckie-slodycze-kosmetyki\\\/\"]}]},{\"@type\":\"ImageObject\",\"inLanguage\":\"pl-PL\",\"@id\":\"https:\\\/\\\/wawp.pl\\\/prezenty\\\/produkt\\\/randka-nad-renem-zestaw-prezentowy-z-alkoholem-wino-rozowe-niemieckie-slodycze-kosmetyki\\\/#primaryimage\",\"url\":\"https:\\\/\\\/wawp.pl\\\/prezenty\\\/wp-content\\\/uploads\\\/2023\\\/09\\\/randka-nad-renem-zestaw-prezentowy-z-alkoholem-wino-rozowe-niemieckie-slodycze-kosmetyki-2.png\",\"contentUrl\":\"https:\\\/\\\/wawp.pl\\\/prezenty\\\/wp-content\\\/uploads\\\/2023\\\/09\\\/randka-nad-renem-zestaw-prezentowy-z-alkoholem-wino-rozowe-niemieckie-slodycze-kosmetyki-2.png\",\"width\":1200,\"height\":1260},{\"@type\":\"BreadcrumbList\",\"@id\":\"https:\\\/\\\/wawp.pl\\\/prezenty\\\/produkt\\\/randka-nad-renem-zestaw-prezentowy-z-alkoholem-wino-rozowe-niemieckie-slodycze-kosmetyki\\\/#breadcrumb\",\"itemListElement\":[{\"@type\":\"ListItem\",\"position\":1,\"name\":\"Strona g\u0142\u00f3wna\",\"item\":\"https:\\\/\\\/wawp.pl\\\/prezenty\\\/\"},{\"@type\":\"ListItem\",\"position\":2,\"name\":\"Shop\",\"item\":\"https:\\\/\\\/wawp.pl\\\/prezenty\\\/shop\\\/\"},{\"@type\":\"ListItem\",\"position\":3,\"name\":\"Randka nad Renem\"}]},{\"@type\":\"WebSite\",\"@id\":\"https:\\\/\\\/wawp.pl\\\/prezenty\\\/#website\",\"url\":\"https:\\\/\\\/wawp.pl\\\/prezenty\\\/\",\"name\":\"Zestawy \u015awi\u0105teczne\",\"description\":\"Kosze \u015awi\u0105teczne, Podarunkowe, Prezentowe\",\"publisher\":{\"@id\":\"https:\\\/\\\/wawp.pl\\\/prezenty\\\/#organization\"},\"potentialAction\":[{\"@type\":\"SearchAction\",\"target\":{\"@type\":\"EntryPoint\",\"urlTemplate\":\"https:\\\/\\\/wawp.pl\\\/prezenty\\\/?s={search_term_string}\"},\"query-input\":{\"@type\":\"PropertyValueSpecification\",\"valueRequired\":true,\"valueName\":\"search_term_string\"}}],\"inLanguage\":\"pl-PL\"},{\"@type\":\"Organization\",\"@id\":\"https:\\\/\\\/wawp.pl\\\/prezenty\\\/#organization\",\"name\":\"Zestawy \u015awi\u0105teczne\",\"url\":\"https:\\\/\\\/wawp.pl\\\/prezenty\\\/\",\"logo\":{\"@type\":\"ImageObject\",\"inLanguage\":\"pl-PL\",\"@id\":\"https:\\\/\\\/wawp.pl\\\/prezenty\\\/#\\\/schema\\\/logo\\\/image\\\/\",\"url\":\"https:\\\/\\\/wawp.pl\\\/prezenty\\\/wp-content\\\/uploads\\\/2021\\\/11\\\/cropped-logo.png\",\"contentUrl\":\"https:\\\/\\\/wawp.pl\\\/prezenty\\\/wp-content\\\/uploads\\\/2021\\\/11\\\/cropped-logo.png\",\"width\":360,\"height\":137,\"caption\":\"Zestawy \u015awi\u0105teczne\"},\"image\":{\"@id\":\"https:\\\/\\\/wawp.pl\\\/prezenty\\\/#\\\/schema\\\/logo\\\/image\\\/\"}}]}<\/script>\n<!-- \/ Yoast SEO plugin. -->","yoast_head_json":{"title":"Randka nad Renem: Zestaw prezentowy z alkoholem - Wino r\u00f3\u017cowe niemieckie s\u0142odycze kosmetyki | Zestawy \u015awi\u0105teczne","description":"Zobacz produkt: Randka nad Renem Zestaw prezentowy z alkoholem - Wino r\u00f3\u017cowe niemieckie s\u0142odycze kosmetyki - dost\u0119pny online na Whisky and Wine Place wawp.pl\/prezenty !","robots":{"index":"index","follow":"follow","max-snippet":"max-snippet:-1","max-image-preview":"max-image-preview:large","max-video-preview":"max-video-preview:-1"},"canonical":"https:\/\/wawp.pl\/prezenty\/produkt\/randka-nad-renem-zestaw-prezentowy-z-alkoholem-wino-rozowe-niemieckie-slodycze-kosmetyki\/","og_locale":"pl_PL","og_type":"article","og_title":"Randka nad Renem: Zestaw prezentowy z alkoholem - Wino r\u00f3\u017cowe niemieckie s\u0142odycze kosmetyki | Zestawy \u015awi\u0105teczne","og_description":"Zobacz produkt: Randka nad Renem Zestaw prezentowy z alkoholem - Wino r\u00f3\u017cowe niemieckie s\u0142odycze kosmetyki - dost\u0119pny online na Whisky and Wine Place wawp.pl\/prezenty !","og_url":"https:\/\/wawp.pl\/prezenty\/produkt\/randka-nad-renem-zestaw-prezentowy-z-alkoholem-wino-rozowe-niemieckie-slodycze-kosmetyki\/","og_site_name":"Zestawy \u015awi\u0105teczne","article_modified_time":"2024-12-13T13:53:53+00:00","og_image":[{"width":1200,"height":1260,"url":"https:\/\/wawp.pl\/prezenty\/wp-content\/uploads\/2023\/09\/randka-nad-renem-zestaw-prezentowy-z-alkoholem-wino-rozowe-niemieckie-slodycze-kosmetyki-2.png","type":"image\/png"}],"twitter_card":"summary_large_image","schema":{"@context":"https:\/\/schema.org","@graph":[{"@type":"WebPage","@id":"https:\/\/wawp.pl\/prezenty\/produkt\/randka-nad-renem-zestaw-prezentowy-z-alkoholem-wino-rozowe-niemieckie-slodycze-kosmetyki\/","url":"https:\/\/wawp.pl\/prezenty\/produkt\/randka-nad-renem-zestaw-prezentowy-z-alkoholem-wino-rozowe-niemieckie-slodycze-kosmetyki\/","name":"Randka nad Renem: Zestaw prezentowy z alkoholem - Wino r\u00f3\u017cowe niemieckie s\u0142odycze kosmetyki | Zestawy \u015awi\u0105teczne","isPartOf":{"@id":"https:\/\/wawp.pl\/prezenty\/#website"},"primaryImageOfPage":{"@id":"https:\/\/wawp.pl\/prezenty\/produkt\/randka-nad-renem-zestaw-prezentowy-z-alkoholem-wino-rozowe-niemieckie-slodycze-kosmetyki\/#primaryimage"},"image":{"@id":"https:\/\/wawp.pl\/prezenty\/produkt\/randka-nad-renem-zestaw-prezentowy-z-alkoholem-wino-rozowe-niemieckie-slodycze-kosmetyki\/#primaryimage"},"thumbnailUrl":"https:\/\/wawp.pl\/prezenty\/wp-content\/uploads\/2023\/09\/randka-nad-renem-zestaw-prezentowy-z-alkoholem-wino-rozowe-niemieckie-slodycze-kosmetyki-2.png","datePublished":"2023-09-20T16:09:17+00:00","dateModified":"2024-12-13T13:53:53+00:00","description":"Zobacz produkt: Randka nad Renem Zestaw prezentowy z alkoholem - Wino r\u00f3\u017cowe niemieckie s\u0142odycze kosmetyki - dost\u0119pny online na Whisky and Wine Place wawp.pl\/prezenty !","breadcrumb":{"@id":"https:\/\/wawp.pl\/prezenty\/produkt\/randka-nad-renem-zestaw-prezentowy-z-alkoholem-wino-rozowe-niemieckie-slodycze-kosmetyki\/#breadcrumb"},"inLanguage":"pl-PL","potentialAction":[{"@type":"ReadAction","target":["https:\/\/wawp.pl\/prezenty\/produkt\/randka-nad-renem-zestaw-prezentowy-z-alkoholem-wino-rozowe-niemieckie-slodycze-kosmetyki\/"]}]},{"@type":"ImageObject","inLanguage":"pl-PL","@id":"https:\/\/wawp.pl\/prezenty\/produkt\/randka-nad-renem-zestaw-prezentowy-z-alkoholem-wino-rozowe-niemieckie-slodycze-kosmetyki\/#primaryimage","url":"https:\/\/wawp.pl\/prezenty\/wp-content\/uploads\/2023\/09\/randka-nad-renem-zestaw-prezentowy-z-alkoholem-wino-rozowe-niemieckie-slodycze-kosmetyki-2.png","contentUrl":"https:\/\/wawp.pl\/prezenty\/wp-content\/uploads\/2023\/09\/randka-nad-renem-zestaw-prezentowy-z-alkoholem-wino-rozowe-niemieckie-slodycze-kosmetyki-2.png","width":1200,"height":1260},{"@type":"BreadcrumbList","@id":"https:\/\/wawp.pl\/prezenty\/produkt\/randka-nad-renem-zestaw-prezentowy-z-alkoholem-wino-rozowe-niemieckie-slodycze-kosmetyki\/#breadcrumb","itemListElement":[{"@type":"ListItem","position":1,"name":"Strona g\u0142\u00f3wna","item":"https:\/\/wawp.pl\/prezenty\/"},{"@type":"ListItem","position":2,"name":"Shop","item":"https:\/\/wawp.pl\/prezenty\/shop\/"},{"@type":"ListItem","position":3,"name":"Randka nad Renem"}]},{"@type":"WebSite","@id":"https:\/\/wawp.pl\/prezenty\/#website","url":"https:\/\/wawp.pl\/prezenty\/","name":"Zestawy \u015awi\u0105teczne","description":"Kosze \u015awi\u0105teczne, Podarunkowe, Prezentowe","publisher":{"@id":"https:\/\/wawp.pl\/prezenty\/#organization"},"potentialAction":[{"@type":"SearchAction","target":{"@type":"EntryPoint","urlTemplate":"https:\/\/wawp.pl\/prezenty\/?s={search_term_string}"},"query-input":{"@type":"PropertyValueSpecification","valueRequired":true,"valueName":"search_term_string"}}],"inLanguage":"pl-PL"},{"@type":"Organization","@id":"https:\/\/wawp.pl\/prezenty\/#organization","name":"Zestawy \u015awi\u0105teczne","url":"https:\/\/wawp.pl\/prezenty\/","logo":{"@type":"ImageObject","inLanguage":"pl-PL","@id":"https:\/\/wawp.pl\/prezenty\/#\/schema\/logo\/image\/","url":"https:\/\/wawp.pl\/prezenty\/wp-content\/uploads\/2021\/11\/cropped-logo.png","contentUrl":"https:\/\/wawp.pl\/prezenty\/wp-content\/uploads\/2021\/11\/cropped-logo.png","width":360,"height":137,"caption":"Zestawy \u015awi\u0105teczne"},"image":{"@id":"https:\/\/wawp.pl\/prezenty\/#\/schema\/logo\/image\/"}}]}},"_links":{"self":[{"href":"https:\/\/wawp.pl\/prezenty\/wp-json\/wp\/v2\/product\/2414","targetHints":{"allow":["GET"]}}],"collection":[{"href":"https:\/\/wawp.pl\/prezenty\/wp-json\/wp\/v2\/product"}],"about":[{"href":"https:\/\/wawp.pl\/prezenty\/wp-json\/wp\/v2\/types\/product"}],"wp:featuredmedia":[{"embeddable":true,"href":"https:\/\/wawp.pl\/prezenty\/wp-json\/wp\/v2\/media\/2415"}],"wp:attachment":[{"href":"https:\/\/wawp.pl\/prezenty\/wp-json\/wp\/v2\/media?parent=2414"}],"wp:term":[{"taxonomy":"product_brand","embeddable":true,"href":"https:\/\/wawp.pl\/prezenty\/wp-json\/wp\/v2\/product_brand?post=2414"},{"taxonomy":"product_cat","embeddable":true,"href":"https:\/\/wawp.pl\/prezenty\/wp-json\/wp\/v2\/product_cat?post=2414"},{"taxonomy":"product_tag","embeddable":true,"href":"https:\/\/wawp.pl\/prezenty\/wp-json\/wp\/v2\/product_tag?post=2414"}],"curies":[{"name":"wp","href":"https:\/\/api.w.org\/{rel}","templated":true}]}}