{"id":2409,"date":"2023-09-20T14:27:28","date_gmt":"2023-09-20T14:27:28","guid":{"rendered":"https:\/\/wawp.pl\/prezenty\/?post_type=product&#038;p=2409"},"modified":"2024-12-13T13:26:45","modified_gmt":"2024-12-13T13:26:45","slug":"letnie-smaki-zestaw-prezentowy-ze-slodyczami-slodycze-miod-konfitura","status":"publish","type":"product","link":"https:\/\/wawp.pl\/prezenty\/produkt\/letnie-smaki-zestaw-prezentowy-ze-slodyczami-slodycze-miod-konfitura\/","title":{"rendered":"Letnie smaki"},"content":{"rendered":"","protected":false},"excerpt":{"rendered":"<p id=\"E49\" class=\"x-scope qowt-word-para-0\"><span id=\"E50\">Box prezentowy <strong>Letnie smaki<\/strong> nie zawiera alkoholu a jedynie s\u0142odycze i owocowe przetwory. Zestaw upominkowy bez alkoholu to \u015bwietny pomys\u0142 na prezent dla Pa\u0144, kt\u00f3re spodziewaj\u0105 si\u0119 dziecka. Kilka delikates\u00f3w, staranne dobranych pod wzgl\u0119dem kolorystycznym i smakowym, sprawi rado\u015b\u0107 ka\u017cdemu, kto nie chce lub nie mo\u017ce spo\u017cywa\u0107 alkoholu. <\/span><\/p>\n<p id=\"E53\" class=\"x-scope qowt-word-para-0\"><span id=\"E54\"><strong>Merci<\/strong> to marka, kt\u00f3ra od lat cieszy si\u0119 w Polsce wielk\u0105 popularno\u015bci\u0105. 8 rodzaj\u00f3w czekoladowych sztabek z r\u00f3\u017cnorakim nadzieniem to znakomity spos\u00f3b, aby powiedzie\u0107 komu\u015b \u201edzi\u0119kuj\u0119\u201d. 250g<\/span><\/p>\n<p id=\"E55\" class=\"x-scope qowt-word-para-0\"><span id=\"E56\"><strong>Hildebrand<\/strong> to baton marcepanowy w czekoladzie z migda\u0142ami. Drobna przek\u0105ska idealna na spacer lub jako dodatek to kawy czy herbaty. 50g<\/span><\/p>\n<p id=\"E57\" class=\"x-scope qowt-word-para-0\"><strong><span id=\"E59\">Carletti<\/span><span id=\"E61\"> Orange <\/span><span id=\"E63\">Arche<\/span><span id=\"E64\">r<\/span><span id=\"E65\">s<\/span><\/strong><span id=\"E67\"> to pyszne p\u0142atki z czekolady deserowej o smaku pomara\u0144czowym<\/span><span id=\"E68\">. 75g<\/span><\/p>\n<p id=\"E69\" class=\"x-scope qowt-word-para-0\"><strong><span id=\"E71\">Agrisicilia<\/span><\/strong><span id=\"E73\"> <\/span><span id=\"E74\">to d\u017cem wyprodukowany z pomara\u0144czy dojrzewaj\u0105cych we w\u0142oskim s\u0142o\u0144cu. Jego s\u0142odycz i delikatna kwasowo\u015b\u0107 prze\u0142amana jest dodatkiem pikantnego cynamonu. 360g<\/span><\/p>\n<p id=\"E75\" class=\"x-scope qowt-word-para-0\"><strong><span id=\"E77\">Eterno<\/span><\/strong><span id=\"E79\"> to naturalny mi\u00f3d pszczeli, wielokwiatowy. Pochodzi z ma\u0142ej rodzinnej pasieki i proces jego produkcji jest w 100% r\u0119czny. To uniwersalny dodatek do wielu potraw i napoj\u00f3w, a tak\u017ce lekarstwo na przezi\u0119bienia. 50g<\/span><\/p>\n<p id=\"E80\" class=\"x-scope qowt-word-para-0\"><span id=\"E81\">Opakowanie to mi\u0142e dla oka i dotyku tekturowe pude\u0142ko. Mi\u0119kka i estetyczna wy\u015bci\u00f3\u0142ka zapewnia bezpiecze\u0144stwo szklanym elementom zestawu. Wieko pude\u0142ka przewi\u0105zane nawi\u0105zuj\u0105c\u0105 do kolorystyki zestawu wst\u0105\u017ck\u0105. Ca\u0142o\u015b\u0107 przyjazna \u015brodowisku i podlegaj\u0105ca recyklingowi.<\/span><\/p>\n","protected":false},"featured_media":2410,"template":"","meta":{"_acf_changed":false},"product_brand":[],"product_cat":[33],"product_tag":[],"class_list":{"0":"post-2409","1":"product","2":"type-product","3":"status-publish","4":"has-post-thumbnail","6":"product_cat-zestawy-upominkowe","8":"first","9":"outofstock","10":"purchasable","11":"product-type-simple"},"acf":[],"yoast_head":"<!-- This site is optimized with the Yoast SEO plugin v27.3 - https:\/\/yoast.com\/product\/yoast-seo-wordpress\/ -->\n<title>Letnie smaki: Zestaw prezentowy ze s\u0142odyczami - S\u0142odycze mi\u00f3d konfitura | WAWP - Sklep<\/title>\n<meta name=\"description\" content=\"Zobacz produkt: Letnie smaki Zestaw prezentowy ze s\u0142odyczami - S\u0142odycze mi\u00f3d konfitura - dost\u0119pny online na Whisky and Wine Place wawp.pl\/prezenty !\" \/>\n<meta name=\"robots\" content=\"index, follow, max-snippet:-1, max-image-preview:large, max-video-preview:-1\" \/>\n<link rel=\"canonical\" href=\"https:\/\/wawp.pl\/prezenty\/produkt\/letnie-smaki-zestaw-prezentowy-ze-slodyczami-slodycze-miod-konfitura\/\" \/>\n<meta property=\"og:locale\" content=\"pl_PL\" \/>\n<meta property=\"og:type\" content=\"article\" \/>\n<meta property=\"og:title\" content=\"Letnie smaki: Zestaw prezentowy ze s\u0142odyczami - S\u0142odycze mi\u00f3d konfitura | WAWP - Sklep\" \/>\n<meta property=\"og:description\" content=\"Zobacz produkt: Letnie smaki Zestaw prezentowy ze s\u0142odyczami - S\u0142odycze mi\u00f3d konfitura - dost\u0119pny online na Whisky and Wine Place wawp.pl\/prezenty !\" \/>\n<meta property=\"og:url\" content=\"https:\/\/wawp.pl\/prezenty\/produkt\/letnie-smaki-zestaw-prezentowy-ze-slodyczami-slodycze-miod-konfitura\/\" \/>\n<meta property=\"og:site_name\" content=\"WAWP - Sklep\" \/>\n<meta property=\"article:modified_time\" content=\"2024-12-13T13:26:45+00:00\" \/>\n<meta property=\"og:image\" content=\"https:\/\/wawp.pl\/prezenty\/wp-content\/uploads\/2023\/09\/letnie-smaki-zestaw-prezentowy-ze-slodyczami-slodycze-miod-konfitura.png\" \/>\n\t<meta property=\"og:image:width\" content=\"1200\" \/>\n\t<meta property=\"og:image:height\" content=\"1260\" \/>\n\t<meta property=\"og:image:type\" content=\"image\/png\" \/>\n<meta name=\"twitter:card\" content=\"summary_large_image\" \/>\n<script type=\"application\/ld+json\" class=\"yoast-schema-graph\">{\"@context\":\"https:\\\/\\\/schema.org\",\"@graph\":[{\"@type\":\"WebPage\",\"@id\":\"https:\\\/\\\/wawp.pl\\\/prezenty\\\/produkt\\\/letnie-smaki-zestaw-prezentowy-ze-slodyczami-slodycze-miod-konfitura\\\/\",\"url\":\"https:\\\/\\\/wawp.pl\\\/prezenty\\\/produkt\\\/letnie-smaki-zestaw-prezentowy-ze-slodyczami-slodycze-miod-konfitura\\\/\",\"name\":\"Letnie smaki: Zestaw prezentowy ze s\u0142odyczami - S\u0142odycze mi\u00f3d konfitura | WAWP - Sklep\",\"isPartOf\":{\"@id\":\"https:\\\/\\\/wawp.pl\\\/prezenty\\\/#website\"},\"primaryImageOfPage\":{\"@id\":\"https:\\\/\\\/wawp.pl\\\/prezenty\\\/produkt\\\/letnie-smaki-zestaw-prezentowy-ze-slodyczami-slodycze-miod-konfitura\\\/#primaryimage\"},\"image\":{\"@id\":\"https:\\\/\\\/wawp.pl\\\/prezenty\\\/produkt\\\/letnie-smaki-zestaw-prezentowy-ze-slodyczami-slodycze-miod-konfitura\\\/#primaryimage\"},\"thumbnailUrl\":\"https:\\\/\\\/wawp.pl\\\/prezenty\\\/wp-content\\\/uploads\\\/2023\\\/09\\\/letnie-smaki-zestaw-prezentowy-ze-slodyczami-slodycze-miod-konfitura.png\",\"datePublished\":\"2023-09-20T14:27:28+00:00\",\"dateModified\":\"2024-12-13T13:26:45+00:00\",\"description\":\"Zobacz produkt: Letnie smaki Zestaw prezentowy ze s\u0142odyczami - S\u0142odycze mi\u00f3d konfitura - dost\u0119pny online na Whisky and Wine Place wawp.pl\\\/prezenty !\",\"breadcrumb\":{\"@id\":\"https:\\\/\\\/wawp.pl\\\/prezenty\\\/produkt\\\/letnie-smaki-zestaw-prezentowy-ze-slodyczami-slodycze-miod-konfitura\\\/#breadcrumb\"},\"inLanguage\":\"pl-PL\",\"potentialAction\":[{\"@type\":\"ReadAction\",\"target\":[\"https:\\\/\\\/wawp.pl\\\/prezenty\\\/produkt\\\/letnie-smaki-zestaw-prezentowy-ze-slodyczami-slodycze-miod-konfitura\\\/\"]}]},{\"@type\":\"ImageObject\",\"inLanguage\":\"pl-PL\",\"@id\":\"https:\\\/\\\/wawp.pl\\\/prezenty\\\/produkt\\\/letnie-smaki-zestaw-prezentowy-ze-slodyczami-slodycze-miod-konfitura\\\/#primaryimage\",\"url\":\"https:\\\/\\\/wawp.pl\\\/prezenty\\\/wp-content\\\/uploads\\\/2023\\\/09\\\/letnie-smaki-zestaw-prezentowy-ze-slodyczami-slodycze-miod-konfitura.png\",\"contentUrl\":\"https:\\\/\\\/wawp.pl\\\/prezenty\\\/wp-content\\\/uploads\\\/2023\\\/09\\\/letnie-smaki-zestaw-prezentowy-ze-slodyczami-slodycze-miod-konfitura.png\",\"width\":1200,\"height\":1260},{\"@type\":\"BreadcrumbList\",\"@id\":\"https:\\\/\\\/wawp.pl\\\/prezenty\\\/produkt\\\/letnie-smaki-zestaw-prezentowy-ze-slodyczami-slodycze-miod-konfitura\\\/#breadcrumb\",\"itemListElement\":[{\"@type\":\"ListItem\",\"position\":1,\"name\":\"Strona g\u0142\u00f3wna\",\"item\":\"https:\\\/\\\/wawp.pl\\\/prezenty\\\/\"},{\"@type\":\"ListItem\",\"position\":2,\"name\":\"Shop\",\"item\":\"https:\\\/\\\/wawp.pl\\\/prezenty\\\/shop\\\/\"},{\"@type\":\"ListItem\",\"position\":3,\"name\":\"Letnie smaki\"}]},{\"@type\":\"WebSite\",\"@id\":\"https:\\\/\\\/wawp.pl\\\/prezenty\\\/#website\",\"url\":\"https:\\\/\\\/wawp.pl\\\/prezenty\\\/\",\"name\":\"WAWP - Sklep\",\"description\":\"Kosze \u015awi\u0105teczne, Podarunkowe, Prezentowe\",\"publisher\":{\"@id\":\"https:\\\/\\\/wawp.pl\\\/prezenty\\\/#organization\"},\"potentialAction\":[{\"@type\":\"SearchAction\",\"target\":{\"@type\":\"EntryPoint\",\"urlTemplate\":\"https:\\\/\\\/wawp.pl\\\/prezenty\\\/?s={search_term_string}\"},\"query-input\":{\"@type\":\"PropertyValueSpecification\",\"valueRequired\":true,\"valueName\":\"search_term_string\"}}],\"inLanguage\":\"pl-PL\"},{\"@type\":\"Organization\",\"@id\":\"https:\\\/\\\/wawp.pl\\\/prezenty\\\/#organization\",\"name\":\"WAWP - Sklep\",\"url\":\"https:\\\/\\\/wawp.pl\\\/prezenty\\\/\",\"logo\":{\"@type\":\"ImageObject\",\"inLanguage\":\"pl-PL\",\"@id\":\"https:\\\/\\\/wawp.pl\\\/prezenty\\\/#\\\/schema\\\/logo\\\/image\\\/\",\"url\":\"https:\\\/\\\/wawp.pl\\\/prezenty\\\/wp-content\\\/uploads\\\/2021\\\/11\\\/cropped-logo.png\",\"contentUrl\":\"https:\\\/\\\/wawp.pl\\\/prezenty\\\/wp-content\\\/uploads\\\/2021\\\/11\\\/cropped-logo.png\",\"width\":360,\"height\":137,\"caption\":\"WAWP - Sklep\"},\"image\":{\"@id\":\"https:\\\/\\\/wawp.pl\\\/prezenty\\\/#\\\/schema\\\/logo\\\/image\\\/\"}}]}<\/script>\n<!-- \/ Yoast SEO plugin. -->","yoast_head_json":{"title":"Letnie smaki: Zestaw prezentowy ze s\u0142odyczami - S\u0142odycze mi\u00f3d konfitura | WAWP - Sklep","description":"Zobacz produkt: Letnie smaki Zestaw prezentowy ze s\u0142odyczami - S\u0142odycze mi\u00f3d konfitura - dost\u0119pny online na Whisky and Wine Place wawp.pl\/prezenty !","robots":{"index":"index","follow":"follow","max-snippet":"max-snippet:-1","max-image-preview":"max-image-preview:large","max-video-preview":"max-video-preview:-1"},"canonical":"https:\/\/wawp.pl\/prezenty\/produkt\/letnie-smaki-zestaw-prezentowy-ze-slodyczami-slodycze-miod-konfitura\/","og_locale":"pl_PL","og_type":"article","og_title":"Letnie smaki: Zestaw prezentowy ze s\u0142odyczami - S\u0142odycze mi\u00f3d konfitura | WAWP - Sklep","og_description":"Zobacz produkt: Letnie smaki Zestaw prezentowy ze s\u0142odyczami - S\u0142odycze mi\u00f3d konfitura - dost\u0119pny online na Whisky and Wine Place wawp.pl\/prezenty !","og_url":"https:\/\/wawp.pl\/prezenty\/produkt\/letnie-smaki-zestaw-prezentowy-ze-slodyczami-slodycze-miod-konfitura\/","og_site_name":"WAWP - Sklep","article_modified_time":"2024-12-13T13:26:45+00:00","og_image":[{"width":1200,"height":1260,"url":"https:\/\/wawp.pl\/prezenty\/wp-content\/uploads\/2023\/09\/letnie-smaki-zestaw-prezentowy-ze-slodyczami-slodycze-miod-konfitura.png","type":"image\/png"}],"twitter_card":"summary_large_image","schema":{"@context":"https:\/\/schema.org","@graph":[{"@type":"WebPage","@id":"https:\/\/wawp.pl\/prezenty\/produkt\/letnie-smaki-zestaw-prezentowy-ze-slodyczami-slodycze-miod-konfitura\/","url":"https:\/\/wawp.pl\/prezenty\/produkt\/letnie-smaki-zestaw-prezentowy-ze-slodyczami-slodycze-miod-konfitura\/","name":"Letnie smaki: Zestaw prezentowy ze s\u0142odyczami - S\u0142odycze mi\u00f3d konfitura | WAWP - Sklep","isPartOf":{"@id":"https:\/\/wawp.pl\/prezenty\/#website"},"primaryImageOfPage":{"@id":"https:\/\/wawp.pl\/prezenty\/produkt\/letnie-smaki-zestaw-prezentowy-ze-slodyczami-slodycze-miod-konfitura\/#primaryimage"},"image":{"@id":"https:\/\/wawp.pl\/prezenty\/produkt\/letnie-smaki-zestaw-prezentowy-ze-slodyczami-slodycze-miod-konfitura\/#primaryimage"},"thumbnailUrl":"https:\/\/wawp.pl\/prezenty\/wp-content\/uploads\/2023\/09\/letnie-smaki-zestaw-prezentowy-ze-slodyczami-slodycze-miod-konfitura.png","datePublished":"2023-09-20T14:27:28+00:00","dateModified":"2024-12-13T13:26:45+00:00","description":"Zobacz produkt: Letnie smaki Zestaw prezentowy ze s\u0142odyczami - S\u0142odycze mi\u00f3d konfitura - dost\u0119pny online na Whisky and Wine Place wawp.pl\/prezenty !","breadcrumb":{"@id":"https:\/\/wawp.pl\/prezenty\/produkt\/letnie-smaki-zestaw-prezentowy-ze-slodyczami-slodycze-miod-konfitura\/#breadcrumb"},"inLanguage":"pl-PL","potentialAction":[{"@type":"ReadAction","target":["https:\/\/wawp.pl\/prezenty\/produkt\/letnie-smaki-zestaw-prezentowy-ze-slodyczami-slodycze-miod-konfitura\/"]}]},{"@type":"ImageObject","inLanguage":"pl-PL","@id":"https:\/\/wawp.pl\/prezenty\/produkt\/letnie-smaki-zestaw-prezentowy-ze-slodyczami-slodycze-miod-konfitura\/#primaryimage","url":"https:\/\/wawp.pl\/prezenty\/wp-content\/uploads\/2023\/09\/letnie-smaki-zestaw-prezentowy-ze-slodyczami-slodycze-miod-konfitura.png","contentUrl":"https:\/\/wawp.pl\/prezenty\/wp-content\/uploads\/2023\/09\/letnie-smaki-zestaw-prezentowy-ze-slodyczami-slodycze-miod-konfitura.png","width":1200,"height":1260},{"@type":"BreadcrumbList","@id":"https:\/\/wawp.pl\/prezenty\/produkt\/letnie-smaki-zestaw-prezentowy-ze-slodyczami-slodycze-miod-konfitura\/#breadcrumb","itemListElement":[{"@type":"ListItem","position":1,"name":"Strona g\u0142\u00f3wna","item":"https:\/\/wawp.pl\/prezenty\/"},{"@type":"ListItem","position":2,"name":"Shop","item":"https:\/\/wawp.pl\/prezenty\/shop\/"},{"@type":"ListItem","position":3,"name":"Letnie smaki"}]},{"@type":"WebSite","@id":"https:\/\/wawp.pl\/prezenty\/#website","url":"https:\/\/wawp.pl\/prezenty\/","name":"WAWP - Sklep","description":"Kosze \u015awi\u0105teczne, Podarunkowe, Prezentowe","publisher":{"@id":"https:\/\/wawp.pl\/prezenty\/#organization"},"potentialAction":[{"@type":"SearchAction","target":{"@type":"EntryPoint","urlTemplate":"https:\/\/wawp.pl\/prezenty\/?s={search_term_string}"},"query-input":{"@type":"PropertyValueSpecification","valueRequired":true,"valueName":"search_term_string"}}],"inLanguage":"pl-PL"},{"@type":"Organization","@id":"https:\/\/wawp.pl\/prezenty\/#organization","name":"WAWP - Sklep","url":"https:\/\/wawp.pl\/prezenty\/","logo":{"@type":"ImageObject","inLanguage":"pl-PL","@id":"https:\/\/wawp.pl\/prezenty\/#\/schema\/logo\/image\/","url":"https:\/\/wawp.pl\/prezenty\/wp-content\/uploads\/2021\/11\/cropped-logo.png","contentUrl":"https:\/\/wawp.pl\/prezenty\/wp-content\/uploads\/2021\/11\/cropped-logo.png","width":360,"height":137,"caption":"WAWP - Sklep"},"image":{"@id":"https:\/\/wawp.pl\/prezenty\/#\/schema\/logo\/image\/"}}]}},"_links":{"self":[{"href":"https:\/\/wawp.pl\/prezenty\/wp-json\/wp\/v2\/product\/2409","targetHints":{"allow":["GET"]}}],"collection":[{"href":"https:\/\/wawp.pl\/prezenty\/wp-json\/wp\/v2\/product"}],"about":[{"href":"https:\/\/wawp.pl\/prezenty\/wp-json\/wp\/v2\/types\/product"}],"wp:featuredmedia":[{"embeddable":true,"href":"https:\/\/wawp.pl\/prezenty\/wp-json\/wp\/v2\/media\/2410"}],"wp:attachment":[{"href":"https:\/\/wawp.pl\/prezenty\/wp-json\/wp\/v2\/media?parent=2409"}],"wp:term":[{"taxonomy":"product_brand","embeddable":true,"href":"https:\/\/wawp.pl\/prezenty\/wp-json\/wp\/v2\/product_brand?post=2409"},{"taxonomy":"product_cat","embeddable":true,"href":"https:\/\/wawp.pl\/prezenty\/wp-json\/wp\/v2\/product_cat?post=2409"},{"taxonomy":"product_tag","embeddable":true,"href":"https:\/\/wawp.pl\/prezenty\/wp-json\/wp\/v2\/product_tag?post=2409"}],"curies":[{"name":"wp","href":"https:\/\/api.w.org\/{rel}","templated":true}]}}