{"id":2405,"date":"2023-09-20T14:15:49","date_gmt":"2023-09-20T14:15:49","guid":{"rendered":"https:\/\/wawp.pl\/prezenty\/?post_type=product&#038;p=2405"},"modified":"2024-12-13T13:53:54","modified_gmt":"2024-12-13T13:53:54","slug":"iberyjskie-laki-zestaw-prezentowy-z-alkoholem-wino-czerwone-wytrawne-z-kawa-i-slodyczami","status":"publish","type":"product","link":"https:\/\/wawp.pl\/prezenty\/produkt\/iberyjskie-laki-zestaw-prezentowy-z-alkoholem-wino-czerwone-wytrawne-z-kawa-i-slodyczami\/","title":{"rendered":"Iberyjskie \u0142\u0105ki"},"content":{"rendered":"","protected":false},"excerpt":{"rendered":"<p id=\"E49\" class=\"x-scope qowt-word-para-0\"><span id=\"E50\">Zestaw upominkowy z winem i delikatesami to \u015bwietny pomys\u0142 na prezent <\/span><span id=\"E51\">z okazji urodzin cioci. Pyszne wino i s\u0142odkie dodatki umil\u0105 dzie\u0144 ka\u017cdemu obdarowanemu. Estetyczne wykonanie i wysoka jako\u015b\u0107 zawarto\u015bci kosza prezentowego sprawdz\u0105 si\u0119 jako podarunek na wiele rocznic i jubileuszy. <\/span><\/p>\n<p id=\"E54\" class=\"x-scope qowt-word-para-0\"><strong><span id=\"E56\">Bernardes<\/span><\/strong><span id=\"E58\"> to wino, kt\u00f3re wchodzi w sk\u0142ad <\/span><span id=\"E60\">boxa<\/span><span id=\"E62\"> upominkowego <\/span><strong><span id=\"E63\">Iberyjskie \u0142\u0105ki<\/span><\/strong><span id=\"E64\">. To wytrawne wino z mieszanki tradycyjnych, portugalskich szczep\u00f3w winogron. Idealnie pasuje zar\u00f3wno do seansu filmowego z desk\u0105 ser\u00f3w, jak i kolacji z dziczyzn\u0105 lub stekiem wo\u0142owym. Posiada delikatny aromat wi\u015bni, porzeczek i przypraw. W ustach \u0142agodne, ze \u015bredni\u0105 kwasowo\u015bci\u0105, posmakiem rodzynek i drobnymi taninami.<\/span><\/p>\n<p id=\"E65\" class=\"x-scope qowt-word-para-0\"><span id=\"E66\"><strong>Merci<\/strong> to marka, kt\u00f3ra od lat cieszy si\u0119 w Polsce wielk\u0105 popularno\u015bci\u0105. 8 rodzaj\u00f3w czekoladowych sztabek z r\u00f3\u017cnorakim nadzieniem to znakomity spos\u00f3b, aby powiedzie\u0107 komu\u015b \u201edzi\u0119kuj\u0119\u201d. 250g<\/span><\/p>\n<p id=\"E67\" class=\"x-scope qowt-word-para-0\"><strong><span id=\"E69\">Delisana<\/span><span id=\"E71\"> La <\/span><span id=\"E73\">Crema<\/span><\/strong><span id=\"E75\"> to ciasteczka z puszystym kremem cytrynowym, kt\u00f3rych smak i aromat przywodz\u0105 na my\u015bl egzotyczne wakacje. 150g<\/span><\/p>\n<p id=\"E76\" class=\"x-scope qowt-word-para-0\"><strong><span id=\"E78\">Carletti<\/span><span id=\"E80\"> <\/span><span id=\"E82\">Delight<\/span><\/strong><span id=\"E84\"> to mieszanka orzech\u00f3w laskowych oblanych czekolad\u0105 deserow\u0105 i mleczn\u0105. Doskonale koresponduj\u0105 z aromatem i smakiem trunku w zestawie. 62g<\/span><\/p>\n<p id=\"E85\" class=\"x-scope qowt-word-para-0\"><strong><span id=\"E87\">Vergnano<\/span><span id=\"E89\"> <\/span><span id=\"E91\">Granaroma<\/span><\/strong><span id=\"E93\"> to w\u0142oska, ziarnista kawa dostosowana do ka\u017cdej metody parzenia. \u0141\u0105czy w sobie owocowo\u015b\u0107 <\/span><span id=\"E95\">Arabici<\/span><span id=\"E97\"> oraz czekoladow\u0105 goryczk\u0119 <\/span><span id=\"E99\">Robusty<\/span><span id=\"E101\">. Jest idealna zar\u00f3wno dla do\u015bwiadczonych, jak i pocz\u0105tkuj\u0105cych mi\u0142o\u015bnik\u00f3w tego pobudzaj\u0105cego naparu. 250g<\/span><\/p>\n<p id=\"E102\" class=\"x-scope qowt-word-para-0\"><span id=\"E103\">Opakowanie to mi\u0142e dla oka i dotyku tekturowe pude\u0142ko. Mi\u0119kka i estetyczna wy\u015bci\u00f3\u0142ka zapewnia bezpiecze\u0144stwo szklanym elementom zestawu. Wieko pude\u0142ka przewi\u0105zane nawi\u0105zuj\u0105c\u0105 do kolorystyki zestawu wst\u0105\u017ck\u0105. Ca\u0142o\u015b\u0107 przyjazna \u015brodowisku i podlegaj\u0105ca recyklingowi.<\/span><\/p>\n","protected":false},"featured_media":2406,"template":"","meta":{"_acf_changed":false},"product_brand":[],"product_cat":[33],"product_tag":[],"class_list":{"0":"post-2405","1":"product","2":"type-product","3":"status-publish","4":"has-post-thumbnail","6":"product_cat-zestawy-upominkowe","8":"first","9":"outofstock","10":"purchasable","11":"product-type-simple"},"acf":[],"yoast_head":"<!-- This site is optimized with the Yoast SEO plugin v27.3 - https:\/\/yoast.com\/product\/yoast-seo-wordpress\/ -->\n<title>Iberyjskie \u0142\u0105ki: Zestaw prezentowy z alkoholem - Wino czerwone wytrawne z kaw\u0105 i s\u0142odyczami | Zestawy \u015awi\u0105teczne<\/title>\n<meta name=\"description\" content=\"Zobacz produkt: Iberyjskie \u0142\u0105ki Zestaw prezentowy z alkoholem - Wino czerwone wytrawne z kaw\u0105 i s\u0142odyczami - dost\u0119pny online na Whisky and Wine Place wawp.pl\/prezenty !\" \/>\n<meta name=\"robots\" content=\"index, follow, max-snippet:-1, max-image-preview:large, max-video-preview:-1\" \/>\n<link rel=\"canonical\" href=\"https:\/\/wawp.pl\/prezenty\/produkt\/iberyjskie-laki-zestaw-prezentowy-z-alkoholem-wino-czerwone-wytrawne-z-kawa-i-slodyczami\/\" \/>\n<meta property=\"og:locale\" content=\"pl_PL\" \/>\n<meta property=\"og:type\" content=\"article\" \/>\n<meta property=\"og:title\" content=\"Iberyjskie \u0142\u0105ki: Zestaw prezentowy z alkoholem - Wino czerwone wytrawne z kaw\u0105 i s\u0142odyczami | Zestawy \u015awi\u0105teczne\" \/>\n<meta property=\"og:description\" content=\"Zobacz produkt: Iberyjskie \u0142\u0105ki Zestaw prezentowy z alkoholem - Wino czerwone wytrawne z kaw\u0105 i s\u0142odyczami - dost\u0119pny online na Whisky and Wine Place wawp.pl\/prezenty !\" \/>\n<meta property=\"og:url\" content=\"https:\/\/wawp.pl\/prezenty\/produkt\/iberyjskie-laki-zestaw-prezentowy-z-alkoholem-wino-czerwone-wytrawne-z-kawa-i-slodyczami\/\" \/>\n<meta property=\"og:site_name\" content=\"Zestawy \u015awi\u0105teczne\" \/>\n<meta property=\"article:modified_time\" content=\"2024-12-13T13:53:54+00:00\" \/>\n<meta property=\"og:image\" content=\"https:\/\/wawp.pl\/prezenty\/wp-content\/uploads\/2023\/09\/iberyjskie-laki-zestaw-prezentowy-z-alkoholem-wino-czerwone-wytrawne-z-kawa-i-slodyczami.png\" \/>\n\t<meta property=\"og:image:width\" content=\"1200\" \/>\n\t<meta property=\"og:image:height\" content=\"1260\" \/>\n\t<meta property=\"og:image:type\" content=\"image\/png\" \/>\n<meta name=\"twitter:card\" content=\"summary_large_image\" \/>\n<script type=\"application\/ld+json\" class=\"yoast-schema-graph\">{\"@context\":\"https:\\\/\\\/schema.org\",\"@graph\":[{\"@type\":\"WebPage\",\"@id\":\"https:\\\/\\\/wawp.pl\\\/prezenty\\\/produkt\\\/iberyjskie-laki-zestaw-prezentowy-z-alkoholem-wino-czerwone-wytrawne-z-kawa-i-slodyczami\\\/\",\"url\":\"https:\\\/\\\/wawp.pl\\\/prezenty\\\/produkt\\\/iberyjskie-laki-zestaw-prezentowy-z-alkoholem-wino-czerwone-wytrawne-z-kawa-i-slodyczami\\\/\",\"name\":\"Iberyjskie \u0142\u0105ki: Zestaw prezentowy z alkoholem - Wino czerwone wytrawne z kaw\u0105 i s\u0142odyczami | Zestawy \u015awi\u0105teczne\",\"isPartOf\":{\"@id\":\"https:\\\/\\\/wawp.pl\\\/prezenty\\\/#website\"},\"primaryImageOfPage\":{\"@id\":\"https:\\\/\\\/wawp.pl\\\/prezenty\\\/produkt\\\/iberyjskie-laki-zestaw-prezentowy-z-alkoholem-wino-czerwone-wytrawne-z-kawa-i-slodyczami\\\/#primaryimage\"},\"image\":{\"@id\":\"https:\\\/\\\/wawp.pl\\\/prezenty\\\/produkt\\\/iberyjskie-laki-zestaw-prezentowy-z-alkoholem-wino-czerwone-wytrawne-z-kawa-i-slodyczami\\\/#primaryimage\"},\"thumbnailUrl\":\"https:\\\/\\\/wawp.pl\\\/prezenty\\\/wp-content\\\/uploads\\\/2023\\\/09\\\/iberyjskie-laki-zestaw-prezentowy-z-alkoholem-wino-czerwone-wytrawne-z-kawa-i-slodyczami.png\",\"datePublished\":\"2023-09-20T14:15:49+00:00\",\"dateModified\":\"2024-12-13T13:53:54+00:00\",\"description\":\"Zobacz produkt: Iberyjskie \u0142\u0105ki Zestaw prezentowy z alkoholem - Wino czerwone wytrawne z kaw\u0105 i s\u0142odyczami - dost\u0119pny online na Whisky and Wine Place wawp.pl\\\/prezenty !\",\"breadcrumb\":{\"@id\":\"https:\\\/\\\/wawp.pl\\\/prezenty\\\/produkt\\\/iberyjskie-laki-zestaw-prezentowy-z-alkoholem-wino-czerwone-wytrawne-z-kawa-i-slodyczami\\\/#breadcrumb\"},\"inLanguage\":\"pl-PL\",\"potentialAction\":[{\"@type\":\"ReadAction\",\"target\":[\"https:\\\/\\\/wawp.pl\\\/prezenty\\\/produkt\\\/iberyjskie-laki-zestaw-prezentowy-z-alkoholem-wino-czerwone-wytrawne-z-kawa-i-slodyczami\\\/\"]}]},{\"@type\":\"ImageObject\",\"inLanguage\":\"pl-PL\",\"@id\":\"https:\\\/\\\/wawp.pl\\\/prezenty\\\/produkt\\\/iberyjskie-laki-zestaw-prezentowy-z-alkoholem-wino-czerwone-wytrawne-z-kawa-i-slodyczami\\\/#primaryimage\",\"url\":\"https:\\\/\\\/wawp.pl\\\/prezenty\\\/wp-content\\\/uploads\\\/2023\\\/09\\\/iberyjskie-laki-zestaw-prezentowy-z-alkoholem-wino-czerwone-wytrawne-z-kawa-i-slodyczami.png\",\"contentUrl\":\"https:\\\/\\\/wawp.pl\\\/prezenty\\\/wp-content\\\/uploads\\\/2023\\\/09\\\/iberyjskie-laki-zestaw-prezentowy-z-alkoholem-wino-czerwone-wytrawne-z-kawa-i-slodyczami.png\",\"width\":1200,\"height\":1260,\"caption\":\"Kosze prezentowe z alkoholami i s\u0142odyczami\"},{\"@type\":\"BreadcrumbList\",\"@id\":\"https:\\\/\\\/wawp.pl\\\/prezenty\\\/produkt\\\/iberyjskie-laki-zestaw-prezentowy-z-alkoholem-wino-czerwone-wytrawne-z-kawa-i-slodyczami\\\/#breadcrumb\",\"itemListElement\":[{\"@type\":\"ListItem\",\"position\":1,\"name\":\"Strona g\u0142\u00f3wna\",\"item\":\"https:\\\/\\\/wawp.pl\\\/prezenty\\\/\"},{\"@type\":\"ListItem\",\"position\":2,\"name\":\"Shop\",\"item\":\"https:\\\/\\\/wawp.pl\\\/prezenty\\\/shop\\\/\"},{\"@type\":\"ListItem\",\"position\":3,\"name\":\"Iberyjskie \u0142\u0105ki\"}]},{\"@type\":\"WebSite\",\"@id\":\"https:\\\/\\\/wawp.pl\\\/prezenty\\\/#website\",\"url\":\"https:\\\/\\\/wawp.pl\\\/prezenty\\\/\",\"name\":\"Zestawy \u015awi\u0105teczne\",\"description\":\"Kosze \u015awi\u0105teczne, Podarunkowe, Prezentowe\",\"publisher\":{\"@id\":\"https:\\\/\\\/wawp.pl\\\/prezenty\\\/#organization\"},\"potentialAction\":[{\"@type\":\"SearchAction\",\"target\":{\"@type\":\"EntryPoint\",\"urlTemplate\":\"https:\\\/\\\/wawp.pl\\\/prezenty\\\/?s={search_term_string}\"},\"query-input\":{\"@type\":\"PropertyValueSpecification\",\"valueRequired\":true,\"valueName\":\"search_term_string\"}}],\"inLanguage\":\"pl-PL\"},{\"@type\":\"Organization\",\"@id\":\"https:\\\/\\\/wawp.pl\\\/prezenty\\\/#organization\",\"name\":\"Zestawy \u015awi\u0105teczne\",\"url\":\"https:\\\/\\\/wawp.pl\\\/prezenty\\\/\",\"logo\":{\"@type\":\"ImageObject\",\"inLanguage\":\"pl-PL\",\"@id\":\"https:\\\/\\\/wawp.pl\\\/prezenty\\\/#\\\/schema\\\/logo\\\/image\\\/\",\"url\":\"https:\\\/\\\/wawp.pl\\\/prezenty\\\/wp-content\\\/uploads\\\/2021\\\/11\\\/cropped-logo.png\",\"contentUrl\":\"https:\\\/\\\/wawp.pl\\\/prezenty\\\/wp-content\\\/uploads\\\/2021\\\/11\\\/cropped-logo.png\",\"width\":360,\"height\":137,\"caption\":\"Zestawy \u015awi\u0105teczne\"},\"image\":{\"@id\":\"https:\\\/\\\/wawp.pl\\\/prezenty\\\/#\\\/schema\\\/logo\\\/image\\\/\"}}]}<\/script>\n<!-- \/ Yoast SEO plugin. -->","yoast_head_json":{"title":"Iberyjskie \u0142\u0105ki: Zestaw prezentowy z alkoholem - Wino czerwone wytrawne z kaw\u0105 i s\u0142odyczami | Zestawy \u015awi\u0105teczne","description":"Zobacz produkt: Iberyjskie \u0142\u0105ki Zestaw prezentowy z alkoholem - Wino czerwone wytrawne z kaw\u0105 i s\u0142odyczami - dost\u0119pny online na Whisky and Wine Place wawp.pl\/prezenty !","robots":{"index":"index","follow":"follow","max-snippet":"max-snippet:-1","max-image-preview":"max-image-preview:large","max-video-preview":"max-video-preview:-1"},"canonical":"https:\/\/wawp.pl\/prezenty\/produkt\/iberyjskie-laki-zestaw-prezentowy-z-alkoholem-wino-czerwone-wytrawne-z-kawa-i-slodyczami\/","og_locale":"pl_PL","og_type":"article","og_title":"Iberyjskie \u0142\u0105ki: Zestaw prezentowy z alkoholem - Wino czerwone wytrawne z kaw\u0105 i s\u0142odyczami | Zestawy \u015awi\u0105teczne","og_description":"Zobacz produkt: Iberyjskie \u0142\u0105ki Zestaw prezentowy z alkoholem - Wino czerwone wytrawne z kaw\u0105 i s\u0142odyczami - dost\u0119pny online na Whisky and Wine Place wawp.pl\/prezenty !","og_url":"https:\/\/wawp.pl\/prezenty\/produkt\/iberyjskie-laki-zestaw-prezentowy-z-alkoholem-wino-czerwone-wytrawne-z-kawa-i-slodyczami\/","og_site_name":"Zestawy \u015awi\u0105teczne","article_modified_time":"2024-12-13T13:53:54+00:00","og_image":[{"width":1200,"height":1260,"url":"https:\/\/wawp.pl\/prezenty\/wp-content\/uploads\/2023\/09\/iberyjskie-laki-zestaw-prezentowy-z-alkoholem-wino-czerwone-wytrawne-z-kawa-i-slodyczami.png","type":"image\/png"}],"twitter_card":"summary_large_image","schema":{"@context":"https:\/\/schema.org","@graph":[{"@type":"WebPage","@id":"https:\/\/wawp.pl\/prezenty\/produkt\/iberyjskie-laki-zestaw-prezentowy-z-alkoholem-wino-czerwone-wytrawne-z-kawa-i-slodyczami\/","url":"https:\/\/wawp.pl\/prezenty\/produkt\/iberyjskie-laki-zestaw-prezentowy-z-alkoholem-wino-czerwone-wytrawne-z-kawa-i-slodyczami\/","name":"Iberyjskie \u0142\u0105ki: Zestaw prezentowy z alkoholem - Wino czerwone wytrawne z kaw\u0105 i s\u0142odyczami | Zestawy \u015awi\u0105teczne","isPartOf":{"@id":"https:\/\/wawp.pl\/prezenty\/#website"},"primaryImageOfPage":{"@id":"https:\/\/wawp.pl\/prezenty\/produkt\/iberyjskie-laki-zestaw-prezentowy-z-alkoholem-wino-czerwone-wytrawne-z-kawa-i-slodyczami\/#primaryimage"},"image":{"@id":"https:\/\/wawp.pl\/prezenty\/produkt\/iberyjskie-laki-zestaw-prezentowy-z-alkoholem-wino-czerwone-wytrawne-z-kawa-i-slodyczami\/#primaryimage"},"thumbnailUrl":"https:\/\/wawp.pl\/prezenty\/wp-content\/uploads\/2023\/09\/iberyjskie-laki-zestaw-prezentowy-z-alkoholem-wino-czerwone-wytrawne-z-kawa-i-slodyczami.png","datePublished":"2023-09-20T14:15:49+00:00","dateModified":"2024-12-13T13:53:54+00:00","description":"Zobacz produkt: Iberyjskie \u0142\u0105ki Zestaw prezentowy z alkoholem - Wino czerwone wytrawne z kaw\u0105 i s\u0142odyczami - dost\u0119pny online na Whisky and Wine Place wawp.pl\/prezenty !","breadcrumb":{"@id":"https:\/\/wawp.pl\/prezenty\/produkt\/iberyjskie-laki-zestaw-prezentowy-z-alkoholem-wino-czerwone-wytrawne-z-kawa-i-slodyczami\/#breadcrumb"},"inLanguage":"pl-PL","potentialAction":[{"@type":"ReadAction","target":["https:\/\/wawp.pl\/prezenty\/produkt\/iberyjskie-laki-zestaw-prezentowy-z-alkoholem-wino-czerwone-wytrawne-z-kawa-i-slodyczami\/"]}]},{"@type":"ImageObject","inLanguage":"pl-PL","@id":"https:\/\/wawp.pl\/prezenty\/produkt\/iberyjskie-laki-zestaw-prezentowy-z-alkoholem-wino-czerwone-wytrawne-z-kawa-i-slodyczami\/#primaryimage","url":"https:\/\/wawp.pl\/prezenty\/wp-content\/uploads\/2023\/09\/iberyjskie-laki-zestaw-prezentowy-z-alkoholem-wino-czerwone-wytrawne-z-kawa-i-slodyczami.png","contentUrl":"https:\/\/wawp.pl\/prezenty\/wp-content\/uploads\/2023\/09\/iberyjskie-laki-zestaw-prezentowy-z-alkoholem-wino-czerwone-wytrawne-z-kawa-i-slodyczami.png","width":1200,"height":1260,"caption":"Kosze prezentowe z alkoholami i s\u0142odyczami"},{"@type":"BreadcrumbList","@id":"https:\/\/wawp.pl\/prezenty\/produkt\/iberyjskie-laki-zestaw-prezentowy-z-alkoholem-wino-czerwone-wytrawne-z-kawa-i-slodyczami\/#breadcrumb","itemListElement":[{"@type":"ListItem","position":1,"name":"Strona g\u0142\u00f3wna","item":"https:\/\/wawp.pl\/prezenty\/"},{"@type":"ListItem","position":2,"name":"Shop","item":"https:\/\/wawp.pl\/prezenty\/shop\/"},{"@type":"ListItem","position":3,"name":"Iberyjskie \u0142\u0105ki"}]},{"@type":"WebSite","@id":"https:\/\/wawp.pl\/prezenty\/#website","url":"https:\/\/wawp.pl\/prezenty\/","name":"Zestawy \u015awi\u0105teczne","description":"Kosze \u015awi\u0105teczne, Podarunkowe, Prezentowe","publisher":{"@id":"https:\/\/wawp.pl\/prezenty\/#organization"},"potentialAction":[{"@type":"SearchAction","target":{"@type":"EntryPoint","urlTemplate":"https:\/\/wawp.pl\/prezenty\/?s={search_term_string}"},"query-input":{"@type":"PropertyValueSpecification","valueRequired":true,"valueName":"search_term_string"}}],"inLanguage":"pl-PL"},{"@type":"Organization","@id":"https:\/\/wawp.pl\/prezenty\/#organization","name":"Zestawy \u015awi\u0105teczne","url":"https:\/\/wawp.pl\/prezenty\/","logo":{"@type":"ImageObject","inLanguage":"pl-PL","@id":"https:\/\/wawp.pl\/prezenty\/#\/schema\/logo\/image\/","url":"https:\/\/wawp.pl\/prezenty\/wp-content\/uploads\/2021\/11\/cropped-logo.png","contentUrl":"https:\/\/wawp.pl\/prezenty\/wp-content\/uploads\/2021\/11\/cropped-logo.png","width":360,"height":137,"caption":"Zestawy \u015awi\u0105teczne"},"image":{"@id":"https:\/\/wawp.pl\/prezenty\/#\/schema\/logo\/image\/"}}]}},"_links":{"self":[{"href":"https:\/\/wawp.pl\/prezenty\/wp-json\/wp\/v2\/product\/2405","targetHints":{"allow":["GET"]}}],"collection":[{"href":"https:\/\/wawp.pl\/prezenty\/wp-json\/wp\/v2\/product"}],"about":[{"href":"https:\/\/wawp.pl\/prezenty\/wp-json\/wp\/v2\/types\/product"}],"wp:featuredmedia":[{"embeddable":true,"href":"https:\/\/wawp.pl\/prezenty\/wp-json\/wp\/v2\/media\/2406"}],"wp:attachment":[{"href":"https:\/\/wawp.pl\/prezenty\/wp-json\/wp\/v2\/media?parent=2405"}],"wp:term":[{"taxonomy":"product_brand","embeddable":true,"href":"https:\/\/wawp.pl\/prezenty\/wp-json\/wp\/v2\/product_brand?post=2405"},{"taxonomy":"product_cat","embeddable":true,"href":"https:\/\/wawp.pl\/prezenty\/wp-json\/wp\/v2\/product_cat?post=2405"},{"taxonomy":"product_tag","embeddable":true,"href":"https:\/\/wawp.pl\/prezenty\/wp-json\/wp\/v2\/product_tag?post=2405"}],"curies":[{"name":"wp","href":"https:\/\/api.w.org\/{rel}","templated":true}]}}