{"id":2398,"date":"2023-09-15T13:48:26","date_gmt":"2023-09-15T13:48:26","guid":{"rendered":"https:\/\/wawp.pl\/prezenty\/?post_type=product&#038;p=2398"},"modified":"2024-12-13T13:26:45","modified_gmt":"2024-12-13T13:26:45","slug":"rosso-conero-zestaw-prezentowy-z-alkoholem-wino-wloskie-czerwone-wytrawne-marche","status":"publish","type":"product","link":"https:\/\/wawp.pl\/prezenty\/produkt\/rosso-conero-zestaw-prezentowy-z-alkoholem-wino-wloskie-czerwone-wytrawne-marche\/","title":{"rendered":"Rosso Conero"},"content":{"rendered":"","protected":false},"excerpt":{"rendered":"<p id=\"E52\" class=\"x-scope qowt-word-para-0\"><span id=\"E53\">Zestaw upominkowy z alkoholem dla lekarza jest pe\u0142en wysublimowanych \u0142akoci. Zawarto\u015b\u0107 kosza podarunkowego zaskoczy nawet najbardziej wybrednych odbiorc\u00f3w. Doskona\u0142e w\u0142oskie wino i eleganckie dodatki to znakomity spos\u00f3b na wyra\u017cenie wdzi\u0119czno\u015bci i uznania.<\/span><\/p>\n<p id=\"E56\" class=\"x-scope qowt-word-para-0\"><strong><span id=\"E57\">Villa <\/span><span id=\"E59\">Malacari<\/span><span id=\"E61\"> Rosso <\/span><span id=\"E63\">Conero<\/span><\/strong><span id=\"E65\"> to czerwone, wytrawne wino z w\u0142oskiej Marchii. Wyprodukowane jest ze szczepu <\/span><span id=\"E67\">Montepulciano<\/span><span id=\"E69\">. Wino jest dostojne i powa\u017cne, skierowane do \u015bwiadomego mi\u0142o\u015bnika win. Posiada wiele aromat\u00f3w wynikaj\u0105cych z d\u0142ugiego le\u017cakowania w d\u0119bowych beczkach, takich jak tyto\u0144, wyprawiona sk\u00f3ra czy atrament. Ca\u0142o\u015bci dope\u0142niaj\u0105 aromaty jag\u00f3d, w\u0119dzonych \u015bliwek i <\/span><span id=\"E70\">daktyli.<\/span><\/p>\n<p id=\"E71\" class=\"x-scope qowt-word-para-0\"><span id=\"E72\"><strong>Tivoli<\/strong> to du\u0144skie, kruche ciasteczka z karmelem i sol\u0105 morsk\u0105. Sprawdz\u0105 si\u0119 znakomicie jako samodzielna przek\u0105ska lub dodatek do kawy i herbaty. Opakowane w eleganck\u0105 puszk\u0119 z efektownymi t\u0142oczeniami. 150g<\/span><\/p>\n<p id=\"E73\" class=\"x-scope qowt-word-para-0\"><strong><span id=\"E75\">Cachet<\/span><\/strong><span id=\"E77\"><strong> Dark<\/strong> to dodatek prze\u0142amuj\u0105cy s\u0142odycz za spraw\u0105 wytrawnego Tanza\u0144skiego kakao oraz soli morskiej. 100g<\/span><\/p>\n<p id=\"E78\" class=\"x-scope qowt-word-para-0\"><strong><span id=\"E80\">Carletti<\/span><span id=\"E82\"> <\/span><span id=\"E84\">Delight<\/span><\/strong><span id=\"E86\"> to mieszanka orzech\u00f3w laskowych oblanych czekolad\u0105 deserow\u0105 i mleczn\u0105. Doskonale koresponduj\u0105 z aromatem i smakiem trunku w zestawie. 62g<\/span><\/p>\n<p id=\"E87\" class=\"x-scope qowt-word-para-0\"><span id=\"E88\"><strong>Czekolada bia\u0142a<\/strong> z miodem, jagodami i malinami to rzemie\u015blniczy produkt ma\u0142ej rodzinnej pasieki <strong>\u0141yso\u0144<\/strong>. Ka\u017cda tabliczka opr\u00f3cz wysokiej jako\u015bci belgijskiej czekolady zawiera jeszcze du\u017c\u0105 dawk\u0119 naturalnego, wielokwiatowego miodu i ca\u0142e, suszone owoce. 70g<\/span><\/p>\n<p id=\"E89\" class=\"x-scope qowt-word-para-0\"><span id=\"E90\">Opakowanie to mi\u0142e dla oka i dotyku tekturowe pude\u0142ko. Mi\u0119kka i estetyczna wy\u015bci\u00f3\u0142ka zapewnia bezpiecze\u0144stwo szklanym elementom zestawu. Wieko pude\u0142ka przewi\u0105zane nawi\u0105zuj\u0105c\u0105 do kolorystyki zestawu wst\u0105\u017ck\u0105. Ca\u0142o\u015b\u0107 przyjazna \u015brodowisku i podlegaj\u0105ca recyklingowi.<\/span><\/p>\n","protected":false},"featured_media":2399,"template":"","meta":{"_acf_changed":false},"product_brand":[],"product_cat":[35,33],"product_tag":[],"class_list":{"0":"post-2398","1":"product","2":"type-product","3":"status-publish","4":"has-post-thumbnail","6":"product_cat-alkohole-zestawy-prezentowe","7":"product_cat-zestawy-upominkowe","9":"first","10":"outofstock","11":"purchasable","12":"product-type-simple"},"acf":[],"yoast_head":"<!-- This site is optimized with the Yoast SEO plugin v27.3 - https:\/\/yoast.com\/product\/yoast-seo-wordpress\/ -->\n<title>Rosso Conero: Zestaw prezentowy z alkoholem - Wino w\u0142oskie czerwone wytrawne Marche | WAWP - Sklep<\/title>\n<meta name=\"description\" content=\"Zobacz produkt: Rosso Conero Zestaw prezentowy z alkoholem - Wino w\u0142oskie czerwone wytrawne Marche - dost\u0119pny online na Whisky and Wine Place wawp.pl\/prezenty !\" \/>\n<meta name=\"robots\" content=\"index, follow, max-snippet:-1, max-image-preview:large, max-video-preview:-1\" \/>\n<link rel=\"canonical\" href=\"https:\/\/wawp.pl\/prezenty\/produkt\/rosso-conero-zestaw-prezentowy-z-alkoholem-wino-wloskie-czerwone-wytrawne-marche\/\" \/>\n<meta property=\"og:locale\" content=\"pl_PL\" \/>\n<meta property=\"og:type\" content=\"article\" \/>\n<meta property=\"og:title\" content=\"Rosso Conero: Zestaw prezentowy z alkoholem - Wino w\u0142oskie czerwone wytrawne Marche | WAWP - Sklep\" \/>\n<meta property=\"og:description\" content=\"Zobacz produkt: Rosso Conero Zestaw prezentowy z alkoholem - Wino w\u0142oskie czerwone wytrawne Marche - dost\u0119pny online na Whisky and Wine Place wawp.pl\/prezenty !\" \/>\n<meta property=\"og:url\" content=\"https:\/\/wawp.pl\/prezenty\/produkt\/rosso-conero-zestaw-prezentowy-z-alkoholem-wino-wloskie-czerwone-wytrawne-marche\/\" \/>\n<meta property=\"og:site_name\" content=\"WAWP - Sklep\" \/>\n<meta property=\"article:modified_time\" content=\"2024-12-13T13:26:45+00:00\" \/>\n<meta property=\"og:image\" content=\"https:\/\/wawp.pl\/prezenty\/wp-content\/uploads\/2023\/09\/rosso-conero-zestaw-prezentowy-z-alkoholem-wino-wloskie-czerwone-wytrawne-marche.png\" \/>\n\t<meta property=\"og:image:width\" content=\"1200\" \/>\n\t<meta property=\"og:image:height\" content=\"1260\" \/>\n\t<meta property=\"og:image:type\" content=\"image\/png\" \/>\n<meta name=\"twitter:card\" content=\"summary_large_image\" \/>\n<script type=\"application\/ld+json\" class=\"yoast-schema-graph\">{\"@context\":\"https:\\\/\\\/schema.org\",\"@graph\":[{\"@type\":\"WebPage\",\"@id\":\"https:\\\/\\\/wawp.pl\\\/prezenty\\\/produkt\\\/rosso-conero-zestaw-prezentowy-z-alkoholem-wino-wloskie-czerwone-wytrawne-marche\\\/\",\"url\":\"https:\\\/\\\/wawp.pl\\\/prezenty\\\/produkt\\\/rosso-conero-zestaw-prezentowy-z-alkoholem-wino-wloskie-czerwone-wytrawne-marche\\\/\",\"name\":\"Rosso Conero: Zestaw prezentowy z alkoholem - Wino w\u0142oskie czerwone wytrawne Marche | WAWP - Sklep\",\"isPartOf\":{\"@id\":\"https:\\\/\\\/wawp.pl\\\/prezenty\\\/#website\"},\"primaryImageOfPage\":{\"@id\":\"https:\\\/\\\/wawp.pl\\\/prezenty\\\/produkt\\\/rosso-conero-zestaw-prezentowy-z-alkoholem-wino-wloskie-czerwone-wytrawne-marche\\\/#primaryimage\"},\"image\":{\"@id\":\"https:\\\/\\\/wawp.pl\\\/prezenty\\\/produkt\\\/rosso-conero-zestaw-prezentowy-z-alkoholem-wino-wloskie-czerwone-wytrawne-marche\\\/#primaryimage\"},\"thumbnailUrl\":\"https:\\\/\\\/wawp.pl\\\/prezenty\\\/wp-content\\\/uploads\\\/2023\\\/09\\\/rosso-conero-zestaw-prezentowy-z-alkoholem-wino-wloskie-czerwone-wytrawne-marche.png\",\"datePublished\":\"2023-09-15T13:48:26+00:00\",\"dateModified\":\"2024-12-13T13:26:45+00:00\",\"description\":\"Zobacz produkt: Rosso Conero Zestaw prezentowy z alkoholem - Wino w\u0142oskie czerwone wytrawne Marche - dost\u0119pny online na Whisky and Wine Place wawp.pl\\\/prezenty !\",\"breadcrumb\":{\"@id\":\"https:\\\/\\\/wawp.pl\\\/prezenty\\\/produkt\\\/rosso-conero-zestaw-prezentowy-z-alkoholem-wino-wloskie-czerwone-wytrawne-marche\\\/#breadcrumb\"},\"inLanguage\":\"pl-PL\",\"potentialAction\":[{\"@type\":\"ReadAction\",\"target\":[\"https:\\\/\\\/wawp.pl\\\/prezenty\\\/produkt\\\/rosso-conero-zestaw-prezentowy-z-alkoholem-wino-wloskie-czerwone-wytrawne-marche\\\/\"]}]},{\"@type\":\"ImageObject\",\"inLanguage\":\"pl-PL\",\"@id\":\"https:\\\/\\\/wawp.pl\\\/prezenty\\\/produkt\\\/rosso-conero-zestaw-prezentowy-z-alkoholem-wino-wloskie-czerwone-wytrawne-marche\\\/#primaryimage\",\"url\":\"https:\\\/\\\/wawp.pl\\\/prezenty\\\/wp-content\\\/uploads\\\/2023\\\/09\\\/rosso-conero-zestaw-prezentowy-z-alkoholem-wino-wloskie-czerwone-wytrawne-marche.png\",\"contentUrl\":\"https:\\\/\\\/wawp.pl\\\/prezenty\\\/wp-content\\\/uploads\\\/2023\\\/09\\\/rosso-conero-zestaw-prezentowy-z-alkoholem-wino-wloskie-czerwone-wytrawne-marche.png\",\"width\":1200,\"height\":1260},{\"@type\":\"BreadcrumbList\",\"@id\":\"https:\\\/\\\/wawp.pl\\\/prezenty\\\/produkt\\\/rosso-conero-zestaw-prezentowy-z-alkoholem-wino-wloskie-czerwone-wytrawne-marche\\\/#breadcrumb\",\"itemListElement\":[{\"@type\":\"ListItem\",\"position\":1,\"name\":\"Strona g\u0142\u00f3wna\",\"item\":\"https:\\\/\\\/wawp.pl\\\/prezenty\\\/\"},{\"@type\":\"ListItem\",\"position\":2,\"name\":\"Shop\",\"item\":\"https:\\\/\\\/wawp.pl\\\/prezenty\\\/shop\\\/\"},{\"@type\":\"ListItem\",\"position\":3,\"name\":\"Rosso Conero\"}]},{\"@type\":\"WebSite\",\"@id\":\"https:\\\/\\\/wawp.pl\\\/prezenty\\\/#website\",\"url\":\"https:\\\/\\\/wawp.pl\\\/prezenty\\\/\",\"name\":\"WAWP - Sklep\",\"description\":\"Kosze \u015awi\u0105teczne, Podarunkowe, Prezentowe\",\"publisher\":{\"@id\":\"https:\\\/\\\/wawp.pl\\\/prezenty\\\/#organization\"},\"potentialAction\":[{\"@type\":\"SearchAction\",\"target\":{\"@type\":\"EntryPoint\",\"urlTemplate\":\"https:\\\/\\\/wawp.pl\\\/prezenty\\\/?s={search_term_string}\"},\"query-input\":{\"@type\":\"PropertyValueSpecification\",\"valueRequired\":true,\"valueName\":\"search_term_string\"}}],\"inLanguage\":\"pl-PL\"},{\"@type\":\"Organization\",\"@id\":\"https:\\\/\\\/wawp.pl\\\/prezenty\\\/#organization\",\"name\":\"WAWP - Sklep\",\"url\":\"https:\\\/\\\/wawp.pl\\\/prezenty\\\/\",\"logo\":{\"@type\":\"ImageObject\",\"inLanguage\":\"pl-PL\",\"@id\":\"https:\\\/\\\/wawp.pl\\\/prezenty\\\/#\\\/schema\\\/logo\\\/image\\\/\",\"url\":\"https:\\\/\\\/wawp.pl\\\/prezenty\\\/wp-content\\\/uploads\\\/2021\\\/11\\\/cropped-logo.png\",\"contentUrl\":\"https:\\\/\\\/wawp.pl\\\/prezenty\\\/wp-content\\\/uploads\\\/2021\\\/11\\\/cropped-logo.png\",\"width\":360,\"height\":137,\"caption\":\"WAWP - Sklep\"},\"image\":{\"@id\":\"https:\\\/\\\/wawp.pl\\\/prezenty\\\/#\\\/schema\\\/logo\\\/image\\\/\"}}]}<\/script>\n<!-- \/ Yoast SEO plugin. -->","yoast_head_json":{"title":"Rosso Conero: Zestaw prezentowy z alkoholem - Wino w\u0142oskie czerwone wytrawne Marche | WAWP - Sklep","description":"Zobacz produkt: Rosso Conero Zestaw prezentowy z alkoholem - Wino w\u0142oskie czerwone wytrawne Marche - dost\u0119pny online na Whisky and Wine Place wawp.pl\/prezenty !","robots":{"index":"index","follow":"follow","max-snippet":"max-snippet:-1","max-image-preview":"max-image-preview:large","max-video-preview":"max-video-preview:-1"},"canonical":"https:\/\/wawp.pl\/prezenty\/produkt\/rosso-conero-zestaw-prezentowy-z-alkoholem-wino-wloskie-czerwone-wytrawne-marche\/","og_locale":"pl_PL","og_type":"article","og_title":"Rosso Conero: Zestaw prezentowy z alkoholem - Wino w\u0142oskie czerwone wytrawne Marche | WAWP - Sklep","og_description":"Zobacz produkt: Rosso Conero Zestaw prezentowy z alkoholem - Wino w\u0142oskie czerwone wytrawne Marche - dost\u0119pny online na Whisky and Wine Place wawp.pl\/prezenty !","og_url":"https:\/\/wawp.pl\/prezenty\/produkt\/rosso-conero-zestaw-prezentowy-z-alkoholem-wino-wloskie-czerwone-wytrawne-marche\/","og_site_name":"WAWP - Sklep","article_modified_time":"2024-12-13T13:26:45+00:00","og_image":[{"width":1200,"height":1260,"url":"https:\/\/wawp.pl\/prezenty\/wp-content\/uploads\/2023\/09\/rosso-conero-zestaw-prezentowy-z-alkoholem-wino-wloskie-czerwone-wytrawne-marche.png","type":"image\/png"}],"twitter_card":"summary_large_image","schema":{"@context":"https:\/\/schema.org","@graph":[{"@type":"WebPage","@id":"https:\/\/wawp.pl\/prezenty\/produkt\/rosso-conero-zestaw-prezentowy-z-alkoholem-wino-wloskie-czerwone-wytrawne-marche\/","url":"https:\/\/wawp.pl\/prezenty\/produkt\/rosso-conero-zestaw-prezentowy-z-alkoholem-wino-wloskie-czerwone-wytrawne-marche\/","name":"Rosso Conero: Zestaw prezentowy z alkoholem - Wino w\u0142oskie czerwone wytrawne Marche | WAWP - Sklep","isPartOf":{"@id":"https:\/\/wawp.pl\/prezenty\/#website"},"primaryImageOfPage":{"@id":"https:\/\/wawp.pl\/prezenty\/produkt\/rosso-conero-zestaw-prezentowy-z-alkoholem-wino-wloskie-czerwone-wytrawne-marche\/#primaryimage"},"image":{"@id":"https:\/\/wawp.pl\/prezenty\/produkt\/rosso-conero-zestaw-prezentowy-z-alkoholem-wino-wloskie-czerwone-wytrawne-marche\/#primaryimage"},"thumbnailUrl":"https:\/\/wawp.pl\/prezenty\/wp-content\/uploads\/2023\/09\/rosso-conero-zestaw-prezentowy-z-alkoholem-wino-wloskie-czerwone-wytrawne-marche.png","datePublished":"2023-09-15T13:48:26+00:00","dateModified":"2024-12-13T13:26:45+00:00","description":"Zobacz produkt: Rosso Conero Zestaw prezentowy z alkoholem - Wino w\u0142oskie czerwone wytrawne Marche - dost\u0119pny online na Whisky and Wine Place wawp.pl\/prezenty !","breadcrumb":{"@id":"https:\/\/wawp.pl\/prezenty\/produkt\/rosso-conero-zestaw-prezentowy-z-alkoholem-wino-wloskie-czerwone-wytrawne-marche\/#breadcrumb"},"inLanguage":"pl-PL","potentialAction":[{"@type":"ReadAction","target":["https:\/\/wawp.pl\/prezenty\/produkt\/rosso-conero-zestaw-prezentowy-z-alkoholem-wino-wloskie-czerwone-wytrawne-marche\/"]}]},{"@type":"ImageObject","inLanguage":"pl-PL","@id":"https:\/\/wawp.pl\/prezenty\/produkt\/rosso-conero-zestaw-prezentowy-z-alkoholem-wino-wloskie-czerwone-wytrawne-marche\/#primaryimage","url":"https:\/\/wawp.pl\/prezenty\/wp-content\/uploads\/2023\/09\/rosso-conero-zestaw-prezentowy-z-alkoholem-wino-wloskie-czerwone-wytrawne-marche.png","contentUrl":"https:\/\/wawp.pl\/prezenty\/wp-content\/uploads\/2023\/09\/rosso-conero-zestaw-prezentowy-z-alkoholem-wino-wloskie-czerwone-wytrawne-marche.png","width":1200,"height":1260},{"@type":"BreadcrumbList","@id":"https:\/\/wawp.pl\/prezenty\/produkt\/rosso-conero-zestaw-prezentowy-z-alkoholem-wino-wloskie-czerwone-wytrawne-marche\/#breadcrumb","itemListElement":[{"@type":"ListItem","position":1,"name":"Strona g\u0142\u00f3wna","item":"https:\/\/wawp.pl\/prezenty\/"},{"@type":"ListItem","position":2,"name":"Shop","item":"https:\/\/wawp.pl\/prezenty\/shop\/"},{"@type":"ListItem","position":3,"name":"Rosso Conero"}]},{"@type":"WebSite","@id":"https:\/\/wawp.pl\/prezenty\/#website","url":"https:\/\/wawp.pl\/prezenty\/","name":"WAWP - Sklep","description":"Kosze \u015awi\u0105teczne, Podarunkowe, Prezentowe","publisher":{"@id":"https:\/\/wawp.pl\/prezenty\/#organization"},"potentialAction":[{"@type":"SearchAction","target":{"@type":"EntryPoint","urlTemplate":"https:\/\/wawp.pl\/prezenty\/?s={search_term_string}"},"query-input":{"@type":"PropertyValueSpecification","valueRequired":true,"valueName":"search_term_string"}}],"inLanguage":"pl-PL"},{"@type":"Organization","@id":"https:\/\/wawp.pl\/prezenty\/#organization","name":"WAWP - Sklep","url":"https:\/\/wawp.pl\/prezenty\/","logo":{"@type":"ImageObject","inLanguage":"pl-PL","@id":"https:\/\/wawp.pl\/prezenty\/#\/schema\/logo\/image\/","url":"https:\/\/wawp.pl\/prezenty\/wp-content\/uploads\/2021\/11\/cropped-logo.png","contentUrl":"https:\/\/wawp.pl\/prezenty\/wp-content\/uploads\/2021\/11\/cropped-logo.png","width":360,"height":137,"caption":"WAWP - Sklep"},"image":{"@id":"https:\/\/wawp.pl\/prezenty\/#\/schema\/logo\/image\/"}}]}},"_links":{"self":[{"href":"https:\/\/wawp.pl\/prezenty\/wp-json\/wp\/v2\/product\/2398","targetHints":{"allow":["GET"]}}],"collection":[{"href":"https:\/\/wawp.pl\/prezenty\/wp-json\/wp\/v2\/product"}],"about":[{"href":"https:\/\/wawp.pl\/prezenty\/wp-json\/wp\/v2\/types\/product"}],"wp:featuredmedia":[{"embeddable":true,"href":"https:\/\/wawp.pl\/prezenty\/wp-json\/wp\/v2\/media\/2399"}],"wp:attachment":[{"href":"https:\/\/wawp.pl\/prezenty\/wp-json\/wp\/v2\/media?parent=2398"}],"wp:term":[{"taxonomy":"product_brand","embeddable":true,"href":"https:\/\/wawp.pl\/prezenty\/wp-json\/wp\/v2\/product_brand?post=2398"},{"taxonomy":"product_cat","embeddable":true,"href":"https:\/\/wawp.pl\/prezenty\/wp-json\/wp\/v2\/product_cat?post=2398"},{"taxonomy":"product_tag","embeddable":true,"href":"https:\/\/wawp.pl\/prezenty\/wp-json\/wp\/v2\/product_tag?post=2398"}],"curies":[{"name":"wp","href":"https:\/\/api.w.org\/{rel}","templated":true}]}}