{"id":2396,"date":"2023-09-15T13:23:56","date_gmt":"2023-09-15T13:23:56","guid":{"rendered":"https:\/\/wawp.pl\/prezenty\/?post_type=product&#038;p=2396"},"modified":"2024-12-13T13:53:54","modified_gmt":"2024-12-13T13:53:54","slug":"mala-pokusa-zestaw-prezentowy-z-alkoholem-wino-rozowe-z-czekolada","status":"publish","type":"product","link":"https:\/\/wawp.pl\/prezenty\/produkt\/mala-pokusa-zestaw-prezentowy-z-alkoholem-wino-rozowe-z-czekolada\/","title":{"rendered":"Ma\u0142a pokusa"},"content":{"rendered":"","protected":false},"excerpt":{"rendered":"<p id=\"E49\" class=\"x-scope qowt-word-para-0\"><span id=\"E50\">Zestaw upominkowy dla ksi\u0119gowej <strong>Ma\u0142a pokusa<\/strong> to drobny podarunek, kt\u00f3ry \u015bwietnie nada si\u0119 na okazanie wdzi\u0119czno\u015bci za przys\u0142ug\u0119. Box prezentowy z alkoholem jest ma\u0142y i dyskretny, ale<\/span><span id=\"E51\"> ka\u017cdy jego element estetycznie wykonany i pyszny. Wspania\u0142a alternatyw dla bukietu kwiat\u00f3w.<\/span><\/p>\n<p id=\"E54\" class=\"x-scope qowt-word-para-0\"><strong><span id=\"E56\">Kaiserbaum<\/span><span id=\"E58\"> <\/span><span id=\"E60\">Portugieser<\/span><span id=\"E62\"> <\/span><span id=\"E64\">Rose<\/span><\/strong><span id=\"E66\"> to r\u00f3\u017cowe, <\/span><span id=\"E67\">p\u00f3\u0142<\/span><span id=\"E68\">wytrawne wino pochodz\u0105ce z niemieckiego Palatynatu. Jego dodatkow\u0105 zalet\u0105 jest <\/span><span id=\"E69\">obj\u0119to\u015b\u0107 butelki \u2013 wina jest a\u017c litr. Trunek jest uniwersalny i \u0142\u0105czy gusta. Pachnie czerwonymi owocami, takimi jak truskawki i maliny, a tak\u017ce czarn\u0105 porzeczk\u0105. W smaku delikatne i soczyste.<\/span><\/p>\n<p id=\"E70\" class=\"x-scope qowt-word-para-0\"><strong><span id=\"E72\">Cachet<\/span><\/strong><span id=\"E74\"> to czekolada klasy <\/span><span id=\"E76\">premium<\/span><span id=\"E78\"> wyprodukowana przez belgijskich mistrz\u00f3w cukiernictwa. Dodatek <\/span><span id=\"E79\">porzeczki i imbiru<\/span><span id=\"E80\"> spaja j\u0105 kolorystycznie z tematyk\u0105 zestawu upominkowego. 100g<\/span><\/p>\n<p id=\"E81\" class=\"x-scope qowt-word-para-0\"><span id=\"E82\">Opakowanie to mi\u0142e dla oka i dotyku tekturowe pude\u0142ko. Mi\u0119kka i estetyczna wy\u015bci\u00f3\u0142ka zapewnia bezpiecze\u0144stwo szklanym elementom zestawu. Wieko pude\u0142ka przewi\u0105zane nawi\u0105zuj\u0105c\u0105 do kolorystyki zestawu wst\u0105\u017ck\u0105. Ca\u0142o\u015b\u0107 przyjazna \u015brodowisku i podlegaj\u0105ca recyklingowi.<\/span><\/p>\n","protected":false},"featured_media":2519,"template":"","meta":{"_acf_changed":false},"product_brand":[],"product_cat":[33],"product_tag":[],"class_list":{"0":"post-2396","1":"product","2":"type-product","3":"status-publish","4":"has-post-thumbnail","6":"product_cat-zestawy-upominkowe","8":"first","9":"outofstock","10":"purchasable","11":"product-type-simple"},"acf":[],"yoast_head":"<!-- This site is optimized with the Yoast SEO plugin v27.3 - https:\/\/yoast.com\/product\/yoast-seo-wordpress\/ -->\n<title>Ma\u0142a pokusa: Zestaw prezentowy z alkoholem - Wino r\u00f3\u017cowe z czekolad\u0105 | Zestawy \u015awi\u0105teczne<\/title>\n<meta name=\"description\" content=\"Zobacz produkt: Ma\u0142a pokusa Zestaw prezentowy z alkoholem - Wino r\u00f3\u017cowe z czekolad\u0105 - dost\u0119pny online na Whisky and Wine Place wawp.pl\/prezenty !\" \/>\n<meta name=\"robots\" content=\"index, follow, max-snippet:-1, max-image-preview:large, max-video-preview:-1\" \/>\n<link rel=\"canonical\" href=\"https:\/\/wawp.pl\/prezenty\/produkt\/mala-pokusa-zestaw-prezentowy-z-alkoholem-wino-rozowe-z-czekolada\/\" \/>\n<meta property=\"og:locale\" content=\"pl_PL\" \/>\n<meta property=\"og:type\" content=\"article\" \/>\n<meta property=\"og:title\" content=\"Ma\u0142a pokusa: Zestaw prezentowy z alkoholem - Wino r\u00f3\u017cowe z czekolad\u0105 | Zestawy \u015awi\u0105teczne\" \/>\n<meta property=\"og:description\" content=\"Zobacz produkt: Ma\u0142a pokusa Zestaw prezentowy z alkoholem - Wino r\u00f3\u017cowe z czekolad\u0105 - dost\u0119pny online na Whisky and Wine Place wawp.pl\/prezenty !\" \/>\n<meta property=\"og:url\" content=\"https:\/\/wawp.pl\/prezenty\/produkt\/mala-pokusa-zestaw-prezentowy-z-alkoholem-wino-rozowe-z-czekolada\/\" \/>\n<meta property=\"og:site_name\" content=\"Zestawy \u015awi\u0105teczne\" \/>\n<meta property=\"article:modified_time\" content=\"2024-12-13T13:53:54+00:00\" \/>\n<meta property=\"og:image\" content=\"https:\/\/wawp.pl\/prezenty\/wp-content\/uploads\/2023\/09\/mala-pokusa-zestaw-prezentowy-z-alkoholem-wino-rozowe-z-czekolada.png\" \/>\n\t<meta property=\"og:image:width\" content=\"1200\" \/>\n\t<meta property=\"og:image:height\" content=\"1200\" \/>\n\t<meta property=\"og:image:type\" content=\"image\/png\" \/>\n<meta name=\"twitter:card\" content=\"summary_large_image\" \/>\n<script type=\"application\/ld+json\" class=\"yoast-schema-graph\">{\"@context\":\"https:\\\/\\\/schema.org\",\"@graph\":[{\"@type\":\"WebPage\",\"@id\":\"https:\\\/\\\/wawp.pl\\\/prezenty\\\/produkt\\\/mala-pokusa-zestaw-prezentowy-z-alkoholem-wino-rozowe-z-czekolada\\\/\",\"url\":\"https:\\\/\\\/wawp.pl\\\/prezenty\\\/produkt\\\/mala-pokusa-zestaw-prezentowy-z-alkoholem-wino-rozowe-z-czekolada\\\/\",\"name\":\"Ma\u0142a pokusa: Zestaw prezentowy z alkoholem - Wino r\u00f3\u017cowe z czekolad\u0105 | Zestawy \u015awi\u0105teczne\",\"isPartOf\":{\"@id\":\"https:\\\/\\\/wawp.pl\\\/prezenty\\\/#website\"},\"primaryImageOfPage\":{\"@id\":\"https:\\\/\\\/wawp.pl\\\/prezenty\\\/produkt\\\/mala-pokusa-zestaw-prezentowy-z-alkoholem-wino-rozowe-z-czekolada\\\/#primaryimage\"},\"image\":{\"@id\":\"https:\\\/\\\/wawp.pl\\\/prezenty\\\/produkt\\\/mala-pokusa-zestaw-prezentowy-z-alkoholem-wino-rozowe-z-czekolada\\\/#primaryimage\"},\"thumbnailUrl\":\"https:\\\/\\\/wawp.pl\\\/prezenty\\\/wp-content\\\/uploads\\\/2023\\\/09\\\/mala-pokusa-zestaw-prezentowy-z-alkoholem-wino-rozowe-z-czekolada.png\",\"datePublished\":\"2023-09-15T13:23:56+00:00\",\"dateModified\":\"2024-12-13T13:53:54+00:00\",\"description\":\"Zobacz produkt: Ma\u0142a pokusa Zestaw prezentowy z alkoholem - Wino r\u00f3\u017cowe z czekolad\u0105 - dost\u0119pny online na Whisky and Wine Place wawp.pl\\\/prezenty !\",\"breadcrumb\":{\"@id\":\"https:\\\/\\\/wawp.pl\\\/prezenty\\\/produkt\\\/mala-pokusa-zestaw-prezentowy-z-alkoholem-wino-rozowe-z-czekolada\\\/#breadcrumb\"},\"inLanguage\":\"pl-PL\",\"potentialAction\":[{\"@type\":\"ReadAction\",\"target\":[\"https:\\\/\\\/wawp.pl\\\/prezenty\\\/produkt\\\/mala-pokusa-zestaw-prezentowy-z-alkoholem-wino-rozowe-z-czekolada\\\/\"]}]},{\"@type\":\"ImageObject\",\"inLanguage\":\"pl-PL\",\"@id\":\"https:\\\/\\\/wawp.pl\\\/prezenty\\\/produkt\\\/mala-pokusa-zestaw-prezentowy-z-alkoholem-wino-rozowe-z-czekolada\\\/#primaryimage\",\"url\":\"https:\\\/\\\/wawp.pl\\\/prezenty\\\/wp-content\\\/uploads\\\/2023\\\/09\\\/mala-pokusa-zestaw-prezentowy-z-alkoholem-wino-rozowe-z-czekolada.png\",\"contentUrl\":\"https:\\\/\\\/wawp.pl\\\/prezenty\\\/wp-content\\\/uploads\\\/2023\\\/09\\\/mala-pokusa-zestaw-prezentowy-z-alkoholem-wino-rozowe-z-czekolada.png\",\"width\":1200,\"height\":1200},{\"@type\":\"BreadcrumbList\",\"@id\":\"https:\\\/\\\/wawp.pl\\\/prezenty\\\/produkt\\\/mala-pokusa-zestaw-prezentowy-z-alkoholem-wino-rozowe-z-czekolada\\\/#breadcrumb\",\"itemListElement\":[{\"@type\":\"ListItem\",\"position\":1,\"name\":\"Strona g\u0142\u00f3wna\",\"item\":\"https:\\\/\\\/wawp.pl\\\/prezenty\\\/\"},{\"@type\":\"ListItem\",\"position\":2,\"name\":\"Shop\",\"item\":\"https:\\\/\\\/wawp.pl\\\/prezenty\\\/shop\\\/\"},{\"@type\":\"ListItem\",\"position\":3,\"name\":\"Ma\u0142a pokusa\"}]},{\"@type\":\"WebSite\",\"@id\":\"https:\\\/\\\/wawp.pl\\\/prezenty\\\/#website\",\"url\":\"https:\\\/\\\/wawp.pl\\\/prezenty\\\/\",\"name\":\"Zestawy \u015awi\u0105teczne\",\"description\":\"Kosze \u015awi\u0105teczne, Podarunkowe, Prezentowe\",\"publisher\":{\"@id\":\"https:\\\/\\\/wawp.pl\\\/prezenty\\\/#organization\"},\"potentialAction\":[{\"@type\":\"SearchAction\",\"target\":{\"@type\":\"EntryPoint\",\"urlTemplate\":\"https:\\\/\\\/wawp.pl\\\/prezenty\\\/?s={search_term_string}\"},\"query-input\":{\"@type\":\"PropertyValueSpecification\",\"valueRequired\":true,\"valueName\":\"search_term_string\"}}],\"inLanguage\":\"pl-PL\"},{\"@type\":\"Organization\",\"@id\":\"https:\\\/\\\/wawp.pl\\\/prezenty\\\/#organization\",\"name\":\"Zestawy \u015awi\u0105teczne\",\"url\":\"https:\\\/\\\/wawp.pl\\\/prezenty\\\/\",\"logo\":{\"@type\":\"ImageObject\",\"inLanguage\":\"pl-PL\",\"@id\":\"https:\\\/\\\/wawp.pl\\\/prezenty\\\/#\\\/schema\\\/logo\\\/image\\\/\",\"url\":\"https:\\\/\\\/wawp.pl\\\/prezenty\\\/wp-content\\\/uploads\\\/2021\\\/11\\\/cropped-logo.png\",\"contentUrl\":\"https:\\\/\\\/wawp.pl\\\/prezenty\\\/wp-content\\\/uploads\\\/2021\\\/11\\\/cropped-logo.png\",\"width\":360,\"height\":137,\"caption\":\"Zestawy \u015awi\u0105teczne\"},\"image\":{\"@id\":\"https:\\\/\\\/wawp.pl\\\/prezenty\\\/#\\\/schema\\\/logo\\\/image\\\/\"}}]}<\/script>\n<!-- \/ Yoast SEO plugin. -->","yoast_head_json":{"title":"Ma\u0142a pokusa: Zestaw prezentowy z alkoholem - Wino r\u00f3\u017cowe z czekolad\u0105 | Zestawy \u015awi\u0105teczne","description":"Zobacz produkt: Ma\u0142a pokusa Zestaw prezentowy z alkoholem - Wino r\u00f3\u017cowe z czekolad\u0105 - dost\u0119pny online na Whisky and Wine Place wawp.pl\/prezenty !","robots":{"index":"index","follow":"follow","max-snippet":"max-snippet:-1","max-image-preview":"max-image-preview:large","max-video-preview":"max-video-preview:-1"},"canonical":"https:\/\/wawp.pl\/prezenty\/produkt\/mala-pokusa-zestaw-prezentowy-z-alkoholem-wino-rozowe-z-czekolada\/","og_locale":"pl_PL","og_type":"article","og_title":"Ma\u0142a pokusa: Zestaw prezentowy z alkoholem - Wino r\u00f3\u017cowe z czekolad\u0105 | Zestawy \u015awi\u0105teczne","og_description":"Zobacz produkt: Ma\u0142a pokusa Zestaw prezentowy z alkoholem - Wino r\u00f3\u017cowe z czekolad\u0105 - dost\u0119pny online na Whisky and Wine Place wawp.pl\/prezenty !","og_url":"https:\/\/wawp.pl\/prezenty\/produkt\/mala-pokusa-zestaw-prezentowy-z-alkoholem-wino-rozowe-z-czekolada\/","og_site_name":"Zestawy \u015awi\u0105teczne","article_modified_time":"2024-12-13T13:53:54+00:00","og_image":[{"width":1200,"height":1200,"url":"https:\/\/wawp.pl\/prezenty\/wp-content\/uploads\/2023\/09\/mala-pokusa-zestaw-prezentowy-z-alkoholem-wino-rozowe-z-czekolada.png","type":"image\/png"}],"twitter_card":"summary_large_image","schema":{"@context":"https:\/\/schema.org","@graph":[{"@type":"WebPage","@id":"https:\/\/wawp.pl\/prezenty\/produkt\/mala-pokusa-zestaw-prezentowy-z-alkoholem-wino-rozowe-z-czekolada\/","url":"https:\/\/wawp.pl\/prezenty\/produkt\/mala-pokusa-zestaw-prezentowy-z-alkoholem-wino-rozowe-z-czekolada\/","name":"Ma\u0142a pokusa: Zestaw prezentowy z alkoholem - Wino r\u00f3\u017cowe z czekolad\u0105 | Zestawy \u015awi\u0105teczne","isPartOf":{"@id":"https:\/\/wawp.pl\/prezenty\/#website"},"primaryImageOfPage":{"@id":"https:\/\/wawp.pl\/prezenty\/produkt\/mala-pokusa-zestaw-prezentowy-z-alkoholem-wino-rozowe-z-czekolada\/#primaryimage"},"image":{"@id":"https:\/\/wawp.pl\/prezenty\/produkt\/mala-pokusa-zestaw-prezentowy-z-alkoholem-wino-rozowe-z-czekolada\/#primaryimage"},"thumbnailUrl":"https:\/\/wawp.pl\/prezenty\/wp-content\/uploads\/2023\/09\/mala-pokusa-zestaw-prezentowy-z-alkoholem-wino-rozowe-z-czekolada.png","datePublished":"2023-09-15T13:23:56+00:00","dateModified":"2024-12-13T13:53:54+00:00","description":"Zobacz produkt: Ma\u0142a pokusa Zestaw prezentowy z alkoholem - Wino r\u00f3\u017cowe z czekolad\u0105 - dost\u0119pny online na Whisky and Wine Place wawp.pl\/prezenty !","breadcrumb":{"@id":"https:\/\/wawp.pl\/prezenty\/produkt\/mala-pokusa-zestaw-prezentowy-z-alkoholem-wino-rozowe-z-czekolada\/#breadcrumb"},"inLanguage":"pl-PL","potentialAction":[{"@type":"ReadAction","target":["https:\/\/wawp.pl\/prezenty\/produkt\/mala-pokusa-zestaw-prezentowy-z-alkoholem-wino-rozowe-z-czekolada\/"]}]},{"@type":"ImageObject","inLanguage":"pl-PL","@id":"https:\/\/wawp.pl\/prezenty\/produkt\/mala-pokusa-zestaw-prezentowy-z-alkoholem-wino-rozowe-z-czekolada\/#primaryimage","url":"https:\/\/wawp.pl\/prezenty\/wp-content\/uploads\/2023\/09\/mala-pokusa-zestaw-prezentowy-z-alkoholem-wino-rozowe-z-czekolada.png","contentUrl":"https:\/\/wawp.pl\/prezenty\/wp-content\/uploads\/2023\/09\/mala-pokusa-zestaw-prezentowy-z-alkoholem-wino-rozowe-z-czekolada.png","width":1200,"height":1200},{"@type":"BreadcrumbList","@id":"https:\/\/wawp.pl\/prezenty\/produkt\/mala-pokusa-zestaw-prezentowy-z-alkoholem-wino-rozowe-z-czekolada\/#breadcrumb","itemListElement":[{"@type":"ListItem","position":1,"name":"Strona g\u0142\u00f3wna","item":"https:\/\/wawp.pl\/prezenty\/"},{"@type":"ListItem","position":2,"name":"Shop","item":"https:\/\/wawp.pl\/prezenty\/shop\/"},{"@type":"ListItem","position":3,"name":"Ma\u0142a pokusa"}]},{"@type":"WebSite","@id":"https:\/\/wawp.pl\/prezenty\/#website","url":"https:\/\/wawp.pl\/prezenty\/","name":"Zestawy \u015awi\u0105teczne","description":"Kosze \u015awi\u0105teczne, Podarunkowe, Prezentowe","publisher":{"@id":"https:\/\/wawp.pl\/prezenty\/#organization"},"potentialAction":[{"@type":"SearchAction","target":{"@type":"EntryPoint","urlTemplate":"https:\/\/wawp.pl\/prezenty\/?s={search_term_string}"},"query-input":{"@type":"PropertyValueSpecification","valueRequired":true,"valueName":"search_term_string"}}],"inLanguage":"pl-PL"},{"@type":"Organization","@id":"https:\/\/wawp.pl\/prezenty\/#organization","name":"Zestawy \u015awi\u0105teczne","url":"https:\/\/wawp.pl\/prezenty\/","logo":{"@type":"ImageObject","inLanguage":"pl-PL","@id":"https:\/\/wawp.pl\/prezenty\/#\/schema\/logo\/image\/","url":"https:\/\/wawp.pl\/prezenty\/wp-content\/uploads\/2021\/11\/cropped-logo.png","contentUrl":"https:\/\/wawp.pl\/prezenty\/wp-content\/uploads\/2021\/11\/cropped-logo.png","width":360,"height":137,"caption":"Zestawy \u015awi\u0105teczne"},"image":{"@id":"https:\/\/wawp.pl\/prezenty\/#\/schema\/logo\/image\/"}}]}},"_links":{"self":[{"href":"https:\/\/wawp.pl\/prezenty\/wp-json\/wp\/v2\/product\/2396","targetHints":{"allow":["GET"]}}],"collection":[{"href":"https:\/\/wawp.pl\/prezenty\/wp-json\/wp\/v2\/product"}],"about":[{"href":"https:\/\/wawp.pl\/prezenty\/wp-json\/wp\/v2\/types\/product"}],"wp:featuredmedia":[{"embeddable":true,"href":"https:\/\/wawp.pl\/prezenty\/wp-json\/wp\/v2\/media\/2519"}],"wp:attachment":[{"href":"https:\/\/wawp.pl\/prezenty\/wp-json\/wp\/v2\/media?parent=2396"}],"wp:term":[{"taxonomy":"product_brand","embeddable":true,"href":"https:\/\/wawp.pl\/prezenty\/wp-json\/wp\/v2\/product_brand?post=2396"},{"taxonomy":"product_cat","embeddable":true,"href":"https:\/\/wawp.pl\/prezenty\/wp-json\/wp\/v2\/product_cat?post=2396"},{"taxonomy":"product_tag","embeddable":true,"href":"https:\/\/wawp.pl\/prezenty\/wp-json\/wp\/v2\/product_tag?post=2396"}],"curies":[{"name":"wp","href":"https:\/\/api.w.org\/{rel}","templated":true}]}}