{"id":2383,"date":"2023-09-13T16:25:46","date_gmt":"2023-09-13T16:25:46","guid":{"rendered":"https:\/\/wawp.pl\/prezenty\/?post_type=product&#038;p=2383"},"modified":"2024-12-13T13:26:45","modified_gmt":"2024-12-13T13:26:45","slug":"plan-na-weekend-zestaw-prezentowy-z-alkoholem-wina-musujace-prosecco-i-czerwone-polwytrawne","status":"publish","type":"product","link":"https:\/\/wawp.pl\/prezenty\/produkt\/plan-na-weekend-zestaw-prezentowy-z-alkoholem-wina-musujace-prosecco-i-czerwone-polwytrawne\/","title":{"rendered":"Plan na Weekend"},"content":{"rendered":"","protected":false},"excerpt":{"rendered":"<p id=\"E49\" class=\"x-scope qowt-word-para-0\"><span id=\"E50\">Zestaw upominkowy z dwoma alkoholami to wspania\u0142a alternatywa dla kwiat\u00f3w na spotkanie z przyjaci\u00f3\u0142mi. Box podarunkowy z dwoma winami na pewno przypadnie do gustu ka\u017cdej parze. Warto wr\u0119czy\u0107 <\/span><span id=\"E51\">g<\/span><span id=\"E52\">o przy okazji zaproszenia na kolacj\u0119 we czworo. Wina zawarte w komplecie s\u0105 uniwersalne i pasuj\u0105 do wielu da\u0144 r\u00f3\u017cnorakich <\/span><span id=\"E53\">kuchni \u015bwiata, co minimalizuje ryzyko niew\u0142a\u015bciwego dobrania wina do kolacji.<\/span><span id=\"E54\"> <\/span><\/p>\n<p id=\"E57\" class=\"x-scope qowt-word-para-0\"><span id=\"E58\">Zestaw prezentowy <\/span><strong><span id=\"E59\">Plan na weekend<\/span><\/strong><span id=\"E60\"> zawiera fantastyczne <\/span><strong><span id=\"E62\">Prosecco<\/span><span id=\"E64\"> Il <\/span><span id=\"E66\">Colle<\/span><span id=\"E68\"> Treviso Extra <\/span><span id=\"E70\">Dry<\/span><\/strong><span id=\"E72\">. <\/span><span id=\"E74\">To znakomite, w\u0142oskie, musuj\u0105ce wino pochodzi z najlepszych upraw zlokalizowanych w okolicach Wenecji. Charakteryzuje si\u0119 szlachetn\u0105 perlisto\u015bci\u0105 b\u0105belk\u00f3w, stonowan\u0105 kwasowo\u015bci\u0105 i lekko zaznaczon\u0105 s\u0142odycz\u0105. <\/span><span id=\"E76\">W aromacie bia\u0142e owoce i kwiaty, na podniebieniu za\u015b wyczuwalne akcenty owocowe i orzechowe. 0,7L<\/span><\/p>\n<p id=\"E77\" class=\"x-scope qowt-word-para-0\"><strong><span id=\"E79\">Rebento<\/span><\/strong><span id=\"E81\"><strong> de Cepa<\/strong> to wino, kt\u00f3re wchodzi w sk\u0142ad <\/span><span id=\"E83\">boxa<\/span><span id=\"E85\"> upominkowego <\/span><strong><span id=\"E86\">Plan na weekend<\/span><\/strong><span id=\"E87\">. To wytrawne wino z mieszanki tradycyjnych, portugalskich szczep\u00f3w winogron. Idealnie pasuje zar\u00f3wno do seansu filmowego z desk\u0105 ser\u00f3w, jak i kolacji z dziczyzn\u0105 lub stekiem wo\u0142owym. Posiada delikatny aromat wi\u015bni, porzeczek i przypraw. W ustach \u0142agodne, ze \u015bredni\u0105 kwasowo\u015bci\u0105, posmakiem rodzynek i drobnymi taninami.<\/span><span id=\"E88\"> <\/span><\/p>\n<p id=\"E89\" class=\"x-scope qowt-word-para-0\"><strong><span id=\"E91\">Davidoff<\/span><span id=\"E93\"> Fine <\/span><span id=\"E95\">Aroma<\/span><\/strong><span id=\"E97\"> to mielona kawa wyprodukowana w 100% z ziaren <\/span><span id=\"E99\">arabiki<\/span><span id=\"E101\"> uprawianej wysoko w g\u00f3rach. Dost\u0119p do unikalnego klimatu oraz gleb pozwala im rozwin\u0105\u0107 wyj\u0105tkowe walory zapachowe i smakowe. P<\/span><span id=\"E109\">osiada \u0142agodny owocowy aromat zbalansowany, kwasowo-goryczkowy smak co czyni j\u0105 bardzo uniwersalnym podarunkiem zar\u00f3wno dla koneser\u00f3w kawy jak i mniej do\u015bwiadczonych mi\u0142o\u015bnik\u00f3w tego pobudzaj\u0105cego naparu. <\/span><\/p>\n<p id=\"E110\" class=\"x-scope qowt-word-para-0\"><strong><span id=\"E112\">Cachet<\/span><\/strong><span id=\"E114\"> to czekolada klasy <\/span><span id=\"E116\">premium<\/span><span id=\"E118\"> wyprodukowana przez belgijskich mistrz\u00f3w cukiernictwa. Dodatek pomara\u0144czy spaja j\u0105 z tematyk\u0105 zestawu upominkowego. 100g<\/span><\/p>\n<p id=\"E119\" class=\"x-scope qowt-word-para-0\"><span id=\"E120\"><strong>Kopernik listki waflowe w czekoladzie<\/strong> to s\u0142odka przek\u0105ska od szanowanego, polskiego producenta s\u0142odyczy. Na wielu etapach powstaje r\u0119cznie, bez u\u017cycia skomplikowanych maszyn. Przydaje to jej rzemie\u015blniczego charakteru i wyj\u0105tkowo\u015bci. 96g<\/span><\/p>\n<p id=\"E121\" class=\"x-scope qowt-word-para-0\"><span id=\"E122\"><strong>Czekolada<\/strong> z rzemie\u015blniczej pasieki <strong>\u0141yso\u0144<\/strong> z dodatkiem miodu <\/span><span id=\"E123\">wielokwiatowego<\/span><span id=\"E124\"> i orzech\u00f3w <\/span><span id=\"E125\">laskowych<\/span><span id=\"E126\"> znakomicie podbije miodowe akcenty <\/span><span id=\"E127\">bia\u0142ego wina<\/span><span id=\"E128\"> i prze\u0142amie s\u0142odycz delikatn\u0105 orzechow\u0105 goryczk\u0105. 110g <\/span><\/p>\n<p id=\"E129\" class=\"x-scope qowt-word-para-0\"><span id=\"E130\">Opakowanie to mi\u0142e dla oka i dotyku tekturowe pude\u0142ko. Mi\u0119kka i estetyczna wy\u015bci\u00f3\u0142ka zapewnia bezpiecze\u0144stwo szklanym elementom zestawu. Wieko pude\u0142ka przewi\u0105zane nawi\u0105zuj\u0105c\u0105 do kolorystyki zestawu wst\u0105\u017ck\u0105. Ca\u0142o\u015b\u0107 przyjazna \u015brodowisku i podlegaj\u0105ca recyklingowi.<\/span><\/p>\n","protected":false},"featured_media":2386,"template":"","meta":{"_acf_changed":false},"product_brand":[],"product_cat":[33],"product_tag":[],"class_list":{"0":"post-2383","1":"product","2":"type-product","3":"status-publish","4":"has-post-thumbnail","6":"product_cat-zestawy-upominkowe","8":"first","9":"outofstock","10":"purchasable","11":"product-type-simple"},"acf":[],"yoast_head":"<!-- This site is optimized with the Yoast SEO plugin v27.3 - https:\/\/yoast.com\/product\/yoast-seo-wordpress\/ -->\n<title>Plan na Weekend: Zestaw prezentowy z alkoholem - wina musuj\u0105ce prosecco i czerwone p\u00f3\u0142wytrawne | Zestawy \u015awi\u0105teczne<\/title>\n<meta name=\"description\" content=\"Zobacz produkt: Plan na Weekend Zestaw prezentowy z alkoholem - wina musuj\u0105ce prosecco i czerwone p\u00f3\u0142wytrawne - dost\u0119pny online na Whisky and Wine Place wawp.pl\/prezenty !\" \/>\n<meta name=\"robots\" content=\"index, follow, max-snippet:-1, max-image-preview:large, max-video-preview:-1\" \/>\n<link rel=\"canonical\" href=\"https:\/\/wawp.pl\/prezenty\/produkt\/plan-na-weekend-zestaw-prezentowy-z-alkoholem-wina-musujace-prosecco-i-czerwone-polwytrawne\/\" \/>\n<meta property=\"og:locale\" content=\"pl_PL\" \/>\n<meta property=\"og:type\" content=\"article\" \/>\n<meta property=\"og:title\" content=\"Plan na Weekend: Zestaw prezentowy z alkoholem - wina musuj\u0105ce prosecco i czerwone p\u00f3\u0142wytrawne | Zestawy \u015awi\u0105teczne\" \/>\n<meta property=\"og:description\" content=\"Zobacz produkt: Plan na Weekend Zestaw prezentowy z alkoholem - wina musuj\u0105ce prosecco i czerwone p\u00f3\u0142wytrawne - dost\u0119pny online na Whisky and Wine Place wawp.pl\/prezenty !\" \/>\n<meta property=\"og:url\" content=\"https:\/\/wawp.pl\/prezenty\/produkt\/plan-na-weekend-zestaw-prezentowy-z-alkoholem-wina-musujace-prosecco-i-czerwone-polwytrawne\/\" \/>\n<meta property=\"og:site_name\" content=\"Zestawy \u015awi\u0105teczne\" \/>\n<meta property=\"article:modified_time\" content=\"2024-12-13T13:26:45+00:00\" \/>\n<meta property=\"og:image\" content=\"https:\/\/wawp.pl\/prezenty\/wp-content\/uploads\/2023\/09\/plan-na-weekend-zestaw-prezentowy-z-alkoholem-wina-musujace-prosecco-i-czerwone-polwytrawne.png\" \/>\n\t<meta property=\"og:image:width\" content=\"1200\" \/>\n\t<meta property=\"og:image:height\" content=\"1260\" \/>\n\t<meta property=\"og:image:type\" content=\"image\/png\" \/>\n<meta name=\"twitter:card\" content=\"summary_large_image\" \/>\n<script type=\"application\/ld+json\" class=\"yoast-schema-graph\">{\"@context\":\"https:\\\/\\\/schema.org\",\"@graph\":[{\"@type\":\"WebPage\",\"@id\":\"https:\\\/\\\/wawp.pl\\\/prezenty\\\/produkt\\\/plan-na-weekend-zestaw-prezentowy-z-alkoholem-wina-musujace-prosecco-i-czerwone-polwytrawne\\\/\",\"url\":\"https:\\\/\\\/wawp.pl\\\/prezenty\\\/produkt\\\/plan-na-weekend-zestaw-prezentowy-z-alkoholem-wina-musujace-prosecco-i-czerwone-polwytrawne\\\/\",\"name\":\"Plan na Weekend: Zestaw prezentowy z alkoholem - wina musuj\u0105ce prosecco i czerwone p\u00f3\u0142wytrawne | Zestawy \u015awi\u0105teczne\",\"isPartOf\":{\"@id\":\"https:\\\/\\\/wawp.pl\\\/prezenty\\\/#website\"},\"primaryImageOfPage\":{\"@id\":\"https:\\\/\\\/wawp.pl\\\/prezenty\\\/produkt\\\/plan-na-weekend-zestaw-prezentowy-z-alkoholem-wina-musujace-prosecco-i-czerwone-polwytrawne\\\/#primaryimage\"},\"image\":{\"@id\":\"https:\\\/\\\/wawp.pl\\\/prezenty\\\/produkt\\\/plan-na-weekend-zestaw-prezentowy-z-alkoholem-wina-musujace-prosecco-i-czerwone-polwytrawne\\\/#primaryimage\"},\"thumbnailUrl\":\"https:\\\/\\\/wawp.pl\\\/prezenty\\\/wp-content\\\/uploads\\\/2023\\\/09\\\/plan-na-weekend-zestaw-prezentowy-z-alkoholem-wina-musujace-prosecco-i-czerwone-polwytrawne.png\",\"datePublished\":\"2023-09-13T16:25:46+00:00\",\"dateModified\":\"2024-12-13T13:26:45+00:00\",\"description\":\"Zobacz produkt: Plan na Weekend Zestaw prezentowy z alkoholem - wina musuj\u0105ce prosecco i czerwone p\u00f3\u0142wytrawne - dost\u0119pny online na Whisky and Wine Place wawp.pl\\\/prezenty !\",\"breadcrumb\":{\"@id\":\"https:\\\/\\\/wawp.pl\\\/prezenty\\\/produkt\\\/plan-na-weekend-zestaw-prezentowy-z-alkoholem-wina-musujace-prosecco-i-czerwone-polwytrawne\\\/#breadcrumb\"},\"inLanguage\":\"pl-PL\",\"potentialAction\":[{\"@type\":\"ReadAction\",\"target\":[\"https:\\\/\\\/wawp.pl\\\/prezenty\\\/produkt\\\/plan-na-weekend-zestaw-prezentowy-z-alkoholem-wina-musujace-prosecco-i-czerwone-polwytrawne\\\/\"]}]},{\"@type\":\"ImageObject\",\"inLanguage\":\"pl-PL\",\"@id\":\"https:\\\/\\\/wawp.pl\\\/prezenty\\\/produkt\\\/plan-na-weekend-zestaw-prezentowy-z-alkoholem-wina-musujace-prosecco-i-czerwone-polwytrawne\\\/#primaryimage\",\"url\":\"https:\\\/\\\/wawp.pl\\\/prezenty\\\/wp-content\\\/uploads\\\/2023\\\/09\\\/plan-na-weekend-zestaw-prezentowy-z-alkoholem-wina-musujace-prosecco-i-czerwone-polwytrawne.png\",\"contentUrl\":\"https:\\\/\\\/wawp.pl\\\/prezenty\\\/wp-content\\\/uploads\\\/2023\\\/09\\\/plan-na-weekend-zestaw-prezentowy-z-alkoholem-wina-musujace-prosecco-i-czerwone-polwytrawne.png\",\"width\":1200,\"height\":1260},{\"@type\":\"BreadcrumbList\",\"@id\":\"https:\\\/\\\/wawp.pl\\\/prezenty\\\/produkt\\\/plan-na-weekend-zestaw-prezentowy-z-alkoholem-wina-musujace-prosecco-i-czerwone-polwytrawne\\\/#breadcrumb\",\"itemListElement\":[{\"@type\":\"ListItem\",\"position\":1,\"name\":\"Strona g\u0142\u00f3wna\",\"item\":\"https:\\\/\\\/wawp.pl\\\/prezenty\\\/\"},{\"@type\":\"ListItem\",\"position\":2,\"name\":\"Shop\",\"item\":\"https:\\\/\\\/wawp.pl\\\/prezenty\\\/shop\\\/\"},{\"@type\":\"ListItem\",\"position\":3,\"name\":\"Plan na Weekend\"}]},{\"@type\":\"WebSite\",\"@id\":\"https:\\\/\\\/wawp.pl\\\/prezenty\\\/#website\",\"url\":\"https:\\\/\\\/wawp.pl\\\/prezenty\\\/\",\"name\":\"Zestawy \u015awi\u0105teczne\",\"description\":\"Kosze \u015awi\u0105teczne, Podarunkowe, Prezentowe\",\"publisher\":{\"@id\":\"https:\\\/\\\/wawp.pl\\\/prezenty\\\/#organization\"},\"potentialAction\":[{\"@type\":\"SearchAction\",\"target\":{\"@type\":\"EntryPoint\",\"urlTemplate\":\"https:\\\/\\\/wawp.pl\\\/prezenty\\\/?s={search_term_string}\"},\"query-input\":{\"@type\":\"PropertyValueSpecification\",\"valueRequired\":true,\"valueName\":\"search_term_string\"}}],\"inLanguage\":\"pl-PL\"},{\"@type\":\"Organization\",\"@id\":\"https:\\\/\\\/wawp.pl\\\/prezenty\\\/#organization\",\"name\":\"Zestawy \u015awi\u0105teczne\",\"url\":\"https:\\\/\\\/wawp.pl\\\/prezenty\\\/\",\"logo\":{\"@type\":\"ImageObject\",\"inLanguage\":\"pl-PL\",\"@id\":\"https:\\\/\\\/wawp.pl\\\/prezenty\\\/#\\\/schema\\\/logo\\\/image\\\/\",\"url\":\"https:\\\/\\\/wawp.pl\\\/prezenty\\\/wp-content\\\/uploads\\\/2021\\\/11\\\/cropped-logo.png\",\"contentUrl\":\"https:\\\/\\\/wawp.pl\\\/prezenty\\\/wp-content\\\/uploads\\\/2021\\\/11\\\/cropped-logo.png\",\"width\":360,\"height\":137,\"caption\":\"Zestawy \u015awi\u0105teczne\"},\"image\":{\"@id\":\"https:\\\/\\\/wawp.pl\\\/prezenty\\\/#\\\/schema\\\/logo\\\/image\\\/\"}}]}<\/script>\n<!-- \/ Yoast SEO plugin. -->","yoast_head_json":{"title":"Plan na Weekend: Zestaw prezentowy z alkoholem - wina musuj\u0105ce prosecco i czerwone p\u00f3\u0142wytrawne | Zestawy \u015awi\u0105teczne","description":"Zobacz produkt: Plan na Weekend Zestaw prezentowy z alkoholem - wina musuj\u0105ce prosecco i czerwone p\u00f3\u0142wytrawne - dost\u0119pny online na Whisky and Wine Place wawp.pl\/prezenty !","robots":{"index":"index","follow":"follow","max-snippet":"max-snippet:-1","max-image-preview":"max-image-preview:large","max-video-preview":"max-video-preview:-1"},"canonical":"https:\/\/wawp.pl\/prezenty\/produkt\/plan-na-weekend-zestaw-prezentowy-z-alkoholem-wina-musujace-prosecco-i-czerwone-polwytrawne\/","og_locale":"pl_PL","og_type":"article","og_title":"Plan na Weekend: Zestaw prezentowy z alkoholem - wina musuj\u0105ce prosecco i czerwone p\u00f3\u0142wytrawne | Zestawy \u015awi\u0105teczne","og_description":"Zobacz produkt: Plan na Weekend Zestaw prezentowy z alkoholem - wina musuj\u0105ce prosecco i czerwone p\u00f3\u0142wytrawne - dost\u0119pny online na Whisky and Wine Place wawp.pl\/prezenty !","og_url":"https:\/\/wawp.pl\/prezenty\/produkt\/plan-na-weekend-zestaw-prezentowy-z-alkoholem-wina-musujace-prosecco-i-czerwone-polwytrawne\/","og_site_name":"Zestawy \u015awi\u0105teczne","article_modified_time":"2024-12-13T13:26:45+00:00","og_image":[{"width":1200,"height":1260,"url":"https:\/\/wawp.pl\/prezenty\/wp-content\/uploads\/2023\/09\/plan-na-weekend-zestaw-prezentowy-z-alkoholem-wina-musujace-prosecco-i-czerwone-polwytrawne.png","type":"image\/png"}],"twitter_card":"summary_large_image","schema":{"@context":"https:\/\/schema.org","@graph":[{"@type":"WebPage","@id":"https:\/\/wawp.pl\/prezenty\/produkt\/plan-na-weekend-zestaw-prezentowy-z-alkoholem-wina-musujace-prosecco-i-czerwone-polwytrawne\/","url":"https:\/\/wawp.pl\/prezenty\/produkt\/plan-na-weekend-zestaw-prezentowy-z-alkoholem-wina-musujace-prosecco-i-czerwone-polwytrawne\/","name":"Plan na Weekend: Zestaw prezentowy z alkoholem - wina musuj\u0105ce prosecco i czerwone p\u00f3\u0142wytrawne | Zestawy \u015awi\u0105teczne","isPartOf":{"@id":"https:\/\/wawp.pl\/prezenty\/#website"},"primaryImageOfPage":{"@id":"https:\/\/wawp.pl\/prezenty\/produkt\/plan-na-weekend-zestaw-prezentowy-z-alkoholem-wina-musujace-prosecco-i-czerwone-polwytrawne\/#primaryimage"},"image":{"@id":"https:\/\/wawp.pl\/prezenty\/produkt\/plan-na-weekend-zestaw-prezentowy-z-alkoholem-wina-musujace-prosecco-i-czerwone-polwytrawne\/#primaryimage"},"thumbnailUrl":"https:\/\/wawp.pl\/prezenty\/wp-content\/uploads\/2023\/09\/plan-na-weekend-zestaw-prezentowy-z-alkoholem-wina-musujace-prosecco-i-czerwone-polwytrawne.png","datePublished":"2023-09-13T16:25:46+00:00","dateModified":"2024-12-13T13:26:45+00:00","description":"Zobacz produkt: Plan na Weekend Zestaw prezentowy z alkoholem - wina musuj\u0105ce prosecco i czerwone p\u00f3\u0142wytrawne - dost\u0119pny online na Whisky and Wine Place wawp.pl\/prezenty !","breadcrumb":{"@id":"https:\/\/wawp.pl\/prezenty\/produkt\/plan-na-weekend-zestaw-prezentowy-z-alkoholem-wina-musujace-prosecco-i-czerwone-polwytrawne\/#breadcrumb"},"inLanguage":"pl-PL","potentialAction":[{"@type":"ReadAction","target":["https:\/\/wawp.pl\/prezenty\/produkt\/plan-na-weekend-zestaw-prezentowy-z-alkoholem-wina-musujace-prosecco-i-czerwone-polwytrawne\/"]}]},{"@type":"ImageObject","inLanguage":"pl-PL","@id":"https:\/\/wawp.pl\/prezenty\/produkt\/plan-na-weekend-zestaw-prezentowy-z-alkoholem-wina-musujace-prosecco-i-czerwone-polwytrawne\/#primaryimage","url":"https:\/\/wawp.pl\/prezenty\/wp-content\/uploads\/2023\/09\/plan-na-weekend-zestaw-prezentowy-z-alkoholem-wina-musujace-prosecco-i-czerwone-polwytrawne.png","contentUrl":"https:\/\/wawp.pl\/prezenty\/wp-content\/uploads\/2023\/09\/plan-na-weekend-zestaw-prezentowy-z-alkoholem-wina-musujace-prosecco-i-czerwone-polwytrawne.png","width":1200,"height":1260},{"@type":"BreadcrumbList","@id":"https:\/\/wawp.pl\/prezenty\/produkt\/plan-na-weekend-zestaw-prezentowy-z-alkoholem-wina-musujace-prosecco-i-czerwone-polwytrawne\/#breadcrumb","itemListElement":[{"@type":"ListItem","position":1,"name":"Strona g\u0142\u00f3wna","item":"https:\/\/wawp.pl\/prezenty\/"},{"@type":"ListItem","position":2,"name":"Shop","item":"https:\/\/wawp.pl\/prezenty\/shop\/"},{"@type":"ListItem","position":3,"name":"Plan na Weekend"}]},{"@type":"WebSite","@id":"https:\/\/wawp.pl\/prezenty\/#website","url":"https:\/\/wawp.pl\/prezenty\/","name":"Zestawy \u015awi\u0105teczne","description":"Kosze \u015awi\u0105teczne, Podarunkowe, Prezentowe","publisher":{"@id":"https:\/\/wawp.pl\/prezenty\/#organization"},"potentialAction":[{"@type":"SearchAction","target":{"@type":"EntryPoint","urlTemplate":"https:\/\/wawp.pl\/prezenty\/?s={search_term_string}"},"query-input":{"@type":"PropertyValueSpecification","valueRequired":true,"valueName":"search_term_string"}}],"inLanguage":"pl-PL"},{"@type":"Organization","@id":"https:\/\/wawp.pl\/prezenty\/#organization","name":"Zestawy \u015awi\u0105teczne","url":"https:\/\/wawp.pl\/prezenty\/","logo":{"@type":"ImageObject","inLanguage":"pl-PL","@id":"https:\/\/wawp.pl\/prezenty\/#\/schema\/logo\/image\/","url":"https:\/\/wawp.pl\/prezenty\/wp-content\/uploads\/2021\/11\/cropped-logo.png","contentUrl":"https:\/\/wawp.pl\/prezenty\/wp-content\/uploads\/2021\/11\/cropped-logo.png","width":360,"height":137,"caption":"Zestawy \u015awi\u0105teczne"},"image":{"@id":"https:\/\/wawp.pl\/prezenty\/#\/schema\/logo\/image\/"}}]}},"_links":{"self":[{"href":"https:\/\/wawp.pl\/prezenty\/wp-json\/wp\/v2\/product\/2383","targetHints":{"allow":["GET"]}}],"collection":[{"href":"https:\/\/wawp.pl\/prezenty\/wp-json\/wp\/v2\/product"}],"about":[{"href":"https:\/\/wawp.pl\/prezenty\/wp-json\/wp\/v2\/types\/product"}],"wp:featuredmedia":[{"embeddable":true,"href":"https:\/\/wawp.pl\/prezenty\/wp-json\/wp\/v2\/media\/2386"}],"wp:attachment":[{"href":"https:\/\/wawp.pl\/prezenty\/wp-json\/wp\/v2\/media?parent=2383"}],"wp:term":[{"taxonomy":"product_brand","embeddable":true,"href":"https:\/\/wawp.pl\/prezenty\/wp-json\/wp\/v2\/product_brand?post=2383"},{"taxonomy":"product_cat","embeddable":true,"href":"https:\/\/wawp.pl\/prezenty\/wp-json\/wp\/v2\/product_cat?post=2383"},{"taxonomy":"product_tag","embeddable":true,"href":"https:\/\/wawp.pl\/prezenty\/wp-json\/wp\/v2\/product_tag?post=2383"}],"curies":[{"name":"wp","href":"https:\/\/api.w.org\/{rel}","templated":true}]}}