{"id":2350,"date":"2023-09-08T14:06:44","date_gmt":"2023-09-08T14:06:44","guid":{"rendered":"https:\/\/wawp.pl\/prezenty\/?post_type=product&#038;p=2350"},"modified":"2024-12-13T13:26:46","modified_gmt":"2024-12-13T13:26:46","slug":"nantejskie-sceny-zestaw-prezentowy-z-alkoholem-wino-francuskie-biale-loara-muscadet","status":"publish","type":"product","link":"https:\/\/wawp.pl\/prezenty\/produkt\/nantejskie-sceny-zestaw-prezentowy-z-alkoholem-wino-francuskie-biale-loara-muscadet\/","title":{"rendered":"Nantejskie Sceny"},"content":{"rendered":"","protected":false},"excerpt":{"rendered":"<p id=\"E49\" class=\"x-scope qowt-word-para-0\"><span id=\"E50\">Zestaw podarunkowy <strong>Nantejskie sceny<\/strong> to propozycja prezentu dla notariusza. Nie ma nic lepszego ni\u017c pude\u0142ko z alkoholem i delikatesami, aby okaza\u0107 wdzi\u0119czno\u015b\u0107 za dobrze wykonan\u0105 prac\u0119. Pi\u0119kne wykonanie oraz staranna selekcja sk\u0142adnik\u00f3w to \u0142atwy spos\u00f3b na sprawienie komu\u015b wielkiej rado\u015bci. <\/span><\/p>\n<p id=\"E51\" class=\"x-scope qowt-word-para-0\"><span id=\"E52\">Pe\u0142ny opis:<\/span><\/p>\n<p id=\"E53\" class=\"x-scope qowt-word-para-0\"><strong><span id=\"E55\">Domaine<\/span><\/strong><span id=\"E57\"><strong> de dla Noe<\/strong> to wspania\u0142e<\/span><span id=\"E58\">, bia\u0142e, wytrawne<\/span><span id=\"E59\"> i wielokrotnie nagradzane wino z francuskiej doliny Loary. Wyprodukowane jest ze szczepu winogron <\/span><span id=\"E61\">Muscadet<\/span><span id=\"E63\">, a dodatkowy proces produkcji zwany Sur <\/span><span id=\"E65\">Lie<\/span><span id=\"E67\">, czyli le\u017cakowanie na osadzie, wzbogaca wino o dodatkowe akcenty. Wino pachnie cytrusami i polnymi kwiatami. W smaku kwasowo\u015b\u0107 pi\u0119knie prze\u0142am<\/span><span id=\"E68\">uj\u0105<\/span><span id=\"E69\"> nut<\/span><span id=\"E70\">y<\/span><span id=\"E71\"> chlebowo dro\u017cd\u017cow<\/span><span id=\"E72\">e. 0,7L<\/span><\/p>\n<p id=\"E73\" class=\"x-scope qowt-word-para-0\"><strong><span id=\"E75\">Cachet<\/span><\/strong><span id=\"E77\"><strong> Dark<\/strong> to dodatek prze\u0142amuj\u0105cy s\u0142odycz za spraw\u0105 wytrawnego Tanza\u0144skiego kakao oraz soli morskiej. 100g<\/span><\/p>\n<p id=\"E78\" class=\"x-scope qowt-word-para-0\"><strong><span id=\"E80\">Ginger<\/span><span id=\"E82\"> <\/span><span id=\"E84\">Snaps<\/span><span id=\"E86\"> <\/span><span id=\"E88\">Almond<\/span><\/strong><span id=\"E90\"> to kruche szwedzkie ciasteczka o aromacie imbiru i migda\u0142\u00f3w. Znakomite do herbaty lub kawy. 150g<\/span><\/p>\n<p id=\"E91\" class=\"x-scope qowt-word-para-0\"><strong><span id=\"E93\">Amaresti<\/span><\/strong><span id=\"E95\"> to migda\u0142y oblane mleczn\u0105 czekolad\u0105 ze szczypt\u0105 pikantnego cynamonu znakomicie dopasowan\u0105 do alkoholu wewn\u0105trz zestawu. 80g<\/span><\/p>\n<p id=\"E96\" class=\"x-scope qowt-word-para-0\"><span id=\"E97\"><strong>Baton energetyczny Miodowy K\u0142os<\/strong> to zdrowa przek\u0105ska z\u0142o\u017cona z pe\u0142nych ziaren zb\u00f3\u017c, owoc\u00f3w i miodu. 45g<\/span><\/p>\n<p id=\"E98\" class=\"x-scope qowt-word-para-0\"><strong><span id=\"E99\">Kartofelki marcepanowe <\/span><span id=\"E101\">Zentis<\/span><\/strong><span id=\"E103\"> to s\u0142odka przek\u0105ska z dodatkiem migda\u0142\u00f3w w postaci uroczych kuleczek. 100g<\/span><\/p>\n<p id=\"E104\" class=\"x-scope qowt-word-para-0\"><span id=\"E105\">Opakowanie to mi\u0142e dla oka i dotyku tekturowe pude\u0142ko. Mi\u0119kka i estetyczna wy\u015bci\u00f3\u0142ka zapewnia bezpiecze\u0144stwo szklanym elementom zestawu. Wieko pude\u0142ka przewi\u0105zane nawi\u0105zuj\u0105c\u0105 do kolorystyki zestawu wst\u0105\u017ck\u0105. Ca\u0142o\u015b\u0107 przyjazna \u015brodowisku i podlegaj\u0105ca recyklingowi.<\/span><\/p>\n","protected":false},"featured_media":2531,"template":"","meta":{"_acf_changed":false},"product_brand":[],"product_cat":[33],"product_tag":[],"class_list":{"0":"post-2350","1":"product","2":"type-product","3":"status-publish","4":"has-post-thumbnail","6":"product_cat-zestawy-upominkowe","8":"first","9":"outofstock","10":"purchasable","11":"product-type-simple"},"acf":[],"yoast_head":"<!-- This site is optimized with the Yoast SEO plugin v27.3 - https:\/\/yoast.com\/product\/yoast-seo-wordpress\/ -->\n<title>Nantejskie Sceny: Zestaw prezentowy z alkoholem - Wino francuskie bia\u0142e Loara Muscadet | Zestawy \u015awi\u0105teczne<\/title>\n<meta name=\"description\" content=\"Zobacz produkt: Nantejskie Sceny Zestaw prezentowy z alkoholem - Wino francuskie bia\u0142e Loara Muscadet - dost\u0119pny online na Whisky and Wine Place wawp.pl\/prezenty !\" \/>\n<meta name=\"robots\" content=\"index, follow, max-snippet:-1, max-image-preview:large, max-video-preview:-1\" \/>\n<link rel=\"canonical\" href=\"https:\/\/wawp.pl\/prezenty\/produkt\/nantejskie-sceny-zestaw-prezentowy-z-alkoholem-wino-francuskie-biale-loara-muscadet\/\" \/>\n<meta property=\"og:locale\" content=\"pl_PL\" \/>\n<meta property=\"og:type\" content=\"article\" \/>\n<meta property=\"og:title\" content=\"Nantejskie Sceny: Zestaw prezentowy z alkoholem - Wino francuskie bia\u0142e Loara Muscadet | Zestawy \u015awi\u0105teczne\" \/>\n<meta property=\"og:description\" content=\"Zobacz produkt: Nantejskie Sceny Zestaw prezentowy z alkoholem - Wino francuskie bia\u0142e Loara Muscadet - dost\u0119pny online na Whisky and Wine Place wawp.pl\/prezenty !\" \/>\n<meta property=\"og:url\" content=\"https:\/\/wawp.pl\/prezenty\/produkt\/nantejskie-sceny-zestaw-prezentowy-z-alkoholem-wino-francuskie-biale-loara-muscadet\/\" \/>\n<meta property=\"og:site_name\" content=\"Zestawy \u015awi\u0105teczne\" \/>\n<meta property=\"article:modified_time\" content=\"2024-12-13T13:26:46+00:00\" \/>\n<meta property=\"og:image\" content=\"https:\/\/wawp.pl\/prezenty\/wp-content\/uploads\/2023\/09\/nantejskie-sceny-zestaw-prezentowy-z-alkoholem-wino-francuskie-biale-loara-muscadet.png\" \/>\n\t<meta property=\"og:image:width\" content=\"1146\" \/>\n\t<meta property=\"og:image:height\" content=\"1146\" \/>\n\t<meta property=\"og:image:type\" content=\"image\/png\" \/>\n<meta name=\"twitter:card\" content=\"summary_large_image\" \/>\n<script type=\"application\/ld+json\" class=\"yoast-schema-graph\">{\"@context\":\"https:\\\/\\\/schema.org\",\"@graph\":[{\"@type\":\"WebPage\",\"@id\":\"https:\\\/\\\/wawp.pl\\\/prezenty\\\/produkt\\\/nantejskie-sceny-zestaw-prezentowy-z-alkoholem-wino-francuskie-biale-loara-muscadet\\\/\",\"url\":\"https:\\\/\\\/wawp.pl\\\/prezenty\\\/produkt\\\/nantejskie-sceny-zestaw-prezentowy-z-alkoholem-wino-francuskie-biale-loara-muscadet\\\/\",\"name\":\"Nantejskie Sceny: Zestaw prezentowy z alkoholem - Wino francuskie bia\u0142e Loara Muscadet | Zestawy \u015awi\u0105teczne\",\"isPartOf\":{\"@id\":\"https:\\\/\\\/wawp.pl\\\/prezenty\\\/#website\"},\"primaryImageOfPage\":{\"@id\":\"https:\\\/\\\/wawp.pl\\\/prezenty\\\/produkt\\\/nantejskie-sceny-zestaw-prezentowy-z-alkoholem-wino-francuskie-biale-loara-muscadet\\\/#primaryimage\"},\"image\":{\"@id\":\"https:\\\/\\\/wawp.pl\\\/prezenty\\\/produkt\\\/nantejskie-sceny-zestaw-prezentowy-z-alkoholem-wino-francuskie-biale-loara-muscadet\\\/#primaryimage\"},\"thumbnailUrl\":\"https:\\\/\\\/wawp.pl\\\/prezenty\\\/wp-content\\\/uploads\\\/2023\\\/09\\\/nantejskie-sceny-zestaw-prezentowy-z-alkoholem-wino-francuskie-biale-loara-muscadet.png\",\"datePublished\":\"2023-09-08T14:06:44+00:00\",\"dateModified\":\"2024-12-13T13:26:46+00:00\",\"description\":\"Zobacz produkt: Nantejskie Sceny Zestaw prezentowy z alkoholem - Wino francuskie bia\u0142e Loara Muscadet - dost\u0119pny online na Whisky and Wine Place wawp.pl\\\/prezenty !\",\"breadcrumb\":{\"@id\":\"https:\\\/\\\/wawp.pl\\\/prezenty\\\/produkt\\\/nantejskie-sceny-zestaw-prezentowy-z-alkoholem-wino-francuskie-biale-loara-muscadet\\\/#breadcrumb\"},\"inLanguage\":\"pl-PL\",\"potentialAction\":[{\"@type\":\"ReadAction\",\"target\":[\"https:\\\/\\\/wawp.pl\\\/prezenty\\\/produkt\\\/nantejskie-sceny-zestaw-prezentowy-z-alkoholem-wino-francuskie-biale-loara-muscadet\\\/\"]}]},{\"@type\":\"ImageObject\",\"inLanguage\":\"pl-PL\",\"@id\":\"https:\\\/\\\/wawp.pl\\\/prezenty\\\/produkt\\\/nantejskie-sceny-zestaw-prezentowy-z-alkoholem-wino-francuskie-biale-loara-muscadet\\\/#primaryimage\",\"url\":\"https:\\\/\\\/wawp.pl\\\/prezenty\\\/wp-content\\\/uploads\\\/2023\\\/09\\\/nantejskie-sceny-zestaw-prezentowy-z-alkoholem-wino-francuskie-biale-loara-muscadet.png\",\"contentUrl\":\"https:\\\/\\\/wawp.pl\\\/prezenty\\\/wp-content\\\/uploads\\\/2023\\\/09\\\/nantejskie-sceny-zestaw-prezentowy-z-alkoholem-wino-francuskie-biale-loara-muscadet.png\",\"width\":1146,\"height\":1146},{\"@type\":\"BreadcrumbList\",\"@id\":\"https:\\\/\\\/wawp.pl\\\/prezenty\\\/produkt\\\/nantejskie-sceny-zestaw-prezentowy-z-alkoholem-wino-francuskie-biale-loara-muscadet\\\/#breadcrumb\",\"itemListElement\":[{\"@type\":\"ListItem\",\"position\":1,\"name\":\"Strona g\u0142\u00f3wna\",\"item\":\"https:\\\/\\\/wawp.pl\\\/prezenty\\\/\"},{\"@type\":\"ListItem\",\"position\":2,\"name\":\"Shop\",\"item\":\"https:\\\/\\\/wawp.pl\\\/prezenty\\\/shop\\\/\"},{\"@type\":\"ListItem\",\"position\":3,\"name\":\"Nantejskie Sceny\"}]},{\"@type\":\"WebSite\",\"@id\":\"https:\\\/\\\/wawp.pl\\\/prezenty\\\/#website\",\"url\":\"https:\\\/\\\/wawp.pl\\\/prezenty\\\/\",\"name\":\"Zestawy \u015awi\u0105teczne\",\"description\":\"Kosze \u015awi\u0105teczne, Podarunkowe, Prezentowe\",\"publisher\":{\"@id\":\"https:\\\/\\\/wawp.pl\\\/prezenty\\\/#organization\"},\"potentialAction\":[{\"@type\":\"SearchAction\",\"target\":{\"@type\":\"EntryPoint\",\"urlTemplate\":\"https:\\\/\\\/wawp.pl\\\/prezenty\\\/?s={search_term_string}\"},\"query-input\":{\"@type\":\"PropertyValueSpecification\",\"valueRequired\":true,\"valueName\":\"search_term_string\"}}],\"inLanguage\":\"pl-PL\"},{\"@type\":\"Organization\",\"@id\":\"https:\\\/\\\/wawp.pl\\\/prezenty\\\/#organization\",\"name\":\"Zestawy \u015awi\u0105teczne\",\"url\":\"https:\\\/\\\/wawp.pl\\\/prezenty\\\/\",\"logo\":{\"@type\":\"ImageObject\",\"inLanguage\":\"pl-PL\",\"@id\":\"https:\\\/\\\/wawp.pl\\\/prezenty\\\/#\\\/schema\\\/logo\\\/image\\\/\",\"url\":\"https:\\\/\\\/wawp.pl\\\/prezenty\\\/wp-content\\\/uploads\\\/2021\\\/11\\\/cropped-logo.png\",\"contentUrl\":\"https:\\\/\\\/wawp.pl\\\/prezenty\\\/wp-content\\\/uploads\\\/2021\\\/11\\\/cropped-logo.png\",\"width\":360,\"height\":137,\"caption\":\"Zestawy \u015awi\u0105teczne\"},\"image\":{\"@id\":\"https:\\\/\\\/wawp.pl\\\/prezenty\\\/#\\\/schema\\\/logo\\\/image\\\/\"}}]}<\/script>\n<!-- \/ Yoast SEO plugin. -->","yoast_head_json":{"title":"Nantejskie Sceny: Zestaw prezentowy z alkoholem - Wino francuskie bia\u0142e Loara Muscadet | Zestawy \u015awi\u0105teczne","description":"Zobacz produkt: Nantejskie Sceny Zestaw prezentowy z alkoholem - Wino francuskie bia\u0142e Loara Muscadet - dost\u0119pny online na Whisky and Wine Place wawp.pl\/prezenty !","robots":{"index":"index","follow":"follow","max-snippet":"max-snippet:-1","max-image-preview":"max-image-preview:large","max-video-preview":"max-video-preview:-1"},"canonical":"https:\/\/wawp.pl\/prezenty\/produkt\/nantejskie-sceny-zestaw-prezentowy-z-alkoholem-wino-francuskie-biale-loara-muscadet\/","og_locale":"pl_PL","og_type":"article","og_title":"Nantejskie Sceny: Zestaw prezentowy z alkoholem - Wino francuskie bia\u0142e Loara Muscadet | Zestawy \u015awi\u0105teczne","og_description":"Zobacz produkt: Nantejskie Sceny Zestaw prezentowy z alkoholem - Wino francuskie bia\u0142e Loara Muscadet - dost\u0119pny online na Whisky and Wine Place wawp.pl\/prezenty !","og_url":"https:\/\/wawp.pl\/prezenty\/produkt\/nantejskie-sceny-zestaw-prezentowy-z-alkoholem-wino-francuskie-biale-loara-muscadet\/","og_site_name":"Zestawy \u015awi\u0105teczne","article_modified_time":"2024-12-13T13:26:46+00:00","og_image":[{"width":1146,"height":1146,"url":"https:\/\/wawp.pl\/prezenty\/wp-content\/uploads\/2023\/09\/nantejskie-sceny-zestaw-prezentowy-z-alkoholem-wino-francuskie-biale-loara-muscadet.png","type":"image\/png"}],"twitter_card":"summary_large_image","schema":{"@context":"https:\/\/schema.org","@graph":[{"@type":"WebPage","@id":"https:\/\/wawp.pl\/prezenty\/produkt\/nantejskie-sceny-zestaw-prezentowy-z-alkoholem-wino-francuskie-biale-loara-muscadet\/","url":"https:\/\/wawp.pl\/prezenty\/produkt\/nantejskie-sceny-zestaw-prezentowy-z-alkoholem-wino-francuskie-biale-loara-muscadet\/","name":"Nantejskie Sceny: Zestaw prezentowy z alkoholem - Wino francuskie bia\u0142e Loara Muscadet | Zestawy \u015awi\u0105teczne","isPartOf":{"@id":"https:\/\/wawp.pl\/prezenty\/#website"},"primaryImageOfPage":{"@id":"https:\/\/wawp.pl\/prezenty\/produkt\/nantejskie-sceny-zestaw-prezentowy-z-alkoholem-wino-francuskie-biale-loara-muscadet\/#primaryimage"},"image":{"@id":"https:\/\/wawp.pl\/prezenty\/produkt\/nantejskie-sceny-zestaw-prezentowy-z-alkoholem-wino-francuskie-biale-loara-muscadet\/#primaryimage"},"thumbnailUrl":"https:\/\/wawp.pl\/prezenty\/wp-content\/uploads\/2023\/09\/nantejskie-sceny-zestaw-prezentowy-z-alkoholem-wino-francuskie-biale-loara-muscadet.png","datePublished":"2023-09-08T14:06:44+00:00","dateModified":"2024-12-13T13:26:46+00:00","description":"Zobacz produkt: Nantejskie Sceny Zestaw prezentowy z alkoholem - Wino francuskie bia\u0142e Loara Muscadet - dost\u0119pny online na Whisky and Wine Place wawp.pl\/prezenty !","breadcrumb":{"@id":"https:\/\/wawp.pl\/prezenty\/produkt\/nantejskie-sceny-zestaw-prezentowy-z-alkoholem-wino-francuskie-biale-loara-muscadet\/#breadcrumb"},"inLanguage":"pl-PL","potentialAction":[{"@type":"ReadAction","target":["https:\/\/wawp.pl\/prezenty\/produkt\/nantejskie-sceny-zestaw-prezentowy-z-alkoholem-wino-francuskie-biale-loara-muscadet\/"]}]},{"@type":"ImageObject","inLanguage":"pl-PL","@id":"https:\/\/wawp.pl\/prezenty\/produkt\/nantejskie-sceny-zestaw-prezentowy-z-alkoholem-wino-francuskie-biale-loara-muscadet\/#primaryimage","url":"https:\/\/wawp.pl\/prezenty\/wp-content\/uploads\/2023\/09\/nantejskie-sceny-zestaw-prezentowy-z-alkoholem-wino-francuskie-biale-loara-muscadet.png","contentUrl":"https:\/\/wawp.pl\/prezenty\/wp-content\/uploads\/2023\/09\/nantejskie-sceny-zestaw-prezentowy-z-alkoholem-wino-francuskie-biale-loara-muscadet.png","width":1146,"height":1146},{"@type":"BreadcrumbList","@id":"https:\/\/wawp.pl\/prezenty\/produkt\/nantejskie-sceny-zestaw-prezentowy-z-alkoholem-wino-francuskie-biale-loara-muscadet\/#breadcrumb","itemListElement":[{"@type":"ListItem","position":1,"name":"Strona g\u0142\u00f3wna","item":"https:\/\/wawp.pl\/prezenty\/"},{"@type":"ListItem","position":2,"name":"Shop","item":"https:\/\/wawp.pl\/prezenty\/shop\/"},{"@type":"ListItem","position":3,"name":"Nantejskie Sceny"}]},{"@type":"WebSite","@id":"https:\/\/wawp.pl\/prezenty\/#website","url":"https:\/\/wawp.pl\/prezenty\/","name":"Zestawy \u015awi\u0105teczne","description":"Kosze \u015awi\u0105teczne, Podarunkowe, Prezentowe","publisher":{"@id":"https:\/\/wawp.pl\/prezenty\/#organization"},"potentialAction":[{"@type":"SearchAction","target":{"@type":"EntryPoint","urlTemplate":"https:\/\/wawp.pl\/prezenty\/?s={search_term_string}"},"query-input":{"@type":"PropertyValueSpecification","valueRequired":true,"valueName":"search_term_string"}}],"inLanguage":"pl-PL"},{"@type":"Organization","@id":"https:\/\/wawp.pl\/prezenty\/#organization","name":"Zestawy \u015awi\u0105teczne","url":"https:\/\/wawp.pl\/prezenty\/","logo":{"@type":"ImageObject","inLanguage":"pl-PL","@id":"https:\/\/wawp.pl\/prezenty\/#\/schema\/logo\/image\/","url":"https:\/\/wawp.pl\/prezenty\/wp-content\/uploads\/2021\/11\/cropped-logo.png","contentUrl":"https:\/\/wawp.pl\/prezenty\/wp-content\/uploads\/2021\/11\/cropped-logo.png","width":360,"height":137,"caption":"Zestawy \u015awi\u0105teczne"},"image":{"@id":"https:\/\/wawp.pl\/prezenty\/#\/schema\/logo\/image\/"}}]}},"_links":{"self":[{"href":"https:\/\/wawp.pl\/prezenty\/wp-json\/wp\/v2\/product\/2350","targetHints":{"allow":["GET"]}}],"collection":[{"href":"https:\/\/wawp.pl\/prezenty\/wp-json\/wp\/v2\/product"}],"about":[{"href":"https:\/\/wawp.pl\/prezenty\/wp-json\/wp\/v2\/types\/product"}],"wp:featuredmedia":[{"embeddable":true,"href":"https:\/\/wawp.pl\/prezenty\/wp-json\/wp\/v2\/media\/2531"}],"wp:attachment":[{"href":"https:\/\/wawp.pl\/prezenty\/wp-json\/wp\/v2\/media?parent=2350"}],"wp:term":[{"taxonomy":"product_brand","embeddable":true,"href":"https:\/\/wawp.pl\/prezenty\/wp-json\/wp\/v2\/product_brand?post=2350"},{"taxonomy":"product_cat","embeddable":true,"href":"https:\/\/wawp.pl\/prezenty\/wp-json\/wp\/v2\/product_cat?post=2350"},{"taxonomy":"product_tag","embeddable":true,"href":"https:\/\/wawp.pl\/prezenty\/wp-json\/wp\/v2\/product_tag?post=2350"}],"curies":[{"name":"wp","href":"https:\/\/api.w.org\/{rel}","templated":true}]}}