{"id":2348,"date":"2023-09-08T14:01:59","date_gmt":"2023-09-08T14:01:59","guid":{"rendered":"https:\/\/wawp.pl\/prezenty\/?post_type=product&#038;p=2348"},"modified":"2024-12-13T13:26:46","modified_gmt":"2024-12-13T13:26:46","slug":"wybrzeze-adriatyku-zestaw-prezentowy-z-alkoholem-wino-musujace-prosecco-rive-wytrawne","status":"publish","type":"product","link":"https:\/\/wawp.pl\/prezenty\/produkt\/wybrzeze-adriatyku-zestaw-prezentowy-z-alkoholem-wino-musujace-prosecco-rive-wytrawne\/","title":{"rendered":"Wybrze\u017ce Adriatyku"},"content":{"rendered":"","protected":false},"excerpt":{"rendered":"<p id=\"E49\" class=\"x-scope qowt-word-para-0\"><span id=\"E50\">Zestaw upominkowy <strong>Wybrze\u017ce Adriatyku<\/strong> to idealna propozycja prezentu dla kole\u017canki. <\/span><span id=\"E51\">Box podarunkowy zaopatrzony jest w wysokiej klasy musuj\u0105ce wino typu <\/span><span id=\"E53\">Prosecco<\/span><span id=\"E55\"> oraz moc s\u0142odkich dodatk\u00f3w ciesz\u0105cych oczy i dusz\u0119. Paczka delikates\u00f3w to \u015bwietny upominek na ka\u017cd\u0105 okazj\u0119, kt\u00f3ry zostanie zapami\u0119tany na d\u0142ugo.<\/span><\/p>\n<p id=\"E58\" class=\"x-scope qowt-word-para-0\"><span id=\"E59\">Komplet podarunkowy <\/span><strong><span id=\"E60\">Wybrze\u017ce Adriatyku<\/span><\/strong><span id=\"E61\"> zawiera pyszne i eleganckie wino musuj\u0105ce <strong>Il <\/strong><\/span><strong><span id=\"E63\">Colle<\/span><span id=\"E65\"> <\/span><span id=\"E67\">Prosecco<\/span><span id=\"E69\"> <\/span><span id=\"E71\">Rive<\/span><span id=\"E73\"> di <\/span><span id=\"E75\">Rua<\/span><span id=\"E77\"> Extra <\/span><span id=\"E79\">Brut<\/span><\/strong><span id=\"E81\">. To wytrawne, w\u0142oskie, wino pochodzi z najlepszych upraw zlokalizowanych w okolicach Wenecji. Charakteryzuje si\u0119 szlachetn\u0105 perlisto\u015bci\u0105 b\u0105belk\u00f3w, wysok\u0105 kwasowo\u015bci\u0105 i lekko zaznaczon\u0105 s\u0142odycz\u0105. W aromacie przewa\u017caj\u0105 akcenty owoc\u00f3w pigwy i agrestu. Smak cytrusowy i bardzo orze\u017awiaj\u0105cy. <\/span><span id=\"E82\">0,7L<\/span><\/p>\n<p id=\"E83\" class=\"x-scope qowt-word-para-0\"><strong><span id=\"E85\">Cachet<\/span><\/strong><span id=\"E87\"><strong> Dark<\/strong> to dodatek prze\u0142amuj\u0105cy s\u0142odycz za spraw\u0105 wytrawnego Tanza\u0144skiego kakao oraz soli morskiej. 100g<\/span><\/p>\n<p id=\"E88\" class=\"x-scope qowt-word-para-0\"><strong><span id=\"E90\">Ginger<\/span><span id=\"E92\"> <\/span><span id=\"E94\">Snaps<\/span><span id=\"E96\"> <\/span><span id=\"E98\">Almond<\/span><\/strong><span id=\"E100\"> to kruche szwedzkie ciasteczka o aromacie imbiru i migda\u0142\u00f3w. Znakomite do herbaty lub kawy. 150g<\/span><\/p>\n<p id=\"E101\" class=\"x-scope qowt-word-para-0\"><strong><span id=\"E103\">Amaresti<\/span><\/strong><span id=\"E105\"> to migda\u0142y oblane mleczn\u0105 czekolad\u0105 ze szczypt\u0105 pikantnego cynamonu znakomicie dopasowan\u0105 do alkoholu wewn\u0105trz zestawu. 80g<\/span><\/p>\n<p id=\"E106\" class=\"x-scope qowt-word-para-0\"><span id=\"E107\"><strong>Baton energetyczny Miodowy K\u0142os<\/strong> to zdrowa przek\u0105ska z\u0142o\u017cona z pe\u0142nych ziaren zb\u00f3\u017c, owoc\u00f3w i miodu. 45g<\/span><\/p>\n<p id=\"E108\" class=\"x-scope qowt-word-para-0\"><strong><span id=\"E109\">Kartofelki marcepanowe <\/span><span id=\"E111\">Zentis<\/span><\/strong><span id=\"E113\"> to s\u0142odka przek\u0105ska z dodatkiem migda\u0142\u00f3w w postaci uroczych kuleczek. 100g<\/span><\/p>\n<p id=\"E114\" class=\"x-scope qowt-word-para-0\"><span id=\"E115\">Opakowanie to mi\u0142e dla oka i dotyku tekturowe pude\u0142ko. Mi\u0119kka i estetyczna wy\u015bci\u00f3\u0142ka zapewnia bezpiecze\u0144stwo szklanym elementom zestawu. Wieko pude\u0142ka przewi\u0105zane nawi\u0105zuj\u0105c\u0105 do kolorystyki zestawu wst\u0105\u017ck\u0105. Ca\u0142o\u015b\u0107 przyjazna \u015brodowisku i podlegaj\u0105ca recyklingowi.<\/span><\/p>\n","protected":false},"featured_media":2349,"template":"","meta":{"_acf_changed":false},"product_brand":[],"product_cat":[35,33],"product_tag":[],"class_list":{"0":"post-2348","1":"product","2":"type-product","3":"status-publish","4":"has-post-thumbnail","6":"product_cat-alkohole-zestawy-prezentowe","7":"product_cat-zestawy-upominkowe","9":"first","10":"outofstock","11":"purchasable","12":"product-type-simple"},"acf":[],"yoast_head":"<!-- This site is optimized with the Yoast SEO plugin v27.3 - https:\/\/yoast.com\/product\/yoast-seo-wordpress\/ -->\n<title>Wybrze\u017ce Adriatyku: Zestaw prezentowy z alkoholem - Wino musuj\u0105ce prosecco Rive wytrawne | Zestawy \u015awi\u0105teczne<\/title>\n<meta name=\"description\" content=\"Zobacz produkt: Wybrze\u017ce Adriatyku Zestaw prezentowy z alkoholem - Wino musuj\u0105ce prosecco Rive wytrawne - dost\u0119pny online na Whisky and Wine Place wawp.pl\/prezenty !\" \/>\n<meta name=\"robots\" content=\"index, follow, max-snippet:-1, max-image-preview:large, max-video-preview:-1\" \/>\n<link rel=\"canonical\" href=\"https:\/\/wawp.pl\/prezenty\/produkt\/wybrzeze-adriatyku-zestaw-prezentowy-z-alkoholem-wino-musujace-prosecco-rive-wytrawne\/\" \/>\n<meta property=\"og:locale\" content=\"pl_PL\" \/>\n<meta property=\"og:type\" content=\"article\" \/>\n<meta property=\"og:title\" content=\"Wybrze\u017ce Adriatyku: Zestaw prezentowy z alkoholem - Wino musuj\u0105ce prosecco Rive wytrawne | Zestawy \u015awi\u0105teczne\" \/>\n<meta property=\"og:description\" content=\"Zobacz produkt: Wybrze\u017ce Adriatyku Zestaw prezentowy z alkoholem - Wino musuj\u0105ce prosecco Rive wytrawne - dost\u0119pny online na Whisky and Wine Place wawp.pl\/prezenty !\" \/>\n<meta property=\"og:url\" content=\"https:\/\/wawp.pl\/prezenty\/produkt\/wybrzeze-adriatyku-zestaw-prezentowy-z-alkoholem-wino-musujace-prosecco-rive-wytrawne\/\" \/>\n<meta property=\"og:site_name\" content=\"Zestawy \u015awi\u0105teczne\" \/>\n<meta property=\"article:modified_time\" content=\"2024-12-13T13:26:46+00:00\" \/>\n<meta property=\"og:image\" content=\"https:\/\/wawp.pl\/prezenty\/wp-content\/uploads\/2023\/09\/wybrzeze-adriatyku-zestaw-prezentowy-z-alkoholem-wino-musujace-prosecco-rive-wytrawne.png\" \/>\n\t<meta property=\"og:image:width\" content=\"1200\" \/>\n\t<meta property=\"og:image:height\" content=\"1260\" \/>\n\t<meta property=\"og:image:type\" content=\"image\/png\" \/>\n<meta name=\"twitter:card\" content=\"summary_large_image\" \/>\n<script type=\"application\/ld+json\" class=\"yoast-schema-graph\">{\"@context\":\"https:\\\/\\\/schema.org\",\"@graph\":[{\"@type\":\"WebPage\",\"@id\":\"https:\\\/\\\/wawp.pl\\\/prezenty\\\/produkt\\\/wybrzeze-adriatyku-zestaw-prezentowy-z-alkoholem-wino-musujace-prosecco-rive-wytrawne\\\/\",\"url\":\"https:\\\/\\\/wawp.pl\\\/prezenty\\\/produkt\\\/wybrzeze-adriatyku-zestaw-prezentowy-z-alkoholem-wino-musujace-prosecco-rive-wytrawne\\\/\",\"name\":\"Wybrze\u017ce Adriatyku: Zestaw prezentowy z alkoholem - Wino musuj\u0105ce prosecco Rive wytrawne | Zestawy \u015awi\u0105teczne\",\"isPartOf\":{\"@id\":\"https:\\\/\\\/wawp.pl\\\/prezenty\\\/#website\"},\"primaryImageOfPage\":{\"@id\":\"https:\\\/\\\/wawp.pl\\\/prezenty\\\/produkt\\\/wybrzeze-adriatyku-zestaw-prezentowy-z-alkoholem-wino-musujace-prosecco-rive-wytrawne\\\/#primaryimage\"},\"image\":{\"@id\":\"https:\\\/\\\/wawp.pl\\\/prezenty\\\/produkt\\\/wybrzeze-adriatyku-zestaw-prezentowy-z-alkoholem-wino-musujace-prosecco-rive-wytrawne\\\/#primaryimage\"},\"thumbnailUrl\":\"https:\\\/\\\/wawp.pl\\\/prezenty\\\/wp-content\\\/uploads\\\/2023\\\/09\\\/wybrzeze-adriatyku-zestaw-prezentowy-z-alkoholem-wino-musujace-prosecco-rive-wytrawne.png\",\"datePublished\":\"2023-09-08T14:01:59+00:00\",\"dateModified\":\"2024-12-13T13:26:46+00:00\",\"description\":\"Zobacz produkt: Wybrze\u017ce Adriatyku Zestaw prezentowy z alkoholem - Wino musuj\u0105ce prosecco Rive wytrawne - dost\u0119pny online na Whisky and Wine Place wawp.pl\\\/prezenty !\",\"breadcrumb\":{\"@id\":\"https:\\\/\\\/wawp.pl\\\/prezenty\\\/produkt\\\/wybrzeze-adriatyku-zestaw-prezentowy-z-alkoholem-wino-musujace-prosecco-rive-wytrawne\\\/#breadcrumb\"},\"inLanguage\":\"pl-PL\",\"potentialAction\":[{\"@type\":\"ReadAction\",\"target\":[\"https:\\\/\\\/wawp.pl\\\/prezenty\\\/produkt\\\/wybrzeze-adriatyku-zestaw-prezentowy-z-alkoholem-wino-musujace-prosecco-rive-wytrawne\\\/\"]}]},{\"@type\":\"ImageObject\",\"inLanguage\":\"pl-PL\",\"@id\":\"https:\\\/\\\/wawp.pl\\\/prezenty\\\/produkt\\\/wybrzeze-adriatyku-zestaw-prezentowy-z-alkoholem-wino-musujace-prosecco-rive-wytrawne\\\/#primaryimage\",\"url\":\"https:\\\/\\\/wawp.pl\\\/prezenty\\\/wp-content\\\/uploads\\\/2023\\\/09\\\/wybrzeze-adriatyku-zestaw-prezentowy-z-alkoholem-wino-musujace-prosecco-rive-wytrawne.png\",\"contentUrl\":\"https:\\\/\\\/wawp.pl\\\/prezenty\\\/wp-content\\\/uploads\\\/2023\\\/09\\\/wybrzeze-adriatyku-zestaw-prezentowy-z-alkoholem-wino-musujace-prosecco-rive-wytrawne.png\",\"width\":1200,\"height\":1260},{\"@type\":\"BreadcrumbList\",\"@id\":\"https:\\\/\\\/wawp.pl\\\/prezenty\\\/produkt\\\/wybrzeze-adriatyku-zestaw-prezentowy-z-alkoholem-wino-musujace-prosecco-rive-wytrawne\\\/#breadcrumb\",\"itemListElement\":[{\"@type\":\"ListItem\",\"position\":1,\"name\":\"Strona g\u0142\u00f3wna\",\"item\":\"https:\\\/\\\/wawp.pl\\\/prezenty\\\/\"},{\"@type\":\"ListItem\",\"position\":2,\"name\":\"Shop\",\"item\":\"https:\\\/\\\/wawp.pl\\\/prezenty\\\/shop\\\/\"},{\"@type\":\"ListItem\",\"position\":3,\"name\":\"Wybrze\u017ce Adriatyku\"}]},{\"@type\":\"WebSite\",\"@id\":\"https:\\\/\\\/wawp.pl\\\/prezenty\\\/#website\",\"url\":\"https:\\\/\\\/wawp.pl\\\/prezenty\\\/\",\"name\":\"Zestawy \u015awi\u0105teczne\",\"description\":\"Kosze \u015awi\u0105teczne, Podarunkowe, Prezentowe\",\"publisher\":{\"@id\":\"https:\\\/\\\/wawp.pl\\\/prezenty\\\/#organization\"},\"potentialAction\":[{\"@type\":\"SearchAction\",\"target\":{\"@type\":\"EntryPoint\",\"urlTemplate\":\"https:\\\/\\\/wawp.pl\\\/prezenty\\\/?s={search_term_string}\"},\"query-input\":{\"@type\":\"PropertyValueSpecification\",\"valueRequired\":true,\"valueName\":\"search_term_string\"}}],\"inLanguage\":\"pl-PL\"},{\"@type\":\"Organization\",\"@id\":\"https:\\\/\\\/wawp.pl\\\/prezenty\\\/#organization\",\"name\":\"Zestawy \u015awi\u0105teczne\",\"url\":\"https:\\\/\\\/wawp.pl\\\/prezenty\\\/\",\"logo\":{\"@type\":\"ImageObject\",\"inLanguage\":\"pl-PL\",\"@id\":\"https:\\\/\\\/wawp.pl\\\/prezenty\\\/#\\\/schema\\\/logo\\\/image\\\/\",\"url\":\"https:\\\/\\\/wawp.pl\\\/prezenty\\\/wp-content\\\/uploads\\\/2021\\\/11\\\/cropped-logo.png\",\"contentUrl\":\"https:\\\/\\\/wawp.pl\\\/prezenty\\\/wp-content\\\/uploads\\\/2021\\\/11\\\/cropped-logo.png\",\"width\":360,\"height\":137,\"caption\":\"Zestawy \u015awi\u0105teczne\"},\"image\":{\"@id\":\"https:\\\/\\\/wawp.pl\\\/prezenty\\\/#\\\/schema\\\/logo\\\/image\\\/\"}}]}<\/script>\n<!-- \/ Yoast SEO plugin. -->","yoast_head_json":{"title":"Wybrze\u017ce Adriatyku: Zestaw prezentowy z alkoholem - Wino musuj\u0105ce prosecco Rive wytrawne | Zestawy \u015awi\u0105teczne","description":"Zobacz produkt: Wybrze\u017ce Adriatyku Zestaw prezentowy z alkoholem - Wino musuj\u0105ce prosecco Rive wytrawne - dost\u0119pny online na Whisky and Wine Place wawp.pl\/prezenty !","robots":{"index":"index","follow":"follow","max-snippet":"max-snippet:-1","max-image-preview":"max-image-preview:large","max-video-preview":"max-video-preview:-1"},"canonical":"https:\/\/wawp.pl\/prezenty\/produkt\/wybrzeze-adriatyku-zestaw-prezentowy-z-alkoholem-wino-musujace-prosecco-rive-wytrawne\/","og_locale":"pl_PL","og_type":"article","og_title":"Wybrze\u017ce Adriatyku: Zestaw prezentowy z alkoholem - Wino musuj\u0105ce prosecco Rive wytrawne | Zestawy \u015awi\u0105teczne","og_description":"Zobacz produkt: Wybrze\u017ce Adriatyku Zestaw prezentowy z alkoholem - Wino musuj\u0105ce prosecco Rive wytrawne - dost\u0119pny online na Whisky and Wine Place wawp.pl\/prezenty !","og_url":"https:\/\/wawp.pl\/prezenty\/produkt\/wybrzeze-adriatyku-zestaw-prezentowy-z-alkoholem-wino-musujace-prosecco-rive-wytrawne\/","og_site_name":"Zestawy \u015awi\u0105teczne","article_modified_time":"2024-12-13T13:26:46+00:00","og_image":[{"width":1200,"height":1260,"url":"https:\/\/wawp.pl\/prezenty\/wp-content\/uploads\/2023\/09\/wybrzeze-adriatyku-zestaw-prezentowy-z-alkoholem-wino-musujace-prosecco-rive-wytrawne.png","type":"image\/png"}],"twitter_card":"summary_large_image","schema":{"@context":"https:\/\/schema.org","@graph":[{"@type":"WebPage","@id":"https:\/\/wawp.pl\/prezenty\/produkt\/wybrzeze-adriatyku-zestaw-prezentowy-z-alkoholem-wino-musujace-prosecco-rive-wytrawne\/","url":"https:\/\/wawp.pl\/prezenty\/produkt\/wybrzeze-adriatyku-zestaw-prezentowy-z-alkoholem-wino-musujace-prosecco-rive-wytrawne\/","name":"Wybrze\u017ce Adriatyku: Zestaw prezentowy z alkoholem - Wino musuj\u0105ce prosecco Rive wytrawne | Zestawy \u015awi\u0105teczne","isPartOf":{"@id":"https:\/\/wawp.pl\/prezenty\/#website"},"primaryImageOfPage":{"@id":"https:\/\/wawp.pl\/prezenty\/produkt\/wybrzeze-adriatyku-zestaw-prezentowy-z-alkoholem-wino-musujace-prosecco-rive-wytrawne\/#primaryimage"},"image":{"@id":"https:\/\/wawp.pl\/prezenty\/produkt\/wybrzeze-adriatyku-zestaw-prezentowy-z-alkoholem-wino-musujace-prosecco-rive-wytrawne\/#primaryimage"},"thumbnailUrl":"https:\/\/wawp.pl\/prezenty\/wp-content\/uploads\/2023\/09\/wybrzeze-adriatyku-zestaw-prezentowy-z-alkoholem-wino-musujace-prosecco-rive-wytrawne.png","datePublished":"2023-09-08T14:01:59+00:00","dateModified":"2024-12-13T13:26:46+00:00","description":"Zobacz produkt: Wybrze\u017ce Adriatyku Zestaw prezentowy z alkoholem - Wino musuj\u0105ce prosecco Rive wytrawne - dost\u0119pny online na Whisky and Wine Place wawp.pl\/prezenty !","breadcrumb":{"@id":"https:\/\/wawp.pl\/prezenty\/produkt\/wybrzeze-adriatyku-zestaw-prezentowy-z-alkoholem-wino-musujace-prosecco-rive-wytrawne\/#breadcrumb"},"inLanguage":"pl-PL","potentialAction":[{"@type":"ReadAction","target":["https:\/\/wawp.pl\/prezenty\/produkt\/wybrzeze-adriatyku-zestaw-prezentowy-z-alkoholem-wino-musujace-prosecco-rive-wytrawne\/"]}]},{"@type":"ImageObject","inLanguage":"pl-PL","@id":"https:\/\/wawp.pl\/prezenty\/produkt\/wybrzeze-adriatyku-zestaw-prezentowy-z-alkoholem-wino-musujace-prosecco-rive-wytrawne\/#primaryimage","url":"https:\/\/wawp.pl\/prezenty\/wp-content\/uploads\/2023\/09\/wybrzeze-adriatyku-zestaw-prezentowy-z-alkoholem-wino-musujace-prosecco-rive-wytrawne.png","contentUrl":"https:\/\/wawp.pl\/prezenty\/wp-content\/uploads\/2023\/09\/wybrzeze-adriatyku-zestaw-prezentowy-z-alkoholem-wino-musujace-prosecco-rive-wytrawne.png","width":1200,"height":1260},{"@type":"BreadcrumbList","@id":"https:\/\/wawp.pl\/prezenty\/produkt\/wybrzeze-adriatyku-zestaw-prezentowy-z-alkoholem-wino-musujace-prosecco-rive-wytrawne\/#breadcrumb","itemListElement":[{"@type":"ListItem","position":1,"name":"Strona g\u0142\u00f3wna","item":"https:\/\/wawp.pl\/prezenty\/"},{"@type":"ListItem","position":2,"name":"Shop","item":"https:\/\/wawp.pl\/prezenty\/shop\/"},{"@type":"ListItem","position":3,"name":"Wybrze\u017ce Adriatyku"}]},{"@type":"WebSite","@id":"https:\/\/wawp.pl\/prezenty\/#website","url":"https:\/\/wawp.pl\/prezenty\/","name":"Zestawy \u015awi\u0105teczne","description":"Kosze \u015awi\u0105teczne, Podarunkowe, Prezentowe","publisher":{"@id":"https:\/\/wawp.pl\/prezenty\/#organization"},"potentialAction":[{"@type":"SearchAction","target":{"@type":"EntryPoint","urlTemplate":"https:\/\/wawp.pl\/prezenty\/?s={search_term_string}"},"query-input":{"@type":"PropertyValueSpecification","valueRequired":true,"valueName":"search_term_string"}}],"inLanguage":"pl-PL"},{"@type":"Organization","@id":"https:\/\/wawp.pl\/prezenty\/#organization","name":"Zestawy \u015awi\u0105teczne","url":"https:\/\/wawp.pl\/prezenty\/","logo":{"@type":"ImageObject","inLanguage":"pl-PL","@id":"https:\/\/wawp.pl\/prezenty\/#\/schema\/logo\/image\/","url":"https:\/\/wawp.pl\/prezenty\/wp-content\/uploads\/2021\/11\/cropped-logo.png","contentUrl":"https:\/\/wawp.pl\/prezenty\/wp-content\/uploads\/2021\/11\/cropped-logo.png","width":360,"height":137,"caption":"Zestawy \u015awi\u0105teczne"},"image":{"@id":"https:\/\/wawp.pl\/prezenty\/#\/schema\/logo\/image\/"}}]}},"_links":{"self":[{"href":"https:\/\/wawp.pl\/prezenty\/wp-json\/wp\/v2\/product\/2348","targetHints":{"allow":["GET"]}}],"collection":[{"href":"https:\/\/wawp.pl\/prezenty\/wp-json\/wp\/v2\/product"}],"about":[{"href":"https:\/\/wawp.pl\/prezenty\/wp-json\/wp\/v2\/types\/product"}],"wp:featuredmedia":[{"embeddable":true,"href":"https:\/\/wawp.pl\/prezenty\/wp-json\/wp\/v2\/media\/2349"}],"wp:attachment":[{"href":"https:\/\/wawp.pl\/prezenty\/wp-json\/wp\/v2\/media?parent=2348"}],"wp:term":[{"taxonomy":"product_brand","embeddable":true,"href":"https:\/\/wawp.pl\/prezenty\/wp-json\/wp\/v2\/product_brand?post=2348"},{"taxonomy":"product_cat","embeddable":true,"href":"https:\/\/wawp.pl\/prezenty\/wp-json\/wp\/v2\/product_cat?post=2348"},{"taxonomy":"product_tag","embeddable":true,"href":"https:\/\/wawp.pl\/prezenty\/wp-json\/wp\/v2\/product_tag?post=2348"}],"curies":[{"name":"wp","href":"https:\/\/api.w.org\/{rel}","templated":true}]}}