{"id":2346,"date":"2023-09-08T13:51:08","date_gmt":"2023-09-08T13:51:08","guid":{"rendered":"https:\/\/wawp.pl\/prezenty\/?post_type=product&#038;p=2346"},"modified":"2024-12-13T13:26:46","modified_gmt":"2024-12-13T13:26:46","slug":"costa-blanca-zestaw-prezentowy-z-alkoholem-wino-hiszpanskie-wytrawne-tempranillo","status":"publish","type":"product","link":"https:\/\/wawp.pl\/prezenty\/produkt\/costa-blanca-zestaw-prezentowy-z-alkoholem-wino-hiszpanskie-wytrawne-tempranillo\/","title":{"rendered":"Costa Blanca"},"content":{"rendered":"","protected":false},"excerpt":{"rendered":"<p id=\"E49\" class=\"x-scope qowt-word-para-0\"><span id=\"E50\"><strong>Costa Blanca<\/strong> to okaza\u0142y i bogaty kosz upominkowy dla prawnika. Box prezentowy zaprojektowany jest z dba\u0142o\u015bci\u0105 o ka\u017cdy szczeg\u00f3\u0142. Jego g\u0142\u00f3wnym sk\u0142adnikiem jest szlachetny alkohol w postaci hiszpa\u0144skiego wina. Reszta to starannie wyselekcjonowane dodatki od najlepszych producent\u00f3w s\u0142odyczy. Ca\u0142o\u015b\u0107 utrzymana w sp\u00f3jnej, bardzo estetycznej kolorystyce.\u2019<\/span><\/p>\n<p id=\"E51\" class=\"x-scope qowt-word-para-0\"><strong><span id=\"E55\">Primiera<\/span><\/strong><span id=\"E57\"><strong> Luna<\/strong> to wytrawne, czerwone wino ze s\u0142onecznej Hiszpanii. Jest mieszank\u0105 szczep\u00f3w winogron <\/span><span id=\"E59\">Tempranillo<\/span><span id=\"E61\"> oraz <\/span><span id=\"E63\">Syrah<\/span><span id=\"E65\">. Dzi\u0119ki takiemu po\u0142\u0105czeniu wino jest jednocze\u015bnie soczyste i owocowe, a tak\u017ce mocno skoncentrowane i bogate w akcenty przypraw korzennych. 0,7L<\/span><\/p>\n<p id=\"E66\" class=\"x-scope qowt-word-para-0\"><strong><span id=\"E68\">Cachet<\/span><\/strong><span id=\"E70\"><strong> Dark<\/strong> to dodatek prze\u0142amuj\u0105cy s\u0142odycz za spraw\u0105 wytrawnego Tanza\u0144skiego kakao oraz soli morskiej. 100g<\/span><\/p>\n<p id=\"E71\" class=\"x-scope qowt-word-para-0\"><strong><span id=\"E73\">Ginger<\/span><span id=\"E75\"> <\/span><span id=\"E77\">Snaps<\/span><span id=\"E79\"> <\/span><span id=\"E81\">Almond<\/span><\/strong><span id=\"E83\"> to kruche szwedzkie ciasteczka o aromacie imbiru i migda\u0142\u00f3w. Znakomite do herbaty lub kawy. 150g<\/span><\/p>\n<p id=\"E84\" class=\"x-scope qowt-word-para-0\"><strong><span id=\"E86\">Amaresti<\/span><\/strong><span id=\"E88\"> to migda\u0142y oblane mleczn\u0105 czekolad\u0105 ze szczypt\u0105 pikantnego cynamonu znakomicie dopasowan\u0105 do alkoholu wewn\u0105trz zestawu. 80g<\/span><\/p>\n<p id=\"E89\" class=\"x-scope qowt-word-para-0\"><span id=\"E90\"><strong>Baton energetyczny Miodowy K\u0142os<\/strong> to zdrowa przek\u0105ska z\u0142o\u017cona z pe\u0142nych ziaren zb\u00f3\u017c, owoc\u00f3w i miodu. 45g<\/span><\/p>\n<p id=\"E91\" class=\"x-scope qowt-word-para-0\"><strong><span id=\"E92\">Kartofelki marcepanowe <\/span><span id=\"E94\">Zentis<\/span><\/strong><span id=\"E96\"> to s\u0142odka przek\u0105ska z dodatkiem migda\u0142\u00f3w w postaci uroczych kuleczek. 100g<\/span><\/p>\n<p id=\"E97\" class=\"x-scope qowt-word-para-0\"><span id=\"E98\">Opakowanie to mi\u0142e dla oka i dotyku tekturowe pude\u0142ko. Mi\u0119kka i estetyczna wy\u015bci\u00f3\u0142ka zapewnia bezpiecze\u0144stwo szklanym elementom zestawu. Wieko pude\u0142ka przewi\u0105zane nawi\u0105zuj\u0105c\u0105 do kolorystyki zestawu wst\u0105\u017ck\u0105. Ca\u0142o\u015b\u0107 przyjazna \u015brodowisku i podlegaj\u0105ca recyklingowi.<\/span><\/p>\n","protected":false},"featured_media":2347,"template":"","meta":{"_acf_changed":false},"product_brand":[],"product_cat":[35,33],"product_tag":[],"class_list":{"0":"post-2346","1":"product","2":"type-product","3":"status-publish","4":"has-post-thumbnail","6":"product_cat-alkohole-zestawy-prezentowe","7":"product_cat-zestawy-upominkowe","9":"first","10":"outofstock","11":"purchasable","12":"product-type-simple"},"acf":[],"yoast_head":"<!-- This site is optimized with the Yoast SEO plugin v27.3 - https:\/\/yoast.com\/product\/yoast-seo-wordpress\/ -->\n<title>Costa Blanca: Zestaw prezentowy z alkoholem - Wino hiszpa\u0144skie wytrawne Tempranillo | Zestawy \u015awi\u0105teczne<\/title>\n<meta name=\"description\" content=\"Zobacz produkt: Costa Blanca Zestaw prezentowy z alkoholem - Wino hiszpa\u0144skie wytrawne Tempranillo - dost\u0119pny online na Whisky and Wine Place wawp.pl\/prezenty !\" \/>\n<meta name=\"robots\" content=\"index, follow, max-snippet:-1, max-image-preview:large, max-video-preview:-1\" \/>\n<link rel=\"canonical\" href=\"https:\/\/wawp.pl\/prezenty\/produkt\/costa-blanca-zestaw-prezentowy-z-alkoholem-wino-hiszpanskie-wytrawne-tempranillo\/\" \/>\n<meta property=\"og:locale\" content=\"pl_PL\" \/>\n<meta property=\"og:type\" content=\"article\" \/>\n<meta property=\"og:title\" content=\"Costa Blanca: Zestaw prezentowy z alkoholem - Wino hiszpa\u0144skie wytrawne Tempranillo | Zestawy \u015awi\u0105teczne\" \/>\n<meta property=\"og:description\" content=\"Zobacz produkt: Costa Blanca Zestaw prezentowy z alkoholem - Wino hiszpa\u0144skie wytrawne Tempranillo - dost\u0119pny online na Whisky and Wine Place wawp.pl\/prezenty !\" \/>\n<meta property=\"og:url\" content=\"https:\/\/wawp.pl\/prezenty\/produkt\/costa-blanca-zestaw-prezentowy-z-alkoholem-wino-hiszpanskie-wytrawne-tempranillo\/\" \/>\n<meta property=\"og:site_name\" content=\"Zestawy \u015awi\u0105teczne\" \/>\n<meta property=\"article:modified_time\" content=\"2024-12-13T13:26:46+00:00\" \/>\n<meta property=\"og:image\" content=\"https:\/\/wawp.pl\/prezenty\/wp-content\/uploads\/2023\/09\/costa-blanca-zestaw-prezentowy-z-alkoholem-wino-hiszpanskie-wytrawne-tempranillo.png\" \/>\n\t<meta property=\"og:image:width\" content=\"1200\" \/>\n\t<meta property=\"og:image:height\" content=\"1260\" \/>\n\t<meta property=\"og:image:type\" content=\"image\/png\" \/>\n<meta name=\"twitter:card\" content=\"summary_large_image\" \/>\n<script type=\"application\/ld+json\" class=\"yoast-schema-graph\">{\"@context\":\"https:\\\/\\\/schema.org\",\"@graph\":[{\"@type\":\"WebPage\",\"@id\":\"https:\\\/\\\/wawp.pl\\\/prezenty\\\/produkt\\\/costa-blanca-zestaw-prezentowy-z-alkoholem-wino-hiszpanskie-wytrawne-tempranillo\\\/\",\"url\":\"https:\\\/\\\/wawp.pl\\\/prezenty\\\/produkt\\\/costa-blanca-zestaw-prezentowy-z-alkoholem-wino-hiszpanskie-wytrawne-tempranillo\\\/\",\"name\":\"Costa Blanca: Zestaw prezentowy z alkoholem - Wino hiszpa\u0144skie wytrawne Tempranillo | Zestawy \u015awi\u0105teczne\",\"isPartOf\":{\"@id\":\"https:\\\/\\\/wawp.pl\\\/prezenty\\\/#website\"},\"primaryImageOfPage\":{\"@id\":\"https:\\\/\\\/wawp.pl\\\/prezenty\\\/produkt\\\/costa-blanca-zestaw-prezentowy-z-alkoholem-wino-hiszpanskie-wytrawne-tempranillo\\\/#primaryimage\"},\"image\":{\"@id\":\"https:\\\/\\\/wawp.pl\\\/prezenty\\\/produkt\\\/costa-blanca-zestaw-prezentowy-z-alkoholem-wino-hiszpanskie-wytrawne-tempranillo\\\/#primaryimage\"},\"thumbnailUrl\":\"https:\\\/\\\/wawp.pl\\\/prezenty\\\/wp-content\\\/uploads\\\/2023\\\/09\\\/costa-blanca-zestaw-prezentowy-z-alkoholem-wino-hiszpanskie-wytrawne-tempranillo.png\",\"datePublished\":\"2023-09-08T13:51:08+00:00\",\"dateModified\":\"2024-12-13T13:26:46+00:00\",\"description\":\"Zobacz produkt: Costa Blanca Zestaw prezentowy z alkoholem - Wino hiszpa\u0144skie wytrawne Tempranillo - dost\u0119pny online na Whisky and Wine Place wawp.pl\\\/prezenty !\",\"breadcrumb\":{\"@id\":\"https:\\\/\\\/wawp.pl\\\/prezenty\\\/produkt\\\/costa-blanca-zestaw-prezentowy-z-alkoholem-wino-hiszpanskie-wytrawne-tempranillo\\\/#breadcrumb\"},\"inLanguage\":\"pl-PL\",\"potentialAction\":[{\"@type\":\"ReadAction\",\"target\":[\"https:\\\/\\\/wawp.pl\\\/prezenty\\\/produkt\\\/costa-blanca-zestaw-prezentowy-z-alkoholem-wino-hiszpanskie-wytrawne-tempranillo\\\/\"]}]},{\"@type\":\"ImageObject\",\"inLanguage\":\"pl-PL\",\"@id\":\"https:\\\/\\\/wawp.pl\\\/prezenty\\\/produkt\\\/costa-blanca-zestaw-prezentowy-z-alkoholem-wino-hiszpanskie-wytrawne-tempranillo\\\/#primaryimage\",\"url\":\"https:\\\/\\\/wawp.pl\\\/prezenty\\\/wp-content\\\/uploads\\\/2023\\\/09\\\/costa-blanca-zestaw-prezentowy-z-alkoholem-wino-hiszpanskie-wytrawne-tempranillo.png\",\"contentUrl\":\"https:\\\/\\\/wawp.pl\\\/prezenty\\\/wp-content\\\/uploads\\\/2023\\\/09\\\/costa-blanca-zestaw-prezentowy-z-alkoholem-wino-hiszpanskie-wytrawne-tempranillo.png\",\"width\":1200,\"height\":1260},{\"@type\":\"BreadcrumbList\",\"@id\":\"https:\\\/\\\/wawp.pl\\\/prezenty\\\/produkt\\\/costa-blanca-zestaw-prezentowy-z-alkoholem-wino-hiszpanskie-wytrawne-tempranillo\\\/#breadcrumb\",\"itemListElement\":[{\"@type\":\"ListItem\",\"position\":1,\"name\":\"Strona g\u0142\u00f3wna\",\"item\":\"https:\\\/\\\/wawp.pl\\\/prezenty\\\/\"},{\"@type\":\"ListItem\",\"position\":2,\"name\":\"Shop\",\"item\":\"https:\\\/\\\/wawp.pl\\\/prezenty\\\/shop\\\/\"},{\"@type\":\"ListItem\",\"position\":3,\"name\":\"Costa Blanca\"}]},{\"@type\":\"WebSite\",\"@id\":\"https:\\\/\\\/wawp.pl\\\/prezenty\\\/#website\",\"url\":\"https:\\\/\\\/wawp.pl\\\/prezenty\\\/\",\"name\":\"Zestawy \u015awi\u0105teczne\",\"description\":\"Kosze \u015awi\u0105teczne, Podarunkowe, Prezentowe\",\"publisher\":{\"@id\":\"https:\\\/\\\/wawp.pl\\\/prezenty\\\/#organization\"},\"potentialAction\":[{\"@type\":\"SearchAction\",\"target\":{\"@type\":\"EntryPoint\",\"urlTemplate\":\"https:\\\/\\\/wawp.pl\\\/prezenty\\\/?s={search_term_string}\"},\"query-input\":{\"@type\":\"PropertyValueSpecification\",\"valueRequired\":true,\"valueName\":\"search_term_string\"}}],\"inLanguage\":\"pl-PL\"},{\"@type\":\"Organization\",\"@id\":\"https:\\\/\\\/wawp.pl\\\/prezenty\\\/#organization\",\"name\":\"Zestawy \u015awi\u0105teczne\",\"url\":\"https:\\\/\\\/wawp.pl\\\/prezenty\\\/\",\"logo\":{\"@type\":\"ImageObject\",\"inLanguage\":\"pl-PL\",\"@id\":\"https:\\\/\\\/wawp.pl\\\/prezenty\\\/#\\\/schema\\\/logo\\\/image\\\/\",\"url\":\"https:\\\/\\\/wawp.pl\\\/prezenty\\\/wp-content\\\/uploads\\\/2021\\\/11\\\/cropped-logo.png\",\"contentUrl\":\"https:\\\/\\\/wawp.pl\\\/prezenty\\\/wp-content\\\/uploads\\\/2021\\\/11\\\/cropped-logo.png\",\"width\":360,\"height\":137,\"caption\":\"Zestawy \u015awi\u0105teczne\"},\"image\":{\"@id\":\"https:\\\/\\\/wawp.pl\\\/prezenty\\\/#\\\/schema\\\/logo\\\/image\\\/\"}}]}<\/script>\n<!-- \/ Yoast SEO plugin. -->","yoast_head_json":{"title":"Costa Blanca: Zestaw prezentowy z alkoholem - Wino hiszpa\u0144skie wytrawne Tempranillo | Zestawy \u015awi\u0105teczne","description":"Zobacz produkt: Costa Blanca Zestaw prezentowy z alkoholem - Wino hiszpa\u0144skie wytrawne Tempranillo - dost\u0119pny online na Whisky and Wine Place wawp.pl\/prezenty !","robots":{"index":"index","follow":"follow","max-snippet":"max-snippet:-1","max-image-preview":"max-image-preview:large","max-video-preview":"max-video-preview:-1"},"canonical":"https:\/\/wawp.pl\/prezenty\/produkt\/costa-blanca-zestaw-prezentowy-z-alkoholem-wino-hiszpanskie-wytrawne-tempranillo\/","og_locale":"pl_PL","og_type":"article","og_title":"Costa Blanca: Zestaw prezentowy z alkoholem - Wino hiszpa\u0144skie wytrawne Tempranillo | Zestawy \u015awi\u0105teczne","og_description":"Zobacz produkt: Costa Blanca Zestaw prezentowy z alkoholem - Wino hiszpa\u0144skie wytrawne Tempranillo - dost\u0119pny online na Whisky and Wine Place wawp.pl\/prezenty !","og_url":"https:\/\/wawp.pl\/prezenty\/produkt\/costa-blanca-zestaw-prezentowy-z-alkoholem-wino-hiszpanskie-wytrawne-tempranillo\/","og_site_name":"Zestawy \u015awi\u0105teczne","article_modified_time":"2024-12-13T13:26:46+00:00","og_image":[{"width":1200,"height":1260,"url":"https:\/\/wawp.pl\/prezenty\/wp-content\/uploads\/2023\/09\/costa-blanca-zestaw-prezentowy-z-alkoholem-wino-hiszpanskie-wytrawne-tempranillo.png","type":"image\/png"}],"twitter_card":"summary_large_image","schema":{"@context":"https:\/\/schema.org","@graph":[{"@type":"WebPage","@id":"https:\/\/wawp.pl\/prezenty\/produkt\/costa-blanca-zestaw-prezentowy-z-alkoholem-wino-hiszpanskie-wytrawne-tempranillo\/","url":"https:\/\/wawp.pl\/prezenty\/produkt\/costa-blanca-zestaw-prezentowy-z-alkoholem-wino-hiszpanskie-wytrawne-tempranillo\/","name":"Costa Blanca: Zestaw prezentowy z alkoholem - Wino hiszpa\u0144skie wytrawne Tempranillo | Zestawy \u015awi\u0105teczne","isPartOf":{"@id":"https:\/\/wawp.pl\/prezenty\/#website"},"primaryImageOfPage":{"@id":"https:\/\/wawp.pl\/prezenty\/produkt\/costa-blanca-zestaw-prezentowy-z-alkoholem-wino-hiszpanskie-wytrawne-tempranillo\/#primaryimage"},"image":{"@id":"https:\/\/wawp.pl\/prezenty\/produkt\/costa-blanca-zestaw-prezentowy-z-alkoholem-wino-hiszpanskie-wytrawne-tempranillo\/#primaryimage"},"thumbnailUrl":"https:\/\/wawp.pl\/prezenty\/wp-content\/uploads\/2023\/09\/costa-blanca-zestaw-prezentowy-z-alkoholem-wino-hiszpanskie-wytrawne-tempranillo.png","datePublished":"2023-09-08T13:51:08+00:00","dateModified":"2024-12-13T13:26:46+00:00","description":"Zobacz produkt: Costa Blanca Zestaw prezentowy z alkoholem - Wino hiszpa\u0144skie wytrawne Tempranillo - dost\u0119pny online na Whisky and Wine Place wawp.pl\/prezenty !","breadcrumb":{"@id":"https:\/\/wawp.pl\/prezenty\/produkt\/costa-blanca-zestaw-prezentowy-z-alkoholem-wino-hiszpanskie-wytrawne-tempranillo\/#breadcrumb"},"inLanguage":"pl-PL","potentialAction":[{"@type":"ReadAction","target":["https:\/\/wawp.pl\/prezenty\/produkt\/costa-blanca-zestaw-prezentowy-z-alkoholem-wino-hiszpanskie-wytrawne-tempranillo\/"]}]},{"@type":"ImageObject","inLanguage":"pl-PL","@id":"https:\/\/wawp.pl\/prezenty\/produkt\/costa-blanca-zestaw-prezentowy-z-alkoholem-wino-hiszpanskie-wytrawne-tempranillo\/#primaryimage","url":"https:\/\/wawp.pl\/prezenty\/wp-content\/uploads\/2023\/09\/costa-blanca-zestaw-prezentowy-z-alkoholem-wino-hiszpanskie-wytrawne-tempranillo.png","contentUrl":"https:\/\/wawp.pl\/prezenty\/wp-content\/uploads\/2023\/09\/costa-blanca-zestaw-prezentowy-z-alkoholem-wino-hiszpanskie-wytrawne-tempranillo.png","width":1200,"height":1260},{"@type":"BreadcrumbList","@id":"https:\/\/wawp.pl\/prezenty\/produkt\/costa-blanca-zestaw-prezentowy-z-alkoholem-wino-hiszpanskie-wytrawne-tempranillo\/#breadcrumb","itemListElement":[{"@type":"ListItem","position":1,"name":"Strona g\u0142\u00f3wna","item":"https:\/\/wawp.pl\/prezenty\/"},{"@type":"ListItem","position":2,"name":"Shop","item":"https:\/\/wawp.pl\/prezenty\/shop\/"},{"@type":"ListItem","position":3,"name":"Costa Blanca"}]},{"@type":"WebSite","@id":"https:\/\/wawp.pl\/prezenty\/#website","url":"https:\/\/wawp.pl\/prezenty\/","name":"Zestawy \u015awi\u0105teczne","description":"Kosze \u015awi\u0105teczne, Podarunkowe, Prezentowe","publisher":{"@id":"https:\/\/wawp.pl\/prezenty\/#organization"},"potentialAction":[{"@type":"SearchAction","target":{"@type":"EntryPoint","urlTemplate":"https:\/\/wawp.pl\/prezenty\/?s={search_term_string}"},"query-input":{"@type":"PropertyValueSpecification","valueRequired":true,"valueName":"search_term_string"}}],"inLanguage":"pl-PL"},{"@type":"Organization","@id":"https:\/\/wawp.pl\/prezenty\/#organization","name":"Zestawy \u015awi\u0105teczne","url":"https:\/\/wawp.pl\/prezenty\/","logo":{"@type":"ImageObject","inLanguage":"pl-PL","@id":"https:\/\/wawp.pl\/prezenty\/#\/schema\/logo\/image\/","url":"https:\/\/wawp.pl\/prezenty\/wp-content\/uploads\/2021\/11\/cropped-logo.png","contentUrl":"https:\/\/wawp.pl\/prezenty\/wp-content\/uploads\/2021\/11\/cropped-logo.png","width":360,"height":137,"caption":"Zestawy \u015awi\u0105teczne"},"image":{"@id":"https:\/\/wawp.pl\/prezenty\/#\/schema\/logo\/image\/"}}]}},"_links":{"self":[{"href":"https:\/\/wawp.pl\/prezenty\/wp-json\/wp\/v2\/product\/2346","targetHints":{"allow":["GET"]}}],"collection":[{"href":"https:\/\/wawp.pl\/prezenty\/wp-json\/wp\/v2\/product"}],"about":[{"href":"https:\/\/wawp.pl\/prezenty\/wp-json\/wp\/v2\/types\/product"}],"wp:featuredmedia":[{"embeddable":true,"href":"https:\/\/wawp.pl\/prezenty\/wp-json\/wp\/v2\/media\/2347"}],"wp:attachment":[{"href":"https:\/\/wawp.pl\/prezenty\/wp-json\/wp\/v2\/media?parent=2346"}],"wp:term":[{"taxonomy":"product_brand","embeddable":true,"href":"https:\/\/wawp.pl\/prezenty\/wp-json\/wp\/v2\/product_brand?post=2346"},{"taxonomy":"product_cat","embeddable":true,"href":"https:\/\/wawp.pl\/prezenty\/wp-json\/wp\/v2\/product_cat?post=2346"},{"taxonomy":"product_tag","embeddable":true,"href":"https:\/\/wawp.pl\/prezenty\/wp-json\/wp\/v2\/product_tag?post=2346"}],"curies":[{"name":"wp","href":"https:\/\/api.w.org\/{rel}","templated":true}]}}