{"id":2328,"date":"2023-09-07T17:19:24","date_gmt":"2023-09-07T17:19:24","guid":{"rendered":"https:\/\/wawp.pl\/prezenty\/?post_type=product&#038;p=2328"},"modified":"2024-12-13T13:26:46","modified_gmt":"2024-12-13T13:26:46","slug":"don-kichot-zestaw-prezentowy-z-alkoholem-wina-hiszpanskie-cava-tempranillo-wytrawne-slodycze","status":"publish","type":"product","link":"https:\/\/wawp.pl\/prezenty\/produkt\/don-kichot-zestaw-prezentowy-z-alkoholem-wina-hiszpanskie-cava-tempranillo-wytrawne-slodycze\/","title":{"rendered":"Don Kichot"},"content":{"rendered":"","protected":false},"excerpt":{"rendered":"<p id=\"E49\" class=\"x-scope qowt-word-para-0\"><span id=\"E50\">Zestaw upominkowy <\/span><span id=\"E51\"><strong>Don Kichot<\/strong> sprawdzi si\u0119 idealnie jako prezent na p\u0119pkowe. Zawiera a\u017c dwa znakomite wina w tym jedno musuj\u0105ce co sprzyja uroczystemu przywitaniu nowonarodzonego strza\u0142em z korka. Zestaw zawiera tak\u017ce mnogo\u015b\u0107 delikates\u00f3w dla \u015bwie\u017co upieczonych rodzic\u00f3w. <\/span><\/p>\n<p id=\"E52\" class=\"x-scope qowt-word-para-0\"><strong><span id=\"E56\">Terrabona<\/span><span id=\"E58\"> <\/span><span id=\"E60\">Brut<\/span><\/strong><span id=\"E62\"> to musuj\u0105ce wytrawne wino typu Cava. To wspania\u0142a alternatywa dla bardzo kosztownych Szampan\u00f3w gdy\u017c jest produkowane takimi samymi metodami jak Szampan i prezentuje podobne walory smakowe przy zachowaniu ni\u017cszej ceny. W aromacie bia\u0142e owoce, kwiaty i dro\u017cd\u017cowe bu\u0142eczki. W smaku perliste i orze\u017awiaj\u0105ce. 0,7L<\/span><\/p>\n<p id=\"E63\" class=\"x-scope qowt-word-para-0\"><strong><span id=\"E65\">Primiera<\/span><\/strong><span id=\"E67\"><strong> Luna<\/strong> to wytrawne, czerwone wino ze s\u0142onecznej Hiszpanii. Jest mieszank\u0105 szczep\u00f3w winogron <\/span><span id=\"E69\">Tempranillo<\/span><span id=\"E71\"> oraz <\/span><span id=\"E73\">Syrah<\/span><span id=\"E75\">. Dzi\u0119ki takiemu po\u0142\u0105czeniu wino jest jednocze\u015bnie soczyste i owocowe, a tak\u017ce mocno skoncentrowane i bogate w akcenty przypraw korzennych. 0,7L<\/span><\/p>\n<p id=\"E76\" class=\"x-scope qowt-word-para-0\"><strong><span id=\"E78\">Cupido<\/span><span id=\"E80\"> <\/span><span id=\"E82\">Choco<\/span><span id=\"E84\"> <\/span><span id=\"E86\">Delicata&#8217;s<\/span><span id=\"E88\"> Dark <\/span><\/strong><span id=\"E89\">to<\/span><span id=\"E90\"> paluszki z ciemnej czekolady<\/span><span id=\"E91\">. Idealne jako dodatek do kawy lub ciast. 75g<\/span><\/p>\n<p id=\"E92\" class=\"x-scope qowt-word-para-0\"><span id=\"E93\"><strong>Merci<\/strong> to zestaw ma\u0142ych sztabek z mlecznej czekolady kt\u00f3rych raczej nikomu nie trzeba przedstawia\u0107. Znakomita propozycja wyra\u017caj\u0105ca podzi\u0119kowanie poprzez sam\u0105 swoj\u0105 nazw\u0119 zaczerpni\u0119ta z j\u0119zyka francuskiego. Tu w wersji kolorystycznie dopasowanej do ca\u0142ego zestawu prezentowego. 250g<\/span><\/p>\n<p id=\"E94\" class=\"x-scope qowt-word-para-0\"><span id=\"E95\"><strong>Torcik Wedlowski<\/strong> to polska klasyka wchodz\u0105ca w sk\u0142ad wszelkich zestaw\u00f3w prezentowych od wielu lat. Wr\u0119czaj\u0105c ten wype\u0142niony czekoladowym nadzieniem i oblany mleczn\u0105 czekolad\u0105, s\u0142usznych rozmiar\u00f3w okr\u0105g nie pozostawiamy w\u0105tpliwo\u015bci o naszej sympatii do obdarowanego. 250g<\/span><\/p>\n<p id=\"E96\" class=\"x-scope qowt-word-para-0\"><strong><span id=\"E98\">Carletti<\/span><span id=\"E100\"> <\/span><span id=\"E102\">Delight<\/span><\/strong><span id=\"E104\"> to mieszanka orzech\u00f3w laskowych oblanych czekolad\u0105 deserow\u0105 i mleczn\u0105. Doskonale koresponduj\u0105 z aromatem i smakiem trunku w zestawie. 62g<\/span><\/p>\n<p id=\"E105\" class=\"x-scope qowt-word-para-0\"><span id=\"E106\">Opakowanie to mi\u0142e dla oka i dotyku tekturowe pude\u0142ko. Mi\u0119kka i estetyczna wy\u015bci\u00f3\u0142ka zapewnia bezpiecze\u0144stwo szklanym elementom zestawu. Wieko pude\u0142ka przewi\u0105zane nawi\u0105zuj\u0105c\u0105 do kolorystyki zestawu wst\u0105\u017ck\u0105. Ca\u0142o\u015b\u0107 przyjazna \u015brodowisku i podlegaj\u0105ca recyklingowi.<\/span><\/p>\n","protected":false},"featured_media":2329,"template":"","meta":{"_acf_changed":false},"product_brand":[],"product_cat":[33],"product_tag":[],"class_list":{"0":"post-2328","1":"product","2":"type-product","3":"status-publish","4":"has-post-thumbnail","6":"product_cat-zestawy-upominkowe","8":"first","9":"outofstock","10":"purchasable","11":"product-type-simple"},"acf":[],"yoast_head":"<!-- This site is optimized with the Yoast SEO plugin v27.3 - https:\/\/yoast.com\/product\/yoast-seo-wordpress\/ -->\n<title>Don Kichot: Zestaw prezentowy z alkoholem - Wina hiszpa\u0144skie cava tempranillo wytrawne s\u0142odycze | Zestawy \u015awi\u0105teczne<\/title>\n<meta name=\"description\" content=\"Zobacz produkt: Don Kichot Zestaw prezentowy z alkoholem - Wina hiszpa\u0144skie cava tempranillo wytrawne s\u0142odycze - dost\u0119pny online na Whisky and Wine Place wawp.pl\/prezenty !\" \/>\n<meta name=\"robots\" content=\"index, follow, max-snippet:-1, max-image-preview:large, max-video-preview:-1\" \/>\n<link rel=\"canonical\" href=\"https:\/\/wawp.pl\/prezenty\/produkt\/don-kichot-zestaw-prezentowy-z-alkoholem-wina-hiszpanskie-cava-tempranillo-wytrawne-slodycze\/\" \/>\n<meta property=\"og:locale\" content=\"pl_PL\" \/>\n<meta property=\"og:type\" content=\"article\" \/>\n<meta property=\"og:title\" content=\"Don Kichot: Zestaw prezentowy z alkoholem - Wina hiszpa\u0144skie cava tempranillo wytrawne s\u0142odycze | Zestawy \u015awi\u0105teczne\" \/>\n<meta property=\"og:description\" content=\"Zobacz produkt: Don Kichot Zestaw prezentowy z alkoholem - Wina hiszpa\u0144skie cava tempranillo wytrawne s\u0142odycze - dost\u0119pny online na Whisky and Wine Place wawp.pl\/prezenty !\" \/>\n<meta property=\"og:url\" content=\"https:\/\/wawp.pl\/prezenty\/produkt\/don-kichot-zestaw-prezentowy-z-alkoholem-wina-hiszpanskie-cava-tempranillo-wytrawne-slodycze\/\" \/>\n<meta property=\"og:site_name\" content=\"Zestawy \u015awi\u0105teczne\" \/>\n<meta property=\"article:modified_time\" content=\"2024-12-13T13:26:46+00:00\" \/>\n<meta property=\"og:image\" content=\"https:\/\/wawp.pl\/prezenty\/wp-content\/uploads\/2023\/09\/don-kichot-zestaw-prezentowy-z-alkoholem-wina-hiszpanskie-cava-tempranillo-wytrawne-slodycze.png\" \/>\n\t<meta property=\"og:image:width\" content=\"1200\" \/>\n\t<meta property=\"og:image:height\" content=\"1260\" \/>\n\t<meta property=\"og:image:type\" content=\"image\/png\" \/>\n<meta name=\"twitter:card\" content=\"summary_large_image\" \/>\n<script type=\"application\/ld+json\" class=\"yoast-schema-graph\">{\"@context\":\"https:\\\/\\\/schema.org\",\"@graph\":[{\"@type\":\"WebPage\",\"@id\":\"https:\\\/\\\/wawp.pl\\\/prezenty\\\/produkt\\\/don-kichot-zestaw-prezentowy-z-alkoholem-wina-hiszpanskie-cava-tempranillo-wytrawne-slodycze\\\/\",\"url\":\"https:\\\/\\\/wawp.pl\\\/prezenty\\\/produkt\\\/don-kichot-zestaw-prezentowy-z-alkoholem-wina-hiszpanskie-cava-tempranillo-wytrawne-slodycze\\\/\",\"name\":\"Don Kichot: Zestaw prezentowy z alkoholem - Wina hiszpa\u0144skie cava tempranillo wytrawne s\u0142odycze | Zestawy \u015awi\u0105teczne\",\"isPartOf\":{\"@id\":\"https:\\\/\\\/wawp.pl\\\/prezenty\\\/#website\"},\"primaryImageOfPage\":{\"@id\":\"https:\\\/\\\/wawp.pl\\\/prezenty\\\/produkt\\\/don-kichot-zestaw-prezentowy-z-alkoholem-wina-hiszpanskie-cava-tempranillo-wytrawne-slodycze\\\/#primaryimage\"},\"image\":{\"@id\":\"https:\\\/\\\/wawp.pl\\\/prezenty\\\/produkt\\\/don-kichot-zestaw-prezentowy-z-alkoholem-wina-hiszpanskie-cava-tempranillo-wytrawne-slodycze\\\/#primaryimage\"},\"thumbnailUrl\":\"https:\\\/\\\/wawp.pl\\\/prezenty\\\/wp-content\\\/uploads\\\/2023\\\/09\\\/don-kichot-zestaw-prezentowy-z-alkoholem-wina-hiszpanskie-cava-tempranillo-wytrawne-slodycze.png\",\"datePublished\":\"2023-09-07T17:19:24+00:00\",\"dateModified\":\"2024-12-13T13:26:46+00:00\",\"description\":\"Zobacz produkt: Don Kichot Zestaw prezentowy z alkoholem - Wina hiszpa\u0144skie cava tempranillo wytrawne s\u0142odycze - dost\u0119pny online na Whisky and Wine Place wawp.pl\\\/prezenty !\",\"breadcrumb\":{\"@id\":\"https:\\\/\\\/wawp.pl\\\/prezenty\\\/produkt\\\/don-kichot-zestaw-prezentowy-z-alkoholem-wina-hiszpanskie-cava-tempranillo-wytrawne-slodycze\\\/#breadcrumb\"},\"inLanguage\":\"pl-PL\",\"potentialAction\":[{\"@type\":\"ReadAction\",\"target\":[\"https:\\\/\\\/wawp.pl\\\/prezenty\\\/produkt\\\/don-kichot-zestaw-prezentowy-z-alkoholem-wina-hiszpanskie-cava-tempranillo-wytrawne-slodycze\\\/\"]}]},{\"@type\":\"ImageObject\",\"inLanguage\":\"pl-PL\",\"@id\":\"https:\\\/\\\/wawp.pl\\\/prezenty\\\/produkt\\\/don-kichot-zestaw-prezentowy-z-alkoholem-wina-hiszpanskie-cava-tempranillo-wytrawne-slodycze\\\/#primaryimage\",\"url\":\"https:\\\/\\\/wawp.pl\\\/prezenty\\\/wp-content\\\/uploads\\\/2023\\\/09\\\/don-kichot-zestaw-prezentowy-z-alkoholem-wina-hiszpanskie-cava-tempranillo-wytrawne-slodycze.png\",\"contentUrl\":\"https:\\\/\\\/wawp.pl\\\/prezenty\\\/wp-content\\\/uploads\\\/2023\\\/09\\\/don-kichot-zestaw-prezentowy-z-alkoholem-wina-hiszpanskie-cava-tempranillo-wytrawne-slodycze.png\",\"width\":1200,\"height\":1260},{\"@type\":\"BreadcrumbList\",\"@id\":\"https:\\\/\\\/wawp.pl\\\/prezenty\\\/produkt\\\/don-kichot-zestaw-prezentowy-z-alkoholem-wina-hiszpanskie-cava-tempranillo-wytrawne-slodycze\\\/#breadcrumb\",\"itemListElement\":[{\"@type\":\"ListItem\",\"position\":1,\"name\":\"Strona g\u0142\u00f3wna\",\"item\":\"https:\\\/\\\/wawp.pl\\\/prezenty\\\/\"},{\"@type\":\"ListItem\",\"position\":2,\"name\":\"Shop\",\"item\":\"https:\\\/\\\/wawp.pl\\\/prezenty\\\/shop\\\/\"},{\"@type\":\"ListItem\",\"position\":3,\"name\":\"Don Kichot\"}]},{\"@type\":\"WebSite\",\"@id\":\"https:\\\/\\\/wawp.pl\\\/prezenty\\\/#website\",\"url\":\"https:\\\/\\\/wawp.pl\\\/prezenty\\\/\",\"name\":\"Zestawy \u015awi\u0105teczne\",\"description\":\"Kosze \u015awi\u0105teczne, Podarunkowe, Prezentowe\",\"publisher\":{\"@id\":\"https:\\\/\\\/wawp.pl\\\/prezenty\\\/#organization\"},\"potentialAction\":[{\"@type\":\"SearchAction\",\"target\":{\"@type\":\"EntryPoint\",\"urlTemplate\":\"https:\\\/\\\/wawp.pl\\\/prezenty\\\/?s={search_term_string}\"},\"query-input\":{\"@type\":\"PropertyValueSpecification\",\"valueRequired\":true,\"valueName\":\"search_term_string\"}}],\"inLanguage\":\"pl-PL\"},{\"@type\":\"Organization\",\"@id\":\"https:\\\/\\\/wawp.pl\\\/prezenty\\\/#organization\",\"name\":\"Zestawy \u015awi\u0105teczne\",\"url\":\"https:\\\/\\\/wawp.pl\\\/prezenty\\\/\",\"logo\":{\"@type\":\"ImageObject\",\"inLanguage\":\"pl-PL\",\"@id\":\"https:\\\/\\\/wawp.pl\\\/prezenty\\\/#\\\/schema\\\/logo\\\/image\\\/\",\"url\":\"https:\\\/\\\/wawp.pl\\\/prezenty\\\/wp-content\\\/uploads\\\/2021\\\/11\\\/cropped-logo.png\",\"contentUrl\":\"https:\\\/\\\/wawp.pl\\\/prezenty\\\/wp-content\\\/uploads\\\/2021\\\/11\\\/cropped-logo.png\",\"width\":360,\"height\":137,\"caption\":\"Zestawy \u015awi\u0105teczne\"},\"image\":{\"@id\":\"https:\\\/\\\/wawp.pl\\\/prezenty\\\/#\\\/schema\\\/logo\\\/image\\\/\"}}]}<\/script>\n<!-- \/ Yoast SEO plugin. -->","yoast_head_json":{"title":"Don Kichot: Zestaw prezentowy z alkoholem - Wina hiszpa\u0144skie cava tempranillo wytrawne s\u0142odycze | Zestawy \u015awi\u0105teczne","description":"Zobacz produkt: Don Kichot Zestaw prezentowy z alkoholem - Wina hiszpa\u0144skie cava tempranillo wytrawne s\u0142odycze - dost\u0119pny online na Whisky and Wine Place wawp.pl\/prezenty !","robots":{"index":"index","follow":"follow","max-snippet":"max-snippet:-1","max-image-preview":"max-image-preview:large","max-video-preview":"max-video-preview:-1"},"canonical":"https:\/\/wawp.pl\/prezenty\/produkt\/don-kichot-zestaw-prezentowy-z-alkoholem-wina-hiszpanskie-cava-tempranillo-wytrawne-slodycze\/","og_locale":"pl_PL","og_type":"article","og_title":"Don Kichot: Zestaw prezentowy z alkoholem - Wina hiszpa\u0144skie cava tempranillo wytrawne s\u0142odycze | Zestawy \u015awi\u0105teczne","og_description":"Zobacz produkt: Don Kichot Zestaw prezentowy z alkoholem - Wina hiszpa\u0144skie cava tempranillo wytrawne s\u0142odycze - dost\u0119pny online na Whisky and Wine Place wawp.pl\/prezenty !","og_url":"https:\/\/wawp.pl\/prezenty\/produkt\/don-kichot-zestaw-prezentowy-z-alkoholem-wina-hiszpanskie-cava-tempranillo-wytrawne-slodycze\/","og_site_name":"Zestawy \u015awi\u0105teczne","article_modified_time":"2024-12-13T13:26:46+00:00","og_image":[{"width":1200,"height":1260,"url":"https:\/\/wawp.pl\/prezenty\/wp-content\/uploads\/2023\/09\/don-kichot-zestaw-prezentowy-z-alkoholem-wina-hiszpanskie-cava-tempranillo-wytrawne-slodycze.png","type":"image\/png"}],"twitter_card":"summary_large_image","schema":{"@context":"https:\/\/schema.org","@graph":[{"@type":"WebPage","@id":"https:\/\/wawp.pl\/prezenty\/produkt\/don-kichot-zestaw-prezentowy-z-alkoholem-wina-hiszpanskie-cava-tempranillo-wytrawne-slodycze\/","url":"https:\/\/wawp.pl\/prezenty\/produkt\/don-kichot-zestaw-prezentowy-z-alkoholem-wina-hiszpanskie-cava-tempranillo-wytrawne-slodycze\/","name":"Don Kichot: Zestaw prezentowy z alkoholem - Wina hiszpa\u0144skie cava tempranillo wytrawne s\u0142odycze | Zestawy \u015awi\u0105teczne","isPartOf":{"@id":"https:\/\/wawp.pl\/prezenty\/#website"},"primaryImageOfPage":{"@id":"https:\/\/wawp.pl\/prezenty\/produkt\/don-kichot-zestaw-prezentowy-z-alkoholem-wina-hiszpanskie-cava-tempranillo-wytrawne-slodycze\/#primaryimage"},"image":{"@id":"https:\/\/wawp.pl\/prezenty\/produkt\/don-kichot-zestaw-prezentowy-z-alkoholem-wina-hiszpanskie-cava-tempranillo-wytrawne-slodycze\/#primaryimage"},"thumbnailUrl":"https:\/\/wawp.pl\/prezenty\/wp-content\/uploads\/2023\/09\/don-kichot-zestaw-prezentowy-z-alkoholem-wina-hiszpanskie-cava-tempranillo-wytrawne-slodycze.png","datePublished":"2023-09-07T17:19:24+00:00","dateModified":"2024-12-13T13:26:46+00:00","description":"Zobacz produkt: Don Kichot Zestaw prezentowy z alkoholem - Wina hiszpa\u0144skie cava tempranillo wytrawne s\u0142odycze - dost\u0119pny online na Whisky and Wine Place wawp.pl\/prezenty !","breadcrumb":{"@id":"https:\/\/wawp.pl\/prezenty\/produkt\/don-kichot-zestaw-prezentowy-z-alkoholem-wina-hiszpanskie-cava-tempranillo-wytrawne-slodycze\/#breadcrumb"},"inLanguage":"pl-PL","potentialAction":[{"@type":"ReadAction","target":["https:\/\/wawp.pl\/prezenty\/produkt\/don-kichot-zestaw-prezentowy-z-alkoholem-wina-hiszpanskie-cava-tempranillo-wytrawne-slodycze\/"]}]},{"@type":"ImageObject","inLanguage":"pl-PL","@id":"https:\/\/wawp.pl\/prezenty\/produkt\/don-kichot-zestaw-prezentowy-z-alkoholem-wina-hiszpanskie-cava-tempranillo-wytrawne-slodycze\/#primaryimage","url":"https:\/\/wawp.pl\/prezenty\/wp-content\/uploads\/2023\/09\/don-kichot-zestaw-prezentowy-z-alkoholem-wina-hiszpanskie-cava-tempranillo-wytrawne-slodycze.png","contentUrl":"https:\/\/wawp.pl\/prezenty\/wp-content\/uploads\/2023\/09\/don-kichot-zestaw-prezentowy-z-alkoholem-wina-hiszpanskie-cava-tempranillo-wytrawne-slodycze.png","width":1200,"height":1260},{"@type":"BreadcrumbList","@id":"https:\/\/wawp.pl\/prezenty\/produkt\/don-kichot-zestaw-prezentowy-z-alkoholem-wina-hiszpanskie-cava-tempranillo-wytrawne-slodycze\/#breadcrumb","itemListElement":[{"@type":"ListItem","position":1,"name":"Strona g\u0142\u00f3wna","item":"https:\/\/wawp.pl\/prezenty\/"},{"@type":"ListItem","position":2,"name":"Shop","item":"https:\/\/wawp.pl\/prezenty\/shop\/"},{"@type":"ListItem","position":3,"name":"Don Kichot"}]},{"@type":"WebSite","@id":"https:\/\/wawp.pl\/prezenty\/#website","url":"https:\/\/wawp.pl\/prezenty\/","name":"Zestawy \u015awi\u0105teczne","description":"Kosze \u015awi\u0105teczne, Podarunkowe, Prezentowe","publisher":{"@id":"https:\/\/wawp.pl\/prezenty\/#organization"},"potentialAction":[{"@type":"SearchAction","target":{"@type":"EntryPoint","urlTemplate":"https:\/\/wawp.pl\/prezenty\/?s={search_term_string}"},"query-input":{"@type":"PropertyValueSpecification","valueRequired":true,"valueName":"search_term_string"}}],"inLanguage":"pl-PL"},{"@type":"Organization","@id":"https:\/\/wawp.pl\/prezenty\/#organization","name":"Zestawy \u015awi\u0105teczne","url":"https:\/\/wawp.pl\/prezenty\/","logo":{"@type":"ImageObject","inLanguage":"pl-PL","@id":"https:\/\/wawp.pl\/prezenty\/#\/schema\/logo\/image\/","url":"https:\/\/wawp.pl\/prezenty\/wp-content\/uploads\/2021\/11\/cropped-logo.png","contentUrl":"https:\/\/wawp.pl\/prezenty\/wp-content\/uploads\/2021\/11\/cropped-logo.png","width":360,"height":137,"caption":"Zestawy \u015awi\u0105teczne"},"image":{"@id":"https:\/\/wawp.pl\/prezenty\/#\/schema\/logo\/image\/"}}]}},"_links":{"self":[{"href":"https:\/\/wawp.pl\/prezenty\/wp-json\/wp\/v2\/product\/2328","targetHints":{"allow":["GET"]}}],"collection":[{"href":"https:\/\/wawp.pl\/prezenty\/wp-json\/wp\/v2\/product"}],"about":[{"href":"https:\/\/wawp.pl\/prezenty\/wp-json\/wp\/v2\/types\/product"}],"wp:featuredmedia":[{"embeddable":true,"href":"https:\/\/wawp.pl\/prezenty\/wp-json\/wp\/v2\/media\/2329"}],"wp:attachment":[{"href":"https:\/\/wawp.pl\/prezenty\/wp-json\/wp\/v2\/media?parent=2328"}],"wp:term":[{"taxonomy":"product_brand","embeddable":true,"href":"https:\/\/wawp.pl\/prezenty\/wp-json\/wp\/v2\/product_brand?post=2328"},{"taxonomy":"product_cat","embeddable":true,"href":"https:\/\/wawp.pl\/prezenty\/wp-json\/wp\/v2\/product_cat?post=2328"},{"taxonomy":"product_tag","embeddable":true,"href":"https:\/\/wawp.pl\/prezenty\/wp-json\/wp\/v2\/product_tag?post=2328"}],"curies":[{"name":"wp","href":"https:\/\/api.w.org\/{rel}","templated":true}]}}