{"id":2264,"date":"2023-09-01T12:24:33","date_gmt":"2023-09-01T12:24:33","guid":{"rendered":"https:\/\/wawp.pl\/prezenty\/?post_type=product&#038;p=2264"},"modified":"2024-12-13T13:26:46","modified_gmt":"2024-12-13T13:26:46","slug":"bezalkoholowa-jesien-zestaw-prezentowy-ze-slodyczami-slodycze-kraftowe-zestaw-bezalkoholowy","status":"publish","type":"product","link":"https:\/\/wawp.pl\/prezenty\/produkt\/bezalkoholowa-jesien-zestaw-prezentowy-ze-slodyczami-slodycze-kraftowe-zestaw-bezalkoholowy\/","title":{"rendered":"Bezalkoholowa jesie\u0144"},"content":{"rendered":"","protected":false},"excerpt":{"rendered":"<p id=\"E49\" class=\"x-scope qowt-word-para-0\"><span id=\"E50\">Kosz upominkowy <strong>Bezalkoholowa jesie\u0144<\/strong> to pomys\u0142 na elegancki prezent dla nauczyciela. Zestaw podarunkowy zawiera mn\u00f3stwo naturalnych delikates\u00f3w<\/span><span id=\"E51\"> z polskich i zagranicznych manufaktur. Dzi\u0119ki braku obecno\u015bci alkoholu \u015bwietnie nadaje si\u0119 na prezent dla os\u00f3b kt\u00f3rym nie wypada wr\u0119cza\u0107 trunk\u00f3w wyskokowych. <\/span><\/p>\n<p id=\"E52\" class=\"x-scope qowt-word-para-0\"><span id=\"E55\"><strong>Czekolada z rzemie\u015blniczej pasieki \u0141yso\u0144<\/strong> z dodatkiem miodu gryczanego i orzech\u00f3w w\u0142oskich<\/span><span id=\"E56\">.<\/span><span id=\"E57\"> 110g <\/span><\/p>\n<p id=\"E58\" class=\"x-scope qowt-word-para-0\"><span id=\"E59\"><strong>Zestaw przetwor\u00f3w z pasieki \u0141yso\u0144<\/strong> w czterech s\u0142oiczkach o wielu kulinarnych zastosowaniach. W \u015br\u00f3d nich przepyszne powid\u0142a truskawkowe i \u015bliwkowe oraz kremy arachidowy i czekoladowy. 4x50g<\/span><\/p>\n<p id=\"E60\" class=\"x-scope qowt-word-para-0\"><span id=\"E61\"><strong>\u0141yso\u0144<\/strong> to naturalny mi\u00f3d pszczeli, wielokwiatowy. Pochodzi z ma\u0142ej rodzinnej pasieki i proces jego produkcji jest w 100% r\u0119czny. To uniwersalny dodatek do wielu potraw i napoj\u00f3w, a tak\u017ce lekarstwo na przezi\u0119bienia. 250g<\/span><\/p>\n<p id=\"E62\" class=\"x-scope qowt-word-para-0\"><strong><span id=\"E63\">Suszone wi\u015bnie <\/span><span id=\"E65\">Cherry<\/span><span id=\"E67\"> <\/span><span id=\"E69\">Tree<\/span><\/strong><span id=\"E71\"> to naturalne owoce niepoddane \u017cadnym dodatkowym procesom utrwalania z wyj\u0105tkiem suszenia. Ca\u0142e owoce zachowuj\u0105 pe\u0142nie swoich prozdrowotnych w\u0142a\u015bciwo\u015bci. \u015awietnie nadaj\u0105 si\u0119 jako samodzielna przek\u0105ska lub dodatek do ciast i deser\u00f3w. 115g<\/span><\/p>\n<p id=\"E72\" class=\"x-scope qowt-word-para-0\"><strong><span id=\"E74\">Ginger<\/span><span id=\"E76\"> <\/span><span id=\"E78\">Snaps<\/span><span id=\"E80\"> <\/span><span id=\"E82\">Almond<\/span><\/strong><span id=\"E84\"> to kruche szwedzkie ciasteczka o aromacie imbiru i migda\u0142\u00f3w. Znakomite do herbaty lub kawy. 150g<\/span><\/p>\n<p id=\"E85\" class=\"x-scope qowt-word-para-0\"><strong><span id=\"E86\">Dolce Vita <\/span><\/strong><span id=\"E87\">to nugatowy baton ze s\u0142onym karmelem. Dzi\u0119ki po\u0142\u0105czeniu tradycji i nowoczesnych metod produkcji zachowuje mi\u0119kk\u0105 konsystencje prze\u0142aman\u0105 przyjemn\u0105 chrupko\u015bci\u0105. 100g<\/span><\/p>\n<p id=\"E88\" class=\"x-scope qowt-word-para-0\"><strong><span id=\"E90\">Rabitos<\/span><span id=\"E92\"> <\/span><span id=\"E94\">Royale<\/span><\/strong><span id=\"E96\"> to figi w belgijskiej czekoladzie uznawane za jeden z najwykwintniejszych przysmak\u00f3w na \u015bwiecie. 47g<\/span><\/p>\n<p id=\"E97\" class=\"x-scope qowt-word-para-0\"><span id=\"E98\"><strong>Trufle miodowe<\/strong> to zestaw dziewi\u0119ciu czekoladowych kul z dodatkiem naturalnego miodu z rzemie\u015blniczej pasieki \u0141yso\u0144. Praliny posiadaj\u0105 r\u00f3\u017cne rodzaje posypki. 170g<\/span><\/p>\n<p id=\"E99\" class=\"x-scope qowt-word-para-0\"><span id=\"E100\">Opakowanie to mi\u0142e dla oka i dotyku tekturowe pude\u0142ko. Mi\u0119kka i estetyczna wy\u015bci\u00f3\u0142ka zapewnia bezpiecze\u0144stwo szklanym elementom zestawu. Wieko pude\u0142ka przewi\u0105zane nawi\u0105zuj\u0105c\u0105 do kolorystyki zestawu wst\u0105\u017ck\u0105. Ca\u0142o\u015b\u0107 przyjazna \u015brodowisku i podlegaj\u0105ca recyklingowi.<\/span><\/p>\n","protected":false},"featured_media":2107,"template":"","meta":{"_acf_changed":false},"product_brand":[],"product_cat":[33],"product_tag":[],"class_list":{"0":"post-2264","1":"product","2":"type-product","3":"status-publish","4":"has-post-thumbnail","6":"product_cat-zestawy-upominkowe","8":"first","9":"outofstock","10":"featured","11":"purchasable","12":"product-type-simple"},"acf":[],"yoast_head":"<!-- This site is optimized with the Yoast SEO plugin v27.3 - https:\/\/yoast.com\/product\/yoast-seo-wordpress\/ -->\n<title>Bezalkoholowa jesie\u0144: Zestaw prezentowy ze s\u0142odyczami - S\u0142odycze kraftowe zestaw bezalkoholowy | Zestawy \u015awi\u0105teczne<\/title>\n<meta name=\"description\" content=\"Zobacz produkt: Bezalkoholowa jesie\u0144 Zestaw prezentowy ze s\u0142odyczami - S\u0142odycze kraftowe zestaw bezalkoholowy - dost\u0119pny online na Whisky and Wine Place wawp.pl\/prezenty !\" \/>\n<meta name=\"robots\" content=\"index, follow, max-snippet:-1, max-image-preview:large, max-video-preview:-1\" \/>\n<link rel=\"canonical\" href=\"https:\/\/wawp.pl\/prezenty\/produkt\/bezalkoholowa-jesien-zestaw-prezentowy-ze-slodyczami-slodycze-kraftowe-zestaw-bezalkoholowy\/\" \/>\n<meta property=\"og:locale\" content=\"pl_PL\" \/>\n<meta property=\"og:type\" content=\"article\" \/>\n<meta property=\"og:title\" content=\"Bezalkoholowa jesie\u0144: Zestaw prezentowy ze s\u0142odyczami - S\u0142odycze kraftowe zestaw bezalkoholowy | Zestawy \u015awi\u0105teczne\" \/>\n<meta property=\"og:description\" content=\"Zobacz produkt: Bezalkoholowa jesie\u0144 Zestaw prezentowy ze s\u0142odyczami - S\u0142odycze kraftowe zestaw bezalkoholowy - dost\u0119pny online na Whisky and Wine Place wawp.pl\/prezenty !\" \/>\n<meta property=\"og:url\" content=\"https:\/\/wawp.pl\/prezenty\/produkt\/bezalkoholowa-jesien-zestaw-prezentowy-ze-slodyczami-slodycze-kraftowe-zestaw-bezalkoholowy\/\" \/>\n<meta property=\"og:site_name\" content=\"Zestawy \u015awi\u0105teczne\" \/>\n<meta property=\"article:modified_time\" content=\"2024-12-13T13:26:46+00:00\" \/>\n<meta property=\"og:image\" content=\"https:\/\/wawp.pl\/prezenty\/wp-content\/uploads\/2023\/07\/Bezalkoholowa-jesien-Zestaw-prezentowy-ze-slodyczami-Slodycze-kraftowe-zestaw-bezalkoholowy.png\" \/>\n\t<meta property=\"og:image:width\" content=\"1200\" \/>\n\t<meta property=\"og:image:height\" content=\"1260\" \/>\n\t<meta property=\"og:image:type\" content=\"image\/png\" \/>\n<meta name=\"twitter:card\" content=\"summary_large_image\" \/>\n<script type=\"application\/ld+json\" class=\"yoast-schema-graph\">{\"@context\":\"https:\\\/\\\/schema.org\",\"@graph\":[{\"@type\":\"WebPage\",\"@id\":\"https:\\\/\\\/wawp.pl\\\/prezenty\\\/produkt\\\/bezalkoholowa-jesien-zestaw-prezentowy-ze-slodyczami-slodycze-kraftowe-zestaw-bezalkoholowy\\\/\",\"url\":\"https:\\\/\\\/wawp.pl\\\/prezenty\\\/produkt\\\/bezalkoholowa-jesien-zestaw-prezentowy-ze-slodyczami-slodycze-kraftowe-zestaw-bezalkoholowy\\\/\",\"name\":\"Bezalkoholowa jesie\u0144: Zestaw prezentowy ze s\u0142odyczami - S\u0142odycze kraftowe zestaw bezalkoholowy | Zestawy \u015awi\u0105teczne\",\"isPartOf\":{\"@id\":\"https:\\\/\\\/wawp.pl\\\/prezenty\\\/#website\"},\"primaryImageOfPage\":{\"@id\":\"https:\\\/\\\/wawp.pl\\\/prezenty\\\/produkt\\\/bezalkoholowa-jesien-zestaw-prezentowy-ze-slodyczami-slodycze-kraftowe-zestaw-bezalkoholowy\\\/#primaryimage\"},\"image\":{\"@id\":\"https:\\\/\\\/wawp.pl\\\/prezenty\\\/produkt\\\/bezalkoholowa-jesien-zestaw-prezentowy-ze-slodyczami-slodycze-kraftowe-zestaw-bezalkoholowy\\\/#primaryimage\"},\"thumbnailUrl\":\"https:\\\/\\\/wawp.pl\\\/prezenty\\\/wp-content\\\/uploads\\\/2023\\\/07\\\/Bezalkoholowa-jesien-Zestaw-prezentowy-ze-slodyczami-Slodycze-kraftowe-zestaw-bezalkoholowy.png\",\"datePublished\":\"2023-09-01T12:24:33+00:00\",\"dateModified\":\"2024-12-13T13:26:46+00:00\",\"description\":\"Zobacz produkt: Bezalkoholowa jesie\u0144 Zestaw prezentowy ze s\u0142odyczami - S\u0142odycze kraftowe zestaw bezalkoholowy - dost\u0119pny online na Whisky and Wine Place wawp.pl\\\/prezenty !\",\"breadcrumb\":{\"@id\":\"https:\\\/\\\/wawp.pl\\\/prezenty\\\/produkt\\\/bezalkoholowa-jesien-zestaw-prezentowy-ze-slodyczami-slodycze-kraftowe-zestaw-bezalkoholowy\\\/#breadcrumb\"},\"inLanguage\":\"pl-PL\",\"potentialAction\":[{\"@type\":\"ReadAction\",\"target\":[\"https:\\\/\\\/wawp.pl\\\/prezenty\\\/produkt\\\/bezalkoholowa-jesien-zestaw-prezentowy-ze-slodyczami-slodycze-kraftowe-zestaw-bezalkoholowy\\\/\"]}]},{\"@type\":\"ImageObject\",\"inLanguage\":\"pl-PL\",\"@id\":\"https:\\\/\\\/wawp.pl\\\/prezenty\\\/produkt\\\/bezalkoholowa-jesien-zestaw-prezentowy-ze-slodyczami-slodycze-kraftowe-zestaw-bezalkoholowy\\\/#primaryimage\",\"url\":\"https:\\\/\\\/wawp.pl\\\/prezenty\\\/wp-content\\\/uploads\\\/2023\\\/07\\\/Bezalkoholowa-jesien-Zestaw-prezentowy-ze-slodyczami-Slodycze-kraftowe-zestaw-bezalkoholowy.png\",\"contentUrl\":\"https:\\\/\\\/wawp.pl\\\/prezenty\\\/wp-content\\\/uploads\\\/2023\\\/07\\\/Bezalkoholowa-jesien-Zestaw-prezentowy-ze-slodyczami-Slodycze-kraftowe-zestaw-bezalkoholowy.png\",\"width\":1200,\"height\":1260},{\"@type\":\"BreadcrumbList\",\"@id\":\"https:\\\/\\\/wawp.pl\\\/prezenty\\\/produkt\\\/bezalkoholowa-jesien-zestaw-prezentowy-ze-slodyczami-slodycze-kraftowe-zestaw-bezalkoholowy\\\/#breadcrumb\",\"itemListElement\":[{\"@type\":\"ListItem\",\"position\":1,\"name\":\"Strona g\u0142\u00f3wna\",\"item\":\"https:\\\/\\\/wawp.pl\\\/prezenty\\\/\"},{\"@type\":\"ListItem\",\"position\":2,\"name\":\"Shop\",\"item\":\"https:\\\/\\\/wawp.pl\\\/prezenty\\\/shop\\\/\"},{\"@type\":\"ListItem\",\"position\":3,\"name\":\"Bezalkoholowa jesie\u0144\"}]},{\"@type\":\"WebSite\",\"@id\":\"https:\\\/\\\/wawp.pl\\\/prezenty\\\/#website\",\"url\":\"https:\\\/\\\/wawp.pl\\\/prezenty\\\/\",\"name\":\"Zestawy \u015awi\u0105teczne\",\"description\":\"Kosze \u015awi\u0105teczne, Podarunkowe, Prezentowe\",\"publisher\":{\"@id\":\"https:\\\/\\\/wawp.pl\\\/prezenty\\\/#organization\"},\"potentialAction\":[{\"@type\":\"SearchAction\",\"target\":{\"@type\":\"EntryPoint\",\"urlTemplate\":\"https:\\\/\\\/wawp.pl\\\/prezenty\\\/?s={search_term_string}\"},\"query-input\":{\"@type\":\"PropertyValueSpecification\",\"valueRequired\":true,\"valueName\":\"search_term_string\"}}],\"inLanguage\":\"pl-PL\"},{\"@type\":\"Organization\",\"@id\":\"https:\\\/\\\/wawp.pl\\\/prezenty\\\/#organization\",\"name\":\"Zestawy \u015awi\u0105teczne\",\"url\":\"https:\\\/\\\/wawp.pl\\\/prezenty\\\/\",\"logo\":{\"@type\":\"ImageObject\",\"inLanguage\":\"pl-PL\",\"@id\":\"https:\\\/\\\/wawp.pl\\\/prezenty\\\/#\\\/schema\\\/logo\\\/image\\\/\",\"url\":\"https:\\\/\\\/wawp.pl\\\/prezenty\\\/wp-content\\\/uploads\\\/2021\\\/11\\\/cropped-logo.png\",\"contentUrl\":\"https:\\\/\\\/wawp.pl\\\/prezenty\\\/wp-content\\\/uploads\\\/2021\\\/11\\\/cropped-logo.png\",\"width\":360,\"height\":137,\"caption\":\"Zestawy \u015awi\u0105teczne\"},\"image\":{\"@id\":\"https:\\\/\\\/wawp.pl\\\/prezenty\\\/#\\\/schema\\\/logo\\\/image\\\/\"}}]}<\/script>\n<!-- \/ Yoast SEO plugin. -->","yoast_head_json":{"title":"Bezalkoholowa jesie\u0144: Zestaw prezentowy ze s\u0142odyczami - S\u0142odycze kraftowe zestaw bezalkoholowy | Zestawy \u015awi\u0105teczne","description":"Zobacz produkt: Bezalkoholowa jesie\u0144 Zestaw prezentowy ze s\u0142odyczami - S\u0142odycze kraftowe zestaw bezalkoholowy - dost\u0119pny online na Whisky and Wine Place wawp.pl\/prezenty !","robots":{"index":"index","follow":"follow","max-snippet":"max-snippet:-1","max-image-preview":"max-image-preview:large","max-video-preview":"max-video-preview:-1"},"canonical":"https:\/\/wawp.pl\/prezenty\/produkt\/bezalkoholowa-jesien-zestaw-prezentowy-ze-slodyczami-slodycze-kraftowe-zestaw-bezalkoholowy\/","og_locale":"pl_PL","og_type":"article","og_title":"Bezalkoholowa jesie\u0144: Zestaw prezentowy ze s\u0142odyczami - S\u0142odycze kraftowe zestaw bezalkoholowy | Zestawy \u015awi\u0105teczne","og_description":"Zobacz produkt: Bezalkoholowa jesie\u0144 Zestaw prezentowy ze s\u0142odyczami - S\u0142odycze kraftowe zestaw bezalkoholowy - dost\u0119pny online na Whisky and Wine Place wawp.pl\/prezenty !","og_url":"https:\/\/wawp.pl\/prezenty\/produkt\/bezalkoholowa-jesien-zestaw-prezentowy-ze-slodyczami-slodycze-kraftowe-zestaw-bezalkoholowy\/","og_site_name":"Zestawy \u015awi\u0105teczne","article_modified_time":"2024-12-13T13:26:46+00:00","og_image":[{"width":1200,"height":1260,"url":"https:\/\/wawp.pl\/prezenty\/wp-content\/uploads\/2023\/07\/Bezalkoholowa-jesien-Zestaw-prezentowy-ze-slodyczami-Slodycze-kraftowe-zestaw-bezalkoholowy.png","type":"image\/png"}],"twitter_card":"summary_large_image","schema":{"@context":"https:\/\/schema.org","@graph":[{"@type":"WebPage","@id":"https:\/\/wawp.pl\/prezenty\/produkt\/bezalkoholowa-jesien-zestaw-prezentowy-ze-slodyczami-slodycze-kraftowe-zestaw-bezalkoholowy\/","url":"https:\/\/wawp.pl\/prezenty\/produkt\/bezalkoholowa-jesien-zestaw-prezentowy-ze-slodyczami-slodycze-kraftowe-zestaw-bezalkoholowy\/","name":"Bezalkoholowa jesie\u0144: Zestaw prezentowy ze s\u0142odyczami - S\u0142odycze kraftowe zestaw bezalkoholowy | Zestawy \u015awi\u0105teczne","isPartOf":{"@id":"https:\/\/wawp.pl\/prezenty\/#website"},"primaryImageOfPage":{"@id":"https:\/\/wawp.pl\/prezenty\/produkt\/bezalkoholowa-jesien-zestaw-prezentowy-ze-slodyczami-slodycze-kraftowe-zestaw-bezalkoholowy\/#primaryimage"},"image":{"@id":"https:\/\/wawp.pl\/prezenty\/produkt\/bezalkoholowa-jesien-zestaw-prezentowy-ze-slodyczami-slodycze-kraftowe-zestaw-bezalkoholowy\/#primaryimage"},"thumbnailUrl":"https:\/\/wawp.pl\/prezenty\/wp-content\/uploads\/2023\/07\/Bezalkoholowa-jesien-Zestaw-prezentowy-ze-slodyczami-Slodycze-kraftowe-zestaw-bezalkoholowy.png","datePublished":"2023-09-01T12:24:33+00:00","dateModified":"2024-12-13T13:26:46+00:00","description":"Zobacz produkt: Bezalkoholowa jesie\u0144 Zestaw prezentowy ze s\u0142odyczami - S\u0142odycze kraftowe zestaw bezalkoholowy - dost\u0119pny online na Whisky and Wine Place wawp.pl\/prezenty !","breadcrumb":{"@id":"https:\/\/wawp.pl\/prezenty\/produkt\/bezalkoholowa-jesien-zestaw-prezentowy-ze-slodyczami-slodycze-kraftowe-zestaw-bezalkoholowy\/#breadcrumb"},"inLanguage":"pl-PL","potentialAction":[{"@type":"ReadAction","target":["https:\/\/wawp.pl\/prezenty\/produkt\/bezalkoholowa-jesien-zestaw-prezentowy-ze-slodyczami-slodycze-kraftowe-zestaw-bezalkoholowy\/"]}]},{"@type":"ImageObject","inLanguage":"pl-PL","@id":"https:\/\/wawp.pl\/prezenty\/produkt\/bezalkoholowa-jesien-zestaw-prezentowy-ze-slodyczami-slodycze-kraftowe-zestaw-bezalkoholowy\/#primaryimage","url":"https:\/\/wawp.pl\/prezenty\/wp-content\/uploads\/2023\/07\/Bezalkoholowa-jesien-Zestaw-prezentowy-ze-slodyczami-Slodycze-kraftowe-zestaw-bezalkoholowy.png","contentUrl":"https:\/\/wawp.pl\/prezenty\/wp-content\/uploads\/2023\/07\/Bezalkoholowa-jesien-Zestaw-prezentowy-ze-slodyczami-Slodycze-kraftowe-zestaw-bezalkoholowy.png","width":1200,"height":1260},{"@type":"BreadcrumbList","@id":"https:\/\/wawp.pl\/prezenty\/produkt\/bezalkoholowa-jesien-zestaw-prezentowy-ze-slodyczami-slodycze-kraftowe-zestaw-bezalkoholowy\/#breadcrumb","itemListElement":[{"@type":"ListItem","position":1,"name":"Strona g\u0142\u00f3wna","item":"https:\/\/wawp.pl\/prezenty\/"},{"@type":"ListItem","position":2,"name":"Shop","item":"https:\/\/wawp.pl\/prezenty\/shop\/"},{"@type":"ListItem","position":3,"name":"Bezalkoholowa jesie\u0144"}]},{"@type":"WebSite","@id":"https:\/\/wawp.pl\/prezenty\/#website","url":"https:\/\/wawp.pl\/prezenty\/","name":"Zestawy \u015awi\u0105teczne","description":"Kosze \u015awi\u0105teczne, Podarunkowe, Prezentowe","publisher":{"@id":"https:\/\/wawp.pl\/prezenty\/#organization"},"potentialAction":[{"@type":"SearchAction","target":{"@type":"EntryPoint","urlTemplate":"https:\/\/wawp.pl\/prezenty\/?s={search_term_string}"},"query-input":{"@type":"PropertyValueSpecification","valueRequired":true,"valueName":"search_term_string"}}],"inLanguage":"pl-PL"},{"@type":"Organization","@id":"https:\/\/wawp.pl\/prezenty\/#organization","name":"Zestawy \u015awi\u0105teczne","url":"https:\/\/wawp.pl\/prezenty\/","logo":{"@type":"ImageObject","inLanguage":"pl-PL","@id":"https:\/\/wawp.pl\/prezenty\/#\/schema\/logo\/image\/","url":"https:\/\/wawp.pl\/prezenty\/wp-content\/uploads\/2021\/11\/cropped-logo.png","contentUrl":"https:\/\/wawp.pl\/prezenty\/wp-content\/uploads\/2021\/11\/cropped-logo.png","width":360,"height":137,"caption":"Zestawy \u015awi\u0105teczne"},"image":{"@id":"https:\/\/wawp.pl\/prezenty\/#\/schema\/logo\/image\/"}}]}},"_links":{"self":[{"href":"https:\/\/wawp.pl\/prezenty\/wp-json\/wp\/v2\/product\/2264","targetHints":{"allow":["GET"]}}],"collection":[{"href":"https:\/\/wawp.pl\/prezenty\/wp-json\/wp\/v2\/product"}],"about":[{"href":"https:\/\/wawp.pl\/prezenty\/wp-json\/wp\/v2\/types\/product"}],"wp:featuredmedia":[{"embeddable":true,"href":"https:\/\/wawp.pl\/prezenty\/wp-json\/wp\/v2\/media\/2107"}],"wp:attachment":[{"href":"https:\/\/wawp.pl\/prezenty\/wp-json\/wp\/v2\/media?parent=2264"}],"wp:term":[{"taxonomy":"product_brand","embeddable":true,"href":"https:\/\/wawp.pl\/prezenty\/wp-json\/wp\/v2\/product_brand?post=2264"},{"taxonomy":"product_cat","embeddable":true,"href":"https:\/\/wawp.pl\/prezenty\/wp-json\/wp\/v2\/product_cat?post=2264"},{"taxonomy":"product_tag","embeddable":true,"href":"https:\/\/wawp.pl\/prezenty\/wp-json\/wp\/v2\/product_tag?post=2264"}],"curies":[{"name":"wp","href":"https:\/\/api.w.org\/{rel}","templated":true}]}}