{"id":2260,"date":"2023-09-01T11:57:26","date_gmt":"2023-09-01T11:57:26","guid":{"rendered":"https:\/\/wawp.pl\/prezenty\/?post_type=product&#038;p=2260"},"modified":"2024-12-11T14:18:58","modified_gmt":"2024-12-11T14:18:58","slug":"mistrz-grilla-zestaw-prezentowy-z-alkoholem-wodka-polska-meski-zestaw","status":"publish","type":"product","link":"https:\/\/wawp.pl\/prezenty\/produkt\/mistrz-grilla-zestaw-prezentowy-z-alkoholem-wodka-polska-meski-zestaw\/","title":{"rendered":"Mistrz grilla"},"content":{"rendered":"","protected":false},"excerpt":{"rendered":"<p id=\"E49\" class=\"x-scope qowt-word-para-0\"><span id=\"E50\">Zestaw upominkowy <strong>Mistrz grilla<\/strong> \u015bwietnie nada si\u0119 na prezent dla szwagra. Czysta, polska w\u00f3dka oraz dodatki zawarte w <\/span><span id=\"E52\">boxie<\/span><span id=\"E54\"> prezentowym umil\u0105 wsp\u00f3lne grillowanie w gronie rodziny oraz wzbogac\u0105 smak potraw. Paczka delikates\u00f3w zosta\u0142a zaprojektowana w prosty, uniwersalny spos\u00f3b i sprawdzi si\u0119 jako podarunek na wiele okazji.<\/span><\/p>\n<p id=\"E55\" class=\"x-scope qowt-word-para-0\"><span id=\"E58\"><strong>Dzika kaczka<\/strong> to czysta w\u00f3dka wyprodukowana z polskiej pszenicy. Dzi\u0119ki zastosowaniu kilkukrotnej destylacji oraz filtracji w\u00f3dka posiada \u0142agodny smak i aromat. Efektowny kszta\u0142t butelki z t\u0142oczonym <\/span><span id=\"E59\">logotypem nawi\u0105zuj\u0105cym do nazwy marki robi doskona\u0142e wra\u017cenie wizualne i zach\u0119ca do degustacji. <\/span><\/p>\n<p id=\"E60\" class=\"x-scope qowt-word-para-0\"><strong><span id=\"E61\">Musztarda z imbirem i <\/span><span id=\"E63\">chilli<\/span><\/strong><span id=\"E65\"> to niebanalny, prze\u0142amuj\u0105cy s\u0142odycz dodatek do zestawu. Naturalna i nie zawieraj\u0105ca \u017cadnych konserwant\u00f3w musztarda zosta\u0142a wyprodukowana z dba\u0142o\u015bci\u0105 o wszystkie aspekty kulinarnego rzemios\u0142a. Odnalezienie jej wewn\u0105trz zestawu upominkowego stanowi nie ma\u0142e zaskoczenie dla obdarowanego i czyni prezent wyj\u0105tkowym i godnym zapami\u0119tania. <\/span><\/p>\n<p id=\"E66\" class=\"x-scope qowt-word-para-0\"><span id=\"E67\"><strong>Hildebrand<\/strong> to baton marcepanowy w czekoladzie z migda\u0142ami. Drobna przek\u0105ska idealna na spacer lub jako dodatek to kawy lub herbaty. 50g<\/span><\/p>\n<p id=\"E68\" class=\"x-scope qowt-word-para-0\"><strong><span id=\"E69\">Dropsy Cavendish <\/span><span id=\"E71\">miks<\/span><\/strong><span id=\"E73\"><strong> owoc\u00f3w<\/strong> to znakomite landryny wyprodukowane z naturalnego soku owocowego i opr\u00f3szone cukrem pudrem. 50g<\/span><\/p>\n<p id=\"E74\" class=\"x-scope qowt-word-para-0\"><span id=\"E75\">Opakowanie to mi\u0142e dla oka i dotyku tekturowe pude\u0142ko. Mi\u0119kka i estetyczna wy\u015bci\u00f3\u0142ka zapewnia bezpiecze\u0144stwo szklanym elementom zestawu. Wieko pude\u0142ka przewi\u0105zane nawi\u0105zuj\u0105c\u0105 do kolorystyki zestawu wst\u0105\u017ck\u0105. Ca\u0142o\u015b\u0107 przyjazna \u015brodowisku i podlegaj\u0105ca recyklingowi. <\/span><\/p>\n","protected":false},"featured_media":2118,"template":"","meta":{"_acf_changed":false},"product_brand":[],"product_cat":[33],"product_tag":[],"class_list":{"0":"post-2260","1":"product","2":"type-product","3":"status-publish","4":"has-post-thumbnail","6":"product_cat-zestawy-upominkowe","8":"first","9":"outofstock","10":"purchasable","11":"product-type-simple"},"acf":[],"yoast_head":"<!-- This site is optimized with the Yoast SEO plugin v27.3 - https:\/\/yoast.com\/product\/yoast-seo-wordpress\/ -->\n<title>Mistrz grilla: Zestaw prezentowy z alkoholem - W\u00f3dka polska m\u0119ski zestaw | Zestawy \u015awi\u0105teczne<\/title>\n<meta name=\"description\" content=\"Zobacz produkt: Mistrz grilla Zestaw prezentowy z alkoholem - W\u00f3dka polska m\u0119ski zestaw - dost\u0119pny online na Whisky and Wine Place wawp.pl\/prezenty !\" \/>\n<meta name=\"robots\" content=\"index, follow, max-snippet:-1, max-image-preview:large, max-video-preview:-1\" \/>\n<link rel=\"canonical\" href=\"https:\/\/wawp.pl\/prezenty\/produkt\/mistrz-grilla-zestaw-prezentowy-z-alkoholem-wodka-polska-meski-zestaw\/\" \/>\n<meta property=\"og:locale\" content=\"pl_PL\" \/>\n<meta property=\"og:type\" content=\"article\" \/>\n<meta property=\"og:title\" content=\"Mistrz grilla: Zestaw prezentowy z alkoholem - W\u00f3dka polska m\u0119ski zestaw | Zestawy \u015awi\u0105teczne\" \/>\n<meta property=\"og:description\" content=\"Zobacz produkt: Mistrz grilla Zestaw prezentowy z alkoholem - W\u00f3dka polska m\u0119ski zestaw - dost\u0119pny online na Whisky and Wine Place wawp.pl\/prezenty !\" \/>\n<meta property=\"og:url\" content=\"https:\/\/wawp.pl\/prezenty\/produkt\/mistrz-grilla-zestaw-prezentowy-z-alkoholem-wodka-polska-meski-zestaw\/\" \/>\n<meta property=\"og:site_name\" content=\"Zestawy \u015awi\u0105teczne\" \/>\n<meta property=\"article:modified_time\" content=\"2024-12-11T14:18:58+00:00\" \/>\n<meta property=\"og:image\" content=\"https:\/\/wawp.pl\/prezenty\/wp-content\/uploads\/2023\/07\/Mistrz-grilla-Zestaw-prezentowy-z-alkoholem-Wodka-polska-meski-zestaw.png\" \/>\n\t<meta property=\"og:image:width\" content=\"1200\" \/>\n\t<meta property=\"og:image:height\" content=\"1260\" \/>\n\t<meta property=\"og:image:type\" content=\"image\/png\" \/>\n<meta name=\"twitter:card\" content=\"summary_large_image\" \/>\n<script type=\"application\/ld+json\" class=\"yoast-schema-graph\">{\"@context\":\"https:\\\/\\\/schema.org\",\"@graph\":[{\"@type\":\"WebPage\",\"@id\":\"https:\\\/\\\/wawp.pl\\\/prezenty\\\/produkt\\\/mistrz-grilla-zestaw-prezentowy-z-alkoholem-wodka-polska-meski-zestaw\\\/\",\"url\":\"https:\\\/\\\/wawp.pl\\\/prezenty\\\/produkt\\\/mistrz-grilla-zestaw-prezentowy-z-alkoholem-wodka-polska-meski-zestaw\\\/\",\"name\":\"Mistrz grilla: Zestaw prezentowy z alkoholem - W\u00f3dka polska m\u0119ski zestaw | Zestawy \u015awi\u0105teczne\",\"isPartOf\":{\"@id\":\"https:\\\/\\\/wawp.pl\\\/prezenty\\\/#website\"},\"primaryImageOfPage\":{\"@id\":\"https:\\\/\\\/wawp.pl\\\/prezenty\\\/produkt\\\/mistrz-grilla-zestaw-prezentowy-z-alkoholem-wodka-polska-meski-zestaw\\\/#primaryimage\"},\"image\":{\"@id\":\"https:\\\/\\\/wawp.pl\\\/prezenty\\\/produkt\\\/mistrz-grilla-zestaw-prezentowy-z-alkoholem-wodka-polska-meski-zestaw\\\/#primaryimage\"},\"thumbnailUrl\":\"https:\\\/\\\/wawp.pl\\\/prezenty\\\/wp-content\\\/uploads\\\/2023\\\/07\\\/Mistrz-grilla-Zestaw-prezentowy-z-alkoholem-Wodka-polska-meski-zestaw.png\",\"datePublished\":\"2023-09-01T11:57:26+00:00\",\"dateModified\":\"2024-12-11T14:18:58+00:00\",\"description\":\"Zobacz produkt: Mistrz grilla Zestaw prezentowy z alkoholem - W\u00f3dka polska m\u0119ski zestaw - dost\u0119pny online na Whisky and Wine Place wawp.pl\\\/prezenty !\",\"breadcrumb\":{\"@id\":\"https:\\\/\\\/wawp.pl\\\/prezenty\\\/produkt\\\/mistrz-grilla-zestaw-prezentowy-z-alkoholem-wodka-polska-meski-zestaw\\\/#breadcrumb\"},\"inLanguage\":\"pl-PL\",\"potentialAction\":[{\"@type\":\"ReadAction\",\"target\":[\"https:\\\/\\\/wawp.pl\\\/prezenty\\\/produkt\\\/mistrz-grilla-zestaw-prezentowy-z-alkoholem-wodka-polska-meski-zestaw\\\/\"]}]},{\"@type\":\"ImageObject\",\"inLanguage\":\"pl-PL\",\"@id\":\"https:\\\/\\\/wawp.pl\\\/prezenty\\\/produkt\\\/mistrz-grilla-zestaw-prezentowy-z-alkoholem-wodka-polska-meski-zestaw\\\/#primaryimage\",\"url\":\"https:\\\/\\\/wawp.pl\\\/prezenty\\\/wp-content\\\/uploads\\\/2023\\\/07\\\/Mistrz-grilla-Zestaw-prezentowy-z-alkoholem-Wodka-polska-meski-zestaw.png\",\"contentUrl\":\"https:\\\/\\\/wawp.pl\\\/prezenty\\\/wp-content\\\/uploads\\\/2023\\\/07\\\/Mistrz-grilla-Zestaw-prezentowy-z-alkoholem-Wodka-polska-meski-zestaw.png\",\"width\":1200,\"height\":1260},{\"@type\":\"BreadcrumbList\",\"@id\":\"https:\\\/\\\/wawp.pl\\\/prezenty\\\/produkt\\\/mistrz-grilla-zestaw-prezentowy-z-alkoholem-wodka-polska-meski-zestaw\\\/#breadcrumb\",\"itemListElement\":[{\"@type\":\"ListItem\",\"position\":1,\"name\":\"Strona g\u0142\u00f3wna\",\"item\":\"https:\\\/\\\/wawp.pl\\\/prezenty\\\/\"},{\"@type\":\"ListItem\",\"position\":2,\"name\":\"Shop\",\"item\":\"https:\\\/\\\/wawp.pl\\\/prezenty\\\/shop\\\/\"},{\"@type\":\"ListItem\",\"position\":3,\"name\":\"Mistrz grilla\"}]},{\"@type\":\"WebSite\",\"@id\":\"https:\\\/\\\/wawp.pl\\\/prezenty\\\/#website\",\"url\":\"https:\\\/\\\/wawp.pl\\\/prezenty\\\/\",\"name\":\"Zestawy \u015awi\u0105teczne\",\"description\":\"Kosze \u015awi\u0105teczne, Podarunkowe, Prezentowe\",\"publisher\":{\"@id\":\"https:\\\/\\\/wawp.pl\\\/prezenty\\\/#organization\"},\"potentialAction\":[{\"@type\":\"SearchAction\",\"target\":{\"@type\":\"EntryPoint\",\"urlTemplate\":\"https:\\\/\\\/wawp.pl\\\/prezenty\\\/?s={search_term_string}\"},\"query-input\":{\"@type\":\"PropertyValueSpecification\",\"valueRequired\":true,\"valueName\":\"search_term_string\"}}],\"inLanguage\":\"pl-PL\"},{\"@type\":\"Organization\",\"@id\":\"https:\\\/\\\/wawp.pl\\\/prezenty\\\/#organization\",\"name\":\"Zestawy \u015awi\u0105teczne\",\"url\":\"https:\\\/\\\/wawp.pl\\\/prezenty\\\/\",\"logo\":{\"@type\":\"ImageObject\",\"inLanguage\":\"pl-PL\",\"@id\":\"https:\\\/\\\/wawp.pl\\\/prezenty\\\/#\\\/schema\\\/logo\\\/image\\\/\",\"url\":\"https:\\\/\\\/wawp.pl\\\/prezenty\\\/wp-content\\\/uploads\\\/2021\\\/11\\\/cropped-logo.png\",\"contentUrl\":\"https:\\\/\\\/wawp.pl\\\/prezenty\\\/wp-content\\\/uploads\\\/2021\\\/11\\\/cropped-logo.png\",\"width\":360,\"height\":137,\"caption\":\"Zestawy \u015awi\u0105teczne\"},\"image\":{\"@id\":\"https:\\\/\\\/wawp.pl\\\/prezenty\\\/#\\\/schema\\\/logo\\\/image\\\/\"}}]}<\/script>\n<!-- \/ Yoast SEO plugin. -->","yoast_head_json":{"title":"Mistrz grilla: Zestaw prezentowy z alkoholem - W\u00f3dka polska m\u0119ski zestaw | Zestawy \u015awi\u0105teczne","description":"Zobacz produkt: Mistrz grilla Zestaw prezentowy z alkoholem - W\u00f3dka polska m\u0119ski zestaw - dost\u0119pny online na Whisky and Wine Place wawp.pl\/prezenty !","robots":{"index":"index","follow":"follow","max-snippet":"max-snippet:-1","max-image-preview":"max-image-preview:large","max-video-preview":"max-video-preview:-1"},"canonical":"https:\/\/wawp.pl\/prezenty\/produkt\/mistrz-grilla-zestaw-prezentowy-z-alkoholem-wodka-polska-meski-zestaw\/","og_locale":"pl_PL","og_type":"article","og_title":"Mistrz grilla: Zestaw prezentowy z alkoholem - W\u00f3dka polska m\u0119ski zestaw | Zestawy \u015awi\u0105teczne","og_description":"Zobacz produkt: Mistrz grilla Zestaw prezentowy z alkoholem - W\u00f3dka polska m\u0119ski zestaw - dost\u0119pny online na Whisky and Wine Place wawp.pl\/prezenty !","og_url":"https:\/\/wawp.pl\/prezenty\/produkt\/mistrz-grilla-zestaw-prezentowy-z-alkoholem-wodka-polska-meski-zestaw\/","og_site_name":"Zestawy \u015awi\u0105teczne","article_modified_time":"2024-12-11T14:18:58+00:00","og_image":[{"width":1200,"height":1260,"url":"https:\/\/wawp.pl\/prezenty\/wp-content\/uploads\/2023\/07\/Mistrz-grilla-Zestaw-prezentowy-z-alkoholem-Wodka-polska-meski-zestaw.png","type":"image\/png"}],"twitter_card":"summary_large_image","schema":{"@context":"https:\/\/schema.org","@graph":[{"@type":"WebPage","@id":"https:\/\/wawp.pl\/prezenty\/produkt\/mistrz-grilla-zestaw-prezentowy-z-alkoholem-wodka-polska-meski-zestaw\/","url":"https:\/\/wawp.pl\/prezenty\/produkt\/mistrz-grilla-zestaw-prezentowy-z-alkoholem-wodka-polska-meski-zestaw\/","name":"Mistrz grilla: Zestaw prezentowy z alkoholem - W\u00f3dka polska m\u0119ski zestaw | Zestawy \u015awi\u0105teczne","isPartOf":{"@id":"https:\/\/wawp.pl\/prezenty\/#website"},"primaryImageOfPage":{"@id":"https:\/\/wawp.pl\/prezenty\/produkt\/mistrz-grilla-zestaw-prezentowy-z-alkoholem-wodka-polska-meski-zestaw\/#primaryimage"},"image":{"@id":"https:\/\/wawp.pl\/prezenty\/produkt\/mistrz-grilla-zestaw-prezentowy-z-alkoholem-wodka-polska-meski-zestaw\/#primaryimage"},"thumbnailUrl":"https:\/\/wawp.pl\/prezenty\/wp-content\/uploads\/2023\/07\/Mistrz-grilla-Zestaw-prezentowy-z-alkoholem-Wodka-polska-meski-zestaw.png","datePublished":"2023-09-01T11:57:26+00:00","dateModified":"2024-12-11T14:18:58+00:00","description":"Zobacz produkt: Mistrz grilla Zestaw prezentowy z alkoholem - W\u00f3dka polska m\u0119ski zestaw - dost\u0119pny online na Whisky and Wine Place wawp.pl\/prezenty !","breadcrumb":{"@id":"https:\/\/wawp.pl\/prezenty\/produkt\/mistrz-grilla-zestaw-prezentowy-z-alkoholem-wodka-polska-meski-zestaw\/#breadcrumb"},"inLanguage":"pl-PL","potentialAction":[{"@type":"ReadAction","target":["https:\/\/wawp.pl\/prezenty\/produkt\/mistrz-grilla-zestaw-prezentowy-z-alkoholem-wodka-polska-meski-zestaw\/"]}]},{"@type":"ImageObject","inLanguage":"pl-PL","@id":"https:\/\/wawp.pl\/prezenty\/produkt\/mistrz-grilla-zestaw-prezentowy-z-alkoholem-wodka-polska-meski-zestaw\/#primaryimage","url":"https:\/\/wawp.pl\/prezenty\/wp-content\/uploads\/2023\/07\/Mistrz-grilla-Zestaw-prezentowy-z-alkoholem-Wodka-polska-meski-zestaw.png","contentUrl":"https:\/\/wawp.pl\/prezenty\/wp-content\/uploads\/2023\/07\/Mistrz-grilla-Zestaw-prezentowy-z-alkoholem-Wodka-polska-meski-zestaw.png","width":1200,"height":1260},{"@type":"BreadcrumbList","@id":"https:\/\/wawp.pl\/prezenty\/produkt\/mistrz-grilla-zestaw-prezentowy-z-alkoholem-wodka-polska-meski-zestaw\/#breadcrumb","itemListElement":[{"@type":"ListItem","position":1,"name":"Strona g\u0142\u00f3wna","item":"https:\/\/wawp.pl\/prezenty\/"},{"@type":"ListItem","position":2,"name":"Shop","item":"https:\/\/wawp.pl\/prezenty\/shop\/"},{"@type":"ListItem","position":3,"name":"Mistrz grilla"}]},{"@type":"WebSite","@id":"https:\/\/wawp.pl\/prezenty\/#website","url":"https:\/\/wawp.pl\/prezenty\/","name":"Zestawy \u015awi\u0105teczne","description":"Kosze \u015awi\u0105teczne, Podarunkowe, Prezentowe","publisher":{"@id":"https:\/\/wawp.pl\/prezenty\/#organization"},"potentialAction":[{"@type":"SearchAction","target":{"@type":"EntryPoint","urlTemplate":"https:\/\/wawp.pl\/prezenty\/?s={search_term_string}"},"query-input":{"@type":"PropertyValueSpecification","valueRequired":true,"valueName":"search_term_string"}}],"inLanguage":"pl-PL"},{"@type":"Organization","@id":"https:\/\/wawp.pl\/prezenty\/#organization","name":"Zestawy \u015awi\u0105teczne","url":"https:\/\/wawp.pl\/prezenty\/","logo":{"@type":"ImageObject","inLanguage":"pl-PL","@id":"https:\/\/wawp.pl\/prezenty\/#\/schema\/logo\/image\/","url":"https:\/\/wawp.pl\/prezenty\/wp-content\/uploads\/2021\/11\/cropped-logo.png","contentUrl":"https:\/\/wawp.pl\/prezenty\/wp-content\/uploads\/2021\/11\/cropped-logo.png","width":360,"height":137,"caption":"Zestawy \u015awi\u0105teczne"},"image":{"@id":"https:\/\/wawp.pl\/prezenty\/#\/schema\/logo\/image\/"}}]}},"_links":{"self":[{"href":"https:\/\/wawp.pl\/prezenty\/wp-json\/wp\/v2\/product\/2260","targetHints":{"allow":["GET"]}}],"collection":[{"href":"https:\/\/wawp.pl\/prezenty\/wp-json\/wp\/v2\/product"}],"about":[{"href":"https:\/\/wawp.pl\/prezenty\/wp-json\/wp\/v2\/types\/product"}],"wp:featuredmedia":[{"embeddable":true,"href":"https:\/\/wawp.pl\/prezenty\/wp-json\/wp\/v2\/media\/2118"}],"wp:attachment":[{"href":"https:\/\/wawp.pl\/prezenty\/wp-json\/wp\/v2\/media?parent=2260"}],"wp:term":[{"taxonomy":"product_brand","embeddable":true,"href":"https:\/\/wawp.pl\/prezenty\/wp-json\/wp\/v2\/product_brand?post=2260"},{"taxonomy":"product_cat","embeddable":true,"href":"https:\/\/wawp.pl\/prezenty\/wp-json\/wp\/v2\/product_cat?post=2260"},{"taxonomy":"product_tag","embeddable":true,"href":"https:\/\/wawp.pl\/prezenty\/wp-json\/wp\/v2\/product_tag?post=2260"}],"curies":[{"name":"wp","href":"https:\/\/api.w.org\/{rel}","templated":true}]}}