{"id":2259,"date":"2023-09-01T09:58:31","date_gmt":"2023-09-01T09:58:31","guid":{"rendered":"https:\/\/wawp.pl\/prezenty\/?post_type=product&#038;p=2259"},"modified":"2024-12-13T13:53:54","modified_gmt":"2024-12-13T13:53:54","slug":"podwieczorek-zestaw-prezentowy-z-alkoholem-wino-slodkie-wzmacniane-porto-ruby","status":"publish","type":"product","link":"https:\/\/wawp.pl\/prezenty\/produkt\/podwieczorek-zestaw-prezentowy-z-alkoholem-wino-slodkie-wzmacniane-porto-ruby\/","title":{"rendered":"Podwieczorek"},"content":{"rendered":"","protected":false},"excerpt":{"rendered":"<p id=\"E49\" class=\"x-scope qowt-word-para-0\"><span id=\"E50\">Zestaw upominkowy Podwieczorek to propozycja prezentu dla szwagierki. Kosz podarunkowy wyposa\u017cony jest w przepyszne, s\u0142odkie, wzmacniane wino prosto z Portugali oraz mn\u00f3stwo ciekawych dodatk\u00f3w. Pi\u0119knie przygotowane pude\u0142ko z delikatesami zostanie w pami\u0119ci osoby obdarowanej na d\u0142ugo po skonsumowaniu zawarto\u015bci. <\/span><\/p>\n<p id=\"E51\" class=\"x-scope qowt-word-para-0\"><span id=\"E52\">Pe\u0142ny opis:<\/span><\/p>\n<p id=\"E53\" class=\"x-scope qowt-word-para-0\"><span id=\"E55\">Pocas<\/span><span id=\"E57\"> Porto <\/span><span id=\"E59\">Tawny<\/span><span id=\"E61\"> to wizyt\u00f3wka regionu <\/span><span id=\"E63\">Douro<\/span><span id=\"E65\">. S\u0142odkie, wzmacniane wino mo\u017ce dojrzewa\u0107 w beczkach a p\u00f3\u017aniej w butelkach ca\u0142ymi dekadami. W aromacie bujne i intensywne. Bogate w akcenty <\/span><span id=\"E67\">\u015bliwej<\/span><span id=\"E69\">, bor\u00f3wek, rodzynek i wanilii. W smaku rozgrzewaj\u0105ce i d\u0142ugo wygasaj\u0105ce na podniebieniu. <\/span><\/p>\n<p id=\"E70\" class=\"x-scope qowt-word-para-0\"><span id=\"E72\">Cachet<\/span><span id=\"E74\"> to czekolada klasy <\/span><span id=\"E76\">premium<\/span><span id=\"E78\"> wyprodukowana przez belgijskich mistrz\u00f3w cukiernictwa. Dodatek wi\u015bni spaja j\u0105 kolorystycznie z tematyk\u0105 zestawu upominkowego. 100g<\/span><\/p>\n<p id=\"E79\" class=\"x-scope qowt-word-para-0\"><span id=\"E81\">Zentis<\/span><span id=\"E83\"> chlebek marcepanowy to solidna porc<\/span><span id=\"E84\">j<\/span><span id=\"E85\">a marcepana z migda\u0142ami oblana czekolad\u0105. 100g<\/span><\/p>\n<p id=\"E86\" class=\"x-scope qowt-word-para-0\"><span id=\"E88\">Cupido<\/span><span id=\"E90\"> <\/span><span id=\"E92\">Choco<\/span><span id=\"E94\"> <\/span><span id=\"E96\">Delicata&#8217;s<\/span><span id=\"E98\"> Dark <\/span><span id=\"E99\">to<\/span><span id=\"E100\"> paluszki z ciemnej czekolady<\/span><span id=\"E101\">. Idealne jako dodatek do kawy lub ciast. 75g<\/span><\/p>\n<p id=\"E102\" class=\"x-scope qowt-word-para-0\"><span id=\"E104\">Lavazza<\/span><span id=\"E106\"> Rossa<\/span><span id=\"E107\"> to mielona, w\u0142oska kawa znanej i uwielbianej marki. Sw\u00f3j niepowtarzalny smak i aromat zawdzi\u0119cza starannej selekcji ziaren <\/span><span id=\"E109\">Arabiki<\/span><span id=\"E111\"> i <\/span><span id=\"E113\">Robusty<\/span><span id=\"E115\"> oraz powolnemu procesowi palenia. Kawa zadowoli gusta nawet najbardziej wybrednych mi\u0142o\u015bnik\u00f3w tego pobudzaj\u0105cego naparu. 250g<\/span><\/p>\n<p id=\"E116\" class=\"x-scope qowt-word-para-0\"><span id=\"E117\">Opakowanie to mi\u0142e dla oka i dotyku tekturowe pude\u0142ko. Mi\u0119kka i estetyczna wy\u015bci\u00f3\u0142ka zapewnia bezpiecze\u0144stwo szklanym elementom zestawu. Wieko pude\u0142ka przewi\u0105zane nawi\u0105zuj\u0105c\u0105 do kolorystyki zestawu wst\u0105\u017ck\u0105. Ca\u0142o\u015b\u0107 przyjazna \u015brodowisku i podlegaj\u0105ca recyklingowi. <\/span><\/p>\n","protected":false},"featured_media":2120,"template":"","meta":{"_acf_changed":false},"product_brand":[],"product_cat":[33],"product_tag":[],"class_list":{"0":"post-2259","1":"product","2":"type-product","3":"status-publish","4":"has-post-thumbnail","6":"product_cat-zestawy-upominkowe","8":"first","9":"outofstock","10":"purchasable","11":"product-type-simple"},"acf":[],"yoast_head":"<!-- This site is optimized with the Yoast SEO plugin v27.3 - https:\/\/yoast.com\/product\/yoast-seo-wordpress\/ -->\n<title>Podwieczorek: Zestaw prezentowy z alkoholem - Wino s\u0142odkie wzmacniane Porto Ruby | Zestawy \u015awi\u0105teczne<\/title>\n<meta name=\"description\" content=\"Zobacz produkt: Podwieczorek Zestaw prezentowy z alkoholem - Wino s\u0142odkie wzmacniane Porto Ruby - dost\u0119pny online na Whisky and Wine Place wawp.pl\/prezenty !\" \/>\n<meta name=\"robots\" content=\"index, follow, max-snippet:-1, max-image-preview:large, max-video-preview:-1\" \/>\n<link rel=\"canonical\" href=\"https:\/\/wawp.pl\/prezenty\/produkt\/podwieczorek-zestaw-prezentowy-z-alkoholem-wino-slodkie-wzmacniane-porto-ruby\/\" \/>\n<meta property=\"og:locale\" content=\"pl_PL\" \/>\n<meta property=\"og:type\" content=\"article\" \/>\n<meta property=\"og:title\" content=\"Podwieczorek: Zestaw prezentowy z alkoholem - Wino s\u0142odkie wzmacniane Porto Ruby | Zestawy \u015awi\u0105teczne\" \/>\n<meta property=\"og:description\" content=\"Zobacz produkt: Podwieczorek Zestaw prezentowy z alkoholem - Wino s\u0142odkie wzmacniane Porto Ruby - dost\u0119pny online na Whisky and Wine Place wawp.pl\/prezenty !\" \/>\n<meta property=\"og:url\" content=\"https:\/\/wawp.pl\/prezenty\/produkt\/podwieczorek-zestaw-prezentowy-z-alkoholem-wino-slodkie-wzmacniane-porto-ruby\/\" \/>\n<meta property=\"og:site_name\" content=\"Zestawy \u015awi\u0105teczne\" \/>\n<meta property=\"article:modified_time\" content=\"2024-12-13T13:53:54+00:00\" \/>\n<meta property=\"og:image\" content=\"https:\/\/wawp.pl\/prezenty\/wp-content\/uploads\/2023\/07\/Podwieczorek-Zestaw-prezentowy-z-alkoholem-WIno-slodkie-wzmacniane-Porto-Ruby.png\" \/>\n\t<meta property=\"og:image:width\" content=\"1200\" \/>\n\t<meta property=\"og:image:height\" content=\"1260\" \/>\n\t<meta property=\"og:image:type\" content=\"image\/png\" \/>\n<meta name=\"twitter:card\" content=\"summary_large_image\" \/>\n<script type=\"application\/ld+json\" class=\"yoast-schema-graph\">{\"@context\":\"https:\\\/\\\/schema.org\",\"@graph\":[{\"@type\":\"WebPage\",\"@id\":\"https:\\\/\\\/wawp.pl\\\/prezenty\\\/produkt\\\/podwieczorek-zestaw-prezentowy-z-alkoholem-wino-slodkie-wzmacniane-porto-ruby\\\/\",\"url\":\"https:\\\/\\\/wawp.pl\\\/prezenty\\\/produkt\\\/podwieczorek-zestaw-prezentowy-z-alkoholem-wino-slodkie-wzmacniane-porto-ruby\\\/\",\"name\":\"Podwieczorek: Zestaw prezentowy z alkoholem - Wino s\u0142odkie wzmacniane Porto Ruby | Zestawy \u015awi\u0105teczne\",\"isPartOf\":{\"@id\":\"https:\\\/\\\/wawp.pl\\\/prezenty\\\/#website\"},\"primaryImageOfPage\":{\"@id\":\"https:\\\/\\\/wawp.pl\\\/prezenty\\\/produkt\\\/podwieczorek-zestaw-prezentowy-z-alkoholem-wino-slodkie-wzmacniane-porto-ruby\\\/#primaryimage\"},\"image\":{\"@id\":\"https:\\\/\\\/wawp.pl\\\/prezenty\\\/produkt\\\/podwieczorek-zestaw-prezentowy-z-alkoholem-wino-slodkie-wzmacniane-porto-ruby\\\/#primaryimage\"},\"thumbnailUrl\":\"https:\\\/\\\/wawp.pl\\\/prezenty\\\/wp-content\\\/uploads\\\/2023\\\/07\\\/Podwieczorek-Zestaw-prezentowy-z-alkoholem-WIno-slodkie-wzmacniane-Porto-Ruby.png\",\"datePublished\":\"2023-09-01T09:58:31+00:00\",\"dateModified\":\"2024-12-13T13:53:54+00:00\",\"description\":\"Zobacz produkt: Podwieczorek Zestaw prezentowy z alkoholem - Wino s\u0142odkie wzmacniane Porto Ruby - dost\u0119pny online na Whisky and Wine Place wawp.pl\\\/prezenty !\",\"breadcrumb\":{\"@id\":\"https:\\\/\\\/wawp.pl\\\/prezenty\\\/produkt\\\/podwieczorek-zestaw-prezentowy-z-alkoholem-wino-slodkie-wzmacniane-porto-ruby\\\/#breadcrumb\"},\"inLanguage\":\"pl-PL\",\"potentialAction\":[{\"@type\":\"ReadAction\",\"target\":[\"https:\\\/\\\/wawp.pl\\\/prezenty\\\/produkt\\\/podwieczorek-zestaw-prezentowy-z-alkoholem-wino-slodkie-wzmacniane-porto-ruby\\\/\"]}]},{\"@type\":\"ImageObject\",\"inLanguage\":\"pl-PL\",\"@id\":\"https:\\\/\\\/wawp.pl\\\/prezenty\\\/produkt\\\/podwieczorek-zestaw-prezentowy-z-alkoholem-wino-slodkie-wzmacniane-porto-ruby\\\/#primaryimage\",\"url\":\"https:\\\/\\\/wawp.pl\\\/prezenty\\\/wp-content\\\/uploads\\\/2023\\\/07\\\/Podwieczorek-Zestaw-prezentowy-z-alkoholem-WIno-slodkie-wzmacniane-Porto-Ruby.png\",\"contentUrl\":\"https:\\\/\\\/wawp.pl\\\/prezenty\\\/wp-content\\\/uploads\\\/2023\\\/07\\\/Podwieczorek-Zestaw-prezentowy-z-alkoholem-WIno-slodkie-wzmacniane-Porto-Ruby.png\",\"width\":1200,\"height\":1260},{\"@type\":\"BreadcrumbList\",\"@id\":\"https:\\\/\\\/wawp.pl\\\/prezenty\\\/produkt\\\/podwieczorek-zestaw-prezentowy-z-alkoholem-wino-slodkie-wzmacniane-porto-ruby\\\/#breadcrumb\",\"itemListElement\":[{\"@type\":\"ListItem\",\"position\":1,\"name\":\"Strona g\u0142\u00f3wna\",\"item\":\"https:\\\/\\\/wawp.pl\\\/prezenty\\\/\"},{\"@type\":\"ListItem\",\"position\":2,\"name\":\"Shop\",\"item\":\"https:\\\/\\\/wawp.pl\\\/prezenty\\\/shop\\\/\"},{\"@type\":\"ListItem\",\"position\":3,\"name\":\"Podwieczorek\"}]},{\"@type\":\"WebSite\",\"@id\":\"https:\\\/\\\/wawp.pl\\\/prezenty\\\/#website\",\"url\":\"https:\\\/\\\/wawp.pl\\\/prezenty\\\/\",\"name\":\"Zestawy \u015awi\u0105teczne\",\"description\":\"Kosze \u015awi\u0105teczne, Podarunkowe, Prezentowe\",\"publisher\":{\"@id\":\"https:\\\/\\\/wawp.pl\\\/prezenty\\\/#organization\"},\"potentialAction\":[{\"@type\":\"SearchAction\",\"target\":{\"@type\":\"EntryPoint\",\"urlTemplate\":\"https:\\\/\\\/wawp.pl\\\/prezenty\\\/?s={search_term_string}\"},\"query-input\":{\"@type\":\"PropertyValueSpecification\",\"valueRequired\":true,\"valueName\":\"search_term_string\"}}],\"inLanguage\":\"pl-PL\"},{\"@type\":\"Organization\",\"@id\":\"https:\\\/\\\/wawp.pl\\\/prezenty\\\/#organization\",\"name\":\"Zestawy \u015awi\u0105teczne\",\"url\":\"https:\\\/\\\/wawp.pl\\\/prezenty\\\/\",\"logo\":{\"@type\":\"ImageObject\",\"inLanguage\":\"pl-PL\",\"@id\":\"https:\\\/\\\/wawp.pl\\\/prezenty\\\/#\\\/schema\\\/logo\\\/image\\\/\",\"url\":\"https:\\\/\\\/wawp.pl\\\/prezenty\\\/wp-content\\\/uploads\\\/2021\\\/11\\\/cropped-logo.png\",\"contentUrl\":\"https:\\\/\\\/wawp.pl\\\/prezenty\\\/wp-content\\\/uploads\\\/2021\\\/11\\\/cropped-logo.png\",\"width\":360,\"height\":137,\"caption\":\"Zestawy \u015awi\u0105teczne\"},\"image\":{\"@id\":\"https:\\\/\\\/wawp.pl\\\/prezenty\\\/#\\\/schema\\\/logo\\\/image\\\/\"}}]}<\/script>\n<!-- \/ Yoast SEO plugin. -->","yoast_head_json":{"title":"Podwieczorek: Zestaw prezentowy z alkoholem - Wino s\u0142odkie wzmacniane Porto Ruby | Zestawy \u015awi\u0105teczne","description":"Zobacz produkt: Podwieczorek Zestaw prezentowy z alkoholem - Wino s\u0142odkie wzmacniane Porto Ruby - dost\u0119pny online na Whisky and Wine Place wawp.pl\/prezenty !","robots":{"index":"index","follow":"follow","max-snippet":"max-snippet:-1","max-image-preview":"max-image-preview:large","max-video-preview":"max-video-preview:-1"},"canonical":"https:\/\/wawp.pl\/prezenty\/produkt\/podwieczorek-zestaw-prezentowy-z-alkoholem-wino-slodkie-wzmacniane-porto-ruby\/","og_locale":"pl_PL","og_type":"article","og_title":"Podwieczorek: Zestaw prezentowy z alkoholem - Wino s\u0142odkie wzmacniane Porto Ruby | Zestawy \u015awi\u0105teczne","og_description":"Zobacz produkt: Podwieczorek Zestaw prezentowy z alkoholem - Wino s\u0142odkie wzmacniane Porto Ruby - dost\u0119pny online na Whisky and Wine Place wawp.pl\/prezenty !","og_url":"https:\/\/wawp.pl\/prezenty\/produkt\/podwieczorek-zestaw-prezentowy-z-alkoholem-wino-slodkie-wzmacniane-porto-ruby\/","og_site_name":"Zestawy \u015awi\u0105teczne","article_modified_time":"2024-12-13T13:53:54+00:00","og_image":[{"width":1200,"height":1260,"url":"https:\/\/wawp.pl\/prezenty\/wp-content\/uploads\/2023\/07\/Podwieczorek-Zestaw-prezentowy-z-alkoholem-WIno-slodkie-wzmacniane-Porto-Ruby.png","type":"image\/png"}],"twitter_card":"summary_large_image","schema":{"@context":"https:\/\/schema.org","@graph":[{"@type":"WebPage","@id":"https:\/\/wawp.pl\/prezenty\/produkt\/podwieczorek-zestaw-prezentowy-z-alkoholem-wino-slodkie-wzmacniane-porto-ruby\/","url":"https:\/\/wawp.pl\/prezenty\/produkt\/podwieczorek-zestaw-prezentowy-z-alkoholem-wino-slodkie-wzmacniane-porto-ruby\/","name":"Podwieczorek: Zestaw prezentowy z alkoholem - Wino s\u0142odkie wzmacniane Porto Ruby | Zestawy \u015awi\u0105teczne","isPartOf":{"@id":"https:\/\/wawp.pl\/prezenty\/#website"},"primaryImageOfPage":{"@id":"https:\/\/wawp.pl\/prezenty\/produkt\/podwieczorek-zestaw-prezentowy-z-alkoholem-wino-slodkie-wzmacniane-porto-ruby\/#primaryimage"},"image":{"@id":"https:\/\/wawp.pl\/prezenty\/produkt\/podwieczorek-zestaw-prezentowy-z-alkoholem-wino-slodkie-wzmacniane-porto-ruby\/#primaryimage"},"thumbnailUrl":"https:\/\/wawp.pl\/prezenty\/wp-content\/uploads\/2023\/07\/Podwieczorek-Zestaw-prezentowy-z-alkoholem-WIno-slodkie-wzmacniane-Porto-Ruby.png","datePublished":"2023-09-01T09:58:31+00:00","dateModified":"2024-12-13T13:53:54+00:00","description":"Zobacz produkt: Podwieczorek Zestaw prezentowy z alkoholem - Wino s\u0142odkie wzmacniane Porto Ruby - dost\u0119pny online na Whisky and Wine Place wawp.pl\/prezenty !","breadcrumb":{"@id":"https:\/\/wawp.pl\/prezenty\/produkt\/podwieczorek-zestaw-prezentowy-z-alkoholem-wino-slodkie-wzmacniane-porto-ruby\/#breadcrumb"},"inLanguage":"pl-PL","potentialAction":[{"@type":"ReadAction","target":["https:\/\/wawp.pl\/prezenty\/produkt\/podwieczorek-zestaw-prezentowy-z-alkoholem-wino-slodkie-wzmacniane-porto-ruby\/"]}]},{"@type":"ImageObject","inLanguage":"pl-PL","@id":"https:\/\/wawp.pl\/prezenty\/produkt\/podwieczorek-zestaw-prezentowy-z-alkoholem-wino-slodkie-wzmacniane-porto-ruby\/#primaryimage","url":"https:\/\/wawp.pl\/prezenty\/wp-content\/uploads\/2023\/07\/Podwieczorek-Zestaw-prezentowy-z-alkoholem-WIno-slodkie-wzmacniane-Porto-Ruby.png","contentUrl":"https:\/\/wawp.pl\/prezenty\/wp-content\/uploads\/2023\/07\/Podwieczorek-Zestaw-prezentowy-z-alkoholem-WIno-slodkie-wzmacniane-Porto-Ruby.png","width":1200,"height":1260},{"@type":"BreadcrumbList","@id":"https:\/\/wawp.pl\/prezenty\/produkt\/podwieczorek-zestaw-prezentowy-z-alkoholem-wino-slodkie-wzmacniane-porto-ruby\/#breadcrumb","itemListElement":[{"@type":"ListItem","position":1,"name":"Strona g\u0142\u00f3wna","item":"https:\/\/wawp.pl\/prezenty\/"},{"@type":"ListItem","position":2,"name":"Shop","item":"https:\/\/wawp.pl\/prezenty\/shop\/"},{"@type":"ListItem","position":3,"name":"Podwieczorek"}]},{"@type":"WebSite","@id":"https:\/\/wawp.pl\/prezenty\/#website","url":"https:\/\/wawp.pl\/prezenty\/","name":"Zestawy \u015awi\u0105teczne","description":"Kosze \u015awi\u0105teczne, Podarunkowe, Prezentowe","publisher":{"@id":"https:\/\/wawp.pl\/prezenty\/#organization"},"potentialAction":[{"@type":"SearchAction","target":{"@type":"EntryPoint","urlTemplate":"https:\/\/wawp.pl\/prezenty\/?s={search_term_string}"},"query-input":{"@type":"PropertyValueSpecification","valueRequired":true,"valueName":"search_term_string"}}],"inLanguage":"pl-PL"},{"@type":"Organization","@id":"https:\/\/wawp.pl\/prezenty\/#organization","name":"Zestawy \u015awi\u0105teczne","url":"https:\/\/wawp.pl\/prezenty\/","logo":{"@type":"ImageObject","inLanguage":"pl-PL","@id":"https:\/\/wawp.pl\/prezenty\/#\/schema\/logo\/image\/","url":"https:\/\/wawp.pl\/prezenty\/wp-content\/uploads\/2021\/11\/cropped-logo.png","contentUrl":"https:\/\/wawp.pl\/prezenty\/wp-content\/uploads\/2021\/11\/cropped-logo.png","width":360,"height":137,"caption":"Zestawy \u015awi\u0105teczne"},"image":{"@id":"https:\/\/wawp.pl\/prezenty\/#\/schema\/logo\/image\/"}}]}},"_links":{"self":[{"href":"https:\/\/wawp.pl\/prezenty\/wp-json\/wp\/v2\/product\/2259","targetHints":{"allow":["GET"]}}],"collection":[{"href":"https:\/\/wawp.pl\/prezenty\/wp-json\/wp\/v2\/product"}],"about":[{"href":"https:\/\/wawp.pl\/prezenty\/wp-json\/wp\/v2\/types\/product"}],"wp:featuredmedia":[{"embeddable":true,"href":"https:\/\/wawp.pl\/prezenty\/wp-json\/wp\/v2\/media\/2120"}],"wp:attachment":[{"href":"https:\/\/wawp.pl\/prezenty\/wp-json\/wp\/v2\/media?parent=2259"}],"wp:term":[{"taxonomy":"product_brand","embeddable":true,"href":"https:\/\/wawp.pl\/prezenty\/wp-json\/wp\/v2\/product_brand?post=2259"},{"taxonomy":"product_cat","embeddable":true,"href":"https:\/\/wawp.pl\/prezenty\/wp-json\/wp\/v2\/product_cat?post=2259"},{"taxonomy":"product_tag","embeddable":true,"href":"https:\/\/wawp.pl\/prezenty\/wp-json\/wp\/v2\/product_tag?post=2259"}],"curies":[{"name":"wp","href":"https:\/\/api.w.org\/{rel}","templated":true}]}}