{"id":2258,"date":"2023-09-01T09:47:31","date_gmt":"2023-09-01T09:47:31","guid":{"rendered":"https:\/\/wawp.pl\/prezenty\/?post_type=product&#038;p=2258"},"modified":"2024-11-14T14:11:48","modified_gmt":"2024-11-14T14:11:48","slug":"sama-slodycz-zestaw-prezentowy-z-alkoholem-wino-gruzinskie-polslodkie-czerwone","status":"publish","type":"product","link":"https:\/\/wawp.pl\/prezenty\/produkt\/sama-slodycz-zestaw-prezentowy-z-alkoholem-wino-gruzinskie-polslodkie-czerwone\/","title":{"rendered":"Sama s\u0142odycz"},"content":{"rendered":"","protected":false},"excerpt":{"rendered":"<p id=\"E49\" class=\"x-scope qowt-word-para-0\"><span id=\"E50\">Kosz podarunkowy <strong>Sama s\u0142odycz<\/strong> to efektowny prezent na urodziny mamy. Zestaw r\u00f3\u017cnorodnych delikates\u00f3w oraz znakomite gruzi\u0144skie wino uciesz\u0105 ka\u017cd\u0105 kobiet\u0119. Chwile sp\u0119dzone na degustacji poszczeg\u00f3lnych element\u00f3w <\/span><span id=\"E52\">boxa<\/span><span id=\"E54\"> upominkowego na d\u0142ugo zostan\u0105 w pami\u0119ci obdarowanej.<\/span><\/p>\n<p id=\"E57\" class=\"x-scope qowt-word-para-0\"><strong><span id=\"E59\">Gevelli<\/span><span id=\"E61\"> Alazani <\/span><span id=\"E63\">Valley<\/span><\/strong><span id=\"E65\"> to gruzi\u0144skie, p\u00f3\u0142s\u0142odkie wino czerwone o zniewalaj\u0105cym smaku i aromacie. G\u0142\u0119boka, rubinowa barwa pyszni si\u0119 z kieliszka i zach\u0119ca do degustacji. Ta z kolei przynosi moc aromat\u00f3w owoc\u00f3w le\u015bnych i szafranu. W smaku za\u015b wino pie\u015bci podniebienie kr\u0105g\u0142\u0105 struktur\u0105 i zr\u00f3wnowa\u017con\u0105 s\u0142odycz\u0105 zawieszon\u0105 na delikatnej kwasowo\u015bci. <\/span><span id=\"E66\">0,7L<\/span><\/p>\n<p id=\"E67\" class=\"x-scope qowt-word-para-0\"><strong><span id=\"E68\">Happy Bianco Flis<\/span><\/strong><span id=\"E69\"> to du\u017ca i efektowna paczka pe\u0142na waflowych pralin z kokosowym nadzieniem i posypk\u0105 z wi\u00f3rk\u00f3w kokosowych. 170g<\/span><\/p>\n<p id=\"E70\" class=\"x-scope qowt-word-para-0\"><strong><span id=\"E72\">Cupido<\/span><span id=\"E74\"> <\/span><span id=\"E76\">Choco<\/span><span id=\"E78\"> <\/span><span id=\"E80\">Delicata&#8217;s<\/span><span id=\"E82\"> Dark <\/span><\/strong><span id=\"E83\">to<\/span><span id=\"E84\"> paluszki z ciemnej czekolady<\/span><span id=\"E85\">. Idealne jako dodatek do kawy lub ciast. 75g<\/span><\/p>\n<p id=\"E86\" class=\"x-scope qowt-word-para-0\"><strong><span id=\"E88\">Lavazza<\/span><\/strong><span id=\"E90\"><strong> Rossa<\/strong> to mielona, w\u0142oska kawa znanej i uwielbianej marki. Sw\u00f3j niepowtarzalny smak i aromat zawdzi\u0119cza starannej selekcji ziaren <\/span><span id=\"E92\">Arabiki<\/span><span id=\"E94\"> i <\/span><span id=\"E96\">Robusty<\/span><span id=\"E98\"> oraz powolnemu procesowi palenia. Kawa zadowoli gusta nawet najbardziej wybrednych mi\u0142o\u015bnik\u00f3w tego pobudzaj\u0105cego naparu. 250g<\/span><\/p>\n<p id=\"E99\" class=\"x-scope qowt-word-para-0\"><span id=\"E100\"><strong>Merci<\/strong> to zestaw ma\u0142ych sztabek z mlecznej czekolady kt\u00f3rych raczej nikomu nie trzeba przedstawia\u0107. Znakomita propozycja wyra\u017caj\u0105ca podzi\u0119kowanie poprzez sam\u0105 swoj\u0105 nazw\u0119 zaczerpni\u0119ta z j\u0119zyka francuskiego. Tu w wersji kolorystycznie dopasowanej do ca\u0142ego zestawu prezentowego.<\/span><\/p>\n<p id=\"E101\" class=\"x-scope qowt-word-para-0\"><span id=\"E102\">Opakowanie to mi\u0142e dla oka i dotyku tekturowe pude\u0142ko. Mi\u0119kka i estetyczna wy\u015bci\u00f3\u0142ka zapewnia bezpiecze\u0144stwo szklanym elementom zestawu. Wieko pude\u0142ka przewi\u0105zane nawi\u0105zuj\u0105c\u0105 do kolorystyki zestawu wst\u0105\u017ck\u0105. Ca\u0142o\u015b\u0107 przyjazna \u015brodowisku i podlegaj\u0105ca recyklingowi. <\/span><\/p>\n","protected":false},"featured_media":2125,"template":"","meta":{"_acf_changed":false},"product_brand":[],"product_cat":[33],"product_tag":[],"class_list":{"0":"post-2258","1":"product","2":"type-product","3":"status-publish","4":"has-post-thumbnail","6":"product_cat-zestawy-upominkowe","8":"first","9":"outofstock","10":"purchasable","11":"product-type-simple"},"acf":[],"yoast_head":"<!-- This site is optimized with the Yoast SEO plugin v27.3 - https:\/\/yoast.com\/product\/yoast-seo-wordpress\/ -->\n<title>Sama s\u0142odycz: Zestaw prezentowy z alkoholem - Wino Gruzi\u0144skie p\u00f3\u0142s\u0142odkie czerwone | Zestawy \u015awi\u0105teczne<\/title>\n<meta name=\"description\" content=\"Zobacz produkt: Sama s\u0142odycz Zestaw prezentowy z alkoholem - Wino Gruzi\u0144skie p\u00f3\u0142s\u0142odkie czerwone - dost\u0119pny online na Whisky and Wine Place wawp.pl\/prezenty !\" \/>\n<meta name=\"robots\" content=\"index, follow, max-snippet:-1, max-image-preview:large, max-video-preview:-1\" \/>\n<link rel=\"canonical\" href=\"https:\/\/wawp.pl\/prezenty\/produkt\/sama-slodycz-zestaw-prezentowy-z-alkoholem-wino-gruzinskie-polslodkie-czerwone\/\" \/>\n<meta property=\"og:locale\" content=\"pl_PL\" \/>\n<meta property=\"og:type\" content=\"article\" \/>\n<meta property=\"og:title\" content=\"Sama s\u0142odycz: Zestaw prezentowy z alkoholem - Wino Gruzi\u0144skie p\u00f3\u0142s\u0142odkie czerwone | Zestawy \u015awi\u0105teczne\" \/>\n<meta property=\"og:description\" content=\"Zobacz produkt: Sama s\u0142odycz Zestaw prezentowy z alkoholem - Wino Gruzi\u0144skie p\u00f3\u0142s\u0142odkie czerwone - dost\u0119pny online na Whisky and Wine Place wawp.pl\/prezenty !\" \/>\n<meta property=\"og:url\" content=\"https:\/\/wawp.pl\/prezenty\/produkt\/sama-slodycz-zestaw-prezentowy-z-alkoholem-wino-gruzinskie-polslodkie-czerwone\/\" \/>\n<meta property=\"og:site_name\" content=\"Zestawy \u015awi\u0105teczne\" \/>\n<meta property=\"article:modified_time\" content=\"2024-11-14T14:11:48+00:00\" \/>\n<meta property=\"og:image\" content=\"https:\/\/wawp.pl\/prezenty\/wp-content\/uploads\/2023\/07\/Sama-Slodycz-Zestaw-prezentowy-z-alkoholem-Wino-Gruzinskie-polslodkie-czerwone.png\" \/>\n\t<meta property=\"og:image:width\" content=\"1200\" \/>\n\t<meta property=\"og:image:height\" content=\"1260\" \/>\n\t<meta property=\"og:image:type\" content=\"image\/png\" \/>\n<meta name=\"twitter:card\" content=\"summary_large_image\" \/>\n<script type=\"application\/ld+json\" class=\"yoast-schema-graph\">{\"@context\":\"https:\\\/\\\/schema.org\",\"@graph\":[{\"@type\":\"WebPage\",\"@id\":\"https:\\\/\\\/wawp.pl\\\/prezenty\\\/produkt\\\/sama-slodycz-zestaw-prezentowy-z-alkoholem-wino-gruzinskie-polslodkie-czerwone\\\/\",\"url\":\"https:\\\/\\\/wawp.pl\\\/prezenty\\\/produkt\\\/sama-slodycz-zestaw-prezentowy-z-alkoholem-wino-gruzinskie-polslodkie-czerwone\\\/\",\"name\":\"Sama s\u0142odycz: Zestaw prezentowy z alkoholem - Wino Gruzi\u0144skie p\u00f3\u0142s\u0142odkie czerwone | Zestawy \u015awi\u0105teczne\",\"isPartOf\":{\"@id\":\"https:\\\/\\\/wawp.pl\\\/prezenty\\\/#website\"},\"primaryImageOfPage\":{\"@id\":\"https:\\\/\\\/wawp.pl\\\/prezenty\\\/produkt\\\/sama-slodycz-zestaw-prezentowy-z-alkoholem-wino-gruzinskie-polslodkie-czerwone\\\/#primaryimage\"},\"image\":{\"@id\":\"https:\\\/\\\/wawp.pl\\\/prezenty\\\/produkt\\\/sama-slodycz-zestaw-prezentowy-z-alkoholem-wino-gruzinskie-polslodkie-czerwone\\\/#primaryimage\"},\"thumbnailUrl\":\"https:\\\/\\\/wawp.pl\\\/prezenty\\\/wp-content\\\/uploads\\\/2023\\\/07\\\/Sama-Slodycz-Zestaw-prezentowy-z-alkoholem-Wino-Gruzinskie-polslodkie-czerwone.png\",\"datePublished\":\"2023-09-01T09:47:31+00:00\",\"dateModified\":\"2024-11-14T14:11:48+00:00\",\"description\":\"Zobacz produkt: Sama s\u0142odycz Zestaw prezentowy z alkoholem - Wino Gruzi\u0144skie p\u00f3\u0142s\u0142odkie czerwone - dost\u0119pny online na Whisky and Wine Place wawp.pl\\\/prezenty !\",\"breadcrumb\":{\"@id\":\"https:\\\/\\\/wawp.pl\\\/prezenty\\\/produkt\\\/sama-slodycz-zestaw-prezentowy-z-alkoholem-wino-gruzinskie-polslodkie-czerwone\\\/#breadcrumb\"},\"inLanguage\":\"pl-PL\",\"potentialAction\":[{\"@type\":\"ReadAction\",\"target\":[\"https:\\\/\\\/wawp.pl\\\/prezenty\\\/produkt\\\/sama-slodycz-zestaw-prezentowy-z-alkoholem-wino-gruzinskie-polslodkie-czerwone\\\/\"]}]},{\"@type\":\"ImageObject\",\"inLanguage\":\"pl-PL\",\"@id\":\"https:\\\/\\\/wawp.pl\\\/prezenty\\\/produkt\\\/sama-slodycz-zestaw-prezentowy-z-alkoholem-wino-gruzinskie-polslodkie-czerwone\\\/#primaryimage\",\"url\":\"https:\\\/\\\/wawp.pl\\\/prezenty\\\/wp-content\\\/uploads\\\/2023\\\/07\\\/Sama-Slodycz-Zestaw-prezentowy-z-alkoholem-Wino-Gruzinskie-polslodkie-czerwone.png\",\"contentUrl\":\"https:\\\/\\\/wawp.pl\\\/prezenty\\\/wp-content\\\/uploads\\\/2023\\\/07\\\/Sama-Slodycz-Zestaw-prezentowy-z-alkoholem-Wino-Gruzinskie-polslodkie-czerwone.png\",\"width\":1200,\"height\":1260},{\"@type\":\"BreadcrumbList\",\"@id\":\"https:\\\/\\\/wawp.pl\\\/prezenty\\\/produkt\\\/sama-slodycz-zestaw-prezentowy-z-alkoholem-wino-gruzinskie-polslodkie-czerwone\\\/#breadcrumb\",\"itemListElement\":[{\"@type\":\"ListItem\",\"position\":1,\"name\":\"Strona g\u0142\u00f3wna\",\"item\":\"https:\\\/\\\/wawp.pl\\\/prezenty\\\/\"},{\"@type\":\"ListItem\",\"position\":2,\"name\":\"Shop\",\"item\":\"https:\\\/\\\/wawp.pl\\\/prezenty\\\/shop\\\/\"},{\"@type\":\"ListItem\",\"position\":3,\"name\":\"Sama s\u0142odycz\"}]},{\"@type\":\"WebSite\",\"@id\":\"https:\\\/\\\/wawp.pl\\\/prezenty\\\/#website\",\"url\":\"https:\\\/\\\/wawp.pl\\\/prezenty\\\/\",\"name\":\"Zestawy \u015awi\u0105teczne\",\"description\":\"Kosze \u015awi\u0105teczne, Podarunkowe, Prezentowe\",\"publisher\":{\"@id\":\"https:\\\/\\\/wawp.pl\\\/prezenty\\\/#organization\"},\"potentialAction\":[{\"@type\":\"SearchAction\",\"target\":{\"@type\":\"EntryPoint\",\"urlTemplate\":\"https:\\\/\\\/wawp.pl\\\/prezenty\\\/?s={search_term_string}\"},\"query-input\":{\"@type\":\"PropertyValueSpecification\",\"valueRequired\":true,\"valueName\":\"search_term_string\"}}],\"inLanguage\":\"pl-PL\"},{\"@type\":\"Organization\",\"@id\":\"https:\\\/\\\/wawp.pl\\\/prezenty\\\/#organization\",\"name\":\"Zestawy \u015awi\u0105teczne\",\"url\":\"https:\\\/\\\/wawp.pl\\\/prezenty\\\/\",\"logo\":{\"@type\":\"ImageObject\",\"inLanguage\":\"pl-PL\",\"@id\":\"https:\\\/\\\/wawp.pl\\\/prezenty\\\/#\\\/schema\\\/logo\\\/image\\\/\",\"url\":\"https:\\\/\\\/wawp.pl\\\/prezenty\\\/wp-content\\\/uploads\\\/2021\\\/11\\\/cropped-logo.png\",\"contentUrl\":\"https:\\\/\\\/wawp.pl\\\/prezenty\\\/wp-content\\\/uploads\\\/2021\\\/11\\\/cropped-logo.png\",\"width\":360,\"height\":137,\"caption\":\"Zestawy \u015awi\u0105teczne\"},\"image\":{\"@id\":\"https:\\\/\\\/wawp.pl\\\/prezenty\\\/#\\\/schema\\\/logo\\\/image\\\/\"}}]}<\/script>\n<!-- \/ Yoast SEO plugin. -->","yoast_head_json":{"title":"Sama s\u0142odycz: Zestaw prezentowy z alkoholem - Wino Gruzi\u0144skie p\u00f3\u0142s\u0142odkie czerwone | Zestawy \u015awi\u0105teczne","description":"Zobacz produkt: Sama s\u0142odycz Zestaw prezentowy z alkoholem - Wino Gruzi\u0144skie p\u00f3\u0142s\u0142odkie czerwone - dost\u0119pny online na Whisky and Wine Place wawp.pl\/prezenty !","robots":{"index":"index","follow":"follow","max-snippet":"max-snippet:-1","max-image-preview":"max-image-preview:large","max-video-preview":"max-video-preview:-1"},"canonical":"https:\/\/wawp.pl\/prezenty\/produkt\/sama-slodycz-zestaw-prezentowy-z-alkoholem-wino-gruzinskie-polslodkie-czerwone\/","og_locale":"pl_PL","og_type":"article","og_title":"Sama s\u0142odycz: Zestaw prezentowy z alkoholem - Wino Gruzi\u0144skie p\u00f3\u0142s\u0142odkie czerwone | Zestawy \u015awi\u0105teczne","og_description":"Zobacz produkt: Sama s\u0142odycz Zestaw prezentowy z alkoholem - Wino Gruzi\u0144skie p\u00f3\u0142s\u0142odkie czerwone - dost\u0119pny online na Whisky and Wine Place wawp.pl\/prezenty !","og_url":"https:\/\/wawp.pl\/prezenty\/produkt\/sama-slodycz-zestaw-prezentowy-z-alkoholem-wino-gruzinskie-polslodkie-czerwone\/","og_site_name":"Zestawy \u015awi\u0105teczne","article_modified_time":"2024-11-14T14:11:48+00:00","og_image":[{"width":1200,"height":1260,"url":"https:\/\/wawp.pl\/prezenty\/wp-content\/uploads\/2023\/07\/Sama-Slodycz-Zestaw-prezentowy-z-alkoholem-Wino-Gruzinskie-polslodkie-czerwone.png","type":"image\/png"}],"twitter_card":"summary_large_image","schema":{"@context":"https:\/\/schema.org","@graph":[{"@type":"WebPage","@id":"https:\/\/wawp.pl\/prezenty\/produkt\/sama-slodycz-zestaw-prezentowy-z-alkoholem-wino-gruzinskie-polslodkie-czerwone\/","url":"https:\/\/wawp.pl\/prezenty\/produkt\/sama-slodycz-zestaw-prezentowy-z-alkoholem-wino-gruzinskie-polslodkie-czerwone\/","name":"Sama s\u0142odycz: Zestaw prezentowy z alkoholem - Wino Gruzi\u0144skie p\u00f3\u0142s\u0142odkie czerwone | Zestawy \u015awi\u0105teczne","isPartOf":{"@id":"https:\/\/wawp.pl\/prezenty\/#website"},"primaryImageOfPage":{"@id":"https:\/\/wawp.pl\/prezenty\/produkt\/sama-slodycz-zestaw-prezentowy-z-alkoholem-wino-gruzinskie-polslodkie-czerwone\/#primaryimage"},"image":{"@id":"https:\/\/wawp.pl\/prezenty\/produkt\/sama-slodycz-zestaw-prezentowy-z-alkoholem-wino-gruzinskie-polslodkie-czerwone\/#primaryimage"},"thumbnailUrl":"https:\/\/wawp.pl\/prezenty\/wp-content\/uploads\/2023\/07\/Sama-Slodycz-Zestaw-prezentowy-z-alkoholem-Wino-Gruzinskie-polslodkie-czerwone.png","datePublished":"2023-09-01T09:47:31+00:00","dateModified":"2024-11-14T14:11:48+00:00","description":"Zobacz produkt: Sama s\u0142odycz Zestaw prezentowy z alkoholem - Wino Gruzi\u0144skie p\u00f3\u0142s\u0142odkie czerwone - dost\u0119pny online na Whisky and Wine Place wawp.pl\/prezenty !","breadcrumb":{"@id":"https:\/\/wawp.pl\/prezenty\/produkt\/sama-slodycz-zestaw-prezentowy-z-alkoholem-wino-gruzinskie-polslodkie-czerwone\/#breadcrumb"},"inLanguage":"pl-PL","potentialAction":[{"@type":"ReadAction","target":["https:\/\/wawp.pl\/prezenty\/produkt\/sama-slodycz-zestaw-prezentowy-z-alkoholem-wino-gruzinskie-polslodkie-czerwone\/"]}]},{"@type":"ImageObject","inLanguage":"pl-PL","@id":"https:\/\/wawp.pl\/prezenty\/produkt\/sama-slodycz-zestaw-prezentowy-z-alkoholem-wino-gruzinskie-polslodkie-czerwone\/#primaryimage","url":"https:\/\/wawp.pl\/prezenty\/wp-content\/uploads\/2023\/07\/Sama-Slodycz-Zestaw-prezentowy-z-alkoholem-Wino-Gruzinskie-polslodkie-czerwone.png","contentUrl":"https:\/\/wawp.pl\/prezenty\/wp-content\/uploads\/2023\/07\/Sama-Slodycz-Zestaw-prezentowy-z-alkoholem-Wino-Gruzinskie-polslodkie-czerwone.png","width":1200,"height":1260},{"@type":"BreadcrumbList","@id":"https:\/\/wawp.pl\/prezenty\/produkt\/sama-slodycz-zestaw-prezentowy-z-alkoholem-wino-gruzinskie-polslodkie-czerwone\/#breadcrumb","itemListElement":[{"@type":"ListItem","position":1,"name":"Strona g\u0142\u00f3wna","item":"https:\/\/wawp.pl\/prezenty\/"},{"@type":"ListItem","position":2,"name":"Shop","item":"https:\/\/wawp.pl\/prezenty\/shop\/"},{"@type":"ListItem","position":3,"name":"Sama s\u0142odycz"}]},{"@type":"WebSite","@id":"https:\/\/wawp.pl\/prezenty\/#website","url":"https:\/\/wawp.pl\/prezenty\/","name":"Zestawy \u015awi\u0105teczne","description":"Kosze \u015awi\u0105teczne, Podarunkowe, Prezentowe","publisher":{"@id":"https:\/\/wawp.pl\/prezenty\/#organization"},"potentialAction":[{"@type":"SearchAction","target":{"@type":"EntryPoint","urlTemplate":"https:\/\/wawp.pl\/prezenty\/?s={search_term_string}"},"query-input":{"@type":"PropertyValueSpecification","valueRequired":true,"valueName":"search_term_string"}}],"inLanguage":"pl-PL"},{"@type":"Organization","@id":"https:\/\/wawp.pl\/prezenty\/#organization","name":"Zestawy \u015awi\u0105teczne","url":"https:\/\/wawp.pl\/prezenty\/","logo":{"@type":"ImageObject","inLanguage":"pl-PL","@id":"https:\/\/wawp.pl\/prezenty\/#\/schema\/logo\/image\/","url":"https:\/\/wawp.pl\/prezenty\/wp-content\/uploads\/2021\/11\/cropped-logo.png","contentUrl":"https:\/\/wawp.pl\/prezenty\/wp-content\/uploads\/2021\/11\/cropped-logo.png","width":360,"height":137,"caption":"Zestawy \u015awi\u0105teczne"},"image":{"@id":"https:\/\/wawp.pl\/prezenty\/#\/schema\/logo\/image\/"}}]}},"_links":{"self":[{"href":"https:\/\/wawp.pl\/prezenty\/wp-json\/wp\/v2\/product\/2258","targetHints":{"allow":["GET"]}}],"collection":[{"href":"https:\/\/wawp.pl\/prezenty\/wp-json\/wp\/v2\/product"}],"about":[{"href":"https:\/\/wawp.pl\/prezenty\/wp-json\/wp\/v2\/types\/product"}],"wp:featuredmedia":[{"embeddable":true,"href":"https:\/\/wawp.pl\/prezenty\/wp-json\/wp\/v2\/media\/2125"}],"wp:attachment":[{"href":"https:\/\/wawp.pl\/prezenty\/wp-json\/wp\/v2\/media?parent=2258"}],"wp:term":[{"taxonomy":"product_brand","embeddable":true,"href":"https:\/\/wawp.pl\/prezenty\/wp-json\/wp\/v2\/product_brand?post=2258"},{"taxonomy":"product_cat","embeddable":true,"href":"https:\/\/wawp.pl\/prezenty\/wp-json\/wp\/v2\/product_cat?post=2258"},{"taxonomy":"product_tag","embeddable":true,"href":"https:\/\/wawp.pl\/prezenty\/wp-json\/wp\/v2\/product_tag?post=2258"}],"curies":[{"name":"wp","href":"https:\/\/api.w.org\/{rel}","templated":true}]}}