{"id":2247,"date":"2023-08-26T16:55:50","date_gmt":"2023-08-26T16:55:50","guid":{"rendered":"https:\/\/wawp.pl\/prezenty\/?post_type=product&#038;p=2247"},"modified":"2024-12-13T13:29:43","modified_gmt":"2024-12-13T13:29:43","slug":"bezalkoholowe-lato-zestaw-prezentowy-ze-slodyczami-slodycze-zestaw-bezalkoholowy","status":"publish","type":"product","link":"https:\/\/wawp.pl\/prezenty\/produkt\/bezalkoholowe-lato-zestaw-prezentowy-ze-slodyczami-slodycze-zestaw-bezalkoholowy\/","title":{"rendered":"Bezalkoholowe Lato"},"content":{"rendered":"","protected":false},"excerpt":{"rendered":"<p>Bezalkoholowy zestaw upominkowy to \u015bwietna propozycja na prezent dla ka\u017cdego kto nie chce lub nie no\u017ce u\u017cywa\u0107 trunk\u00f3w wyskokowych. Box delikates\u00f3w po brzegi wype\u0142niony jest s\u0142odko\u015bciami od znanych oraz niszowych producent\u00f3w. Zestaw pi\u0119knie si\u0119 prezentuje i kusi swoj\u0105 zawarto\u015bci\u0105 zar\u00f3wno starszych jaki m\u0142odszych obdarowanych.<\/p>\n<p><strong>Doti<\/strong> to kandyzowana sk\u00f3rka pomara\u0144czy oblana deserow\u0105 czekolad\u0105. S\u0142odko-kwa\u015bno-gorzki smak cytrusa idealnie wsp\u00f3\u0142gra z wysokiej jako\u015bci belgijsk\u0105 czekolad\u0105. 50g<\/p>\n<p><strong>Merci<\/strong> to marka, kt\u00f3ra od lat cieszy si\u0119 w Polsce wielk\u0105 popularno\u015bci\u0105. 8 rodzaj\u00f3w czekoladowych sztabek z r\u00f3\u017cnorakim nadzieniem to znakomity spos\u00f3b, aby powiedzie\u0107 komu\u015b \u201edzi\u0119kuj\u0119\u201d. 250g<\/p>\n<p><strong>Roshen White Bubble<\/strong> to bia\u0142a czekolada wype\u0142niona b\u0105belkami powietrze. Dzi\u0119ki b\u0105belkom powoduje przyjemne musowanie na podniebieniu. 80g<\/p>\n<p><strong>Delisana La Crema Cocco<\/strong> to kruche ciasteczka wype\u0142nione aksamitnym, kokosowym kremem. Idealny dodatek do kawy lub cappuccino. 150g<\/p>\n<p><strong>Carletti Orange Arches<\/strong> to pyszne p\u0142atki z czekolady deserowej o smaku pomara\u0144czowym. 75g<\/p>\n<p><strong>Delicadore Fine<\/strong> to belgijska, deserowa czekolada z aromatem sk\u00f3rki pomara\u0144czy. 100g<\/p>\n<p>Opakowanie to mi\u0142e dla oka i dotyku tekturowe pude\u0142ko.\u00a0 Mi\u0119kka i estetyczna wy\u015bci\u00f3\u0142ka zapewnia bezpiecze\u0144stwo szklanym elementom zestawu. Wieko pude\u0142ka przewi\u0105zane nawi\u0105zuj\u0105c\u0105 do kolorystyki zestawu wst\u0105\u017ck\u0105. Ca\u0142o\u015b\u0107 przyjazna \u015brodowisku i podlegaj\u0105ca recyklingowi.<\/p>\n","protected":false},"featured_media":2248,"template":"","meta":{"_acf_changed":false},"product_brand":[],"product_cat":[33],"product_tag":[],"class_list":{"0":"post-2247","1":"product","2":"type-product","3":"status-publish","4":"has-post-thumbnail","6":"product_cat-zestawy-upominkowe","8":"first","9":"outofstock","10":"purchasable","11":"product-type-simple"},"acf":[],"yoast_head":"<!-- This site is optimized with the Yoast SEO plugin v27.3 - https:\/\/yoast.com\/product\/yoast-seo-wordpress\/ -->\n<title>Bezalkoholowe Lato: Zestaw prezentowy ze s\u0142odyczami - S\u0142odycze zestaw bezalkoholowy | Zestawy \u015awi\u0105teczne<\/title>\n<meta name=\"description\" content=\"Zobacz produkt: Bezalkoholowe Lato Zestaw prezentowy ze s\u0142odyczami - S\u0142odycze zestaw bezalkoholowy - dost\u0119pny online na Whisky and Wine Place wawp.pl\/prezenty !\" \/>\n<meta name=\"robots\" content=\"index, follow, max-snippet:-1, max-image-preview:large, max-video-preview:-1\" \/>\n<link rel=\"canonical\" href=\"https:\/\/wawp.pl\/prezenty\/produkt\/bezalkoholowe-lato-zestaw-prezentowy-ze-slodyczami-slodycze-zestaw-bezalkoholowy\/\" \/>\n<meta property=\"og:locale\" content=\"pl_PL\" \/>\n<meta property=\"og:type\" content=\"article\" \/>\n<meta property=\"og:title\" content=\"Bezalkoholowe Lato: Zestaw prezentowy ze s\u0142odyczami - S\u0142odycze zestaw bezalkoholowy | Zestawy \u015awi\u0105teczne\" \/>\n<meta property=\"og:description\" content=\"Zobacz produkt: Bezalkoholowe Lato Zestaw prezentowy ze s\u0142odyczami - S\u0142odycze zestaw bezalkoholowy - dost\u0119pny online na Whisky and Wine Place wawp.pl\/prezenty !\" \/>\n<meta property=\"og:url\" content=\"https:\/\/wawp.pl\/prezenty\/produkt\/bezalkoholowe-lato-zestaw-prezentowy-ze-slodyczami-slodycze-zestaw-bezalkoholowy\/\" \/>\n<meta property=\"og:site_name\" content=\"Zestawy \u015awi\u0105teczne\" \/>\n<meta property=\"article:modified_time\" content=\"2024-12-13T13:29:43+00:00\" \/>\n<meta property=\"og:image\" content=\"https:\/\/wawp.pl\/prezenty\/wp-content\/uploads\/2023\/08\/bezalkoholowe-lato-zestaw-prezentowy-ze-slodyczami-slodycze-zestaw-bezalkoholowy.png\" \/>\n\t<meta property=\"og:image:width\" content=\"1200\" \/>\n\t<meta property=\"og:image:height\" content=\"1260\" \/>\n\t<meta property=\"og:image:type\" content=\"image\/png\" \/>\n<meta name=\"twitter:card\" content=\"summary_large_image\" \/>\n<script type=\"application\/ld+json\" class=\"yoast-schema-graph\">{\"@context\":\"https:\\\/\\\/schema.org\",\"@graph\":[{\"@type\":\"WebPage\",\"@id\":\"https:\\\/\\\/wawp.pl\\\/prezenty\\\/produkt\\\/bezalkoholowe-lato-zestaw-prezentowy-ze-slodyczami-slodycze-zestaw-bezalkoholowy\\\/\",\"url\":\"https:\\\/\\\/wawp.pl\\\/prezenty\\\/produkt\\\/bezalkoholowe-lato-zestaw-prezentowy-ze-slodyczami-slodycze-zestaw-bezalkoholowy\\\/\",\"name\":\"Bezalkoholowe Lato: Zestaw prezentowy ze s\u0142odyczami - S\u0142odycze zestaw bezalkoholowy | Zestawy \u015awi\u0105teczne\",\"isPartOf\":{\"@id\":\"https:\\\/\\\/wawp.pl\\\/prezenty\\\/#website\"},\"primaryImageOfPage\":{\"@id\":\"https:\\\/\\\/wawp.pl\\\/prezenty\\\/produkt\\\/bezalkoholowe-lato-zestaw-prezentowy-ze-slodyczami-slodycze-zestaw-bezalkoholowy\\\/#primaryimage\"},\"image\":{\"@id\":\"https:\\\/\\\/wawp.pl\\\/prezenty\\\/produkt\\\/bezalkoholowe-lato-zestaw-prezentowy-ze-slodyczami-slodycze-zestaw-bezalkoholowy\\\/#primaryimage\"},\"thumbnailUrl\":\"https:\\\/\\\/wawp.pl\\\/prezenty\\\/wp-content\\\/uploads\\\/2023\\\/08\\\/bezalkoholowe-lato-zestaw-prezentowy-ze-slodyczami-slodycze-zestaw-bezalkoholowy.png\",\"datePublished\":\"2023-08-26T16:55:50+00:00\",\"dateModified\":\"2024-12-13T13:29:43+00:00\",\"description\":\"Zobacz produkt: Bezalkoholowe Lato Zestaw prezentowy ze s\u0142odyczami - S\u0142odycze zestaw bezalkoholowy - dost\u0119pny online na Whisky and Wine Place wawp.pl\\\/prezenty !\",\"breadcrumb\":{\"@id\":\"https:\\\/\\\/wawp.pl\\\/prezenty\\\/produkt\\\/bezalkoholowe-lato-zestaw-prezentowy-ze-slodyczami-slodycze-zestaw-bezalkoholowy\\\/#breadcrumb\"},\"inLanguage\":\"pl-PL\",\"potentialAction\":[{\"@type\":\"ReadAction\",\"target\":[\"https:\\\/\\\/wawp.pl\\\/prezenty\\\/produkt\\\/bezalkoholowe-lato-zestaw-prezentowy-ze-slodyczami-slodycze-zestaw-bezalkoholowy\\\/\"]}]},{\"@type\":\"ImageObject\",\"inLanguage\":\"pl-PL\",\"@id\":\"https:\\\/\\\/wawp.pl\\\/prezenty\\\/produkt\\\/bezalkoholowe-lato-zestaw-prezentowy-ze-slodyczami-slodycze-zestaw-bezalkoholowy\\\/#primaryimage\",\"url\":\"https:\\\/\\\/wawp.pl\\\/prezenty\\\/wp-content\\\/uploads\\\/2023\\\/08\\\/bezalkoholowe-lato-zestaw-prezentowy-ze-slodyczami-slodycze-zestaw-bezalkoholowy.png\",\"contentUrl\":\"https:\\\/\\\/wawp.pl\\\/prezenty\\\/wp-content\\\/uploads\\\/2023\\\/08\\\/bezalkoholowe-lato-zestaw-prezentowy-ze-slodyczami-slodycze-zestaw-bezalkoholowy.png\",\"width\":1200,\"height\":1260},{\"@type\":\"BreadcrumbList\",\"@id\":\"https:\\\/\\\/wawp.pl\\\/prezenty\\\/produkt\\\/bezalkoholowe-lato-zestaw-prezentowy-ze-slodyczami-slodycze-zestaw-bezalkoholowy\\\/#breadcrumb\",\"itemListElement\":[{\"@type\":\"ListItem\",\"position\":1,\"name\":\"Strona g\u0142\u00f3wna\",\"item\":\"https:\\\/\\\/wawp.pl\\\/prezenty\\\/\"},{\"@type\":\"ListItem\",\"position\":2,\"name\":\"Shop\",\"item\":\"https:\\\/\\\/wawp.pl\\\/prezenty\\\/shop\\\/\"},{\"@type\":\"ListItem\",\"position\":3,\"name\":\"Bezalkoholowe Lato\"}]},{\"@type\":\"WebSite\",\"@id\":\"https:\\\/\\\/wawp.pl\\\/prezenty\\\/#website\",\"url\":\"https:\\\/\\\/wawp.pl\\\/prezenty\\\/\",\"name\":\"Zestawy \u015awi\u0105teczne\",\"description\":\"Kosze \u015awi\u0105teczne, Podarunkowe, Prezentowe\",\"publisher\":{\"@id\":\"https:\\\/\\\/wawp.pl\\\/prezenty\\\/#organization\"},\"potentialAction\":[{\"@type\":\"SearchAction\",\"target\":{\"@type\":\"EntryPoint\",\"urlTemplate\":\"https:\\\/\\\/wawp.pl\\\/prezenty\\\/?s={search_term_string}\"},\"query-input\":{\"@type\":\"PropertyValueSpecification\",\"valueRequired\":true,\"valueName\":\"search_term_string\"}}],\"inLanguage\":\"pl-PL\"},{\"@type\":\"Organization\",\"@id\":\"https:\\\/\\\/wawp.pl\\\/prezenty\\\/#organization\",\"name\":\"Zestawy \u015awi\u0105teczne\",\"url\":\"https:\\\/\\\/wawp.pl\\\/prezenty\\\/\",\"logo\":{\"@type\":\"ImageObject\",\"inLanguage\":\"pl-PL\",\"@id\":\"https:\\\/\\\/wawp.pl\\\/prezenty\\\/#\\\/schema\\\/logo\\\/image\\\/\",\"url\":\"https:\\\/\\\/wawp.pl\\\/prezenty\\\/wp-content\\\/uploads\\\/2021\\\/11\\\/cropped-logo.png\",\"contentUrl\":\"https:\\\/\\\/wawp.pl\\\/prezenty\\\/wp-content\\\/uploads\\\/2021\\\/11\\\/cropped-logo.png\",\"width\":360,\"height\":137,\"caption\":\"Zestawy \u015awi\u0105teczne\"},\"image\":{\"@id\":\"https:\\\/\\\/wawp.pl\\\/prezenty\\\/#\\\/schema\\\/logo\\\/image\\\/\"}}]}<\/script>\n<!-- \/ Yoast SEO plugin. -->","yoast_head_json":{"title":"Bezalkoholowe Lato: Zestaw prezentowy ze s\u0142odyczami - S\u0142odycze zestaw bezalkoholowy | Zestawy \u015awi\u0105teczne","description":"Zobacz produkt: Bezalkoholowe Lato Zestaw prezentowy ze s\u0142odyczami - S\u0142odycze zestaw bezalkoholowy - dost\u0119pny online na Whisky and Wine Place wawp.pl\/prezenty !","robots":{"index":"index","follow":"follow","max-snippet":"max-snippet:-1","max-image-preview":"max-image-preview:large","max-video-preview":"max-video-preview:-1"},"canonical":"https:\/\/wawp.pl\/prezenty\/produkt\/bezalkoholowe-lato-zestaw-prezentowy-ze-slodyczami-slodycze-zestaw-bezalkoholowy\/","og_locale":"pl_PL","og_type":"article","og_title":"Bezalkoholowe Lato: Zestaw prezentowy ze s\u0142odyczami - S\u0142odycze zestaw bezalkoholowy | Zestawy \u015awi\u0105teczne","og_description":"Zobacz produkt: Bezalkoholowe Lato Zestaw prezentowy ze s\u0142odyczami - S\u0142odycze zestaw bezalkoholowy - dost\u0119pny online na Whisky and Wine Place wawp.pl\/prezenty !","og_url":"https:\/\/wawp.pl\/prezenty\/produkt\/bezalkoholowe-lato-zestaw-prezentowy-ze-slodyczami-slodycze-zestaw-bezalkoholowy\/","og_site_name":"Zestawy \u015awi\u0105teczne","article_modified_time":"2024-12-13T13:29:43+00:00","og_image":[{"width":1200,"height":1260,"url":"https:\/\/wawp.pl\/prezenty\/wp-content\/uploads\/2023\/08\/bezalkoholowe-lato-zestaw-prezentowy-ze-slodyczami-slodycze-zestaw-bezalkoholowy.png","type":"image\/png"}],"twitter_card":"summary_large_image","schema":{"@context":"https:\/\/schema.org","@graph":[{"@type":"WebPage","@id":"https:\/\/wawp.pl\/prezenty\/produkt\/bezalkoholowe-lato-zestaw-prezentowy-ze-slodyczami-slodycze-zestaw-bezalkoholowy\/","url":"https:\/\/wawp.pl\/prezenty\/produkt\/bezalkoholowe-lato-zestaw-prezentowy-ze-slodyczami-slodycze-zestaw-bezalkoholowy\/","name":"Bezalkoholowe Lato: Zestaw prezentowy ze s\u0142odyczami - S\u0142odycze zestaw bezalkoholowy | Zestawy \u015awi\u0105teczne","isPartOf":{"@id":"https:\/\/wawp.pl\/prezenty\/#website"},"primaryImageOfPage":{"@id":"https:\/\/wawp.pl\/prezenty\/produkt\/bezalkoholowe-lato-zestaw-prezentowy-ze-slodyczami-slodycze-zestaw-bezalkoholowy\/#primaryimage"},"image":{"@id":"https:\/\/wawp.pl\/prezenty\/produkt\/bezalkoholowe-lato-zestaw-prezentowy-ze-slodyczami-slodycze-zestaw-bezalkoholowy\/#primaryimage"},"thumbnailUrl":"https:\/\/wawp.pl\/prezenty\/wp-content\/uploads\/2023\/08\/bezalkoholowe-lato-zestaw-prezentowy-ze-slodyczami-slodycze-zestaw-bezalkoholowy.png","datePublished":"2023-08-26T16:55:50+00:00","dateModified":"2024-12-13T13:29:43+00:00","description":"Zobacz produkt: Bezalkoholowe Lato Zestaw prezentowy ze s\u0142odyczami - S\u0142odycze zestaw bezalkoholowy - dost\u0119pny online na Whisky and Wine Place wawp.pl\/prezenty !","breadcrumb":{"@id":"https:\/\/wawp.pl\/prezenty\/produkt\/bezalkoholowe-lato-zestaw-prezentowy-ze-slodyczami-slodycze-zestaw-bezalkoholowy\/#breadcrumb"},"inLanguage":"pl-PL","potentialAction":[{"@type":"ReadAction","target":["https:\/\/wawp.pl\/prezenty\/produkt\/bezalkoholowe-lato-zestaw-prezentowy-ze-slodyczami-slodycze-zestaw-bezalkoholowy\/"]}]},{"@type":"ImageObject","inLanguage":"pl-PL","@id":"https:\/\/wawp.pl\/prezenty\/produkt\/bezalkoholowe-lato-zestaw-prezentowy-ze-slodyczami-slodycze-zestaw-bezalkoholowy\/#primaryimage","url":"https:\/\/wawp.pl\/prezenty\/wp-content\/uploads\/2023\/08\/bezalkoholowe-lato-zestaw-prezentowy-ze-slodyczami-slodycze-zestaw-bezalkoholowy.png","contentUrl":"https:\/\/wawp.pl\/prezenty\/wp-content\/uploads\/2023\/08\/bezalkoholowe-lato-zestaw-prezentowy-ze-slodyczami-slodycze-zestaw-bezalkoholowy.png","width":1200,"height":1260},{"@type":"BreadcrumbList","@id":"https:\/\/wawp.pl\/prezenty\/produkt\/bezalkoholowe-lato-zestaw-prezentowy-ze-slodyczami-slodycze-zestaw-bezalkoholowy\/#breadcrumb","itemListElement":[{"@type":"ListItem","position":1,"name":"Strona g\u0142\u00f3wna","item":"https:\/\/wawp.pl\/prezenty\/"},{"@type":"ListItem","position":2,"name":"Shop","item":"https:\/\/wawp.pl\/prezenty\/shop\/"},{"@type":"ListItem","position":3,"name":"Bezalkoholowe Lato"}]},{"@type":"WebSite","@id":"https:\/\/wawp.pl\/prezenty\/#website","url":"https:\/\/wawp.pl\/prezenty\/","name":"Zestawy \u015awi\u0105teczne","description":"Kosze \u015awi\u0105teczne, Podarunkowe, Prezentowe","publisher":{"@id":"https:\/\/wawp.pl\/prezenty\/#organization"},"potentialAction":[{"@type":"SearchAction","target":{"@type":"EntryPoint","urlTemplate":"https:\/\/wawp.pl\/prezenty\/?s={search_term_string}"},"query-input":{"@type":"PropertyValueSpecification","valueRequired":true,"valueName":"search_term_string"}}],"inLanguage":"pl-PL"},{"@type":"Organization","@id":"https:\/\/wawp.pl\/prezenty\/#organization","name":"Zestawy \u015awi\u0105teczne","url":"https:\/\/wawp.pl\/prezenty\/","logo":{"@type":"ImageObject","inLanguage":"pl-PL","@id":"https:\/\/wawp.pl\/prezenty\/#\/schema\/logo\/image\/","url":"https:\/\/wawp.pl\/prezenty\/wp-content\/uploads\/2021\/11\/cropped-logo.png","contentUrl":"https:\/\/wawp.pl\/prezenty\/wp-content\/uploads\/2021\/11\/cropped-logo.png","width":360,"height":137,"caption":"Zestawy \u015awi\u0105teczne"},"image":{"@id":"https:\/\/wawp.pl\/prezenty\/#\/schema\/logo\/image\/"}}]}},"_links":{"self":[{"href":"https:\/\/wawp.pl\/prezenty\/wp-json\/wp\/v2\/product\/2247","targetHints":{"allow":["GET"]}}],"collection":[{"href":"https:\/\/wawp.pl\/prezenty\/wp-json\/wp\/v2\/product"}],"about":[{"href":"https:\/\/wawp.pl\/prezenty\/wp-json\/wp\/v2\/types\/product"}],"wp:featuredmedia":[{"embeddable":true,"href":"https:\/\/wawp.pl\/prezenty\/wp-json\/wp\/v2\/media\/2248"}],"wp:attachment":[{"href":"https:\/\/wawp.pl\/prezenty\/wp-json\/wp\/v2\/media?parent=2247"}],"wp:term":[{"taxonomy":"product_brand","embeddable":true,"href":"https:\/\/wawp.pl\/prezenty\/wp-json\/wp\/v2\/product_brand?post=2247"},{"taxonomy":"product_cat","embeddable":true,"href":"https:\/\/wawp.pl\/prezenty\/wp-json\/wp\/v2\/product_cat?post=2247"},{"taxonomy":"product_tag","embeddable":true,"href":"https:\/\/wawp.pl\/prezenty\/wp-json\/wp\/v2\/product_tag?post=2247"}],"curies":[{"name":"wp","href":"https:\/\/api.w.org\/{rel}","templated":true}]}}