{"id":2245,"date":"2023-08-26T16:51:57","date_gmt":"2023-08-26T16:51:57","guid":{"rendered":"https:\/\/wawp.pl\/prezenty\/?post_type=product&#038;p=2245"},"modified":"2024-12-13T13:29:43","modified_gmt":"2024-12-13T13:29:43","slug":"bezalkoholowa-zima-zestaw-prezentowy-ze-slodyczami-slodycze-zestaw-bezalkoholowy","status":"publish","type":"product","link":"https:\/\/wawp.pl\/prezenty\/produkt\/bezalkoholowa-zima-zestaw-prezentowy-ze-slodyczami-slodycze-zestaw-bezalkoholowy\/","title":{"rendered":"Bezalkoholowa zima"},"content":{"rendered":"","protected":false},"excerpt":{"rendered":"<p>Bezalkoholowy box upominkowy sprawi wiele rado\u015b\u0107 ka\u017cdemu kto nie chce lub nie mo\u017ce spo\u017cywa\u0107 alkoholu. Kompozycja starannie wyselekcjonowanych s\u0142odyczy pomy\u015blana jest tak aby m\u00f3c cieszy\u0107 si\u0119 ni\u0105 przy ka\u017cdej okazji ale najlepiej sprawdzi si\u0119 pod choink\u0105. Wysokiej jako\u015bci delikatesy smakuj\u0105 wspaniale przy kominku lub \u015bwi\u0105tecznym stole.<\/p>\n<p><strong>Cupido<\/strong> to bombonierka pe\u0142na pralin z nadzieniem o smaku szlachetnej, szkockiej whisky Teacher\u2019s. 150g<\/p>\n<p><strong>Cachet<\/strong> to czekolada klasy premium wyprodukowana przez belgijskich mistrz\u00f3w cukiernictwa. Dodatek wi\u015bni spaja j\u0105 kolorystycznie z tematyk\u0105 zestawu upominkowego. 100g<\/p>\n<p><strong>Cupido Choco Delicata&#8217;s Dark<\/strong> to paluszki z ciemnej czekolady. Idealne jako dodatek do kawy lub ciast. 75g<\/p>\n<p><strong>Walkers<\/strong> to kruche ma\u015blane ciasteczka o intensywnym aromacie i smaku. Tradycja ich wypieku \u015bci\u015ble powi\u0105zana jest ze Szkocj\u0105 gdzie cz\u0119sto stanowi\u0105 one dodatek to popijania whisky. 150g<\/p>\n<p><strong>Excelcium Choc &amp; Plus<\/strong> to belgijskie czekoladki z dodatkiem naturalnych, suszonych malin. 107g<\/p>\n<p><strong>Bombonierka Hamlet<\/strong> to belgijskie czekoladki z nadzieniem o r\u00f3\u017cnych smakach. Elegancko opakowane i kolorystycznie nawi\u0105zuj\u0105ce do pozosta\u0142ych element\u00f3w zestawu. 125g<\/p>\n<p><strong>Konfitura czekoladowo-truskawkowa<\/strong> to polski wyr\u00f3b manufakturowy powstaj\u0105cy w ma\u0142ych partiach ze staranie wyselekcjonowanych, wielkopolskich owoc\u00f3w i najwy\u017cszej jako\u015bci kakao. Smako\u0142yk jest w 100% naturalny i nie zawiera konserwant\u00f3w ani GMO. 200g<\/p>\n<p><strong>Zentis chlebek marcepanowy<\/strong> to solidna porcia marcepana z migda\u0142ami oblana czekolad\u0105. 100g<\/p>\n<p>Opakowanie to mi\u0142e dla oka i dotyku tekturowe pude\u0142ko. \u00a0Mi\u0119kka i estetyczna wy\u015bci\u00f3\u0142ka zapewnia bezpiecze\u0144stwo szklanym elementom zestawu. Wieko pude\u0142ka przewi\u0105zane nawi\u0105zuj\u0105c\u0105 do kolorystyki zestawu wst\u0105\u017ck\u0105. Ca\u0142o\u015b\u0107 przyjazna \u015brodowisku i podlegaj\u0105ca recyklingowi.<\/p>\n","protected":false},"featured_media":2246,"template":"","meta":{"_acf_changed":false},"product_brand":[],"product_cat":[33],"product_tag":[],"class_list":{"0":"post-2245","1":"product","2":"type-product","3":"status-publish","4":"has-post-thumbnail","6":"product_cat-zestawy-upominkowe","8":"first","9":"outofstock","10":"purchasable","11":"product-type-simple"},"acf":[],"yoast_head":"<!-- This site is optimized with the Yoast SEO plugin v27.3 - https:\/\/yoast.com\/product\/yoast-seo-wordpress\/ -->\n<title>Bezalkoholowa zima: Zestaw prezentowy ze s\u0142odyczami - S\u0142odycze zestaw bezalkoholowy | Zestawy \u015awi\u0105teczne<\/title>\n<meta name=\"description\" content=\"Zobacz produkt: Bezalkoholowa zima Zestaw prezentowy ze s\u0142odyczami - S\u0142odycze zestaw bezalkoholowy - dost\u0119pny online na Whisky and Wine Place wawp.pl\/prezenty !\" \/>\n<meta name=\"robots\" content=\"index, follow, max-snippet:-1, max-image-preview:large, max-video-preview:-1\" \/>\n<link rel=\"canonical\" href=\"https:\/\/wawp.pl\/prezenty\/produkt\/bezalkoholowa-zima-zestaw-prezentowy-ze-slodyczami-slodycze-zestaw-bezalkoholowy\/\" \/>\n<meta property=\"og:locale\" content=\"pl_PL\" \/>\n<meta property=\"og:type\" content=\"article\" \/>\n<meta property=\"og:title\" content=\"Bezalkoholowa zima: Zestaw prezentowy ze s\u0142odyczami - S\u0142odycze zestaw bezalkoholowy | Zestawy \u015awi\u0105teczne\" \/>\n<meta property=\"og:description\" content=\"Zobacz produkt: Bezalkoholowa zima Zestaw prezentowy ze s\u0142odyczami - S\u0142odycze zestaw bezalkoholowy - dost\u0119pny online na Whisky and Wine Place wawp.pl\/prezenty !\" \/>\n<meta property=\"og:url\" content=\"https:\/\/wawp.pl\/prezenty\/produkt\/bezalkoholowa-zima-zestaw-prezentowy-ze-slodyczami-slodycze-zestaw-bezalkoholowy\/\" \/>\n<meta property=\"og:site_name\" content=\"Zestawy \u015awi\u0105teczne\" \/>\n<meta property=\"article:modified_time\" content=\"2024-12-13T13:29:43+00:00\" \/>\n<meta property=\"og:image\" content=\"https:\/\/wawp.pl\/prezenty\/wp-content\/uploads\/2023\/08\/bezalkoholowa-zima-zestaw-prezentowy-ze-slodyczami-slodycze-zestaw-bezalkoholowy.png\" \/>\n\t<meta property=\"og:image:width\" content=\"1200\" \/>\n\t<meta property=\"og:image:height\" content=\"1260\" \/>\n\t<meta property=\"og:image:type\" content=\"image\/png\" \/>\n<meta name=\"twitter:card\" content=\"summary_large_image\" \/>\n<script type=\"application\/ld+json\" class=\"yoast-schema-graph\">{\"@context\":\"https:\\\/\\\/schema.org\",\"@graph\":[{\"@type\":\"WebPage\",\"@id\":\"https:\\\/\\\/wawp.pl\\\/prezenty\\\/produkt\\\/bezalkoholowa-zima-zestaw-prezentowy-ze-slodyczami-slodycze-zestaw-bezalkoholowy\\\/\",\"url\":\"https:\\\/\\\/wawp.pl\\\/prezenty\\\/produkt\\\/bezalkoholowa-zima-zestaw-prezentowy-ze-slodyczami-slodycze-zestaw-bezalkoholowy\\\/\",\"name\":\"Bezalkoholowa zima: Zestaw prezentowy ze s\u0142odyczami - S\u0142odycze zestaw bezalkoholowy | Zestawy \u015awi\u0105teczne\",\"isPartOf\":{\"@id\":\"https:\\\/\\\/wawp.pl\\\/prezenty\\\/#website\"},\"primaryImageOfPage\":{\"@id\":\"https:\\\/\\\/wawp.pl\\\/prezenty\\\/produkt\\\/bezalkoholowa-zima-zestaw-prezentowy-ze-slodyczami-slodycze-zestaw-bezalkoholowy\\\/#primaryimage\"},\"image\":{\"@id\":\"https:\\\/\\\/wawp.pl\\\/prezenty\\\/produkt\\\/bezalkoholowa-zima-zestaw-prezentowy-ze-slodyczami-slodycze-zestaw-bezalkoholowy\\\/#primaryimage\"},\"thumbnailUrl\":\"https:\\\/\\\/wawp.pl\\\/prezenty\\\/wp-content\\\/uploads\\\/2023\\\/08\\\/bezalkoholowa-zima-zestaw-prezentowy-ze-slodyczami-slodycze-zestaw-bezalkoholowy.png\",\"datePublished\":\"2023-08-26T16:51:57+00:00\",\"dateModified\":\"2024-12-13T13:29:43+00:00\",\"description\":\"Zobacz produkt: Bezalkoholowa zima Zestaw prezentowy ze s\u0142odyczami - S\u0142odycze zestaw bezalkoholowy - dost\u0119pny online na Whisky and Wine Place wawp.pl\\\/prezenty !\",\"breadcrumb\":{\"@id\":\"https:\\\/\\\/wawp.pl\\\/prezenty\\\/produkt\\\/bezalkoholowa-zima-zestaw-prezentowy-ze-slodyczami-slodycze-zestaw-bezalkoholowy\\\/#breadcrumb\"},\"inLanguage\":\"pl-PL\",\"potentialAction\":[{\"@type\":\"ReadAction\",\"target\":[\"https:\\\/\\\/wawp.pl\\\/prezenty\\\/produkt\\\/bezalkoholowa-zima-zestaw-prezentowy-ze-slodyczami-slodycze-zestaw-bezalkoholowy\\\/\"]}]},{\"@type\":\"ImageObject\",\"inLanguage\":\"pl-PL\",\"@id\":\"https:\\\/\\\/wawp.pl\\\/prezenty\\\/produkt\\\/bezalkoholowa-zima-zestaw-prezentowy-ze-slodyczami-slodycze-zestaw-bezalkoholowy\\\/#primaryimage\",\"url\":\"https:\\\/\\\/wawp.pl\\\/prezenty\\\/wp-content\\\/uploads\\\/2023\\\/08\\\/bezalkoholowa-zima-zestaw-prezentowy-ze-slodyczami-slodycze-zestaw-bezalkoholowy.png\",\"contentUrl\":\"https:\\\/\\\/wawp.pl\\\/prezenty\\\/wp-content\\\/uploads\\\/2023\\\/08\\\/bezalkoholowa-zima-zestaw-prezentowy-ze-slodyczami-slodycze-zestaw-bezalkoholowy.png\",\"width\":1200,\"height\":1260},{\"@type\":\"BreadcrumbList\",\"@id\":\"https:\\\/\\\/wawp.pl\\\/prezenty\\\/produkt\\\/bezalkoholowa-zima-zestaw-prezentowy-ze-slodyczami-slodycze-zestaw-bezalkoholowy\\\/#breadcrumb\",\"itemListElement\":[{\"@type\":\"ListItem\",\"position\":1,\"name\":\"Strona g\u0142\u00f3wna\",\"item\":\"https:\\\/\\\/wawp.pl\\\/prezenty\\\/\"},{\"@type\":\"ListItem\",\"position\":2,\"name\":\"Shop\",\"item\":\"https:\\\/\\\/wawp.pl\\\/prezenty\\\/shop\\\/\"},{\"@type\":\"ListItem\",\"position\":3,\"name\":\"Bezalkoholowa zima\"}]},{\"@type\":\"WebSite\",\"@id\":\"https:\\\/\\\/wawp.pl\\\/prezenty\\\/#website\",\"url\":\"https:\\\/\\\/wawp.pl\\\/prezenty\\\/\",\"name\":\"Zestawy \u015awi\u0105teczne\",\"description\":\"Kosze \u015awi\u0105teczne, Podarunkowe, Prezentowe\",\"publisher\":{\"@id\":\"https:\\\/\\\/wawp.pl\\\/prezenty\\\/#organization\"},\"potentialAction\":[{\"@type\":\"SearchAction\",\"target\":{\"@type\":\"EntryPoint\",\"urlTemplate\":\"https:\\\/\\\/wawp.pl\\\/prezenty\\\/?s={search_term_string}\"},\"query-input\":{\"@type\":\"PropertyValueSpecification\",\"valueRequired\":true,\"valueName\":\"search_term_string\"}}],\"inLanguage\":\"pl-PL\"},{\"@type\":\"Organization\",\"@id\":\"https:\\\/\\\/wawp.pl\\\/prezenty\\\/#organization\",\"name\":\"Zestawy \u015awi\u0105teczne\",\"url\":\"https:\\\/\\\/wawp.pl\\\/prezenty\\\/\",\"logo\":{\"@type\":\"ImageObject\",\"inLanguage\":\"pl-PL\",\"@id\":\"https:\\\/\\\/wawp.pl\\\/prezenty\\\/#\\\/schema\\\/logo\\\/image\\\/\",\"url\":\"https:\\\/\\\/wawp.pl\\\/prezenty\\\/wp-content\\\/uploads\\\/2021\\\/11\\\/cropped-logo.png\",\"contentUrl\":\"https:\\\/\\\/wawp.pl\\\/prezenty\\\/wp-content\\\/uploads\\\/2021\\\/11\\\/cropped-logo.png\",\"width\":360,\"height\":137,\"caption\":\"Zestawy \u015awi\u0105teczne\"},\"image\":{\"@id\":\"https:\\\/\\\/wawp.pl\\\/prezenty\\\/#\\\/schema\\\/logo\\\/image\\\/\"}}]}<\/script>\n<!-- \/ Yoast SEO plugin. -->","yoast_head_json":{"title":"Bezalkoholowa zima: Zestaw prezentowy ze s\u0142odyczami - S\u0142odycze zestaw bezalkoholowy | Zestawy \u015awi\u0105teczne","description":"Zobacz produkt: Bezalkoholowa zima Zestaw prezentowy ze s\u0142odyczami - S\u0142odycze zestaw bezalkoholowy - dost\u0119pny online na Whisky and Wine Place wawp.pl\/prezenty !","robots":{"index":"index","follow":"follow","max-snippet":"max-snippet:-1","max-image-preview":"max-image-preview:large","max-video-preview":"max-video-preview:-1"},"canonical":"https:\/\/wawp.pl\/prezenty\/produkt\/bezalkoholowa-zima-zestaw-prezentowy-ze-slodyczami-slodycze-zestaw-bezalkoholowy\/","og_locale":"pl_PL","og_type":"article","og_title":"Bezalkoholowa zima: Zestaw prezentowy ze s\u0142odyczami - S\u0142odycze zestaw bezalkoholowy | Zestawy \u015awi\u0105teczne","og_description":"Zobacz produkt: Bezalkoholowa zima Zestaw prezentowy ze s\u0142odyczami - S\u0142odycze zestaw bezalkoholowy - dost\u0119pny online na Whisky and Wine Place wawp.pl\/prezenty !","og_url":"https:\/\/wawp.pl\/prezenty\/produkt\/bezalkoholowa-zima-zestaw-prezentowy-ze-slodyczami-slodycze-zestaw-bezalkoholowy\/","og_site_name":"Zestawy \u015awi\u0105teczne","article_modified_time":"2024-12-13T13:29:43+00:00","og_image":[{"width":1200,"height":1260,"url":"https:\/\/wawp.pl\/prezenty\/wp-content\/uploads\/2023\/08\/bezalkoholowa-zima-zestaw-prezentowy-ze-slodyczami-slodycze-zestaw-bezalkoholowy.png","type":"image\/png"}],"twitter_card":"summary_large_image","schema":{"@context":"https:\/\/schema.org","@graph":[{"@type":"WebPage","@id":"https:\/\/wawp.pl\/prezenty\/produkt\/bezalkoholowa-zima-zestaw-prezentowy-ze-slodyczami-slodycze-zestaw-bezalkoholowy\/","url":"https:\/\/wawp.pl\/prezenty\/produkt\/bezalkoholowa-zima-zestaw-prezentowy-ze-slodyczami-slodycze-zestaw-bezalkoholowy\/","name":"Bezalkoholowa zima: Zestaw prezentowy ze s\u0142odyczami - S\u0142odycze zestaw bezalkoholowy | Zestawy \u015awi\u0105teczne","isPartOf":{"@id":"https:\/\/wawp.pl\/prezenty\/#website"},"primaryImageOfPage":{"@id":"https:\/\/wawp.pl\/prezenty\/produkt\/bezalkoholowa-zima-zestaw-prezentowy-ze-slodyczami-slodycze-zestaw-bezalkoholowy\/#primaryimage"},"image":{"@id":"https:\/\/wawp.pl\/prezenty\/produkt\/bezalkoholowa-zima-zestaw-prezentowy-ze-slodyczami-slodycze-zestaw-bezalkoholowy\/#primaryimage"},"thumbnailUrl":"https:\/\/wawp.pl\/prezenty\/wp-content\/uploads\/2023\/08\/bezalkoholowa-zima-zestaw-prezentowy-ze-slodyczami-slodycze-zestaw-bezalkoholowy.png","datePublished":"2023-08-26T16:51:57+00:00","dateModified":"2024-12-13T13:29:43+00:00","description":"Zobacz produkt: Bezalkoholowa zima Zestaw prezentowy ze s\u0142odyczami - S\u0142odycze zestaw bezalkoholowy - dost\u0119pny online na Whisky and Wine Place wawp.pl\/prezenty !","breadcrumb":{"@id":"https:\/\/wawp.pl\/prezenty\/produkt\/bezalkoholowa-zima-zestaw-prezentowy-ze-slodyczami-slodycze-zestaw-bezalkoholowy\/#breadcrumb"},"inLanguage":"pl-PL","potentialAction":[{"@type":"ReadAction","target":["https:\/\/wawp.pl\/prezenty\/produkt\/bezalkoholowa-zima-zestaw-prezentowy-ze-slodyczami-slodycze-zestaw-bezalkoholowy\/"]}]},{"@type":"ImageObject","inLanguage":"pl-PL","@id":"https:\/\/wawp.pl\/prezenty\/produkt\/bezalkoholowa-zima-zestaw-prezentowy-ze-slodyczami-slodycze-zestaw-bezalkoholowy\/#primaryimage","url":"https:\/\/wawp.pl\/prezenty\/wp-content\/uploads\/2023\/08\/bezalkoholowa-zima-zestaw-prezentowy-ze-slodyczami-slodycze-zestaw-bezalkoholowy.png","contentUrl":"https:\/\/wawp.pl\/prezenty\/wp-content\/uploads\/2023\/08\/bezalkoholowa-zima-zestaw-prezentowy-ze-slodyczami-slodycze-zestaw-bezalkoholowy.png","width":1200,"height":1260},{"@type":"BreadcrumbList","@id":"https:\/\/wawp.pl\/prezenty\/produkt\/bezalkoholowa-zima-zestaw-prezentowy-ze-slodyczami-slodycze-zestaw-bezalkoholowy\/#breadcrumb","itemListElement":[{"@type":"ListItem","position":1,"name":"Strona g\u0142\u00f3wna","item":"https:\/\/wawp.pl\/prezenty\/"},{"@type":"ListItem","position":2,"name":"Shop","item":"https:\/\/wawp.pl\/prezenty\/shop\/"},{"@type":"ListItem","position":3,"name":"Bezalkoholowa zima"}]},{"@type":"WebSite","@id":"https:\/\/wawp.pl\/prezenty\/#website","url":"https:\/\/wawp.pl\/prezenty\/","name":"Zestawy \u015awi\u0105teczne","description":"Kosze \u015awi\u0105teczne, Podarunkowe, Prezentowe","publisher":{"@id":"https:\/\/wawp.pl\/prezenty\/#organization"},"potentialAction":[{"@type":"SearchAction","target":{"@type":"EntryPoint","urlTemplate":"https:\/\/wawp.pl\/prezenty\/?s={search_term_string}"},"query-input":{"@type":"PropertyValueSpecification","valueRequired":true,"valueName":"search_term_string"}}],"inLanguage":"pl-PL"},{"@type":"Organization","@id":"https:\/\/wawp.pl\/prezenty\/#organization","name":"Zestawy \u015awi\u0105teczne","url":"https:\/\/wawp.pl\/prezenty\/","logo":{"@type":"ImageObject","inLanguage":"pl-PL","@id":"https:\/\/wawp.pl\/prezenty\/#\/schema\/logo\/image\/","url":"https:\/\/wawp.pl\/prezenty\/wp-content\/uploads\/2021\/11\/cropped-logo.png","contentUrl":"https:\/\/wawp.pl\/prezenty\/wp-content\/uploads\/2021\/11\/cropped-logo.png","width":360,"height":137,"caption":"Zestawy \u015awi\u0105teczne"},"image":{"@id":"https:\/\/wawp.pl\/prezenty\/#\/schema\/logo\/image\/"}}]}},"_links":{"self":[{"href":"https:\/\/wawp.pl\/prezenty\/wp-json\/wp\/v2\/product\/2245","targetHints":{"allow":["GET"]}}],"collection":[{"href":"https:\/\/wawp.pl\/prezenty\/wp-json\/wp\/v2\/product"}],"about":[{"href":"https:\/\/wawp.pl\/prezenty\/wp-json\/wp\/v2\/types\/product"}],"wp:featuredmedia":[{"embeddable":true,"href":"https:\/\/wawp.pl\/prezenty\/wp-json\/wp\/v2\/media\/2246"}],"wp:attachment":[{"href":"https:\/\/wawp.pl\/prezenty\/wp-json\/wp\/v2\/media?parent=2245"}],"wp:term":[{"taxonomy":"product_brand","embeddable":true,"href":"https:\/\/wawp.pl\/prezenty\/wp-json\/wp\/v2\/product_brand?post=2245"},{"taxonomy":"product_cat","embeddable":true,"href":"https:\/\/wawp.pl\/prezenty\/wp-json\/wp\/v2\/product_cat?post=2245"},{"taxonomy":"product_tag","embeddable":true,"href":"https:\/\/wawp.pl\/prezenty\/wp-json\/wp\/v2\/product_tag?post=2245"}],"curies":[{"name":"wp","href":"https:\/\/api.w.org\/{rel}","templated":true}]}}