{"id":2243,"date":"2023-08-26T16:40:51","date_gmt":"2023-08-26T16:40:51","guid":{"rendered":"https:\/\/wawp.pl\/prezenty\/?post_type=product&#038;p=2243"},"modified":"2024-12-13T13:29:43","modified_gmt":"2024-12-13T13:29:43","slug":"barcelona-we-dwoje-zestaw-prezentowy-z-alkoholem-zestaw-kobiecy-rozowe-wino-kosmetyki-slodycze","status":"publish","type":"product","link":"https:\/\/wawp.pl\/prezenty\/produkt\/barcelona-we-dwoje-zestaw-prezentowy-z-alkoholem-zestaw-kobiecy-rozowe-wino-kosmetyki-slodycze\/","title":{"rendered":"Barcelona we dwoje"},"content":{"rendered":"","protected":false},"excerpt":{"rendered":"<p>Zestaw upominkowy <strong>Barcelona we dwoje<\/strong> to propozycja na prezent dla pary. Ka\u017cdy element kosza upominkowego umili sp\u0119dzone wsp\u00f3lne chwile. Doskona\u0142e wino, s\u0142odkie dodatki oraz aromatyczne myde\u0142ko zapewnia niezapomniane prze\u017cycia.<\/p>\n<p>Box delikatesowy zawiera znakomite, hiszpa\u0144skie wino <strong>In Vita Rose<\/strong>. To wytrawne wino produkowane w znanym i cenionym regionie Rioja. Powstaje ze szczep\u00f3w winogron Tempranillo i Garnacha. Aromat bujny i intensywny przypominaj\u0105cy maliny i poziomki. W smaku soczyste i orze\u017awiaj\u0105ce. Idealne na wiecz\u00f3r w ogrodzie. 0,7L<\/p>\n<p><strong>Hildebrand<\/strong> to baton marcepanowy w czekoladzie z migda\u0142ami. Drobna przek\u0105ska idealna na spacer lub jako dodatek to kawy lub herbaty. 50g<\/p>\n<p><strong>Delisana La Crema<\/strong> to ciasteczka z puszystym kremem milinowym, kt\u00f3rych smak i aromat przywodz\u0105 na my\u015bl wakacje na polskiej prowincji. 150g<\/p>\n<p><strong>Myde\u0142ko<\/strong> produkowane w rzemie\u015blniczej pasiece <strong>\u0141yso\u0144<\/strong> z dodatkiem naturalnego miodu, propolisu i olejku r\u00f3\u017canego. Myde\u0142ko pi\u0119knie pachnie i ma kszta\u0142t serca. 75g<\/p>\n<p><strong>Baron Nutty<\/strong> to bia\u0142a czekolada z orzechami laskowymi w uroczym, r\u00f3\u017cowym opakowaniu. 100g<\/p>\n<p>Opakowanie to mi\u0142e dla oka i dotyku tekturowe pude\u0142ko.\u00a0 Mi\u0119kka i estetyczna wy\u015bci\u00f3\u0142ka zapewnia bezpiecze\u0144stwo szklanym elementom zestawu. Wieko pude\u0142ka przewi\u0105zane nawi\u0105zuj\u0105c\u0105 do kolorystyki zestawu wst\u0105\u017ck\u0105. Ca\u0142o\u015b\u0107 przyjazna \u015brodowisku i podlegaj\u0105ca recyklingowi.<\/p>\n","protected":false},"featured_media":2244,"template":"","meta":{"_acf_changed":false},"product_brand":[],"product_cat":[33],"product_tag":[],"class_list":{"0":"post-2243","1":"product","2":"type-product","3":"status-publish","4":"has-post-thumbnail","6":"product_cat-zestawy-upominkowe","8":"first","9":"outofstock","10":"featured","11":"purchasable","12":"product-type-simple"},"acf":[],"yoast_head":"<!-- This site is optimized with the Yoast SEO plugin v27.3 - https:\/\/yoast.com\/product\/yoast-seo-wordpress\/ -->\n<title>Barcelona we dwoje: Zestaw prezentowy z alkoholem - Zestaw kobiecy r\u00f3\u017cowe wino kosmetyki s\u0142odycze | Zestawy \u015awi\u0105teczne<\/title>\n<meta name=\"description\" content=\"Zobacz produkt: Barcelona we dwoje Zestaw prezentowy z alkoholem - Zestaw kobiecy r\u00f3\u017cowe wino kosmetyki s\u0142odycze - dost\u0119pny online na Whisky and Wine Place wawp.pl\/prezenty !\" \/>\n<meta name=\"robots\" content=\"index, follow, max-snippet:-1, max-image-preview:large, max-video-preview:-1\" \/>\n<link rel=\"canonical\" href=\"https:\/\/wawp.pl\/prezenty\/produkt\/barcelona-we-dwoje-zestaw-prezentowy-z-alkoholem-zestaw-kobiecy-rozowe-wino-kosmetyki-slodycze\/\" \/>\n<meta property=\"og:locale\" content=\"pl_PL\" \/>\n<meta property=\"og:type\" content=\"article\" \/>\n<meta property=\"og:title\" content=\"Barcelona we dwoje: Zestaw prezentowy z alkoholem - Zestaw kobiecy r\u00f3\u017cowe wino kosmetyki s\u0142odycze | Zestawy \u015awi\u0105teczne\" \/>\n<meta property=\"og:description\" content=\"Zobacz produkt: Barcelona we dwoje Zestaw prezentowy z alkoholem - Zestaw kobiecy r\u00f3\u017cowe wino kosmetyki s\u0142odycze - dost\u0119pny online na Whisky and Wine Place wawp.pl\/prezenty !\" \/>\n<meta property=\"og:url\" content=\"https:\/\/wawp.pl\/prezenty\/produkt\/barcelona-we-dwoje-zestaw-prezentowy-z-alkoholem-zestaw-kobiecy-rozowe-wino-kosmetyki-slodycze\/\" \/>\n<meta property=\"og:site_name\" content=\"Zestawy \u015awi\u0105teczne\" \/>\n<meta property=\"article:modified_time\" content=\"2024-12-13T13:29:43+00:00\" \/>\n<meta property=\"og:image\" content=\"https:\/\/wawp.pl\/prezenty\/wp-content\/uploads\/2023\/08\/barcelona-we-dwoje-zestaw-prezentowy-z-alkoholem-zestaw-kobiecy-rozowe-wino-kosmetyki-slodycze.png\" \/>\n\t<meta property=\"og:image:width\" content=\"1200\" \/>\n\t<meta property=\"og:image:height\" content=\"1260\" \/>\n\t<meta property=\"og:image:type\" content=\"image\/png\" \/>\n<meta name=\"twitter:card\" content=\"summary_large_image\" \/>\n<script type=\"application\/ld+json\" class=\"yoast-schema-graph\">{\"@context\":\"https:\\\/\\\/schema.org\",\"@graph\":[{\"@type\":\"WebPage\",\"@id\":\"https:\\\/\\\/wawp.pl\\\/prezenty\\\/produkt\\\/barcelona-we-dwoje-zestaw-prezentowy-z-alkoholem-zestaw-kobiecy-rozowe-wino-kosmetyki-slodycze\\\/\",\"url\":\"https:\\\/\\\/wawp.pl\\\/prezenty\\\/produkt\\\/barcelona-we-dwoje-zestaw-prezentowy-z-alkoholem-zestaw-kobiecy-rozowe-wino-kosmetyki-slodycze\\\/\",\"name\":\"Barcelona we dwoje: Zestaw prezentowy z alkoholem - Zestaw kobiecy r\u00f3\u017cowe wino kosmetyki s\u0142odycze | Zestawy \u015awi\u0105teczne\",\"isPartOf\":{\"@id\":\"https:\\\/\\\/wawp.pl\\\/prezenty\\\/#website\"},\"primaryImageOfPage\":{\"@id\":\"https:\\\/\\\/wawp.pl\\\/prezenty\\\/produkt\\\/barcelona-we-dwoje-zestaw-prezentowy-z-alkoholem-zestaw-kobiecy-rozowe-wino-kosmetyki-slodycze\\\/#primaryimage\"},\"image\":{\"@id\":\"https:\\\/\\\/wawp.pl\\\/prezenty\\\/produkt\\\/barcelona-we-dwoje-zestaw-prezentowy-z-alkoholem-zestaw-kobiecy-rozowe-wino-kosmetyki-slodycze\\\/#primaryimage\"},\"thumbnailUrl\":\"https:\\\/\\\/wawp.pl\\\/prezenty\\\/wp-content\\\/uploads\\\/2023\\\/08\\\/barcelona-we-dwoje-zestaw-prezentowy-z-alkoholem-zestaw-kobiecy-rozowe-wino-kosmetyki-slodycze.png\",\"datePublished\":\"2023-08-26T16:40:51+00:00\",\"dateModified\":\"2024-12-13T13:29:43+00:00\",\"description\":\"Zobacz produkt: Barcelona we dwoje Zestaw prezentowy z alkoholem - Zestaw kobiecy r\u00f3\u017cowe wino kosmetyki s\u0142odycze - dost\u0119pny online na Whisky and Wine Place wawp.pl\\\/prezenty !\",\"breadcrumb\":{\"@id\":\"https:\\\/\\\/wawp.pl\\\/prezenty\\\/produkt\\\/barcelona-we-dwoje-zestaw-prezentowy-z-alkoholem-zestaw-kobiecy-rozowe-wino-kosmetyki-slodycze\\\/#breadcrumb\"},\"inLanguage\":\"pl-PL\",\"potentialAction\":[{\"@type\":\"ReadAction\",\"target\":[\"https:\\\/\\\/wawp.pl\\\/prezenty\\\/produkt\\\/barcelona-we-dwoje-zestaw-prezentowy-z-alkoholem-zestaw-kobiecy-rozowe-wino-kosmetyki-slodycze\\\/\"]}]},{\"@type\":\"ImageObject\",\"inLanguage\":\"pl-PL\",\"@id\":\"https:\\\/\\\/wawp.pl\\\/prezenty\\\/produkt\\\/barcelona-we-dwoje-zestaw-prezentowy-z-alkoholem-zestaw-kobiecy-rozowe-wino-kosmetyki-slodycze\\\/#primaryimage\",\"url\":\"https:\\\/\\\/wawp.pl\\\/prezenty\\\/wp-content\\\/uploads\\\/2023\\\/08\\\/barcelona-we-dwoje-zestaw-prezentowy-z-alkoholem-zestaw-kobiecy-rozowe-wino-kosmetyki-slodycze.png\",\"contentUrl\":\"https:\\\/\\\/wawp.pl\\\/prezenty\\\/wp-content\\\/uploads\\\/2023\\\/08\\\/barcelona-we-dwoje-zestaw-prezentowy-z-alkoholem-zestaw-kobiecy-rozowe-wino-kosmetyki-slodycze.png\",\"width\":1200,\"height\":1260},{\"@type\":\"BreadcrumbList\",\"@id\":\"https:\\\/\\\/wawp.pl\\\/prezenty\\\/produkt\\\/barcelona-we-dwoje-zestaw-prezentowy-z-alkoholem-zestaw-kobiecy-rozowe-wino-kosmetyki-slodycze\\\/#breadcrumb\",\"itemListElement\":[{\"@type\":\"ListItem\",\"position\":1,\"name\":\"Strona g\u0142\u00f3wna\",\"item\":\"https:\\\/\\\/wawp.pl\\\/prezenty\\\/\"},{\"@type\":\"ListItem\",\"position\":2,\"name\":\"Shop\",\"item\":\"https:\\\/\\\/wawp.pl\\\/prezenty\\\/shop\\\/\"},{\"@type\":\"ListItem\",\"position\":3,\"name\":\"Barcelona we dwoje\"}]},{\"@type\":\"WebSite\",\"@id\":\"https:\\\/\\\/wawp.pl\\\/prezenty\\\/#website\",\"url\":\"https:\\\/\\\/wawp.pl\\\/prezenty\\\/\",\"name\":\"Zestawy \u015awi\u0105teczne\",\"description\":\"Kosze \u015awi\u0105teczne, Podarunkowe, Prezentowe\",\"publisher\":{\"@id\":\"https:\\\/\\\/wawp.pl\\\/prezenty\\\/#organization\"},\"potentialAction\":[{\"@type\":\"SearchAction\",\"target\":{\"@type\":\"EntryPoint\",\"urlTemplate\":\"https:\\\/\\\/wawp.pl\\\/prezenty\\\/?s={search_term_string}\"},\"query-input\":{\"@type\":\"PropertyValueSpecification\",\"valueRequired\":true,\"valueName\":\"search_term_string\"}}],\"inLanguage\":\"pl-PL\"},{\"@type\":\"Organization\",\"@id\":\"https:\\\/\\\/wawp.pl\\\/prezenty\\\/#organization\",\"name\":\"Zestawy \u015awi\u0105teczne\",\"url\":\"https:\\\/\\\/wawp.pl\\\/prezenty\\\/\",\"logo\":{\"@type\":\"ImageObject\",\"inLanguage\":\"pl-PL\",\"@id\":\"https:\\\/\\\/wawp.pl\\\/prezenty\\\/#\\\/schema\\\/logo\\\/image\\\/\",\"url\":\"https:\\\/\\\/wawp.pl\\\/prezenty\\\/wp-content\\\/uploads\\\/2021\\\/11\\\/cropped-logo.png\",\"contentUrl\":\"https:\\\/\\\/wawp.pl\\\/prezenty\\\/wp-content\\\/uploads\\\/2021\\\/11\\\/cropped-logo.png\",\"width\":360,\"height\":137,\"caption\":\"Zestawy \u015awi\u0105teczne\"},\"image\":{\"@id\":\"https:\\\/\\\/wawp.pl\\\/prezenty\\\/#\\\/schema\\\/logo\\\/image\\\/\"}}]}<\/script>\n<!-- \/ Yoast SEO plugin. -->","yoast_head_json":{"title":"Barcelona we dwoje: Zestaw prezentowy z alkoholem - Zestaw kobiecy r\u00f3\u017cowe wino kosmetyki s\u0142odycze | Zestawy \u015awi\u0105teczne","description":"Zobacz produkt: Barcelona we dwoje Zestaw prezentowy z alkoholem - Zestaw kobiecy r\u00f3\u017cowe wino kosmetyki s\u0142odycze - dost\u0119pny online na Whisky and Wine Place wawp.pl\/prezenty !","robots":{"index":"index","follow":"follow","max-snippet":"max-snippet:-1","max-image-preview":"max-image-preview:large","max-video-preview":"max-video-preview:-1"},"canonical":"https:\/\/wawp.pl\/prezenty\/produkt\/barcelona-we-dwoje-zestaw-prezentowy-z-alkoholem-zestaw-kobiecy-rozowe-wino-kosmetyki-slodycze\/","og_locale":"pl_PL","og_type":"article","og_title":"Barcelona we dwoje: Zestaw prezentowy z alkoholem - Zestaw kobiecy r\u00f3\u017cowe wino kosmetyki s\u0142odycze | Zestawy \u015awi\u0105teczne","og_description":"Zobacz produkt: Barcelona we dwoje Zestaw prezentowy z alkoholem - Zestaw kobiecy r\u00f3\u017cowe wino kosmetyki s\u0142odycze - dost\u0119pny online na Whisky and Wine Place wawp.pl\/prezenty !","og_url":"https:\/\/wawp.pl\/prezenty\/produkt\/barcelona-we-dwoje-zestaw-prezentowy-z-alkoholem-zestaw-kobiecy-rozowe-wino-kosmetyki-slodycze\/","og_site_name":"Zestawy \u015awi\u0105teczne","article_modified_time":"2024-12-13T13:29:43+00:00","og_image":[{"width":1200,"height":1260,"url":"https:\/\/wawp.pl\/prezenty\/wp-content\/uploads\/2023\/08\/barcelona-we-dwoje-zestaw-prezentowy-z-alkoholem-zestaw-kobiecy-rozowe-wino-kosmetyki-slodycze.png","type":"image\/png"}],"twitter_card":"summary_large_image","schema":{"@context":"https:\/\/schema.org","@graph":[{"@type":"WebPage","@id":"https:\/\/wawp.pl\/prezenty\/produkt\/barcelona-we-dwoje-zestaw-prezentowy-z-alkoholem-zestaw-kobiecy-rozowe-wino-kosmetyki-slodycze\/","url":"https:\/\/wawp.pl\/prezenty\/produkt\/barcelona-we-dwoje-zestaw-prezentowy-z-alkoholem-zestaw-kobiecy-rozowe-wino-kosmetyki-slodycze\/","name":"Barcelona we dwoje: Zestaw prezentowy z alkoholem - Zestaw kobiecy r\u00f3\u017cowe wino kosmetyki s\u0142odycze | Zestawy \u015awi\u0105teczne","isPartOf":{"@id":"https:\/\/wawp.pl\/prezenty\/#website"},"primaryImageOfPage":{"@id":"https:\/\/wawp.pl\/prezenty\/produkt\/barcelona-we-dwoje-zestaw-prezentowy-z-alkoholem-zestaw-kobiecy-rozowe-wino-kosmetyki-slodycze\/#primaryimage"},"image":{"@id":"https:\/\/wawp.pl\/prezenty\/produkt\/barcelona-we-dwoje-zestaw-prezentowy-z-alkoholem-zestaw-kobiecy-rozowe-wino-kosmetyki-slodycze\/#primaryimage"},"thumbnailUrl":"https:\/\/wawp.pl\/prezenty\/wp-content\/uploads\/2023\/08\/barcelona-we-dwoje-zestaw-prezentowy-z-alkoholem-zestaw-kobiecy-rozowe-wino-kosmetyki-slodycze.png","datePublished":"2023-08-26T16:40:51+00:00","dateModified":"2024-12-13T13:29:43+00:00","description":"Zobacz produkt: Barcelona we dwoje Zestaw prezentowy z alkoholem - Zestaw kobiecy r\u00f3\u017cowe wino kosmetyki s\u0142odycze - dost\u0119pny online na Whisky and Wine Place wawp.pl\/prezenty !","breadcrumb":{"@id":"https:\/\/wawp.pl\/prezenty\/produkt\/barcelona-we-dwoje-zestaw-prezentowy-z-alkoholem-zestaw-kobiecy-rozowe-wino-kosmetyki-slodycze\/#breadcrumb"},"inLanguage":"pl-PL","potentialAction":[{"@type":"ReadAction","target":["https:\/\/wawp.pl\/prezenty\/produkt\/barcelona-we-dwoje-zestaw-prezentowy-z-alkoholem-zestaw-kobiecy-rozowe-wino-kosmetyki-slodycze\/"]}]},{"@type":"ImageObject","inLanguage":"pl-PL","@id":"https:\/\/wawp.pl\/prezenty\/produkt\/barcelona-we-dwoje-zestaw-prezentowy-z-alkoholem-zestaw-kobiecy-rozowe-wino-kosmetyki-slodycze\/#primaryimage","url":"https:\/\/wawp.pl\/prezenty\/wp-content\/uploads\/2023\/08\/barcelona-we-dwoje-zestaw-prezentowy-z-alkoholem-zestaw-kobiecy-rozowe-wino-kosmetyki-slodycze.png","contentUrl":"https:\/\/wawp.pl\/prezenty\/wp-content\/uploads\/2023\/08\/barcelona-we-dwoje-zestaw-prezentowy-z-alkoholem-zestaw-kobiecy-rozowe-wino-kosmetyki-slodycze.png","width":1200,"height":1260},{"@type":"BreadcrumbList","@id":"https:\/\/wawp.pl\/prezenty\/produkt\/barcelona-we-dwoje-zestaw-prezentowy-z-alkoholem-zestaw-kobiecy-rozowe-wino-kosmetyki-slodycze\/#breadcrumb","itemListElement":[{"@type":"ListItem","position":1,"name":"Strona g\u0142\u00f3wna","item":"https:\/\/wawp.pl\/prezenty\/"},{"@type":"ListItem","position":2,"name":"Shop","item":"https:\/\/wawp.pl\/prezenty\/shop\/"},{"@type":"ListItem","position":3,"name":"Barcelona we dwoje"}]},{"@type":"WebSite","@id":"https:\/\/wawp.pl\/prezenty\/#website","url":"https:\/\/wawp.pl\/prezenty\/","name":"Zestawy \u015awi\u0105teczne","description":"Kosze \u015awi\u0105teczne, Podarunkowe, Prezentowe","publisher":{"@id":"https:\/\/wawp.pl\/prezenty\/#organization"},"potentialAction":[{"@type":"SearchAction","target":{"@type":"EntryPoint","urlTemplate":"https:\/\/wawp.pl\/prezenty\/?s={search_term_string}"},"query-input":{"@type":"PropertyValueSpecification","valueRequired":true,"valueName":"search_term_string"}}],"inLanguage":"pl-PL"},{"@type":"Organization","@id":"https:\/\/wawp.pl\/prezenty\/#organization","name":"Zestawy \u015awi\u0105teczne","url":"https:\/\/wawp.pl\/prezenty\/","logo":{"@type":"ImageObject","inLanguage":"pl-PL","@id":"https:\/\/wawp.pl\/prezenty\/#\/schema\/logo\/image\/","url":"https:\/\/wawp.pl\/prezenty\/wp-content\/uploads\/2021\/11\/cropped-logo.png","contentUrl":"https:\/\/wawp.pl\/prezenty\/wp-content\/uploads\/2021\/11\/cropped-logo.png","width":360,"height":137,"caption":"Zestawy \u015awi\u0105teczne"},"image":{"@id":"https:\/\/wawp.pl\/prezenty\/#\/schema\/logo\/image\/"}}]}},"_links":{"self":[{"href":"https:\/\/wawp.pl\/prezenty\/wp-json\/wp\/v2\/product\/2243","targetHints":{"allow":["GET"]}}],"collection":[{"href":"https:\/\/wawp.pl\/prezenty\/wp-json\/wp\/v2\/product"}],"about":[{"href":"https:\/\/wawp.pl\/prezenty\/wp-json\/wp\/v2\/types\/product"}],"wp:featuredmedia":[{"embeddable":true,"href":"https:\/\/wawp.pl\/prezenty\/wp-json\/wp\/v2\/media\/2244"}],"wp:attachment":[{"href":"https:\/\/wawp.pl\/prezenty\/wp-json\/wp\/v2\/media?parent=2243"}],"wp:term":[{"taxonomy":"product_brand","embeddable":true,"href":"https:\/\/wawp.pl\/prezenty\/wp-json\/wp\/v2\/product_brand?post=2243"},{"taxonomy":"product_cat","embeddable":true,"href":"https:\/\/wawp.pl\/prezenty\/wp-json\/wp\/v2\/product_cat?post=2243"},{"taxonomy":"product_tag","embeddable":true,"href":"https:\/\/wawp.pl\/prezenty\/wp-json\/wp\/v2\/product_tag?post=2243"}],"curies":[{"name":"wp","href":"https:\/\/api.w.org\/{rel}","templated":true}]}}