{"id":2229,"date":"2023-08-03T13:36:47","date_gmt":"2023-08-03T13:36:47","guid":{"rendered":"https:\/\/wawp.pl\/prezenty\/?post_type=product&#038;p=2229"},"modified":"2024-12-23T12:59:28","modified_gmt":"2024-12-23T12:59:28","slug":"zloto-speyside-zestaw-prezentowy-z-alkoholem-szkocka-whisky-lagodna-single-malt-speyside-cardhu","status":"publish","type":"product","link":"https:\/\/wawp.pl\/prezenty\/produkt\/zloto-speyside-zestaw-prezentowy-z-alkoholem-szkocka-whisky-lagodna-single-malt-speyside-cardhu\/","title":{"rendered":"Z\u0142oto Speyside"},"content":{"rendered":"","protected":false},"excerpt":{"rendered":"<p>Zestaw upominkowy <strong>Z\u0142oto Speyside<\/strong> to wy\u015bmienity spos\u00f3b na niesamowit\u0105 podr\u00f3\u017c przez malownicze wzg\u00f3rza Szkocji bez konieczno\u015bci wychodzenia z domu. Wyposa\u017cony w wysokiej jako\u015bci whisky z regionu Speyside, ten elegancki kosz prezentowy \u015bwietnie sprawdzi si\u0119 jako podarunek dla bliskiej osoby. Ponadto w zestawie mo\u017cna znale\u017a\u0107 multum dodatk\u00f3w podkre\u015blaj\u0105cych jako\u015b\u0107 z tego szlachetnego, szkockiego trunku.<\/p>\n<p><strong>Cardhu Gold Reserve<\/strong> to szkocka Single Malt Whisky. Jest produkowana w regionie Speyside, uznawanego za zag\u0142\u0119bie produkcji tego trunku. Rozlewana jest do pi\u0119knych karafek, kt\u00f3re z powodzeniem mog\u0105 by\u0107 wykorzystane ponownie przez tw\u00f3rc\u00f3w domowych win, nalewek czy likier\u00f3w. Dzi\u0119ki niespiesznemu procesowi le\u017cakowania w d\u0119bowych beczkach alkohol nabiera kusz\u0105cego, z\u0142ocistego koloru. W smaku i aromacie dominuj\u0105 \u0142agodne akcenty owoc\u00f3w jab\u0142oni oraz gruszy przeplataj\u0105ce si\u0119 z nutami miodu, wanilii i cynamonu. 0,7L<\/p>\n<p><strong>Musztarda z Pieprzem<\/strong> i oczywi\u015bcie <strong>Whisky<\/strong> to niebanalny, prze\u0142amuj\u0105cy s\u0142odycz dodatek do zestawu. Naturalna i niezawieraj\u0105ca \u017cadnych konserwant\u00f3w musztarda zosta\u0142a wyprodukowana z dba\u0142o\u015bci\u0105 o wszystkie aspekty kulinarnego rzemios\u0142a. Odnalezienie jej wewn\u0105trz zestawu upominkowego stanowi niema\u0142e zaskoczenie dla obdarowanego i czyni prezent wyj\u0105tkowym i godnym zapami\u0119tania.<\/p>\n<p><strong>Kopernik Pierniki z Whisky<\/strong> to niebanalny dodatek rozwijaj\u0105cy koncepcj\u0119 ca\u0142ego zestawu. Wype\u0142nione pomara\u0144czowym nadzieniem pierniczki przygotowane s\u0105 z ciasta poddanemu procesowi le\u017cakowania wraz z whisky. 278g<\/p>\n<p><strong>Cheers Likwory<\/strong> to czekoladowe praliny z nadzieniem o smaku whisky opakowane w efektown\u0105 tub\u0119. 150g<\/p>\n<p><strong>Zestaw pi\u0119ciu pralin<\/strong> stylizowanych na miniaturowe butelki whisky od znanych i powa\u017canych producent\u00f3w. 78g<\/p>\n<p><strong>Rabitos Royale<\/strong> to figi w belgijskiej czekoladzie uznawane za jeden z najwykwintniejszych przysmak\u00f3w na \u015bwiecie. 47g<\/p>\n<p><strong>Kr\u00f3wki<\/strong> to dla ka\u017cdego z nas smak dzieci\u0144stwa. W tym przypadku podkr\u0119cony jeszcze solidn\u0105 porcj\u0105 miodu wielokwiatowego z rzemie\u015blniczej pasieki <strong>\u0141yso\u0144<\/strong>. Opakowane w estetyczny, czarny kartonik. 120g<\/p>\n<p>Opakowanie to mi\u0142e dla oka i dotyku tekturowe pude\u0142ko.\u00a0 Mi\u0119kka i estetyczna wy\u015bci\u00f3\u0142ka zapewnia bezpiecze\u0144stwo szklanym elementom zestawu. Wieko pude\u0142ka przewi\u0105zane nawi\u0105zuj\u0105c\u0105 do kolorystyki zestawu wst\u0105\u017ck\u0105. Ca\u0142o\u015b\u0107 przyjazna \u015brodowisku i podlegaj\u0105ca recyklingowi.<\/p>\n","protected":false},"featured_media":2230,"template":"","meta":{"_acf_changed":false},"product_brand":[],"product_cat":[35,33],"product_tag":[],"class_list":{"0":"post-2229","1":"product","2":"type-product","3":"status-publish","4":"has-post-thumbnail","6":"product_cat-alkohole-zestawy-prezentowe","7":"product_cat-zestawy-upominkowe","9":"first","10":"outofstock","11":"purchasable","12":"product-type-simple"},"acf":[],"yoast_head":"<!-- This site is optimized with the Yoast SEO plugin v27.3 - https:\/\/yoast.com\/product\/yoast-seo-wordpress\/ -->\n<title>Z\u0142oto Speyside: Zestaw prezentowy z alkoholem - Szkocka whisky \u0142agodna single malt Speyside Cardhu | Zestawy \u015awi\u0105teczne<\/title>\n<meta name=\"description\" content=\"Zobacz produkt: Z\u0142oto Speyside Zestaw prezentowy z alkoholem - Szkocka whisky \u0142agodna single malt Speyside Cardhu - dost\u0119pny online na Whisky and Wine Place wawp.pl\/prezenty !\" \/>\n<meta name=\"robots\" content=\"index, follow, max-snippet:-1, max-image-preview:large, max-video-preview:-1\" \/>\n<link rel=\"canonical\" href=\"https:\/\/wawp.pl\/prezenty\/produkt\/zloto-speyside-zestaw-prezentowy-z-alkoholem-szkocka-whisky-lagodna-single-malt-speyside-cardhu\/\" \/>\n<meta property=\"og:locale\" content=\"pl_PL\" \/>\n<meta property=\"og:type\" content=\"article\" \/>\n<meta property=\"og:title\" content=\"Z\u0142oto Speyside: Zestaw prezentowy z alkoholem - Szkocka whisky \u0142agodna single malt Speyside Cardhu | Zestawy \u015awi\u0105teczne\" \/>\n<meta property=\"og:description\" content=\"Zobacz produkt: Z\u0142oto Speyside Zestaw prezentowy z alkoholem - Szkocka whisky \u0142agodna single malt Speyside Cardhu - dost\u0119pny online na Whisky and Wine Place wawp.pl\/prezenty !\" \/>\n<meta property=\"og:url\" content=\"https:\/\/wawp.pl\/prezenty\/produkt\/zloto-speyside-zestaw-prezentowy-z-alkoholem-szkocka-whisky-lagodna-single-malt-speyside-cardhu\/\" \/>\n<meta property=\"og:site_name\" content=\"Zestawy \u015awi\u0105teczne\" \/>\n<meta property=\"article:modified_time\" content=\"2024-12-23T12:59:28+00:00\" \/>\n<meta property=\"og:image\" content=\"https:\/\/wawp.pl\/prezenty\/wp-content\/uploads\/2023\/08\/zloto-speyside-zestaw-prezentowy-z-alkoholem-szkocka-whisky-lagodna-single-malt-speyside-cardhu.png\" \/>\n\t<meta property=\"og:image:width\" content=\"1200\" \/>\n\t<meta property=\"og:image:height\" content=\"1260\" \/>\n\t<meta property=\"og:image:type\" content=\"image\/png\" \/>\n<meta name=\"twitter:card\" content=\"summary_large_image\" \/>\n<script type=\"application\/ld+json\" class=\"yoast-schema-graph\">{\"@context\":\"https:\\\/\\\/schema.org\",\"@graph\":[{\"@type\":\"WebPage\",\"@id\":\"https:\\\/\\\/wawp.pl\\\/prezenty\\\/produkt\\\/zloto-speyside-zestaw-prezentowy-z-alkoholem-szkocka-whisky-lagodna-single-malt-speyside-cardhu\\\/\",\"url\":\"https:\\\/\\\/wawp.pl\\\/prezenty\\\/produkt\\\/zloto-speyside-zestaw-prezentowy-z-alkoholem-szkocka-whisky-lagodna-single-malt-speyside-cardhu\\\/\",\"name\":\"Z\u0142oto Speyside: Zestaw prezentowy z alkoholem - Szkocka whisky \u0142agodna single malt Speyside Cardhu | Zestawy \u015awi\u0105teczne\",\"isPartOf\":{\"@id\":\"https:\\\/\\\/wawp.pl\\\/prezenty\\\/#website\"},\"primaryImageOfPage\":{\"@id\":\"https:\\\/\\\/wawp.pl\\\/prezenty\\\/produkt\\\/zloto-speyside-zestaw-prezentowy-z-alkoholem-szkocka-whisky-lagodna-single-malt-speyside-cardhu\\\/#primaryimage\"},\"image\":{\"@id\":\"https:\\\/\\\/wawp.pl\\\/prezenty\\\/produkt\\\/zloto-speyside-zestaw-prezentowy-z-alkoholem-szkocka-whisky-lagodna-single-malt-speyside-cardhu\\\/#primaryimage\"},\"thumbnailUrl\":\"https:\\\/\\\/wawp.pl\\\/prezenty\\\/wp-content\\\/uploads\\\/2023\\\/08\\\/zloto-speyside-zestaw-prezentowy-z-alkoholem-szkocka-whisky-lagodna-single-malt-speyside-cardhu.png\",\"datePublished\":\"2023-08-03T13:36:47+00:00\",\"dateModified\":\"2024-12-23T12:59:28+00:00\",\"description\":\"Zobacz produkt: Z\u0142oto Speyside Zestaw prezentowy z alkoholem - Szkocka whisky \u0142agodna single malt Speyside Cardhu - dost\u0119pny online na Whisky and Wine Place wawp.pl\\\/prezenty !\",\"breadcrumb\":{\"@id\":\"https:\\\/\\\/wawp.pl\\\/prezenty\\\/produkt\\\/zloto-speyside-zestaw-prezentowy-z-alkoholem-szkocka-whisky-lagodna-single-malt-speyside-cardhu\\\/#breadcrumb\"},\"inLanguage\":\"pl-PL\",\"potentialAction\":[{\"@type\":\"ReadAction\",\"target\":[\"https:\\\/\\\/wawp.pl\\\/prezenty\\\/produkt\\\/zloto-speyside-zestaw-prezentowy-z-alkoholem-szkocka-whisky-lagodna-single-malt-speyside-cardhu\\\/\"]}]},{\"@type\":\"ImageObject\",\"inLanguage\":\"pl-PL\",\"@id\":\"https:\\\/\\\/wawp.pl\\\/prezenty\\\/produkt\\\/zloto-speyside-zestaw-prezentowy-z-alkoholem-szkocka-whisky-lagodna-single-malt-speyside-cardhu\\\/#primaryimage\",\"url\":\"https:\\\/\\\/wawp.pl\\\/prezenty\\\/wp-content\\\/uploads\\\/2023\\\/08\\\/zloto-speyside-zestaw-prezentowy-z-alkoholem-szkocka-whisky-lagodna-single-malt-speyside-cardhu.png\",\"contentUrl\":\"https:\\\/\\\/wawp.pl\\\/prezenty\\\/wp-content\\\/uploads\\\/2023\\\/08\\\/zloto-speyside-zestaw-prezentowy-z-alkoholem-szkocka-whisky-lagodna-single-malt-speyside-cardhu.png\",\"width\":1200,\"height\":1260},{\"@type\":\"BreadcrumbList\",\"@id\":\"https:\\\/\\\/wawp.pl\\\/prezenty\\\/produkt\\\/zloto-speyside-zestaw-prezentowy-z-alkoholem-szkocka-whisky-lagodna-single-malt-speyside-cardhu\\\/#breadcrumb\",\"itemListElement\":[{\"@type\":\"ListItem\",\"position\":1,\"name\":\"Strona g\u0142\u00f3wna\",\"item\":\"https:\\\/\\\/wawp.pl\\\/prezenty\\\/\"},{\"@type\":\"ListItem\",\"position\":2,\"name\":\"Shop\",\"item\":\"https:\\\/\\\/wawp.pl\\\/prezenty\\\/shop\\\/\"},{\"@type\":\"ListItem\",\"position\":3,\"name\":\"Z\u0142oto Speyside\"}]},{\"@type\":\"WebSite\",\"@id\":\"https:\\\/\\\/wawp.pl\\\/prezenty\\\/#website\",\"url\":\"https:\\\/\\\/wawp.pl\\\/prezenty\\\/\",\"name\":\"Zestawy \u015awi\u0105teczne\",\"description\":\"Kosze \u015awi\u0105teczne, Podarunkowe, Prezentowe\",\"publisher\":{\"@id\":\"https:\\\/\\\/wawp.pl\\\/prezenty\\\/#organization\"},\"potentialAction\":[{\"@type\":\"SearchAction\",\"target\":{\"@type\":\"EntryPoint\",\"urlTemplate\":\"https:\\\/\\\/wawp.pl\\\/prezenty\\\/?s={search_term_string}\"},\"query-input\":{\"@type\":\"PropertyValueSpecification\",\"valueRequired\":true,\"valueName\":\"search_term_string\"}}],\"inLanguage\":\"pl-PL\"},{\"@type\":\"Organization\",\"@id\":\"https:\\\/\\\/wawp.pl\\\/prezenty\\\/#organization\",\"name\":\"Zestawy \u015awi\u0105teczne\",\"url\":\"https:\\\/\\\/wawp.pl\\\/prezenty\\\/\",\"logo\":{\"@type\":\"ImageObject\",\"inLanguage\":\"pl-PL\",\"@id\":\"https:\\\/\\\/wawp.pl\\\/prezenty\\\/#\\\/schema\\\/logo\\\/image\\\/\",\"url\":\"https:\\\/\\\/wawp.pl\\\/prezenty\\\/wp-content\\\/uploads\\\/2021\\\/11\\\/cropped-logo.png\",\"contentUrl\":\"https:\\\/\\\/wawp.pl\\\/prezenty\\\/wp-content\\\/uploads\\\/2021\\\/11\\\/cropped-logo.png\",\"width\":360,\"height\":137,\"caption\":\"Zestawy \u015awi\u0105teczne\"},\"image\":{\"@id\":\"https:\\\/\\\/wawp.pl\\\/prezenty\\\/#\\\/schema\\\/logo\\\/image\\\/\"}}]}<\/script>\n<!-- \/ Yoast SEO plugin. -->","yoast_head_json":{"title":"Z\u0142oto Speyside: Zestaw prezentowy z alkoholem - Szkocka whisky \u0142agodna single malt Speyside Cardhu | Zestawy \u015awi\u0105teczne","description":"Zobacz produkt: Z\u0142oto Speyside Zestaw prezentowy z alkoholem - Szkocka whisky \u0142agodna single malt Speyside Cardhu - dost\u0119pny online na Whisky and Wine Place wawp.pl\/prezenty !","robots":{"index":"index","follow":"follow","max-snippet":"max-snippet:-1","max-image-preview":"max-image-preview:large","max-video-preview":"max-video-preview:-1"},"canonical":"https:\/\/wawp.pl\/prezenty\/produkt\/zloto-speyside-zestaw-prezentowy-z-alkoholem-szkocka-whisky-lagodna-single-malt-speyside-cardhu\/","og_locale":"pl_PL","og_type":"article","og_title":"Z\u0142oto Speyside: Zestaw prezentowy z alkoholem - Szkocka whisky \u0142agodna single malt Speyside Cardhu | Zestawy \u015awi\u0105teczne","og_description":"Zobacz produkt: Z\u0142oto Speyside Zestaw prezentowy z alkoholem - Szkocka whisky \u0142agodna single malt Speyside Cardhu - dost\u0119pny online na Whisky and Wine Place wawp.pl\/prezenty !","og_url":"https:\/\/wawp.pl\/prezenty\/produkt\/zloto-speyside-zestaw-prezentowy-z-alkoholem-szkocka-whisky-lagodna-single-malt-speyside-cardhu\/","og_site_name":"Zestawy \u015awi\u0105teczne","article_modified_time":"2024-12-23T12:59:28+00:00","og_image":[{"width":1200,"height":1260,"url":"https:\/\/wawp.pl\/prezenty\/wp-content\/uploads\/2023\/08\/zloto-speyside-zestaw-prezentowy-z-alkoholem-szkocka-whisky-lagodna-single-malt-speyside-cardhu.png","type":"image\/png"}],"twitter_card":"summary_large_image","schema":{"@context":"https:\/\/schema.org","@graph":[{"@type":"WebPage","@id":"https:\/\/wawp.pl\/prezenty\/produkt\/zloto-speyside-zestaw-prezentowy-z-alkoholem-szkocka-whisky-lagodna-single-malt-speyside-cardhu\/","url":"https:\/\/wawp.pl\/prezenty\/produkt\/zloto-speyside-zestaw-prezentowy-z-alkoholem-szkocka-whisky-lagodna-single-malt-speyside-cardhu\/","name":"Z\u0142oto Speyside: Zestaw prezentowy z alkoholem - Szkocka whisky \u0142agodna single malt Speyside Cardhu | Zestawy \u015awi\u0105teczne","isPartOf":{"@id":"https:\/\/wawp.pl\/prezenty\/#website"},"primaryImageOfPage":{"@id":"https:\/\/wawp.pl\/prezenty\/produkt\/zloto-speyside-zestaw-prezentowy-z-alkoholem-szkocka-whisky-lagodna-single-malt-speyside-cardhu\/#primaryimage"},"image":{"@id":"https:\/\/wawp.pl\/prezenty\/produkt\/zloto-speyside-zestaw-prezentowy-z-alkoholem-szkocka-whisky-lagodna-single-malt-speyside-cardhu\/#primaryimage"},"thumbnailUrl":"https:\/\/wawp.pl\/prezenty\/wp-content\/uploads\/2023\/08\/zloto-speyside-zestaw-prezentowy-z-alkoholem-szkocka-whisky-lagodna-single-malt-speyside-cardhu.png","datePublished":"2023-08-03T13:36:47+00:00","dateModified":"2024-12-23T12:59:28+00:00","description":"Zobacz produkt: Z\u0142oto Speyside Zestaw prezentowy z alkoholem - Szkocka whisky \u0142agodna single malt Speyside Cardhu - dost\u0119pny online na Whisky and Wine Place wawp.pl\/prezenty !","breadcrumb":{"@id":"https:\/\/wawp.pl\/prezenty\/produkt\/zloto-speyside-zestaw-prezentowy-z-alkoholem-szkocka-whisky-lagodna-single-malt-speyside-cardhu\/#breadcrumb"},"inLanguage":"pl-PL","potentialAction":[{"@type":"ReadAction","target":["https:\/\/wawp.pl\/prezenty\/produkt\/zloto-speyside-zestaw-prezentowy-z-alkoholem-szkocka-whisky-lagodna-single-malt-speyside-cardhu\/"]}]},{"@type":"ImageObject","inLanguage":"pl-PL","@id":"https:\/\/wawp.pl\/prezenty\/produkt\/zloto-speyside-zestaw-prezentowy-z-alkoholem-szkocka-whisky-lagodna-single-malt-speyside-cardhu\/#primaryimage","url":"https:\/\/wawp.pl\/prezenty\/wp-content\/uploads\/2023\/08\/zloto-speyside-zestaw-prezentowy-z-alkoholem-szkocka-whisky-lagodna-single-malt-speyside-cardhu.png","contentUrl":"https:\/\/wawp.pl\/prezenty\/wp-content\/uploads\/2023\/08\/zloto-speyside-zestaw-prezentowy-z-alkoholem-szkocka-whisky-lagodna-single-malt-speyside-cardhu.png","width":1200,"height":1260},{"@type":"BreadcrumbList","@id":"https:\/\/wawp.pl\/prezenty\/produkt\/zloto-speyside-zestaw-prezentowy-z-alkoholem-szkocka-whisky-lagodna-single-malt-speyside-cardhu\/#breadcrumb","itemListElement":[{"@type":"ListItem","position":1,"name":"Strona g\u0142\u00f3wna","item":"https:\/\/wawp.pl\/prezenty\/"},{"@type":"ListItem","position":2,"name":"Shop","item":"https:\/\/wawp.pl\/prezenty\/shop\/"},{"@type":"ListItem","position":3,"name":"Z\u0142oto Speyside"}]},{"@type":"WebSite","@id":"https:\/\/wawp.pl\/prezenty\/#website","url":"https:\/\/wawp.pl\/prezenty\/","name":"Zestawy \u015awi\u0105teczne","description":"Kosze \u015awi\u0105teczne, Podarunkowe, Prezentowe","publisher":{"@id":"https:\/\/wawp.pl\/prezenty\/#organization"},"potentialAction":[{"@type":"SearchAction","target":{"@type":"EntryPoint","urlTemplate":"https:\/\/wawp.pl\/prezenty\/?s={search_term_string}"},"query-input":{"@type":"PropertyValueSpecification","valueRequired":true,"valueName":"search_term_string"}}],"inLanguage":"pl-PL"},{"@type":"Organization","@id":"https:\/\/wawp.pl\/prezenty\/#organization","name":"Zestawy \u015awi\u0105teczne","url":"https:\/\/wawp.pl\/prezenty\/","logo":{"@type":"ImageObject","inLanguage":"pl-PL","@id":"https:\/\/wawp.pl\/prezenty\/#\/schema\/logo\/image\/","url":"https:\/\/wawp.pl\/prezenty\/wp-content\/uploads\/2021\/11\/cropped-logo.png","contentUrl":"https:\/\/wawp.pl\/prezenty\/wp-content\/uploads\/2021\/11\/cropped-logo.png","width":360,"height":137,"caption":"Zestawy \u015awi\u0105teczne"},"image":{"@id":"https:\/\/wawp.pl\/prezenty\/#\/schema\/logo\/image\/"}}]}},"_links":{"self":[{"href":"https:\/\/wawp.pl\/prezenty\/wp-json\/wp\/v2\/product\/2229","targetHints":{"allow":["GET"]}}],"collection":[{"href":"https:\/\/wawp.pl\/prezenty\/wp-json\/wp\/v2\/product"}],"about":[{"href":"https:\/\/wawp.pl\/prezenty\/wp-json\/wp\/v2\/types\/product"}],"wp:featuredmedia":[{"embeddable":true,"href":"https:\/\/wawp.pl\/prezenty\/wp-json\/wp\/v2\/media\/2230"}],"wp:attachment":[{"href":"https:\/\/wawp.pl\/prezenty\/wp-json\/wp\/v2\/media?parent=2229"}],"wp:term":[{"taxonomy":"product_brand","embeddable":true,"href":"https:\/\/wawp.pl\/prezenty\/wp-json\/wp\/v2\/product_brand?post=2229"},{"taxonomy":"product_cat","embeddable":true,"href":"https:\/\/wawp.pl\/prezenty\/wp-json\/wp\/v2\/product_cat?post=2229"},{"taxonomy":"product_tag","embeddable":true,"href":"https:\/\/wawp.pl\/prezenty\/wp-json\/wp\/v2\/product_tag?post=2229"}],"curies":[{"name":"wp","href":"https:\/\/api.w.org\/{rel}","templated":true}]}}