{"id":2219,"date":"2023-08-01T16:41:09","date_gmt":"2023-08-01T16:41:09","guid":{"rendered":"https:\/\/wawp.pl\/prezenty\/?post_type=product&#038;p=2219"},"modified":"2024-12-13T13:53:54","modified_gmt":"2024-12-13T13:53:54","slug":"wytworna-pasieka-zestaw-prezentowy-z-alkoholem-miod-pitny-augustowski-miodowe-produkty","status":"publish","type":"product","link":"https:\/\/wawp.pl\/prezenty\/produkt\/wytworna-pasieka-zestaw-prezentowy-z-alkoholem-miod-pitny-augustowski-miodowe-produkty\/","title":{"rendered":"Wytworna Pasieka"},"content":{"rendered":"","protected":false},"excerpt":{"rendered":"<p>Du\u017cy box podarunkowy <strong>Wytworna Pasieka<\/strong> to znakomity pomys\u0142 na elegancki prezent dla lekarza. Mi\u00f3d pitny Wchodz\u0105cy w sk\u0142ad zestawu, mimo \u017ce produkowany na ziemiach polski od ponad 1000 lat, jest nieoczywistym i zaskakuj\u0105cym prezentem. Do butelki tego wykwintnego trunku dobrane s\u0105 tematyczne dodatki zar\u00f3wno \u201edla niej\u201d, jak i \u201edla niego\u201d. Ca\u0142y zestaw podarunkowy potrafi dostarczy\u0107 obdarowanemu przyjemno\u015bci na wiele sposob\u00f3w.<\/p>\n<p>Zestaw upominkowy <strong>Wytworna Pasieka<\/strong> to mi\u0119dzy innymi butelka wspania\u0142ego miodu pitnego <strong>Augustowski Czw\u00f3rniak Kwarciany<\/strong>. To wysokiej klasy tradycyjnie polski alkohol wyprodukowany na podstawie prawie 130-letniej receptury. Mi\u00f3d posiada dodatek wielu r\u00f3\u017cnych przypraw i ma dzia\u0142anie prozdrowotne. Zar\u00f3wno w smaku jak i w aromacie od\u015bwierzaj\u0105cy i delikatny. Z akcentami cynamonu, imbiru i ja\u0142owca.<\/p>\n<p><strong>\u015awieca z Naturalnego Wosku Pszczelego<\/strong> to niebanalny dodatek, kt\u00f3ry doda nastroju przy degustacji smako\u0142yk\u00f3w zawartych w zestawie upominkowym. 175g<\/p>\n<p><strong>Myd\u0142o z Miodem i Propolisem<\/strong> produkowane jest przez pasiek\u0119 \u0141yso\u0144 w zgodzie z natur\u0105. Mi\u00f3d oraz propolis, czyli pszczeli kit produkowany przez naszych ma\u0142ych przyjaci\u00f3\u0142 do uszczelniania swoich uli, posiada ca\u0142y szereg w\u0142a\u015bciwo\u015bci zdrowych dla naszej sk\u00f3ry. 100g<\/p>\n<p><strong>Czekolada<\/strong> z rzemie\u015blniczej pasieki <strong>\u0141yso\u0144<\/strong> z dodatkiem miodu gryczanego i orzech\u00f3w w\u0142oskich znakomicie podbije miodowe akcenty alkoholu i prze\u0142amie s\u0142odycz delikatn\u0105 orzechow\u0105 goryczk\u0105. 110g<\/p>\n<p><strong>\u0141yso\u0144<\/strong> to <strong>Naturalny Mi\u00f3d Pszczeli<\/strong>, wielokwiatowy. Pochodzi z ma\u0142ej rodzinnej pasieki i proces jego produkcji jest w 100% r\u0119czny. To uniwersalny dodatek do wielu potraw i napoj\u00f3w, a tak\u017ce lekarstwo na przezi\u0119bienia. 250g<\/p>\n<p><strong>Afficionado<\/strong> to ziarnista kawa wyprodukowana w 100% z ziaren arabiki uprawianej wysoko w g\u00f3rach. Dost\u0119p do unikalnego klimatu oraz gleb pozwala im rozwin\u0105\u0107 wyj\u0105tkowe walory zapachowe i smakowe. Davidoff Fine Aroma posiada \u0142agodny owocowy aromat zbalansowany, kwasowo-goryczkowy smak co czyni j\u0105 bardzo uniwersalnym podarunkiem zar\u00f3wno dla koneser\u00f3w kawy, jak i mniej do\u015bwiadczonych mi\u0142o\u015bnik\u00f3w tego pobudzaj\u0105cego naparu.<\/p>\n<p><strong>Kr\u00f3wki<\/strong> to dla ka\u017cdego z nas smak dzieci\u0144stwa. W tym przypadku podkr\u0119cony jeszcze solidn\u0105 porcj\u0105 miodu wielokwiatowego z rzemie\u015blniczej pasieki <strong>\u0141yso\u0144<\/strong>. Opakowane w estetyczny, czarny kartonik. 120g<\/p>\n<p><strong>Trufla Miodowa z Bia\u0142ej Czekolady<\/strong> to baton obsypany dodatkowo wi\u00f3rkami kokosowymi i z dodatkiem odrobiny wysokiej jako\u015bci rumu. 80g<\/p>\n<p>Opakowanie to mi\u0142e dla oka i dotyku tekturowe pude\u0142ko.\u00a0 Mi\u0119kka i estetyczna wy\u015bci\u00f3\u0142ka zapewnia bezpiecze\u0144stwo szklanym elementom zestawu. Wieko pude\u0142ka przewi\u0105zane nawi\u0105zuj\u0105c\u0105 do kolorystyki zestawu wst\u0105\u017ck\u0105. Ca\u0142o\u015b\u0107 przyjazna \u015brodowisku i podlegaj\u0105ca recyklingowi.<\/p>\n","protected":false},"featured_media":2220,"template":"","meta":{"_acf_changed":false},"product_brand":[],"product_cat":[15,33],"product_tag":[],"class_list":{"0":"post-2219","1":"product","2":"type-product","3":"status-publish","4":"has-post-thumbnail","6":"product_cat-uncategorized","7":"product_cat-zestawy-upominkowe","9":"first","10":"outofstock","11":"purchasable","12":"product-type-simple"},"acf":[],"yoast_head":"<!-- This site is optimized with the Yoast SEO plugin v27.3 - https:\/\/yoast.com\/product\/yoast-seo-wordpress\/ -->\n<title>Wytworna Pasieka: Zestaw prezentowy z alkoholem - Mi\u00f3d pitny Augustowski miodowe produkty | Zestawy \u015awi\u0105teczne<\/title>\n<meta name=\"description\" content=\"Zobacz produkt: Wytworna Pasieka Zestaw prezentowy z alkoholem - Mi\u00f3d pitny Augustowski miodowe produkty - dost\u0119pny online na Whisky and Wine Place wawp.pl\/prezenty !\" \/>\n<meta name=\"robots\" content=\"index, follow, max-snippet:-1, max-image-preview:large, max-video-preview:-1\" \/>\n<link rel=\"canonical\" href=\"https:\/\/wawp.pl\/prezenty\/produkt\/wytworna-pasieka-zestaw-prezentowy-z-alkoholem-miod-pitny-augustowski-miodowe-produkty\/\" \/>\n<meta property=\"og:locale\" content=\"pl_PL\" \/>\n<meta property=\"og:type\" content=\"article\" \/>\n<meta property=\"og:title\" content=\"Wytworna Pasieka: Zestaw prezentowy z alkoholem - Mi\u00f3d pitny Augustowski miodowe produkty | Zestawy \u015awi\u0105teczne\" \/>\n<meta property=\"og:description\" content=\"Zobacz produkt: Wytworna Pasieka Zestaw prezentowy z alkoholem - Mi\u00f3d pitny Augustowski miodowe produkty - dost\u0119pny online na Whisky and Wine Place wawp.pl\/prezenty !\" \/>\n<meta property=\"og:url\" content=\"https:\/\/wawp.pl\/prezenty\/produkt\/wytworna-pasieka-zestaw-prezentowy-z-alkoholem-miod-pitny-augustowski-miodowe-produkty\/\" \/>\n<meta property=\"og:site_name\" content=\"Zestawy \u015awi\u0105teczne\" \/>\n<meta property=\"article:modified_time\" content=\"2024-12-13T13:53:54+00:00\" \/>\n<meta property=\"og:image\" content=\"https:\/\/wawp.pl\/prezenty\/wp-content\/uploads\/2023\/08\/Wytworna-Pasieka-prezentowy-z-alkoholem-Miod-pitny-augustowski-miodowe-produkty.png\" \/>\n\t<meta property=\"og:image:width\" content=\"1200\" \/>\n\t<meta property=\"og:image:height\" content=\"1260\" \/>\n\t<meta property=\"og:image:type\" content=\"image\/png\" \/>\n<meta name=\"twitter:card\" content=\"summary_large_image\" \/>\n<script type=\"application\/ld+json\" class=\"yoast-schema-graph\">{\"@context\":\"https:\\\/\\\/schema.org\",\"@graph\":[{\"@type\":\"WebPage\",\"@id\":\"https:\\\/\\\/wawp.pl\\\/prezenty\\\/produkt\\\/wytworna-pasieka-zestaw-prezentowy-z-alkoholem-miod-pitny-augustowski-miodowe-produkty\\\/\",\"url\":\"https:\\\/\\\/wawp.pl\\\/prezenty\\\/produkt\\\/wytworna-pasieka-zestaw-prezentowy-z-alkoholem-miod-pitny-augustowski-miodowe-produkty\\\/\",\"name\":\"Wytworna Pasieka: Zestaw prezentowy z alkoholem - Mi\u00f3d pitny Augustowski miodowe produkty | Zestawy \u015awi\u0105teczne\",\"isPartOf\":{\"@id\":\"https:\\\/\\\/wawp.pl\\\/prezenty\\\/#website\"},\"primaryImageOfPage\":{\"@id\":\"https:\\\/\\\/wawp.pl\\\/prezenty\\\/produkt\\\/wytworna-pasieka-zestaw-prezentowy-z-alkoholem-miod-pitny-augustowski-miodowe-produkty\\\/#primaryimage\"},\"image\":{\"@id\":\"https:\\\/\\\/wawp.pl\\\/prezenty\\\/produkt\\\/wytworna-pasieka-zestaw-prezentowy-z-alkoholem-miod-pitny-augustowski-miodowe-produkty\\\/#primaryimage\"},\"thumbnailUrl\":\"https:\\\/\\\/wawp.pl\\\/prezenty\\\/wp-content\\\/uploads\\\/2023\\\/08\\\/Wytworna-Pasieka-prezentowy-z-alkoholem-Miod-pitny-augustowski-miodowe-produkty.png\",\"datePublished\":\"2023-08-01T16:41:09+00:00\",\"dateModified\":\"2024-12-13T13:53:54+00:00\",\"description\":\"Zobacz produkt: Wytworna Pasieka Zestaw prezentowy z alkoholem - Mi\u00f3d pitny Augustowski miodowe produkty - dost\u0119pny online na Whisky and Wine Place wawp.pl\\\/prezenty !\",\"breadcrumb\":{\"@id\":\"https:\\\/\\\/wawp.pl\\\/prezenty\\\/produkt\\\/wytworna-pasieka-zestaw-prezentowy-z-alkoholem-miod-pitny-augustowski-miodowe-produkty\\\/#breadcrumb\"},\"inLanguage\":\"pl-PL\",\"potentialAction\":[{\"@type\":\"ReadAction\",\"target\":[\"https:\\\/\\\/wawp.pl\\\/prezenty\\\/produkt\\\/wytworna-pasieka-zestaw-prezentowy-z-alkoholem-miod-pitny-augustowski-miodowe-produkty\\\/\"]}]},{\"@type\":\"ImageObject\",\"inLanguage\":\"pl-PL\",\"@id\":\"https:\\\/\\\/wawp.pl\\\/prezenty\\\/produkt\\\/wytworna-pasieka-zestaw-prezentowy-z-alkoholem-miod-pitny-augustowski-miodowe-produkty\\\/#primaryimage\",\"url\":\"https:\\\/\\\/wawp.pl\\\/prezenty\\\/wp-content\\\/uploads\\\/2023\\\/08\\\/Wytworna-Pasieka-prezentowy-z-alkoholem-Miod-pitny-augustowski-miodowe-produkty.png\",\"contentUrl\":\"https:\\\/\\\/wawp.pl\\\/prezenty\\\/wp-content\\\/uploads\\\/2023\\\/08\\\/Wytworna-Pasieka-prezentowy-z-alkoholem-Miod-pitny-augustowski-miodowe-produkty.png\",\"width\":1200,\"height\":1260,\"caption\":\"Ekskluzywne kosze prezentowe\"},{\"@type\":\"BreadcrumbList\",\"@id\":\"https:\\\/\\\/wawp.pl\\\/prezenty\\\/produkt\\\/wytworna-pasieka-zestaw-prezentowy-z-alkoholem-miod-pitny-augustowski-miodowe-produkty\\\/#breadcrumb\",\"itemListElement\":[{\"@type\":\"ListItem\",\"position\":1,\"name\":\"Strona g\u0142\u00f3wna\",\"item\":\"https:\\\/\\\/wawp.pl\\\/prezenty\\\/\"},{\"@type\":\"ListItem\",\"position\":2,\"name\":\"Shop\",\"item\":\"https:\\\/\\\/wawp.pl\\\/prezenty\\\/shop\\\/\"},{\"@type\":\"ListItem\",\"position\":3,\"name\":\"Wytworna Pasieka\"}]},{\"@type\":\"WebSite\",\"@id\":\"https:\\\/\\\/wawp.pl\\\/prezenty\\\/#website\",\"url\":\"https:\\\/\\\/wawp.pl\\\/prezenty\\\/\",\"name\":\"Zestawy \u015awi\u0105teczne\",\"description\":\"Kosze \u015awi\u0105teczne, Podarunkowe, Prezentowe\",\"publisher\":{\"@id\":\"https:\\\/\\\/wawp.pl\\\/prezenty\\\/#organization\"},\"potentialAction\":[{\"@type\":\"SearchAction\",\"target\":{\"@type\":\"EntryPoint\",\"urlTemplate\":\"https:\\\/\\\/wawp.pl\\\/prezenty\\\/?s={search_term_string}\"},\"query-input\":{\"@type\":\"PropertyValueSpecification\",\"valueRequired\":true,\"valueName\":\"search_term_string\"}}],\"inLanguage\":\"pl-PL\"},{\"@type\":\"Organization\",\"@id\":\"https:\\\/\\\/wawp.pl\\\/prezenty\\\/#organization\",\"name\":\"Zestawy \u015awi\u0105teczne\",\"url\":\"https:\\\/\\\/wawp.pl\\\/prezenty\\\/\",\"logo\":{\"@type\":\"ImageObject\",\"inLanguage\":\"pl-PL\",\"@id\":\"https:\\\/\\\/wawp.pl\\\/prezenty\\\/#\\\/schema\\\/logo\\\/image\\\/\",\"url\":\"https:\\\/\\\/wawp.pl\\\/prezenty\\\/wp-content\\\/uploads\\\/2021\\\/11\\\/cropped-logo.png\",\"contentUrl\":\"https:\\\/\\\/wawp.pl\\\/prezenty\\\/wp-content\\\/uploads\\\/2021\\\/11\\\/cropped-logo.png\",\"width\":360,\"height\":137,\"caption\":\"Zestawy \u015awi\u0105teczne\"},\"image\":{\"@id\":\"https:\\\/\\\/wawp.pl\\\/prezenty\\\/#\\\/schema\\\/logo\\\/image\\\/\"}}]}<\/script>\n<!-- \/ Yoast SEO plugin. -->","yoast_head_json":{"title":"Wytworna Pasieka: Zestaw prezentowy z alkoholem - Mi\u00f3d pitny Augustowski miodowe produkty | Zestawy \u015awi\u0105teczne","description":"Zobacz produkt: Wytworna Pasieka Zestaw prezentowy z alkoholem - Mi\u00f3d pitny Augustowski miodowe produkty - dost\u0119pny online na Whisky and Wine Place wawp.pl\/prezenty !","robots":{"index":"index","follow":"follow","max-snippet":"max-snippet:-1","max-image-preview":"max-image-preview:large","max-video-preview":"max-video-preview:-1"},"canonical":"https:\/\/wawp.pl\/prezenty\/produkt\/wytworna-pasieka-zestaw-prezentowy-z-alkoholem-miod-pitny-augustowski-miodowe-produkty\/","og_locale":"pl_PL","og_type":"article","og_title":"Wytworna Pasieka: Zestaw prezentowy z alkoholem - Mi\u00f3d pitny Augustowski miodowe produkty | Zestawy \u015awi\u0105teczne","og_description":"Zobacz produkt: Wytworna Pasieka Zestaw prezentowy z alkoholem - Mi\u00f3d pitny Augustowski miodowe produkty - dost\u0119pny online na Whisky and Wine Place wawp.pl\/prezenty !","og_url":"https:\/\/wawp.pl\/prezenty\/produkt\/wytworna-pasieka-zestaw-prezentowy-z-alkoholem-miod-pitny-augustowski-miodowe-produkty\/","og_site_name":"Zestawy \u015awi\u0105teczne","article_modified_time":"2024-12-13T13:53:54+00:00","og_image":[{"width":1200,"height":1260,"url":"https:\/\/wawp.pl\/prezenty\/wp-content\/uploads\/2023\/08\/Wytworna-Pasieka-prezentowy-z-alkoholem-Miod-pitny-augustowski-miodowe-produkty.png","type":"image\/png"}],"twitter_card":"summary_large_image","schema":{"@context":"https:\/\/schema.org","@graph":[{"@type":"WebPage","@id":"https:\/\/wawp.pl\/prezenty\/produkt\/wytworna-pasieka-zestaw-prezentowy-z-alkoholem-miod-pitny-augustowski-miodowe-produkty\/","url":"https:\/\/wawp.pl\/prezenty\/produkt\/wytworna-pasieka-zestaw-prezentowy-z-alkoholem-miod-pitny-augustowski-miodowe-produkty\/","name":"Wytworna Pasieka: Zestaw prezentowy z alkoholem - Mi\u00f3d pitny Augustowski miodowe produkty | Zestawy \u015awi\u0105teczne","isPartOf":{"@id":"https:\/\/wawp.pl\/prezenty\/#website"},"primaryImageOfPage":{"@id":"https:\/\/wawp.pl\/prezenty\/produkt\/wytworna-pasieka-zestaw-prezentowy-z-alkoholem-miod-pitny-augustowski-miodowe-produkty\/#primaryimage"},"image":{"@id":"https:\/\/wawp.pl\/prezenty\/produkt\/wytworna-pasieka-zestaw-prezentowy-z-alkoholem-miod-pitny-augustowski-miodowe-produkty\/#primaryimage"},"thumbnailUrl":"https:\/\/wawp.pl\/prezenty\/wp-content\/uploads\/2023\/08\/Wytworna-Pasieka-prezentowy-z-alkoholem-Miod-pitny-augustowski-miodowe-produkty.png","datePublished":"2023-08-01T16:41:09+00:00","dateModified":"2024-12-13T13:53:54+00:00","description":"Zobacz produkt: Wytworna Pasieka Zestaw prezentowy z alkoholem - Mi\u00f3d pitny Augustowski miodowe produkty - dost\u0119pny online na Whisky and Wine Place wawp.pl\/prezenty !","breadcrumb":{"@id":"https:\/\/wawp.pl\/prezenty\/produkt\/wytworna-pasieka-zestaw-prezentowy-z-alkoholem-miod-pitny-augustowski-miodowe-produkty\/#breadcrumb"},"inLanguage":"pl-PL","potentialAction":[{"@type":"ReadAction","target":["https:\/\/wawp.pl\/prezenty\/produkt\/wytworna-pasieka-zestaw-prezentowy-z-alkoholem-miod-pitny-augustowski-miodowe-produkty\/"]}]},{"@type":"ImageObject","inLanguage":"pl-PL","@id":"https:\/\/wawp.pl\/prezenty\/produkt\/wytworna-pasieka-zestaw-prezentowy-z-alkoholem-miod-pitny-augustowski-miodowe-produkty\/#primaryimage","url":"https:\/\/wawp.pl\/prezenty\/wp-content\/uploads\/2023\/08\/Wytworna-Pasieka-prezentowy-z-alkoholem-Miod-pitny-augustowski-miodowe-produkty.png","contentUrl":"https:\/\/wawp.pl\/prezenty\/wp-content\/uploads\/2023\/08\/Wytworna-Pasieka-prezentowy-z-alkoholem-Miod-pitny-augustowski-miodowe-produkty.png","width":1200,"height":1260,"caption":"Ekskluzywne kosze prezentowe"},{"@type":"BreadcrumbList","@id":"https:\/\/wawp.pl\/prezenty\/produkt\/wytworna-pasieka-zestaw-prezentowy-z-alkoholem-miod-pitny-augustowski-miodowe-produkty\/#breadcrumb","itemListElement":[{"@type":"ListItem","position":1,"name":"Strona g\u0142\u00f3wna","item":"https:\/\/wawp.pl\/prezenty\/"},{"@type":"ListItem","position":2,"name":"Shop","item":"https:\/\/wawp.pl\/prezenty\/shop\/"},{"@type":"ListItem","position":3,"name":"Wytworna Pasieka"}]},{"@type":"WebSite","@id":"https:\/\/wawp.pl\/prezenty\/#website","url":"https:\/\/wawp.pl\/prezenty\/","name":"Zestawy \u015awi\u0105teczne","description":"Kosze \u015awi\u0105teczne, Podarunkowe, Prezentowe","publisher":{"@id":"https:\/\/wawp.pl\/prezenty\/#organization"},"potentialAction":[{"@type":"SearchAction","target":{"@type":"EntryPoint","urlTemplate":"https:\/\/wawp.pl\/prezenty\/?s={search_term_string}"},"query-input":{"@type":"PropertyValueSpecification","valueRequired":true,"valueName":"search_term_string"}}],"inLanguage":"pl-PL"},{"@type":"Organization","@id":"https:\/\/wawp.pl\/prezenty\/#organization","name":"Zestawy \u015awi\u0105teczne","url":"https:\/\/wawp.pl\/prezenty\/","logo":{"@type":"ImageObject","inLanguage":"pl-PL","@id":"https:\/\/wawp.pl\/prezenty\/#\/schema\/logo\/image\/","url":"https:\/\/wawp.pl\/prezenty\/wp-content\/uploads\/2021\/11\/cropped-logo.png","contentUrl":"https:\/\/wawp.pl\/prezenty\/wp-content\/uploads\/2021\/11\/cropped-logo.png","width":360,"height":137,"caption":"Zestawy \u015awi\u0105teczne"},"image":{"@id":"https:\/\/wawp.pl\/prezenty\/#\/schema\/logo\/image\/"}}]}},"_links":{"self":[{"href":"https:\/\/wawp.pl\/prezenty\/wp-json\/wp\/v2\/product\/2219","targetHints":{"allow":["GET"]}}],"collection":[{"href":"https:\/\/wawp.pl\/prezenty\/wp-json\/wp\/v2\/product"}],"about":[{"href":"https:\/\/wawp.pl\/prezenty\/wp-json\/wp\/v2\/types\/product"}],"wp:featuredmedia":[{"embeddable":true,"href":"https:\/\/wawp.pl\/prezenty\/wp-json\/wp\/v2\/media\/2220"}],"wp:attachment":[{"href":"https:\/\/wawp.pl\/prezenty\/wp-json\/wp\/v2\/media?parent=2219"}],"wp:term":[{"taxonomy":"product_brand","embeddable":true,"href":"https:\/\/wawp.pl\/prezenty\/wp-json\/wp\/v2\/product_brand?post=2219"},{"taxonomy":"product_cat","embeddable":true,"href":"https:\/\/wawp.pl\/prezenty\/wp-json\/wp\/v2\/product_cat?post=2219"},{"taxonomy":"product_tag","embeddable":true,"href":"https:\/\/wawp.pl\/prezenty\/wp-json\/wp\/v2\/product_tag?post=2219"}],"curies":[{"name":"wp","href":"https:\/\/api.w.org\/{rel}","templated":true}]}}