{"id":2202,"date":"2023-08-01T13:25:49","date_gmt":"2023-08-01T13:25:49","guid":{"rendered":"https:\/\/wawp.pl\/prezenty\/?post_type=product&#038;p=2202"},"modified":"2024-12-13T13:34:02","modified_gmt":"2024-12-13T13:34:02","slug":"miodowa-rosa-zestaw-prezentowy-z-alkoholem-wino-musujace-rozowe-prosecco-produkty-pszczele-kosmetyki","status":"publish","type":"product","link":"https:\/\/wawp.pl\/prezenty\/produkt\/miodowa-rosa-zestaw-prezentowy-z-alkoholem-wino-musujace-rozowe-prosecco-produkty-pszczele-kosmetyki\/","title":{"rendered":"Miodowa Rosa"},"content":{"rendered":"","protected":false},"excerpt":{"rendered":"<p>Kobiecy zestaw prezentowy z winem sprawdzi si\u0119 \u015bwietnie jako prezent zamiast kwiat\u00f3w na dzie\u0144 matki. Sk\u0142ada si\u0119 z pysznego, r\u00f3\u017cowego wina musuj\u0105cego, s\u0142odkich dodatk\u00f3w, a tak\u017ce mas\u0142a do piel\u0119gnacji cia\u0142a. Box upominkowy z delikatesami to estetycznie wykonany i zaskakuj\u0105cy prezent dla ka\u017cdej damy. Jego delikatna kolorystyka utrzymana w barwach r\u00f3\u017cu i czerwieni zostanie w pami\u0119ci obdarowanej na d\u0142ugie tygodnie.<\/p>\n<p>Zestaw podarunkowy z winem <strong>Miodowa Rosa<\/strong> zawiera p\u00f3\u0142wytrawne, r\u00f3\u017cowe <strong>Prosecco<\/strong>. To znakomite, w\u0142oskie, musuj\u0105ce wino pochodzi z najlepszych upraw zlokalizowanych w okolicach Wenecji. Charakteryzuje si\u0119 szlachetn\u0105 perlisto\u015bci\u0105 b\u0105belk\u00f3w, stonowan\u0105 kwasowo\u015bci\u0105 i lekko zaznaczon\u0105 s\u0142odycz\u0105. W aromacie i smaku odnale\u017a\u0107 mo\u017cna moc akcent\u00f3w malin, truskawek oraz poziomek. 0,7l<\/p>\n<p><strong>Trufle Miodowe z Czekolady Mleczno-Deserowej<\/strong> to zestaw pralin obsypanych malinow\u0105 kruszonk\u0105 i z dodatkiem odrobiny wysokiej jako\u015bci rumu. 170g<\/p>\n<p><strong>Mas\u0142o do Cia\u0142a<\/strong> z pszczelim propolisem zawiera ca\u0142\u0105 palet\u0119 dobroczynnych w\u0142a\u015bciwo\u015bci dla sk\u00f3ry i dobrego samopoczucia. Niweluje tak\u017ce problem rozdwajania si\u0119 ko\u0144c\u00f3wek w\u0142os\u00f3w. Powstaje wskutek po\u0142\u0105czenia wy\u0142\u0105cznie naturalnych sk\u0142adnik\u00f3w bez szkodliwego ingerowania w \u015brodowisko. 45g<\/p>\n<p><strong>\u015awieca Miodowa w Kszta\u0142cie R\u00f3\u017cy<\/strong> opakowana w urocz\u0105, wy\u015bcie\u0142an\u0105 trocinami \u0142ubiank\u0119 stanowi idealny dodatek do relaksuj\u0105cej k\u0105pieli. 80g<\/p>\n<p><strong>Konfitura Czekoladowo-Truskawkowa<\/strong> to polski wyr\u00f3b manufakturowy powstaj\u0105cy w ma\u0142ych partiach ze staranie wyselekcjonowanych, wielkopolskich owoc\u00f3w i najwy\u017cszej jako\u015bci kakao. Smako\u0142yk jest w 100% naturalny i nie zawiera konserwant\u00f3w ani GMO. 200g<\/p>\n<p><strong>Anthon Berg<\/strong> to nietuzinkowe po\u0142\u0105czenie marcepanu, czekolady, truskawek oraz najszlachetniejszego wina musuj\u0105cego \u015bwiata \u2013 Szampana. 220g<\/p>\n<p>Opakowanie to mi\u0142e dla oka i dotyku tekturowe pude\u0142ko.\u00a0 Mi\u0119kka i estetyczna wy\u015bci\u00f3\u0142ka zapewnia bezpiecze\u0144stwo szklanym elementom zestawu. Wieko pude\u0142ka przewi\u0105zane nawi\u0105zuj\u0105c\u0105 do kolorystyki zestawu wst\u0105\u017ck\u0105. Ca\u0142o\u015b\u0107 przyjazna \u015brodowisku i podlegaj\u0105ca recyklingowi.<\/p>\n","protected":false},"featured_media":2115,"template":"","meta":{"_acf_changed":false},"product_brand":[],"product_cat":[33],"product_tag":[],"class_list":{"0":"post-2202","1":"product","2":"type-product","3":"status-publish","4":"has-post-thumbnail","6":"product_cat-zestawy-upominkowe","8":"first","9":"outofstock","10":"purchasable","11":"product-type-simple"},"acf":[],"yoast_head":"<!-- This site is optimized with the Yoast SEO plugin v27.3 - https:\/\/yoast.com\/product\/yoast-seo-wordpress\/ -->\n<title>Miodowa Rosa: Zestaw prezentowy z alkoholem - WIno musuj\u0105ce r\u00f3\u017cowe prosecco produkty pszczele kosmetyki | Zestawy \u015awi\u0105teczne<\/title>\n<meta name=\"description\" content=\"Zobacz produkt: Miodowa Rosa Zestaw prezentowy z alkoholem - WIno musuj\u0105ce r\u00f3\u017cowe prosecco produkty pszczele kosmetyki - dost\u0119pny online na Whisky and Wine Place wawp.pl\/prezenty !\" \/>\n<meta name=\"robots\" content=\"index, follow, max-snippet:-1, max-image-preview:large, max-video-preview:-1\" \/>\n<link rel=\"canonical\" href=\"https:\/\/wawp.pl\/prezenty\/produkt\/miodowa-rosa-zestaw-prezentowy-z-alkoholem-wino-musujace-rozowe-prosecco-produkty-pszczele-kosmetyki\/\" \/>\n<meta property=\"og:locale\" content=\"pl_PL\" \/>\n<meta property=\"og:type\" content=\"article\" \/>\n<meta property=\"og:title\" content=\"Miodowa Rosa: Zestaw prezentowy z alkoholem - WIno musuj\u0105ce r\u00f3\u017cowe prosecco produkty pszczele kosmetyki | Zestawy \u015awi\u0105teczne\" \/>\n<meta property=\"og:description\" content=\"Zobacz produkt: Miodowa Rosa Zestaw prezentowy z alkoholem - WIno musuj\u0105ce r\u00f3\u017cowe prosecco produkty pszczele kosmetyki - dost\u0119pny online na Whisky and Wine Place wawp.pl\/prezenty !\" \/>\n<meta property=\"og:url\" content=\"https:\/\/wawp.pl\/prezenty\/produkt\/miodowa-rosa-zestaw-prezentowy-z-alkoholem-wino-musujace-rozowe-prosecco-produkty-pszczele-kosmetyki\/\" \/>\n<meta property=\"og:site_name\" content=\"Zestawy \u015awi\u0105teczne\" \/>\n<meta property=\"article:modified_time\" content=\"2024-12-13T13:34:02+00:00\" \/>\n<meta property=\"og:image\" content=\"https:\/\/wawp.pl\/prezenty\/wp-content\/uploads\/2023\/07\/Miodowa-Rosa-Zestaw-prezentowy-z-alkoholem-WIno-musujace-rozowe-prosecco-produkty-pszczele-kosmetyki-975x1024.png\" \/>\n\t<meta property=\"og:image:width\" content=\"975\" \/>\n\t<meta property=\"og:image:height\" content=\"1024\" \/>\n\t<meta property=\"og:image:type\" content=\"image\/png\" \/>\n<meta name=\"twitter:card\" content=\"summary_large_image\" \/>\n<script type=\"application\/ld+json\" class=\"yoast-schema-graph\">{\"@context\":\"https:\\\/\\\/schema.org\",\"@graph\":[{\"@type\":\"WebPage\",\"@id\":\"https:\\\/\\\/wawp.pl\\\/prezenty\\\/produkt\\\/miodowa-rosa-zestaw-prezentowy-z-alkoholem-wino-musujace-rozowe-prosecco-produkty-pszczele-kosmetyki\\\/\",\"url\":\"https:\\\/\\\/wawp.pl\\\/prezenty\\\/produkt\\\/miodowa-rosa-zestaw-prezentowy-z-alkoholem-wino-musujace-rozowe-prosecco-produkty-pszczele-kosmetyki\\\/\",\"name\":\"Miodowa Rosa: Zestaw prezentowy z alkoholem - WIno musuj\u0105ce r\u00f3\u017cowe prosecco produkty pszczele kosmetyki | Zestawy \u015awi\u0105teczne\",\"isPartOf\":{\"@id\":\"https:\\\/\\\/wawp.pl\\\/prezenty\\\/#website\"},\"primaryImageOfPage\":{\"@id\":\"https:\\\/\\\/wawp.pl\\\/prezenty\\\/produkt\\\/miodowa-rosa-zestaw-prezentowy-z-alkoholem-wino-musujace-rozowe-prosecco-produkty-pszczele-kosmetyki\\\/#primaryimage\"},\"image\":{\"@id\":\"https:\\\/\\\/wawp.pl\\\/prezenty\\\/produkt\\\/miodowa-rosa-zestaw-prezentowy-z-alkoholem-wino-musujace-rozowe-prosecco-produkty-pszczele-kosmetyki\\\/#primaryimage\"},\"thumbnailUrl\":\"https:\\\/\\\/wawp.pl\\\/prezenty\\\/wp-content\\\/uploads\\\/2023\\\/07\\\/Miodowa-Rosa-Zestaw-prezentowy-z-alkoholem-WIno-musujace-rozowe-prosecco-produkty-pszczele-kosmetyki.png\",\"datePublished\":\"2023-08-01T13:25:49+00:00\",\"dateModified\":\"2024-12-13T13:34:02+00:00\",\"description\":\"Zobacz produkt: Miodowa Rosa Zestaw prezentowy z alkoholem - WIno musuj\u0105ce r\u00f3\u017cowe prosecco produkty pszczele kosmetyki - dost\u0119pny online na Whisky and Wine Place wawp.pl\\\/prezenty !\",\"breadcrumb\":{\"@id\":\"https:\\\/\\\/wawp.pl\\\/prezenty\\\/produkt\\\/miodowa-rosa-zestaw-prezentowy-z-alkoholem-wino-musujace-rozowe-prosecco-produkty-pszczele-kosmetyki\\\/#breadcrumb\"},\"inLanguage\":\"pl-PL\",\"potentialAction\":[{\"@type\":\"ReadAction\",\"target\":[\"https:\\\/\\\/wawp.pl\\\/prezenty\\\/produkt\\\/miodowa-rosa-zestaw-prezentowy-z-alkoholem-wino-musujace-rozowe-prosecco-produkty-pszczele-kosmetyki\\\/\"]}]},{\"@type\":\"ImageObject\",\"inLanguage\":\"pl-PL\",\"@id\":\"https:\\\/\\\/wawp.pl\\\/prezenty\\\/produkt\\\/miodowa-rosa-zestaw-prezentowy-z-alkoholem-wino-musujace-rozowe-prosecco-produkty-pszczele-kosmetyki\\\/#primaryimage\",\"url\":\"https:\\\/\\\/wawp.pl\\\/prezenty\\\/wp-content\\\/uploads\\\/2023\\\/07\\\/Miodowa-Rosa-Zestaw-prezentowy-z-alkoholem-WIno-musujace-rozowe-prosecco-produkty-pszczele-kosmetyki.png\",\"contentUrl\":\"https:\\\/\\\/wawp.pl\\\/prezenty\\\/wp-content\\\/uploads\\\/2023\\\/07\\\/Miodowa-Rosa-Zestaw-prezentowy-z-alkoholem-WIno-musujace-rozowe-prosecco-produkty-pszczele-kosmetyki.png\",\"width\":1200,\"height\":1260},{\"@type\":\"BreadcrumbList\",\"@id\":\"https:\\\/\\\/wawp.pl\\\/prezenty\\\/produkt\\\/miodowa-rosa-zestaw-prezentowy-z-alkoholem-wino-musujace-rozowe-prosecco-produkty-pszczele-kosmetyki\\\/#breadcrumb\",\"itemListElement\":[{\"@type\":\"ListItem\",\"position\":1,\"name\":\"Strona g\u0142\u00f3wna\",\"item\":\"https:\\\/\\\/wawp.pl\\\/prezenty\\\/\"},{\"@type\":\"ListItem\",\"position\":2,\"name\":\"Shop\",\"item\":\"https:\\\/\\\/wawp.pl\\\/prezenty\\\/shop\\\/\"},{\"@type\":\"ListItem\",\"position\":3,\"name\":\"Miodowa Rosa\"}]},{\"@type\":\"WebSite\",\"@id\":\"https:\\\/\\\/wawp.pl\\\/prezenty\\\/#website\",\"url\":\"https:\\\/\\\/wawp.pl\\\/prezenty\\\/\",\"name\":\"Zestawy \u015awi\u0105teczne\",\"description\":\"Kosze \u015awi\u0105teczne, Podarunkowe, Prezentowe\",\"publisher\":{\"@id\":\"https:\\\/\\\/wawp.pl\\\/prezenty\\\/#organization\"},\"potentialAction\":[{\"@type\":\"SearchAction\",\"target\":{\"@type\":\"EntryPoint\",\"urlTemplate\":\"https:\\\/\\\/wawp.pl\\\/prezenty\\\/?s={search_term_string}\"},\"query-input\":{\"@type\":\"PropertyValueSpecification\",\"valueRequired\":true,\"valueName\":\"search_term_string\"}}],\"inLanguage\":\"pl-PL\"},{\"@type\":\"Organization\",\"@id\":\"https:\\\/\\\/wawp.pl\\\/prezenty\\\/#organization\",\"name\":\"Zestawy \u015awi\u0105teczne\",\"url\":\"https:\\\/\\\/wawp.pl\\\/prezenty\\\/\",\"logo\":{\"@type\":\"ImageObject\",\"inLanguage\":\"pl-PL\",\"@id\":\"https:\\\/\\\/wawp.pl\\\/prezenty\\\/#\\\/schema\\\/logo\\\/image\\\/\",\"url\":\"https:\\\/\\\/wawp.pl\\\/prezenty\\\/wp-content\\\/uploads\\\/2021\\\/11\\\/cropped-logo.png\",\"contentUrl\":\"https:\\\/\\\/wawp.pl\\\/prezenty\\\/wp-content\\\/uploads\\\/2021\\\/11\\\/cropped-logo.png\",\"width\":360,\"height\":137,\"caption\":\"Zestawy \u015awi\u0105teczne\"},\"image\":{\"@id\":\"https:\\\/\\\/wawp.pl\\\/prezenty\\\/#\\\/schema\\\/logo\\\/image\\\/\"}}]}<\/script>\n<!-- \/ Yoast SEO plugin. -->","yoast_head_json":{"title":"Miodowa Rosa: Zestaw prezentowy z alkoholem - WIno musuj\u0105ce r\u00f3\u017cowe prosecco produkty pszczele kosmetyki | Zestawy \u015awi\u0105teczne","description":"Zobacz produkt: Miodowa Rosa Zestaw prezentowy z alkoholem - WIno musuj\u0105ce r\u00f3\u017cowe prosecco produkty pszczele kosmetyki - dost\u0119pny online na Whisky and Wine Place wawp.pl\/prezenty !","robots":{"index":"index","follow":"follow","max-snippet":"max-snippet:-1","max-image-preview":"max-image-preview:large","max-video-preview":"max-video-preview:-1"},"canonical":"https:\/\/wawp.pl\/prezenty\/produkt\/miodowa-rosa-zestaw-prezentowy-z-alkoholem-wino-musujace-rozowe-prosecco-produkty-pszczele-kosmetyki\/","og_locale":"pl_PL","og_type":"article","og_title":"Miodowa Rosa: Zestaw prezentowy z alkoholem - WIno musuj\u0105ce r\u00f3\u017cowe prosecco produkty pszczele kosmetyki | Zestawy \u015awi\u0105teczne","og_description":"Zobacz produkt: Miodowa Rosa Zestaw prezentowy z alkoholem - WIno musuj\u0105ce r\u00f3\u017cowe prosecco produkty pszczele kosmetyki - dost\u0119pny online na Whisky and Wine Place wawp.pl\/prezenty !","og_url":"https:\/\/wawp.pl\/prezenty\/produkt\/miodowa-rosa-zestaw-prezentowy-z-alkoholem-wino-musujace-rozowe-prosecco-produkty-pszczele-kosmetyki\/","og_site_name":"Zestawy \u015awi\u0105teczne","article_modified_time":"2024-12-13T13:34:02+00:00","og_image":[{"width":975,"height":1024,"url":"https:\/\/wawp.pl\/prezenty\/wp-content\/uploads\/2023\/07\/Miodowa-Rosa-Zestaw-prezentowy-z-alkoholem-WIno-musujace-rozowe-prosecco-produkty-pszczele-kosmetyki-975x1024.png","type":"image\/png"}],"twitter_card":"summary_large_image","schema":{"@context":"https:\/\/schema.org","@graph":[{"@type":"WebPage","@id":"https:\/\/wawp.pl\/prezenty\/produkt\/miodowa-rosa-zestaw-prezentowy-z-alkoholem-wino-musujace-rozowe-prosecco-produkty-pszczele-kosmetyki\/","url":"https:\/\/wawp.pl\/prezenty\/produkt\/miodowa-rosa-zestaw-prezentowy-z-alkoholem-wino-musujace-rozowe-prosecco-produkty-pszczele-kosmetyki\/","name":"Miodowa Rosa: Zestaw prezentowy z alkoholem - WIno musuj\u0105ce r\u00f3\u017cowe prosecco produkty pszczele kosmetyki | Zestawy \u015awi\u0105teczne","isPartOf":{"@id":"https:\/\/wawp.pl\/prezenty\/#website"},"primaryImageOfPage":{"@id":"https:\/\/wawp.pl\/prezenty\/produkt\/miodowa-rosa-zestaw-prezentowy-z-alkoholem-wino-musujace-rozowe-prosecco-produkty-pszczele-kosmetyki\/#primaryimage"},"image":{"@id":"https:\/\/wawp.pl\/prezenty\/produkt\/miodowa-rosa-zestaw-prezentowy-z-alkoholem-wino-musujace-rozowe-prosecco-produkty-pszczele-kosmetyki\/#primaryimage"},"thumbnailUrl":"https:\/\/wawp.pl\/prezenty\/wp-content\/uploads\/2023\/07\/Miodowa-Rosa-Zestaw-prezentowy-z-alkoholem-WIno-musujace-rozowe-prosecco-produkty-pszczele-kosmetyki.png","datePublished":"2023-08-01T13:25:49+00:00","dateModified":"2024-12-13T13:34:02+00:00","description":"Zobacz produkt: Miodowa Rosa Zestaw prezentowy z alkoholem - WIno musuj\u0105ce r\u00f3\u017cowe prosecco produkty pszczele kosmetyki - dost\u0119pny online na Whisky and Wine Place wawp.pl\/prezenty !","breadcrumb":{"@id":"https:\/\/wawp.pl\/prezenty\/produkt\/miodowa-rosa-zestaw-prezentowy-z-alkoholem-wino-musujace-rozowe-prosecco-produkty-pszczele-kosmetyki\/#breadcrumb"},"inLanguage":"pl-PL","potentialAction":[{"@type":"ReadAction","target":["https:\/\/wawp.pl\/prezenty\/produkt\/miodowa-rosa-zestaw-prezentowy-z-alkoholem-wino-musujace-rozowe-prosecco-produkty-pszczele-kosmetyki\/"]}]},{"@type":"ImageObject","inLanguage":"pl-PL","@id":"https:\/\/wawp.pl\/prezenty\/produkt\/miodowa-rosa-zestaw-prezentowy-z-alkoholem-wino-musujace-rozowe-prosecco-produkty-pszczele-kosmetyki\/#primaryimage","url":"https:\/\/wawp.pl\/prezenty\/wp-content\/uploads\/2023\/07\/Miodowa-Rosa-Zestaw-prezentowy-z-alkoholem-WIno-musujace-rozowe-prosecco-produkty-pszczele-kosmetyki.png","contentUrl":"https:\/\/wawp.pl\/prezenty\/wp-content\/uploads\/2023\/07\/Miodowa-Rosa-Zestaw-prezentowy-z-alkoholem-WIno-musujace-rozowe-prosecco-produkty-pszczele-kosmetyki.png","width":1200,"height":1260},{"@type":"BreadcrumbList","@id":"https:\/\/wawp.pl\/prezenty\/produkt\/miodowa-rosa-zestaw-prezentowy-z-alkoholem-wino-musujace-rozowe-prosecco-produkty-pszczele-kosmetyki\/#breadcrumb","itemListElement":[{"@type":"ListItem","position":1,"name":"Strona g\u0142\u00f3wna","item":"https:\/\/wawp.pl\/prezenty\/"},{"@type":"ListItem","position":2,"name":"Shop","item":"https:\/\/wawp.pl\/prezenty\/shop\/"},{"@type":"ListItem","position":3,"name":"Miodowa Rosa"}]},{"@type":"WebSite","@id":"https:\/\/wawp.pl\/prezenty\/#website","url":"https:\/\/wawp.pl\/prezenty\/","name":"Zestawy \u015awi\u0105teczne","description":"Kosze \u015awi\u0105teczne, Podarunkowe, Prezentowe","publisher":{"@id":"https:\/\/wawp.pl\/prezenty\/#organization"},"potentialAction":[{"@type":"SearchAction","target":{"@type":"EntryPoint","urlTemplate":"https:\/\/wawp.pl\/prezenty\/?s={search_term_string}"},"query-input":{"@type":"PropertyValueSpecification","valueRequired":true,"valueName":"search_term_string"}}],"inLanguage":"pl-PL"},{"@type":"Organization","@id":"https:\/\/wawp.pl\/prezenty\/#organization","name":"Zestawy \u015awi\u0105teczne","url":"https:\/\/wawp.pl\/prezenty\/","logo":{"@type":"ImageObject","inLanguage":"pl-PL","@id":"https:\/\/wawp.pl\/prezenty\/#\/schema\/logo\/image\/","url":"https:\/\/wawp.pl\/prezenty\/wp-content\/uploads\/2021\/11\/cropped-logo.png","contentUrl":"https:\/\/wawp.pl\/prezenty\/wp-content\/uploads\/2021\/11\/cropped-logo.png","width":360,"height":137,"caption":"Zestawy \u015awi\u0105teczne"},"image":{"@id":"https:\/\/wawp.pl\/prezenty\/#\/schema\/logo\/image\/"}}]}},"_links":{"self":[{"href":"https:\/\/wawp.pl\/prezenty\/wp-json\/wp\/v2\/product\/2202","targetHints":{"allow":["GET"]}}],"collection":[{"href":"https:\/\/wawp.pl\/prezenty\/wp-json\/wp\/v2\/product"}],"about":[{"href":"https:\/\/wawp.pl\/prezenty\/wp-json\/wp\/v2\/types\/product"}],"wp:featuredmedia":[{"embeddable":true,"href":"https:\/\/wawp.pl\/prezenty\/wp-json\/wp\/v2\/media\/2115"}],"wp:attachment":[{"href":"https:\/\/wawp.pl\/prezenty\/wp-json\/wp\/v2\/media?parent=2202"}],"wp:term":[{"taxonomy":"product_brand","embeddable":true,"href":"https:\/\/wawp.pl\/prezenty\/wp-json\/wp\/v2\/product_brand?post=2202"},{"taxonomy":"product_cat","embeddable":true,"href":"https:\/\/wawp.pl\/prezenty\/wp-json\/wp\/v2\/product_cat?post=2202"},{"taxonomy":"product_tag","embeddable":true,"href":"https:\/\/wawp.pl\/prezenty\/wp-json\/wp\/v2\/product_tag?post=2202"}],"curies":[{"name":"wp","href":"https:\/\/api.w.org\/{rel}","templated":true}]}}