{"id":2200,"date":"2023-08-01T13:14:58","date_gmt":"2023-08-01T13:14:58","guid":{"rendered":"https:\/\/wawp.pl\/prezenty\/?post_type=product&#038;p=2200"},"modified":"2024-12-13T13:34:02","modified_gmt":"2024-12-13T13:34:02","slug":"miedziany-alembik-zestaw-prezentowy-z-alkoholem-whisky-copper-dog-szkocka-blended-malt","status":"publish","type":"product","link":"https:\/\/wawp.pl\/prezenty\/produkt\/miedziany-alembik-zestaw-prezentowy-z-alkoholem-whisky-copper-dog-szkocka-blended-malt\/","title":{"rendered":"Miedziany Alembik"},"content":{"rendered":"","protected":false},"excerpt":{"rendered":"<p>Zestaw upominkowy z alkoholem <strong>Miedziany Alembik<\/strong> to idealny pomys\u0142 na prezent na urodziny bliskiej osoby. Wspania\u0142a szkocka whisky oraz dodatki wzbogacaj\u0105ce przyjemno\u015b\u0107 z degustacji sprawi\u0105 wiele rado\u015bci ka\u017cdemu mi\u0142o\u015bnikowi mocnych smak\u00f3w i aromat\u00f3w. Zestaw prezentowy skomponowany tak, aby jego zawarto\u015b\u0107 przyci\u0105ga\u0142a uwag\u0119 i pobudza\u0142a ciekawo\u015b\u0107.<\/p>\n<p>Kosz upominkowy z alkoholem <strong>Miedziany Alembik<\/strong> zawiera szkock\u0105 whisky <strong>Cooper Dog<\/strong>. To wysokiej jako\u015bci trunek opatrzony stylow\u0105 etykiet\u0105. Wok\u00f3\u0142 whisky zbudowana jest te\u017c ciekawa historia dotycz\u0105ca przemytu whisky przez nieuczciwych pracownik\u00f3w gorzelni. Whisky posiada lekki, owocowo miodowy aromat i przyjemny, delikatny smak. Jej przyst\u0119pno\u015b\u0107 sprawia, \u017ce jest odpowiednim prezentem dla ka\u017cdego odbiorcy.<\/p>\n<p><strong>Czekolada<\/strong> z rzemie\u015blniczej pasieki <strong>\u0141yso\u0144<\/strong> z dodatkiem miodu gryczanego i orzech\u00f3w w\u0142oskich znakomicie podbije miodowe akcenty whisky i prze\u0142amie s\u0142odycz delikatn\u0105 orzechow\u0105 goryczk\u0105. 110g<\/p>\n<p><strong>Kopernik Pierniki z Whisky<\/strong> to niebanalny dodatek rozwijaj\u0105cy koncepcj\u0119 ca\u0142ego zestawu. Wype\u0142nione pomara\u0144czowym nadzieniem pierniczki przygotowane s\u0105 z ciasta poddanemu procesowi le\u017cakowania wraz z whisky. 278g<\/p>\n<p><strong>Musztarda z Pieprzem<\/strong> i oczywi\u015bcie <strong>Whisky<\/strong> to niebanalny, prze\u0142amuj\u0105cy s\u0142odycz dodatek do zestawu. Naturalna i niezawieraj\u0105ca \u017cadnych konserwant\u00f3w musztarda zosta\u0142a wyprodukowana z dba\u0142o\u015bci\u0105 o wszystkie aspekty kulinarnego rzemios\u0142a. Odnalezienie jej wewn\u0105trz zestawu upominkowego stanowi niema\u0142e zaskoczenie dla obdarowanego i czyni prezent wyj\u0105tkowym i godnym zapami\u0119tania.<\/p>\n<p>Opakowanie to mi\u0142e dla oka i dotyku tekturowe pude\u0142ko.\u00a0 Mi\u0119kka i estetyczna wy\u015bci\u00f3\u0142ka zapewnia bezpiecze\u0144stwo szklanym elementom zestawu. Wieko pude\u0142ka przewi\u0105zane nawi\u0105zuj\u0105c\u0105 do kolorystyki zestawu wst\u0105\u017ck\u0105. Ca\u0142o\u015b\u0107 przyjazna \u015brodowisku i podlegaj\u0105ca recyklingowi.<\/p>\n","protected":false},"featured_media":2201,"template":"","meta":{"_acf_changed":false},"product_brand":[],"product_cat":[33],"product_tag":[],"class_list":{"0":"post-2200","1":"product","2":"type-product","3":"status-publish","4":"has-post-thumbnail","6":"product_cat-zestawy-upominkowe","8":"first","9":"outofstock","10":"purchasable","11":"product-type-simple"},"acf":[],"yoast_head":"<!-- This site is optimized with the Yoast SEO plugin v27.3 - https:\/\/yoast.com\/product\/yoast-seo-wordpress\/ -->\n<title>Miedziany Alembik: Zestaw prezentowy z alkoholem - Whisky Copper dog Szkocka blended malt | Zestawy \u015awi\u0105teczne<\/title>\n<meta name=\"description\" content=\"Zobacz produkt: Miedziany Alembik Zestaw prezentowy z alkoholem - Whisky Copper dog Szkocka blended malt - dost\u0119pny online na Whisky and Wine Place wawp.pl\/prezenty !\" \/>\n<meta name=\"robots\" content=\"index, follow, max-snippet:-1, max-image-preview:large, max-video-preview:-1\" \/>\n<link rel=\"canonical\" href=\"https:\/\/wawp.pl\/prezenty\/produkt\/miedziany-alembik-zestaw-prezentowy-z-alkoholem-whisky-copper-dog-szkocka-blended-malt\/\" \/>\n<meta property=\"og:locale\" content=\"pl_PL\" \/>\n<meta property=\"og:type\" content=\"article\" \/>\n<meta property=\"og:title\" content=\"Miedziany Alembik: Zestaw prezentowy z alkoholem - Whisky Copper dog Szkocka blended malt | Zestawy \u015awi\u0105teczne\" \/>\n<meta property=\"og:description\" content=\"Zobacz produkt: Miedziany Alembik Zestaw prezentowy z alkoholem - Whisky Copper dog Szkocka blended malt - dost\u0119pny online na Whisky and Wine Place wawp.pl\/prezenty !\" \/>\n<meta property=\"og:url\" content=\"https:\/\/wawp.pl\/prezenty\/produkt\/miedziany-alembik-zestaw-prezentowy-z-alkoholem-whisky-copper-dog-szkocka-blended-malt\/\" \/>\n<meta property=\"og:site_name\" content=\"Zestawy \u015awi\u0105teczne\" \/>\n<meta property=\"article:modified_time\" content=\"2024-12-13T13:34:02+00:00\" \/>\n<meta property=\"og:image\" content=\"https:\/\/wawp.pl\/prezenty\/wp-content\/uploads\/2023\/08\/Miedziany-Alembik-Zestaw-prezentowy-z-alkoholem-Whisky-Cooper-dog-Szkocka-blended-malt.png\" \/>\n\t<meta property=\"og:image:width\" content=\"1200\" \/>\n\t<meta property=\"og:image:height\" content=\"1260\" \/>\n\t<meta property=\"og:image:type\" content=\"image\/png\" \/>\n<meta name=\"twitter:card\" content=\"summary_large_image\" \/>\n<script type=\"application\/ld+json\" class=\"yoast-schema-graph\">{\"@context\":\"https:\\\/\\\/schema.org\",\"@graph\":[{\"@type\":\"WebPage\",\"@id\":\"https:\\\/\\\/wawp.pl\\\/prezenty\\\/produkt\\\/miedziany-alembik-zestaw-prezentowy-z-alkoholem-whisky-copper-dog-szkocka-blended-malt\\\/\",\"url\":\"https:\\\/\\\/wawp.pl\\\/prezenty\\\/produkt\\\/miedziany-alembik-zestaw-prezentowy-z-alkoholem-whisky-copper-dog-szkocka-blended-malt\\\/\",\"name\":\"Miedziany Alembik: Zestaw prezentowy z alkoholem - Whisky Copper dog Szkocka blended malt | Zestawy \u015awi\u0105teczne\",\"isPartOf\":{\"@id\":\"https:\\\/\\\/wawp.pl\\\/prezenty\\\/#website\"},\"primaryImageOfPage\":{\"@id\":\"https:\\\/\\\/wawp.pl\\\/prezenty\\\/produkt\\\/miedziany-alembik-zestaw-prezentowy-z-alkoholem-whisky-copper-dog-szkocka-blended-malt\\\/#primaryimage\"},\"image\":{\"@id\":\"https:\\\/\\\/wawp.pl\\\/prezenty\\\/produkt\\\/miedziany-alembik-zestaw-prezentowy-z-alkoholem-whisky-copper-dog-szkocka-blended-malt\\\/#primaryimage\"},\"thumbnailUrl\":\"https:\\\/\\\/wawp.pl\\\/prezenty\\\/wp-content\\\/uploads\\\/2023\\\/08\\\/Miedziany-Alembik-Zestaw-prezentowy-z-alkoholem-Whisky-Cooper-dog-Szkocka-blended-malt.png\",\"datePublished\":\"2023-08-01T13:14:58+00:00\",\"dateModified\":\"2024-12-13T13:34:02+00:00\",\"description\":\"Zobacz produkt: Miedziany Alembik Zestaw prezentowy z alkoholem - Whisky Copper dog Szkocka blended malt - dost\u0119pny online na Whisky and Wine Place wawp.pl\\\/prezenty !\",\"breadcrumb\":{\"@id\":\"https:\\\/\\\/wawp.pl\\\/prezenty\\\/produkt\\\/miedziany-alembik-zestaw-prezentowy-z-alkoholem-whisky-copper-dog-szkocka-blended-malt\\\/#breadcrumb\"},\"inLanguage\":\"pl-PL\",\"potentialAction\":[{\"@type\":\"ReadAction\",\"target\":[\"https:\\\/\\\/wawp.pl\\\/prezenty\\\/produkt\\\/miedziany-alembik-zestaw-prezentowy-z-alkoholem-whisky-copper-dog-szkocka-blended-malt\\\/\"]}]},{\"@type\":\"ImageObject\",\"inLanguage\":\"pl-PL\",\"@id\":\"https:\\\/\\\/wawp.pl\\\/prezenty\\\/produkt\\\/miedziany-alembik-zestaw-prezentowy-z-alkoholem-whisky-copper-dog-szkocka-blended-malt\\\/#primaryimage\",\"url\":\"https:\\\/\\\/wawp.pl\\\/prezenty\\\/wp-content\\\/uploads\\\/2023\\\/08\\\/Miedziany-Alembik-Zestaw-prezentowy-z-alkoholem-Whisky-Cooper-dog-Szkocka-blended-malt.png\",\"contentUrl\":\"https:\\\/\\\/wawp.pl\\\/prezenty\\\/wp-content\\\/uploads\\\/2023\\\/08\\\/Miedziany-Alembik-Zestaw-prezentowy-z-alkoholem-Whisky-Cooper-dog-Szkocka-blended-malt.png\",\"width\":1200,\"height\":1260},{\"@type\":\"BreadcrumbList\",\"@id\":\"https:\\\/\\\/wawp.pl\\\/prezenty\\\/produkt\\\/miedziany-alembik-zestaw-prezentowy-z-alkoholem-whisky-copper-dog-szkocka-blended-malt\\\/#breadcrumb\",\"itemListElement\":[{\"@type\":\"ListItem\",\"position\":1,\"name\":\"Strona g\u0142\u00f3wna\",\"item\":\"https:\\\/\\\/wawp.pl\\\/prezenty\\\/\"},{\"@type\":\"ListItem\",\"position\":2,\"name\":\"Shop\",\"item\":\"https:\\\/\\\/wawp.pl\\\/prezenty\\\/shop\\\/\"},{\"@type\":\"ListItem\",\"position\":3,\"name\":\"Miedziany Alembik\"}]},{\"@type\":\"WebSite\",\"@id\":\"https:\\\/\\\/wawp.pl\\\/prezenty\\\/#website\",\"url\":\"https:\\\/\\\/wawp.pl\\\/prezenty\\\/\",\"name\":\"Zestawy \u015awi\u0105teczne\",\"description\":\"Kosze \u015awi\u0105teczne, Podarunkowe, Prezentowe\",\"publisher\":{\"@id\":\"https:\\\/\\\/wawp.pl\\\/prezenty\\\/#organization\"},\"potentialAction\":[{\"@type\":\"SearchAction\",\"target\":{\"@type\":\"EntryPoint\",\"urlTemplate\":\"https:\\\/\\\/wawp.pl\\\/prezenty\\\/?s={search_term_string}\"},\"query-input\":{\"@type\":\"PropertyValueSpecification\",\"valueRequired\":true,\"valueName\":\"search_term_string\"}}],\"inLanguage\":\"pl-PL\"},{\"@type\":\"Organization\",\"@id\":\"https:\\\/\\\/wawp.pl\\\/prezenty\\\/#organization\",\"name\":\"Zestawy \u015awi\u0105teczne\",\"url\":\"https:\\\/\\\/wawp.pl\\\/prezenty\\\/\",\"logo\":{\"@type\":\"ImageObject\",\"inLanguage\":\"pl-PL\",\"@id\":\"https:\\\/\\\/wawp.pl\\\/prezenty\\\/#\\\/schema\\\/logo\\\/image\\\/\",\"url\":\"https:\\\/\\\/wawp.pl\\\/prezenty\\\/wp-content\\\/uploads\\\/2021\\\/11\\\/cropped-logo.png\",\"contentUrl\":\"https:\\\/\\\/wawp.pl\\\/prezenty\\\/wp-content\\\/uploads\\\/2021\\\/11\\\/cropped-logo.png\",\"width\":360,\"height\":137,\"caption\":\"Zestawy \u015awi\u0105teczne\"},\"image\":{\"@id\":\"https:\\\/\\\/wawp.pl\\\/prezenty\\\/#\\\/schema\\\/logo\\\/image\\\/\"}}]}<\/script>\n<!-- \/ Yoast SEO plugin. -->","yoast_head_json":{"title":"Miedziany Alembik: Zestaw prezentowy z alkoholem - Whisky Copper dog Szkocka blended malt | Zestawy \u015awi\u0105teczne","description":"Zobacz produkt: Miedziany Alembik Zestaw prezentowy z alkoholem - Whisky Copper dog Szkocka blended malt - dost\u0119pny online na Whisky and Wine Place wawp.pl\/prezenty !","robots":{"index":"index","follow":"follow","max-snippet":"max-snippet:-1","max-image-preview":"max-image-preview:large","max-video-preview":"max-video-preview:-1"},"canonical":"https:\/\/wawp.pl\/prezenty\/produkt\/miedziany-alembik-zestaw-prezentowy-z-alkoholem-whisky-copper-dog-szkocka-blended-malt\/","og_locale":"pl_PL","og_type":"article","og_title":"Miedziany Alembik: Zestaw prezentowy z alkoholem - Whisky Copper dog Szkocka blended malt | Zestawy \u015awi\u0105teczne","og_description":"Zobacz produkt: Miedziany Alembik Zestaw prezentowy z alkoholem - Whisky Copper dog Szkocka blended malt - dost\u0119pny online na Whisky and Wine Place wawp.pl\/prezenty !","og_url":"https:\/\/wawp.pl\/prezenty\/produkt\/miedziany-alembik-zestaw-prezentowy-z-alkoholem-whisky-copper-dog-szkocka-blended-malt\/","og_site_name":"Zestawy \u015awi\u0105teczne","article_modified_time":"2024-12-13T13:34:02+00:00","og_image":[{"width":1200,"height":1260,"url":"https:\/\/wawp.pl\/prezenty\/wp-content\/uploads\/2023\/08\/Miedziany-Alembik-Zestaw-prezentowy-z-alkoholem-Whisky-Cooper-dog-Szkocka-blended-malt.png","type":"image\/png"}],"twitter_card":"summary_large_image","schema":{"@context":"https:\/\/schema.org","@graph":[{"@type":"WebPage","@id":"https:\/\/wawp.pl\/prezenty\/produkt\/miedziany-alembik-zestaw-prezentowy-z-alkoholem-whisky-copper-dog-szkocka-blended-malt\/","url":"https:\/\/wawp.pl\/prezenty\/produkt\/miedziany-alembik-zestaw-prezentowy-z-alkoholem-whisky-copper-dog-szkocka-blended-malt\/","name":"Miedziany Alembik: Zestaw prezentowy z alkoholem - Whisky Copper dog Szkocka blended malt | Zestawy \u015awi\u0105teczne","isPartOf":{"@id":"https:\/\/wawp.pl\/prezenty\/#website"},"primaryImageOfPage":{"@id":"https:\/\/wawp.pl\/prezenty\/produkt\/miedziany-alembik-zestaw-prezentowy-z-alkoholem-whisky-copper-dog-szkocka-blended-malt\/#primaryimage"},"image":{"@id":"https:\/\/wawp.pl\/prezenty\/produkt\/miedziany-alembik-zestaw-prezentowy-z-alkoholem-whisky-copper-dog-szkocka-blended-malt\/#primaryimage"},"thumbnailUrl":"https:\/\/wawp.pl\/prezenty\/wp-content\/uploads\/2023\/08\/Miedziany-Alembik-Zestaw-prezentowy-z-alkoholem-Whisky-Cooper-dog-Szkocka-blended-malt.png","datePublished":"2023-08-01T13:14:58+00:00","dateModified":"2024-12-13T13:34:02+00:00","description":"Zobacz produkt: Miedziany Alembik Zestaw prezentowy z alkoholem - Whisky Copper dog Szkocka blended malt - dost\u0119pny online na Whisky and Wine Place wawp.pl\/prezenty !","breadcrumb":{"@id":"https:\/\/wawp.pl\/prezenty\/produkt\/miedziany-alembik-zestaw-prezentowy-z-alkoholem-whisky-copper-dog-szkocka-blended-malt\/#breadcrumb"},"inLanguage":"pl-PL","potentialAction":[{"@type":"ReadAction","target":["https:\/\/wawp.pl\/prezenty\/produkt\/miedziany-alembik-zestaw-prezentowy-z-alkoholem-whisky-copper-dog-szkocka-blended-malt\/"]}]},{"@type":"ImageObject","inLanguage":"pl-PL","@id":"https:\/\/wawp.pl\/prezenty\/produkt\/miedziany-alembik-zestaw-prezentowy-z-alkoholem-whisky-copper-dog-szkocka-blended-malt\/#primaryimage","url":"https:\/\/wawp.pl\/prezenty\/wp-content\/uploads\/2023\/08\/Miedziany-Alembik-Zestaw-prezentowy-z-alkoholem-Whisky-Cooper-dog-Szkocka-blended-malt.png","contentUrl":"https:\/\/wawp.pl\/prezenty\/wp-content\/uploads\/2023\/08\/Miedziany-Alembik-Zestaw-prezentowy-z-alkoholem-Whisky-Cooper-dog-Szkocka-blended-malt.png","width":1200,"height":1260},{"@type":"BreadcrumbList","@id":"https:\/\/wawp.pl\/prezenty\/produkt\/miedziany-alembik-zestaw-prezentowy-z-alkoholem-whisky-copper-dog-szkocka-blended-malt\/#breadcrumb","itemListElement":[{"@type":"ListItem","position":1,"name":"Strona g\u0142\u00f3wna","item":"https:\/\/wawp.pl\/prezenty\/"},{"@type":"ListItem","position":2,"name":"Shop","item":"https:\/\/wawp.pl\/prezenty\/shop\/"},{"@type":"ListItem","position":3,"name":"Miedziany Alembik"}]},{"@type":"WebSite","@id":"https:\/\/wawp.pl\/prezenty\/#website","url":"https:\/\/wawp.pl\/prezenty\/","name":"Zestawy \u015awi\u0105teczne","description":"Kosze \u015awi\u0105teczne, Podarunkowe, Prezentowe","publisher":{"@id":"https:\/\/wawp.pl\/prezenty\/#organization"},"potentialAction":[{"@type":"SearchAction","target":{"@type":"EntryPoint","urlTemplate":"https:\/\/wawp.pl\/prezenty\/?s={search_term_string}"},"query-input":{"@type":"PropertyValueSpecification","valueRequired":true,"valueName":"search_term_string"}}],"inLanguage":"pl-PL"},{"@type":"Organization","@id":"https:\/\/wawp.pl\/prezenty\/#organization","name":"Zestawy \u015awi\u0105teczne","url":"https:\/\/wawp.pl\/prezenty\/","logo":{"@type":"ImageObject","inLanguage":"pl-PL","@id":"https:\/\/wawp.pl\/prezenty\/#\/schema\/logo\/image\/","url":"https:\/\/wawp.pl\/prezenty\/wp-content\/uploads\/2021\/11\/cropped-logo.png","contentUrl":"https:\/\/wawp.pl\/prezenty\/wp-content\/uploads\/2021\/11\/cropped-logo.png","width":360,"height":137,"caption":"Zestawy \u015awi\u0105teczne"},"image":{"@id":"https:\/\/wawp.pl\/prezenty\/#\/schema\/logo\/image\/"}}]}},"_links":{"self":[{"href":"https:\/\/wawp.pl\/prezenty\/wp-json\/wp\/v2\/product\/2200","targetHints":{"allow":["GET"]}}],"collection":[{"href":"https:\/\/wawp.pl\/prezenty\/wp-json\/wp\/v2\/product"}],"about":[{"href":"https:\/\/wawp.pl\/prezenty\/wp-json\/wp\/v2\/types\/product"}],"wp:featuredmedia":[{"embeddable":true,"href":"https:\/\/wawp.pl\/prezenty\/wp-json\/wp\/v2\/media\/2201"}],"wp:attachment":[{"href":"https:\/\/wawp.pl\/prezenty\/wp-json\/wp\/v2\/media?parent=2200"}],"wp:term":[{"taxonomy":"product_brand","embeddable":true,"href":"https:\/\/wawp.pl\/prezenty\/wp-json\/wp\/v2\/product_brand?post=2200"},{"taxonomy":"product_cat","embeddable":true,"href":"https:\/\/wawp.pl\/prezenty\/wp-json\/wp\/v2\/product_cat?post=2200"},{"taxonomy":"product_tag","embeddable":true,"href":"https:\/\/wawp.pl\/prezenty\/wp-json\/wp\/v2\/product_tag?post=2200"}],"curies":[{"name":"wp","href":"https:\/\/api.w.org\/{rel}","templated":true}]}}