{"id":2199,"date":"2023-08-01T13:05:52","date_gmt":"2023-08-01T13:05:52","guid":{"rendered":"https:\/\/wawp.pl\/prezenty\/?post_type=product&#038;p=2199"},"modified":"2024-11-14T14:07:17","modified_gmt":"2024-11-14T14:07:17","slug":"miodna-wisnia-zestaw-prezentowy-z-alkoholem-miod-pitny-augostowski-slodycze","status":"publish","type":"product","link":"https:\/\/wawp.pl\/prezenty\/produkt\/miodna-wisnia-zestaw-prezentowy-z-alkoholem-miod-pitny-augostowski-slodycze\/","title":{"rendered":"Miodna Wi\u015bnia"},"content":{"rendered":"","protected":false},"excerpt":{"rendered":"<p>Ekskluzywny kosz upominkowy to idealny pomys\u0142 na prezent dla zagranicznego kontrahenta. Box prezentowy zawiera doskona\u0142y mi\u00f3d pitny, kt\u00f3ry doskonale reprezentuje polskie 1000-letnie tradycje miodosytnicze. Pozosta\u0142e elementy zestawu \u015bwietnie uzupe\u0142niaj\u0105 si\u0119 ze szlachetnym alkoholem i wygl\u0105daj\u0105 nad wyraz estetycznie. Zestaw podarunkowy <strong>Miodna Wi\u015bnia<\/strong> to doskona\u0142y pomys\u0142, aby pochwali\u0107 si\u0119 za granic\u0105 tym, co rdzennie polskie.<\/p>\n<p>Wchodz\u0105cy w sk\u0142ad zestawu prezentowego mi\u00f3d pitny <strong>Augustowski Pieprzna Wi\u015bnia<\/strong> to idealny przyk\u0142ad rzemie\u015blniczego podej\u015bcia do produkcji alkoholu. Ma\u0142a mazurska miodosytnia swoje produkty tworzy tylko w ma\u0142ych partiach wed\u0142ug bardzo starych i sprawdzonych receptur. Wariant miodu w zestawie posiada dodatek naturalnego soku wi\u015bniowego, a tak\u017ce niebanalne prze\u0142amanie smaku i aromatu w postaci pieprzu.<\/p>\n<p><strong>Excelcium Choc &amp; Plus<\/strong> to belgijskie czekoladki z dodatkiem naturalnych, suszonych malin. 107g<\/p>\n<p><strong>Amaresti<\/strong> to pi\u0119knie opakowane, suszone owoce \u017curawiny w ca\u0142o\u015bci oblane wysokiej jako\u015bci czekolad\u0105 deserow\u0105. 80g<\/p>\n<p><strong>Czekolada Bia\u0142a<\/strong> z miodem, jagodami i malinami to rzemie\u015blniczy produkt ma\u0142ej rodzinnej pasieki <strong>\u0141yso\u0144<\/strong>. Ka\u017cda tabliczka opr\u00f3cz wysokiej jako\u015bci belgijskiej czekolady zawiera jeszcze du\u017c\u0105 dawk\u0119 naturalnego, wielokwiatowego miodu i ca\u0142e, suszone owoce. 70g<\/p>\n<p><strong>Konfitura Czekoladowo-Truskawkowa<\/strong> to polski wyr\u00f3b manufakturowy powstaj\u0105cy w ma\u0142ych partiach ze staranie wyselekcjonowanych, wielkopolskich owoc\u00f3w i najwy\u017cszej jako\u015bci kakao. Smako\u0142yk jest w 100% naturalny i nie zawiera konserwant\u00f3w ani GMO. 200g<\/p>\n<p><strong>Myd\u0142o do Cia\u0142a<\/strong> z dodatkiem p\u0142at\u00f3w r\u00f3\u017c i olejku migda\u0142owego. Pi\u0119knie pachnie i \u015bwietnie piel\u0119gnuje sk\u00f3r\u0119. 20g<\/p>\n<p>Opakowanie to mi\u0142e dla oka i dotyku tekturowe pude\u0142ko.\u00a0 Mi\u0119kka i estetyczna wy\u015bci\u00f3\u0142ka zapewnia bezpiecze\u0144stwo szklanym elementom zestawu. Wieko pude\u0142ka przewi\u0105zane nawi\u0105zuj\u0105c\u0105 do kolorystyki zestawu wst\u0105\u017ck\u0105. Ca\u0142o\u015b\u0107 przyjazna \u015brodowisku i podlegaj\u0105ca recyklingowi.<\/p>\n","protected":false},"featured_media":2114,"template":"","meta":{"_acf_changed":false},"product_brand":[],"product_cat":[33],"product_tag":[],"class_list":{"0":"post-2199","1":"product","2":"type-product","3":"status-publish","4":"has-post-thumbnail","6":"product_cat-zestawy-upominkowe","8":"first","9":"outofstock","10":"purchasable","11":"product-type-simple"},"acf":[],"yoast_head":"<!-- This site is optimized with the Yoast SEO plugin v27.3 - https:\/\/yoast.com\/product\/yoast-seo-wordpress\/ -->\n<title>Miodna Wi\u015bnia: Zestaw prezentowy z alkoholem - Mi\u00f3d Pitny Augostowski s\u0142odycze | Zestawy \u015awi\u0105teczne<\/title>\n<meta name=\"description\" content=\"Zobacz produkt: Miodna Wi\u015bnia Zestaw prezentowy z alkoholem - Mi\u00f3d Pitny Augostowski s\u0142odycze - dost\u0119pny online na Whisky and Wine Place wawp.pl\/prezenty !\" \/>\n<meta name=\"robots\" content=\"index, follow, max-snippet:-1, max-image-preview:large, max-video-preview:-1\" \/>\n<link rel=\"canonical\" href=\"https:\/\/wawp.pl\/prezenty\/produkt\/miodna-wisnia-zestaw-prezentowy-z-alkoholem-miod-pitny-augostowski-slodycze\/\" \/>\n<meta property=\"og:locale\" content=\"pl_PL\" \/>\n<meta property=\"og:type\" content=\"article\" \/>\n<meta property=\"og:title\" content=\"Miodna Wi\u015bnia: Zestaw prezentowy z alkoholem - Mi\u00f3d Pitny Augostowski s\u0142odycze | Zestawy \u015awi\u0105teczne\" \/>\n<meta property=\"og:description\" content=\"Zobacz produkt: Miodna Wi\u015bnia Zestaw prezentowy z alkoholem - Mi\u00f3d Pitny Augostowski s\u0142odycze - dost\u0119pny online na Whisky and Wine Place wawp.pl\/prezenty !\" \/>\n<meta property=\"og:url\" content=\"https:\/\/wawp.pl\/prezenty\/produkt\/miodna-wisnia-zestaw-prezentowy-z-alkoholem-miod-pitny-augostowski-slodycze\/\" \/>\n<meta property=\"og:site_name\" content=\"Zestawy \u015awi\u0105teczne\" \/>\n<meta property=\"article:modified_time\" content=\"2024-11-14T14:07:17+00:00\" \/>\n<meta property=\"og:image\" content=\"https:\/\/wawp.pl\/prezenty\/wp-content\/uploads\/2023\/07\/Miodna-wisna-Zestaw-prezentowy-z-alkoholem-Miod-pitny-augustowski-slodycze.png\" \/>\n\t<meta property=\"og:image:width\" content=\"1200\" \/>\n\t<meta property=\"og:image:height\" content=\"1260\" \/>\n\t<meta property=\"og:image:type\" content=\"image\/png\" \/>\n<meta name=\"twitter:card\" content=\"summary_large_image\" \/>\n<script type=\"application\/ld+json\" class=\"yoast-schema-graph\">{\"@context\":\"https:\\\/\\\/schema.org\",\"@graph\":[{\"@type\":\"WebPage\",\"@id\":\"https:\\\/\\\/wawp.pl\\\/prezenty\\\/produkt\\\/miodna-wisnia-zestaw-prezentowy-z-alkoholem-miod-pitny-augostowski-slodycze\\\/\",\"url\":\"https:\\\/\\\/wawp.pl\\\/prezenty\\\/produkt\\\/miodna-wisnia-zestaw-prezentowy-z-alkoholem-miod-pitny-augostowski-slodycze\\\/\",\"name\":\"Miodna Wi\u015bnia: Zestaw prezentowy z alkoholem - Mi\u00f3d Pitny Augostowski s\u0142odycze | Zestawy \u015awi\u0105teczne\",\"isPartOf\":{\"@id\":\"https:\\\/\\\/wawp.pl\\\/prezenty\\\/#website\"},\"primaryImageOfPage\":{\"@id\":\"https:\\\/\\\/wawp.pl\\\/prezenty\\\/produkt\\\/miodna-wisnia-zestaw-prezentowy-z-alkoholem-miod-pitny-augostowski-slodycze\\\/#primaryimage\"},\"image\":{\"@id\":\"https:\\\/\\\/wawp.pl\\\/prezenty\\\/produkt\\\/miodna-wisnia-zestaw-prezentowy-z-alkoholem-miod-pitny-augostowski-slodycze\\\/#primaryimage\"},\"thumbnailUrl\":\"https:\\\/\\\/wawp.pl\\\/prezenty\\\/wp-content\\\/uploads\\\/2023\\\/07\\\/Miodna-wisna-Zestaw-prezentowy-z-alkoholem-Miod-pitny-augustowski-slodycze.png\",\"datePublished\":\"2023-08-01T13:05:52+00:00\",\"dateModified\":\"2024-11-14T14:07:17+00:00\",\"description\":\"Zobacz produkt: Miodna Wi\u015bnia Zestaw prezentowy z alkoholem - Mi\u00f3d Pitny Augostowski s\u0142odycze - dost\u0119pny online na Whisky and Wine Place wawp.pl\\\/prezenty !\",\"breadcrumb\":{\"@id\":\"https:\\\/\\\/wawp.pl\\\/prezenty\\\/produkt\\\/miodna-wisnia-zestaw-prezentowy-z-alkoholem-miod-pitny-augostowski-slodycze\\\/#breadcrumb\"},\"inLanguage\":\"pl-PL\",\"potentialAction\":[{\"@type\":\"ReadAction\",\"target\":[\"https:\\\/\\\/wawp.pl\\\/prezenty\\\/produkt\\\/miodna-wisnia-zestaw-prezentowy-z-alkoholem-miod-pitny-augostowski-slodycze\\\/\"]}]},{\"@type\":\"ImageObject\",\"inLanguage\":\"pl-PL\",\"@id\":\"https:\\\/\\\/wawp.pl\\\/prezenty\\\/produkt\\\/miodna-wisnia-zestaw-prezentowy-z-alkoholem-miod-pitny-augostowski-slodycze\\\/#primaryimage\",\"url\":\"https:\\\/\\\/wawp.pl\\\/prezenty\\\/wp-content\\\/uploads\\\/2023\\\/07\\\/Miodna-wisna-Zestaw-prezentowy-z-alkoholem-Miod-pitny-augustowski-slodycze.png\",\"contentUrl\":\"https:\\\/\\\/wawp.pl\\\/prezenty\\\/wp-content\\\/uploads\\\/2023\\\/07\\\/Miodna-wisna-Zestaw-prezentowy-z-alkoholem-Miod-pitny-augustowski-slodycze.png\",\"width\":1200,\"height\":1260},{\"@type\":\"BreadcrumbList\",\"@id\":\"https:\\\/\\\/wawp.pl\\\/prezenty\\\/produkt\\\/miodna-wisnia-zestaw-prezentowy-z-alkoholem-miod-pitny-augostowski-slodycze\\\/#breadcrumb\",\"itemListElement\":[{\"@type\":\"ListItem\",\"position\":1,\"name\":\"Strona g\u0142\u00f3wna\",\"item\":\"https:\\\/\\\/wawp.pl\\\/prezenty\\\/\"},{\"@type\":\"ListItem\",\"position\":2,\"name\":\"Shop\",\"item\":\"https:\\\/\\\/wawp.pl\\\/prezenty\\\/shop\\\/\"},{\"@type\":\"ListItem\",\"position\":3,\"name\":\"Miodna Wi\u015bnia\"}]},{\"@type\":\"WebSite\",\"@id\":\"https:\\\/\\\/wawp.pl\\\/prezenty\\\/#website\",\"url\":\"https:\\\/\\\/wawp.pl\\\/prezenty\\\/\",\"name\":\"Zestawy \u015awi\u0105teczne\",\"description\":\"Kosze \u015awi\u0105teczne, Podarunkowe, Prezentowe\",\"publisher\":{\"@id\":\"https:\\\/\\\/wawp.pl\\\/prezenty\\\/#organization\"},\"potentialAction\":[{\"@type\":\"SearchAction\",\"target\":{\"@type\":\"EntryPoint\",\"urlTemplate\":\"https:\\\/\\\/wawp.pl\\\/prezenty\\\/?s={search_term_string}\"},\"query-input\":{\"@type\":\"PropertyValueSpecification\",\"valueRequired\":true,\"valueName\":\"search_term_string\"}}],\"inLanguage\":\"pl-PL\"},{\"@type\":\"Organization\",\"@id\":\"https:\\\/\\\/wawp.pl\\\/prezenty\\\/#organization\",\"name\":\"Zestawy \u015awi\u0105teczne\",\"url\":\"https:\\\/\\\/wawp.pl\\\/prezenty\\\/\",\"logo\":{\"@type\":\"ImageObject\",\"inLanguage\":\"pl-PL\",\"@id\":\"https:\\\/\\\/wawp.pl\\\/prezenty\\\/#\\\/schema\\\/logo\\\/image\\\/\",\"url\":\"https:\\\/\\\/wawp.pl\\\/prezenty\\\/wp-content\\\/uploads\\\/2021\\\/11\\\/cropped-logo.png\",\"contentUrl\":\"https:\\\/\\\/wawp.pl\\\/prezenty\\\/wp-content\\\/uploads\\\/2021\\\/11\\\/cropped-logo.png\",\"width\":360,\"height\":137,\"caption\":\"Zestawy \u015awi\u0105teczne\"},\"image\":{\"@id\":\"https:\\\/\\\/wawp.pl\\\/prezenty\\\/#\\\/schema\\\/logo\\\/image\\\/\"}}]}<\/script>\n<!-- \/ Yoast SEO plugin. -->","yoast_head_json":{"title":"Miodna Wi\u015bnia: Zestaw prezentowy z alkoholem - Mi\u00f3d Pitny Augostowski s\u0142odycze | Zestawy \u015awi\u0105teczne","description":"Zobacz produkt: Miodna Wi\u015bnia Zestaw prezentowy z alkoholem - Mi\u00f3d Pitny Augostowski s\u0142odycze - dost\u0119pny online na Whisky and Wine Place wawp.pl\/prezenty !","robots":{"index":"index","follow":"follow","max-snippet":"max-snippet:-1","max-image-preview":"max-image-preview:large","max-video-preview":"max-video-preview:-1"},"canonical":"https:\/\/wawp.pl\/prezenty\/produkt\/miodna-wisnia-zestaw-prezentowy-z-alkoholem-miod-pitny-augostowski-slodycze\/","og_locale":"pl_PL","og_type":"article","og_title":"Miodna Wi\u015bnia: Zestaw prezentowy z alkoholem - Mi\u00f3d Pitny Augostowski s\u0142odycze | Zestawy \u015awi\u0105teczne","og_description":"Zobacz produkt: Miodna Wi\u015bnia Zestaw prezentowy z alkoholem - Mi\u00f3d Pitny Augostowski s\u0142odycze - dost\u0119pny online na Whisky and Wine Place wawp.pl\/prezenty !","og_url":"https:\/\/wawp.pl\/prezenty\/produkt\/miodna-wisnia-zestaw-prezentowy-z-alkoholem-miod-pitny-augostowski-slodycze\/","og_site_name":"Zestawy \u015awi\u0105teczne","article_modified_time":"2024-11-14T14:07:17+00:00","og_image":[{"width":1200,"height":1260,"url":"https:\/\/wawp.pl\/prezenty\/wp-content\/uploads\/2023\/07\/Miodna-wisna-Zestaw-prezentowy-z-alkoholem-Miod-pitny-augustowski-slodycze.png","type":"image\/png"}],"twitter_card":"summary_large_image","schema":{"@context":"https:\/\/schema.org","@graph":[{"@type":"WebPage","@id":"https:\/\/wawp.pl\/prezenty\/produkt\/miodna-wisnia-zestaw-prezentowy-z-alkoholem-miod-pitny-augostowski-slodycze\/","url":"https:\/\/wawp.pl\/prezenty\/produkt\/miodna-wisnia-zestaw-prezentowy-z-alkoholem-miod-pitny-augostowski-slodycze\/","name":"Miodna Wi\u015bnia: Zestaw prezentowy z alkoholem - Mi\u00f3d Pitny Augostowski s\u0142odycze | Zestawy \u015awi\u0105teczne","isPartOf":{"@id":"https:\/\/wawp.pl\/prezenty\/#website"},"primaryImageOfPage":{"@id":"https:\/\/wawp.pl\/prezenty\/produkt\/miodna-wisnia-zestaw-prezentowy-z-alkoholem-miod-pitny-augostowski-slodycze\/#primaryimage"},"image":{"@id":"https:\/\/wawp.pl\/prezenty\/produkt\/miodna-wisnia-zestaw-prezentowy-z-alkoholem-miod-pitny-augostowski-slodycze\/#primaryimage"},"thumbnailUrl":"https:\/\/wawp.pl\/prezenty\/wp-content\/uploads\/2023\/07\/Miodna-wisna-Zestaw-prezentowy-z-alkoholem-Miod-pitny-augustowski-slodycze.png","datePublished":"2023-08-01T13:05:52+00:00","dateModified":"2024-11-14T14:07:17+00:00","description":"Zobacz produkt: Miodna Wi\u015bnia Zestaw prezentowy z alkoholem - Mi\u00f3d Pitny Augostowski s\u0142odycze - dost\u0119pny online na Whisky and Wine Place wawp.pl\/prezenty !","breadcrumb":{"@id":"https:\/\/wawp.pl\/prezenty\/produkt\/miodna-wisnia-zestaw-prezentowy-z-alkoholem-miod-pitny-augostowski-slodycze\/#breadcrumb"},"inLanguage":"pl-PL","potentialAction":[{"@type":"ReadAction","target":["https:\/\/wawp.pl\/prezenty\/produkt\/miodna-wisnia-zestaw-prezentowy-z-alkoholem-miod-pitny-augostowski-slodycze\/"]}]},{"@type":"ImageObject","inLanguage":"pl-PL","@id":"https:\/\/wawp.pl\/prezenty\/produkt\/miodna-wisnia-zestaw-prezentowy-z-alkoholem-miod-pitny-augostowski-slodycze\/#primaryimage","url":"https:\/\/wawp.pl\/prezenty\/wp-content\/uploads\/2023\/07\/Miodna-wisna-Zestaw-prezentowy-z-alkoholem-Miod-pitny-augustowski-slodycze.png","contentUrl":"https:\/\/wawp.pl\/prezenty\/wp-content\/uploads\/2023\/07\/Miodna-wisna-Zestaw-prezentowy-z-alkoholem-Miod-pitny-augustowski-slodycze.png","width":1200,"height":1260},{"@type":"BreadcrumbList","@id":"https:\/\/wawp.pl\/prezenty\/produkt\/miodna-wisnia-zestaw-prezentowy-z-alkoholem-miod-pitny-augostowski-slodycze\/#breadcrumb","itemListElement":[{"@type":"ListItem","position":1,"name":"Strona g\u0142\u00f3wna","item":"https:\/\/wawp.pl\/prezenty\/"},{"@type":"ListItem","position":2,"name":"Shop","item":"https:\/\/wawp.pl\/prezenty\/shop\/"},{"@type":"ListItem","position":3,"name":"Miodna Wi\u015bnia"}]},{"@type":"WebSite","@id":"https:\/\/wawp.pl\/prezenty\/#website","url":"https:\/\/wawp.pl\/prezenty\/","name":"Zestawy \u015awi\u0105teczne","description":"Kosze \u015awi\u0105teczne, Podarunkowe, Prezentowe","publisher":{"@id":"https:\/\/wawp.pl\/prezenty\/#organization"},"potentialAction":[{"@type":"SearchAction","target":{"@type":"EntryPoint","urlTemplate":"https:\/\/wawp.pl\/prezenty\/?s={search_term_string}"},"query-input":{"@type":"PropertyValueSpecification","valueRequired":true,"valueName":"search_term_string"}}],"inLanguage":"pl-PL"},{"@type":"Organization","@id":"https:\/\/wawp.pl\/prezenty\/#organization","name":"Zestawy \u015awi\u0105teczne","url":"https:\/\/wawp.pl\/prezenty\/","logo":{"@type":"ImageObject","inLanguage":"pl-PL","@id":"https:\/\/wawp.pl\/prezenty\/#\/schema\/logo\/image\/","url":"https:\/\/wawp.pl\/prezenty\/wp-content\/uploads\/2021\/11\/cropped-logo.png","contentUrl":"https:\/\/wawp.pl\/prezenty\/wp-content\/uploads\/2021\/11\/cropped-logo.png","width":360,"height":137,"caption":"Zestawy \u015awi\u0105teczne"},"image":{"@id":"https:\/\/wawp.pl\/prezenty\/#\/schema\/logo\/image\/"}}]}},"_links":{"self":[{"href":"https:\/\/wawp.pl\/prezenty\/wp-json\/wp\/v2\/product\/2199","targetHints":{"allow":["GET"]}}],"collection":[{"href":"https:\/\/wawp.pl\/prezenty\/wp-json\/wp\/v2\/product"}],"about":[{"href":"https:\/\/wawp.pl\/prezenty\/wp-json\/wp\/v2\/types\/product"}],"wp:featuredmedia":[{"embeddable":true,"href":"https:\/\/wawp.pl\/prezenty\/wp-json\/wp\/v2\/media\/2114"}],"wp:attachment":[{"href":"https:\/\/wawp.pl\/prezenty\/wp-json\/wp\/v2\/media?parent=2199"}],"wp:term":[{"taxonomy":"product_brand","embeddable":true,"href":"https:\/\/wawp.pl\/prezenty\/wp-json\/wp\/v2\/product_brand?post=2199"},{"taxonomy":"product_cat","embeddable":true,"href":"https:\/\/wawp.pl\/prezenty\/wp-json\/wp\/v2\/product_cat?post=2199"},{"taxonomy":"product_tag","embeddable":true,"href":"https:\/\/wawp.pl\/prezenty\/wp-json\/wp\/v2\/product_tag?post=2199"}],"curies":[{"name":"wp","href":"https:\/\/api.w.org\/{rel}","templated":true}]}}