{"id":2191,"date":"2023-08-01T12:19:02","date_gmt":"2023-08-01T12:19:02","guid":{"rendered":"https:\/\/wawp.pl\/prezenty\/?post_type=product&#038;p=2191"},"modified":"2024-12-13T13:34:02","modified_gmt":"2024-12-13T13:34:02","slug":"kentucky-derby-zestaw-prezentowy-z-alkoholem-burbon-bulleit-whiskey-kukurydziana","status":"publish","type":"product","link":"https:\/\/wawp.pl\/prezenty\/produkt\/kentucky-derby-zestaw-prezentowy-z-alkoholem-burbon-bulleit-whiskey-kukurydziana\/","title":{"rendered":"Kentucky Derby"},"content":{"rendered":"","protected":false},"excerpt":{"rendered":"<p>Zestaw upominkowy <strong>Kentucky Derby<\/strong> to doskona\u0142a koncepcja na upominek z okazji dnia ch\u0142opaka. Kosz upominkowy opr\u00f3cz wysokogatunkowego alkoholu zawiera te\u017c s\u0142odkie i wytrawne dodatki, kt\u00f3re zaskocz\u0105 ka\u017cdego. Estetyczne opakowanie i sp\u00f3jna paleta kolorystyczna dodatk\u00f3w sprawiaj\u0105, \u017ce prezent zostaje zapami\u0119tany na d\u0142ugo.<\/p>\n<p>Box prezentowy z alkoholem wyposa\u017cony jest w ameryka\u0144sk\u0105 whiskey <strong>Bulleit<\/strong>. To klasyka w swoim gatunku i trunek prawdziwych kowboj\u00f3w. Produkowana w USA w stanie Kentucky z lokalnej kukurydzy, \u017cyta i j\u0119czmienia oraz le\u017cakowana w d\u0119bowych beczkach. Whisky jest krzepka i intensywna w smaku i aromacie. Przewa\u017caj\u0105 w niej akcenty karmelu, wanilii i sk\u00f3rki pomara\u0144czy, a tak\u017ce korzennych przypraw i sk\u00f3ry.<\/p>\n<p><strong>Cachet<\/strong> to czekolada klasy premium wyprodukowana przez belgijskich mistrz\u00f3w cukiernictwa. Dodatek wi\u015bni spaja j\u0105 z tematyk\u0105 zestawu upominkowego. 100g<\/p>\n<p><strong>Carletti Doti<\/strong> to czekoladowe, cienkie paluszki z pomara\u0144czowym nadzieniem. 75g<\/p>\n<p><strong>Musztarda<\/strong> z pieprzem i oczywi\u015bcie whisky to niebanalny, prze\u0142amuj\u0105cy s\u0142odycz dodatek do zestawu. Naturalna i niezawieraj\u0105ca \u017cadnych konserwant\u00f3w musztarda zosta\u0142a wyprodukowana z dba\u0142o\u015bci\u0105 o wszystkie aspekty kulinarnego rzemios\u0142a. Odnalezienie jej wewn\u0105trz zestawu upominkowego stanowi niema\u0142e zaskoczenie dla obdarowanego i czyni prezent wyj\u0105tkowym i godnym zapami\u0119tania.<\/p>\n<p>Opakowanie to mi\u0142e dla oka i dotyku tekturowe pude\u0142ko.\u00a0 Mi\u0119kka i estetyczna wy\u015bci\u00f3\u0142ka zapewnia bezpiecze\u0144stwo szklanym elementom zestawu. Wieko pude\u0142ka przewi\u0105zane nawi\u0105zuj\u0105c\u0105 do kolorystyki zestawu wst\u0105\u017ck\u0105. Ca\u0142o\u015b\u0107 przyjazna \u015brodowisku i podlegaj\u0105ca recyklingowi.<\/p>\n","protected":false},"featured_media":2111,"template":"","meta":{"_acf_changed":false},"product_brand":[],"product_cat":[33],"product_tag":[],"class_list":{"0":"post-2191","1":"product","2":"type-product","3":"status-publish","4":"has-post-thumbnail","6":"product_cat-zestawy-upominkowe","8":"first","9":"outofstock","10":"purchasable","11":"product-type-simple"},"acf":[],"yoast_head":"<!-- This site is optimized with the Yoast SEO plugin v27.3 - https:\/\/yoast.com\/product\/yoast-seo-wordpress\/ -->\n<title>Kentucky Derby: Zestaw prezentowy z alkoholem - Burbon Bulleit whiskey kukurydziana | Zestawy \u015awi\u0105teczne<\/title>\n<meta name=\"description\" content=\"Zobacz produkt: Kentucky Derby Zestaw prezentowy z alkoholem - Burbon Bulleit whiskey kukurydziana - dost\u0119pny online na Whisky and Wine Place wawp.pl\/prezenty !\" \/>\n<meta name=\"robots\" content=\"index, follow, max-snippet:-1, max-image-preview:large, max-video-preview:-1\" \/>\n<link rel=\"canonical\" href=\"https:\/\/wawp.pl\/prezenty\/produkt\/kentucky-derby-zestaw-prezentowy-z-alkoholem-burbon-bulleit-whiskey-kukurydziana\/\" \/>\n<meta property=\"og:locale\" content=\"pl_PL\" \/>\n<meta property=\"og:type\" content=\"article\" \/>\n<meta property=\"og:title\" content=\"Kentucky Derby: Zestaw prezentowy z alkoholem - Burbon Bulleit whiskey kukurydziana | Zestawy \u015awi\u0105teczne\" \/>\n<meta property=\"og:description\" content=\"Zobacz produkt: Kentucky Derby Zestaw prezentowy z alkoholem - Burbon Bulleit whiskey kukurydziana - dost\u0119pny online na Whisky and Wine Place wawp.pl\/prezenty !\" \/>\n<meta property=\"og:url\" content=\"https:\/\/wawp.pl\/prezenty\/produkt\/kentucky-derby-zestaw-prezentowy-z-alkoholem-burbon-bulleit-whiskey-kukurydziana\/\" \/>\n<meta property=\"og:site_name\" content=\"Zestawy \u015awi\u0105teczne\" \/>\n<meta property=\"article:modified_time\" content=\"2024-12-13T13:34:02+00:00\" \/>\n<meta property=\"og:image\" content=\"https:\/\/wawp.pl\/prezenty\/wp-content\/uploads\/2023\/07\/Kentucky-derby-Zestaw-prezentowy-z-alkoholem-Bourbon-Bulleit-whiskey-kukurydziana.png\" \/>\n\t<meta property=\"og:image:width\" content=\"1200\" \/>\n\t<meta property=\"og:image:height\" content=\"1260\" \/>\n\t<meta property=\"og:image:type\" content=\"image\/png\" \/>\n<meta name=\"twitter:card\" content=\"summary_large_image\" \/>\n<script type=\"application\/ld+json\" class=\"yoast-schema-graph\">{\"@context\":\"https:\\\/\\\/schema.org\",\"@graph\":[{\"@type\":\"WebPage\",\"@id\":\"https:\\\/\\\/wawp.pl\\\/prezenty\\\/produkt\\\/kentucky-derby-zestaw-prezentowy-z-alkoholem-burbon-bulleit-whiskey-kukurydziana\\\/\",\"url\":\"https:\\\/\\\/wawp.pl\\\/prezenty\\\/produkt\\\/kentucky-derby-zestaw-prezentowy-z-alkoholem-burbon-bulleit-whiskey-kukurydziana\\\/\",\"name\":\"Kentucky Derby: Zestaw prezentowy z alkoholem - Burbon Bulleit whiskey kukurydziana | Zestawy \u015awi\u0105teczne\",\"isPartOf\":{\"@id\":\"https:\\\/\\\/wawp.pl\\\/prezenty\\\/#website\"},\"primaryImageOfPage\":{\"@id\":\"https:\\\/\\\/wawp.pl\\\/prezenty\\\/produkt\\\/kentucky-derby-zestaw-prezentowy-z-alkoholem-burbon-bulleit-whiskey-kukurydziana\\\/#primaryimage\"},\"image\":{\"@id\":\"https:\\\/\\\/wawp.pl\\\/prezenty\\\/produkt\\\/kentucky-derby-zestaw-prezentowy-z-alkoholem-burbon-bulleit-whiskey-kukurydziana\\\/#primaryimage\"},\"thumbnailUrl\":\"https:\\\/\\\/wawp.pl\\\/prezenty\\\/wp-content\\\/uploads\\\/2023\\\/07\\\/Kentucky-derby-Zestaw-prezentowy-z-alkoholem-Bourbon-Bulleit-whiskey-kukurydziana.png\",\"datePublished\":\"2023-08-01T12:19:02+00:00\",\"dateModified\":\"2024-12-13T13:34:02+00:00\",\"description\":\"Zobacz produkt: Kentucky Derby Zestaw prezentowy z alkoholem - Burbon Bulleit whiskey kukurydziana - dost\u0119pny online na Whisky and Wine Place wawp.pl\\\/prezenty !\",\"breadcrumb\":{\"@id\":\"https:\\\/\\\/wawp.pl\\\/prezenty\\\/produkt\\\/kentucky-derby-zestaw-prezentowy-z-alkoholem-burbon-bulleit-whiskey-kukurydziana\\\/#breadcrumb\"},\"inLanguage\":\"pl-PL\",\"potentialAction\":[{\"@type\":\"ReadAction\",\"target\":[\"https:\\\/\\\/wawp.pl\\\/prezenty\\\/produkt\\\/kentucky-derby-zestaw-prezentowy-z-alkoholem-burbon-bulleit-whiskey-kukurydziana\\\/\"]}]},{\"@type\":\"ImageObject\",\"inLanguage\":\"pl-PL\",\"@id\":\"https:\\\/\\\/wawp.pl\\\/prezenty\\\/produkt\\\/kentucky-derby-zestaw-prezentowy-z-alkoholem-burbon-bulleit-whiskey-kukurydziana\\\/#primaryimage\",\"url\":\"https:\\\/\\\/wawp.pl\\\/prezenty\\\/wp-content\\\/uploads\\\/2023\\\/07\\\/Kentucky-derby-Zestaw-prezentowy-z-alkoholem-Bourbon-Bulleit-whiskey-kukurydziana.png\",\"contentUrl\":\"https:\\\/\\\/wawp.pl\\\/prezenty\\\/wp-content\\\/uploads\\\/2023\\\/07\\\/Kentucky-derby-Zestaw-prezentowy-z-alkoholem-Bourbon-Bulleit-whiskey-kukurydziana.png\",\"width\":1200,\"height\":1260},{\"@type\":\"BreadcrumbList\",\"@id\":\"https:\\\/\\\/wawp.pl\\\/prezenty\\\/produkt\\\/kentucky-derby-zestaw-prezentowy-z-alkoholem-burbon-bulleit-whiskey-kukurydziana\\\/#breadcrumb\",\"itemListElement\":[{\"@type\":\"ListItem\",\"position\":1,\"name\":\"Strona g\u0142\u00f3wna\",\"item\":\"https:\\\/\\\/wawp.pl\\\/prezenty\\\/\"},{\"@type\":\"ListItem\",\"position\":2,\"name\":\"Shop\",\"item\":\"https:\\\/\\\/wawp.pl\\\/prezenty\\\/shop\\\/\"},{\"@type\":\"ListItem\",\"position\":3,\"name\":\"Kentucky Derby\"}]},{\"@type\":\"WebSite\",\"@id\":\"https:\\\/\\\/wawp.pl\\\/prezenty\\\/#website\",\"url\":\"https:\\\/\\\/wawp.pl\\\/prezenty\\\/\",\"name\":\"Zestawy \u015awi\u0105teczne\",\"description\":\"Kosze \u015awi\u0105teczne, Podarunkowe, Prezentowe\",\"publisher\":{\"@id\":\"https:\\\/\\\/wawp.pl\\\/prezenty\\\/#organization\"},\"potentialAction\":[{\"@type\":\"SearchAction\",\"target\":{\"@type\":\"EntryPoint\",\"urlTemplate\":\"https:\\\/\\\/wawp.pl\\\/prezenty\\\/?s={search_term_string}\"},\"query-input\":{\"@type\":\"PropertyValueSpecification\",\"valueRequired\":true,\"valueName\":\"search_term_string\"}}],\"inLanguage\":\"pl-PL\"},{\"@type\":\"Organization\",\"@id\":\"https:\\\/\\\/wawp.pl\\\/prezenty\\\/#organization\",\"name\":\"Zestawy \u015awi\u0105teczne\",\"url\":\"https:\\\/\\\/wawp.pl\\\/prezenty\\\/\",\"logo\":{\"@type\":\"ImageObject\",\"inLanguage\":\"pl-PL\",\"@id\":\"https:\\\/\\\/wawp.pl\\\/prezenty\\\/#\\\/schema\\\/logo\\\/image\\\/\",\"url\":\"https:\\\/\\\/wawp.pl\\\/prezenty\\\/wp-content\\\/uploads\\\/2021\\\/11\\\/cropped-logo.png\",\"contentUrl\":\"https:\\\/\\\/wawp.pl\\\/prezenty\\\/wp-content\\\/uploads\\\/2021\\\/11\\\/cropped-logo.png\",\"width\":360,\"height\":137,\"caption\":\"Zestawy \u015awi\u0105teczne\"},\"image\":{\"@id\":\"https:\\\/\\\/wawp.pl\\\/prezenty\\\/#\\\/schema\\\/logo\\\/image\\\/\"}}]}<\/script>\n<!-- \/ Yoast SEO plugin. -->","yoast_head_json":{"title":"Kentucky Derby: Zestaw prezentowy z alkoholem - Burbon Bulleit whiskey kukurydziana | Zestawy \u015awi\u0105teczne","description":"Zobacz produkt: Kentucky Derby Zestaw prezentowy z alkoholem - Burbon Bulleit whiskey kukurydziana - dost\u0119pny online na Whisky and Wine Place wawp.pl\/prezenty !","robots":{"index":"index","follow":"follow","max-snippet":"max-snippet:-1","max-image-preview":"max-image-preview:large","max-video-preview":"max-video-preview:-1"},"canonical":"https:\/\/wawp.pl\/prezenty\/produkt\/kentucky-derby-zestaw-prezentowy-z-alkoholem-burbon-bulleit-whiskey-kukurydziana\/","og_locale":"pl_PL","og_type":"article","og_title":"Kentucky Derby: Zestaw prezentowy z alkoholem - Burbon Bulleit whiskey kukurydziana | Zestawy \u015awi\u0105teczne","og_description":"Zobacz produkt: Kentucky Derby Zestaw prezentowy z alkoholem - Burbon Bulleit whiskey kukurydziana - dost\u0119pny online na Whisky and Wine Place wawp.pl\/prezenty !","og_url":"https:\/\/wawp.pl\/prezenty\/produkt\/kentucky-derby-zestaw-prezentowy-z-alkoholem-burbon-bulleit-whiskey-kukurydziana\/","og_site_name":"Zestawy \u015awi\u0105teczne","article_modified_time":"2024-12-13T13:34:02+00:00","og_image":[{"width":1200,"height":1260,"url":"https:\/\/wawp.pl\/prezenty\/wp-content\/uploads\/2023\/07\/Kentucky-derby-Zestaw-prezentowy-z-alkoholem-Bourbon-Bulleit-whiskey-kukurydziana.png","type":"image\/png"}],"twitter_card":"summary_large_image","schema":{"@context":"https:\/\/schema.org","@graph":[{"@type":"WebPage","@id":"https:\/\/wawp.pl\/prezenty\/produkt\/kentucky-derby-zestaw-prezentowy-z-alkoholem-burbon-bulleit-whiskey-kukurydziana\/","url":"https:\/\/wawp.pl\/prezenty\/produkt\/kentucky-derby-zestaw-prezentowy-z-alkoholem-burbon-bulleit-whiskey-kukurydziana\/","name":"Kentucky Derby: Zestaw prezentowy z alkoholem - Burbon Bulleit whiskey kukurydziana | Zestawy \u015awi\u0105teczne","isPartOf":{"@id":"https:\/\/wawp.pl\/prezenty\/#website"},"primaryImageOfPage":{"@id":"https:\/\/wawp.pl\/prezenty\/produkt\/kentucky-derby-zestaw-prezentowy-z-alkoholem-burbon-bulleit-whiskey-kukurydziana\/#primaryimage"},"image":{"@id":"https:\/\/wawp.pl\/prezenty\/produkt\/kentucky-derby-zestaw-prezentowy-z-alkoholem-burbon-bulleit-whiskey-kukurydziana\/#primaryimage"},"thumbnailUrl":"https:\/\/wawp.pl\/prezenty\/wp-content\/uploads\/2023\/07\/Kentucky-derby-Zestaw-prezentowy-z-alkoholem-Bourbon-Bulleit-whiskey-kukurydziana.png","datePublished":"2023-08-01T12:19:02+00:00","dateModified":"2024-12-13T13:34:02+00:00","description":"Zobacz produkt: Kentucky Derby Zestaw prezentowy z alkoholem - Burbon Bulleit whiskey kukurydziana - dost\u0119pny online na Whisky and Wine Place wawp.pl\/prezenty !","breadcrumb":{"@id":"https:\/\/wawp.pl\/prezenty\/produkt\/kentucky-derby-zestaw-prezentowy-z-alkoholem-burbon-bulleit-whiskey-kukurydziana\/#breadcrumb"},"inLanguage":"pl-PL","potentialAction":[{"@type":"ReadAction","target":["https:\/\/wawp.pl\/prezenty\/produkt\/kentucky-derby-zestaw-prezentowy-z-alkoholem-burbon-bulleit-whiskey-kukurydziana\/"]}]},{"@type":"ImageObject","inLanguage":"pl-PL","@id":"https:\/\/wawp.pl\/prezenty\/produkt\/kentucky-derby-zestaw-prezentowy-z-alkoholem-burbon-bulleit-whiskey-kukurydziana\/#primaryimage","url":"https:\/\/wawp.pl\/prezenty\/wp-content\/uploads\/2023\/07\/Kentucky-derby-Zestaw-prezentowy-z-alkoholem-Bourbon-Bulleit-whiskey-kukurydziana.png","contentUrl":"https:\/\/wawp.pl\/prezenty\/wp-content\/uploads\/2023\/07\/Kentucky-derby-Zestaw-prezentowy-z-alkoholem-Bourbon-Bulleit-whiskey-kukurydziana.png","width":1200,"height":1260},{"@type":"BreadcrumbList","@id":"https:\/\/wawp.pl\/prezenty\/produkt\/kentucky-derby-zestaw-prezentowy-z-alkoholem-burbon-bulleit-whiskey-kukurydziana\/#breadcrumb","itemListElement":[{"@type":"ListItem","position":1,"name":"Strona g\u0142\u00f3wna","item":"https:\/\/wawp.pl\/prezenty\/"},{"@type":"ListItem","position":2,"name":"Shop","item":"https:\/\/wawp.pl\/prezenty\/shop\/"},{"@type":"ListItem","position":3,"name":"Kentucky Derby"}]},{"@type":"WebSite","@id":"https:\/\/wawp.pl\/prezenty\/#website","url":"https:\/\/wawp.pl\/prezenty\/","name":"Zestawy \u015awi\u0105teczne","description":"Kosze \u015awi\u0105teczne, Podarunkowe, Prezentowe","publisher":{"@id":"https:\/\/wawp.pl\/prezenty\/#organization"},"potentialAction":[{"@type":"SearchAction","target":{"@type":"EntryPoint","urlTemplate":"https:\/\/wawp.pl\/prezenty\/?s={search_term_string}"},"query-input":{"@type":"PropertyValueSpecification","valueRequired":true,"valueName":"search_term_string"}}],"inLanguage":"pl-PL"},{"@type":"Organization","@id":"https:\/\/wawp.pl\/prezenty\/#organization","name":"Zestawy \u015awi\u0105teczne","url":"https:\/\/wawp.pl\/prezenty\/","logo":{"@type":"ImageObject","inLanguage":"pl-PL","@id":"https:\/\/wawp.pl\/prezenty\/#\/schema\/logo\/image\/","url":"https:\/\/wawp.pl\/prezenty\/wp-content\/uploads\/2021\/11\/cropped-logo.png","contentUrl":"https:\/\/wawp.pl\/prezenty\/wp-content\/uploads\/2021\/11\/cropped-logo.png","width":360,"height":137,"caption":"Zestawy \u015awi\u0105teczne"},"image":{"@id":"https:\/\/wawp.pl\/prezenty\/#\/schema\/logo\/image\/"}}]}},"_links":{"self":[{"href":"https:\/\/wawp.pl\/prezenty\/wp-json\/wp\/v2\/product\/2191","targetHints":{"allow":["GET"]}}],"collection":[{"href":"https:\/\/wawp.pl\/prezenty\/wp-json\/wp\/v2\/product"}],"about":[{"href":"https:\/\/wawp.pl\/prezenty\/wp-json\/wp\/v2\/types\/product"}],"wp:featuredmedia":[{"embeddable":true,"href":"https:\/\/wawp.pl\/prezenty\/wp-json\/wp\/v2\/media\/2111"}],"wp:attachment":[{"href":"https:\/\/wawp.pl\/prezenty\/wp-json\/wp\/v2\/media?parent=2191"}],"wp:term":[{"taxonomy":"product_brand","embeddable":true,"href":"https:\/\/wawp.pl\/prezenty\/wp-json\/wp\/v2\/product_brand?post=2191"},{"taxonomy":"product_cat","embeddable":true,"href":"https:\/\/wawp.pl\/prezenty\/wp-json\/wp\/v2\/product_cat?post=2191"},{"taxonomy":"product_tag","embeddable":true,"href":"https:\/\/wawp.pl\/prezenty\/wp-json\/wp\/v2\/product_tag?post=2191"}],"curies":[{"name":"wp","href":"https:\/\/api.w.org\/{rel}","templated":true}]}}