{"id":2183,"date":"2023-08-01T11:47:55","date_gmt":"2023-08-01T11:47:55","guid":{"rendered":"https:\/\/wawp.pl\/prezenty\/?post_type=product&#038;p=2183"},"modified":"2024-12-13T13:34:02","modified_gmt":"2024-12-13T13:34:02","slug":"dostojny-malachit-zestaw-prezentowy-z-alkoholem-wino-primitivo-polwytrawne","status":"publish","type":"product","link":"https:\/\/wawp.pl\/prezenty\/produkt\/dostojny-malachit-zestaw-prezentowy-z-alkoholem-wino-primitivo-polwytrawne\/","title":{"rendered":"Dostojny Malachit"},"content":{"rendered":"","protected":false},"excerpt":{"rendered":"<p>Elegancki zestaw upominkowy z winem to gotowy prezent dla te\u015bciowej. Kosz podarunkowy zawiera mieszank\u0119 delikates\u00f3w wyselekcjonowanych z pasj\u0105 i staranno\u015bci\u0105. Doskona\u0142e, w\u0142oskie wino uzupe\u0142nione o wyj\u0105tkowe dodatki, kt\u00f3re smakuj\u0105, pachn\u0105 i wygl\u0105daj\u0105 fantastycznie i na pewno oczaruj\u0105 ka\u017cd\u0105 obdarowan\u0105 osob\u0119.<\/p>\n<p><strong>Bocca della Verita<\/strong> to szalenie popularne i uwielbiane na ca\u0142ym \u015bwiecie wino z winogron szczepu Primitivo. To szlachetny alkohol, kt\u00f3ry swoj\u0105 obecno\u015bci\u0105 u\u015bwietnia box prezentowy <strong>Dostojny Malachit<\/strong> i przydaje dodatkowych walor\u00f3w jego pozosta\u0142ym elementom. Wino posiada intensywny aromat suszonych owoc\u00f3w takich jak \u015bliwki i daktyle. W smaku pe\u0142ne, daj\u0105ce wra\u017cenie g\u0119sto\u015bci. Wytrawne, ale z pi\u0119knie wkomponowanym, s\u0142odkim niuansem.<\/p>\n<p><strong>Czekolada Chocolate Story<\/strong> zawiera a\u017c 80% kakao przywiezionego z odleg\u0142ego Ekwadoru. Ka\u017cda tabliczka jest r\u0119cznie wykonana w polskiej manufakturze. Dla prze\u0142amania kakaowej goryczki czekolad\u0119 dos\u0142odzono zdrowszym od cukru ksylitolem. 50g<\/p>\n<p><strong>Davidoff Fine Aroma<\/strong> to mielona kawa wyprodukowana w 100% z ziaren arabiki uprawianej wysoko w g\u00f3rach. Dost\u0119p do unikalnego klimatu oraz gleb pozwala im rozwin\u0105\u0107 wyj\u0105tkowe walory zapachowe i smakowe. <strong>Davidoff Fine Aroma<\/strong> posiada \u0142agodny owocowy aromat zbalansowany, kwasowo-goryczkowy smak co czyni j\u0105 bardzo uniwersalnym podarunkiem zar\u00f3wno dla koneser\u00f3w kawy, jak i mniej do\u015bwiadczonych mi\u0142o\u015bnik\u00f3w tego pobudzaj\u0105cego naparu. 250g<\/p>\n<p><strong>Sos \u015bliwkowy do mi\u0119s i pasztet\u00f3w<\/strong> to niecodzienny dodatek do zestawu upominkowego, kt\u00f3ry na pewno zaskoczy osob\u0119 obdarowan\u0105. Sos przygotowano z naturalnych i zdrowych, polskich sk\u0142adnik\u00f3w, w\u015br\u00f3d kt\u00f3rych s\u0105 \u015bliwki, cebula i przyprawy korzenne. 200g<\/p>\n<p>Opakowanie to mi\u0142e dla oka i dotyku tekturowe pude\u0142ko.\u00a0 Mi\u0119kka i estetyczna wy\u015bci\u00f3\u0142ka zapewnia bezpiecze\u0144stwo szklanym elementom zestawu. Wieko pude\u0142ka przewi\u0105zane nawi\u0105zuj\u0105c\u0105 do kolorystyki zestawu wst\u0105\u017ck\u0105. Ca\u0142o\u015b\u0107 przyjazna \u015brodowisku i podlegaj\u0105ca recyklingowi.<\/p>\n","protected":false},"featured_media":2280,"template":"","meta":{"_acf_changed":false},"product_brand":[],"product_cat":[33],"product_tag":[],"class_list":{"0":"post-2183","1":"product","2":"type-product","3":"status-publish","4":"has-post-thumbnail","6":"product_cat-zestawy-upominkowe","8":"first","9":"outofstock","10":"purchasable","11":"product-type-simple"},"acf":[],"yoast_head":"<!-- This site is optimized with the Yoast SEO plugin v27.3 - https:\/\/yoast.com\/product\/yoast-seo-wordpress\/ -->\n<title>Dostojny Malachit: Zestaw prezentowy z alkoholem - Wino Primitivo p\u00f3\u0142wytrawne | Zestawy \u015awi\u0105teczne<\/title>\n<meta name=\"description\" content=\"Zobacz produkt: Dostojny Malachit Zestaw prezentowy z alkoholem - Wino Primitivo p\u00f3\u0142wytrawne - dost\u0119pny online na Whisky and Wine Place wawp.pl\/prezenty !\" \/>\n<meta name=\"robots\" content=\"index, follow, max-snippet:-1, max-image-preview:large, max-video-preview:-1\" \/>\n<link rel=\"canonical\" href=\"https:\/\/wawp.pl\/prezenty\/produkt\/dostojny-malachit-zestaw-prezentowy-z-alkoholem-wino-primitivo-polwytrawne\/\" \/>\n<meta property=\"og:locale\" content=\"pl_PL\" \/>\n<meta property=\"og:type\" content=\"article\" \/>\n<meta property=\"og:title\" content=\"Dostojny Malachit: Zestaw prezentowy z alkoholem - Wino Primitivo p\u00f3\u0142wytrawne | Zestawy \u015awi\u0105teczne\" \/>\n<meta property=\"og:description\" content=\"Zobacz produkt: Dostojny Malachit Zestaw prezentowy z alkoholem - Wino Primitivo p\u00f3\u0142wytrawne - dost\u0119pny online na Whisky and Wine Place wawp.pl\/prezenty !\" \/>\n<meta property=\"og:url\" content=\"https:\/\/wawp.pl\/prezenty\/produkt\/dostojny-malachit-zestaw-prezentowy-z-alkoholem-wino-primitivo-polwytrawne\/\" \/>\n<meta property=\"og:site_name\" content=\"Zestawy \u015awi\u0105teczne\" \/>\n<meta property=\"article:modified_time\" content=\"2024-12-13T13:34:02+00:00\" \/>\n<meta property=\"og:image\" content=\"https:\/\/wawp.pl\/prezenty\/wp-content\/uploads\/2023\/08\/dostojny-malachit-zestaw-prezentowy-z-alkoholem-wino-primitivo-polwytrawne.png\" \/>\n\t<meta property=\"og:image:width\" content=\"1200\" \/>\n\t<meta property=\"og:image:height\" content=\"1200\" \/>\n\t<meta property=\"og:image:type\" content=\"image\/png\" \/>\n<meta name=\"twitter:card\" content=\"summary_large_image\" \/>\n<script type=\"application\/ld+json\" class=\"yoast-schema-graph\">{\"@context\":\"https:\\\/\\\/schema.org\",\"@graph\":[{\"@type\":\"WebPage\",\"@id\":\"https:\\\/\\\/wawp.pl\\\/prezenty\\\/produkt\\\/dostojny-malachit-zestaw-prezentowy-z-alkoholem-wino-primitivo-polwytrawne\\\/\",\"url\":\"https:\\\/\\\/wawp.pl\\\/prezenty\\\/produkt\\\/dostojny-malachit-zestaw-prezentowy-z-alkoholem-wino-primitivo-polwytrawne\\\/\",\"name\":\"Dostojny Malachit: Zestaw prezentowy z alkoholem - Wino Primitivo p\u00f3\u0142wytrawne | Zestawy \u015awi\u0105teczne\",\"isPartOf\":{\"@id\":\"https:\\\/\\\/wawp.pl\\\/prezenty\\\/#website\"},\"primaryImageOfPage\":{\"@id\":\"https:\\\/\\\/wawp.pl\\\/prezenty\\\/produkt\\\/dostojny-malachit-zestaw-prezentowy-z-alkoholem-wino-primitivo-polwytrawne\\\/#primaryimage\"},\"image\":{\"@id\":\"https:\\\/\\\/wawp.pl\\\/prezenty\\\/produkt\\\/dostojny-malachit-zestaw-prezentowy-z-alkoholem-wino-primitivo-polwytrawne\\\/#primaryimage\"},\"thumbnailUrl\":\"https:\\\/\\\/wawp.pl\\\/prezenty\\\/wp-content\\\/uploads\\\/2023\\\/08\\\/dostojny-malachit-zestaw-prezentowy-z-alkoholem-wino-primitivo-polwytrawne.png\",\"datePublished\":\"2023-08-01T11:47:55+00:00\",\"dateModified\":\"2024-12-13T13:34:02+00:00\",\"description\":\"Zobacz produkt: Dostojny Malachit Zestaw prezentowy z alkoholem - Wino Primitivo p\u00f3\u0142wytrawne - dost\u0119pny online na Whisky and Wine Place wawp.pl\\\/prezenty !\",\"breadcrumb\":{\"@id\":\"https:\\\/\\\/wawp.pl\\\/prezenty\\\/produkt\\\/dostojny-malachit-zestaw-prezentowy-z-alkoholem-wino-primitivo-polwytrawne\\\/#breadcrumb\"},\"inLanguage\":\"pl-PL\",\"potentialAction\":[{\"@type\":\"ReadAction\",\"target\":[\"https:\\\/\\\/wawp.pl\\\/prezenty\\\/produkt\\\/dostojny-malachit-zestaw-prezentowy-z-alkoholem-wino-primitivo-polwytrawne\\\/\"]}]},{\"@type\":\"ImageObject\",\"inLanguage\":\"pl-PL\",\"@id\":\"https:\\\/\\\/wawp.pl\\\/prezenty\\\/produkt\\\/dostojny-malachit-zestaw-prezentowy-z-alkoholem-wino-primitivo-polwytrawne\\\/#primaryimage\",\"url\":\"https:\\\/\\\/wawp.pl\\\/prezenty\\\/wp-content\\\/uploads\\\/2023\\\/08\\\/dostojny-malachit-zestaw-prezentowy-z-alkoholem-wino-primitivo-polwytrawne.png\",\"contentUrl\":\"https:\\\/\\\/wawp.pl\\\/prezenty\\\/wp-content\\\/uploads\\\/2023\\\/08\\\/dostojny-malachit-zestaw-prezentowy-z-alkoholem-wino-primitivo-polwytrawne.png\",\"width\":1200,\"height\":1200},{\"@type\":\"BreadcrumbList\",\"@id\":\"https:\\\/\\\/wawp.pl\\\/prezenty\\\/produkt\\\/dostojny-malachit-zestaw-prezentowy-z-alkoholem-wino-primitivo-polwytrawne\\\/#breadcrumb\",\"itemListElement\":[{\"@type\":\"ListItem\",\"position\":1,\"name\":\"Strona g\u0142\u00f3wna\",\"item\":\"https:\\\/\\\/wawp.pl\\\/prezenty\\\/\"},{\"@type\":\"ListItem\",\"position\":2,\"name\":\"Shop\",\"item\":\"https:\\\/\\\/wawp.pl\\\/prezenty\\\/shop\\\/\"},{\"@type\":\"ListItem\",\"position\":3,\"name\":\"Dostojny Malachit\"}]},{\"@type\":\"WebSite\",\"@id\":\"https:\\\/\\\/wawp.pl\\\/prezenty\\\/#website\",\"url\":\"https:\\\/\\\/wawp.pl\\\/prezenty\\\/\",\"name\":\"Zestawy \u015awi\u0105teczne\",\"description\":\"Kosze \u015awi\u0105teczne, Podarunkowe, Prezentowe\",\"publisher\":{\"@id\":\"https:\\\/\\\/wawp.pl\\\/prezenty\\\/#organization\"},\"potentialAction\":[{\"@type\":\"SearchAction\",\"target\":{\"@type\":\"EntryPoint\",\"urlTemplate\":\"https:\\\/\\\/wawp.pl\\\/prezenty\\\/?s={search_term_string}\"},\"query-input\":{\"@type\":\"PropertyValueSpecification\",\"valueRequired\":true,\"valueName\":\"search_term_string\"}}],\"inLanguage\":\"pl-PL\"},{\"@type\":\"Organization\",\"@id\":\"https:\\\/\\\/wawp.pl\\\/prezenty\\\/#organization\",\"name\":\"Zestawy \u015awi\u0105teczne\",\"url\":\"https:\\\/\\\/wawp.pl\\\/prezenty\\\/\",\"logo\":{\"@type\":\"ImageObject\",\"inLanguage\":\"pl-PL\",\"@id\":\"https:\\\/\\\/wawp.pl\\\/prezenty\\\/#\\\/schema\\\/logo\\\/image\\\/\",\"url\":\"https:\\\/\\\/wawp.pl\\\/prezenty\\\/wp-content\\\/uploads\\\/2021\\\/11\\\/cropped-logo.png\",\"contentUrl\":\"https:\\\/\\\/wawp.pl\\\/prezenty\\\/wp-content\\\/uploads\\\/2021\\\/11\\\/cropped-logo.png\",\"width\":360,\"height\":137,\"caption\":\"Zestawy \u015awi\u0105teczne\"},\"image\":{\"@id\":\"https:\\\/\\\/wawp.pl\\\/prezenty\\\/#\\\/schema\\\/logo\\\/image\\\/\"}}]}<\/script>\n<!-- \/ Yoast SEO plugin. -->","yoast_head_json":{"title":"Dostojny Malachit: Zestaw prezentowy z alkoholem - Wino Primitivo p\u00f3\u0142wytrawne | Zestawy \u015awi\u0105teczne","description":"Zobacz produkt: Dostojny Malachit Zestaw prezentowy z alkoholem - Wino Primitivo p\u00f3\u0142wytrawne - dost\u0119pny online na Whisky and Wine Place wawp.pl\/prezenty !","robots":{"index":"index","follow":"follow","max-snippet":"max-snippet:-1","max-image-preview":"max-image-preview:large","max-video-preview":"max-video-preview:-1"},"canonical":"https:\/\/wawp.pl\/prezenty\/produkt\/dostojny-malachit-zestaw-prezentowy-z-alkoholem-wino-primitivo-polwytrawne\/","og_locale":"pl_PL","og_type":"article","og_title":"Dostojny Malachit: Zestaw prezentowy z alkoholem - Wino Primitivo p\u00f3\u0142wytrawne | Zestawy \u015awi\u0105teczne","og_description":"Zobacz produkt: Dostojny Malachit Zestaw prezentowy z alkoholem - Wino Primitivo p\u00f3\u0142wytrawne - dost\u0119pny online na Whisky and Wine Place wawp.pl\/prezenty !","og_url":"https:\/\/wawp.pl\/prezenty\/produkt\/dostojny-malachit-zestaw-prezentowy-z-alkoholem-wino-primitivo-polwytrawne\/","og_site_name":"Zestawy \u015awi\u0105teczne","article_modified_time":"2024-12-13T13:34:02+00:00","og_image":[{"width":1200,"height":1200,"url":"https:\/\/wawp.pl\/prezenty\/wp-content\/uploads\/2023\/08\/dostojny-malachit-zestaw-prezentowy-z-alkoholem-wino-primitivo-polwytrawne.png","type":"image\/png"}],"twitter_card":"summary_large_image","schema":{"@context":"https:\/\/schema.org","@graph":[{"@type":"WebPage","@id":"https:\/\/wawp.pl\/prezenty\/produkt\/dostojny-malachit-zestaw-prezentowy-z-alkoholem-wino-primitivo-polwytrawne\/","url":"https:\/\/wawp.pl\/prezenty\/produkt\/dostojny-malachit-zestaw-prezentowy-z-alkoholem-wino-primitivo-polwytrawne\/","name":"Dostojny Malachit: Zestaw prezentowy z alkoholem - Wino Primitivo p\u00f3\u0142wytrawne | Zestawy \u015awi\u0105teczne","isPartOf":{"@id":"https:\/\/wawp.pl\/prezenty\/#website"},"primaryImageOfPage":{"@id":"https:\/\/wawp.pl\/prezenty\/produkt\/dostojny-malachit-zestaw-prezentowy-z-alkoholem-wino-primitivo-polwytrawne\/#primaryimage"},"image":{"@id":"https:\/\/wawp.pl\/prezenty\/produkt\/dostojny-malachit-zestaw-prezentowy-z-alkoholem-wino-primitivo-polwytrawne\/#primaryimage"},"thumbnailUrl":"https:\/\/wawp.pl\/prezenty\/wp-content\/uploads\/2023\/08\/dostojny-malachit-zestaw-prezentowy-z-alkoholem-wino-primitivo-polwytrawne.png","datePublished":"2023-08-01T11:47:55+00:00","dateModified":"2024-12-13T13:34:02+00:00","description":"Zobacz produkt: Dostojny Malachit Zestaw prezentowy z alkoholem - Wino Primitivo p\u00f3\u0142wytrawne - dost\u0119pny online na Whisky and Wine Place wawp.pl\/prezenty !","breadcrumb":{"@id":"https:\/\/wawp.pl\/prezenty\/produkt\/dostojny-malachit-zestaw-prezentowy-z-alkoholem-wino-primitivo-polwytrawne\/#breadcrumb"},"inLanguage":"pl-PL","potentialAction":[{"@type":"ReadAction","target":["https:\/\/wawp.pl\/prezenty\/produkt\/dostojny-malachit-zestaw-prezentowy-z-alkoholem-wino-primitivo-polwytrawne\/"]}]},{"@type":"ImageObject","inLanguage":"pl-PL","@id":"https:\/\/wawp.pl\/prezenty\/produkt\/dostojny-malachit-zestaw-prezentowy-z-alkoholem-wino-primitivo-polwytrawne\/#primaryimage","url":"https:\/\/wawp.pl\/prezenty\/wp-content\/uploads\/2023\/08\/dostojny-malachit-zestaw-prezentowy-z-alkoholem-wino-primitivo-polwytrawne.png","contentUrl":"https:\/\/wawp.pl\/prezenty\/wp-content\/uploads\/2023\/08\/dostojny-malachit-zestaw-prezentowy-z-alkoholem-wino-primitivo-polwytrawne.png","width":1200,"height":1200},{"@type":"BreadcrumbList","@id":"https:\/\/wawp.pl\/prezenty\/produkt\/dostojny-malachit-zestaw-prezentowy-z-alkoholem-wino-primitivo-polwytrawne\/#breadcrumb","itemListElement":[{"@type":"ListItem","position":1,"name":"Strona g\u0142\u00f3wna","item":"https:\/\/wawp.pl\/prezenty\/"},{"@type":"ListItem","position":2,"name":"Shop","item":"https:\/\/wawp.pl\/prezenty\/shop\/"},{"@type":"ListItem","position":3,"name":"Dostojny Malachit"}]},{"@type":"WebSite","@id":"https:\/\/wawp.pl\/prezenty\/#website","url":"https:\/\/wawp.pl\/prezenty\/","name":"Zestawy \u015awi\u0105teczne","description":"Kosze \u015awi\u0105teczne, Podarunkowe, Prezentowe","publisher":{"@id":"https:\/\/wawp.pl\/prezenty\/#organization"},"potentialAction":[{"@type":"SearchAction","target":{"@type":"EntryPoint","urlTemplate":"https:\/\/wawp.pl\/prezenty\/?s={search_term_string}"},"query-input":{"@type":"PropertyValueSpecification","valueRequired":true,"valueName":"search_term_string"}}],"inLanguage":"pl-PL"},{"@type":"Organization","@id":"https:\/\/wawp.pl\/prezenty\/#organization","name":"Zestawy \u015awi\u0105teczne","url":"https:\/\/wawp.pl\/prezenty\/","logo":{"@type":"ImageObject","inLanguage":"pl-PL","@id":"https:\/\/wawp.pl\/prezenty\/#\/schema\/logo\/image\/","url":"https:\/\/wawp.pl\/prezenty\/wp-content\/uploads\/2021\/11\/cropped-logo.png","contentUrl":"https:\/\/wawp.pl\/prezenty\/wp-content\/uploads\/2021\/11\/cropped-logo.png","width":360,"height":137,"caption":"Zestawy \u015awi\u0105teczne"},"image":{"@id":"https:\/\/wawp.pl\/prezenty\/#\/schema\/logo\/image\/"}}]}},"_links":{"self":[{"href":"https:\/\/wawp.pl\/prezenty\/wp-json\/wp\/v2\/product\/2183","targetHints":{"allow":["GET"]}}],"collection":[{"href":"https:\/\/wawp.pl\/prezenty\/wp-json\/wp\/v2\/product"}],"about":[{"href":"https:\/\/wawp.pl\/prezenty\/wp-json\/wp\/v2\/types\/product"}],"wp:featuredmedia":[{"embeddable":true,"href":"https:\/\/wawp.pl\/prezenty\/wp-json\/wp\/v2\/media\/2280"}],"wp:attachment":[{"href":"https:\/\/wawp.pl\/prezenty\/wp-json\/wp\/v2\/media?parent=2183"}],"wp:term":[{"taxonomy":"product_brand","embeddable":true,"href":"https:\/\/wawp.pl\/prezenty\/wp-json\/wp\/v2\/product_brand?post=2183"},{"taxonomy":"product_cat","embeddable":true,"href":"https:\/\/wawp.pl\/prezenty\/wp-json\/wp\/v2\/product_cat?post=2183"},{"taxonomy":"product_tag","embeddable":true,"href":"https:\/\/wawp.pl\/prezenty\/wp-json\/wp\/v2\/product_tag?post=2183"}],"curies":[{"name":"wp","href":"https:\/\/api.w.org\/{rel}","templated":true}]}}