{"id":2179,"date":"2023-08-01T11:34:32","date_gmt":"2023-08-01T11:34:32","guid":{"rendered":"https:\/\/wawp.pl\/prezenty\/?post_type=product&#038;p=2179"},"modified":"2024-12-13T13:32:16","modified_gmt":"2024-12-13T13:32:16","slug":"bezalkoholowa-wiosna-zestaw-prezentowy-ze-slodyczami-zestaw-slodyczy-kawa","status":"publish","type":"product","link":"https:\/\/wawp.pl\/prezenty\/produkt\/bezalkoholowa-wiosna-zestaw-prezentowy-ze-slodyczami-zestaw-slodyczy-kawa\/","title":{"rendered":"Bezalkoholowa Wiosna"},"content":{"rendered":"","protected":false},"excerpt":{"rendered":"<p>Kosz delikatesowy <strong>Bezalkoholowa wiosna<\/strong> po brzegi wype\u0142niony jest wysokiej jako\u015bci s\u0142odyczami r\u00f3\u017cnego rodzaju. Czyni go to idealnym prezentem na rocznic\u0119 \u015blubu. Brak dodatku alkoholowego sprawia, \u017ce ca\u0142\u0105 jego zawarto\u015bci\u0105 mog\u0105 raczy\u0107 si\u0119 panie przy nadziei. Sprawdzi si\u0119 tak\u017ce, jako prezent miko\u0142ajkowy lub \u015bwi\u0105teczny dla niepe\u0142noletnich.<\/p>\n<p><strong>Merci<\/strong> to marka, kt\u00f3ra od lat cieszy si\u0119 w Polsce wielk\u0105 popularno\u015bci\u0105. 8 rodzaj\u00f3w czekoladowych sztabek z r\u00f3\u017cnorakim nadzieniem to znakomity spos\u00f3b, aby powiedzie\u0107 komu\u015b \u201edzi\u0119kuj\u0119\u201d. 250g<\/p>\n<p><strong>Delisana La Crema<\/strong> to ciasteczka z puszystym kremem cytrynowym, kt\u00f3rych smak i aromat przywodz\u0105 na my\u015bl egzotyczne wakacje. 150g<\/p>\n<p><strong>Amaresti<\/strong> <strong>Orzechy Laskowe w Czekoladzie<\/strong> to szybka, s\u0142odka przek\u0105ska w czterech r\u00f3\u017cnych smakach. Lekko pra\u017cone orzechy laskowe zanurzone s\u0105 w r\u00f3\u017cnych rodzajach czekolady. Mlecznej, deserowej, bia\u0142ej i kawowe. 80g<\/p>\n<p><strong>Delicadore Fine Czekolada z Pistacjami<\/strong> wyprodukowana jest z najwy\u017cszej jako\u015bci kakao i zawiera go a\u017c 70%. Znakomity dodatek do kawy lub jako samodzielna przek\u0105ska. 100g<\/p>\n<p><strong>Carletti Doti<\/strong> to czekoladowe, cienkie paluszki z mi\u0119towym nadzieniem. 125g<\/p>\n<p><strong>Exelcium Choc &amp; Plus<\/strong> to po\u0142\u0105czenie pysznej, belgijskiej czekolady z kawa\u0142kami orzech\u00f3w laskowych. 107g<\/p>\n<p><strong>Agrisicilia<\/strong> to d\u017cem wyprodukowany z pomara\u0144czy dojrzewaj\u0105cych we w\u0142oskim s\u0142o\u0144cu. Jego s\u0142odycz i delikatna kwasowo\u015b\u0107 prze\u0142amana jest dodatkiem pikantnego cynamonu. 360g<\/p>\n<p><strong>Vergnano Granaroma<\/strong> to w\u0142oska, ziarnista kawa dostosowana do ka\u017cdej metody parzenia. \u0141\u0105czy w sobie owocowo\u015b\u0107 Arabici oraz czekoladow\u0105 goryczk\u0119 Robusty. Jest idealna zar\u00f3wno dla do\u015bwiadczonych, jak i pocz\u0105tkuj\u0105cych mi\u0142o\u015bnik\u00f3w tego pobudzaj\u0105cego naparu. 250g<\/p>\n<p>Opakowanie to mi\u0142e dla oka i dotyku tekturowe pude\u0142ko.\u00a0 Mi\u0119kka i estetyczna wy\u015bci\u00f3\u0142ka zapewnia bezpiecze\u0144stwo szklanym elementom zestawu. Wieko pude\u0142ka przewi\u0105zane nawi\u0105zuj\u0105c\u0105 do kolorystyki zestawu wst\u0105\u017ck\u0105. Ca\u0142o\u015b\u0107 przyjazna \u015brodowisku i podlegaj\u0105ca recyklingowi.<\/p>\n","protected":false},"featured_media":2180,"template":"","meta":{"_acf_changed":false},"product_brand":[],"product_cat":[33],"product_tag":[],"class_list":{"0":"post-2179","1":"product","2":"type-product","3":"status-publish","4":"has-post-thumbnail","6":"product_cat-zestawy-upominkowe","8":"first","9":"outofstock","10":"purchasable","11":"product-type-simple"},"acf":[],"yoast_head":"<!-- This site is optimized with the Yoast SEO plugin v27.3 - https:\/\/yoast.com\/product\/yoast-seo-wordpress\/ -->\n<title>Bezalkoholowa Wiosna: Zestaw prezentowy ze s\u0142odyczami - Zestaw s\u0142odyczy kawa | Zestawy \u015awi\u0105teczne<\/title>\n<meta name=\"description\" content=\"Zobacz produkt: Bezalkoholowa Wiosna Zestaw prezentowy ze s\u0142odyczami - Zestaw s\u0142odyczy kawa - dost\u0119pny online na Whisky and Wine Place wawp.pl\/prezenty !\" \/>\n<meta name=\"robots\" content=\"index, follow, max-snippet:-1, max-image-preview:large, max-video-preview:-1\" \/>\n<link rel=\"canonical\" href=\"https:\/\/wawp.pl\/prezenty\/produkt\/bezalkoholowa-wiosna-zestaw-prezentowy-ze-slodyczami-zestaw-slodyczy-kawa\/\" \/>\n<meta property=\"og:locale\" content=\"pl_PL\" \/>\n<meta property=\"og:type\" content=\"article\" \/>\n<meta property=\"og:title\" content=\"Bezalkoholowa Wiosna: Zestaw prezentowy ze s\u0142odyczami - Zestaw s\u0142odyczy kawa | Zestawy \u015awi\u0105teczne\" \/>\n<meta property=\"og:description\" content=\"Zobacz produkt: Bezalkoholowa Wiosna Zestaw prezentowy ze s\u0142odyczami - Zestaw s\u0142odyczy kawa - dost\u0119pny online na Whisky and Wine Place wawp.pl\/prezenty !\" \/>\n<meta property=\"og:url\" content=\"https:\/\/wawp.pl\/prezenty\/produkt\/bezalkoholowa-wiosna-zestaw-prezentowy-ze-slodyczami-zestaw-slodyczy-kawa\/\" \/>\n<meta property=\"og:site_name\" content=\"Zestawy \u015awi\u0105teczne\" \/>\n<meta property=\"article:modified_time\" content=\"2024-12-13T13:32:16+00:00\" \/>\n<meta property=\"og:image\" content=\"https:\/\/wawp.pl\/prezenty\/wp-content\/uploads\/2023\/08\/bezalkoholowa-wiosna-zestaw-prezentowy-ze-slodyczami-zestaw-slodyczy-kawa.png\" \/>\n\t<meta property=\"og:image:width\" content=\"1200\" \/>\n\t<meta property=\"og:image:height\" content=\"1260\" \/>\n\t<meta property=\"og:image:type\" content=\"image\/png\" \/>\n<meta name=\"twitter:card\" content=\"summary_large_image\" \/>\n<script type=\"application\/ld+json\" class=\"yoast-schema-graph\">{\"@context\":\"https:\\\/\\\/schema.org\",\"@graph\":[{\"@type\":\"WebPage\",\"@id\":\"https:\\\/\\\/wawp.pl\\\/prezenty\\\/produkt\\\/bezalkoholowa-wiosna-zestaw-prezentowy-ze-slodyczami-zestaw-slodyczy-kawa\\\/\",\"url\":\"https:\\\/\\\/wawp.pl\\\/prezenty\\\/produkt\\\/bezalkoholowa-wiosna-zestaw-prezentowy-ze-slodyczami-zestaw-slodyczy-kawa\\\/\",\"name\":\"Bezalkoholowa Wiosna: Zestaw prezentowy ze s\u0142odyczami - Zestaw s\u0142odyczy kawa | Zestawy \u015awi\u0105teczne\",\"isPartOf\":{\"@id\":\"https:\\\/\\\/wawp.pl\\\/prezenty\\\/#website\"},\"primaryImageOfPage\":{\"@id\":\"https:\\\/\\\/wawp.pl\\\/prezenty\\\/produkt\\\/bezalkoholowa-wiosna-zestaw-prezentowy-ze-slodyczami-zestaw-slodyczy-kawa\\\/#primaryimage\"},\"image\":{\"@id\":\"https:\\\/\\\/wawp.pl\\\/prezenty\\\/produkt\\\/bezalkoholowa-wiosna-zestaw-prezentowy-ze-slodyczami-zestaw-slodyczy-kawa\\\/#primaryimage\"},\"thumbnailUrl\":\"https:\\\/\\\/wawp.pl\\\/prezenty\\\/wp-content\\\/uploads\\\/2023\\\/08\\\/bezalkoholowa-wiosna-zestaw-prezentowy-ze-slodyczami-zestaw-slodyczy-kawa.png\",\"datePublished\":\"2023-08-01T11:34:32+00:00\",\"dateModified\":\"2024-12-13T13:32:16+00:00\",\"description\":\"Zobacz produkt: Bezalkoholowa Wiosna Zestaw prezentowy ze s\u0142odyczami - Zestaw s\u0142odyczy kawa - dost\u0119pny online na Whisky and Wine Place wawp.pl\\\/prezenty !\",\"breadcrumb\":{\"@id\":\"https:\\\/\\\/wawp.pl\\\/prezenty\\\/produkt\\\/bezalkoholowa-wiosna-zestaw-prezentowy-ze-slodyczami-zestaw-slodyczy-kawa\\\/#breadcrumb\"},\"inLanguage\":\"pl-PL\",\"potentialAction\":[{\"@type\":\"ReadAction\",\"target\":[\"https:\\\/\\\/wawp.pl\\\/prezenty\\\/produkt\\\/bezalkoholowa-wiosna-zestaw-prezentowy-ze-slodyczami-zestaw-slodyczy-kawa\\\/\"]}]},{\"@type\":\"ImageObject\",\"inLanguage\":\"pl-PL\",\"@id\":\"https:\\\/\\\/wawp.pl\\\/prezenty\\\/produkt\\\/bezalkoholowa-wiosna-zestaw-prezentowy-ze-slodyczami-zestaw-slodyczy-kawa\\\/#primaryimage\",\"url\":\"https:\\\/\\\/wawp.pl\\\/prezenty\\\/wp-content\\\/uploads\\\/2023\\\/08\\\/bezalkoholowa-wiosna-zestaw-prezentowy-ze-slodyczami-zestaw-slodyczy-kawa.png\",\"contentUrl\":\"https:\\\/\\\/wawp.pl\\\/prezenty\\\/wp-content\\\/uploads\\\/2023\\\/08\\\/bezalkoholowa-wiosna-zestaw-prezentowy-ze-slodyczami-zestaw-slodyczy-kawa.png\",\"width\":1200,\"height\":1260},{\"@type\":\"BreadcrumbList\",\"@id\":\"https:\\\/\\\/wawp.pl\\\/prezenty\\\/produkt\\\/bezalkoholowa-wiosna-zestaw-prezentowy-ze-slodyczami-zestaw-slodyczy-kawa\\\/#breadcrumb\",\"itemListElement\":[{\"@type\":\"ListItem\",\"position\":1,\"name\":\"Strona g\u0142\u00f3wna\",\"item\":\"https:\\\/\\\/wawp.pl\\\/prezenty\\\/\"},{\"@type\":\"ListItem\",\"position\":2,\"name\":\"Shop\",\"item\":\"https:\\\/\\\/wawp.pl\\\/prezenty\\\/shop\\\/\"},{\"@type\":\"ListItem\",\"position\":3,\"name\":\"Bezalkoholowa Wiosna\"}]},{\"@type\":\"WebSite\",\"@id\":\"https:\\\/\\\/wawp.pl\\\/prezenty\\\/#website\",\"url\":\"https:\\\/\\\/wawp.pl\\\/prezenty\\\/\",\"name\":\"Zestawy \u015awi\u0105teczne\",\"description\":\"Kosze \u015awi\u0105teczne, Podarunkowe, Prezentowe\",\"publisher\":{\"@id\":\"https:\\\/\\\/wawp.pl\\\/prezenty\\\/#organization\"},\"potentialAction\":[{\"@type\":\"SearchAction\",\"target\":{\"@type\":\"EntryPoint\",\"urlTemplate\":\"https:\\\/\\\/wawp.pl\\\/prezenty\\\/?s={search_term_string}\"},\"query-input\":{\"@type\":\"PropertyValueSpecification\",\"valueRequired\":true,\"valueName\":\"search_term_string\"}}],\"inLanguage\":\"pl-PL\"},{\"@type\":\"Organization\",\"@id\":\"https:\\\/\\\/wawp.pl\\\/prezenty\\\/#organization\",\"name\":\"Zestawy \u015awi\u0105teczne\",\"url\":\"https:\\\/\\\/wawp.pl\\\/prezenty\\\/\",\"logo\":{\"@type\":\"ImageObject\",\"inLanguage\":\"pl-PL\",\"@id\":\"https:\\\/\\\/wawp.pl\\\/prezenty\\\/#\\\/schema\\\/logo\\\/image\\\/\",\"url\":\"https:\\\/\\\/wawp.pl\\\/prezenty\\\/wp-content\\\/uploads\\\/2021\\\/11\\\/cropped-logo.png\",\"contentUrl\":\"https:\\\/\\\/wawp.pl\\\/prezenty\\\/wp-content\\\/uploads\\\/2021\\\/11\\\/cropped-logo.png\",\"width\":360,\"height\":137,\"caption\":\"Zestawy \u015awi\u0105teczne\"},\"image\":{\"@id\":\"https:\\\/\\\/wawp.pl\\\/prezenty\\\/#\\\/schema\\\/logo\\\/image\\\/\"}}]}<\/script>\n<!-- \/ Yoast SEO plugin. -->","yoast_head_json":{"title":"Bezalkoholowa Wiosna: Zestaw prezentowy ze s\u0142odyczami - Zestaw s\u0142odyczy kawa | Zestawy \u015awi\u0105teczne","description":"Zobacz produkt: Bezalkoholowa Wiosna Zestaw prezentowy ze s\u0142odyczami - Zestaw s\u0142odyczy kawa - dost\u0119pny online na Whisky and Wine Place wawp.pl\/prezenty !","robots":{"index":"index","follow":"follow","max-snippet":"max-snippet:-1","max-image-preview":"max-image-preview:large","max-video-preview":"max-video-preview:-1"},"canonical":"https:\/\/wawp.pl\/prezenty\/produkt\/bezalkoholowa-wiosna-zestaw-prezentowy-ze-slodyczami-zestaw-slodyczy-kawa\/","og_locale":"pl_PL","og_type":"article","og_title":"Bezalkoholowa Wiosna: Zestaw prezentowy ze s\u0142odyczami - Zestaw s\u0142odyczy kawa | Zestawy \u015awi\u0105teczne","og_description":"Zobacz produkt: Bezalkoholowa Wiosna Zestaw prezentowy ze s\u0142odyczami - Zestaw s\u0142odyczy kawa - dost\u0119pny online na Whisky and Wine Place wawp.pl\/prezenty !","og_url":"https:\/\/wawp.pl\/prezenty\/produkt\/bezalkoholowa-wiosna-zestaw-prezentowy-ze-slodyczami-zestaw-slodyczy-kawa\/","og_site_name":"Zestawy \u015awi\u0105teczne","article_modified_time":"2024-12-13T13:32:16+00:00","og_image":[{"width":1200,"height":1260,"url":"https:\/\/wawp.pl\/prezenty\/wp-content\/uploads\/2023\/08\/bezalkoholowa-wiosna-zestaw-prezentowy-ze-slodyczami-zestaw-slodyczy-kawa.png","type":"image\/png"}],"twitter_card":"summary_large_image","schema":{"@context":"https:\/\/schema.org","@graph":[{"@type":"WebPage","@id":"https:\/\/wawp.pl\/prezenty\/produkt\/bezalkoholowa-wiosna-zestaw-prezentowy-ze-slodyczami-zestaw-slodyczy-kawa\/","url":"https:\/\/wawp.pl\/prezenty\/produkt\/bezalkoholowa-wiosna-zestaw-prezentowy-ze-slodyczami-zestaw-slodyczy-kawa\/","name":"Bezalkoholowa Wiosna: Zestaw prezentowy ze s\u0142odyczami - Zestaw s\u0142odyczy kawa | Zestawy \u015awi\u0105teczne","isPartOf":{"@id":"https:\/\/wawp.pl\/prezenty\/#website"},"primaryImageOfPage":{"@id":"https:\/\/wawp.pl\/prezenty\/produkt\/bezalkoholowa-wiosna-zestaw-prezentowy-ze-slodyczami-zestaw-slodyczy-kawa\/#primaryimage"},"image":{"@id":"https:\/\/wawp.pl\/prezenty\/produkt\/bezalkoholowa-wiosna-zestaw-prezentowy-ze-slodyczami-zestaw-slodyczy-kawa\/#primaryimage"},"thumbnailUrl":"https:\/\/wawp.pl\/prezenty\/wp-content\/uploads\/2023\/08\/bezalkoholowa-wiosna-zestaw-prezentowy-ze-slodyczami-zestaw-slodyczy-kawa.png","datePublished":"2023-08-01T11:34:32+00:00","dateModified":"2024-12-13T13:32:16+00:00","description":"Zobacz produkt: Bezalkoholowa Wiosna Zestaw prezentowy ze s\u0142odyczami - Zestaw s\u0142odyczy kawa - dost\u0119pny online na Whisky and Wine Place wawp.pl\/prezenty !","breadcrumb":{"@id":"https:\/\/wawp.pl\/prezenty\/produkt\/bezalkoholowa-wiosna-zestaw-prezentowy-ze-slodyczami-zestaw-slodyczy-kawa\/#breadcrumb"},"inLanguage":"pl-PL","potentialAction":[{"@type":"ReadAction","target":["https:\/\/wawp.pl\/prezenty\/produkt\/bezalkoholowa-wiosna-zestaw-prezentowy-ze-slodyczami-zestaw-slodyczy-kawa\/"]}]},{"@type":"ImageObject","inLanguage":"pl-PL","@id":"https:\/\/wawp.pl\/prezenty\/produkt\/bezalkoholowa-wiosna-zestaw-prezentowy-ze-slodyczami-zestaw-slodyczy-kawa\/#primaryimage","url":"https:\/\/wawp.pl\/prezenty\/wp-content\/uploads\/2023\/08\/bezalkoholowa-wiosna-zestaw-prezentowy-ze-slodyczami-zestaw-slodyczy-kawa.png","contentUrl":"https:\/\/wawp.pl\/prezenty\/wp-content\/uploads\/2023\/08\/bezalkoholowa-wiosna-zestaw-prezentowy-ze-slodyczami-zestaw-slodyczy-kawa.png","width":1200,"height":1260},{"@type":"BreadcrumbList","@id":"https:\/\/wawp.pl\/prezenty\/produkt\/bezalkoholowa-wiosna-zestaw-prezentowy-ze-slodyczami-zestaw-slodyczy-kawa\/#breadcrumb","itemListElement":[{"@type":"ListItem","position":1,"name":"Strona g\u0142\u00f3wna","item":"https:\/\/wawp.pl\/prezenty\/"},{"@type":"ListItem","position":2,"name":"Shop","item":"https:\/\/wawp.pl\/prezenty\/shop\/"},{"@type":"ListItem","position":3,"name":"Bezalkoholowa Wiosna"}]},{"@type":"WebSite","@id":"https:\/\/wawp.pl\/prezenty\/#website","url":"https:\/\/wawp.pl\/prezenty\/","name":"Zestawy \u015awi\u0105teczne","description":"Kosze \u015awi\u0105teczne, Podarunkowe, Prezentowe","publisher":{"@id":"https:\/\/wawp.pl\/prezenty\/#organization"},"potentialAction":[{"@type":"SearchAction","target":{"@type":"EntryPoint","urlTemplate":"https:\/\/wawp.pl\/prezenty\/?s={search_term_string}"},"query-input":{"@type":"PropertyValueSpecification","valueRequired":true,"valueName":"search_term_string"}}],"inLanguage":"pl-PL"},{"@type":"Organization","@id":"https:\/\/wawp.pl\/prezenty\/#organization","name":"Zestawy \u015awi\u0105teczne","url":"https:\/\/wawp.pl\/prezenty\/","logo":{"@type":"ImageObject","inLanguage":"pl-PL","@id":"https:\/\/wawp.pl\/prezenty\/#\/schema\/logo\/image\/","url":"https:\/\/wawp.pl\/prezenty\/wp-content\/uploads\/2021\/11\/cropped-logo.png","contentUrl":"https:\/\/wawp.pl\/prezenty\/wp-content\/uploads\/2021\/11\/cropped-logo.png","width":360,"height":137,"caption":"Zestawy \u015awi\u0105teczne"},"image":{"@id":"https:\/\/wawp.pl\/prezenty\/#\/schema\/logo\/image\/"}}]}},"_links":{"self":[{"href":"https:\/\/wawp.pl\/prezenty\/wp-json\/wp\/v2\/product\/2179","targetHints":{"allow":["GET"]}}],"collection":[{"href":"https:\/\/wawp.pl\/prezenty\/wp-json\/wp\/v2\/product"}],"about":[{"href":"https:\/\/wawp.pl\/prezenty\/wp-json\/wp\/v2\/types\/product"}],"wp:featuredmedia":[{"embeddable":true,"href":"https:\/\/wawp.pl\/prezenty\/wp-json\/wp\/v2\/media\/2180"}],"wp:attachment":[{"href":"https:\/\/wawp.pl\/prezenty\/wp-json\/wp\/v2\/media?parent=2179"}],"wp:term":[{"taxonomy":"product_brand","embeddable":true,"href":"https:\/\/wawp.pl\/prezenty\/wp-json\/wp\/v2\/product_brand?post=2179"},{"taxonomy":"product_cat","embeddable":true,"href":"https:\/\/wawp.pl\/prezenty\/wp-json\/wp\/v2\/product_cat?post=2179"},{"taxonomy":"product_tag","embeddable":true,"href":"https:\/\/wawp.pl\/prezenty\/wp-json\/wp\/v2\/product_tag?post=2179"}],"curies":[{"name":"wp","href":"https:\/\/api.w.org\/{rel}","templated":true}]}}