{"id":2154,"date":"2023-07-29T12:23:03","date_gmt":"2023-07-29T12:23:03","guid":{"rendered":"https:\/\/wawp.pl\/prezenty\/?post_type=product&#038;p=2154"},"modified":"2024-11-14T14:05:06","modified_gmt":"2024-11-14T14:05:06","slug":"dona-rosa-zestaw-prezentowy-z-alkoholem-zestaw-kobiecy-rozowe-wino-kosmetyki-slodycze","status":"publish","type":"product","link":"https:\/\/wawp.pl\/prezenty\/produkt\/dona-rosa-zestaw-prezentowy-z-alkoholem-zestaw-kobiecy-rozowe-wino-kosmetyki-slodycze\/","title":{"rendered":"Dona Rosa"},"content":{"rendered":"","protected":false},"excerpt":{"rendered":"<p id=\"E49\" class=\"x-scope qowt-word-para-0\"><span id=\"E50\"><strong>Dona Rosa<\/strong> to ekskluzywny kosz prezentowy z winem dla piel\u0119gniarki. \u0141agodny damski alkohol, wiele s\u0142odkich dodatk\u00f3w oraz wonne myde\u0142ko sprawi\u0105 wiele rado\u015bci ka\u017cdej kobiecie. Zestaw upominkowy Dona Rosa to \u015bwietny spos\u00f3b aby wyrazi\u0107 wdzi\u0119czno\u015b\u0107 za opiek\u0119 nad blisk\u0105 osob\u0105.<\/span><\/p>\n<p id=\"E53\" class=\"x-scope qowt-word-para-0\"><span id=\"E54\">Zestaw prezentowy dla piel\u0119gniarki Dona Rosa <\/span><span id=\"E55\">jest wyposa\u017cony w \u015bwietnej jako\u015bci r\u00f3\u017cowe, wytrawne wino z Hiszpanii. <\/span><strong><span id=\"E57\">Primiera<\/span><span id=\"E59\"> Luna <\/span><span id=\"E61\">Rose<\/span><\/strong><span id=\"E63\"> jest skomponowane ze szczep\u00f3w winogron <\/span><span id=\"E65\">Bobal<\/span><span id=\"E67\"> oraz <\/span><span id=\"E69\">Garnacha<\/span><span id=\"E71\">. To po\u0142\u0105czenie zapewnia winu oleist\u0105 struktur\u0119, pot\u0119\u017cny aromat poziomek, malin i r\u00f3\u017c i d\u0142ugo utrzymuj\u0105cy si\u0119 smak. 0,7L<\/span><\/p>\n<p id=\"E72\" class=\"x-scope qowt-word-para-0\"><span id=\"E73\"><strong>Hildebrand<\/strong> to baton marcepanowy w czekoladzie z migda\u0142ami. Drobna przek\u0105ska idealna na spacer lub jako dodatek to kawy lub herbaty. 50g<\/span><\/p>\n<p id=\"E74\" class=\"x-scope qowt-word-para-0\"><strong><span id=\"E76\">Delisana<\/span><span id=\"E78\"> La <\/span><span id=\"E80\">Crema<\/span><\/strong><span id=\"E82\"> to ciasteczka z puszystym kremem <\/span><span id=\"E84\">milinowym<\/span><span id=\"E86\">,<\/span><span id=\"E87\"> kt\u00f3rych smak i aromat przywodz\u0105 na my\u015bl wakacje<\/span><span id=\"E88\"> na polskiej prowincji<\/span><span id=\"E89\">. 150g<\/span><\/p>\n<p id=\"E90\" class=\"x-scope qowt-word-para-0\"><span id=\"E91\"><strong>Myde\u0142ko produkowane w rzemie\u015blniczej pasiece \u0141yso\u0144<\/strong> z dodatkiem naturalnego miodu, propolisu i olejku r\u00f3\u017canego. Myde\u0142ko pi\u0119knie pachnie i ma kszta\u0142t serca. 75g<\/span><\/p>\n<p id=\"E92\" class=\"x-scope qowt-word-para-0\"><strong><span id=\"E93\">Baron <\/span><span id=\"E95\">Nutty<\/span><\/strong><span id=\"E97\"> to bia\u0142a czekolada z orzechami laskowymi w uroczym, r\u00f3\u017cowym opakowaniu. 100g<\/span><\/p>\n<p id=\"E98\" class=\"x-scope qowt-word-para-0\"><span id=\"E99\">Opakowanie to mi\u0142e dla oka i dotyku tekturowe pude\u0142ko. Mi\u0119kka i estetyczna wy\u015bci\u00f3\u0142ka zapewnia bezpiecze\u0144stwo szklanym elementom zestawu. Wieko pude\u0142ka przewi\u0105zane nawi\u0105zuj\u0105c\u0105 do kolorystyki zestawu wst\u0105\u017ck\u0105. Ca\u0142o\u015b\u0107 przyjazna \u015brodowisku i podlegaj\u0105ca recyklingowi. <\/span><\/p>\n","protected":false},"featured_media":2155,"template":"","meta":{"_acf_changed":false},"product_brand":[],"product_cat":[33],"product_tag":[],"class_list":{"0":"post-2154","1":"product","2":"type-product","3":"status-publish","4":"has-post-thumbnail","6":"product_cat-zestawy-upominkowe","8":"first","9":"outofstock","10":"purchasable","11":"product-type-simple"},"acf":[],"yoast_head":"<!-- This site is optimized with the Yoast SEO plugin v27.3 - https:\/\/yoast.com\/product\/yoast-seo-wordpress\/ -->\n<title>Dona Rosa: Zestaw prezentowy z alkoholem - Zestaw kobiecy r\u00f3\u017cowe wino kosmetyki s\u0142odycze | WAWP - Sklep<\/title>\n<meta name=\"description\" content=\"Zobacz produkt: Dona Rosa Zestaw prezentowy z alkoholem - Zestaw kobiecy r\u00f3\u017cowe wino kosmetyki s\u0142odycze - dost\u0119pny online na Whisky and Wine Place wawp.pl\/prezenty !\" \/>\n<meta name=\"robots\" content=\"index, follow, max-snippet:-1, max-image-preview:large, max-video-preview:-1\" \/>\n<link rel=\"canonical\" href=\"https:\/\/wawp.pl\/prezenty\/produkt\/dona-rosa-zestaw-prezentowy-z-alkoholem-zestaw-kobiecy-rozowe-wino-kosmetyki-slodycze\/\" \/>\n<meta property=\"og:locale\" content=\"pl_PL\" \/>\n<meta property=\"og:type\" content=\"article\" \/>\n<meta property=\"og:title\" content=\"Dona Rosa: Zestaw prezentowy z alkoholem - Zestaw kobiecy r\u00f3\u017cowe wino kosmetyki s\u0142odycze | WAWP - Sklep\" \/>\n<meta property=\"og:description\" content=\"Zobacz produkt: Dona Rosa Zestaw prezentowy z alkoholem - Zestaw kobiecy r\u00f3\u017cowe wino kosmetyki s\u0142odycze - dost\u0119pny online na Whisky and Wine Place wawp.pl\/prezenty !\" \/>\n<meta property=\"og:url\" content=\"https:\/\/wawp.pl\/prezenty\/produkt\/dona-rosa-zestaw-prezentowy-z-alkoholem-zestaw-kobiecy-rozowe-wino-kosmetyki-slodycze\/\" \/>\n<meta property=\"og:site_name\" content=\"WAWP - Sklep\" \/>\n<meta property=\"article:modified_time\" content=\"2024-11-14T14:05:06+00:00\" \/>\n<meta property=\"og:image\" content=\"https:\/\/wawp.pl\/prezenty\/wp-content\/uploads\/2023\/07\/dona-rosa-zestaw-prezentowy-z-alkoholem-zestaw-kobiecy-rozowe-wino-kosmetyki-slodycze.png\" \/>\n\t<meta property=\"og:image:width\" content=\"1200\" \/>\n\t<meta property=\"og:image:height\" content=\"1260\" \/>\n\t<meta property=\"og:image:type\" content=\"image\/png\" \/>\n<meta name=\"twitter:card\" content=\"summary_large_image\" \/>\n<script type=\"application\/ld+json\" class=\"yoast-schema-graph\">{\"@context\":\"https:\\\/\\\/schema.org\",\"@graph\":[{\"@type\":\"WebPage\",\"@id\":\"https:\\\/\\\/wawp.pl\\\/prezenty\\\/produkt\\\/dona-rosa-zestaw-prezentowy-z-alkoholem-zestaw-kobiecy-rozowe-wino-kosmetyki-slodycze\\\/\",\"url\":\"https:\\\/\\\/wawp.pl\\\/prezenty\\\/produkt\\\/dona-rosa-zestaw-prezentowy-z-alkoholem-zestaw-kobiecy-rozowe-wino-kosmetyki-slodycze\\\/\",\"name\":\"Dona Rosa: Zestaw prezentowy z alkoholem - Zestaw kobiecy r\u00f3\u017cowe wino kosmetyki s\u0142odycze | WAWP - Sklep\",\"isPartOf\":{\"@id\":\"https:\\\/\\\/wawp.pl\\\/prezenty\\\/#website\"},\"primaryImageOfPage\":{\"@id\":\"https:\\\/\\\/wawp.pl\\\/prezenty\\\/produkt\\\/dona-rosa-zestaw-prezentowy-z-alkoholem-zestaw-kobiecy-rozowe-wino-kosmetyki-slodycze\\\/#primaryimage\"},\"image\":{\"@id\":\"https:\\\/\\\/wawp.pl\\\/prezenty\\\/produkt\\\/dona-rosa-zestaw-prezentowy-z-alkoholem-zestaw-kobiecy-rozowe-wino-kosmetyki-slodycze\\\/#primaryimage\"},\"thumbnailUrl\":\"https:\\\/\\\/wawp.pl\\\/prezenty\\\/wp-content\\\/uploads\\\/2023\\\/07\\\/dona-rosa-zestaw-prezentowy-z-alkoholem-zestaw-kobiecy-rozowe-wino-kosmetyki-slodycze.png\",\"datePublished\":\"2023-07-29T12:23:03+00:00\",\"dateModified\":\"2024-11-14T14:05:06+00:00\",\"description\":\"Zobacz produkt: Dona Rosa Zestaw prezentowy z alkoholem - Zestaw kobiecy r\u00f3\u017cowe wino kosmetyki s\u0142odycze - dost\u0119pny online na Whisky and Wine Place wawp.pl\\\/prezenty !\",\"breadcrumb\":{\"@id\":\"https:\\\/\\\/wawp.pl\\\/prezenty\\\/produkt\\\/dona-rosa-zestaw-prezentowy-z-alkoholem-zestaw-kobiecy-rozowe-wino-kosmetyki-slodycze\\\/#breadcrumb\"},\"inLanguage\":\"pl-PL\",\"potentialAction\":[{\"@type\":\"ReadAction\",\"target\":[\"https:\\\/\\\/wawp.pl\\\/prezenty\\\/produkt\\\/dona-rosa-zestaw-prezentowy-z-alkoholem-zestaw-kobiecy-rozowe-wino-kosmetyki-slodycze\\\/\"]}]},{\"@type\":\"ImageObject\",\"inLanguage\":\"pl-PL\",\"@id\":\"https:\\\/\\\/wawp.pl\\\/prezenty\\\/produkt\\\/dona-rosa-zestaw-prezentowy-z-alkoholem-zestaw-kobiecy-rozowe-wino-kosmetyki-slodycze\\\/#primaryimage\",\"url\":\"https:\\\/\\\/wawp.pl\\\/prezenty\\\/wp-content\\\/uploads\\\/2023\\\/07\\\/dona-rosa-zestaw-prezentowy-z-alkoholem-zestaw-kobiecy-rozowe-wino-kosmetyki-slodycze.png\",\"contentUrl\":\"https:\\\/\\\/wawp.pl\\\/prezenty\\\/wp-content\\\/uploads\\\/2023\\\/07\\\/dona-rosa-zestaw-prezentowy-z-alkoholem-zestaw-kobiecy-rozowe-wino-kosmetyki-slodycze.png\",\"width\":1200,\"height\":1260},{\"@type\":\"BreadcrumbList\",\"@id\":\"https:\\\/\\\/wawp.pl\\\/prezenty\\\/produkt\\\/dona-rosa-zestaw-prezentowy-z-alkoholem-zestaw-kobiecy-rozowe-wino-kosmetyki-slodycze\\\/#breadcrumb\",\"itemListElement\":[{\"@type\":\"ListItem\",\"position\":1,\"name\":\"Strona g\u0142\u00f3wna\",\"item\":\"https:\\\/\\\/wawp.pl\\\/prezenty\\\/\"},{\"@type\":\"ListItem\",\"position\":2,\"name\":\"Shop\",\"item\":\"https:\\\/\\\/wawp.pl\\\/prezenty\\\/shop\\\/\"},{\"@type\":\"ListItem\",\"position\":3,\"name\":\"Dona Rosa\"}]},{\"@type\":\"WebSite\",\"@id\":\"https:\\\/\\\/wawp.pl\\\/prezenty\\\/#website\",\"url\":\"https:\\\/\\\/wawp.pl\\\/prezenty\\\/\",\"name\":\"WAWP - Sklep\",\"description\":\"Kosze \u015awi\u0105teczne, Podarunkowe, Prezentowe\",\"publisher\":{\"@id\":\"https:\\\/\\\/wawp.pl\\\/prezenty\\\/#organization\"},\"potentialAction\":[{\"@type\":\"SearchAction\",\"target\":{\"@type\":\"EntryPoint\",\"urlTemplate\":\"https:\\\/\\\/wawp.pl\\\/prezenty\\\/?s={search_term_string}\"},\"query-input\":{\"@type\":\"PropertyValueSpecification\",\"valueRequired\":true,\"valueName\":\"search_term_string\"}}],\"inLanguage\":\"pl-PL\"},{\"@type\":\"Organization\",\"@id\":\"https:\\\/\\\/wawp.pl\\\/prezenty\\\/#organization\",\"name\":\"WAWP - Sklep\",\"url\":\"https:\\\/\\\/wawp.pl\\\/prezenty\\\/\",\"logo\":{\"@type\":\"ImageObject\",\"inLanguage\":\"pl-PL\",\"@id\":\"https:\\\/\\\/wawp.pl\\\/prezenty\\\/#\\\/schema\\\/logo\\\/image\\\/\",\"url\":\"https:\\\/\\\/wawp.pl\\\/prezenty\\\/wp-content\\\/uploads\\\/2021\\\/11\\\/cropped-logo.png\",\"contentUrl\":\"https:\\\/\\\/wawp.pl\\\/prezenty\\\/wp-content\\\/uploads\\\/2021\\\/11\\\/cropped-logo.png\",\"width\":360,\"height\":137,\"caption\":\"WAWP - Sklep\"},\"image\":{\"@id\":\"https:\\\/\\\/wawp.pl\\\/prezenty\\\/#\\\/schema\\\/logo\\\/image\\\/\"}}]}<\/script>\n<!-- \/ Yoast SEO plugin. -->","yoast_head_json":{"title":"Dona Rosa: Zestaw prezentowy z alkoholem - Zestaw kobiecy r\u00f3\u017cowe wino kosmetyki s\u0142odycze | WAWP - Sklep","description":"Zobacz produkt: Dona Rosa Zestaw prezentowy z alkoholem - Zestaw kobiecy r\u00f3\u017cowe wino kosmetyki s\u0142odycze - dost\u0119pny online na Whisky and Wine Place wawp.pl\/prezenty !","robots":{"index":"index","follow":"follow","max-snippet":"max-snippet:-1","max-image-preview":"max-image-preview:large","max-video-preview":"max-video-preview:-1"},"canonical":"https:\/\/wawp.pl\/prezenty\/produkt\/dona-rosa-zestaw-prezentowy-z-alkoholem-zestaw-kobiecy-rozowe-wino-kosmetyki-slodycze\/","og_locale":"pl_PL","og_type":"article","og_title":"Dona Rosa: Zestaw prezentowy z alkoholem - Zestaw kobiecy r\u00f3\u017cowe wino kosmetyki s\u0142odycze | WAWP - Sklep","og_description":"Zobacz produkt: Dona Rosa Zestaw prezentowy z alkoholem - Zestaw kobiecy r\u00f3\u017cowe wino kosmetyki s\u0142odycze - dost\u0119pny online na Whisky and Wine Place wawp.pl\/prezenty !","og_url":"https:\/\/wawp.pl\/prezenty\/produkt\/dona-rosa-zestaw-prezentowy-z-alkoholem-zestaw-kobiecy-rozowe-wino-kosmetyki-slodycze\/","og_site_name":"WAWP - Sklep","article_modified_time":"2024-11-14T14:05:06+00:00","og_image":[{"width":1200,"height":1260,"url":"https:\/\/wawp.pl\/prezenty\/wp-content\/uploads\/2023\/07\/dona-rosa-zestaw-prezentowy-z-alkoholem-zestaw-kobiecy-rozowe-wino-kosmetyki-slodycze.png","type":"image\/png"}],"twitter_card":"summary_large_image","schema":{"@context":"https:\/\/schema.org","@graph":[{"@type":"WebPage","@id":"https:\/\/wawp.pl\/prezenty\/produkt\/dona-rosa-zestaw-prezentowy-z-alkoholem-zestaw-kobiecy-rozowe-wino-kosmetyki-slodycze\/","url":"https:\/\/wawp.pl\/prezenty\/produkt\/dona-rosa-zestaw-prezentowy-z-alkoholem-zestaw-kobiecy-rozowe-wino-kosmetyki-slodycze\/","name":"Dona Rosa: Zestaw prezentowy z alkoholem - Zestaw kobiecy r\u00f3\u017cowe wino kosmetyki s\u0142odycze | WAWP - Sklep","isPartOf":{"@id":"https:\/\/wawp.pl\/prezenty\/#website"},"primaryImageOfPage":{"@id":"https:\/\/wawp.pl\/prezenty\/produkt\/dona-rosa-zestaw-prezentowy-z-alkoholem-zestaw-kobiecy-rozowe-wino-kosmetyki-slodycze\/#primaryimage"},"image":{"@id":"https:\/\/wawp.pl\/prezenty\/produkt\/dona-rosa-zestaw-prezentowy-z-alkoholem-zestaw-kobiecy-rozowe-wino-kosmetyki-slodycze\/#primaryimage"},"thumbnailUrl":"https:\/\/wawp.pl\/prezenty\/wp-content\/uploads\/2023\/07\/dona-rosa-zestaw-prezentowy-z-alkoholem-zestaw-kobiecy-rozowe-wino-kosmetyki-slodycze.png","datePublished":"2023-07-29T12:23:03+00:00","dateModified":"2024-11-14T14:05:06+00:00","description":"Zobacz produkt: Dona Rosa Zestaw prezentowy z alkoholem - Zestaw kobiecy r\u00f3\u017cowe wino kosmetyki s\u0142odycze - dost\u0119pny online na Whisky and Wine Place wawp.pl\/prezenty !","breadcrumb":{"@id":"https:\/\/wawp.pl\/prezenty\/produkt\/dona-rosa-zestaw-prezentowy-z-alkoholem-zestaw-kobiecy-rozowe-wino-kosmetyki-slodycze\/#breadcrumb"},"inLanguage":"pl-PL","potentialAction":[{"@type":"ReadAction","target":["https:\/\/wawp.pl\/prezenty\/produkt\/dona-rosa-zestaw-prezentowy-z-alkoholem-zestaw-kobiecy-rozowe-wino-kosmetyki-slodycze\/"]}]},{"@type":"ImageObject","inLanguage":"pl-PL","@id":"https:\/\/wawp.pl\/prezenty\/produkt\/dona-rosa-zestaw-prezentowy-z-alkoholem-zestaw-kobiecy-rozowe-wino-kosmetyki-slodycze\/#primaryimage","url":"https:\/\/wawp.pl\/prezenty\/wp-content\/uploads\/2023\/07\/dona-rosa-zestaw-prezentowy-z-alkoholem-zestaw-kobiecy-rozowe-wino-kosmetyki-slodycze.png","contentUrl":"https:\/\/wawp.pl\/prezenty\/wp-content\/uploads\/2023\/07\/dona-rosa-zestaw-prezentowy-z-alkoholem-zestaw-kobiecy-rozowe-wino-kosmetyki-slodycze.png","width":1200,"height":1260},{"@type":"BreadcrumbList","@id":"https:\/\/wawp.pl\/prezenty\/produkt\/dona-rosa-zestaw-prezentowy-z-alkoholem-zestaw-kobiecy-rozowe-wino-kosmetyki-slodycze\/#breadcrumb","itemListElement":[{"@type":"ListItem","position":1,"name":"Strona g\u0142\u00f3wna","item":"https:\/\/wawp.pl\/prezenty\/"},{"@type":"ListItem","position":2,"name":"Shop","item":"https:\/\/wawp.pl\/prezenty\/shop\/"},{"@type":"ListItem","position":3,"name":"Dona Rosa"}]},{"@type":"WebSite","@id":"https:\/\/wawp.pl\/prezenty\/#website","url":"https:\/\/wawp.pl\/prezenty\/","name":"WAWP - Sklep","description":"Kosze \u015awi\u0105teczne, Podarunkowe, Prezentowe","publisher":{"@id":"https:\/\/wawp.pl\/prezenty\/#organization"},"potentialAction":[{"@type":"SearchAction","target":{"@type":"EntryPoint","urlTemplate":"https:\/\/wawp.pl\/prezenty\/?s={search_term_string}"},"query-input":{"@type":"PropertyValueSpecification","valueRequired":true,"valueName":"search_term_string"}}],"inLanguage":"pl-PL"},{"@type":"Organization","@id":"https:\/\/wawp.pl\/prezenty\/#organization","name":"WAWP - Sklep","url":"https:\/\/wawp.pl\/prezenty\/","logo":{"@type":"ImageObject","inLanguage":"pl-PL","@id":"https:\/\/wawp.pl\/prezenty\/#\/schema\/logo\/image\/","url":"https:\/\/wawp.pl\/prezenty\/wp-content\/uploads\/2021\/11\/cropped-logo.png","contentUrl":"https:\/\/wawp.pl\/prezenty\/wp-content\/uploads\/2021\/11\/cropped-logo.png","width":360,"height":137,"caption":"WAWP - Sklep"},"image":{"@id":"https:\/\/wawp.pl\/prezenty\/#\/schema\/logo\/image\/"}}]}},"_links":{"self":[{"href":"https:\/\/wawp.pl\/prezenty\/wp-json\/wp\/v2\/product\/2154","targetHints":{"allow":["GET"]}}],"collection":[{"href":"https:\/\/wawp.pl\/prezenty\/wp-json\/wp\/v2\/product"}],"about":[{"href":"https:\/\/wawp.pl\/prezenty\/wp-json\/wp\/v2\/types\/product"}],"wp:featuredmedia":[{"embeddable":true,"href":"https:\/\/wawp.pl\/prezenty\/wp-json\/wp\/v2\/media\/2155"}],"wp:attachment":[{"href":"https:\/\/wawp.pl\/prezenty\/wp-json\/wp\/v2\/media?parent=2154"}],"wp:term":[{"taxonomy":"product_brand","embeddable":true,"href":"https:\/\/wawp.pl\/prezenty\/wp-json\/wp\/v2\/product_brand?post=2154"},{"taxonomy":"product_cat","embeddable":true,"href":"https:\/\/wawp.pl\/prezenty\/wp-json\/wp\/v2\/product_cat?post=2154"},{"taxonomy":"product_tag","embeddable":true,"href":"https:\/\/wawp.pl\/prezenty\/wp-json\/wp\/v2\/product_tag?post=2154"}],"curies":[{"name":"wp","href":"https:\/\/api.w.org\/{rel}","templated":true}]}}