{"id":2140,"date":"2023-07-21T13:41:27","date_gmt":"2023-07-21T13:41:27","guid":{"rendered":"https:\/\/wawp.pl\/prezenty\/?post_type=product&#038;p=2140"},"modified":"2024-12-13T13:32:16","modified_gmt":"2024-12-13T13:32:16","slug":"bow-street-zestaw-prezentowy-z-alkoholem-whisky-irlandzka-blended-jameson","status":"publish","type":"product","link":"https:\/\/wawp.pl\/prezenty\/produkt\/bow-street-zestaw-prezentowy-z-alkoholem-whisky-irlandzka-blended-jameson\/","title":{"rendered":"Bow Street"},"content":{"rendered":"","protected":false},"excerpt":{"rendered":"<p>Ekskluzywny kosz prezentowy z alkoholem Bow Street to znakomity prezent dla promotora lub wyk\u0142adowcy. Poprzez swoj\u0105 stonowan\u0105 kolorystyk\u0119 i s\u0142odko-wytrawn\u0105 zawarto\u015b\u0107 stanowi idealn\u0105 form\u0119 wyra\u017cenia wdzi\u0119czno\u015bci dla os\u00f3b spoza kr\u0119gu najbli\u017cszych. Szlachetny alkohol znanej i lubianej marki Jameson od lat \u0142\u0105czy gusta mi\u0142o\u015bnik\u00f3w whiskey na ca\u0142ym \u015bwiecie. Taki zestaw upominkowy to doskona\u0142y podarunek dla ka\u017cdego, kogo gust nie jest nam do ko\u0144ca znany.<\/p>\n<p>Zestaw z alkoholem Bow Street sk\u0142ada si\u0119 mi\u0119dzy innymi z whiskey Jameson. To tradycyjny, irlandzki trunek, kt\u00f3ry swoj\u0105 delikatno\u015b\u0107 zawdzi\u0119cza trzykrotnej destylacji i le\u017cakowaniu w starannie wyselekcjonowanych beczkach. Jego aromat jest zwiewny i delikatny. Przywodzi na my\u015bl polne kwiaty, mi\u00f3d i korzenne przyprawy. Smak \u0142agodny i czysty, doskona\u0142y do d\u0142ugiej degustacji\u00a0 w chwilach relaksu. 0,7L<\/p>\n<p>Kopernik listki waflowe w czekoladzie to s\u0142odka przek\u0105ska od szanowanego, polskiego producenta s\u0142odyczy. Na wielu etapach powstaje r\u0119cznie, bez u\u017cycia skomplikowanych maszyn. Przydaje to jej rzemie\u015blniczego charakteru i wyj\u0105tkowo\u015bci. 96g<\/p>\n<p>Sos \u015bliwkowy do mi\u0119s i pasztet\u00f3w to niecodzienny dodatek do zestawu upominkowego, kt\u00f3ry na pewno zaskoczy osob\u0119 obdarowan\u0105. Sos przygotowano z naturalnych i zdrowych, polskich sk\u0142adnik\u00f3w w\u015br\u00f3d kt\u00f3rych s\u0105 \u015bliwki, cebula i przyprawy korzenne.<\/p>\n<p>Eterno to naturalny mi\u00f3d pszczeli, wielokwiatowy. Pochodzi z ma\u0142ej rodzinnej pasieki i proces jego produkcji jest w 100% r\u0119czny. To uniwersalny dodatek do wielu potraw i napoj\u00f3w, a tak\u017ce lekarstwo na przezi\u0119bienia. 50g<\/p>\n<p>Merci to marka, kt\u00f3ra od lat cieszy si\u0119 w Polsce wielk\u0105 popularno\u015bci\u0105. 8 rodzaj\u00f3w czekoladowych sztabek z r\u00f3\u017cnorakim nadzieniem to znakomity spos\u00f3b, aby powiedzie\u0107 komu\u015b \u201edzi\u0119kuj\u0119\u201d. 250g<\/p>\n<p>Lusette wafel czekoladowy obficie wype\u0142niony jest s\u0142odkim nadzieniem i oblany czekolad\u0105. W sam raz na chwil\u0119 przyjemno\u015bci tylko dla siebie. 50g<\/p>\n<p>Opakowanie to mi\u0142e dla oka i dotyku tekturowe pude\u0142ko.\u00a0 Mi\u0119kka i estetyczna wy\u015bci\u00f3\u0142ka zapewnia bezpiecze\u0144stwo szklanym elementom zestawu. Wieko pude\u0142ka przewi\u0105zane nawi\u0105zuj\u0105c\u0105 do kolorystyki zestawu wst\u0105\u017ck\u0105. Ca\u0142o\u015b\u0107 przyjazna \u015brodowisku i podlegaj\u0105ca recyklingowi.<\/p>\n","protected":false},"featured_media":2108,"template":"","meta":{"_acf_changed":false},"product_brand":[],"product_cat":[15,33],"product_tag":[],"class_list":{"0":"post-2140","1":"product","2":"type-product","3":"status-publish","4":"has-post-thumbnail","6":"product_cat-uncategorized","7":"product_cat-zestawy-upominkowe","9":"first","10":"outofstock","11":"purchasable","12":"product-type-simple"},"acf":[],"yoast_head":"<!-- This site is optimized with the Yoast SEO plugin v27.3 - https:\/\/yoast.com\/product\/yoast-seo-wordpress\/ -->\n<title>Bow Street: Zestaw prezentowy z alkoholem - Whisky irlandzka blended Jameson | Zestawy \u015awi\u0105teczne<\/title>\n<meta name=\"description\" content=\"Zobacz produkt: Bow Street Zestaw prezentowy z alkoholem - Whisky irlandzka blended Jameson - dost\u0119pny online na Whisky and Wine Place wawp.pl\/prezenty !\" \/>\n<meta name=\"robots\" content=\"index, follow, max-snippet:-1, max-image-preview:large, max-video-preview:-1\" \/>\n<link rel=\"canonical\" href=\"https:\/\/wawp.pl\/prezenty\/produkt\/bow-street-zestaw-prezentowy-z-alkoholem-whisky-irlandzka-blended-jameson\/\" \/>\n<meta property=\"og:locale\" content=\"pl_PL\" \/>\n<meta property=\"og:type\" content=\"article\" \/>\n<meta property=\"og:title\" content=\"Bow Street: Zestaw prezentowy z alkoholem - Whisky irlandzka blended Jameson | Zestawy \u015awi\u0105teczne\" \/>\n<meta property=\"og:description\" content=\"Zobacz produkt: Bow Street Zestaw prezentowy z alkoholem - Whisky irlandzka blended Jameson - dost\u0119pny online na Whisky and Wine Place wawp.pl\/prezenty !\" \/>\n<meta property=\"og:url\" content=\"https:\/\/wawp.pl\/prezenty\/produkt\/bow-street-zestaw-prezentowy-z-alkoholem-whisky-irlandzka-blended-jameson\/\" \/>\n<meta property=\"og:site_name\" content=\"Zestawy \u015awi\u0105teczne\" \/>\n<meta property=\"article:modified_time\" content=\"2024-12-13T13:32:16+00:00\" \/>\n<meta property=\"og:image\" content=\"https:\/\/wawp.pl\/prezenty\/wp-content\/uploads\/2023\/07\/Bow-Street-Zestaw-prezentowy-z-alkoholem-whisky-irlandzka-blended-jameson.png\" \/>\n\t<meta property=\"og:image:width\" content=\"1200\" \/>\n\t<meta property=\"og:image:height\" content=\"1260\" \/>\n\t<meta property=\"og:image:type\" content=\"image\/png\" \/>\n<meta name=\"twitter:card\" content=\"summary_large_image\" \/>\n<script type=\"application\/ld+json\" class=\"yoast-schema-graph\">{\"@context\":\"https:\\\/\\\/schema.org\",\"@graph\":[{\"@type\":\"WebPage\",\"@id\":\"https:\\\/\\\/wawp.pl\\\/prezenty\\\/produkt\\\/bow-street-zestaw-prezentowy-z-alkoholem-whisky-irlandzka-blended-jameson\\\/\",\"url\":\"https:\\\/\\\/wawp.pl\\\/prezenty\\\/produkt\\\/bow-street-zestaw-prezentowy-z-alkoholem-whisky-irlandzka-blended-jameson\\\/\",\"name\":\"Bow Street: Zestaw prezentowy z alkoholem - Whisky irlandzka blended Jameson | Zestawy \u015awi\u0105teczne\",\"isPartOf\":{\"@id\":\"https:\\\/\\\/wawp.pl\\\/prezenty\\\/#website\"},\"primaryImageOfPage\":{\"@id\":\"https:\\\/\\\/wawp.pl\\\/prezenty\\\/produkt\\\/bow-street-zestaw-prezentowy-z-alkoholem-whisky-irlandzka-blended-jameson\\\/#primaryimage\"},\"image\":{\"@id\":\"https:\\\/\\\/wawp.pl\\\/prezenty\\\/produkt\\\/bow-street-zestaw-prezentowy-z-alkoholem-whisky-irlandzka-blended-jameson\\\/#primaryimage\"},\"thumbnailUrl\":\"https:\\\/\\\/wawp.pl\\\/prezenty\\\/wp-content\\\/uploads\\\/2023\\\/07\\\/Bow-Street-Zestaw-prezentowy-z-alkoholem-whisky-irlandzka-blended-jameson.png\",\"datePublished\":\"2023-07-21T13:41:27+00:00\",\"dateModified\":\"2024-12-13T13:32:16+00:00\",\"description\":\"Zobacz produkt: Bow Street Zestaw prezentowy z alkoholem - Whisky irlandzka blended Jameson - dost\u0119pny online na Whisky and Wine Place wawp.pl\\\/prezenty !\",\"breadcrumb\":{\"@id\":\"https:\\\/\\\/wawp.pl\\\/prezenty\\\/produkt\\\/bow-street-zestaw-prezentowy-z-alkoholem-whisky-irlandzka-blended-jameson\\\/#breadcrumb\"},\"inLanguage\":\"pl-PL\",\"potentialAction\":[{\"@type\":\"ReadAction\",\"target\":[\"https:\\\/\\\/wawp.pl\\\/prezenty\\\/produkt\\\/bow-street-zestaw-prezentowy-z-alkoholem-whisky-irlandzka-blended-jameson\\\/\"]}]},{\"@type\":\"ImageObject\",\"inLanguage\":\"pl-PL\",\"@id\":\"https:\\\/\\\/wawp.pl\\\/prezenty\\\/produkt\\\/bow-street-zestaw-prezentowy-z-alkoholem-whisky-irlandzka-blended-jameson\\\/#primaryimage\",\"url\":\"https:\\\/\\\/wawp.pl\\\/prezenty\\\/wp-content\\\/uploads\\\/2023\\\/07\\\/Bow-Street-Zestaw-prezentowy-z-alkoholem-whisky-irlandzka-blended-jameson.png\",\"contentUrl\":\"https:\\\/\\\/wawp.pl\\\/prezenty\\\/wp-content\\\/uploads\\\/2023\\\/07\\\/Bow-Street-Zestaw-prezentowy-z-alkoholem-whisky-irlandzka-blended-jameson.png\",\"width\":1200,\"height\":1260},{\"@type\":\"BreadcrumbList\",\"@id\":\"https:\\\/\\\/wawp.pl\\\/prezenty\\\/produkt\\\/bow-street-zestaw-prezentowy-z-alkoholem-whisky-irlandzka-blended-jameson\\\/#breadcrumb\",\"itemListElement\":[{\"@type\":\"ListItem\",\"position\":1,\"name\":\"Strona g\u0142\u00f3wna\",\"item\":\"https:\\\/\\\/wawp.pl\\\/prezenty\\\/\"},{\"@type\":\"ListItem\",\"position\":2,\"name\":\"Shop\",\"item\":\"https:\\\/\\\/wawp.pl\\\/prezenty\\\/shop\\\/\"},{\"@type\":\"ListItem\",\"position\":3,\"name\":\"Bow Street\"}]},{\"@type\":\"WebSite\",\"@id\":\"https:\\\/\\\/wawp.pl\\\/prezenty\\\/#website\",\"url\":\"https:\\\/\\\/wawp.pl\\\/prezenty\\\/\",\"name\":\"Zestawy \u015awi\u0105teczne\",\"description\":\"Kosze \u015awi\u0105teczne, Podarunkowe, Prezentowe\",\"publisher\":{\"@id\":\"https:\\\/\\\/wawp.pl\\\/prezenty\\\/#organization\"},\"potentialAction\":[{\"@type\":\"SearchAction\",\"target\":{\"@type\":\"EntryPoint\",\"urlTemplate\":\"https:\\\/\\\/wawp.pl\\\/prezenty\\\/?s={search_term_string}\"},\"query-input\":{\"@type\":\"PropertyValueSpecification\",\"valueRequired\":true,\"valueName\":\"search_term_string\"}}],\"inLanguage\":\"pl-PL\"},{\"@type\":\"Organization\",\"@id\":\"https:\\\/\\\/wawp.pl\\\/prezenty\\\/#organization\",\"name\":\"Zestawy \u015awi\u0105teczne\",\"url\":\"https:\\\/\\\/wawp.pl\\\/prezenty\\\/\",\"logo\":{\"@type\":\"ImageObject\",\"inLanguage\":\"pl-PL\",\"@id\":\"https:\\\/\\\/wawp.pl\\\/prezenty\\\/#\\\/schema\\\/logo\\\/image\\\/\",\"url\":\"https:\\\/\\\/wawp.pl\\\/prezenty\\\/wp-content\\\/uploads\\\/2021\\\/11\\\/cropped-logo.png\",\"contentUrl\":\"https:\\\/\\\/wawp.pl\\\/prezenty\\\/wp-content\\\/uploads\\\/2021\\\/11\\\/cropped-logo.png\",\"width\":360,\"height\":137,\"caption\":\"Zestawy \u015awi\u0105teczne\"},\"image\":{\"@id\":\"https:\\\/\\\/wawp.pl\\\/prezenty\\\/#\\\/schema\\\/logo\\\/image\\\/\"}}]}<\/script>\n<!-- \/ Yoast SEO plugin. -->","yoast_head_json":{"title":"Bow Street: Zestaw prezentowy z alkoholem - Whisky irlandzka blended Jameson | Zestawy \u015awi\u0105teczne","description":"Zobacz produkt: Bow Street Zestaw prezentowy z alkoholem - Whisky irlandzka blended Jameson - dost\u0119pny online na Whisky and Wine Place wawp.pl\/prezenty !","robots":{"index":"index","follow":"follow","max-snippet":"max-snippet:-1","max-image-preview":"max-image-preview:large","max-video-preview":"max-video-preview:-1"},"canonical":"https:\/\/wawp.pl\/prezenty\/produkt\/bow-street-zestaw-prezentowy-z-alkoholem-whisky-irlandzka-blended-jameson\/","og_locale":"pl_PL","og_type":"article","og_title":"Bow Street: Zestaw prezentowy z alkoholem - Whisky irlandzka blended Jameson | Zestawy \u015awi\u0105teczne","og_description":"Zobacz produkt: Bow Street Zestaw prezentowy z alkoholem - Whisky irlandzka blended Jameson - dost\u0119pny online na Whisky and Wine Place wawp.pl\/prezenty !","og_url":"https:\/\/wawp.pl\/prezenty\/produkt\/bow-street-zestaw-prezentowy-z-alkoholem-whisky-irlandzka-blended-jameson\/","og_site_name":"Zestawy \u015awi\u0105teczne","article_modified_time":"2024-12-13T13:32:16+00:00","og_image":[{"width":1200,"height":1260,"url":"https:\/\/wawp.pl\/prezenty\/wp-content\/uploads\/2023\/07\/Bow-Street-Zestaw-prezentowy-z-alkoholem-whisky-irlandzka-blended-jameson.png","type":"image\/png"}],"twitter_card":"summary_large_image","schema":{"@context":"https:\/\/schema.org","@graph":[{"@type":"WebPage","@id":"https:\/\/wawp.pl\/prezenty\/produkt\/bow-street-zestaw-prezentowy-z-alkoholem-whisky-irlandzka-blended-jameson\/","url":"https:\/\/wawp.pl\/prezenty\/produkt\/bow-street-zestaw-prezentowy-z-alkoholem-whisky-irlandzka-blended-jameson\/","name":"Bow Street: Zestaw prezentowy z alkoholem - Whisky irlandzka blended Jameson | Zestawy \u015awi\u0105teczne","isPartOf":{"@id":"https:\/\/wawp.pl\/prezenty\/#website"},"primaryImageOfPage":{"@id":"https:\/\/wawp.pl\/prezenty\/produkt\/bow-street-zestaw-prezentowy-z-alkoholem-whisky-irlandzka-blended-jameson\/#primaryimage"},"image":{"@id":"https:\/\/wawp.pl\/prezenty\/produkt\/bow-street-zestaw-prezentowy-z-alkoholem-whisky-irlandzka-blended-jameson\/#primaryimage"},"thumbnailUrl":"https:\/\/wawp.pl\/prezenty\/wp-content\/uploads\/2023\/07\/Bow-Street-Zestaw-prezentowy-z-alkoholem-whisky-irlandzka-blended-jameson.png","datePublished":"2023-07-21T13:41:27+00:00","dateModified":"2024-12-13T13:32:16+00:00","description":"Zobacz produkt: Bow Street Zestaw prezentowy z alkoholem - Whisky irlandzka blended Jameson - dost\u0119pny online na Whisky and Wine Place wawp.pl\/prezenty !","breadcrumb":{"@id":"https:\/\/wawp.pl\/prezenty\/produkt\/bow-street-zestaw-prezentowy-z-alkoholem-whisky-irlandzka-blended-jameson\/#breadcrumb"},"inLanguage":"pl-PL","potentialAction":[{"@type":"ReadAction","target":["https:\/\/wawp.pl\/prezenty\/produkt\/bow-street-zestaw-prezentowy-z-alkoholem-whisky-irlandzka-blended-jameson\/"]}]},{"@type":"ImageObject","inLanguage":"pl-PL","@id":"https:\/\/wawp.pl\/prezenty\/produkt\/bow-street-zestaw-prezentowy-z-alkoholem-whisky-irlandzka-blended-jameson\/#primaryimage","url":"https:\/\/wawp.pl\/prezenty\/wp-content\/uploads\/2023\/07\/Bow-Street-Zestaw-prezentowy-z-alkoholem-whisky-irlandzka-blended-jameson.png","contentUrl":"https:\/\/wawp.pl\/prezenty\/wp-content\/uploads\/2023\/07\/Bow-Street-Zestaw-prezentowy-z-alkoholem-whisky-irlandzka-blended-jameson.png","width":1200,"height":1260},{"@type":"BreadcrumbList","@id":"https:\/\/wawp.pl\/prezenty\/produkt\/bow-street-zestaw-prezentowy-z-alkoholem-whisky-irlandzka-blended-jameson\/#breadcrumb","itemListElement":[{"@type":"ListItem","position":1,"name":"Strona g\u0142\u00f3wna","item":"https:\/\/wawp.pl\/prezenty\/"},{"@type":"ListItem","position":2,"name":"Shop","item":"https:\/\/wawp.pl\/prezenty\/shop\/"},{"@type":"ListItem","position":3,"name":"Bow Street"}]},{"@type":"WebSite","@id":"https:\/\/wawp.pl\/prezenty\/#website","url":"https:\/\/wawp.pl\/prezenty\/","name":"Zestawy \u015awi\u0105teczne","description":"Kosze \u015awi\u0105teczne, Podarunkowe, Prezentowe","publisher":{"@id":"https:\/\/wawp.pl\/prezenty\/#organization"},"potentialAction":[{"@type":"SearchAction","target":{"@type":"EntryPoint","urlTemplate":"https:\/\/wawp.pl\/prezenty\/?s={search_term_string}"},"query-input":{"@type":"PropertyValueSpecification","valueRequired":true,"valueName":"search_term_string"}}],"inLanguage":"pl-PL"},{"@type":"Organization","@id":"https:\/\/wawp.pl\/prezenty\/#organization","name":"Zestawy \u015awi\u0105teczne","url":"https:\/\/wawp.pl\/prezenty\/","logo":{"@type":"ImageObject","inLanguage":"pl-PL","@id":"https:\/\/wawp.pl\/prezenty\/#\/schema\/logo\/image\/","url":"https:\/\/wawp.pl\/prezenty\/wp-content\/uploads\/2021\/11\/cropped-logo.png","contentUrl":"https:\/\/wawp.pl\/prezenty\/wp-content\/uploads\/2021\/11\/cropped-logo.png","width":360,"height":137,"caption":"Zestawy \u015awi\u0105teczne"},"image":{"@id":"https:\/\/wawp.pl\/prezenty\/#\/schema\/logo\/image\/"}}]}},"_links":{"self":[{"href":"https:\/\/wawp.pl\/prezenty\/wp-json\/wp\/v2\/product\/2140","targetHints":{"allow":["GET"]}}],"collection":[{"href":"https:\/\/wawp.pl\/prezenty\/wp-json\/wp\/v2\/product"}],"about":[{"href":"https:\/\/wawp.pl\/prezenty\/wp-json\/wp\/v2\/types\/product"}],"wp:featuredmedia":[{"embeddable":true,"href":"https:\/\/wawp.pl\/prezenty\/wp-json\/wp\/v2\/media\/2108"}],"wp:attachment":[{"href":"https:\/\/wawp.pl\/prezenty\/wp-json\/wp\/v2\/media?parent=2140"}],"wp:term":[{"taxonomy":"product_brand","embeddable":true,"href":"https:\/\/wawp.pl\/prezenty\/wp-json\/wp\/v2\/product_brand?post=2140"},{"taxonomy":"product_cat","embeddable":true,"href":"https:\/\/wawp.pl\/prezenty\/wp-json\/wp\/v2\/product_cat?post=2140"},{"taxonomy":"product_tag","embeddable":true,"href":"https:\/\/wawp.pl\/prezenty\/wp-json\/wp\/v2\/product_tag?post=2140"}],"curies":[{"name":"wp","href":"https:\/\/api.w.org\/{rel}","templated":true}]}}