{"id":2126,"date":"2023-07-21T13:10:16","date_gmt":"2023-07-21T13:10:16","guid":{"rendered":"https:\/\/wawp.pl\/prezenty\/?post_type=product&#038;p=2126"},"modified":"2024-12-13T13:32:16","modified_gmt":"2024-12-13T13:32:16","slug":"bezalkoholowa-elegancja-zestaw-prezentowy-ze-slodyczami-konfitury-czekolady-praliny-bomboniery","status":"publish","type":"product","link":"https:\/\/wawp.pl\/prezenty\/produkt\/bezalkoholowa-elegancja-zestaw-prezentowy-ze-slodyczami-konfitury-czekolady-praliny-bomboniery\/","title":{"rendered":"Bezalkoholowa elegancja"},"content":{"rendered":"","protected":false},"excerpt":{"rendered":"<p>Zestaw upominkowy Bezalkoholowa elegancja przygotowany jest z my\u015bl\u0105 o tych co nie chc\u0105 lub nie mog\u0105 spo\u017cywa\u0107 trunk\u00f3w wyskokowych. Kosz prezentowy sk\u0142ada si\u0119 ze starannie wyselekcjonowanych delikates\u00f3w zdolnych zaspokoi\u0107 nawet najbardziej wysublimowane gusta. Ca\u0142o\u015b\u0107 skomponowana w stonowanej i mi\u0142ej dla oka kolorystyce.<\/p>\n<p>&nbsp;<\/p>\n<p>Czekolada z rzemie\u015blniczej pasieki \u0141yso\u0144 z dodatkiem miodu gryczanego i orzech\u00f3w w\u0142oskich. 110g<\/p>\n<p>Kopernik Pierniki z whisky to niebanalny dodatek rozwijaj\u0105cy koncepcj\u0119 ca\u0142ego zestawu. Wype\u0142nione pomara\u0144czowym nadzieniem pierniczki przygotowane s\u0105 z ciasta poddanemu procesowi le\u017cakowania wraz z whisky. 278g<\/p>\n<p>Bombonierka Hamlet to belgijskie czekoladki z nadzieniem o r\u00f3\u017cnych smakach. Elegancko opakowane i kolorystycznie nawi\u0105zuj\u0105ce do pozosta\u0142ych element\u00f3w zestawu. 125g<\/p>\n<p>Rabitos Royale to figi w belgijskiej czekoladzie uznawane za jeden z najwykwintniejszych przysmak\u00f3w na \u015bwiecie. 47g<\/p>\n<p>Davidoff Fine Aroma to mielona kawa wyprodukowana w 100% z ziaren arabiki uprawianej wysoko w g\u00f3rach. Dost\u0119p do unikalnego klimatu oraz gleb pozwala im rozwin\u0105\u0107 wyj\u0105tkowe walory zapachowe i smakowe. Davidoff Fine Aroma posiada \u0142agodny owocowy aromat zbalansowany, kwasowo-goryczkowy smak co czyni j\u0105 bardzo uniwersalnym podarunkiem zar\u00f3wno dla koneser\u00f3w kawy, jak i mniej do\u015bwiadczonych mi\u0142o\u015bnik\u00f3w tego pobudzaj\u0105cego naparu. 250g<\/p>\n<p>Konfitura Wi\u015bniowa Cherry Tree to polski wyr\u00f3b manufakturowy powstaj\u0105cy w ma\u0142ych partiach ze staranie wyselekcjonowanych, wielkopolskich owoc\u00f3w. Smako\u0142yk nie zawiera jest w 100% naturalny i nie zawiera konserwant\u00f3w ani GMO. 235g<\/p>\n<p>\u015awieca z naturalnego wosku pszczelego to niebanalny dodatek, kt\u00f3ry doda nastroju przy degustacji smako\u0142yk\u00f3w zawartych w zestawie upominkowym. 175g<\/p>\n<p>Opakowanie to mi\u0142e dla oka i dotyku tekturowe pude\u0142ko.\u00a0 Mi\u0119kka i estetyczna wy\u015bci\u00f3\u0142ka zapewnia bezpiecze\u0144stwo szklanym elementom zestawu. Wieko pude\u0142ka przewi\u0105zane nawi\u0105zuj\u0105c\u0105 do kolorystyki zestawu wst\u0105\u017ck\u0105. Ca\u0142o\u015b\u0107 przyjazna \u015brodowisku i podlegaj\u0105ca recyklingowi.<\/p>\n","protected":false},"featured_media":2106,"template":"","meta":{"_acf_changed":false},"product_brand":[],"product_cat":[33],"product_tag":[],"class_list":{"0":"post-2126","1":"product","2":"type-product","3":"status-publish","4":"has-post-thumbnail","6":"product_cat-zestawy-upominkowe","8":"first","9":"outofstock","10":"purchasable","11":"product-type-simple"},"acf":[],"yoast_head":"<!-- This site is optimized with the Yoast SEO plugin v27.3 - https:\/\/yoast.com\/product\/yoast-seo-wordpress\/ -->\n<title>Bezalkoholowa elegancja: Zestaw prezentowy ze s\u0142odyczami - Konfitury czekolady praliny bomboniery | Zestawy \u015awi\u0105teczne<\/title>\n<meta name=\"description\" content=\"Zobacz produkt: Bezalkoholowa elegancja Zestaw prezentowy ze s\u0142odyczami - Konfitury czekolady praliny bomboniery - dost\u0119pny online na Whisky and Wine Place wawp.pl\/prezenty !\" \/>\n<meta name=\"robots\" content=\"index, follow, max-snippet:-1, max-image-preview:large, max-video-preview:-1\" \/>\n<link rel=\"canonical\" href=\"https:\/\/wawp.pl\/prezenty\/produkt\/bezalkoholowa-elegancja-zestaw-prezentowy-ze-slodyczami-konfitury-czekolady-praliny-bomboniery\/\" \/>\n<meta property=\"og:locale\" content=\"pl_PL\" \/>\n<meta property=\"og:type\" content=\"article\" \/>\n<meta property=\"og:title\" content=\"Bezalkoholowa elegancja: Zestaw prezentowy ze s\u0142odyczami - Konfitury czekolady praliny bomboniery | Zestawy \u015awi\u0105teczne\" \/>\n<meta property=\"og:description\" content=\"Zobacz produkt: Bezalkoholowa elegancja Zestaw prezentowy ze s\u0142odyczami - Konfitury czekolady praliny bomboniery - dost\u0119pny online na Whisky and Wine Place wawp.pl\/prezenty !\" \/>\n<meta property=\"og:url\" content=\"https:\/\/wawp.pl\/prezenty\/produkt\/bezalkoholowa-elegancja-zestaw-prezentowy-ze-slodyczami-konfitury-czekolady-praliny-bomboniery\/\" \/>\n<meta property=\"og:site_name\" content=\"Zestawy \u015awi\u0105teczne\" \/>\n<meta property=\"article:modified_time\" content=\"2024-12-13T13:32:16+00:00\" \/>\n<meta property=\"og:image\" content=\"https:\/\/wawp.pl\/prezenty\/wp-content\/uploads\/2023\/07\/Bezalkoholowa-Elegancja-Zestaw-prezentowy-ze-slodyczami-Konfitury-czekolady-praliny-bomboniery.png\" \/>\n\t<meta property=\"og:image:width\" content=\"1200\" \/>\n\t<meta property=\"og:image:height\" content=\"1260\" \/>\n\t<meta property=\"og:image:type\" content=\"image\/png\" \/>\n<meta name=\"twitter:card\" content=\"summary_large_image\" \/>\n<script type=\"application\/ld+json\" class=\"yoast-schema-graph\">{\"@context\":\"https:\\\/\\\/schema.org\",\"@graph\":[{\"@type\":\"WebPage\",\"@id\":\"https:\\\/\\\/wawp.pl\\\/prezenty\\\/produkt\\\/bezalkoholowa-elegancja-zestaw-prezentowy-ze-slodyczami-konfitury-czekolady-praliny-bomboniery\\\/\",\"url\":\"https:\\\/\\\/wawp.pl\\\/prezenty\\\/produkt\\\/bezalkoholowa-elegancja-zestaw-prezentowy-ze-slodyczami-konfitury-czekolady-praliny-bomboniery\\\/\",\"name\":\"Bezalkoholowa elegancja: Zestaw prezentowy ze s\u0142odyczami - Konfitury czekolady praliny bomboniery | Zestawy \u015awi\u0105teczne\",\"isPartOf\":{\"@id\":\"https:\\\/\\\/wawp.pl\\\/prezenty\\\/#website\"},\"primaryImageOfPage\":{\"@id\":\"https:\\\/\\\/wawp.pl\\\/prezenty\\\/produkt\\\/bezalkoholowa-elegancja-zestaw-prezentowy-ze-slodyczami-konfitury-czekolady-praliny-bomboniery\\\/#primaryimage\"},\"image\":{\"@id\":\"https:\\\/\\\/wawp.pl\\\/prezenty\\\/produkt\\\/bezalkoholowa-elegancja-zestaw-prezentowy-ze-slodyczami-konfitury-czekolady-praliny-bomboniery\\\/#primaryimage\"},\"thumbnailUrl\":\"https:\\\/\\\/wawp.pl\\\/prezenty\\\/wp-content\\\/uploads\\\/2023\\\/07\\\/Bezalkoholowa-Elegancja-Zestaw-prezentowy-ze-slodyczami-Konfitury-czekolady-praliny-bomboniery.png\",\"datePublished\":\"2023-07-21T13:10:16+00:00\",\"dateModified\":\"2024-12-13T13:32:16+00:00\",\"description\":\"Zobacz produkt: Bezalkoholowa elegancja Zestaw prezentowy ze s\u0142odyczami - Konfitury czekolady praliny bomboniery - dost\u0119pny online na Whisky and Wine Place wawp.pl\\\/prezenty !\",\"breadcrumb\":{\"@id\":\"https:\\\/\\\/wawp.pl\\\/prezenty\\\/produkt\\\/bezalkoholowa-elegancja-zestaw-prezentowy-ze-slodyczami-konfitury-czekolady-praliny-bomboniery\\\/#breadcrumb\"},\"inLanguage\":\"pl-PL\",\"potentialAction\":[{\"@type\":\"ReadAction\",\"target\":[\"https:\\\/\\\/wawp.pl\\\/prezenty\\\/produkt\\\/bezalkoholowa-elegancja-zestaw-prezentowy-ze-slodyczami-konfitury-czekolady-praliny-bomboniery\\\/\"]}]},{\"@type\":\"ImageObject\",\"inLanguage\":\"pl-PL\",\"@id\":\"https:\\\/\\\/wawp.pl\\\/prezenty\\\/produkt\\\/bezalkoholowa-elegancja-zestaw-prezentowy-ze-slodyczami-konfitury-czekolady-praliny-bomboniery\\\/#primaryimage\",\"url\":\"https:\\\/\\\/wawp.pl\\\/prezenty\\\/wp-content\\\/uploads\\\/2023\\\/07\\\/Bezalkoholowa-Elegancja-Zestaw-prezentowy-ze-slodyczami-Konfitury-czekolady-praliny-bomboniery.png\",\"contentUrl\":\"https:\\\/\\\/wawp.pl\\\/prezenty\\\/wp-content\\\/uploads\\\/2023\\\/07\\\/Bezalkoholowa-Elegancja-Zestaw-prezentowy-ze-slodyczami-Konfitury-czekolady-praliny-bomboniery.png\",\"width\":1200,\"height\":1260},{\"@type\":\"BreadcrumbList\",\"@id\":\"https:\\\/\\\/wawp.pl\\\/prezenty\\\/produkt\\\/bezalkoholowa-elegancja-zestaw-prezentowy-ze-slodyczami-konfitury-czekolady-praliny-bomboniery\\\/#breadcrumb\",\"itemListElement\":[{\"@type\":\"ListItem\",\"position\":1,\"name\":\"Strona g\u0142\u00f3wna\",\"item\":\"https:\\\/\\\/wawp.pl\\\/prezenty\\\/\"},{\"@type\":\"ListItem\",\"position\":2,\"name\":\"Shop\",\"item\":\"https:\\\/\\\/wawp.pl\\\/prezenty\\\/shop\\\/\"},{\"@type\":\"ListItem\",\"position\":3,\"name\":\"Bezalkoholowa elegancja\"}]},{\"@type\":\"WebSite\",\"@id\":\"https:\\\/\\\/wawp.pl\\\/prezenty\\\/#website\",\"url\":\"https:\\\/\\\/wawp.pl\\\/prezenty\\\/\",\"name\":\"Zestawy \u015awi\u0105teczne\",\"description\":\"Kosze \u015awi\u0105teczne, Podarunkowe, Prezentowe\",\"publisher\":{\"@id\":\"https:\\\/\\\/wawp.pl\\\/prezenty\\\/#organization\"},\"potentialAction\":[{\"@type\":\"SearchAction\",\"target\":{\"@type\":\"EntryPoint\",\"urlTemplate\":\"https:\\\/\\\/wawp.pl\\\/prezenty\\\/?s={search_term_string}\"},\"query-input\":{\"@type\":\"PropertyValueSpecification\",\"valueRequired\":true,\"valueName\":\"search_term_string\"}}],\"inLanguage\":\"pl-PL\"},{\"@type\":\"Organization\",\"@id\":\"https:\\\/\\\/wawp.pl\\\/prezenty\\\/#organization\",\"name\":\"Zestawy \u015awi\u0105teczne\",\"url\":\"https:\\\/\\\/wawp.pl\\\/prezenty\\\/\",\"logo\":{\"@type\":\"ImageObject\",\"inLanguage\":\"pl-PL\",\"@id\":\"https:\\\/\\\/wawp.pl\\\/prezenty\\\/#\\\/schema\\\/logo\\\/image\\\/\",\"url\":\"https:\\\/\\\/wawp.pl\\\/prezenty\\\/wp-content\\\/uploads\\\/2021\\\/11\\\/cropped-logo.png\",\"contentUrl\":\"https:\\\/\\\/wawp.pl\\\/prezenty\\\/wp-content\\\/uploads\\\/2021\\\/11\\\/cropped-logo.png\",\"width\":360,\"height\":137,\"caption\":\"Zestawy \u015awi\u0105teczne\"},\"image\":{\"@id\":\"https:\\\/\\\/wawp.pl\\\/prezenty\\\/#\\\/schema\\\/logo\\\/image\\\/\"}}]}<\/script>\n<!-- \/ Yoast SEO plugin. -->","yoast_head_json":{"title":"Bezalkoholowa elegancja: Zestaw prezentowy ze s\u0142odyczami - Konfitury czekolady praliny bomboniery | Zestawy \u015awi\u0105teczne","description":"Zobacz produkt: Bezalkoholowa elegancja Zestaw prezentowy ze s\u0142odyczami - Konfitury czekolady praliny bomboniery - dost\u0119pny online na Whisky and Wine Place wawp.pl\/prezenty !","robots":{"index":"index","follow":"follow","max-snippet":"max-snippet:-1","max-image-preview":"max-image-preview:large","max-video-preview":"max-video-preview:-1"},"canonical":"https:\/\/wawp.pl\/prezenty\/produkt\/bezalkoholowa-elegancja-zestaw-prezentowy-ze-slodyczami-konfitury-czekolady-praliny-bomboniery\/","og_locale":"pl_PL","og_type":"article","og_title":"Bezalkoholowa elegancja: Zestaw prezentowy ze s\u0142odyczami - Konfitury czekolady praliny bomboniery | Zestawy \u015awi\u0105teczne","og_description":"Zobacz produkt: Bezalkoholowa elegancja Zestaw prezentowy ze s\u0142odyczami - Konfitury czekolady praliny bomboniery - dost\u0119pny online na Whisky and Wine Place wawp.pl\/prezenty !","og_url":"https:\/\/wawp.pl\/prezenty\/produkt\/bezalkoholowa-elegancja-zestaw-prezentowy-ze-slodyczami-konfitury-czekolady-praliny-bomboniery\/","og_site_name":"Zestawy \u015awi\u0105teczne","article_modified_time":"2024-12-13T13:32:16+00:00","og_image":[{"width":1200,"height":1260,"url":"https:\/\/wawp.pl\/prezenty\/wp-content\/uploads\/2023\/07\/Bezalkoholowa-Elegancja-Zestaw-prezentowy-ze-slodyczami-Konfitury-czekolady-praliny-bomboniery.png","type":"image\/png"}],"twitter_card":"summary_large_image","schema":{"@context":"https:\/\/schema.org","@graph":[{"@type":"WebPage","@id":"https:\/\/wawp.pl\/prezenty\/produkt\/bezalkoholowa-elegancja-zestaw-prezentowy-ze-slodyczami-konfitury-czekolady-praliny-bomboniery\/","url":"https:\/\/wawp.pl\/prezenty\/produkt\/bezalkoholowa-elegancja-zestaw-prezentowy-ze-slodyczami-konfitury-czekolady-praliny-bomboniery\/","name":"Bezalkoholowa elegancja: Zestaw prezentowy ze s\u0142odyczami - Konfitury czekolady praliny bomboniery | Zestawy \u015awi\u0105teczne","isPartOf":{"@id":"https:\/\/wawp.pl\/prezenty\/#website"},"primaryImageOfPage":{"@id":"https:\/\/wawp.pl\/prezenty\/produkt\/bezalkoholowa-elegancja-zestaw-prezentowy-ze-slodyczami-konfitury-czekolady-praliny-bomboniery\/#primaryimage"},"image":{"@id":"https:\/\/wawp.pl\/prezenty\/produkt\/bezalkoholowa-elegancja-zestaw-prezentowy-ze-slodyczami-konfitury-czekolady-praliny-bomboniery\/#primaryimage"},"thumbnailUrl":"https:\/\/wawp.pl\/prezenty\/wp-content\/uploads\/2023\/07\/Bezalkoholowa-Elegancja-Zestaw-prezentowy-ze-slodyczami-Konfitury-czekolady-praliny-bomboniery.png","datePublished":"2023-07-21T13:10:16+00:00","dateModified":"2024-12-13T13:32:16+00:00","description":"Zobacz produkt: Bezalkoholowa elegancja Zestaw prezentowy ze s\u0142odyczami - Konfitury czekolady praliny bomboniery - dost\u0119pny online na Whisky and Wine Place wawp.pl\/prezenty !","breadcrumb":{"@id":"https:\/\/wawp.pl\/prezenty\/produkt\/bezalkoholowa-elegancja-zestaw-prezentowy-ze-slodyczami-konfitury-czekolady-praliny-bomboniery\/#breadcrumb"},"inLanguage":"pl-PL","potentialAction":[{"@type":"ReadAction","target":["https:\/\/wawp.pl\/prezenty\/produkt\/bezalkoholowa-elegancja-zestaw-prezentowy-ze-slodyczami-konfitury-czekolady-praliny-bomboniery\/"]}]},{"@type":"ImageObject","inLanguage":"pl-PL","@id":"https:\/\/wawp.pl\/prezenty\/produkt\/bezalkoholowa-elegancja-zestaw-prezentowy-ze-slodyczami-konfitury-czekolady-praliny-bomboniery\/#primaryimage","url":"https:\/\/wawp.pl\/prezenty\/wp-content\/uploads\/2023\/07\/Bezalkoholowa-Elegancja-Zestaw-prezentowy-ze-slodyczami-Konfitury-czekolady-praliny-bomboniery.png","contentUrl":"https:\/\/wawp.pl\/prezenty\/wp-content\/uploads\/2023\/07\/Bezalkoholowa-Elegancja-Zestaw-prezentowy-ze-slodyczami-Konfitury-czekolady-praliny-bomboniery.png","width":1200,"height":1260},{"@type":"BreadcrumbList","@id":"https:\/\/wawp.pl\/prezenty\/produkt\/bezalkoholowa-elegancja-zestaw-prezentowy-ze-slodyczami-konfitury-czekolady-praliny-bomboniery\/#breadcrumb","itemListElement":[{"@type":"ListItem","position":1,"name":"Strona g\u0142\u00f3wna","item":"https:\/\/wawp.pl\/prezenty\/"},{"@type":"ListItem","position":2,"name":"Shop","item":"https:\/\/wawp.pl\/prezenty\/shop\/"},{"@type":"ListItem","position":3,"name":"Bezalkoholowa elegancja"}]},{"@type":"WebSite","@id":"https:\/\/wawp.pl\/prezenty\/#website","url":"https:\/\/wawp.pl\/prezenty\/","name":"Zestawy \u015awi\u0105teczne","description":"Kosze \u015awi\u0105teczne, Podarunkowe, Prezentowe","publisher":{"@id":"https:\/\/wawp.pl\/prezenty\/#organization"},"potentialAction":[{"@type":"SearchAction","target":{"@type":"EntryPoint","urlTemplate":"https:\/\/wawp.pl\/prezenty\/?s={search_term_string}"},"query-input":{"@type":"PropertyValueSpecification","valueRequired":true,"valueName":"search_term_string"}}],"inLanguage":"pl-PL"},{"@type":"Organization","@id":"https:\/\/wawp.pl\/prezenty\/#organization","name":"Zestawy \u015awi\u0105teczne","url":"https:\/\/wawp.pl\/prezenty\/","logo":{"@type":"ImageObject","inLanguage":"pl-PL","@id":"https:\/\/wawp.pl\/prezenty\/#\/schema\/logo\/image\/","url":"https:\/\/wawp.pl\/prezenty\/wp-content\/uploads\/2021\/11\/cropped-logo.png","contentUrl":"https:\/\/wawp.pl\/prezenty\/wp-content\/uploads\/2021\/11\/cropped-logo.png","width":360,"height":137,"caption":"Zestawy \u015awi\u0105teczne"},"image":{"@id":"https:\/\/wawp.pl\/prezenty\/#\/schema\/logo\/image\/"}}]}},"_links":{"self":[{"href":"https:\/\/wawp.pl\/prezenty\/wp-json\/wp\/v2\/product\/2126","targetHints":{"allow":["GET"]}}],"collection":[{"href":"https:\/\/wawp.pl\/prezenty\/wp-json\/wp\/v2\/product"}],"about":[{"href":"https:\/\/wawp.pl\/prezenty\/wp-json\/wp\/v2\/types\/product"}],"wp:featuredmedia":[{"embeddable":true,"href":"https:\/\/wawp.pl\/prezenty\/wp-json\/wp\/v2\/media\/2106"}],"wp:attachment":[{"href":"https:\/\/wawp.pl\/prezenty\/wp-json\/wp\/v2\/media?parent=2126"}],"wp:term":[{"taxonomy":"product_brand","embeddable":true,"href":"https:\/\/wawp.pl\/prezenty\/wp-json\/wp\/v2\/product_brand?post=2126"},{"taxonomy":"product_cat","embeddable":true,"href":"https:\/\/wawp.pl\/prezenty\/wp-json\/wp\/v2\/product_cat?post=2126"},{"taxonomy":"product_tag","embeddable":true,"href":"https:\/\/wawp.pl\/prezenty\/wp-json\/wp\/v2\/product_tag?post=2126"}],"curies":[{"name":"wp","href":"https:\/\/api.w.org\/{rel}","templated":true}]}}