{"id":2080,"date":"2023-06-23T15:03:32","date_gmt":"2023-06-23T15:03:32","guid":{"rendered":"https:\/\/wawp.pl\/prezenty\/?post_type=product&#038;p=2080"},"modified":"2024-11-14T14:04:26","modified_gmt":"2024-11-14T14:04:26","slug":"zestaw-prezentowy-z-alkoholem-whisky-szkocka-blended-johnnie-walker","status":"publish","type":"product","link":"https:\/\/wawp.pl\/prezenty\/produkt\/zestaw-prezentowy-z-alkoholem-whisky-szkocka-blended-johnnie-walker\/","title":{"rendered":"Ponadczasowa Klasyka"},"content":{"rendered":"","protected":false},"excerpt":{"rendered":"<p>Zestaw upominkowy z alkoholem <strong>Ponadczasowa Klasyka<\/strong> idealnie nada si\u0119 na podarunek z okazji dnia ojca lub dziadka. Wewn\u0105trz ozdobnego pude\u0142ka zamkni\u0119ta jest legenda \u015bwiata whisky \u2013 Johnnie Walker kt\u00f3ra dla wielu oznacza synonim luksusu. Ponadto w sk\u0142ad zestawu wchodzi mnogo\u015b\u0107 dodatk\u00f3w powi\u0105zanych z tym szlachetnym, Szkockim trunkiem.<\/p>\n<p>Kosz podarunkowy Ponadczasowa klasyka skierowany jest do tradycjonalist\u00f3w, kt\u00f3rzy wybieraj\u0105 sprawdzone od lat marki \u2013 takie jak <strong>Johnnie Walker Red Label<\/strong>. To whisky kt\u00f3ra od dekad u\u015bwietnia towarzyskie spotkania na ca\u0142ym \u015bwiecie dorabiaj\u0105c si\u0119 przy tym statusu kultowej. Wyr\u00f3\u017cnia si\u0119 delikatnym aromatem i s\u0142odkim ale nie pozbawionym prze\u0142amuj\u0105cej pikantno\u015bci smakiem.<\/p>\n<p><strong>Torcik Wedlowski<\/strong> to polska klasyka wchodz\u0105ca w sk\u0142ad wszelkich zestaw\u00f3w prezentowych od wielu lat. Wr\u0119czaj\u0105c ten wype\u0142niony czekoladowym nadzieniem i oblany mleczn\u0105 czekolad\u0105, s\u0142usznych rozmiar\u00f3w okr\u0105g nie pozostawiamy w\u0105tpliwo\u015bci o naszej sympatii do obdarowanego. 250g<\/p>\n<p><strong>Cheers Likwory<\/strong> to czekoladowe praliny z nadzieniem o smaku whisky opakowane w efektown\u0105 tub\u0119. 150g<\/p>\n<p><strong>Delicadore Cherry<\/strong> to zestaw ma\u0142ych czekoladowych sztabek wype\u0142nionych nadzieniem o smaku wi\u015bniowego likieru. 200g<\/p>\n<p><strong>Kopernik Pierniki z whisky<\/strong> to niebanalny dodatek rozwijaj\u0105cy koncept ca\u0142ego zestawu. Wype\u0142nione pomara\u0144czowym nadzieniem pierniczki przygotowane s\u0105 z ciasta poddanemu procesowi le\u017cakowania wraz whisky. 278g<\/p>\n<p><strong>Walkers<\/strong> to kruche ma\u015blane ciasteczka o intensywnym aromacie i smaku. Tradycja ich wypieku \u015bci\u015ble powi\u0105zana jest ze Szkocj\u0105 gdzie cz\u0119sto stanowi\u0105 one dodatek to popijania whisky. 150g<\/p>\n<p>Opakowanie to mi\u0142e dla oka i dotyku tekturowe pude\u0142ko.\u00a0 Mi\u0119kka i estetyczna wy\u015bci\u00f3\u0142ka zapewnia bezpiecze\u0144stwo szklanym elementom zestawu. Wieko pude\u0142ka przewi\u0105zane nawi\u0105zuj\u0105c\u0105 do kolorystyki zestawu wst\u0105\u017ck\u0105. Ca\u0142o\u015b\u0107 przyjazna \u015brodowisku i podlegaj\u0105ca recyklingowi.<\/p>\n<p>&nbsp;<\/p>\n","protected":false},"featured_media":2069,"template":"","meta":{"_acf_changed":false},"product_brand":[],"product_cat":[33],"product_tag":[],"class_list":{"0":"post-2080","1":"product","2":"type-product","3":"status-publish","4":"has-post-thumbnail","6":"product_cat-zestawy-upominkowe","8":"first","9":"outofstock","10":"purchasable","11":"product-type-simple"},"acf":[],"yoast_head":"<!-- This site is optimized with the Yoast SEO plugin v27.3 - https:\/\/yoast.com\/product\/yoast-seo-wordpress\/ -->\n<title>Ponadczasowa Klasyka: Zestaw prezentowy z alkoholem - Whisky Szkocka Blended Johnnie Walker | Zestawy \u015awi\u0105teczne<\/title>\n<meta name=\"description\" content=\"Zobacz produkt: Ponadczasowa Klasyka Zestaw prezentowy z alkoholem - Whisky Szkocka Blended Johnnie Walker - dost\u0119pny online na Whisky and Wine Place wawp.pl\/prezenty !\" \/>\n<meta name=\"robots\" content=\"index, follow, max-snippet:-1, max-image-preview:large, max-video-preview:-1\" \/>\n<link rel=\"canonical\" href=\"https:\/\/wawp.pl\/prezenty\/produkt\/zestaw-prezentowy-z-alkoholem-whisky-szkocka-blended-johnnie-walker\/\" \/>\n<meta property=\"og:locale\" content=\"pl_PL\" \/>\n<meta property=\"og:type\" content=\"article\" \/>\n<meta property=\"og:title\" content=\"Ponadczasowa Klasyka: Zestaw prezentowy z alkoholem - Whisky Szkocka Blended Johnnie Walker | Zestawy \u015awi\u0105teczne\" \/>\n<meta property=\"og:description\" content=\"Zobacz produkt: Ponadczasowa Klasyka Zestaw prezentowy z alkoholem - Whisky Szkocka Blended Johnnie Walker - dost\u0119pny online na Whisky and Wine Place wawp.pl\/prezenty !\" \/>\n<meta property=\"og:url\" content=\"https:\/\/wawp.pl\/prezenty\/produkt\/zestaw-prezentowy-z-alkoholem-whisky-szkocka-blended-johnnie-walker\/\" \/>\n<meta property=\"og:site_name\" content=\"Zestawy \u015awi\u0105teczne\" \/>\n<meta property=\"article:modified_time\" content=\"2024-11-14T14:04:26+00:00\" \/>\n<meta property=\"og:image\" content=\"https:\/\/wawp.pl\/prezenty\/wp-content\/uploads\/2023\/06\/Ponadczasowa-klasyka-zestaw-prezentowy-z-alkoholem-Whisky-Szkocka-Blended-Johnnie-Walker.png\" \/>\n\t<meta property=\"og:image:width\" content=\"1200\" \/>\n\t<meta property=\"og:image:height\" content=\"1200\" \/>\n\t<meta property=\"og:image:type\" content=\"image\/png\" \/>\n<meta name=\"twitter:card\" content=\"summary_large_image\" \/>\n<script type=\"application\/ld+json\" class=\"yoast-schema-graph\">{\"@context\":\"https:\\\/\\\/schema.org\",\"@graph\":[{\"@type\":\"WebPage\",\"@id\":\"https:\\\/\\\/wawp.pl\\\/prezenty\\\/produkt\\\/zestaw-prezentowy-z-alkoholem-whisky-szkocka-blended-johnnie-walker\\\/\",\"url\":\"https:\\\/\\\/wawp.pl\\\/prezenty\\\/produkt\\\/zestaw-prezentowy-z-alkoholem-whisky-szkocka-blended-johnnie-walker\\\/\",\"name\":\"Ponadczasowa Klasyka: Zestaw prezentowy z alkoholem - Whisky Szkocka Blended Johnnie Walker | Zestawy \u015awi\u0105teczne\",\"isPartOf\":{\"@id\":\"https:\\\/\\\/wawp.pl\\\/prezenty\\\/#website\"},\"primaryImageOfPage\":{\"@id\":\"https:\\\/\\\/wawp.pl\\\/prezenty\\\/produkt\\\/zestaw-prezentowy-z-alkoholem-whisky-szkocka-blended-johnnie-walker\\\/#primaryimage\"},\"image\":{\"@id\":\"https:\\\/\\\/wawp.pl\\\/prezenty\\\/produkt\\\/zestaw-prezentowy-z-alkoholem-whisky-szkocka-blended-johnnie-walker\\\/#primaryimage\"},\"thumbnailUrl\":\"https:\\\/\\\/wawp.pl\\\/prezenty\\\/wp-content\\\/uploads\\\/2023\\\/06\\\/Ponadczasowa-klasyka-zestaw-prezentowy-z-alkoholem-Whisky-Szkocka-Blended-Johnnie-Walker.png\",\"datePublished\":\"2023-06-23T15:03:32+00:00\",\"dateModified\":\"2024-11-14T14:04:26+00:00\",\"description\":\"Zobacz produkt: Ponadczasowa Klasyka Zestaw prezentowy z alkoholem - Whisky Szkocka Blended Johnnie Walker - dost\u0119pny online na Whisky and Wine Place wawp.pl\\\/prezenty !\",\"breadcrumb\":{\"@id\":\"https:\\\/\\\/wawp.pl\\\/prezenty\\\/produkt\\\/zestaw-prezentowy-z-alkoholem-whisky-szkocka-blended-johnnie-walker\\\/#breadcrumb\"},\"inLanguage\":\"pl-PL\",\"potentialAction\":[{\"@type\":\"ReadAction\",\"target\":[\"https:\\\/\\\/wawp.pl\\\/prezenty\\\/produkt\\\/zestaw-prezentowy-z-alkoholem-whisky-szkocka-blended-johnnie-walker\\\/\"]}]},{\"@type\":\"ImageObject\",\"inLanguage\":\"pl-PL\",\"@id\":\"https:\\\/\\\/wawp.pl\\\/prezenty\\\/produkt\\\/zestaw-prezentowy-z-alkoholem-whisky-szkocka-blended-johnnie-walker\\\/#primaryimage\",\"url\":\"https:\\\/\\\/wawp.pl\\\/prezenty\\\/wp-content\\\/uploads\\\/2023\\\/06\\\/Ponadczasowa-klasyka-zestaw-prezentowy-z-alkoholem-Whisky-Szkocka-Blended-Johnnie-Walker.png\",\"contentUrl\":\"https:\\\/\\\/wawp.pl\\\/prezenty\\\/wp-content\\\/uploads\\\/2023\\\/06\\\/Ponadczasowa-klasyka-zestaw-prezentowy-z-alkoholem-Whisky-Szkocka-Blended-Johnnie-Walker.png\",\"width\":1200,\"height\":1200},{\"@type\":\"BreadcrumbList\",\"@id\":\"https:\\\/\\\/wawp.pl\\\/prezenty\\\/produkt\\\/zestaw-prezentowy-z-alkoholem-whisky-szkocka-blended-johnnie-walker\\\/#breadcrumb\",\"itemListElement\":[{\"@type\":\"ListItem\",\"position\":1,\"name\":\"Strona g\u0142\u00f3wna\",\"item\":\"https:\\\/\\\/wawp.pl\\\/prezenty\\\/\"},{\"@type\":\"ListItem\",\"position\":2,\"name\":\"Shop\",\"item\":\"https:\\\/\\\/wawp.pl\\\/prezenty\\\/shop\\\/\"},{\"@type\":\"ListItem\",\"position\":3,\"name\":\"Ponadczasowa Klasyka\"}]},{\"@type\":\"WebSite\",\"@id\":\"https:\\\/\\\/wawp.pl\\\/prezenty\\\/#website\",\"url\":\"https:\\\/\\\/wawp.pl\\\/prezenty\\\/\",\"name\":\"Zestawy \u015awi\u0105teczne\",\"description\":\"Kosze \u015awi\u0105teczne, Podarunkowe, Prezentowe\",\"publisher\":{\"@id\":\"https:\\\/\\\/wawp.pl\\\/prezenty\\\/#organization\"},\"potentialAction\":[{\"@type\":\"SearchAction\",\"target\":{\"@type\":\"EntryPoint\",\"urlTemplate\":\"https:\\\/\\\/wawp.pl\\\/prezenty\\\/?s={search_term_string}\"},\"query-input\":{\"@type\":\"PropertyValueSpecification\",\"valueRequired\":true,\"valueName\":\"search_term_string\"}}],\"inLanguage\":\"pl-PL\"},{\"@type\":\"Organization\",\"@id\":\"https:\\\/\\\/wawp.pl\\\/prezenty\\\/#organization\",\"name\":\"Zestawy \u015awi\u0105teczne\",\"url\":\"https:\\\/\\\/wawp.pl\\\/prezenty\\\/\",\"logo\":{\"@type\":\"ImageObject\",\"inLanguage\":\"pl-PL\",\"@id\":\"https:\\\/\\\/wawp.pl\\\/prezenty\\\/#\\\/schema\\\/logo\\\/image\\\/\",\"url\":\"https:\\\/\\\/wawp.pl\\\/prezenty\\\/wp-content\\\/uploads\\\/2021\\\/11\\\/cropped-logo.png\",\"contentUrl\":\"https:\\\/\\\/wawp.pl\\\/prezenty\\\/wp-content\\\/uploads\\\/2021\\\/11\\\/cropped-logo.png\",\"width\":360,\"height\":137,\"caption\":\"Zestawy \u015awi\u0105teczne\"},\"image\":{\"@id\":\"https:\\\/\\\/wawp.pl\\\/prezenty\\\/#\\\/schema\\\/logo\\\/image\\\/\"}}]}<\/script>\n<!-- \/ Yoast SEO plugin. -->","yoast_head_json":{"title":"Ponadczasowa Klasyka: Zestaw prezentowy z alkoholem - Whisky Szkocka Blended Johnnie Walker | Zestawy \u015awi\u0105teczne","description":"Zobacz produkt: Ponadczasowa Klasyka Zestaw prezentowy z alkoholem - Whisky Szkocka Blended Johnnie Walker - dost\u0119pny online na Whisky and Wine Place wawp.pl\/prezenty !","robots":{"index":"index","follow":"follow","max-snippet":"max-snippet:-1","max-image-preview":"max-image-preview:large","max-video-preview":"max-video-preview:-1"},"canonical":"https:\/\/wawp.pl\/prezenty\/produkt\/zestaw-prezentowy-z-alkoholem-whisky-szkocka-blended-johnnie-walker\/","og_locale":"pl_PL","og_type":"article","og_title":"Ponadczasowa Klasyka: Zestaw prezentowy z alkoholem - Whisky Szkocka Blended Johnnie Walker | Zestawy \u015awi\u0105teczne","og_description":"Zobacz produkt: Ponadczasowa Klasyka Zestaw prezentowy z alkoholem - Whisky Szkocka Blended Johnnie Walker - dost\u0119pny online na Whisky and Wine Place wawp.pl\/prezenty !","og_url":"https:\/\/wawp.pl\/prezenty\/produkt\/zestaw-prezentowy-z-alkoholem-whisky-szkocka-blended-johnnie-walker\/","og_site_name":"Zestawy \u015awi\u0105teczne","article_modified_time":"2024-11-14T14:04:26+00:00","og_image":[{"width":1200,"height":1200,"url":"https:\/\/wawp.pl\/prezenty\/wp-content\/uploads\/2023\/06\/Ponadczasowa-klasyka-zestaw-prezentowy-z-alkoholem-Whisky-Szkocka-Blended-Johnnie-Walker.png","type":"image\/png"}],"twitter_card":"summary_large_image","schema":{"@context":"https:\/\/schema.org","@graph":[{"@type":"WebPage","@id":"https:\/\/wawp.pl\/prezenty\/produkt\/zestaw-prezentowy-z-alkoholem-whisky-szkocka-blended-johnnie-walker\/","url":"https:\/\/wawp.pl\/prezenty\/produkt\/zestaw-prezentowy-z-alkoholem-whisky-szkocka-blended-johnnie-walker\/","name":"Ponadczasowa Klasyka: Zestaw prezentowy z alkoholem - Whisky Szkocka Blended Johnnie Walker | Zestawy \u015awi\u0105teczne","isPartOf":{"@id":"https:\/\/wawp.pl\/prezenty\/#website"},"primaryImageOfPage":{"@id":"https:\/\/wawp.pl\/prezenty\/produkt\/zestaw-prezentowy-z-alkoholem-whisky-szkocka-blended-johnnie-walker\/#primaryimage"},"image":{"@id":"https:\/\/wawp.pl\/prezenty\/produkt\/zestaw-prezentowy-z-alkoholem-whisky-szkocka-blended-johnnie-walker\/#primaryimage"},"thumbnailUrl":"https:\/\/wawp.pl\/prezenty\/wp-content\/uploads\/2023\/06\/Ponadczasowa-klasyka-zestaw-prezentowy-z-alkoholem-Whisky-Szkocka-Blended-Johnnie-Walker.png","datePublished":"2023-06-23T15:03:32+00:00","dateModified":"2024-11-14T14:04:26+00:00","description":"Zobacz produkt: Ponadczasowa Klasyka Zestaw prezentowy z alkoholem - Whisky Szkocka Blended Johnnie Walker - dost\u0119pny online na Whisky and Wine Place wawp.pl\/prezenty !","breadcrumb":{"@id":"https:\/\/wawp.pl\/prezenty\/produkt\/zestaw-prezentowy-z-alkoholem-whisky-szkocka-blended-johnnie-walker\/#breadcrumb"},"inLanguage":"pl-PL","potentialAction":[{"@type":"ReadAction","target":["https:\/\/wawp.pl\/prezenty\/produkt\/zestaw-prezentowy-z-alkoholem-whisky-szkocka-blended-johnnie-walker\/"]}]},{"@type":"ImageObject","inLanguage":"pl-PL","@id":"https:\/\/wawp.pl\/prezenty\/produkt\/zestaw-prezentowy-z-alkoholem-whisky-szkocka-blended-johnnie-walker\/#primaryimage","url":"https:\/\/wawp.pl\/prezenty\/wp-content\/uploads\/2023\/06\/Ponadczasowa-klasyka-zestaw-prezentowy-z-alkoholem-Whisky-Szkocka-Blended-Johnnie-Walker.png","contentUrl":"https:\/\/wawp.pl\/prezenty\/wp-content\/uploads\/2023\/06\/Ponadczasowa-klasyka-zestaw-prezentowy-z-alkoholem-Whisky-Szkocka-Blended-Johnnie-Walker.png","width":1200,"height":1200},{"@type":"BreadcrumbList","@id":"https:\/\/wawp.pl\/prezenty\/produkt\/zestaw-prezentowy-z-alkoholem-whisky-szkocka-blended-johnnie-walker\/#breadcrumb","itemListElement":[{"@type":"ListItem","position":1,"name":"Strona g\u0142\u00f3wna","item":"https:\/\/wawp.pl\/prezenty\/"},{"@type":"ListItem","position":2,"name":"Shop","item":"https:\/\/wawp.pl\/prezenty\/shop\/"},{"@type":"ListItem","position":3,"name":"Ponadczasowa Klasyka"}]},{"@type":"WebSite","@id":"https:\/\/wawp.pl\/prezenty\/#website","url":"https:\/\/wawp.pl\/prezenty\/","name":"Zestawy \u015awi\u0105teczne","description":"Kosze \u015awi\u0105teczne, Podarunkowe, Prezentowe","publisher":{"@id":"https:\/\/wawp.pl\/prezenty\/#organization"},"potentialAction":[{"@type":"SearchAction","target":{"@type":"EntryPoint","urlTemplate":"https:\/\/wawp.pl\/prezenty\/?s={search_term_string}"},"query-input":{"@type":"PropertyValueSpecification","valueRequired":true,"valueName":"search_term_string"}}],"inLanguage":"pl-PL"},{"@type":"Organization","@id":"https:\/\/wawp.pl\/prezenty\/#organization","name":"Zestawy \u015awi\u0105teczne","url":"https:\/\/wawp.pl\/prezenty\/","logo":{"@type":"ImageObject","inLanguage":"pl-PL","@id":"https:\/\/wawp.pl\/prezenty\/#\/schema\/logo\/image\/","url":"https:\/\/wawp.pl\/prezenty\/wp-content\/uploads\/2021\/11\/cropped-logo.png","contentUrl":"https:\/\/wawp.pl\/prezenty\/wp-content\/uploads\/2021\/11\/cropped-logo.png","width":360,"height":137,"caption":"Zestawy \u015awi\u0105teczne"},"image":{"@id":"https:\/\/wawp.pl\/prezenty\/#\/schema\/logo\/image\/"}}]}},"_links":{"self":[{"href":"https:\/\/wawp.pl\/prezenty\/wp-json\/wp\/v2\/product\/2080","targetHints":{"allow":["GET"]}}],"collection":[{"href":"https:\/\/wawp.pl\/prezenty\/wp-json\/wp\/v2\/product"}],"about":[{"href":"https:\/\/wawp.pl\/prezenty\/wp-json\/wp\/v2\/types\/product"}],"wp:featuredmedia":[{"embeddable":true,"href":"https:\/\/wawp.pl\/prezenty\/wp-json\/wp\/v2\/media\/2069"}],"wp:attachment":[{"href":"https:\/\/wawp.pl\/prezenty\/wp-json\/wp\/v2\/media?parent=2080"}],"wp:term":[{"taxonomy":"product_brand","embeddable":true,"href":"https:\/\/wawp.pl\/prezenty\/wp-json\/wp\/v2\/product_brand?post=2080"},{"taxonomy":"product_cat","embeddable":true,"href":"https:\/\/wawp.pl\/prezenty\/wp-json\/wp\/v2\/product_cat?post=2080"},{"taxonomy":"product_tag","embeddable":true,"href":"https:\/\/wawp.pl\/prezenty\/wp-json\/wp\/v2\/product_tag?post=2080"}],"curies":[{"name":"wp","href":"https:\/\/api.w.org\/{rel}","templated":true}]}}