{"id":2078,"date":"2023-06-23T14:52:06","date_gmt":"2023-06-23T14:52:06","guid":{"rendered":"https:\/\/wawp.pl\/prezenty\/?post_type=product&#038;p=2078"},"modified":"2024-12-13T13:53:55","modified_gmt":"2024-12-13T13:53:55","slug":"koneser-whisky-zestaw-prezentowy-z-alkoholem-whisky-single-malt-szkocka-speyside-cardhu","status":"publish","type":"product","link":"https:\/\/wawp.pl\/prezenty\/produkt\/koneser-whisky-zestaw-prezentowy-z-alkoholem-whisky-single-malt-szkocka-speyside-cardhu\/","title":{"rendered":"Koneser Whisky"},"content":{"rendered":"","protected":false},"excerpt":{"rendered":"<p>Zestaw prezentowy <strong>Koneser Whisky<\/strong> zosta\u0142 skomponowany specjalnie z my\u015bl\u0105 o mi\u0142o\u015bnikach tego trunku. W ca\u0142o\u015bci utrzymany jest w konwencji mi\u0142o\u015bci i szacunku do tego prawdziwie kr\u00f3lewskiego alkoholu. W jego sk\u0142ad, opr\u00f3cz Single Malt Whisky Cardhu Gold Reserve, wchodz\u0105 jeszcze starannie wyselekcjonowane delikatesy, powi\u0105zane z trunkiem pod wzgl\u0119dem smakowym i aromatycznym. R\u00f3\u017cnorodno\u015b\u0107 niebanalnych dodatk\u00f3w oraz estetyczne opakowanie czyni\u0105 go wspania\u0142ym zestawem upominkowym dla ka\u017cdego konesera whisky klasy premium.<\/p>\n<p><strong>Cardhu Gold Reserve<\/strong> to szkocka Single Malt Whisky. Jest produkowana w regionie Speyside, uznawanego za zag\u0142\u0119bie produkcji tego trunku. Rozlewana jest do pi\u0119knych karafek, kt\u00f3re z powodzeniem mog\u0105 by\u0107 wykorzystane ponownie przez tw\u00f3rc\u00f3w domowych win, nalewek czy likier\u00f3w. Dzi\u0119ki niespiesznemu procesowi le\u017cakowania w d\u0119bowych beczkach alkohol nabiera kusz\u0105cego, z\u0142ocistego koloru. W smaku i aromacie dominuj\u0105 \u0142agodne akcenty owoc\u00f3w jab\u0142oni oraz gruszy przeplataj\u0105ce si\u0119 z nutami miodu, wanilii i cynamonu. 0,7L<\/p>\n<p><strong>Czekolada z rzemie\u015blniczej pasieki \u0141yso\u0144<\/strong> z dodatkiem miodu gryczanego i orzech\u00f3w w\u0142oskich znakomicie podbije miodowe akcenty whisky i prze\u0142amie s\u0142odycz delikatn\u0105 orzechow\u0105 goryczk\u0105. 110g<\/p>\n<p><strong>Zestaw przetwor\u00f3w z pasieki \u0141yso\u0144<\/strong> w czterech s\u0142oiczkach o wielu kulinarnych zastosowaniach. W\u015br\u00f3d nich przepyszne powid\u0142a truskawkowe i \u015bliwkowe oraz kremy arachidowy i czekoladowy. 4x50g<\/p>\n<p><strong>Zestaw pi\u0119ciu pralin<\/strong> stylizowanych na miniaturowe butelki whisky od znanych i powa\u017canych producent\u00f3w. 78g<\/p>\n<p><strong>Davidoff Fine Aroma<\/strong> to mielona kawa wyprodukowana w 100% z ziaren arabiki uprawianej wysoko w g\u00f3rach. Dost\u0119p do unikalnego klimatu oraz gleb pozwala im rozwin\u0105\u0107 wyj\u0105tkowe walory zapachowe i smakowe. Davidoff Fine Aroma posiada \u0142agodny owocowy aromat zbalansowany, kwasowo-goryczkowy smak co czyni j\u0105 bardzo uniwersalnym podarunkiem zar\u00f3wno dla koneser\u00f3w kawy, jak i mniej do\u015bwiadczonych mi\u0142o\u015bnik\u00f3w tego pobudzaj\u0105cego naparu. 250g<\/p>\n<p><strong>Musztarda z pieprzem i oczywi\u015bcie whisky<\/strong> to niebanalny, prze\u0142amuj\u0105cy s\u0142odycz dodatek do zestawu. Naturalna i niezawieraj\u0105ca \u017cadnych konserwant\u00f3w musztarda zosta\u0142a wyprodukowana z dba\u0142o\u015bci\u0105 o wszystkie aspekty kulinarnego rzemios\u0142a. Odnalezienie jej wewn\u0105trz zestawu upominkowego stanowi niema\u0142e zaskoczenie dla obdarowanego i czyni prezent wyj\u0105tkowym i godnym zapami\u0119tania.<\/p>\n<p>Opakowanie to mi\u0142e dla oka i dotyku tekturowe pude\u0142ko.\u00a0 Mi\u0119kka i estetyczna wy\u015bci\u00f3\u0142ka zapewnia bezpiecze\u0144stwo szklanym elementom zestawu. Wieko pude\u0142ka przewi\u0105zane nawi\u0105zuj\u0105c\u0105 do kolorystyki zestawu wst\u0105\u017ck\u0105. Ca\u0142o\u015b\u0107 przyjazna \u015brodowisku i podlegaj\u0105ca recyklingowi.<\/p>\n<p>&nbsp;<\/p>\n<p>&nbsp;<\/p>\n","protected":false},"featured_media":2065,"template":"","meta":{"_acf_changed":false},"product_brand":[],"product_cat":[33],"product_tag":[],"class_list":{"0":"post-2078","1":"product","2":"type-product","3":"status-publish","4":"has-post-thumbnail","6":"product_cat-zestawy-upominkowe","8":"first","9":"outofstock","10":"purchasable","11":"product-type-simple"},"acf":[],"yoast_head":"<!-- This site is optimized with the Yoast SEO plugin v27.3 - https:\/\/yoast.com\/product\/yoast-seo-wordpress\/ -->\n<title>Koneser Whisky: Zestaw prezentowy z alkoholem - Whisky single malt szkocka Speyside Cardhu | Zestawy \u015awi\u0105teczne<\/title>\n<meta name=\"description\" content=\"Zobacz produkt: Koneser Whisky Zestaw prezentowy z alkoholem - Whisky single malt szkocka Speyside Cardhu - dost\u0119pny online na Whisky and Wine Place wawp.pl\/prezenty !\" \/>\n<meta name=\"robots\" content=\"index, follow, max-snippet:-1, max-image-preview:large, max-video-preview:-1\" \/>\n<link rel=\"canonical\" href=\"https:\/\/wawp.pl\/prezenty\/produkt\/koneser-whisky-zestaw-prezentowy-z-alkoholem-whisky-single-malt-szkocka-speyside-cardhu\/\" \/>\n<meta property=\"og:locale\" content=\"pl_PL\" \/>\n<meta property=\"og:type\" content=\"article\" \/>\n<meta property=\"og:title\" content=\"Koneser Whisky: Zestaw prezentowy z alkoholem - Whisky single malt szkocka Speyside Cardhu | Zestawy \u015awi\u0105teczne\" \/>\n<meta property=\"og:description\" content=\"Zobacz produkt: Koneser Whisky Zestaw prezentowy z alkoholem - Whisky single malt szkocka Speyside Cardhu - dost\u0119pny online na Whisky and Wine Place wawp.pl\/prezenty !\" \/>\n<meta property=\"og:url\" content=\"https:\/\/wawp.pl\/prezenty\/produkt\/koneser-whisky-zestaw-prezentowy-z-alkoholem-whisky-single-malt-szkocka-speyside-cardhu\/\" \/>\n<meta property=\"og:site_name\" content=\"Zestawy \u015awi\u0105teczne\" \/>\n<meta property=\"article:modified_time\" content=\"2024-12-13T13:53:55+00:00\" \/>\n<meta property=\"og:image\" content=\"https:\/\/wawp.pl\/prezenty\/wp-content\/uploads\/2023\/06\/Koneser-Whisky-Zestaw-prezentowy-z-alkoholem-whisky-single-malt-szkocka-Speyside-Cardhu-1024x1024.png\" \/>\n\t<meta property=\"og:image:width\" content=\"1024\" \/>\n\t<meta property=\"og:image:height\" content=\"1024\" \/>\n\t<meta property=\"og:image:type\" content=\"image\/png\" \/>\n<meta name=\"twitter:card\" content=\"summary_large_image\" \/>\n<script type=\"application\/ld+json\" class=\"yoast-schema-graph\">{\"@context\":\"https:\\\/\\\/schema.org\",\"@graph\":[{\"@type\":\"WebPage\",\"@id\":\"https:\\\/\\\/wawp.pl\\\/prezenty\\\/produkt\\\/koneser-whisky-zestaw-prezentowy-z-alkoholem-whisky-single-malt-szkocka-speyside-cardhu\\\/\",\"url\":\"https:\\\/\\\/wawp.pl\\\/prezenty\\\/produkt\\\/koneser-whisky-zestaw-prezentowy-z-alkoholem-whisky-single-malt-szkocka-speyside-cardhu\\\/\",\"name\":\"Koneser Whisky: Zestaw prezentowy z alkoholem - Whisky single malt szkocka Speyside Cardhu | Zestawy \u015awi\u0105teczne\",\"isPartOf\":{\"@id\":\"https:\\\/\\\/wawp.pl\\\/prezenty\\\/#website\"},\"primaryImageOfPage\":{\"@id\":\"https:\\\/\\\/wawp.pl\\\/prezenty\\\/produkt\\\/koneser-whisky-zestaw-prezentowy-z-alkoholem-whisky-single-malt-szkocka-speyside-cardhu\\\/#primaryimage\"},\"image\":{\"@id\":\"https:\\\/\\\/wawp.pl\\\/prezenty\\\/produkt\\\/koneser-whisky-zestaw-prezentowy-z-alkoholem-whisky-single-malt-szkocka-speyside-cardhu\\\/#primaryimage\"},\"thumbnailUrl\":\"https:\\\/\\\/wawp.pl\\\/prezenty\\\/wp-content\\\/uploads\\\/2023\\\/06\\\/Koneser-Whisky-Zestaw-prezentowy-z-alkoholem-whisky-single-malt-szkocka-Speyside-Cardhu.png\",\"datePublished\":\"2023-06-23T14:52:06+00:00\",\"dateModified\":\"2024-12-13T13:53:55+00:00\",\"description\":\"Zobacz produkt: Koneser Whisky Zestaw prezentowy z alkoholem - Whisky single malt szkocka Speyside Cardhu - dost\u0119pny online na Whisky and Wine Place wawp.pl\\\/prezenty !\",\"breadcrumb\":{\"@id\":\"https:\\\/\\\/wawp.pl\\\/prezenty\\\/produkt\\\/koneser-whisky-zestaw-prezentowy-z-alkoholem-whisky-single-malt-szkocka-speyside-cardhu\\\/#breadcrumb\"},\"inLanguage\":\"pl-PL\",\"potentialAction\":[{\"@type\":\"ReadAction\",\"target\":[\"https:\\\/\\\/wawp.pl\\\/prezenty\\\/produkt\\\/koneser-whisky-zestaw-prezentowy-z-alkoholem-whisky-single-malt-szkocka-speyside-cardhu\\\/\"]}]},{\"@type\":\"ImageObject\",\"inLanguage\":\"pl-PL\",\"@id\":\"https:\\\/\\\/wawp.pl\\\/prezenty\\\/produkt\\\/koneser-whisky-zestaw-prezentowy-z-alkoholem-whisky-single-malt-szkocka-speyside-cardhu\\\/#primaryimage\",\"url\":\"https:\\\/\\\/wawp.pl\\\/prezenty\\\/wp-content\\\/uploads\\\/2023\\\/06\\\/Koneser-Whisky-Zestaw-prezentowy-z-alkoholem-whisky-single-malt-szkocka-Speyside-Cardhu.png\",\"contentUrl\":\"https:\\\/\\\/wawp.pl\\\/prezenty\\\/wp-content\\\/uploads\\\/2023\\\/06\\\/Koneser-Whisky-Zestaw-prezentowy-z-alkoholem-whisky-single-malt-szkocka-Speyside-Cardhu.png\",\"width\":1200,\"height\":1200},{\"@type\":\"BreadcrumbList\",\"@id\":\"https:\\\/\\\/wawp.pl\\\/prezenty\\\/produkt\\\/koneser-whisky-zestaw-prezentowy-z-alkoholem-whisky-single-malt-szkocka-speyside-cardhu\\\/#breadcrumb\",\"itemListElement\":[{\"@type\":\"ListItem\",\"position\":1,\"name\":\"Strona g\u0142\u00f3wna\",\"item\":\"https:\\\/\\\/wawp.pl\\\/prezenty\\\/\"},{\"@type\":\"ListItem\",\"position\":2,\"name\":\"Shop\",\"item\":\"https:\\\/\\\/wawp.pl\\\/prezenty\\\/shop\\\/\"},{\"@type\":\"ListItem\",\"position\":3,\"name\":\"Koneser Whisky\"}]},{\"@type\":\"WebSite\",\"@id\":\"https:\\\/\\\/wawp.pl\\\/prezenty\\\/#website\",\"url\":\"https:\\\/\\\/wawp.pl\\\/prezenty\\\/\",\"name\":\"Zestawy \u015awi\u0105teczne\",\"description\":\"Kosze \u015awi\u0105teczne, Podarunkowe, Prezentowe\",\"publisher\":{\"@id\":\"https:\\\/\\\/wawp.pl\\\/prezenty\\\/#organization\"},\"potentialAction\":[{\"@type\":\"SearchAction\",\"target\":{\"@type\":\"EntryPoint\",\"urlTemplate\":\"https:\\\/\\\/wawp.pl\\\/prezenty\\\/?s={search_term_string}\"},\"query-input\":{\"@type\":\"PropertyValueSpecification\",\"valueRequired\":true,\"valueName\":\"search_term_string\"}}],\"inLanguage\":\"pl-PL\"},{\"@type\":\"Organization\",\"@id\":\"https:\\\/\\\/wawp.pl\\\/prezenty\\\/#organization\",\"name\":\"Zestawy \u015awi\u0105teczne\",\"url\":\"https:\\\/\\\/wawp.pl\\\/prezenty\\\/\",\"logo\":{\"@type\":\"ImageObject\",\"inLanguage\":\"pl-PL\",\"@id\":\"https:\\\/\\\/wawp.pl\\\/prezenty\\\/#\\\/schema\\\/logo\\\/image\\\/\",\"url\":\"https:\\\/\\\/wawp.pl\\\/prezenty\\\/wp-content\\\/uploads\\\/2021\\\/11\\\/cropped-logo.png\",\"contentUrl\":\"https:\\\/\\\/wawp.pl\\\/prezenty\\\/wp-content\\\/uploads\\\/2021\\\/11\\\/cropped-logo.png\",\"width\":360,\"height\":137,\"caption\":\"Zestawy \u015awi\u0105teczne\"},\"image\":{\"@id\":\"https:\\\/\\\/wawp.pl\\\/prezenty\\\/#\\\/schema\\\/logo\\\/image\\\/\"}}]}<\/script>\n<!-- \/ Yoast SEO plugin. -->","yoast_head_json":{"title":"Koneser Whisky: Zestaw prezentowy z alkoholem - Whisky single malt szkocka Speyside Cardhu | Zestawy \u015awi\u0105teczne","description":"Zobacz produkt: Koneser Whisky Zestaw prezentowy z alkoholem - Whisky single malt szkocka Speyside Cardhu - dost\u0119pny online na Whisky and Wine Place wawp.pl\/prezenty !","robots":{"index":"index","follow":"follow","max-snippet":"max-snippet:-1","max-image-preview":"max-image-preview:large","max-video-preview":"max-video-preview:-1"},"canonical":"https:\/\/wawp.pl\/prezenty\/produkt\/koneser-whisky-zestaw-prezentowy-z-alkoholem-whisky-single-malt-szkocka-speyside-cardhu\/","og_locale":"pl_PL","og_type":"article","og_title":"Koneser Whisky: Zestaw prezentowy z alkoholem - Whisky single malt szkocka Speyside Cardhu | Zestawy \u015awi\u0105teczne","og_description":"Zobacz produkt: Koneser Whisky Zestaw prezentowy z alkoholem - Whisky single malt szkocka Speyside Cardhu - dost\u0119pny online na Whisky and Wine Place wawp.pl\/prezenty !","og_url":"https:\/\/wawp.pl\/prezenty\/produkt\/koneser-whisky-zestaw-prezentowy-z-alkoholem-whisky-single-malt-szkocka-speyside-cardhu\/","og_site_name":"Zestawy \u015awi\u0105teczne","article_modified_time":"2024-12-13T13:53:55+00:00","og_image":[{"width":1024,"height":1024,"url":"https:\/\/wawp.pl\/prezenty\/wp-content\/uploads\/2023\/06\/Koneser-Whisky-Zestaw-prezentowy-z-alkoholem-whisky-single-malt-szkocka-Speyside-Cardhu-1024x1024.png","type":"image\/png"}],"twitter_card":"summary_large_image","schema":{"@context":"https:\/\/schema.org","@graph":[{"@type":"WebPage","@id":"https:\/\/wawp.pl\/prezenty\/produkt\/koneser-whisky-zestaw-prezentowy-z-alkoholem-whisky-single-malt-szkocka-speyside-cardhu\/","url":"https:\/\/wawp.pl\/prezenty\/produkt\/koneser-whisky-zestaw-prezentowy-z-alkoholem-whisky-single-malt-szkocka-speyside-cardhu\/","name":"Koneser Whisky: Zestaw prezentowy z alkoholem - Whisky single malt szkocka Speyside Cardhu | Zestawy \u015awi\u0105teczne","isPartOf":{"@id":"https:\/\/wawp.pl\/prezenty\/#website"},"primaryImageOfPage":{"@id":"https:\/\/wawp.pl\/prezenty\/produkt\/koneser-whisky-zestaw-prezentowy-z-alkoholem-whisky-single-malt-szkocka-speyside-cardhu\/#primaryimage"},"image":{"@id":"https:\/\/wawp.pl\/prezenty\/produkt\/koneser-whisky-zestaw-prezentowy-z-alkoholem-whisky-single-malt-szkocka-speyside-cardhu\/#primaryimage"},"thumbnailUrl":"https:\/\/wawp.pl\/prezenty\/wp-content\/uploads\/2023\/06\/Koneser-Whisky-Zestaw-prezentowy-z-alkoholem-whisky-single-malt-szkocka-Speyside-Cardhu.png","datePublished":"2023-06-23T14:52:06+00:00","dateModified":"2024-12-13T13:53:55+00:00","description":"Zobacz produkt: Koneser Whisky Zestaw prezentowy z alkoholem - Whisky single malt szkocka Speyside Cardhu - dost\u0119pny online na Whisky and Wine Place wawp.pl\/prezenty !","breadcrumb":{"@id":"https:\/\/wawp.pl\/prezenty\/produkt\/koneser-whisky-zestaw-prezentowy-z-alkoholem-whisky-single-malt-szkocka-speyside-cardhu\/#breadcrumb"},"inLanguage":"pl-PL","potentialAction":[{"@type":"ReadAction","target":["https:\/\/wawp.pl\/prezenty\/produkt\/koneser-whisky-zestaw-prezentowy-z-alkoholem-whisky-single-malt-szkocka-speyside-cardhu\/"]}]},{"@type":"ImageObject","inLanguage":"pl-PL","@id":"https:\/\/wawp.pl\/prezenty\/produkt\/koneser-whisky-zestaw-prezentowy-z-alkoholem-whisky-single-malt-szkocka-speyside-cardhu\/#primaryimage","url":"https:\/\/wawp.pl\/prezenty\/wp-content\/uploads\/2023\/06\/Koneser-Whisky-Zestaw-prezentowy-z-alkoholem-whisky-single-malt-szkocka-Speyside-Cardhu.png","contentUrl":"https:\/\/wawp.pl\/prezenty\/wp-content\/uploads\/2023\/06\/Koneser-Whisky-Zestaw-prezentowy-z-alkoholem-whisky-single-malt-szkocka-Speyside-Cardhu.png","width":1200,"height":1200},{"@type":"BreadcrumbList","@id":"https:\/\/wawp.pl\/prezenty\/produkt\/koneser-whisky-zestaw-prezentowy-z-alkoholem-whisky-single-malt-szkocka-speyside-cardhu\/#breadcrumb","itemListElement":[{"@type":"ListItem","position":1,"name":"Strona g\u0142\u00f3wna","item":"https:\/\/wawp.pl\/prezenty\/"},{"@type":"ListItem","position":2,"name":"Shop","item":"https:\/\/wawp.pl\/prezenty\/shop\/"},{"@type":"ListItem","position":3,"name":"Koneser Whisky"}]},{"@type":"WebSite","@id":"https:\/\/wawp.pl\/prezenty\/#website","url":"https:\/\/wawp.pl\/prezenty\/","name":"Zestawy \u015awi\u0105teczne","description":"Kosze \u015awi\u0105teczne, Podarunkowe, Prezentowe","publisher":{"@id":"https:\/\/wawp.pl\/prezenty\/#organization"},"potentialAction":[{"@type":"SearchAction","target":{"@type":"EntryPoint","urlTemplate":"https:\/\/wawp.pl\/prezenty\/?s={search_term_string}"},"query-input":{"@type":"PropertyValueSpecification","valueRequired":true,"valueName":"search_term_string"}}],"inLanguage":"pl-PL"},{"@type":"Organization","@id":"https:\/\/wawp.pl\/prezenty\/#organization","name":"Zestawy \u015awi\u0105teczne","url":"https:\/\/wawp.pl\/prezenty\/","logo":{"@type":"ImageObject","inLanguage":"pl-PL","@id":"https:\/\/wawp.pl\/prezenty\/#\/schema\/logo\/image\/","url":"https:\/\/wawp.pl\/prezenty\/wp-content\/uploads\/2021\/11\/cropped-logo.png","contentUrl":"https:\/\/wawp.pl\/prezenty\/wp-content\/uploads\/2021\/11\/cropped-logo.png","width":360,"height":137,"caption":"Zestawy \u015awi\u0105teczne"},"image":{"@id":"https:\/\/wawp.pl\/prezenty\/#\/schema\/logo\/image\/"}}]}},"_links":{"self":[{"href":"https:\/\/wawp.pl\/prezenty\/wp-json\/wp\/v2\/product\/2078","targetHints":{"allow":["GET"]}}],"collection":[{"href":"https:\/\/wawp.pl\/prezenty\/wp-json\/wp\/v2\/product"}],"about":[{"href":"https:\/\/wawp.pl\/prezenty\/wp-json\/wp\/v2\/types\/product"}],"wp:featuredmedia":[{"embeddable":true,"href":"https:\/\/wawp.pl\/prezenty\/wp-json\/wp\/v2\/media\/2065"}],"wp:attachment":[{"href":"https:\/\/wawp.pl\/prezenty\/wp-json\/wp\/v2\/media?parent=2078"}],"wp:term":[{"taxonomy":"product_brand","embeddable":true,"href":"https:\/\/wawp.pl\/prezenty\/wp-json\/wp\/v2\/product_brand?post=2078"},{"taxonomy":"product_cat","embeddable":true,"href":"https:\/\/wawp.pl\/prezenty\/wp-json\/wp\/v2\/product_cat?post=2078"},{"taxonomy":"product_tag","embeddable":true,"href":"https:\/\/wawp.pl\/prezenty\/wp-json\/wp\/v2\/product_tag?post=2078"}],"curies":[{"name":"wp","href":"https:\/\/api.w.org\/{rel}","templated":true}]}}