{"id":2032,"date":"2023-04-28T14:53:57","date_gmt":"2023-04-28T14:53:57","guid":{"rendered":"https:\/\/wawp.pl\/prezenty\/?post_type=product&#038;p=2032"},"modified":"2024-12-13T13:53:55","modified_gmt":"2024-12-13T13:53:55","slug":"szmaragdowa-apulia-zestaw-prezentowy-z-alkoholem-wino-wloskie-primitivo-premium-polwytrawne","status":"publish","type":"product","link":"https:\/\/wawp.pl\/prezenty\/produkt\/szmaragdowa-apulia-zestaw-prezentowy-z-alkoholem-wino-wloskie-primitivo-premium-polwytrawne\/","title":{"rendered":"Szmaragdowa Apulia"},"content":{"rendered":"","protected":false},"excerpt":{"rendered":"<p><strong>Oltre il Bordo Primitivo<\/strong><\/p>\n<p>to w\u0142oskie, czerwone wino o kusz\u0105cym, owocowym aromacie. W ustach soczyste z dominuj\u0105cymi nutami ciemnych wi\u015bni, kakao i wanilii. G\u0142adka struktura, dobrze wtopione taniny i wywa\u017cona kwasowo\u015b\u0107. Polecane do da\u0144 mi\u0119snych z grilla i twardych ser\u00f3w.<\/p>\n<p>&nbsp;<\/p>\n<p>Kruche ciasteczka imbirowe z migda\u0142ami.<\/p>\n<p>Belgijska czekolada z pomara\u0144czami oraz migda\u0142ami.<\/p>\n<p>Bia\u0142a czekolada z b\u0105belkami o smaku karmelowym.<\/p>\n<p>Du\u0144skie ciasteczka ma\u015blane z pomara\u0144cz\u0105 i ciemn\u0105 czekolad\u0105.<\/p>\n<p>Aromatyczna w\u0142oska kawa Vergnano 1882 Antica Bottega.<\/p>\n<p>Chlebek marcepanowy.<\/p>\n<p>Tradycyjne pierniki w deserowej czekoladzie z nadzieniem pomara\u0144czowym.<\/p>\n<p>Wyselekcjonowane belgijskie praliny czekoladowe z nadzieniem.<\/p>\n","protected":false},"featured_media":1985,"template":"","meta":{"_acf_changed":false},"product_brand":[],"product_cat":[32],"product_tag":[],"class_list":{"0":"post-2032","1":"product","2":"type-product","3":"status-publish","4":"has-post-thumbnail","6":"product_cat-zestawy-super-premium","8":"first","9":"outofstock","10":"shipping-taxable","11":"purchasable","12":"product-type-simple"},"acf":[],"yoast_head":"<!-- This site is optimized with the Yoast SEO plugin v27.3 - https:\/\/yoast.com\/product\/yoast-seo-wordpress\/ -->\n<title>Szmaragdowa Apulia: Zestaw prezentowy z alkoholem - Wino w\u0142oskie Primitivo premium p\u00f3\u0142wytrawne | Zestawy \u015awi\u0105teczne<\/title>\n<meta name=\"description\" content=\"Zobacz produkt: Szmaragdowa Apulia Zestaw prezentowy z alkoholem - Wino w\u0142oskie Primitivo premium p\u00f3\u0142wytrawne - dost\u0119pny online na Whisky and Wine Place wawp.pl\/prezenty !\" \/>\n<meta name=\"robots\" content=\"index, follow, max-snippet:-1, max-image-preview:large, max-video-preview:-1\" \/>\n<link rel=\"canonical\" href=\"https:\/\/wawp.pl\/prezenty\/produkt\/szmaragdowa-apulia-zestaw-prezentowy-z-alkoholem-wino-wloskie-primitivo-premium-polwytrawne\/\" \/>\n<meta property=\"og:locale\" content=\"pl_PL\" \/>\n<meta property=\"og:type\" content=\"article\" \/>\n<meta property=\"og:title\" content=\"Szmaragdowa Apulia: Zestaw prezentowy z alkoholem - Wino w\u0142oskie Primitivo premium p\u00f3\u0142wytrawne | Zestawy \u015awi\u0105teczne\" \/>\n<meta property=\"og:description\" content=\"Zobacz produkt: Szmaragdowa Apulia Zestaw prezentowy z alkoholem - Wino w\u0142oskie Primitivo premium p\u00f3\u0142wytrawne - dost\u0119pny online na Whisky and Wine Place wawp.pl\/prezenty !\" \/>\n<meta property=\"og:url\" content=\"https:\/\/wawp.pl\/prezenty\/produkt\/szmaragdowa-apulia-zestaw-prezentowy-z-alkoholem-wino-wloskie-primitivo-premium-polwytrawne\/\" \/>\n<meta property=\"og:site_name\" content=\"Zestawy \u015awi\u0105teczne\" \/>\n<meta property=\"article:modified_time\" content=\"2024-12-13T13:53:55+00:00\" \/>\n<meta property=\"og:image\" content=\"https:\/\/wawp.pl\/prezenty\/wp-content\/uploads\/2023\/04\/Szmaragdowa-Apulia-zestaw-prezentowy-z-alkoholem-Wino-wloskie-Primitivo-premium-polwytrawne-1024x1024.png\" \/>\n\t<meta property=\"og:image:width\" content=\"1024\" \/>\n\t<meta property=\"og:image:height\" content=\"1024\" \/>\n\t<meta property=\"og:image:type\" content=\"image\/png\" \/>\n<meta name=\"twitter:card\" content=\"summary_large_image\" \/>\n<script type=\"application\/ld+json\" class=\"yoast-schema-graph\">{\"@context\":\"https:\\\/\\\/schema.org\",\"@graph\":[{\"@type\":\"WebPage\",\"@id\":\"https:\\\/\\\/wawp.pl\\\/prezenty\\\/produkt\\\/szmaragdowa-apulia-zestaw-prezentowy-z-alkoholem-wino-wloskie-primitivo-premium-polwytrawne\\\/\",\"url\":\"https:\\\/\\\/wawp.pl\\\/prezenty\\\/produkt\\\/szmaragdowa-apulia-zestaw-prezentowy-z-alkoholem-wino-wloskie-primitivo-premium-polwytrawne\\\/\",\"name\":\"Szmaragdowa Apulia: Zestaw prezentowy z alkoholem - Wino w\u0142oskie Primitivo premium p\u00f3\u0142wytrawne | Zestawy \u015awi\u0105teczne\",\"isPartOf\":{\"@id\":\"https:\\\/\\\/wawp.pl\\\/prezenty\\\/#website\"},\"primaryImageOfPage\":{\"@id\":\"https:\\\/\\\/wawp.pl\\\/prezenty\\\/produkt\\\/szmaragdowa-apulia-zestaw-prezentowy-z-alkoholem-wino-wloskie-primitivo-premium-polwytrawne\\\/#primaryimage\"},\"image\":{\"@id\":\"https:\\\/\\\/wawp.pl\\\/prezenty\\\/produkt\\\/szmaragdowa-apulia-zestaw-prezentowy-z-alkoholem-wino-wloskie-primitivo-premium-polwytrawne\\\/#primaryimage\"},\"thumbnailUrl\":\"https:\\\/\\\/wawp.pl\\\/prezenty\\\/wp-content\\\/uploads\\\/2023\\\/04\\\/Szmaragdowa-Apulia-zestaw-prezentowy-z-alkoholem-Wino-wloskie-Primitivo-premium-polwytrawne.png\",\"datePublished\":\"2023-04-28T14:53:57+00:00\",\"dateModified\":\"2024-12-13T13:53:55+00:00\",\"description\":\"Zobacz produkt: Szmaragdowa Apulia Zestaw prezentowy z alkoholem - Wino w\u0142oskie Primitivo premium p\u00f3\u0142wytrawne - dost\u0119pny online na Whisky and Wine Place wawp.pl\\\/prezenty !\",\"breadcrumb\":{\"@id\":\"https:\\\/\\\/wawp.pl\\\/prezenty\\\/produkt\\\/szmaragdowa-apulia-zestaw-prezentowy-z-alkoholem-wino-wloskie-primitivo-premium-polwytrawne\\\/#breadcrumb\"},\"inLanguage\":\"pl-PL\",\"potentialAction\":[{\"@type\":\"ReadAction\",\"target\":[\"https:\\\/\\\/wawp.pl\\\/prezenty\\\/produkt\\\/szmaragdowa-apulia-zestaw-prezentowy-z-alkoholem-wino-wloskie-primitivo-premium-polwytrawne\\\/\"]}]},{\"@type\":\"ImageObject\",\"inLanguage\":\"pl-PL\",\"@id\":\"https:\\\/\\\/wawp.pl\\\/prezenty\\\/produkt\\\/szmaragdowa-apulia-zestaw-prezentowy-z-alkoholem-wino-wloskie-primitivo-premium-polwytrawne\\\/#primaryimage\",\"url\":\"https:\\\/\\\/wawp.pl\\\/prezenty\\\/wp-content\\\/uploads\\\/2023\\\/04\\\/Szmaragdowa-Apulia-zestaw-prezentowy-z-alkoholem-Wino-wloskie-Primitivo-premium-polwytrawne.png\",\"contentUrl\":\"https:\\\/\\\/wawp.pl\\\/prezenty\\\/wp-content\\\/uploads\\\/2023\\\/04\\\/Szmaragdowa-Apulia-zestaw-prezentowy-z-alkoholem-Wino-wloskie-Primitivo-premium-polwytrawne.png\",\"width\":1500,\"height\":1500},{\"@type\":\"BreadcrumbList\",\"@id\":\"https:\\\/\\\/wawp.pl\\\/prezenty\\\/produkt\\\/szmaragdowa-apulia-zestaw-prezentowy-z-alkoholem-wino-wloskie-primitivo-premium-polwytrawne\\\/#breadcrumb\",\"itemListElement\":[{\"@type\":\"ListItem\",\"position\":1,\"name\":\"Strona g\u0142\u00f3wna\",\"item\":\"https:\\\/\\\/wawp.pl\\\/prezenty\\\/\"},{\"@type\":\"ListItem\",\"position\":2,\"name\":\"Shop\",\"item\":\"https:\\\/\\\/wawp.pl\\\/prezenty\\\/shop\\\/\"},{\"@type\":\"ListItem\",\"position\":3,\"name\":\"Szmaragdowa Apulia\"}]},{\"@type\":\"WebSite\",\"@id\":\"https:\\\/\\\/wawp.pl\\\/prezenty\\\/#website\",\"url\":\"https:\\\/\\\/wawp.pl\\\/prezenty\\\/\",\"name\":\"Zestawy \u015awi\u0105teczne\",\"description\":\"Kosze \u015awi\u0105teczne, Podarunkowe, Prezentowe\",\"publisher\":{\"@id\":\"https:\\\/\\\/wawp.pl\\\/prezenty\\\/#organization\"},\"potentialAction\":[{\"@type\":\"SearchAction\",\"target\":{\"@type\":\"EntryPoint\",\"urlTemplate\":\"https:\\\/\\\/wawp.pl\\\/prezenty\\\/?s={search_term_string}\"},\"query-input\":{\"@type\":\"PropertyValueSpecification\",\"valueRequired\":true,\"valueName\":\"search_term_string\"}}],\"inLanguage\":\"pl-PL\"},{\"@type\":\"Organization\",\"@id\":\"https:\\\/\\\/wawp.pl\\\/prezenty\\\/#organization\",\"name\":\"Zestawy \u015awi\u0105teczne\",\"url\":\"https:\\\/\\\/wawp.pl\\\/prezenty\\\/\",\"logo\":{\"@type\":\"ImageObject\",\"inLanguage\":\"pl-PL\",\"@id\":\"https:\\\/\\\/wawp.pl\\\/prezenty\\\/#\\\/schema\\\/logo\\\/image\\\/\",\"url\":\"https:\\\/\\\/wawp.pl\\\/prezenty\\\/wp-content\\\/uploads\\\/2021\\\/11\\\/cropped-logo.png\",\"contentUrl\":\"https:\\\/\\\/wawp.pl\\\/prezenty\\\/wp-content\\\/uploads\\\/2021\\\/11\\\/cropped-logo.png\",\"width\":360,\"height\":137,\"caption\":\"Zestawy \u015awi\u0105teczne\"},\"image\":{\"@id\":\"https:\\\/\\\/wawp.pl\\\/prezenty\\\/#\\\/schema\\\/logo\\\/image\\\/\"}}]}<\/script>\n<!-- \/ Yoast SEO plugin. -->","yoast_head_json":{"title":"Szmaragdowa Apulia: Zestaw prezentowy z alkoholem - Wino w\u0142oskie Primitivo premium p\u00f3\u0142wytrawne | Zestawy \u015awi\u0105teczne","description":"Zobacz produkt: Szmaragdowa Apulia Zestaw prezentowy z alkoholem - Wino w\u0142oskie Primitivo premium p\u00f3\u0142wytrawne - dost\u0119pny online na Whisky and Wine Place wawp.pl\/prezenty !","robots":{"index":"index","follow":"follow","max-snippet":"max-snippet:-1","max-image-preview":"max-image-preview:large","max-video-preview":"max-video-preview:-1"},"canonical":"https:\/\/wawp.pl\/prezenty\/produkt\/szmaragdowa-apulia-zestaw-prezentowy-z-alkoholem-wino-wloskie-primitivo-premium-polwytrawne\/","og_locale":"pl_PL","og_type":"article","og_title":"Szmaragdowa Apulia: Zestaw prezentowy z alkoholem - Wino w\u0142oskie Primitivo premium p\u00f3\u0142wytrawne | Zestawy \u015awi\u0105teczne","og_description":"Zobacz produkt: Szmaragdowa Apulia Zestaw prezentowy z alkoholem - Wino w\u0142oskie Primitivo premium p\u00f3\u0142wytrawne - dost\u0119pny online na Whisky and Wine Place wawp.pl\/prezenty !","og_url":"https:\/\/wawp.pl\/prezenty\/produkt\/szmaragdowa-apulia-zestaw-prezentowy-z-alkoholem-wino-wloskie-primitivo-premium-polwytrawne\/","og_site_name":"Zestawy \u015awi\u0105teczne","article_modified_time":"2024-12-13T13:53:55+00:00","og_image":[{"width":1024,"height":1024,"url":"https:\/\/wawp.pl\/prezenty\/wp-content\/uploads\/2023\/04\/Szmaragdowa-Apulia-zestaw-prezentowy-z-alkoholem-Wino-wloskie-Primitivo-premium-polwytrawne-1024x1024.png","type":"image\/png"}],"twitter_card":"summary_large_image","schema":{"@context":"https:\/\/schema.org","@graph":[{"@type":"WebPage","@id":"https:\/\/wawp.pl\/prezenty\/produkt\/szmaragdowa-apulia-zestaw-prezentowy-z-alkoholem-wino-wloskie-primitivo-premium-polwytrawne\/","url":"https:\/\/wawp.pl\/prezenty\/produkt\/szmaragdowa-apulia-zestaw-prezentowy-z-alkoholem-wino-wloskie-primitivo-premium-polwytrawne\/","name":"Szmaragdowa Apulia: Zestaw prezentowy z alkoholem - Wino w\u0142oskie Primitivo premium p\u00f3\u0142wytrawne | Zestawy \u015awi\u0105teczne","isPartOf":{"@id":"https:\/\/wawp.pl\/prezenty\/#website"},"primaryImageOfPage":{"@id":"https:\/\/wawp.pl\/prezenty\/produkt\/szmaragdowa-apulia-zestaw-prezentowy-z-alkoholem-wino-wloskie-primitivo-premium-polwytrawne\/#primaryimage"},"image":{"@id":"https:\/\/wawp.pl\/prezenty\/produkt\/szmaragdowa-apulia-zestaw-prezentowy-z-alkoholem-wino-wloskie-primitivo-premium-polwytrawne\/#primaryimage"},"thumbnailUrl":"https:\/\/wawp.pl\/prezenty\/wp-content\/uploads\/2023\/04\/Szmaragdowa-Apulia-zestaw-prezentowy-z-alkoholem-Wino-wloskie-Primitivo-premium-polwytrawne.png","datePublished":"2023-04-28T14:53:57+00:00","dateModified":"2024-12-13T13:53:55+00:00","description":"Zobacz produkt: Szmaragdowa Apulia Zestaw prezentowy z alkoholem - Wino w\u0142oskie Primitivo premium p\u00f3\u0142wytrawne - dost\u0119pny online na Whisky and Wine Place wawp.pl\/prezenty !","breadcrumb":{"@id":"https:\/\/wawp.pl\/prezenty\/produkt\/szmaragdowa-apulia-zestaw-prezentowy-z-alkoholem-wino-wloskie-primitivo-premium-polwytrawne\/#breadcrumb"},"inLanguage":"pl-PL","potentialAction":[{"@type":"ReadAction","target":["https:\/\/wawp.pl\/prezenty\/produkt\/szmaragdowa-apulia-zestaw-prezentowy-z-alkoholem-wino-wloskie-primitivo-premium-polwytrawne\/"]}]},{"@type":"ImageObject","inLanguage":"pl-PL","@id":"https:\/\/wawp.pl\/prezenty\/produkt\/szmaragdowa-apulia-zestaw-prezentowy-z-alkoholem-wino-wloskie-primitivo-premium-polwytrawne\/#primaryimage","url":"https:\/\/wawp.pl\/prezenty\/wp-content\/uploads\/2023\/04\/Szmaragdowa-Apulia-zestaw-prezentowy-z-alkoholem-Wino-wloskie-Primitivo-premium-polwytrawne.png","contentUrl":"https:\/\/wawp.pl\/prezenty\/wp-content\/uploads\/2023\/04\/Szmaragdowa-Apulia-zestaw-prezentowy-z-alkoholem-Wino-wloskie-Primitivo-premium-polwytrawne.png","width":1500,"height":1500},{"@type":"BreadcrumbList","@id":"https:\/\/wawp.pl\/prezenty\/produkt\/szmaragdowa-apulia-zestaw-prezentowy-z-alkoholem-wino-wloskie-primitivo-premium-polwytrawne\/#breadcrumb","itemListElement":[{"@type":"ListItem","position":1,"name":"Strona g\u0142\u00f3wna","item":"https:\/\/wawp.pl\/prezenty\/"},{"@type":"ListItem","position":2,"name":"Shop","item":"https:\/\/wawp.pl\/prezenty\/shop\/"},{"@type":"ListItem","position":3,"name":"Szmaragdowa Apulia"}]},{"@type":"WebSite","@id":"https:\/\/wawp.pl\/prezenty\/#website","url":"https:\/\/wawp.pl\/prezenty\/","name":"Zestawy \u015awi\u0105teczne","description":"Kosze \u015awi\u0105teczne, Podarunkowe, Prezentowe","publisher":{"@id":"https:\/\/wawp.pl\/prezenty\/#organization"},"potentialAction":[{"@type":"SearchAction","target":{"@type":"EntryPoint","urlTemplate":"https:\/\/wawp.pl\/prezenty\/?s={search_term_string}"},"query-input":{"@type":"PropertyValueSpecification","valueRequired":true,"valueName":"search_term_string"}}],"inLanguage":"pl-PL"},{"@type":"Organization","@id":"https:\/\/wawp.pl\/prezenty\/#organization","name":"Zestawy \u015awi\u0105teczne","url":"https:\/\/wawp.pl\/prezenty\/","logo":{"@type":"ImageObject","inLanguage":"pl-PL","@id":"https:\/\/wawp.pl\/prezenty\/#\/schema\/logo\/image\/","url":"https:\/\/wawp.pl\/prezenty\/wp-content\/uploads\/2021\/11\/cropped-logo.png","contentUrl":"https:\/\/wawp.pl\/prezenty\/wp-content\/uploads\/2021\/11\/cropped-logo.png","width":360,"height":137,"caption":"Zestawy \u015awi\u0105teczne"},"image":{"@id":"https:\/\/wawp.pl\/prezenty\/#\/schema\/logo\/image\/"}}]}},"_links":{"self":[{"href":"https:\/\/wawp.pl\/prezenty\/wp-json\/wp\/v2\/product\/2032","targetHints":{"allow":["GET"]}}],"collection":[{"href":"https:\/\/wawp.pl\/prezenty\/wp-json\/wp\/v2\/product"}],"about":[{"href":"https:\/\/wawp.pl\/prezenty\/wp-json\/wp\/v2\/types\/product"}],"wp:featuredmedia":[{"embeddable":true,"href":"https:\/\/wawp.pl\/prezenty\/wp-json\/wp\/v2\/media\/1985"}],"wp:attachment":[{"href":"https:\/\/wawp.pl\/prezenty\/wp-json\/wp\/v2\/media?parent=2032"}],"wp:term":[{"taxonomy":"product_brand","embeddable":true,"href":"https:\/\/wawp.pl\/prezenty\/wp-json\/wp\/v2\/product_brand?post=2032"},{"taxonomy":"product_cat","embeddable":true,"href":"https:\/\/wawp.pl\/prezenty\/wp-json\/wp\/v2\/product_cat?post=2032"},{"taxonomy":"product_tag","embeddable":true,"href":"https:\/\/wawp.pl\/prezenty\/wp-json\/wp\/v2\/product_tag?post=2032"}],"curies":[{"name":"wp","href":"https:\/\/api.w.org\/{rel}","templated":true}]}}