{"id":2030,"date":"2023-04-28T14:50:20","date_gmt":"2023-04-28T14:50:20","guid":{"rendered":"https:\/\/wawp.pl\/prezenty\/?post_type=product&#038;p=2030"},"modified":"2024-11-14T14:19:30","modified_gmt":"2024-11-14T14:19:30","slug":"zloto-majow-zestaw-prezentowy-z-alkoholem-rum-zacapa-premium-solera-karaiby","status":"publish","type":"product","link":"https:\/\/wawp.pl\/prezenty\/produkt\/zloto-majow-zestaw-prezentowy-z-alkoholem-rum-zacapa-premium-solera-karaiby\/","title":{"rendered":"Z\u0142oto Maj\u00f3w"},"content":{"rendered":"","protected":false},"excerpt":{"rendered":"<p><strong>Zacapa Centenario Solera 23<\/strong><\/p>\n<p>to rum z Gwatemali, dojrzewaj\u0105cy w systemie Solera. Z\u0142o\u017cony jest z destylat\u00f3w kt\u00f3re w beczkach po bourbonie i sherry sp\u0119dzi\u0142y od 6 do 23 lat. Rum zachwyca intensywnie s\u0142odkim aromatem wanilii, karmelu i suszonych egzotycznych owoc\u00f3w. W smaku wyczuwamy cynamon, ga\u0142k\u0119 muszkato\u0142ow\u0105 i go\u017adziki, a tak\u017ce akcenty mocnej kawy z dodatkiem s\u0142odkiego karmelu i podw\u0119dzanych \u015bliwek.<\/p>\n<p>&nbsp;<\/p>\n<p>Du\u0144skie ciasteczka ma\u015blane z kawa\u0142kami bia\u0142ej i ciemnej czekolady.<\/p>\n<p>&nbsp;<\/p>\n<p>Naturalna konfitura wi\u015bniowa.<\/p>\n<p>&nbsp;<\/p>\n<p>Wi\u015bnie suszone w czekoladzie.<\/p>\n<p>&nbsp;<\/p>\n<p>Praliny z figi nadziewanej w czekoladzie o smaku solonego karmelu.<\/p>\n<p>&nbsp;<\/p>\n<p>Kruche herbatniki z nadzieniem o smaku zabajone.<\/p>\n<p>&nbsp;<\/p>\n<p>Czekoladka z kremowym nadzieniem karmelowym i likierem pomara\u0144czowym Cointreau.<\/p>\n<p>&nbsp;<\/p>\n<p>Wyselekcjonowane praliny czekoladowe z nadzieniem.<\/p>\n<p>&nbsp;<\/p>\n<p>Aromatyczna w\u0142oska kawa Vergnano 1882 Antica Bottega.<\/p>\n<p>&nbsp;<\/p>\n<p>Rzemie\u015blnicza konfitura Mango z jab\u0142kiem.<\/p>\n","protected":false},"featured_media":1995,"template":"","meta":{"_acf_changed":false},"product_brand":[],"product_cat":[32],"product_tag":[],"class_list":{"0":"post-2030","1":"product","2":"type-product","3":"status-publish","4":"has-post-thumbnail","6":"product_cat-zestawy-super-premium","8":"first","9":"outofstock","10":"shipping-taxable","11":"purchasable","12":"product-type-simple"},"acf":[],"yoast_head":"<!-- This site is optimized with the Yoast SEO plugin v27.3 - https:\/\/yoast.com\/product\/yoast-seo-wordpress\/ -->\n<title>Z\u0142oto Maj\u00f3w: Zestaw prezentowy z alkoholem - Rum Zacapa premium solera Karaiby | Zestawy \u015awi\u0105teczne<\/title>\n<meta name=\"description\" content=\"Zobacz produkt: Z\u0142oto Maj\u00f3w Zestaw prezentowy z alkoholem - Rum Zacapa premium solera Karaiby - dost\u0119pny online na Whisky and Wine Place wawp.pl\/prezenty !\" \/>\n<meta name=\"robots\" content=\"index, follow, max-snippet:-1, max-image-preview:large, max-video-preview:-1\" \/>\n<link rel=\"canonical\" href=\"https:\/\/wawp.pl\/prezenty\/produkt\/zloto-majow-zestaw-prezentowy-z-alkoholem-rum-zacapa-premium-solera-karaiby\/\" \/>\n<meta property=\"og:locale\" content=\"pl_PL\" \/>\n<meta property=\"og:type\" content=\"article\" \/>\n<meta property=\"og:title\" content=\"Z\u0142oto Maj\u00f3w: Zestaw prezentowy z alkoholem - Rum Zacapa premium solera Karaiby | Zestawy \u015awi\u0105teczne\" \/>\n<meta property=\"og:description\" content=\"Zobacz produkt: Z\u0142oto Maj\u00f3w Zestaw prezentowy z alkoholem - Rum Zacapa premium solera Karaiby - dost\u0119pny online na Whisky and Wine Place wawp.pl\/prezenty !\" \/>\n<meta property=\"og:url\" content=\"https:\/\/wawp.pl\/prezenty\/produkt\/zloto-majow-zestaw-prezentowy-z-alkoholem-rum-zacapa-premium-solera-karaiby\/\" \/>\n<meta property=\"og:site_name\" content=\"Zestawy \u015awi\u0105teczne\" \/>\n<meta property=\"article:modified_time\" content=\"2024-11-14T14:19:30+00:00\" \/>\n<meta property=\"og:image\" content=\"https:\/\/wawp.pl\/prezenty\/wp-content\/uploads\/2023\/04\/Zloto-Majow-zestaw-prezentowy-z-alkoholem-Rum-Zacapa-premium-solera-Karaiby-1024x1024.png\" \/>\n\t<meta property=\"og:image:width\" content=\"1024\" \/>\n\t<meta property=\"og:image:height\" content=\"1024\" \/>\n\t<meta property=\"og:image:type\" content=\"image\/png\" \/>\n<meta name=\"twitter:card\" content=\"summary_large_image\" \/>\n<script type=\"application\/ld+json\" class=\"yoast-schema-graph\">{\"@context\":\"https:\\\/\\\/schema.org\",\"@graph\":[{\"@type\":\"WebPage\",\"@id\":\"https:\\\/\\\/wawp.pl\\\/prezenty\\\/produkt\\\/zloto-majow-zestaw-prezentowy-z-alkoholem-rum-zacapa-premium-solera-karaiby\\\/\",\"url\":\"https:\\\/\\\/wawp.pl\\\/prezenty\\\/produkt\\\/zloto-majow-zestaw-prezentowy-z-alkoholem-rum-zacapa-premium-solera-karaiby\\\/\",\"name\":\"Z\u0142oto Maj\u00f3w: Zestaw prezentowy z alkoholem - Rum Zacapa premium solera Karaiby | Zestawy \u015awi\u0105teczne\",\"isPartOf\":{\"@id\":\"https:\\\/\\\/wawp.pl\\\/prezenty\\\/#website\"},\"primaryImageOfPage\":{\"@id\":\"https:\\\/\\\/wawp.pl\\\/prezenty\\\/produkt\\\/zloto-majow-zestaw-prezentowy-z-alkoholem-rum-zacapa-premium-solera-karaiby\\\/#primaryimage\"},\"image\":{\"@id\":\"https:\\\/\\\/wawp.pl\\\/prezenty\\\/produkt\\\/zloto-majow-zestaw-prezentowy-z-alkoholem-rum-zacapa-premium-solera-karaiby\\\/#primaryimage\"},\"thumbnailUrl\":\"https:\\\/\\\/wawp.pl\\\/prezenty\\\/wp-content\\\/uploads\\\/2023\\\/04\\\/Zloto-Majow-zestaw-prezentowy-z-alkoholem-Rum-Zacapa-premium-solera-Karaiby.png\",\"datePublished\":\"2023-04-28T14:50:20+00:00\",\"dateModified\":\"2024-11-14T14:19:30+00:00\",\"description\":\"Zobacz produkt: Z\u0142oto Maj\u00f3w Zestaw prezentowy z alkoholem - Rum Zacapa premium solera Karaiby - dost\u0119pny online na Whisky and Wine Place wawp.pl\\\/prezenty !\",\"breadcrumb\":{\"@id\":\"https:\\\/\\\/wawp.pl\\\/prezenty\\\/produkt\\\/zloto-majow-zestaw-prezentowy-z-alkoholem-rum-zacapa-premium-solera-karaiby\\\/#breadcrumb\"},\"inLanguage\":\"pl-PL\",\"potentialAction\":[{\"@type\":\"ReadAction\",\"target\":[\"https:\\\/\\\/wawp.pl\\\/prezenty\\\/produkt\\\/zloto-majow-zestaw-prezentowy-z-alkoholem-rum-zacapa-premium-solera-karaiby\\\/\"]}]},{\"@type\":\"ImageObject\",\"inLanguage\":\"pl-PL\",\"@id\":\"https:\\\/\\\/wawp.pl\\\/prezenty\\\/produkt\\\/zloto-majow-zestaw-prezentowy-z-alkoholem-rum-zacapa-premium-solera-karaiby\\\/#primaryimage\",\"url\":\"https:\\\/\\\/wawp.pl\\\/prezenty\\\/wp-content\\\/uploads\\\/2023\\\/04\\\/Zloto-Majow-zestaw-prezentowy-z-alkoholem-Rum-Zacapa-premium-solera-Karaiby.png\",\"contentUrl\":\"https:\\\/\\\/wawp.pl\\\/prezenty\\\/wp-content\\\/uploads\\\/2023\\\/04\\\/Zloto-Majow-zestaw-prezentowy-z-alkoholem-Rum-Zacapa-premium-solera-Karaiby.png\",\"width\":1500,\"height\":1500},{\"@type\":\"BreadcrumbList\",\"@id\":\"https:\\\/\\\/wawp.pl\\\/prezenty\\\/produkt\\\/zloto-majow-zestaw-prezentowy-z-alkoholem-rum-zacapa-premium-solera-karaiby\\\/#breadcrumb\",\"itemListElement\":[{\"@type\":\"ListItem\",\"position\":1,\"name\":\"Strona g\u0142\u00f3wna\",\"item\":\"https:\\\/\\\/wawp.pl\\\/prezenty\\\/\"},{\"@type\":\"ListItem\",\"position\":2,\"name\":\"Shop\",\"item\":\"https:\\\/\\\/wawp.pl\\\/prezenty\\\/shop\\\/\"},{\"@type\":\"ListItem\",\"position\":3,\"name\":\"Z\u0142oto Maj\u00f3w\"}]},{\"@type\":\"WebSite\",\"@id\":\"https:\\\/\\\/wawp.pl\\\/prezenty\\\/#website\",\"url\":\"https:\\\/\\\/wawp.pl\\\/prezenty\\\/\",\"name\":\"Zestawy \u015awi\u0105teczne\",\"description\":\"Kosze \u015awi\u0105teczne, Podarunkowe, Prezentowe\",\"publisher\":{\"@id\":\"https:\\\/\\\/wawp.pl\\\/prezenty\\\/#organization\"},\"potentialAction\":[{\"@type\":\"SearchAction\",\"target\":{\"@type\":\"EntryPoint\",\"urlTemplate\":\"https:\\\/\\\/wawp.pl\\\/prezenty\\\/?s={search_term_string}\"},\"query-input\":{\"@type\":\"PropertyValueSpecification\",\"valueRequired\":true,\"valueName\":\"search_term_string\"}}],\"inLanguage\":\"pl-PL\"},{\"@type\":\"Organization\",\"@id\":\"https:\\\/\\\/wawp.pl\\\/prezenty\\\/#organization\",\"name\":\"Zestawy \u015awi\u0105teczne\",\"url\":\"https:\\\/\\\/wawp.pl\\\/prezenty\\\/\",\"logo\":{\"@type\":\"ImageObject\",\"inLanguage\":\"pl-PL\",\"@id\":\"https:\\\/\\\/wawp.pl\\\/prezenty\\\/#\\\/schema\\\/logo\\\/image\\\/\",\"url\":\"https:\\\/\\\/wawp.pl\\\/prezenty\\\/wp-content\\\/uploads\\\/2021\\\/11\\\/cropped-logo.png\",\"contentUrl\":\"https:\\\/\\\/wawp.pl\\\/prezenty\\\/wp-content\\\/uploads\\\/2021\\\/11\\\/cropped-logo.png\",\"width\":360,\"height\":137,\"caption\":\"Zestawy \u015awi\u0105teczne\"},\"image\":{\"@id\":\"https:\\\/\\\/wawp.pl\\\/prezenty\\\/#\\\/schema\\\/logo\\\/image\\\/\"}}]}<\/script>\n<!-- \/ Yoast SEO plugin. -->","yoast_head_json":{"title":"Z\u0142oto Maj\u00f3w: Zestaw prezentowy z alkoholem - Rum Zacapa premium solera Karaiby | Zestawy \u015awi\u0105teczne","description":"Zobacz produkt: Z\u0142oto Maj\u00f3w Zestaw prezentowy z alkoholem - Rum Zacapa premium solera Karaiby - dost\u0119pny online na Whisky and Wine Place wawp.pl\/prezenty !","robots":{"index":"index","follow":"follow","max-snippet":"max-snippet:-1","max-image-preview":"max-image-preview:large","max-video-preview":"max-video-preview:-1"},"canonical":"https:\/\/wawp.pl\/prezenty\/produkt\/zloto-majow-zestaw-prezentowy-z-alkoholem-rum-zacapa-premium-solera-karaiby\/","og_locale":"pl_PL","og_type":"article","og_title":"Z\u0142oto Maj\u00f3w: Zestaw prezentowy z alkoholem - Rum Zacapa premium solera Karaiby | Zestawy \u015awi\u0105teczne","og_description":"Zobacz produkt: Z\u0142oto Maj\u00f3w Zestaw prezentowy z alkoholem - Rum Zacapa premium solera Karaiby - dost\u0119pny online na Whisky and Wine Place wawp.pl\/prezenty !","og_url":"https:\/\/wawp.pl\/prezenty\/produkt\/zloto-majow-zestaw-prezentowy-z-alkoholem-rum-zacapa-premium-solera-karaiby\/","og_site_name":"Zestawy \u015awi\u0105teczne","article_modified_time":"2024-11-14T14:19:30+00:00","og_image":[{"width":1024,"height":1024,"url":"https:\/\/wawp.pl\/prezenty\/wp-content\/uploads\/2023\/04\/Zloto-Majow-zestaw-prezentowy-z-alkoholem-Rum-Zacapa-premium-solera-Karaiby-1024x1024.png","type":"image\/png"}],"twitter_card":"summary_large_image","schema":{"@context":"https:\/\/schema.org","@graph":[{"@type":"WebPage","@id":"https:\/\/wawp.pl\/prezenty\/produkt\/zloto-majow-zestaw-prezentowy-z-alkoholem-rum-zacapa-premium-solera-karaiby\/","url":"https:\/\/wawp.pl\/prezenty\/produkt\/zloto-majow-zestaw-prezentowy-z-alkoholem-rum-zacapa-premium-solera-karaiby\/","name":"Z\u0142oto Maj\u00f3w: Zestaw prezentowy z alkoholem - Rum Zacapa premium solera Karaiby | Zestawy \u015awi\u0105teczne","isPartOf":{"@id":"https:\/\/wawp.pl\/prezenty\/#website"},"primaryImageOfPage":{"@id":"https:\/\/wawp.pl\/prezenty\/produkt\/zloto-majow-zestaw-prezentowy-z-alkoholem-rum-zacapa-premium-solera-karaiby\/#primaryimage"},"image":{"@id":"https:\/\/wawp.pl\/prezenty\/produkt\/zloto-majow-zestaw-prezentowy-z-alkoholem-rum-zacapa-premium-solera-karaiby\/#primaryimage"},"thumbnailUrl":"https:\/\/wawp.pl\/prezenty\/wp-content\/uploads\/2023\/04\/Zloto-Majow-zestaw-prezentowy-z-alkoholem-Rum-Zacapa-premium-solera-Karaiby.png","datePublished":"2023-04-28T14:50:20+00:00","dateModified":"2024-11-14T14:19:30+00:00","description":"Zobacz produkt: Z\u0142oto Maj\u00f3w Zestaw prezentowy z alkoholem - Rum Zacapa premium solera Karaiby - dost\u0119pny online na Whisky and Wine Place wawp.pl\/prezenty !","breadcrumb":{"@id":"https:\/\/wawp.pl\/prezenty\/produkt\/zloto-majow-zestaw-prezentowy-z-alkoholem-rum-zacapa-premium-solera-karaiby\/#breadcrumb"},"inLanguage":"pl-PL","potentialAction":[{"@type":"ReadAction","target":["https:\/\/wawp.pl\/prezenty\/produkt\/zloto-majow-zestaw-prezentowy-z-alkoholem-rum-zacapa-premium-solera-karaiby\/"]}]},{"@type":"ImageObject","inLanguage":"pl-PL","@id":"https:\/\/wawp.pl\/prezenty\/produkt\/zloto-majow-zestaw-prezentowy-z-alkoholem-rum-zacapa-premium-solera-karaiby\/#primaryimage","url":"https:\/\/wawp.pl\/prezenty\/wp-content\/uploads\/2023\/04\/Zloto-Majow-zestaw-prezentowy-z-alkoholem-Rum-Zacapa-premium-solera-Karaiby.png","contentUrl":"https:\/\/wawp.pl\/prezenty\/wp-content\/uploads\/2023\/04\/Zloto-Majow-zestaw-prezentowy-z-alkoholem-Rum-Zacapa-premium-solera-Karaiby.png","width":1500,"height":1500},{"@type":"BreadcrumbList","@id":"https:\/\/wawp.pl\/prezenty\/produkt\/zloto-majow-zestaw-prezentowy-z-alkoholem-rum-zacapa-premium-solera-karaiby\/#breadcrumb","itemListElement":[{"@type":"ListItem","position":1,"name":"Strona g\u0142\u00f3wna","item":"https:\/\/wawp.pl\/prezenty\/"},{"@type":"ListItem","position":2,"name":"Shop","item":"https:\/\/wawp.pl\/prezenty\/shop\/"},{"@type":"ListItem","position":3,"name":"Z\u0142oto Maj\u00f3w"}]},{"@type":"WebSite","@id":"https:\/\/wawp.pl\/prezenty\/#website","url":"https:\/\/wawp.pl\/prezenty\/","name":"Zestawy \u015awi\u0105teczne","description":"Kosze \u015awi\u0105teczne, Podarunkowe, Prezentowe","publisher":{"@id":"https:\/\/wawp.pl\/prezenty\/#organization"},"potentialAction":[{"@type":"SearchAction","target":{"@type":"EntryPoint","urlTemplate":"https:\/\/wawp.pl\/prezenty\/?s={search_term_string}"},"query-input":{"@type":"PropertyValueSpecification","valueRequired":true,"valueName":"search_term_string"}}],"inLanguage":"pl-PL"},{"@type":"Organization","@id":"https:\/\/wawp.pl\/prezenty\/#organization","name":"Zestawy \u015awi\u0105teczne","url":"https:\/\/wawp.pl\/prezenty\/","logo":{"@type":"ImageObject","inLanguage":"pl-PL","@id":"https:\/\/wawp.pl\/prezenty\/#\/schema\/logo\/image\/","url":"https:\/\/wawp.pl\/prezenty\/wp-content\/uploads\/2021\/11\/cropped-logo.png","contentUrl":"https:\/\/wawp.pl\/prezenty\/wp-content\/uploads\/2021\/11\/cropped-logo.png","width":360,"height":137,"caption":"Zestawy \u015awi\u0105teczne"},"image":{"@id":"https:\/\/wawp.pl\/prezenty\/#\/schema\/logo\/image\/"}}]}},"_links":{"self":[{"href":"https:\/\/wawp.pl\/prezenty\/wp-json\/wp\/v2\/product\/2030","targetHints":{"allow":["GET"]}}],"collection":[{"href":"https:\/\/wawp.pl\/prezenty\/wp-json\/wp\/v2\/product"}],"about":[{"href":"https:\/\/wawp.pl\/prezenty\/wp-json\/wp\/v2\/types\/product"}],"wp:featuredmedia":[{"embeddable":true,"href":"https:\/\/wawp.pl\/prezenty\/wp-json\/wp\/v2\/media\/1995"}],"wp:attachment":[{"href":"https:\/\/wawp.pl\/prezenty\/wp-json\/wp\/v2\/media?parent=2030"}],"wp:term":[{"taxonomy":"product_brand","embeddable":true,"href":"https:\/\/wawp.pl\/prezenty\/wp-json\/wp\/v2\/product_brand?post=2030"},{"taxonomy":"product_cat","embeddable":true,"href":"https:\/\/wawp.pl\/prezenty\/wp-json\/wp\/v2\/product_cat?post=2030"},{"taxonomy":"product_tag","embeddable":true,"href":"https:\/\/wawp.pl\/prezenty\/wp-json\/wp\/v2\/product_tag?post=2030"}],"curies":[{"name":"wp","href":"https:\/\/api.w.org\/{rel}","templated":true}]}}