{"id":2018,"date":"2023-04-28T12:11:01","date_gmt":"2023-04-28T12:11:01","guid":{"rendered":"https:\/\/wawp.pl\/prezenty\/?post_type=product&#038;p=2018"},"modified":"2023-04-28T12:11:02","modified_gmt":"2023-04-28T12:11:02","slug":"roz-girony-zestaw-prezentowy-z-alkoholem-wino-musujace-cava-roz-rose","status":"publish","type":"product","link":"https:\/\/wawp.pl\/prezenty\/produkt\/roz-girony-zestaw-prezentowy-z-alkoholem-wino-musujace-cava-roz-rose\/","title":{"rendered":"R\u00f3\u017c Girony"},"content":{"rendered":"","protected":false},"excerpt":{"rendered":"<p>Mirgin Laieta Rose Gran Reserva<br \/>\nto hiszpa\u0144ska, wytrawna, organiczna Cava o solidnej budowie, starzona minimum 30 miesi\u0119cy na osadzie dro\u017cd\u017cowym. W nosie wyczuwamy wyra\u017any zapach \u015bwie\u017cych jab\u0142ek i gruszek wzbogacony o kwiatow\u0105 nut\u0119 i migda\u0142y. W ustach wino jest pe\u0142ne i okr\u0105g\u0142e, delikatnie owocowe z eleganckimi b\u0105belkami. Na finiszu wyd\u0142u\u017cone i \u015bwie\u017ce.<\/p>\n<p>Kawa Aficionado Black Diamond, specjalnie komponowana dla Whisky and Wine Place.<\/p>\n<p>Kruche ciasteczka imbirowe z migda\u0142ami.<\/p>\n<p>Mi\u00f3d wielokwiatowy z mleczkiem pszczelim.<\/p>\n<p>Ekologiczna bia\u0142a czekolada z malinami i jagodami, s\u0142odzona miodem.<\/p>\n<p>Praliny z fig w czekoladzie, nadziewane kremem o smaku Brandy.<\/p>\n<p>Ekologiczny syrop z kwiat\u00f3w r\u00f3\u017cy, lawendy i czarnego bzu.<\/p>\n<p>Naturalne trufle miodowe w bia\u0142ej czekoladzie.<\/p>\n","protected":false},"featured_media":1981,"template":"","meta":{"_acf_changed":false},"product_brand":[],"product_cat":[32],"product_tag":[],"class_list":{"0":"post-2018","1":"product","2":"type-product","3":"status-publish","4":"has-post-thumbnail","6":"product_cat-zestawy-super-premium","8":"first","9":"outofstock","10":"shipping-taxable","11":"purchasable","12":"product-type-simple"},"acf":[],"yoast_head":"<!-- This site is optimized with the Yoast SEO plugin v27.3 - https:\/\/yoast.com\/product\/yoast-seo-wordpress\/ -->\n<title>R\u00f3\u017c Girony: Zestaw prezentowy z alkoholem - Wino musuj\u0105ce Cava r\u00f3\u017cowa rose | Zestawy \u015awi\u0105teczne<\/title>\n<meta name=\"description\" content=\"Zobacz produkt: R\u00f3\u017c Girony Zestaw prezentowy z alkoholem - Wino musuj\u0105ce Cava r\u00f3\u017cowa rose - dost\u0119pny online na Whisky and Wine Place wawp.pl\/prezenty !\" \/>\n<meta name=\"robots\" content=\"index, follow, max-snippet:-1, max-image-preview:large, max-video-preview:-1\" \/>\n<link rel=\"canonical\" href=\"https:\/\/wawp.pl\/prezenty\/produkt\/roz-girony-zestaw-prezentowy-z-alkoholem-wino-musujace-cava-roz-rose\/\" \/>\n<meta property=\"og:locale\" content=\"pl_PL\" \/>\n<meta property=\"og:type\" content=\"article\" \/>\n<meta property=\"og:title\" content=\"R\u00f3\u017c Girony: Zestaw prezentowy z alkoholem - Wino musuj\u0105ce Cava r\u00f3\u017cowa rose | Zestawy \u015awi\u0105teczne\" \/>\n<meta property=\"og:description\" content=\"Zobacz produkt: R\u00f3\u017c Girony Zestaw prezentowy z alkoholem - Wino musuj\u0105ce Cava r\u00f3\u017cowa rose - dost\u0119pny online na Whisky and Wine Place wawp.pl\/prezenty !\" \/>\n<meta property=\"og:url\" content=\"https:\/\/wawp.pl\/prezenty\/produkt\/roz-girony-zestaw-prezentowy-z-alkoholem-wino-musujace-cava-roz-rose\/\" \/>\n<meta property=\"og:site_name\" content=\"Zestawy \u015awi\u0105teczne\" \/>\n<meta property=\"article:modified_time\" content=\"2023-04-28T12:11:02+00:00\" \/>\n<meta property=\"og:image\" content=\"https:\/\/wawp.pl\/prezenty\/wp-content\/uploads\/2023\/04\/Roz-Girony-zestaw-prezentowy-z-alkoholem-wino-musujace-Cava-rozowa-rose-1024x1024.png\" \/>\n\t<meta property=\"og:image:width\" content=\"1024\" \/>\n\t<meta property=\"og:image:height\" content=\"1024\" \/>\n\t<meta property=\"og:image:type\" content=\"image\/png\" \/>\n<meta name=\"twitter:card\" content=\"summary_large_image\" \/>\n<script type=\"application\/ld+json\" class=\"yoast-schema-graph\">{\"@context\":\"https:\\\/\\\/schema.org\",\"@graph\":[{\"@type\":\"WebPage\",\"@id\":\"https:\\\/\\\/wawp.pl\\\/prezenty\\\/produkt\\\/roz-girony-zestaw-prezentowy-z-alkoholem-wino-musujace-cava-roz-rose\\\/\",\"url\":\"https:\\\/\\\/wawp.pl\\\/prezenty\\\/produkt\\\/roz-girony-zestaw-prezentowy-z-alkoholem-wino-musujace-cava-roz-rose\\\/\",\"name\":\"R\u00f3\u017c Girony: Zestaw prezentowy z alkoholem - Wino musuj\u0105ce Cava r\u00f3\u017cowa rose | Zestawy \u015awi\u0105teczne\",\"isPartOf\":{\"@id\":\"https:\\\/\\\/wawp.pl\\\/prezenty\\\/#website\"},\"primaryImageOfPage\":{\"@id\":\"https:\\\/\\\/wawp.pl\\\/prezenty\\\/produkt\\\/roz-girony-zestaw-prezentowy-z-alkoholem-wino-musujace-cava-roz-rose\\\/#primaryimage\"},\"image\":{\"@id\":\"https:\\\/\\\/wawp.pl\\\/prezenty\\\/produkt\\\/roz-girony-zestaw-prezentowy-z-alkoholem-wino-musujace-cava-roz-rose\\\/#primaryimage\"},\"thumbnailUrl\":\"https:\\\/\\\/wawp.pl\\\/prezenty\\\/wp-content\\\/uploads\\\/2023\\\/04\\\/Roz-Girony-zestaw-prezentowy-z-alkoholem-wino-musujace-Cava-rozowa-rose.png\",\"datePublished\":\"2023-04-28T12:11:01+00:00\",\"dateModified\":\"2023-04-28T12:11:02+00:00\",\"description\":\"Zobacz produkt: R\u00f3\u017c Girony Zestaw prezentowy z alkoholem - Wino musuj\u0105ce Cava r\u00f3\u017cowa rose - dost\u0119pny online na Whisky and Wine Place wawp.pl\\\/prezenty !\",\"breadcrumb\":{\"@id\":\"https:\\\/\\\/wawp.pl\\\/prezenty\\\/produkt\\\/roz-girony-zestaw-prezentowy-z-alkoholem-wino-musujace-cava-roz-rose\\\/#breadcrumb\"},\"inLanguage\":\"pl-PL\",\"potentialAction\":[{\"@type\":\"ReadAction\",\"target\":[\"https:\\\/\\\/wawp.pl\\\/prezenty\\\/produkt\\\/roz-girony-zestaw-prezentowy-z-alkoholem-wino-musujace-cava-roz-rose\\\/\"]}]},{\"@type\":\"ImageObject\",\"inLanguage\":\"pl-PL\",\"@id\":\"https:\\\/\\\/wawp.pl\\\/prezenty\\\/produkt\\\/roz-girony-zestaw-prezentowy-z-alkoholem-wino-musujace-cava-roz-rose\\\/#primaryimage\",\"url\":\"https:\\\/\\\/wawp.pl\\\/prezenty\\\/wp-content\\\/uploads\\\/2023\\\/04\\\/Roz-Girony-zestaw-prezentowy-z-alkoholem-wino-musujace-Cava-rozowa-rose.png\",\"contentUrl\":\"https:\\\/\\\/wawp.pl\\\/prezenty\\\/wp-content\\\/uploads\\\/2023\\\/04\\\/Roz-Girony-zestaw-prezentowy-z-alkoholem-wino-musujace-Cava-rozowa-rose.png\",\"width\":1500,\"height\":1500},{\"@type\":\"BreadcrumbList\",\"@id\":\"https:\\\/\\\/wawp.pl\\\/prezenty\\\/produkt\\\/roz-girony-zestaw-prezentowy-z-alkoholem-wino-musujace-cava-roz-rose\\\/#breadcrumb\",\"itemListElement\":[{\"@type\":\"ListItem\",\"position\":1,\"name\":\"Strona g\u0142\u00f3wna\",\"item\":\"https:\\\/\\\/wawp.pl\\\/prezenty\\\/\"},{\"@type\":\"ListItem\",\"position\":2,\"name\":\"Shop\",\"item\":\"https:\\\/\\\/wawp.pl\\\/prezenty\\\/shop\\\/\"},{\"@type\":\"ListItem\",\"position\":3,\"name\":\"R\u00f3\u017c Girony\"}]},{\"@type\":\"WebSite\",\"@id\":\"https:\\\/\\\/wawp.pl\\\/prezenty\\\/#website\",\"url\":\"https:\\\/\\\/wawp.pl\\\/prezenty\\\/\",\"name\":\"Zestawy \u015awi\u0105teczne\",\"description\":\"Kosze \u015awi\u0105teczne, Podarunkowe, Prezentowe\",\"publisher\":{\"@id\":\"https:\\\/\\\/wawp.pl\\\/prezenty\\\/#organization\"},\"potentialAction\":[{\"@type\":\"SearchAction\",\"target\":{\"@type\":\"EntryPoint\",\"urlTemplate\":\"https:\\\/\\\/wawp.pl\\\/prezenty\\\/?s={search_term_string}\"},\"query-input\":{\"@type\":\"PropertyValueSpecification\",\"valueRequired\":true,\"valueName\":\"search_term_string\"}}],\"inLanguage\":\"pl-PL\"},{\"@type\":\"Organization\",\"@id\":\"https:\\\/\\\/wawp.pl\\\/prezenty\\\/#organization\",\"name\":\"Zestawy \u015awi\u0105teczne\",\"url\":\"https:\\\/\\\/wawp.pl\\\/prezenty\\\/\",\"logo\":{\"@type\":\"ImageObject\",\"inLanguage\":\"pl-PL\",\"@id\":\"https:\\\/\\\/wawp.pl\\\/prezenty\\\/#\\\/schema\\\/logo\\\/image\\\/\",\"url\":\"https:\\\/\\\/wawp.pl\\\/prezenty\\\/wp-content\\\/uploads\\\/2021\\\/11\\\/cropped-logo.png\",\"contentUrl\":\"https:\\\/\\\/wawp.pl\\\/prezenty\\\/wp-content\\\/uploads\\\/2021\\\/11\\\/cropped-logo.png\",\"width\":360,\"height\":137,\"caption\":\"Zestawy \u015awi\u0105teczne\"},\"image\":{\"@id\":\"https:\\\/\\\/wawp.pl\\\/prezenty\\\/#\\\/schema\\\/logo\\\/image\\\/\"}}]}<\/script>\n<!-- \/ Yoast SEO plugin. -->","yoast_head_json":{"title":"R\u00f3\u017c Girony: Zestaw prezentowy z alkoholem - Wino musuj\u0105ce Cava r\u00f3\u017cowa rose | Zestawy \u015awi\u0105teczne","description":"Zobacz produkt: R\u00f3\u017c Girony Zestaw prezentowy z alkoholem - Wino musuj\u0105ce Cava r\u00f3\u017cowa rose - dost\u0119pny online na Whisky and Wine Place wawp.pl\/prezenty !","robots":{"index":"index","follow":"follow","max-snippet":"max-snippet:-1","max-image-preview":"max-image-preview:large","max-video-preview":"max-video-preview:-1"},"canonical":"https:\/\/wawp.pl\/prezenty\/produkt\/roz-girony-zestaw-prezentowy-z-alkoholem-wino-musujace-cava-roz-rose\/","og_locale":"pl_PL","og_type":"article","og_title":"R\u00f3\u017c Girony: Zestaw prezentowy z alkoholem - Wino musuj\u0105ce Cava r\u00f3\u017cowa rose | Zestawy \u015awi\u0105teczne","og_description":"Zobacz produkt: R\u00f3\u017c Girony Zestaw prezentowy z alkoholem - Wino musuj\u0105ce Cava r\u00f3\u017cowa rose - dost\u0119pny online na Whisky and Wine Place wawp.pl\/prezenty !","og_url":"https:\/\/wawp.pl\/prezenty\/produkt\/roz-girony-zestaw-prezentowy-z-alkoholem-wino-musujace-cava-roz-rose\/","og_site_name":"Zestawy \u015awi\u0105teczne","article_modified_time":"2023-04-28T12:11:02+00:00","og_image":[{"width":1024,"height":1024,"url":"https:\/\/wawp.pl\/prezenty\/wp-content\/uploads\/2023\/04\/Roz-Girony-zestaw-prezentowy-z-alkoholem-wino-musujace-Cava-rozowa-rose-1024x1024.png","type":"image\/png"}],"twitter_card":"summary_large_image","schema":{"@context":"https:\/\/schema.org","@graph":[{"@type":"WebPage","@id":"https:\/\/wawp.pl\/prezenty\/produkt\/roz-girony-zestaw-prezentowy-z-alkoholem-wino-musujace-cava-roz-rose\/","url":"https:\/\/wawp.pl\/prezenty\/produkt\/roz-girony-zestaw-prezentowy-z-alkoholem-wino-musujace-cava-roz-rose\/","name":"R\u00f3\u017c Girony: Zestaw prezentowy z alkoholem - Wino musuj\u0105ce Cava r\u00f3\u017cowa rose | Zestawy \u015awi\u0105teczne","isPartOf":{"@id":"https:\/\/wawp.pl\/prezenty\/#website"},"primaryImageOfPage":{"@id":"https:\/\/wawp.pl\/prezenty\/produkt\/roz-girony-zestaw-prezentowy-z-alkoholem-wino-musujace-cava-roz-rose\/#primaryimage"},"image":{"@id":"https:\/\/wawp.pl\/prezenty\/produkt\/roz-girony-zestaw-prezentowy-z-alkoholem-wino-musujace-cava-roz-rose\/#primaryimage"},"thumbnailUrl":"https:\/\/wawp.pl\/prezenty\/wp-content\/uploads\/2023\/04\/Roz-Girony-zestaw-prezentowy-z-alkoholem-wino-musujace-Cava-rozowa-rose.png","datePublished":"2023-04-28T12:11:01+00:00","dateModified":"2023-04-28T12:11:02+00:00","description":"Zobacz produkt: R\u00f3\u017c Girony Zestaw prezentowy z alkoholem - Wino musuj\u0105ce Cava r\u00f3\u017cowa rose - dost\u0119pny online na Whisky and Wine Place wawp.pl\/prezenty !","breadcrumb":{"@id":"https:\/\/wawp.pl\/prezenty\/produkt\/roz-girony-zestaw-prezentowy-z-alkoholem-wino-musujace-cava-roz-rose\/#breadcrumb"},"inLanguage":"pl-PL","potentialAction":[{"@type":"ReadAction","target":["https:\/\/wawp.pl\/prezenty\/produkt\/roz-girony-zestaw-prezentowy-z-alkoholem-wino-musujace-cava-roz-rose\/"]}]},{"@type":"ImageObject","inLanguage":"pl-PL","@id":"https:\/\/wawp.pl\/prezenty\/produkt\/roz-girony-zestaw-prezentowy-z-alkoholem-wino-musujace-cava-roz-rose\/#primaryimage","url":"https:\/\/wawp.pl\/prezenty\/wp-content\/uploads\/2023\/04\/Roz-Girony-zestaw-prezentowy-z-alkoholem-wino-musujace-Cava-rozowa-rose.png","contentUrl":"https:\/\/wawp.pl\/prezenty\/wp-content\/uploads\/2023\/04\/Roz-Girony-zestaw-prezentowy-z-alkoholem-wino-musujace-Cava-rozowa-rose.png","width":1500,"height":1500},{"@type":"BreadcrumbList","@id":"https:\/\/wawp.pl\/prezenty\/produkt\/roz-girony-zestaw-prezentowy-z-alkoholem-wino-musujace-cava-roz-rose\/#breadcrumb","itemListElement":[{"@type":"ListItem","position":1,"name":"Strona g\u0142\u00f3wna","item":"https:\/\/wawp.pl\/prezenty\/"},{"@type":"ListItem","position":2,"name":"Shop","item":"https:\/\/wawp.pl\/prezenty\/shop\/"},{"@type":"ListItem","position":3,"name":"R\u00f3\u017c Girony"}]},{"@type":"WebSite","@id":"https:\/\/wawp.pl\/prezenty\/#website","url":"https:\/\/wawp.pl\/prezenty\/","name":"Zestawy \u015awi\u0105teczne","description":"Kosze \u015awi\u0105teczne, Podarunkowe, Prezentowe","publisher":{"@id":"https:\/\/wawp.pl\/prezenty\/#organization"},"potentialAction":[{"@type":"SearchAction","target":{"@type":"EntryPoint","urlTemplate":"https:\/\/wawp.pl\/prezenty\/?s={search_term_string}"},"query-input":{"@type":"PropertyValueSpecification","valueRequired":true,"valueName":"search_term_string"}}],"inLanguage":"pl-PL"},{"@type":"Organization","@id":"https:\/\/wawp.pl\/prezenty\/#organization","name":"Zestawy \u015awi\u0105teczne","url":"https:\/\/wawp.pl\/prezenty\/","logo":{"@type":"ImageObject","inLanguage":"pl-PL","@id":"https:\/\/wawp.pl\/prezenty\/#\/schema\/logo\/image\/","url":"https:\/\/wawp.pl\/prezenty\/wp-content\/uploads\/2021\/11\/cropped-logo.png","contentUrl":"https:\/\/wawp.pl\/prezenty\/wp-content\/uploads\/2021\/11\/cropped-logo.png","width":360,"height":137,"caption":"Zestawy \u015awi\u0105teczne"},"image":{"@id":"https:\/\/wawp.pl\/prezenty\/#\/schema\/logo\/image\/"}}]}},"_links":{"self":[{"href":"https:\/\/wawp.pl\/prezenty\/wp-json\/wp\/v2\/product\/2018","targetHints":{"allow":["GET"]}}],"collection":[{"href":"https:\/\/wawp.pl\/prezenty\/wp-json\/wp\/v2\/product"}],"about":[{"href":"https:\/\/wawp.pl\/prezenty\/wp-json\/wp\/v2\/types\/product"}],"wp:featuredmedia":[{"embeddable":true,"href":"https:\/\/wawp.pl\/prezenty\/wp-json\/wp\/v2\/media\/1981"}],"wp:attachment":[{"href":"https:\/\/wawp.pl\/prezenty\/wp-json\/wp\/v2\/media?parent=2018"}],"wp:term":[{"taxonomy":"product_brand","embeddable":true,"href":"https:\/\/wawp.pl\/prezenty\/wp-json\/wp\/v2\/product_brand?post=2018"},{"taxonomy":"product_cat","embeddable":true,"href":"https:\/\/wawp.pl\/prezenty\/wp-json\/wp\/v2\/product_cat?post=2018"},{"taxonomy":"product_tag","embeddable":true,"href":"https:\/\/wawp.pl\/prezenty\/wp-json\/wp\/v2\/product_tag?post=2018"}],"curies":[{"name":"wp","href":"https:\/\/api.w.org\/{rel}","templated":true}]}}