{"id":2014,"date":"2023-04-28T11:27:59","date_gmt":"2023-04-28T11:27:59","guid":{"rendered":"https:\/\/wawp.pl\/prezenty\/?post_type=product&#038;p=2014"},"modified":"2024-11-14T14:18:13","modified_gmt":"2024-11-14T14:18:13","slug":"playa-azul-zestaw-prezentowy-z-alkoholem-wino-musujace-prosecco-wino-rioja","status":"publish","type":"product","link":"https:\/\/wawp.pl\/prezenty\/produkt\/playa-azul-zestaw-prezentowy-z-alkoholem-wino-musujace-prosecco-wino-rioja\/","title":{"rendered":"Playa Azul"},"content":{"rendered":"","protected":false},"excerpt":{"rendered":"<p>Solar De Libano Crianza<br \/>\nWino czerwone z apelacji Rioja DOCa (Hiszpania), przyjemnie owocowe z niuansami czere\u015bni, wi\u015bni,  lukrecji, orzecha laskowego i wanilii, dope\u0142nione delikatnym t\u0142em aromat\u00f3w d\u0119bu. Dojrza\u0142e i tre\u015bciwe. Dojrzewa 18 miesi\u0119cy w beczkach z d\u0119bu francuskiego i ameryka\u0144skiego, nast\u0119pnie 6 miesi\u0119cy w du\u017cych drewnianych kadziach.<\/p>\n<p>Il Colle DOC Treviso Brut<br \/>\nTo w\u0142oskie, bia\u0142e, wytrawne prosecco o \u015bwie\u017cym aromacie. Kolor blado-s\u0142omkowy z zielonkawymi refleksami. Bukiet lekko owocowy, nuty zielonego jab\u0142ka i bia\u0142ych kwiat\u00f3w. W smaku powt\u00f3rzenie z aromatu, zr\u00f3wnowa\u017cone i harmonijne. Doskona\u0142e do lekkich da\u0144 na bazie warzyw i ryb.<\/p>\n<p>Tradycyjny Torcik Wedlowski.<\/p>\n<p>Du\u0144skie ciasteczka ma\u015blane z kawa\u0142kami bia\u0142ej i ciemnej czekolady.<\/p>\n<p>Du\u017ca czekolada nadziewana kremem kokosowym z chrupi\u0105cymi kuleczkami ry\u017cowymi.<\/p>\n<p>Ciemna czekolada deserowa 70% bez dodatku cukru.<\/p>\n<p>Trufle czekoladowe z nadzieniem Marc de Champagne.<\/p>\n<p>Czarna herbata aromatyzowana.<\/p>\n","protected":false},"featured_media":1978,"template":"","meta":{"_acf_changed":false},"product_brand":[],"product_cat":[32],"product_tag":[],"class_list":{"0":"post-2014","1":"product","2":"type-product","3":"status-publish","4":"has-post-thumbnail","6":"product_cat-zestawy-super-premium","8":"first","9":"outofstock","10":"shipping-taxable","11":"purchasable","12":"product-type-simple"},"acf":[],"yoast_head":"<!-- This site is optimized with the Yoast SEO plugin v27.3 - https:\/\/yoast.com\/product\/yoast-seo-wordpress\/ -->\n<title>Playa Azul: Zestaw Prezentowy z alkoholem - Wino musuj\u0105ce prosecco i wino Rioja | Zestawy \u015awi\u0105teczne<\/title>\n<meta name=\"description\" content=\"Zobacz produkt: Playa Azul Zestaw Prezentowy z alkoholem - Wino musuj\u0105ce prosecco i wino Rioja - dost\u0119pny online na Whisky and Wine Place wawp.pl\/prezenty !\" \/>\n<meta name=\"robots\" content=\"index, follow, max-snippet:-1, max-image-preview:large, max-video-preview:-1\" \/>\n<link rel=\"canonical\" href=\"https:\/\/wawp.pl\/prezenty\/produkt\/playa-azul-zestaw-prezentowy-z-alkoholem-wino-musujace-prosecco-wino-rioja\/\" \/>\n<meta property=\"og:locale\" content=\"pl_PL\" \/>\n<meta property=\"og:type\" content=\"article\" \/>\n<meta property=\"og:title\" content=\"Playa Azul: Zestaw Prezentowy z alkoholem - Wino musuj\u0105ce prosecco i wino Rioja | Zestawy \u015awi\u0105teczne\" \/>\n<meta property=\"og:description\" content=\"Zobacz produkt: Playa Azul Zestaw Prezentowy z alkoholem - Wino musuj\u0105ce prosecco i wino Rioja - dost\u0119pny online na Whisky and Wine Place wawp.pl\/prezenty !\" \/>\n<meta property=\"og:url\" content=\"https:\/\/wawp.pl\/prezenty\/produkt\/playa-azul-zestaw-prezentowy-z-alkoholem-wino-musujace-prosecco-wino-rioja\/\" \/>\n<meta property=\"og:site_name\" content=\"Zestawy \u015awi\u0105teczne\" \/>\n<meta property=\"article:modified_time\" content=\"2024-11-14T14:18:13+00:00\" \/>\n<meta property=\"og:image\" content=\"https:\/\/wawp.pl\/prezenty\/wp-content\/uploads\/2023\/04\/Playa-Azul-zestaw-z-alkoholem-Wino-musujace-Prosecco-i-wino-Rioja-1024x1024.png\" \/>\n\t<meta property=\"og:image:width\" content=\"1024\" \/>\n\t<meta property=\"og:image:height\" content=\"1024\" \/>\n\t<meta property=\"og:image:type\" content=\"image\/png\" \/>\n<meta name=\"twitter:card\" content=\"summary_large_image\" \/>\n<script type=\"application\/ld+json\" class=\"yoast-schema-graph\">{\"@context\":\"https:\\\/\\\/schema.org\",\"@graph\":[{\"@type\":\"WebPage\",\"@id\":\"https:\\\/\\\/wawp.pl\\\/prezenty\\\/produkt\\\/playa-azul-zestaw-prezentowy-z-alkoholem-wino-musujace-prosecco-wino-rioja\\\/\",\"url\":\"https:\\\/\\\/wawp.pl\\\/prezenty\\\/produkt\\\/playa-azul-zestaw-prezentowy-z-alkoholem-wino-musujace-prosecco-wino-rioja\\\/\",\"name\":\"Playa Azul: Zestaw Prezentowy z alkoholem - Wino musuj\u0105ce prosecco i wino Rioja | Zestawy \u015awi\u0105teczne\",\"isPartOf\":{\"@id\":\"https:\\\/\\\/wawp.pl\\\/prezenty\\\/#website\"},\"primaryImageOfPage\":{\"@id\":\"https:\\\/\\\/wawp.pl\\\/prezenty\\\/produkt\\\/playa-azul-zestaw-prezentowy-z-alkoholem-wino-musujace-prosecco-wino-rioja\\\/#primaryimage\"},\"image\":{\"@id\":\"https:\\\/\\\/wawp.pl\\\/prezenty\\\/produkt\\\/playa-azul-zestaw-prezentowy-z-alkoholem-wino-musujace-prosecco-wino-rioja\\\/#primaryimage\"},\"thumbnailUrl\":\"https:\\\/\\\/wawp.pl\\\/prezenty\\\/wp-content\\\/uploads\\\/2023\\\/04\\\/Playa-Azul-zestaw-z-alkoholem-Wino-musujace-Prosecco-i-wino-Rioja.png\",\"datePublished\":\"2023-04-28T11:27:59+00:00\",\"dateModified\":\"2024-11-14T14:18:13+00:00\",\"description\":\"Zobacz produkt: Playa Azul Zestaw Prezentowy z alkoholem - Wino musuj\u0105ce prosecco i wino Rioja - dost\u0119pny online na Whisky and Wine Place wawp.pl\\\/prezenty !\",\"breadcrumb\":{\"@id\":\"https:\\\/\\\/wawp.pl\\\/prezenty\\\/produkt\\\/playa-azul-zestaw-prezentowy-z-alkoholem-wino-musujace-prosecco-wino-rioja\\\/#breadcrumb\"},\"inLanguage\":\"pl-PL\",\"potentialAction\":[{\"@type\":\"ReadAction\",\"target\":[\"https:\\\/\\\/wawp.pl\\\/prezenty\\\/produkt\\\/playa-azul-zestaw-prezentowy-z-alkoholem-wino-musujace-prosecco-wino-rioja\\\/\"]}]},{\"@type\":\"ImageObject\",\"inLanguage\":\"pl-PL\",\"@id\":\"https:\\\/\\\/wawp.pl\\\/prezenty\\\/produkt\\\/playa-azul-zestaw-prezentowy-z-alkoholem-wino-musujace-prosecco-wino-rioja\\\/#primaryimage\",\"url\":\"https:\\\/\\\/wawp.pl\\\/prezenty\\\/wp-content\\\/uploads\\\/2023\\\/04\\\/Playa-Azul-zestaw-z-alkoholem-Wino-musujace-Prosecco-i-wino-Rioja.png\",\"contentUrl\":\"https:\\\/\\\/wawp.pl\\\/prezenty\\\/wp-content\\\/uploads\\\/2023\\\/04\\\/Playa-Azul-zestaw-z-alkoholem-Wino-musujace-Prosecco-i-wino-Rioja.png\",\"width\":1500,\"height\":1500},{\"@type\":\"BreadcrumbList\",\"@id\":\"https:\\\/\\\/wawp.pl\\\/prezenty\\\/produkt\\\/playa-azul-zestaw-prezentowy-z-alkoholem-wino-musujace-prosecco-wino-rioja\\\/#breadcrumb\",\"itemListElement\":[{\"@type\":\"ListItem\",\"position\":1,\"name\":\"Strona g\u0142\u00f3wna\",\"item\":\"https:\\\/\\\/wawp.pl\\\/prezenty\\\/\"},{\"@type\":\"ListItem\",\"position\":2,\"name\":\"Shop\",\"item\":\"https:\\\/\\\/wawp.pl\\\/prezenty\\\/shop\\\/\"},{\"@type\":\"ListItem\",\"position\":3,\"name\":\"Playa Azul\"}]},{\"@type\":\"WebSite\",\"@id\":\"https:\\\/\\\/wawp.pl\\\/prezenty\\\/#website\",\"url\":\"https:\\\/\\\/wawp.pl\\\/prezenty\\\/\",\"name\":\"Zestawy \u015awi\u0105teczne\",\"description\":\"Kosze \u015awi\u0105teczne, Podarunkowe, Prezentowe\",\"publisher\":{\"@id\":\"https:\\\/\\\/wawp.pl\\\/prezenty\\\/#organization\"},\"potentialAction\":[{\"@type\":\"SearchAction\",\"target\":{\"@type\":\"EntryPoint\",\"urlTemplate\":\"https:\\\/\\\/wawp.pl\\\/prezenty\\\/?s={search_term_string}\"},\"query-input\":{\"@type\":\"PropertyValueSpecification\",\"valueRequired\":true,\"valueName\":\"search_term_string\"}}],\"inLanguage\":\"pl-PL\"},{\"@type\":\"Organization\",\"@id\":\"https:\\\/\\\/wawp.pl\\\/prezenty\\\/#organization\",\"name\":\"Zestawy \u015awi\u0105teczne\",\"url\":\"https:\\\/\\\/wawp.pl\\\/prezenty\\\/\",\"logo\":{\"@type\":\"ImageObject\",\"inLanguage\":\"pl-PL\",\"@id\":\"https:\\\/\\\/wawp.pl\\\/prezenty\\\/#\\\/schema\\\/logo\\\/image\\\/\",\"url\":\"https:\\\/\\\/wawp.pl\\\/prezenty\\\/wp-content\\\/uploads\\\/2021\\\/11\\\/cropped-logo.png\",\"contentUrl\":\"https:\\\/\\\/wawp.pl\\\/prezenty\\\/wp-content\\\/uploads\\\/2021\\\/11\\\/cropped-logo.png\",\"width\":360,\"height\":137,\"caption\":\"Zestawy \u015awi\u0105teczne\"},\"image\":{\"@id\":\"https:\\\/\\\/wawp.pl\\\/prezenty\\\/#\\\/schema\\\/logo\\\/image\\\/\"}}]}<\/script>\n<!-- \/ Yoast SEO plugin. -->","yoast_head_json":{"title":"Playa Azul: Zestaw Prezentowy z alkoholem - Wino musuj\u0105ce prosecco i wino Rioja | Zestawy \u015awi\u0105teczne","description":"Zobacz produkt: Playa Azul Zestaw Prezentowy z alkoholem - Wino musuj\u0105ce prosecco i wino Rioja - dost\u0119pny online na Whisky and Wine Place wawp.pl\/prezenty !","robots":{"index":"index","follow":"follow","max-snippet":"max-snippet:-1","max-image-preview":"max-image-preview:large","max-video-preview":"max-video-preview:-1"},"canonical":"https:\/\/wawp.pl\/prezenty\/produkt\/playa-azul-zestaw-prezentowy-z-alkoholem-wino-musujace-prosecco-wino-rioja\/","og_locale":"pl_PL","og_type":"article","og_title":"Playa Azul: Zestaw Prezentowy z alkoholem - Wino musuj\u0105ce prosecco i wino Rioja | Zestawy \u015awi\u0105teczne","og_description":"Zobacz produkt: Playa Azul Zestaw Prezentowy z alkoholem - Wino musuj\u0105ce prosecco i wino Rioja - dost\u0119pny online na Whisky and Wine Place wawp.pl\/prezenty !","og_url":"https:\/\/wawp.pl\/prezenty\/produkt\/playa-azul-zestaw-prezentowy-z-alkoholem-wino-musujace-prosecco-wino-rioja\/","og_site_name":"Zestawy \u015awi\u0105teczne","article_modified_time":"2024-11-14T14:18:13+00:00","og_image":[{"width":1024,"height":1024,"url":"https:\/\/wawp.pl\/prezenty\/wp-content\/uploads\/2023\/04\/Playa-Azul-zestaw-z-alkoholem-Wino-musujace-Prosecco-i-wino-Rioja-1024x1024.png","type":"image\/png"}],"twitter_card":"summary_large_image","schema":{"@context":"https:\/\/schema.org","@graph":[{"@type":"WebPage","@id":"https:\/\/wawp.pl\/prezenty\/produkt\/playa-azul-zestaw-prezentowy-z-alkoholem-wino-musujace-prosecco-wino-rioja\/","url":"https:\/\/wawp.pl\/prezenty\/produkt\/playa-azul-zestaw-prezentowy-z-alkoholem-wino-musujace-prosecco-wino-rioja\/","name":"Playa Azul: Zestaw Prezentowy z alkoholem - Wino musuj\u0105ce prosecco i wino Rioja | Zestawy \u015awi\u0105teczne","isPartOf":{"@id":"https:\/\/wawp.pl\/prezenty\/#website"},"primaryImageOfPage":{"@id":"https:\/\/wawp.pl\/prezenty\/produkt\/playa-azul-zestaw-prezentowy-z-alkoholem-wino-musujace-prosecco-wino-rioja\/#primaryimage"},"image":{"@id":"https:\/\/wawp.pl\/prezenty\/produkt\/playa-azul-zestaw-prezentowy-z-alkoholem-wino-musujace-prosecco-wino-rioja\/#primaryimage"},"thumbnailUrl":"https:\/\/wawp.pl\/prezenty\/wp-content\/uploads\/2023\/04\/Playa-Azul-zestaw-z-alkoholem-Wino-musujace-Prosecco-i-wino-Rioja.png","datePublished":"2023-04-28T11:27:59+00:00","dateModified":"2024-11-14T14:18:13+00:00","description":"Zobacz produkt: Playa Azul Zestaw Prezentowy z alkoholem - Wino musuj\u0105ce prosecco i wino Rioja - dost\u0119pny online na Whisky and Wine Place wawp.pl\/prezenty !","breadcrumb":{"@id":"https:\/\/wawp.pl\/prezenty\/produkt\/playa-azul-zestaw-prezentowy-z-alkoholem-wino-musujace-prosecco-wino-rioja\/#breadcrumb"},"inLanguage":"pl-PL","potentialAction":[{"@type":"ReadAction","target":["https:\/\/wawp.pl\/prezenty\/produkt\/playa-azul-zestaw-prezentowy-z-alkoholem-wino-musujace-prosecco-wino-rioja\/"]}]},{"@type":"ImageObject","inLanguage":"pl-PL","@id":"https:\/\/wawp.pl\/prezenty\/produkt\/playa-azul-zestaw-prezentowy-z-alkoholem-wino-musujace-prosecco-wino-rioja\/#primaryimage","url":"https:\/\/wawp.pl\/prezenty\/wp-content\/uploads\/2023\/04\/Playa-Azul-zestaw-z-alkoholem-Wino-musujace-Prosecco-i-wino-Rioja.png","contentUrl":"https:\/\/wawp.pl\/prezenty\/wp-content\/uploads\/2023\/04\/Playa-Azul-zestaw-z-alkoholem-Wino-musujace-Prosecco-i-wino-Rioja.png","width":1500,"height":1500},{"@type":"BreadcrumbList","@id":"https:\/\/wawp.pl\/prezenty\/produkt\/playa-azul-zestaw-prezentowy-z-alkoholem-wino-musujace-prosecco-wino-rioja\/#breadcrumb","itemListElement":[{"@type":"ListItem","position":1,"name":"Strona g\u0142\u00f3wna","item":"https:\/\/wawp.pl\/prezenty\/"},{"@type":"ListItem","position":2,"name":"Shop","item":"https:\/\/wawp.pl\/prezenty\/shop\/"},{"@type":"ListItem","position":3,"name":"Playa Azul"}]},{"@type":"WebSite","@id":"https:\/\/wawp.pl\/prezenty\/#website","url":"https:\/\/wawp.pl\/prezenty\/","name":"Zestawy \u015awi\u0105teczne","description":"Kosze \u015awi\u0105teczne, Podarunkowe, Prezentowe","publisher":{"@id":"https:\/\/wawp.pl\/prezenty\/#organization"},"potentialAction":[{"@type":"SearchAction","target":{"@type":"EntryPoint","urlTemplate":"https:\/\/wawp.pl\/prezenty\/?s={search_term_string}"},"query-input":{"@type":"PropertyValueSpecification","valueRequired":true,"valueName":"search_term_string"}}],"inLanguage":"pl-PL"},{"@type":"Organization","@id":"https:\/\/wawp.pl\/prezenty\/#organization","name":"Zestawy \u015awi\u0105teczne","url":"https:\/\/wawp.pl\/prezenty\/","logo":{"@type":"ImageObject","inLanguage":"pl-PL","@id":"https:\/\/wawp.pl\/prezenty\/#\/schema\/logo\/image\/","url":"https:\/\/wawp.pl\/prezenty\/wp-content\/uploads\/2021\/11\/cropped-logo.png","contentUrl":"https:\/\/wawp.pl\/prezenty\/wp-content\/uploads\/2021\/11\/cropped-logo.png","width":360,"height":137,"caption":"Zestawy \u015awi\u0105teczne"},"image":{"@id":"https:\/\/wawp.pl\/prezenty\/#\/schema\/logo\/image\/"}}]}},"_links":{"self":[{"href":"https:\/\/wawp.pl\/prezenty\/wp-json\/wp\/v2\/product\/2014","targetHints":{"allow":["GET"]}}],"collection":[{"href":"https:\/\/wawp.pl\/prezenty\/wp-json\/wp\/v2\/product"}],"about":[{"href":"https:\/\/wawp.pl\/prezenty\/wp-json\/wp\/v2\/types\/product"}],"wp:featuredmedia":[{"embeddable":true,"href":"https:\/\/wawp.pl\/prezenty\/wp-json\/wp\/v2\/media\/1978"}],"wp:attachment":[{"href":"https:\/\/wawp.pl\/prezenty\/wp-json\/wp\/v2\/media?parent=2014"}],"wp:term":[{"taxonomy":"product_brand","embeddable":true,"href":"https:\/\/wawp.pl\/prezenty\/wp-json\/wp\/v2\/product_brand?post=2014"},{"taxonomy":"product_cat","embeddable":true,"href":"https:\/\/wawp.pl\/prezenty\/wp-json\/wp\/v2\/product_cat?post=2014"},{"taxonomy":"product_tag","embeddable":true,"href":"https:\/\/wawp.pl\/prezenty\/wp-json\/wp\/v2\/product_tag?post=2014"}],"curies":[{"name":"wp","href":"https:\/\/api.w.org\/{rel}","templated":true}]}}