{"id":2010,"date":"2023-04-26T10:20:40","date_gmt":"2023-04-26T10:20:40","guid":{"rendered":"https:\/\/wawp.pl\/prezenty\/?post_type=product&#038;p=2010"},"modified":"2024-11-14T14:17:37","modified_gmt":"2024-11-14T14:17:37","slug":"very-special-old-zestaw-prezentowy-z-alkoholem-koniak-cognac-martell-vsop","status":"publish","type":"product","link":"https:\/\/wawp.pl\/prezenty\/produkt\/very-special-old-zestaw-prezentowy-z-alkoholem-koniak-cognac-martell-vsop\/","title":{"rendered":"Very Special Old"},"content":{"rendered":"","protected":false},"excerpt":{"rendered":"<p><strong>Martell VSOP <\/strong>To francuski koniak, kt\u00f3ry dojrzewa co najmniej cztery lata w beczkach z d\u0119bu francuskiego. Ma profil owocowo-kwiatowy z dodatkiem d\u0119bu, przypraw i wanilii. Bukiet oddaje idealn\u0105 r\u00f3wnowag\u0119 pomi\u0119dzy taninami a \u015bwie\u017co\u015bci\u0105 nuty letnich i tropikalnych owoc\u00f3w. na podniebieniu bogate nuty owocowe, podkre\u015blone przez akcenty przypraw i wanilii.<\/p>\n<p>Tradycyjny Torcik Wedlowski.<\/p>\n<p>Cukierki z nadzieniem truskawkowym w ozdobnej puszce.<\/p>\n<p>Wykwintne praliny belgijskie z nadzieniem.<\/p>\n<p>Gorzka czekolada deserowa 80% kakao.<\/p>\n<p>Czekoladka z kremowym nadzieniem karmelowym i koniakiem.<\/p>\n<p>Czarna herbata aromatyzowana<\/p>\n<p>Kawa Davidoff Fine 100% Arabica.<\/p>\n<p>Trufle czekoladowe z nadzieniem Marc de Champagne.<\/p>\n","protected":false},"featured_media":1990,"template":"","meta":{"_acf_changed":false},"product_brand":[],"product_cat":[32],"product_tag":[],"class_list":{"0":"post-2010","1":"product","2":"type-product","3":"status-publish","4":"has-post-thumbnail","6":"product_cat-zestawy-super-premium","8":"first","9":"outofstock","10":"shipping-taxable","11":"purchasable","12":"product-type-simple"},"acf":[],"yoast_head":"<!-- This site is optimized with the Yoast SEO plugin v27.3 - https:\/\/yoast.com\/product\/yoast-seo-wordpress\/ -->\n<title>Very Special Old: Zestaw Prezentowy z alkoholem - Koniak Cognac Martell VSOP | Zestawy \u015awi\u0105teczne<\/title>\n<meta name=\"description\" content=\"Zobacz produkt: Very Special Old Zestaw Prezentowy z alkoholem - Koniak Cognac Martell VSOP - dost\u0119pny online na Whisky and Wine Place wawp.pl\/prezenty !\" \/>\n<meta name=\"robots\" content=\"index, follow, max-snippet:-1, max-image-preview:large, max-video-preview:-1\" \/>\n<link rel=\"canonical\" href=\"https:\/\/wawp.pl\/prezenty\/produkt\/very-special-old-zestaw-prezentowy-z-alkoholem-koniak-cognac-martell-vsop\/\" \/>\n<meta property=\"og:locale\" content=\"pl_PL\" \/>\n<meta property=\"og:type\" content=\"article\" \/>\n<meta property=\"og:title\" content=\"Very Special Old: Zestaw Prezentowy z alkoholem - Koniak Cognac Martell VSOP | Zestawy \u015awi\u0105teczne\" \/>\n<meta property=\"og:description\" content=\"Zobacz produkt: Very Special Old Zestaw Prezentowy z alkoholem - Koniak Cognac Martell VSOP - dost\u0119pny online na Whisky and Wine Place wawp.pl\/prezenty !\" \/>\n<meta property=\"og:url\" content=\"https:\/\/wawp.pl\/prezenty\/produkt\/very-special-old-zestaw-prezentowy-z-alkoholem-koniak-cognac-martell-vsop\/\" \/>\n<meta property=\"og:site_name\" content=\"Zestawy \u015awi\u0105teczne\" \/>\n<meta property=\"article:modified_time\" content=\"2024-11-14T14:17:37+00:00\" \/>\n<meta property=\"og:image\" content=\"https:\/\/wawp.pl\/prezenty\/wp-content\/uploads\/2023\/04\/Very-Special-OLD-Zestaw-prezentowy-z-alkoholem-Koniak-Cognac-Camus-VSOP-1024x1024.png\" \/>\n\t<meta property=\"og:image:width\" content=\"1024\" \/>\n\t<meta property=\"og:image:height\" content=\"1024\" \/>\n\t<meta property=\"og:image:type\" content=\"image\/png\" \/>\n<meta name=\"twitter:card\" content=\"summary_large_image\" \/>\n<script type=\"application\/ld+json\" class=\"yoast-schema-graph\">{\"@context\":\"https:\\\/\\\/schema.org\",\"@graph\":[{\"@type\":\"WebPage\",\"@id\":\"https:\\\/\\\/wawp.pl\\\/prezenty\\\/produkt\\\/very-special-old-zestaw-prezentowy-z-alkoholem-koniak-cognac-martell-vsop\\\/\",\"url\":\"https:\\\/\\\/wawp.pl\\\/prezenty\\\/produkt\\\/very-special-old-zestaw-prezentowy-z-alkoholem-koniak-cognac-martell-vsop\\\/\",\"name\":\"Very Special Old: Zestaw Prezentowy z alkoholem - Koniak Cognac Martell VSOP | Zestawy \u015awi\u0105teczne\",\"isPartOf\":{\"@id\":\"https:\\\/\\\/wawp.pl\\\/prezenty\\\/#website\"},\"primaryImageOfPage\":{\"@id\":\"https:\\\/\\\/wawp.pl\\\/prezenty\\\/produkt\\\/very-special-old-zestaw-prezentowy-z-alkoholem-koniak-cognac-martell-vsop\\\/#primaryimage\"},\"image\":{\"@id\":\"https:\\\/\\\/wawp.pl\\\/prezenty\\\/produkt\\\/very-special-old-zestaw-prezentowy-z-alkoholem-koniak-cognac-martell-vsop\\\/#primaryimage\"},\"thumbnailUrl\":\"https:\\\/\\\/wawp.pl\\\/prezenty\\\/wp-content\\\/uploads\\\/2023\\\/04\\\/Very-Special-OLD-Zestaw-prezentowy-z-alkoholem-Koniak-Cognac-Camus-VSOP.png\",\"datePublished\":\"2023-04-26T10:20:40+00:00\",\"dateModified\":\"2024-11-14T14:17:37+00:00\",\"description\":\"Zobacz produkt: Very Special Old Zestaw Prezentowy z alkoholem - Koniak Cognac Martell VSOP - dost\u0119pny online na Whisky and Wine Place wawp.pl\\\/prezenty !\",\"breadcrumb\":{\"@id\":\"https:\\\/\\\/wawp.pl\\\/prezenty\\\/produkt\\\/very-special-old-zestaw-prezentowy-z-alkoholem-koniak-cognac-martell-vsop\\\/#breadcrumb\"},\"inLanguage\":\"pl-PL\",\"potentialAction\":[{\"@type\":\"ReadAction\",\"target\":[\"https:\\\/\\\/wawp.pl\\\/prezenty\\\/produkt\\\/very-special-old-zestaw-prezentowy-z-alkoholem-koniak-cognac-martell-vsop\\\/\"]}]},{\"@type\":\"ImageObject\",\"inLanguage\":\"pl-PL\",\"@id\":\"https:\\\/\\\/wawp.pl\\\/prezenty\\\/produkt\\\/very-special-old-zestaw-prezentowy-z-alkoholem-koniak-cognac-martell-vsop\\\/#primaryimage\",\"url\":\"https:\\\/\\\/wawp.pl\\\/prezenty\\\/wp-content\\\/uploads\\\/2023\\\/04\\\/Very-Special-OLD-Zestaw-prezentowy-z-alkoholem-Koniak-Cognac-Camus-VSOP.png\",\"contentUrl\":\"https:\\\/\\\/wawp.pl\\\/prezenty\\\/wp-content\\\/uploads\\\/2023\\\/04\\\/Very-Special-OLD-Zestaw-prezentowy-z-alkoholem-Koniak-Cognac-Camus-VSOP.png\",\"width\":1500,\"height\":1500},{\"@type\":\"BreadcrumbList\",\"@id\":\"https:\\\/\\\/wawp.pl\\\/prezenty\\\/produkt\\\/very-special-old-zestaw-prezentowy-z-alkoholem-koniak-cognac-martell-vsop\\\/#breadcrumb\",\"itemListElement\":[{\"@type\":\"ListItem\",\"position\":1,\"name\":\"Strona g\u0142\u00f3wna\",\"item\":\"https:\\\/\\\/wawp.pl\\\/prezenty\\\/\"},{\"@type\":\"ListItem\",\"position\":2,\"name\":\"Shop\",\"item\":\"https:\\\/\\\/wawp.pl\\\/prezenty\\\/shop\\\/\"},{\"@type\":\"ListItem\",\"position\":3,\"name\":\"Very Special Old\"}]},{\"@type\":\"WebSite\",\"@id\":\"https:\\\/\\\/wawp.pl\\\/prezenty\\\/#website\",\"url\":\"https:\\\/\\\/wawp.pl\\\/prezenty\\\/\",\"name\":\"Zestawy \u015awi\u0105teczne\",\"description\":\"Kosze \u015awi\u0105teczne, Podarunkowe, Prezentowe\",\"publisher\":{\"@id\":\"https:\\\/\\\/wawp.pl\\\/prezenty\\\/#organization\"},\"potentialAction\":[{\"@type\":\"SearchAction\",\"target\":{\"@type\":\"EntryPoint\",\"urlTemplate\":\"https:\\\/\\\/wawp.pl\\\/prezenty\\\/?s={search_term_string}\"},\"query-input\":{\"@type\":\"PropertyValueSpecification\",\"valueRequired\":true,\"valueName\":\"search_term_string\"}}],\"inLanguage\":\"pl-PL\"},{\"@type\":\"Organization\",\"@id\":\"https:\\\/\\\/wawp.pl\\\/prezenty\\\/#organization\",\"name\":\"Zestawy \u015awi\u0105teczne\",\"url\":\"https:\\\/\\\/wawp.pl\\\/prezenty\\\/\",\"logo\":{\"@type\":\"ImageObject\",\"inLanguage\":\"pl-PL\",\"@id\":\"https:\\\/\\\/wawp.pl\\\/prezenty\\\/#\\\/schema\\\/logo\\\/image\\\/\",\"url\":\"https:\\\/\\\/wawp.pl\\\/prezenty\\\/wp-content\\\/uploads\\\/2021\\\/11\\\/cropped-logo.png\",\"contentUrl\":\"https:\\\/\\\/wawp.pl\\\/prezenty\\\/wp-content\\\/uploads\\\/2021\\\/11\\\/cropped-logo.png\",\"width\":360,\"height\":137,\"caption\":\"Zestawy \u015awi\u0105teczne\"},\"image\":{\"@id\":\"https:\\\/\\\/wawp.pl\\\/prezenty\\\/#\\\/schema\\\/logo\\\/image\\\/\"}}]}<\/script>\n<!-- \/ Yoast SEO plugin. -->","yoast_head_json":{"title":"Very Special Old: Zestaw Prezentowy z alkoholem - Koniak Cognac Martell VSOP | Zestawy \u015awi\u0105teczne","description":"Zobacz produkt: Very Special Old Zestaw Prezentowy z alkoholem - Koniak Cognac Martell VSOP - dost\u0119pny online na Whisky and Wine Place wawp.pl\/prezenty !","robots":{"index":"index","follow":"follow","max-snippet":"max-snippet:-1","max-image-preview":"max-image-preview:large","max-video-preview":"max-video-preview:-1"},"canonical":"https:\/\/wawp.pl\/prezenty\/produkt\/very-special-old-zestaw-prezentowy-z-alkoholem-koniak-cognac-martell-vsop\/","og_locale":"pl_PL","og_type":"article","og_title":"Very Special Old: Zestaw Prezentowy z alkoholem - Koniak Cognac Martell VSOP | Zestawy \u015awi\u0105teczne","og_description":"Zobacz produkt: Very Special Old Zestaw Prezentowy z alkoholem - Koniak Cognac Martell VSOP - dost\u0119pny online na Whisky and Wine Place wawp.pl\/prezenty !","og_url":"https:\/\/wawp.pl\/prezenty\/produkt\/very-special-old-zestaw-prezentowy-z-alkoholem-koniak-cognac-martell-vsop\/","og_site_name":"Zestawy \u015awi\u0105teczne","article_modified_time":"2024-11-14T14:17:37+00:00","og_image":[{"width":1024,"height":1024,"url":"https:\/\/wawp.pl\/prezenty\/wp-content\/uploads\/2023\/04\/Very-Special-OLD-Zestaw-prezentowy-z-alkoholem-Koniak-Cognac-Camus-VSOP-1024x1024.png","type":"image\/png"}],"twitter_card":"summary_large_image","schema":{"@context":"https:\/\/schema.org","@graph":[{"@type":"WebPage","@id":"https:\/\/wawp.pl\/prezenty\/produkt\/very-special-old-zestaw-prezentowy-z-alkoholem-koniak-cognac-martell-vsop\/","url":"https:\/\/wawp.pl\/prezenty\/produkt\/very-special-old-zestaw-prezentowy-z-alkoholem-koniak-cognac-martell-vsop\/","name":"Very Special Old: Zestaw Prezentowy z alkoholem - Koniak Cognac Martell VSOP | Zestawy \u015awi\u0105teczne","isPartOf":{"@id":"https:\/\/wawp.pl\/prezenty\/#website"},"primaryImageOfPage":{"@id":"https:\/\/wawp.pl\/prezenty\/produkt\/very-special-old-zestaw-prezentowy-z-alkoholem-koniak-cognac-martell-vsop\/#primaryimage"},"image":{"@id":"https:\/\/wawp.pl\/prezenty\/produkt\/very-special-old-zestaw-prezentowy-z-alkoholem-koniak-cognac-martell-vsop\/#primaryimage"},"thumbnailUrl":"https:\/\/wawp.pl\/prezenty\/wp-content\/uploads\/2023\/04\/Very-Special-OLD-Zestaw-prezentowy-z-alkoholem-Koniak-Cognac-Camus-VSOP.png","datePublished":"2023-04-26T10:20:40+00:00","dateModified":"2024-11-14T14:17:37+00:00","description":"Zobacz produkt: Very Special Old Zestaw Prezentowy z alkoholem - Koniak Cognac Martell VSOP - dost\u0119pny online na Whisky and Wine Place wawp.pl\/prezenty !","breadcrumb":{"@id":"https:\/\/wawp.pl\/prezenty\/produkt\/very-special-old-zestaw-prezentowy-z-alkoholem-koniak-cognac-martell-vsop\/#breadcrumb"},"inLanguage":"pl-PL","potentialAction":[{"@type":"ReadAction","target":["https:\/\/wawp.pl\/prezenty\/produkt\/very-special-old-zestaw-prezentowy-z-alkoholem-koniak-cognac-martell-vsop\/"]}]},{"@type":"ImageObject","inLanguage":"pl-PL","@id":"https:\/\/wawp.pl\/prezenty\/produkt\/very-special-old-zestaw-prezentowy-z-alkoholem-koniak-cognac-martell-vsop\/#primaryimage","url":"https:\/\/wawp.pl\/prezenty\/wp-content\/uploads\/2023\/04\/Very-Special-OLD-Zestaw-prezentowy-z-alkoholem-Koniak-Cognac-Camus-VSOP.png","contentUrl":"https:\/\/wawp.pl\/prezenty\/wp-content\/uploads\/2023\/04\/Very-Special-OLD-Zestaw-prezentowy-z-alkoholem-Koniak-Cognac-Camus-VSOP.png","width":1500,"height":1500},{"@type":"BreadcrumbList","@id":"https:\/\/wawp.pl\/prezenty\/produkt\/very-special-old-zestaw-prezentowy-z-alkoholem-koniak-cognac-martell-vsop\/#breadcrumb","itemListElement":[{"@type":"ListItem","position":1,"name":"Strona g\u0142\u00f3wna","item":"https:\/\/wawp.pl\/prezenty\/"},{"@type":"ListItem","position":2,"name":"Shop","item":"https:\/\/wawp.pl\/prezenty\/shop\/"},{"@type":"ListItem","position":3,"name":"Very Special Old"}]},{"@type":"WebSite","@id":"https:\/\/wawp.pl\/prezenty\/#website","url":"https:\/\/wawp.pl\/prezenty\/","name":"Zestawy \u015awi\u0105teczne","description":"Kosze \u015awi\u0105teczne, Podarunkowe, Prezentowe","publisher":{"@id":"https:\/\/wawp.pl\/prezenty\/#organization"},"potentialAction":[{"@type":"SearchAction","target":{"@type":"EntryPoint","urlTemplate":"https:\/\/wawp.pl\/prezenty\/?s={search_term_string}"},"query-input":{"@type":"PropertyValueSpecification","valueRequired":true,"valueName":"search_term_string"}}],"inLanguage":"pl-PL"},{"@type":"Organization","@id":"https:\/\/wawp.pl\/prezenty\/#organization","name":"Zestawy \u015awi\u0105teczne","url":"https:\/\/wawp.pl\/prezenty\/","logo":{"@type":"ImageObject","inLanguage":"pl-PL","@id":"https:\/\/wawp.pl\/prezenty\/#\/schema\/logo\/image\/","url":"https:\/\/wawp.pl\/prezenty\/wp-content\/uploads\/2021\/11\/cropped-logo.png","contentUrl":"https:\/\/wawp.pl\/prezenty\/wp-content\/uploads\/2021\/11\/cropped-logo.png","width":360,"height":137,"caption":"Zestawy \u015awi\u0105teczne"},"image":{"@id":"https:\/\/wawp.pl\/prezenty\/#\/schema\/logo\/image\/"}}]}},"_links":{"self":[{"href":"https:\/\/wawp.pl\/prezenty\/wp-json\/wp\/v2\/product\/2010","targetHints":{"allow":["GET"]}}],"collection":[{"href":"https:\/\/wawp.pl\/prezenty\/wp-json\/wp\/v2\/product"}],"about":[{"href":"https:\/\/wawp.pl\/prezenty\/wp-json\/wp\/v2\/types\/product"}],"wp:featuredmedia":[{"embeddable":true,"href":"https:\/\/wawp.pl\/prezenty\/wp-json\/wp\/v2\/media\/1990"}],"wp:attachment":[{"href":"https:\/\/wawp.pl\/prezenty\/wp-json\/wp\/v2\/media?parent=2010"}],"wp:term":[{"taxonomy":"product_brand","embeddable":true,"href":"https:\/\/wawp.pl\/prezenty\/wp-json\/wp\/v2\/product_brand?post=2010"},{"taxonomy":"product_cat","embeddable":true,"href":"https:\/\/wawp.pl\/prezenty\/wp-json\/wp\/v2\/product_cat?post=2010"},{"taxonomy":"product_tag","embeddable":true,"href":"https:\/\/wawp.pl\/prezenty\/wp-json\/wp\/v2\/product_tag?post=2010"}],"curies":[{"name":"wp","href":"https:\/\/api.w.org\/{rel}","templated":true}]}}