{"id":981,"date":"2021-11-16T01:12:03","date_gmt":"2021-11-16T01:12:03","guid":{"rendered":"https:\/\/wawp.pl\/prezenty\/?page_id=981"},"modified":"2021-11-16T01:12:03","modified_gmt":"2021-11-16T01:12:03","slug":"rodo","status":"publish","type":"page","link":"https:\/\/wawp.pl\/prezenty\/rodo\/","title":{"rendered":"Rodo"},"content":{"rendered":"<div class=\"elementor-element elementor-element-db3d017 elementor-widget elementor-widget-heading\" data-id=\"db3d017\" data-element_type=\"widget\" data-widget_type=\"heading.default\">\n<div class=\"elementor-widget-container\">\n<ol>\n<li>Na podstawie przepis\u00f3w Rozporz\u0105dzenia Parlamentu Europejskiego i Rady (UE) 2016\/679 z dnia 27 kwietnia 2016 r. w sprawie ochrony os\u00f3b fizycznych w zwi\u0105zku z przetwarzaniem danych osobowych i w sprawie swobodnego przep\u0142ywu takich danych oraz uchylenia dyrektywy 95\/46\/WE (RODO), informujemy, \u017ce:<\/li>\n<li>Administratorem Pani\/Pana danych osobowych jest <a href=\"http:\/\/sklepzwhisky.pl\/\">pl<\/a> Sp. Z o.o. ul. Mi\u0144ska 23 LU 4; 03-808 Warszawa<\/li>\n<li>Pani\/Pana dane osobowe s\u0105 przetwarzane w celu realizacji zawartej umowy, wedle art. 6 ust. 1 pkt b RODO (Dz.Urz.UE.L 2016 Nr 119), a tak\u017ce na podstawie udzielonej zgody, wedle art. 6 ust. 1 pkt a RODO. Podstaw\u0105 prawn\u0105 przetwarzania danych jest realizacja zawartej umowy i Pani\/Pana zgoda.<\/li>\n<li>Podczas sk\u0142adania zam\u00f3wienia Pani\/Pan mo\u017ce wyrazi\u0107 tak\u017ce osobn\u0105 zgod\u0119 na przetwarzanie danych osobowych dla cel\u00f3w marketingowych, ofertowych, wysy\u0142ania newslettera, wiadomo\u015bci telekomunikacyjnych lub profilowania. Taka zgoda nie jest konieczna do zrealizowania umowy.<\/li>\n<li>Dost\u0119p do danych osobowych b\u0119dzie przys\u0142ugiwa\u0142 upowa\u017cnionym pracownikom sp\u00f3\u0142ki lub za Pani\/Pana zgod\u0105 tak\u017ce innym upowa\u017cnionym osobom.<\/li>\n<li>Pani\/Pana dane osobowe mog\u0105 by\u0107 przekazane podmiotom trzecim celem ich przetwarzania w zakresie niezb\u0119dnym do wykonania i rozliczenia zawartej umowy, na co nie jest wymaga odr\u0119bna zgoda.<\/li>\n<li>Podanie danych osobowych jest konieczne ze wzgl\u0119du na mo\u017cliwo\u015b\u0107 zrealizowania zawartej umowy. Bez podana tych danych umowa nie b\u0119dzie mog\u0142a by\u0107 zrealizowana. Dane osobowe b\u0119d\u0105 przetwarzane do czasu cofni\u0119cia zgody, w przypadku jej udzielenia na podstawie art. 6 ust. 1 pkt b RODO. Cofni\u0119cie zgody nie wp\u0142ywa na zgodno\u015b\u0107 z prawem przetwarzania danych, kt\u00f3rych dokonano na podstawie zgody przed jej cofni\u0119ciem. Cofni\u0119cie zgody, a tak\u017ce wszelkie inne dyspozycje odno\u015bnie przetwarzania danych osobowych nale\u017cy kierowa\u0107 na adres e-mail: info@podarunkinaokazje.pl<\/li>\n<li>W przypadku przetwarzania danych osobowych wy\u0142\u0105cznie w celu realizacji zawartej umowy, wedle art. 6 ust. 1 pkt b RODO, na co obowi\u0105zuj\u0105ce przepisy nie wymagaj\u0105 Pani\/Pana zgody, okres przetwarzania danych osobowych wynosi\u0107 b\u0119dzie sze\u015b\u0107 lat, co wynika m.in. z konieczno\u015bci przechowywania dokumentacji ksi\u0119gowej dla cel\u00f3w odpowiednich rozlicze\u0144 z organami pa\u0144stwowymi.<\/li>\n<li>Pomimo cofni\u0119cia zgody Administrator b\u0119dzie m\u00f3g\u0142 przetwarza\u0107 dane osobowe w zakresie ustalenia, dochodzenia lub obrony swoich roszcze\u0144 lub innych okoliczno\u015bci wynikaj\u0105cych z obowi\u0105zuj\u0105cych przepis\u00f3w prawa np. rozlicze\u0144 podatkowych. To samo dotyczy przypadku wniesienia sprzeciwu wobec przetwarzania danych osobowych.<\/li>\n<li>Przys\u0142uguje Pani\/Panu \u017c\u0105danie dost\u0119pu do danych osobowych oraz poprawianie danych osobowych. Ponadto prawo usuni\u0119cia lub ograniczenia przetwarzania, prawo do wniesienia sprzeciwu wobec przetwarzania, a tak\u017ce prawo do przenoszenia danych.<\/li>\n<li>Na nieprawid\u0142owe przetwarzanie Pani\/Pana danych osobowych przys\u0142uguje Pani\/Panu skarga do organu nadzorczego Prezesa Urz\u0119du Ochrony Danych Osobowych.<\/li>\n<li>Z powa\u017caniem\/Pozdrawiamy<\/li>\n<\/ol>\n<p>Zesp\u00f3\u0142 Podarunkinaokazje.pl<\/p>\n<\/div>\n<\/div>\n","protected":false},"excerpt":{"rendered":"<p>Na podstawie przepis\u00f3w Rozporz\u0105dzenia Parlamentu Europejskiego i Rady (UE) 2016\/679 z dnia 27 kwietnia 2016 r. w sprawie ochrony os\u00f3b fizycznych w zwi\u0105zku z przetwarzaniem danych osobowych i w sprawie swobodnego przep\u0142ywu takich danych oraz uchylenia dyrektywy 95\/46\/WE (RODO), informujemy, \u017ce: Administratorem Pani\/Pana danych osobowych jest pl Sp. Z o.o. ul. Mi\u0144ska 23 LU 4; [&hellip;]<\/p>\n","protected":false},"author":3,"featured_media":0,"parent":0,"menu_order":0,"comment_status":"closed","ping_status":"closed","template":"","meta":{"_acf_changed":false,"footnotes":""},"class_list":["post-981","page","type-page","status-publish","hentry"],"acf":[],"yoast_head":"<!-- This site is optimized with the Yoast SEO plugin v27.3 - https:\/\/yoast.com\/product\/yoast-seo-wordpress\/ -->\n<title>Rodo - WAWP - Sklep<\/title>\n<meta name=\"robots\" content=\"index, follow, max-snippet:-1, max-image-preview:large, max-video-preview:-1\" \/>\n<link rel=\"canonical\" href=\"https:\/\/wawp.pl\/prezenty\/rodo\/\" \/>\n<meta property=\"og:locale\" content=\"pl_PL\" \/>\n<meta property=\"og:type\" content=\"article\" \/>\n<meta property=\"og:title\" content=\"Rodo - WAWP - Sklep\" \/>\n<meta property=\"og:description\" content=\"Na podstawie przepis\u00f3w Rozporz\u0105dzenia Parlamentu Europejskiego i Rady (UE) 2016\/679 z dnia 27 kwietnia 2016 r. w sprawie ochrony os\u00f3b fizycznych w zwi\u0105zku z przetwarzaniem danych osobowych i w sprawie swobodnego przep\u0142ywu takich danych oraz uchylenia dyrektywy 95\/46\/WE (RODO), informujemy, \u017ce: Administratorem Pani\/Pana danych osobowych jest pl Sp. Z o.o. ul. Mi\u0144ska 23 LU 4; [&hellip;]\" \/>\n<meta property=\"og:url\" content=\"https:\/\/wawp.pl\/prezenty\/rodo\/\" \/>\n<meta property=\"og:site_name\" content=\"WAWP - Sklep\" \/>\n<meta name=\"twitter:card\" content=\"summary_large_image\" \/>\n<meta name=\"twitter:label1\" content=\"Szacowany czas czytania\" \/>\n\t<meta name=\"twitter:data1\" content=\"2 minuty\" \/>\n<script type=\"application\/ld+json\" class=\"yoast-schema-graph\">{\"@context\":\"https:\\\/\\\/schema.org\",\"@graph\":[{\"@type\":\"WebPage\",\"@id\":\"https:\\\/\\\/wawp.pl\\\/prezenty\\\/rodo\\\/\",\"url\":\"https:\\\/\\\/wawp.pl\\\/prezenty\\\/rodo\\\/\",\"name\":\"Rodo - WAWP - Sklep\",\"isPartOf\":{\"@id\":\"https:\\\/\\\/wawp.pl\\\/prezenty\\\/#website\"},\"datePublished\":\"2021-11-16T01:12:03+00:00\",\"breadcrumb\":{\"@id\":\"https:\\\/\\\/wawp.pl\\\/prezenty\\\/rodo\\\/#breadcrumb\"},\"inLanguage\":\"pl-PL\",\"potentialAction\":[{\"@type\":\"ReadAction\",\"target\":[\"https:\\\/\\\/wawp.pl\\\/prezenty\\\/rodo\\\/\"]}]},{\"@type\":\"BreadcrumbList\",\"@id\":\"https:\\\/\\\/wawp.pl\\\/prezenty\\\/rodo\\\/#breadcrumb\",\"itemListElement\":[{\"@type\":\"ListItem\",\"position\":1,\"name\":\"Strona g\u0142\u00f3wna\",\"item\":\"https:\\\/\\\/wawp.pl\\\/prezenty\\\/\"},{\"@type\":\"ListItem\",\"position\":2,\"name\":\"Rodo\"}]},{\"@type\":\"WebSite\",\"@id\":\"https:\\\/\\\/wawp.pl\\\/prezenty\\\/#website\",\"url\":\"https:\\\/\\\/wawp.pl\\\/prezenty\\\/\",\"name\":\"WAWP - Sklep\",\"description\":\"Kosze \u015awi\u0105teczne, Podarunkowe, Prezentowe\",\"publisher\":{\"@id\":\"https:\\\/\\\/wawp.pl\\\/prezenty\\\/#organization\"},\"potentialAction\":[{\"@type\":\"SearchAction\",\"target\":{\"@type\":\"EntryPoint\",\"urlTemplate\":\"https:\\\/\\\/wawp.pl\\\/prezenty\\\/?s={search_term_string}\"},\"query-input\":{\"@type\":\"PropertyValueSpecification\",\"valueRequired\":true,\"valueName\":\"search_term_string\"}}],\"inLanguage\":\"pl-PL\"},{\"@type\":\"Organization\",\"@id\":\"https:\\\/\\\/wawp.pl\\\/prezenty\\\/#organization\",\"name\":\"WAWP - Sklep\",\"url\":\"https:\\\/\\\/wawp.pl\\\/prezenty\\\/\",\"logo\":{\"@type\":\"ImageObject\",\"inLanguage\":\"pl-PL\",\"@id\":\"https:\\\/\\\/wawp.pl\\\/prezenty\\\/#\\\/schema\\\/logo\\\/image\\\/\",\"url\":\"https:\\\/\\\/wawp.pl\\\/prezenty\\\/wp-content\\\/uploads\\\/2021\\\/11\\\/cropped-logo.png\",\"contentUrl\":\"https:\\\/\\\/wawp.pl\\\/prezenty\\\/wp-content\\\/uploads\\\/2021\\\/11\\\/cropped-logo.png\",\"width\":360,\"height\":137,\"caption\":\"WAWP - Sklep\"},\"image\":{\"@id\":\"https:\\\/\\\/wawp.pl\\\/prezenty\\\/#\\\/schema\\\/logo\\\/image\\\/\"}}]}<\/script>\n<!-- \/ Yoast SEO plugin. -->","yoast_head_json":{"title":"Rodo - WAWP - Sklep","robots":{"index":"index","follow":"follow","max-snippet":"max-snippet:-1","max-image-preview":"max-image-preview:large","max-video-preview":"max-video-preview:-1"},"canonical":"https:\/\/wawp.pl\/prezenty\/rodo\/","og_locale":"pl_PL","og_type":"article","og_title":"Rodo - WAWP - Sklep","og_description":"Na podstawie przepis\u00f3w Rozporz\u0105dzenia Parlamentu Europejskiego i Rady (UE) 2016\/679 z dnia 27 kwietnia 2016 r. w sprawie ochrony os\u00f3b fizycznych w zwi\u0105zku z przetwarzaniem danych osobowych i w sprawie swobodnego przep\u0142ywu takich danych oraz uchylenia dyrektywy 95\/46\/WE (RODO), informujemy, \u017ce: Administratorem Pani\/Pana danych osobowych jest pl Sp. Z o.o. ul. Mi\u0144ska 23 LU 4; [&hellip;]","og_url":"https:\/\/wawp.pl\/prezenty\/rodo\/","og_site_name":"WAWP - Sklep","twitter_card":"summary_large_image","twitter_misc":{"Szacowany czas czytania":"2 minuty"},"schema":{"@context":"https:\/\/schema.org","@graph":[{"@type":"WebPage","@id":"https:\/\/wawp.pl\/prezenty\/rodo\/","url":"https:\/\/wawp.pl\/prezenty\/rodo\/","name":"Rodo - WAWP - Sklep","isPartOf":{"@id":"https:\/\/wawp.pl\/prezenty\/#website"},"datePublished":"2021-11-16T01:12:03+00:00","breadcrumb":{"@id":"https:\/\/wawp.pl\/prezenty\/rodo\/#breadcrumb"},"inLanguage":"pl-PL","potentialAction":[{"@type":"ReadAction","target":["https:\/\/wawp.pl\/prezenty\/rodo\/"]}]},{"@type":"BreadcrumbList","@id":"https:\/\/wawp.pl\/prezenty\/rodo\/#breadcrumb","itemListElement":[{"@type":"ListItem","position":1,"name":"Strona g\u0142\u00f3wna","item":"https:\/\/wawp.pl\/prezenty\/"},{"@type":"ListItem","position":2,"name":"Rodo"}]},{"@type":"WebSite","@id":"https:\/\/wawp.pl\/prezenty\/#website","url":"https:\/\/wawp.pl\/prezenty\/","name":"WAWP - Sklep","description":"Kosze \u015awi\u0105teczne, Podarunkowe, Prezentowe","publisher":{"@id":"https:\/\/wawp.pl\/prezenty\/#organization"},"potentialAction":[{"@type":"SearchAction","target":{"@type":"EntryPoint","urlTemplate":"https:\/\/wawp.pl\/prezenty\/?s={search_term_string}"},"query-input":{"@type":"PropertyValueSpecification","valueRequired":true,"valueName":"search_term_string"}}],"inLanguage":"pl-PL"},{"@type":"Organization","@id":"https:\/\/wawp.pl\/prezenty\/#organization","name":"WAWP - Sklep","url":"https:\/\/wawp.pl\/prezenty\/","logo":{"@type":"ImageObject","inLanguage":"pl-PL","@id":"https:\/\/wawp.pl\/prezenty\/#\/schema\/logo\/image\/","url":"https:\/\/wawp.pl\/prezenty\/wp-content\/uploads\/2021\/11\/cropped-logo.png","contentUrl":"https:\/\/wawp.pl\/prezenty\/wp-content\/uploads\/2021\/11\/cropped-logo.png","width":360,"height":137,"caption":"WAWP - Sklep"},"image":{"@id":"https:\/\/wawp.pl\/prezenty\/#\/schema\/logo\/image\/"}}]}},"_links":{"self":[{"href":"https:\/\/wawp.pl\/prezenty\/wp-json\/wp\/v2\/pages\/981","targetHints":{"allow":["GET"]}}],"collection":[{"href":"https:\/\/wawp.pl\/prezenty\/wp-json\/wp\/v2\/pages"}],"about":[{"href":"https:\/\/wawp.pl\/prezenty\/wp-json\/wp\/v2\/types\/page"}],"author":[{"embeddable":true,"href":"https:\/\/wawp.pl\/prezenty\/wp-json\/wp\/v2\/users\/3"}],"replies":[{"embeddable":true,"href":"https:\/\/wawp.pl\/prezenty\/wp-json\/wp\/v2\/comments?post=981"}],"version-history":[{"count":1,"href":"https:\/\/wawp.pl\/prezenty\/wp-json\/wp\/v2\/pages\/981\/revisions"}],"predecessor-version":[{"id":982,"href":"https:\/\/wawp.pl\/prezenty\/wp-json\/wp\/v2\/pages\/981\/revisions\/982"}],"wp:attachment":[{"href":"https:\/\/wawp.pl\/prezenty\/wp-json\/wp\/v2\/media?parent=981"}],"curies":[{"name":"wp","href":"https:\/\/api.w.org\/{rel}","templated":true}]}}