{"id":843,"date":"2021-11-10T01:46:58","date_gmt":"2021-11-10T01:46:58","guid":{"rendered":"https:\/\/wawp.pl\/prezenty\/?page_id=843"},"modified":"2021-11-23T12:50:25","modified_gmt":"2021-11-23T12:50:25","slug":"zwroty-i-reklamacje","status":"publish","type":"page","link":"https:\/\/wawp.pl\/prezenty\/zwroty-i-reklamacje\/","title":{"rendered":"Zwroty i reklamacje"},"content":{"rendered":"\t\t<div data-elementor-type=\"wp-page\" data-elementor-id=\"843\" class=\"elementor elementor-843\" data-elementor-post-type=\"page\">\n\t\t\t\t\t\t<section class=\"elementor-section elementor-top-section elementor-element elementor-element-528c322 elementor-section-boxed elementor-section-height-default elementor-section-height-default\" data-id=\"528c322\" data-element_type=\"section\" data-e-type=\"section\">\n\t\t\t\t\t\t<div class=\"elementor-container elementor-column-gap-default\">\n\t\t\t\t\t<div class=\"elementor-column elementor-col-100 elementor-top-column elementor-element elementor-element-7b074fd\" data-id=\"7b074fd\" data-element_type=\"column\" data-e-type=\"column\">\n\t\t\t<div class=\"elementor-widget-wrap elementor-element-populated\">\n\t\t\t\t\t\t<div class=\"elementor-element elementor-element-2a47528 elementor-widget elementor-widget-spacer\" data-id=\"2a47528\" data-element_type=\"widget\" data-e-type=\"widget\" data-widget_type=\"spacer.default\">\n\t\t\t\t<div class=\"elementor-widget-container\">\n\t\t\t\t\t\t\t<div class=\"elementor-spacer\">\n\t\t\t<div class=\"elementor-spacer-inner\"><\/div>\n\t\t<\/div>\n\t\t\t\t\t\t<\/div>\n\t\t\t\t<\/div>\n\t\t\t\t<div class=\"elementor-element elementor-element-953aa4f elementor-widget elementor-widget-text-editor\" data-id=\"953aa4f\" data-element_type=\"widget\" data-e-type=\"widget\" data-widget_type=\"text-editor.default\">\n\t\t\t\t<div class=\"elementor-widget-container\">\n\t\t\t\t\t\t\t\t\t<p><strong>Prawo odst\u0105pienia od umowy<\/strong><\/p><p>Maj\u0105 Pa\u0144stwo prawo odst\u0105pi\u0107 od niniejszej umowy w terminie <strong>14<\/strong> dni bez podania jakiejkolwiek przyczyny.<\/p><p>Termin do odst\u0105pienia od umowy wygasa po up\u0142ywie <strong>14<\/strong> dni od dnia, <strong>w kt\u00f3rym weszli Pa\u0144stwo w posiadanie ostatniej partii lub cz\u0119\u015bci lub w kt\u00f3rym osoba trzecia inna ni\u017c przewo\u017anik i wskazana przez Pa\u0144stwa wesz\u0142a w posiadanie ostatniej partii lub cz\u0119\u015bci.<\/strong><\/p><p>Aby skorzysta\u0107 z prawa odst\u0105pienia od umowy, musz\u0105 Pa\u0144stwo poinformowa\u0107 nas <a href=\"https:\/\/wawp.pl\/prezenty\">podarunkinaokazje.pl<\/a><strong> Pick and Taste \u0141ukasz Sosi\u0144ski, Piotr Ko\u0142odziejczak Sp. J., ul. Jana Kazimierza 30 lok 7, 01-248 Warszawa<\/strong><\/p><p>info@podarunkinaokazje.pl o swojej decyzji o odst\u0105pieniu od niniejszej umowy w drodze jednoznacznego o\u015bwiadczenia (na przyk\u0142ad pismo wys\u0142ane poczt\u0105, faksem lub poczt\u0105 elektroniczn\u0105).<\/p><p>Mog\u0105 Pa\u0144stwo skorzysta\u0107 z wzoru formularza odst\u0105pienia od umowy, jednak nie jest to obowi\u0105zkowe.<\/p><p><strong>Mog\u0105 Pa\u0144stwo r\u00f3wnie\u017c wype\u0142ni\u0107 i przes\u0142a\u0107 formularz odst\u0105pienia od umowy lub jakiekolwiek inne jednoznaczne o\u015bwiadczenie drog\u0105 elektroniczn\u0105 na naszej stronie internetowej www.podarunkinaokazje.pl. Je\u017celi skorzystaj\u0105 Pa\u0144stwo z tej mo\u017cliwo\u015bci, prze\u015blemy Pa\u0144stwu niezw\u0142ocznie potwierdzenie otrzymania informacji o odst\u0105pieniu od umowy na trwa\u0142ym no\u015bniku (na przyk\u0142ad poczt\u0105 elektroniczn\u0105).<\/strong><\/p><p>Aby zachowa\u0107 termin do odst\u0105pienia od umowy, wystarczy, aby wys\u0142ali Pa\u0144stwo informacj\u0119 dotycz\u0105c\u0105 wykonania przys\u0142uguj\u0105cego Pa\u0144stwu prawa odst\u0105pienia od umowy przed up\u0142ywem terminu do odst\u0105pienia od umowy.<\/p><p><strong>Skutki odst\u0105pienia od umowy<\/strong><\/p><p>W przypadku odst\u0105pienia od niniejszej umowy zwracamy Pa\u0144stwu wszystkie otrzymane od Pa\u0144stwa p\u0142atno\u015bci, w tym koszty dostarczenia rzeczy (z wyj\u0105tkiem dodatkowych koszt\u00f3w wynikaj\u0105cych z wybranego przez Pa\u0144stwa sposobu dostarczenia innego ni\u017c najta\u0144szy zwyk\u0142y spos\u00f3b dostarczenia oferowany przez nas), niezw\u0142ocznie, a w ka\u017cdym przypadku nie p\u00f3\u017aniej ni\u017c 14 dni od dnia, w kt\u00f3rym zostali\u015bmy poinformowani o Pa\u0144stwa decyzji o wykonaniu prawa odst\u0105pienia od niniejszej umowy. Zwrotu p\u0142atno\u015bci dokonamy przy u\u017cyciu takich samych sposob\u00f3w p\u0142atno\u015bci, jakie zosta\u0142y przez Pa\u0144stwa u\u017cyte w pierwotnej transakcji, chyba \u017ce wyra\u017anie zgodzili\u015bcie si\u0119 Pa\u0144stwo na inne rozwi\u0105zanie; w ka\u017cdym przypadku nie ponios\u0105 Pa\u0144stwo \u017cadnych op\u0142at w zwi\u0105zku z tym zwrotem.<\/p><p><strong>Mo\u017cemy wstrzyma\u0107 si\u0119 ze zwrotem p\u0142atno\u015bci do czasu otrzymania rzeczy lub do czasu dostarczenia nam dowodu jej odes\u0142ania, w zale\u017cno\u015bci od tego, kt\u00f3re zdarzenie nast\u0105pi wcze\u015bniej.<\/strong><\/p><p><strong>Prosz\u0119 odes\u0142a\u0107 lub przekaza\u0107 nam rzecz na adres:<\/strong><\/p><p><a href=\"https:\/\/wawp.pl\/prezenty\">podarunkinaokazje.pl<\/a> <strong> Pick and Taste \u0141ukasz Sosi\u0144ski, Piotr Ko\u0142odziejczak Sp. J., ul. Jana Kazimierza 30 lok 7, 01-248 Warszawa<\/strong><\/p><p><strong>niezw\u0142ocznie, a w ka\u017cdym razie nie p\u00f3\u017aniej ni\u017c 14 dni od dnia, w kt\u00f3rym poinformowali nas Pa\u0144stwo o odst\u0105pieniu od niniejszej umowy.<\/strong><\/p><p><strong>Termin jest zachowany, je\u017celi ode\u015bl\u0105 Pa\u0144stwo rzecz przed up\u0142ywem terminu 14 dni.<\/strong><\/p><p><strong>REGULAMIN PE\u0141NOMOCNICTWA DO ODBIORU TOWARU ZE SKLEPU ZAM\u00d3WIONEGO PRZY U\u017bYCIU ELEKTRONICZNEJ PLATFORMY DO SK\u0141ADANIA ZAM\u00d3WIE\u0143 W SKLEPIE \u201epodarunkinaokazje.pl\u201d<\/strong><\/p><p><strong>\u00a0<\/strong><\/p><ol><li><strong> Definicje<\/strong><\/li><\/ol><p>U\u017cyte w Regulaminie poj\u0119cia oznaczaj\u0105:<\/p><p>1.1. <strong>Klient<\/strong> \u2013 osoba fizyczna, osoba prawna lub jednostka organizacyjna nieb\u0119d\u0105ca osob\u0105 prawn\u0105, kt\u00f3rej przepisy szczeg\u00f3lne przyznaj\u0105 zdolno\u015b\u0107 prawn\u0105, kt\u00f3ra dokonuje <strong>Zam\u00f3wienia<\/strong> w ramach elektronicznej platformy do sk\u0142adania zam\u00f3wie\u0144;<\/p><p>1.2. <strong>Kodeks Cywilny<\/strong> \u2013 ustawa Kodeks cywilny z dnia 23 kwietnia 1964 r. (Dz.U. Nr 16, poz. 93 ze zm.);<\/p><p>1.3. <strong>Regulamin<\/strong> \u2013 niniejszy<strong> Regulamin<\/strong> okre\u015blaj\u0105cy podstawowe zasady dzia\u0142ania <strong>Pe\u0142nomocnika<\/strong> do odbioru <strong>Towaru<\/strong> ze <strong>Podarunkinaokazje.pl<\/strong> zam\u00f3wionego przy u\u017cyciu elektronicznej platformy do sk\u0142adania zam\u00f3wie\u0144;<\/p><p>1.4. <strong>Sklep<\/strong> \u2013 stacjonarny punkt sprzeda\u017cy znajduj\u0105cym si\u0119 w Warszawie przy ulicy Bony 46; 02-496, w kt\u00f3rym mo\u017cna sk\u0142ada\u0107 zam\u00f3wienia przy u\u017cyciu elektronicznej platformy dost\u0119pnej pod www.podarunkinaokazje.pl.<\/p><p>1.5. <strong>Towar<\/strong> \u2013 produkty prezentowane w elektronicznej platformie, kt\u00f3re mo\u017cna naby\u0107 w Sklepie;<\/p><p>1.6. <strong>Umowa sprzeda\u017cy<\/strong> \u2013 umowa sprzeda\u017cy <strong>Towar\u00f3w<\/strong> w rozumieniu <strong>Kodeksu Cywilnego<\/strong>, zawarta pomi\u0119dzy <a href=\"https:\/\/wawp.pl\/prezenty\">podarunkinaokazje.pl<\/a>\u00a0<strong> Pick and Taste \u0141ukasz Sosi\u0144ski, Piotr Ko\u0142odziejczak Sp. J., ul. Jana Kazimierza 30 lok 7, 01-248 Warszawa<\/strong>, a <strong>Klientem<\/strong>, realizowana w <strong>Sklepie<\/strong> znajduj\u0105cym si\u0119 w Warszawie na ulicy Mi\u0144skiej 23 LU 4; 03-808 Warszawa.<\/p><p>1.7. <strong>Ustawa o prawach konsumenta<\/strong> \u2013 ustawa z dnia 30 maja 2014 r. o prawach konsumenta (Dz.U. z 2014 r. poz. 827 ze zm.);<\/p><p>1.8. <strong>Ustawa o \u015bwiadczeniu us\u0142ug drog\u0105 elektroniczn\u0105<\/strong> \u2013 ustawa z dnia 18 lipca 2002 r. o \u015bwiadczeniu us\u0142ug drog\u0105 elektroniczn\u0105 (Dz. U. Nr 144, poz. 1204 ze zm.);<\/p><p>1.9. <strong>Zam\u00f3wienie<\/strong> \u2013 o\u015bwiadczenie woli <strong>Klienta<\/strong>, zmierzaj\u0105ce bezpo\u015brednio do zawarcia <strong>Umowy sprzeda\u017cy<\/strong> w <strong>Sklepie<\/strong>, okre\u015blaj\u0105ce w szczeg\u00f3lno\u015bci rodzaj i liczb\u0119 <strong>Towaru<\/strong>;<\/p><p>1.10. <strong>EP<\/strong> \u2013 elektroniczna platforma do sk\u0142adania zam\u00f3wie\u0144 w <strong>Sklepie<\/strong> prowadzona pod www.podarunkinaokazje.pl.<\/p><p>1.11 <strong>Pe\u0142nomocnik<\/strong> \u2013 osoba, kt\u00f3rej Klient udzieli\u0142 pe\u0142nomocnictwa do odbioru w jego imieniu <strong>Towaru<\/strong> ze <strong>Sklepu<\/strong>, na zasadach okre\u015blonych niniejszym <strong>Regulaminem<\/strong>.<\/p><p><strong>\u00a0<\/strong><\/p><ol><li><strong> Postanowienia og\u00f3lne<\/strong><\/li><\/ol><p>2.1. <strong>Regulamin<\/strong> okre\u015bla zasady udzielania pe\u0142nomocnictwa Pe\u0142nomocnikowi do odbioru ze <strong>Sklepu Towar\u00f3w<\/strong> zam\u00f3wionych przy u\u017cyciu <strong>EP<\/strong> znajduj\u0105cej si\u0119 na www.podarunkinaokazje.pl<\/p><p>2.2. <strong>Regulamin<\/strong> jest dokumentem, o kt\u00f3rym mowa w art. 8 Ustawy o \u015bwiadczeniu us\u0142ug drog\u0105 elektroniczn\u0105.<\/p><p>2.3. <strong>Sklep<\/strong>, w kt\u00f3rym mo\u017cna sk\u0142ada\u0107 zam\u00f3wienia za po\u015brednictwem <strong>EP<\/strong>, prowadzony jest przez <a href=\"https:\/\/wawp.pl\/prezenty\">podarunkinaokazje.pl<\/a>\u00a0<strong> Pick and Taste \u0141ukasz Sosi\u0144ski, Piotr Ko\u0142odziejczak Sp. J., ul. Jana Kazimierza 30 lok 7, 01-248 Warszawa<\/strong>. <strong>Pe\u0142nomocnik<\/strong> jest odr\u0119bnym od w\/w podmiotem prawa i dzia\u0142a na rzecz <strong>Klienta<\/strong>.<\/p><p>2.4. <strong>Regulamin<\/strong> okre\u015bla w szczeg\u00f3lno\u015bci zasady udzielania pe\u0142nomocnictwa i wydania <strong>Towaru Klientowi<\/strong>.<\/p><p>2.5. <strong>Pe\u0142nomocnik<\/strong> mo\u017ce dzia\u0142a\u0107 jedynie na rzecz <strong>Klienta<\/strong>, kt\u00f3ry uko\u0144czy\u0142 wiek 18 lat.<\/p><p>2.6. <strong>Pe\u0142nomocnik<\/strong> nie wyda <strong>Towaru<\/strong> osobie, kt\u00f3rej zachowanie wskazuje, \u017ce jest nietrze\u017awa.<\/p><p>2.7. <strong>Pe\u0142nomocnik<\/strong> nie zawiera <strong>Umowy sprzeda\u017cy Towaru<\/strong>.<\/p><p>2.8. <strong>Klient<\/strong> mo\u017ce uzyska\u0107 dost\u0119p do <strong>Regulaminu<\/strong> w ka\u017cdym czasie za po\u015brednictwem odsy\u0142acza zamieszczonego na stronie g\u0142\u00f3wnej serwisu oraz pobra\u0107 go i sporz\u0105dzi\u0107 wydruk.<\/p><p>2.9. <strong>Umowa sprzeda\u017cy Towaru<\/strong> zawierana i realizowana jest wy\u0142\u0105cznie w <strong>Sklepie<\/strong>.<\/p><p>2.10. Warunkiem skorzystania z czynno\u015bci wykonywanych przez <strong>Pe\u0142nomocnika<\/strong> jest prawid\u0142owa rejestracja w <strong>EP<\/strong> na warunkach okre\u015blonych w przypisanym do niej regulaminie.<\/p><p>2.11. Warunkiem skorzystania z czynno\u015bci <strong>Pe\u0142nomocnika<\/strong> jest wyra\u017cenie zgody na tre\u015b\u0107 <strong>Regulaminu<\/strong> oraz podanie danych osobowych oznaczonych jako obowi\u0105zkowe.<\/p><p>2.12. <strong>Klient<\/strong> upowa\u017cnia <strong>Pe\u0142nomocnika<\/strong> do przetwarzania swoich danych osobowych w celu realizacji pe\u0142nomocnictwa.<\/p><p><strong>III. Wykonanie pe\u0142nomocnictwa<\/strong><\/p><p>3.1. Wykonanie pe\u0142nomocnictwa przez <strong>Pe\u0142nomocnika<\/strong> polega na odbiorze <strong>Towaru<\/strong> w punkcie sprzeda\u017cy, tj. w <strong>Sklepie<\/strong> znajduj\u0105cym si\u0119 w Warszawie na ulicy Mi\u0144ska 23 LU 4; 03-808, a nast\u0119pnie dostarczeniu pod wskazany przez <strong>Klienta<\/strong> adres.<\/p><p>3.2. W celu wykonania pe\u0142nomocnictwa <strong>Klient<\/strong> udziela pe\u0142nomocnictwa<\/p><p>3.3. <strong>Pe\u0142nomocnik<\/strong> dostarczy nabyty <strong>Towar<\/strong> przesy\u0142k\u0105 kuriersk\u0105 lub w inny uzgodniony z <strong>Klientem<\/strong> spos\u00f3b. Koszty dostawy wraz z wynagrodzeniem <strong>Pe\u0142nomocnika<\/strong> wskazane s\u0105 w <strong>EP<\/strong>. Dodatkowo koszty dostawy zostan\u0105 wskazane w czasie sk\u0142adania <strong>Zam\u00f3wienia<\/strong>, o ile <strong>Klient<\/strong> wybierze odbi\u00f3r<strong> Towaru<\/strong> przez <strong>Pe\u0142nomocnika<\/strong>.<\/p><p>3.4. <strong>Pe\u0142nomocnik<\/strong> zrealizuje dostaw\u0119 w terminie do 3 dni roboczych licz\u0105c od dnia odbioru na rzecz <strong>Klienta Towaru<\/strong> ze <strong>Sklepu<\/strong>.<\/p><p>3.5. <strong>Pe\u0142nomocnik<\/strong> mo\u017ce dzia\u0142a\u0107 w imieniu w\u0142asnym i na rzecz <strong>Klienta<\/strong>, jak r\u00f3wnie\u017c bezpo\u015brednio w imieniu <strong>Klienta<\/strong> i na jego rzecz, w zale\u017cno\u015bci od swojego wyboru.<\/p><ol><li><strong> Wynagrodzenie Pe\u0142nomocnika<\/strong><\/li><\/ol><p>4.1. Wysoko\u015b\u0107 wynagrodzenia <strong>Pe\u0142nomocnika<\/strong> z tytu\u0142u realizacji pe\u0142nomocnictwa podawana jest w z\u0142otych polskich i zawiera wszystkie sk\u0142adniki, w tym podatek VAT (z wyr\u00f3\u017cnieniem wysoko\u015bci stawki) oraz wszelkie inne op\u0142aty.<\/p><p>4.2. Wysoko\u015b\u0107 wynagrodzenia <strong>Pe\u0142nomocnika<\/strong> uzale\u017cniona jest od wybranego przez <strong>Klienta<\/strong> sposobu dostawy i wymieniona jest na stronie <strong>EP<\/strong>. Dodatkowo zostanie wskazana podczas sk\u0142adania <strong>Zam\u00f3wienia<\/strong>, o ile <strong>Klient<\/strong> wybierze opcj\u0119 odbioru <strong>Towaru<\/strong> przez <strong>Pe\u0142nomocnika<\/strong>.<\/p><p>4.3.<strong> Klient<\/strong> uiszcza wynagrodzenie <strong>Pe\u0142nomocnika<\/strong> wraz z zap\u0142at\u0105 ceny za nabywany w <strong>Sklepie Towar<\/strong> i wed\u0142ug sposob\u00f3w tam wskazanych i przez siebie wybranych.<\/p><p>4.4. <strong>Klient<\/strong> upowa\u017cnia <strong>Pe\u0142nomocnika<\/strong> do odbioru od <a href=\"https:\/\/wawp.pl\/prezenty\">podarunkinaokazje.pl<\/a> Pick and Taste \u0141ukasz Sosi\u0144ski, Piotr Ko\u0142odziejczak Sp. J., ul. Jana Kazimierza 30 lok 7, 01-248 Warszawa\u00a0przekazanego wynagrodzenia <strong>Pe\u0142nomocnika<\/strong>.<\/p><ol><li><strong> Prawo odst\u0105pienia<\/strong><\/li><\/ol><p>5.1. <strong>Klient<\/strong> ma prawo odst\u0105pi\u0107 od odbioru <strong>Towaru<\/strong> przez <strong>Pe\u0142nomocnika<\/strong> do czasu wys\u0142ania do niego <strong>Towaru<\/strong>.<\/p><p>5.2. W przypadku skorzystania z prawa odst\u0105pienia <strong>Towar<\/strong> b\u0119dzie wydany wy\u0142\u0105cznie w <strong>Sklepie<\/strong>.<\/p><p>5.3. Prawo odst\u0105pienia wykonuje si\u0119 poprzez z\u0142o\u017cenie o\u015bwiadczenia <strong>Pe\u0142nomocnikowi<\/strong> na adres e-mail: info@podarunkinaokazje.pl lub w inny spos\u00f3b nie budz\u0105cy w\u0105tpliwo\u015bci, \u017ce o\u015bwiadczenie dotar\u0142o do adresata.<\/p><p>5.4. W przypadku odst\u0105pienia do czasu wys\u0142ania <strong>Towaru<\/strong> do <strong>Klienta<\/strong>, <strong>Klientowi<\/strong> zostanie zwr\u00f3cone pobrane wynagrodzenie <strong>Pe\u0142nomocnika<\/strong>. Zwrot nast\u0105pi w ten sam spos\u00f3b, w jaki nast\u0105pi\u0142a zap\u0142ata.<\/p><ol><li><strong> Postanowienia ko\u0144cowe<\/strong><\/li><\/ol><p>6.1. Rozstrzyganie ewentualnych spor\u00f3w powsta\u0142ych pomi\u0119dzy <strong>Pe\u0142nomocnikiem<\/strong>, a <strong>Klientem<\/strong>, kt\u00f3ry jest konsumentem w rozumieniu art. 22[1] <strong>Kodeksu Cywilnego<\/strong>, zostaje poddane s\u0105dom w\u0142a\u015bciwym zgodnie z postanowieniami w\u0142a\u015bciwych przepis\u00f3w Kodeksu post\u0119powania cywilnego.<\/p><p>6.2. Rozstrzyganie ewentualnych spor\u00f3w powsta\u0142ych pomi\u0119dzy <strong>Pe\u0142nomocnikiem<\/strong>, a <strong>Klientem<\/strong>, kt\u00f3ry nie jest konsumentem w rozumieniu art. 22[1] <strong>Kodeksu Cywilnego<\/strong>, zostaje poddane s\u0105dowi w\u0142a\u015bciwemu ze wzgl\u0119du na siedzib\u0119 <strong>Pe\u0142nomocnika<\/strong>.<\/p><p>6.3. W sprawach nieuregulowanych w niniejszym <strong>Regulaminie<\/strong> maj\u0105 zastosowanie przepisy <strong>Kodeksu cywilnego<\/strong> oraz inne w\u0142a\u015bciwe przepisy prawa polskiego.<\/p><p>6.4. Akceptuj\u0105c <strong>Regulamin, Klient<\/strong> wyra\u017ca zgod\u0119 na przetwarzanie jego danych osobowych zawartych w z\u0142o\u017conym <strong>Zam\u00f3wieniu<\/strong> dla potrzeb niezb\u0119dnych do realizacji zawartej umowy \u2013 zgodnie z przepisami Rozporz\u0105dzenia Parlamentu Europejskiego i Rady (UE) 2016\/679 z dnia 27 kwietnia 2016 r. w sprawie ochrony os\u00f3b fizycznych w zwi\u0105zku z przetwarzaniem danych osobowych i w sprawie swobodnego przep\u0142ywu takich danych oraz uchylenia dyrektywy 95\/46\/WE (RODO).<\/p><p style=\"text-align: left;\">6.5 Akceptuj\u0105c <strong>Regulamin, Klient<\/strong> o\u015bwiadcza, \u017ce zapozna\u0142 si\u0119 z Klauzul\u0105 Informacyjn\u0105 w zakresie przetwarzania jego danych osobowych w my\u015bl przepis\u00f3w Rozporz\u0105dzenia Parlamentu Europejskiego i Rady (UE) 2016\/679 z dnia 27 kwietnia 2016 r. w sprawie ochrony os\u00f3b fizycznych w zwi\u0105zku z przetwarzaniem danych osobowych i w sprawie swobodnego przep\u0142ywu takich danych oraz uchylenia dyrektywy 95\/46\/WE (RODO).<\/p>\t\t\t\t\t\t\t\t<\/div>\n\t\t\t\t<\/div>\n\t\t\t\t\t<\/div>\n\t\t<\/div>\n\t\t\t\t\t<\/div>\n\t\t<\/section>\n\t\t\t\t<section class=\"elementor-section elementor-top-section elementor-element elementor-element-99abbeb elementor-section-boxed elementor-section-height-default elementor-section-height-default\" data-id=\"99abbeb\" data-element_type=\"section\" data-e-type=\"section\">\n\t\t\t\t\t\t<div class=\"elementor-container elementor-column-gap-default\">\n\t\t\t\t\t<div class=\"elementor-column elementor-col-100 elementor-top-column elementor-element elementor-element-aabb71b\" data-id=\"aabb71b\" data-element_type=\"column\" data-e-type=\"column\">\n\t\t\t<div class=\"elementor-widget-wrap elementor-element-populated\">\n\t\t\t\t\t\t<div class=\"elementor-element elementor-element-53874ec elementor-widget elementor-widget-spacer\" data-id=\"53874ec\" data-element_type=\"widget\" data-e-type=\"widget\" data-widget_type=\"spacer.default\">\n\t\t\t\t<div class=\"elementor-widget-container\">\n\t\t\t\t\t\t\t<div class=\"elementor-spacer\">\n\t\t\t<div class=\"elementor-spacer-inner\"><\/div>\n\t\t<\/div>\n\t\t\t\t\t\t<\/div>\n\t\t\t\t<\/div>\n\t\t\t\t\t<\/div>\n\t\t<\/div>\n\t\t\t\t\t<\/div>\n\t\t<\/section>\n\t\t\t\t<\/div>\n\t\t","protected":false},"excerpt":{"rendered":"<p>Prawo odst\u0105pienia od umowy Maj\u0105 Pa\u0144stwo prawo odst\u0105pi\u0107 od niniejszej umowy w terminie 14 dni bez podania jakiejkolwiek przyczyny. Termin do odst\u0105pienia od umowy wygasa po up\u0142ywie 14 dni od dnia, w kt\u00f3rym weszli Pa\u0144stwo w posiadanie ostatniej partii lub cz\u0119\u015bci lub w kt\u00f3rym osoba trzecia inna ni\u017c przewo\u017anik i wskazana przez Pa\u0144stwa wesz\u0142a w [&hellip;]<\/p>\n","protected":false},"author":3,"featured_media":0,"parent":0,"menu_order":0,"comment_status":"closed","ping_status":"closed","template":"elementor_header_footer","meta":{"_acf_changed":false,"footnotes":""},"class_list":["post-843","page","type-page","status-publish","hentry"],"acf":[],"yoast_head":"<!-- This site is optimized with the Yoast SEO plugin v27.3 - https:\/\/yoast.com\/product\/yoast-seo-wordpress\/ -->\n<title>Zwroty i reklamacje - Zestawy \u015awi\u0105teczne<\/title>\n<meta name=\"robots\" content=\"index, follow, max-snippet:-1, max-image-preview:large, max-video-preview:-1\" \/>\n<link rel=\"canonical\" href=\"https:\/\/wawp.pl\/prezenty\/zwroty-i-reklamacje\/\" \/>\n<meta property=\"og:locale\" content=\"pl_PL\" \/>\n<meta property=\"og:type\" content=\"article\" \/>\n<meta property=\"og:title\" content=\"Zwroty i reklamacje - Zestawy \u015awi\u0105teczne\" \/>\n<meta property=\"og:description\" content=\"Prawo odst\u0105pienia od umowy Maj\u0105 Pa\u0144stwo prawo odst\u0105pi\u0107 od niniejszej umowy w terminie 14 dni bez podania jakiejkolwiek przyczyny. Termin do odst\u0105pienia od umowy wygasa po up\u0142ywie 14 dni od dnia, w kt\u00f3rym weszli Pa\u0144stwo w posiadanie ostatniej partii lub cz\u0119\u015bci lub w kt\u00f3rym osoba trzecia inna ni\u017c przewo\u017anik i wskazana przez Pa\u0144stwa wesz\u0142a w [&hellip;]\" \/>\n<meta property=\"og:url\" content=\"https:\/\/wawp.pl\/prezenty\/zwroty-i-reklamacje\/\" \/>\n<meta property=\"og:site_name\" content=\"Zestawy \u015awi\u0105teczne\" \/>\n<meta property=\"article:modified_time\" content=\"2021-11-23T12:50:25+00:00\" \/>\n<meta name=\"twitter:card\" content=\"summary_large_image\" \/>\n<meta name=\"twitter:label1\" content=\"Szacowany czas czytania\" \/>\n\t<meta name=\"twitter:data1\" content=\"8 minut\" \/>\n<script type=\"application\/ld+json\" class=\"yoast-schema-graph\">{\"@context\":\"https:\\\/\\\/schema.org\",\"@graph\":[{\"@type\":\"WebPage\",\"@id\":\"https:\\\/\\\/wawp.pl\\\/prezenty\\\/zwroty-i-reklamacje\\\/\",\"url\":\"https:\\\/\\\/wawp.pl\\\/prezenty\\\/zwroty-i-reklamacje\\\/\",\"name\":\"Zwroty i reklamacje - Zestawy \u015awi\u0105teczne\",\"isPartOf\":{\"@id\":\"https:\\\/\\\/wawp.pl\\\/prezenty\\\/#website\"},\"datePublished\":\"2021-11-10T01:46:58+00:00\",\"dateModified\":\"2021-11-23T12:50:25+00:00\",\"breadcrumb\":{\"@id\":\"https:\\\/\\\/wawp.pl\\\/prezenty\\\/zwroty-i-reklamacje\\\/#breadcrumb\"},\"inLanguage\":\"pl-PL\",\"potentialAction\":[{\"@type\":\"ReadAction\",\"target\":[\"https:\\\/\\\/wawp.pl\\\/prezenty\\\/zwroty-i-reklamacje\\\/\"]}]},{\"@type\":\"BreadcrumbList\",\"@id\":\"https:\\\/\\\/wawp.pl\\\/prezenty\\\/zwroty-i-reklamacje\\\/#breadcrumb\",\"itemListElement\":[{\"@type\":\"ListItem\",\"position\":1,\"name\":\"Strona g\u0142\u00f3wna\",\"item\":\"https:\\\/\\\/wawp.pl\\\/prezenty\\\/\"},{\"@type\":\"ListItem\",\"position\":2,\"name\":\"Zwroty i reklamacje\"}]},{\"@type\":\"WebSite\",\"@id\":\"https:\\\/\\\/wawp.pl\\\/prezenty\\\/#website\",\"url\":\"https:\\\/\\\/wawp.pl\\\/prezenty\\\/\",\"name\":\"Zestawy \u015awi\u0105teczne\",\"description\":\"Kosze \u015awi\u0105teczne, Podarunkowe, Prezentowe\",\"publisher\":{\"@id\":\"https:\\\/\\\/wawp.pl\\\/prezenty\\\/#organization\"},\"potentialAction\":[{\"@type\":\"SearchAction\",\"target\":{\"@type\":\"EntryPoint\",\"urlTemplate\":\"https:\\\/\\\/wawp.pl\\\/prezenty\\\/?s={search_term_string}\"},\"query-input\":{\"@type\":\"PropertyValueSpecification\",\"valueRequired\":true,\"valueName\":\"search_term_string\"}}],\"inLanguage\":\"pl-PL\"},{\"@type\":\"Organization\",\"@id\":\"https:\\\/\\\/wawp.pl\\\/prezenty\\\/#organization\",\"name\":\"Zestawy \u015awi\u0105teczne\",\"url\":\"https:\\\/\\\/wawp.pl\\\/prezenty\\\/\",\"logo\":{\"@type\":\"ImageObject\",\"inLanguage\":\"pl-PL\",\"@id\":\"https:\\\/\\\/wawp.pl\\\/prezenty\\\/#\\\/schema\\\/logo\\\/image\\\/\",\"url\":\"https:\\\/\\\/wawp.pl\\\/prezenty\\\/wp-content\\\/uploads\\\/2021\\\/11\\\/cropped-logo.png\",\"contentUrl\":\"https:\\\/\\\/wawp.pl\\\/prezenty\\\/wp-content\\\/uploads\\\/2021\\\/11\\\/cropped-logo.png\",\"width\":360,\"height\":137,\"caption\":\"Zestawy \u015awi\u0105teczne\"},\"image\":{\"@id\":\"https:\\\/\\\/wawp.pl\\\/prezenty\\\/#\\\/schema\\\/logo\\\/image\\\/\"}}]}<\/script>\n<!-- \/ Yoast SEO plugin. -->","yoast_head_json":{"title":"Zwroty i reklamacje - Zestawy \u015awi\u0105teczne","robots":{"index":"index","follow":"follow","max-snippet":"max-snippet:-1","max-image-preview":"max-image-preview:large","max-video-preview":"max-video-preview:-1"},"canonical":"https:\/\/wawp.pl\/prezenty\/zwroty-i-reklamacje\/","og_locale":"pl_PL","og_type":"article","og_title":"Zwroty i reklamacje - Zestawy \u015awi\u0105teczne","og_description":"Prawo odst\u0105pienia od umowy Maj\u0105 Pa\u0144stwo prawo odst\u0105pi\u0107 od niniejszej umowy w terminie 14 dni bez podania jakiejkolwiek przyczyny. Termin do odst\u0105pienia od umowy wygasa po up\u0142ywie 14 dni od dnia, w kt\u00f3rym weszli Pa\u0144stwo w posiadanie ostatniej partii lub cz\u0119\u015bci lub w kt\u00f3rym osoba trzecia inna ni\u017c przewo\u017anik i wskazana przez Pa\u0144stwa wesz\u0142a w [&hellip;]","og_url":"https:\/\/wawp.pl\/prezenty\/zwroty-i-reklamacje\/","og_site_name":"Zestawy \u015awi\u0105teczne","article_modified_time":"2021-11-23T12:50:25+00:00","twitter_card":"summary_large_image","twitter_misc":{"Szacowany czas czytania":"8 minut"},"schema":{"@context":"https:\/\/schema.org","@graph":[{"@type":"WebPage","@id":"https:\/\/wawp.pl\/prezenty\/zwroty-i-reklamacje\/","url":"https:\/\/wawp.pl\/prezenty\/zwroty-i-reklamacje\/","name":"Zwroty i reklamacje - Zestawy \u015awi\u0105teczne","isPartOf":{"@id":"https:\/\/wawp.pl\/prezenty\/#website"},"datePublished":"2021-11-10T01:46:58+00:00","dateModified":"2021-11-23T12:50:25+00:00","breadcrumb":{"@id":"https:\/\/wawp.pl\/prezenty\/zwroty-i-reklamacje\/#breadcrumb"},"inLanguage":"pl-PL","potentialAction":[{"@type":"ReadAction","target":["https:\/\/wawp.pl\/prezenty\/zwroty-i-reklamacje\/"]}]},{"@type":"BreadcrumbList","@id":"https:\/\/wawp.pl\/prezenty\/zwroty-i-reklamacje\/#breadcrumb","itemListElement":[{"@type":"ListItem","position":1,"name":"Strona g\u0142\u00f3wna","item":"https:\/\/wawp.pl\/prezenty\/"},{"@type":"ListItem","position":2,"name":"Zwroty i reklamacje"}]},{"@type":"WebSite","@id":"https:\/\/wawp.pl\/prezenty\/#website","url":"https:\/\/wawp.pl\/prezenty\/","name":"Zestawy \u015awi\u0105teczne","description":"Kosze \u015awi\u0105teczne, Podarunkowe, Prezentowe","publisher":{"@id":"https:\/\/wawp.pl\/prezenty\/#organization"},"potentialAction":[{"@type":"SearchAction","target":{"@type":"EntryPoint","urlTemplate":"https:\/\/wawp.pl\/prezenty\/?s={search_term_string}"},"query-input":{"@type":"PropertyValueSpecification","valueRequired":true,"valueName":"search_term_string"}}],"inLanguage":"pl-PL"},{"@type":"Organization","@id":"https:\/\/wawp.pl\/prezenty\/#organization","name":"Zestawy \u015awi\u0105teczne","url":"https:\/\/wawp.pl\/prezenty\/","logo":{"@type":"ImageObject","inLanguage":"pl-PL","@id":"https:\/\/wawp.pl\/prezenty\/#\/schema\/logo\/image\/","url":"https:\/\/wawp.pl\/prezenty\/wp-content\/uploads\/2021\/11\/cropped-logo.png","contentUrl":"https:\/\/wawp.pl\/prezenty\/wp-content\/uploads\/2021\/11\/cropped-logo.png","width":360,"height":137,"caption":"Zestawy \u015awi\u0105teczne"},"image":{"@id":"https:\/\/wawp.pl\/prezenty\/#\/schema\/logo\/image\/"}}]}},"_links":{"self":[{"href":"https:\/\/wawp.pl\/prezenty\/wp-json\/wp\/v2\/pages\/843","targetHints":{"allow":["GET"]}}],"collection":[{"href":"https:\/\/wawp.pl\/prezenty\/wp-json\/wp\/v2\/pages"}],"about":[{"href":"https:\/\/wawp.pl\/prezenty\/wp-json\/wp\/v2\/types\/page"}],"author":[{"embeddable":true,"href":"https:\/\/wawp.pl\/prezenty\/wp-json\/wp\/v2\/users\/3"}],"replies":[{"embeddable":true,"href":"https:\/\/wawp.pl\/prezenty\/wp-json\/wp\/v2\/comments?post=843"}],"version-history":[{"count":10,"href":"https:\/\/wawp.pl\/prezenty\/wp-json\/wp\/v2\/pages\/843\/revisions"}],"predecessor-version":[{"id":1147,"href":"https:\/\/wawp.pl\/prezenty\/wp-json\/wp\/v2\/pages\/843\/revisions\/1147"}],"wp:attachment":[{"href":"https:\/\/wawp.pl\/prezenty\/wp-json\/wp\/v2\/media?parent=843"}],"curies":[{"name":"wp","href":"https:\/\/api.w.org\/{rel}","templated":true}]}}