{"id":836,"date":"2021-11-10T01:39:57","date_gmt":"2021-11-10T01:39:57","guid":{"rendered":"https:\/\/wawp.pl\/prezenty\/?page_id=836"},"modified":"2024-08-06T12:44:02","modified_gmt":"2024-08-06T12:44:02","slug":"koszty-przesylki","status":"publish","type":"page","link":"https:\/\/wawp.pl\/prezenty\/koszty-przesylki\/","title":{"rendered":"Koszty przesy\u0142ki"},"content":{"rendered":"\t\t<div data-elementor-type=\"wp-page\" data-elementor-id=\"836\" class=\"elementor elementor-836\" data-elementor-post-type=\"page\">\n\t\t\t\t\t\t<section class=\"elementor-section elementor-top-section elementor-element elementor-element-528c322 elementor-section-boxed elementor-section-height-default elementor-section-height-default\" data-id=\"528c322\" data-element_type=\"section\" data-e-type=\"section\">\n\t\t\t\t\t\t<div class=\"elementor-container elementor-column-gap-default\">\n\t\t\t\t\t<div class=\"elementor-column elementor-col-100 elementor-top-column elementor-element elementor-element-7b074fd\" data-id=\"7b074fd\" data-element_type=\"column\" data-e-type=\"column\">\n\t\t\t<div class=\"elementor-widget-wrap elementor-element-populated\">\n\t\t\t\t\t\t<div class=\"elementor-element elementor-element-2a47528 elementor-widget elementor-widget-spacer\" data-id=\"2a47528\" data-element_type=\"widget\" data-e-type=\"widget\" data-widget_type=\"spacer.default\">\n\t\t\t\t<div class=\"elementor-widget-container\">\n\t\t\t\t\t\t\t<div class=\"elementor-spacer\">\n\t\t\t<div class=\"elementor-spacer-inner\"><\/div>\n\t\t<\/div>\n\t\t\t\t\t\t<\/div>\n\t\t\t\t<\/div>\n\t\t\t\t<div class=\"elementor-element elementor-element-953aa4f elementor-widget elementor-widget-text-editor\" data-id=\"953aa4f\" data-element_type=\"widget\" data-e-type=\"widget\" data-widget_type=\"text-editor.default\">\n\t\t\t\t<div class=\"elementor-widget-container\">\n\t\t\t\t\t\t\t\t\t<p style=\"text-align: left;\"><strong>Koszty po\u015brednika w dostarczeniu towaru:<\/strong><\/p>\n<ol style=\"text-align: left;\">\n<li>a) Czas realizacji zam\u00f3wienia wynosi od 24-72 h (dni robocze), od zaksi\u0119gowania pieni\u0119dzy na koncie <a href=\"https:\/\/wawp.pl\/prezenty\">podarunkinaokazje.pl<\/a><strong> Pick and Taste \u0141ukasz Sosi\u0144ski, Piotr Ko\u0142odziejczak Sp. J.<\/strong><\/li>\n<li>b) Przesy\u0142ka mo\u017ce by\u0107 dostarczona na inny adres, ni\u017c zamieszkania, wskazany przez Kupuj\u0105cego (Klienta)<\/li>\n<li>c) Przesy\u0142ka z zakupionym towarem zostanie wydana przez kuriera wy\u0142\u0105cznie osobie pe\u0142noletniej legitymuj\u0105cej si\u0119 dowodem to\u017csamo\u015bci.<\/li>\n<\/ol>\n<p style=\"text-align: left;\">Osobie niepe\u0142noletniej, a tak\u017ce nietrze\u017awej przesy\u0142ka nie zostanie wydana!<\/p>\n<p style=\"text-align: left;\"><strong>Firma po\u015brednicz\u0105ca w dostawie:<\/strong><\/p>\n<p style=\"text-align: left;\">&#8212;<\/p>\n<p style=\"text-align: left;\"><strong>Koszt przesy\u0142ki:<\/strong><\/p>\n<p style=\"text-align: left;\">Koszt wysy\u0142ki jednego zestawu do 5 kg to 29,90 z\u0142&nbsp;brutto.<\/p>\n<p style=\"text-align: left;\">Koszt wysy\u0142ki pomi\u0119dzy 2 a 6 zestaw\u00f3w to&nbsp; 59,90z\u0142 brutto.<\/p>\n<p style=\"text-align: left;\">wysy\u0142ka na p\u00f3\u0142palecie i palecie to koszt 319,90z\u0142 brutto.<\/p>\n<p style=\"text-align: left;\"><br><\/p>\n<p style=\"text-align: left;\">W cenie przesy\u0142ki zawiera si\u0119 koszt ubezpieczenia zam\u00f3wionego towaru.<\/p>\n<p style=\"text-align: left;\">Dajemy Pa\u0144stwu gwarancj\u0119 otrzymania paczki lub zwrotu pieni\u0119dzy za zakupiony przedmiot.<\/p>\n<p style=\"text-align: left;\">W przypadku pyta\u0144 prosimy o kontakt:<\/p>\n<p style=\"text-align: left;\">&#8211; E-mailowy: <a href=\"mailto:info@podarunkinaokazje.pl\">info@podarunkinaokazje.pl<\/a><\/p>\n<p style=\"text-align: left;\">&#8211; Telefoniczny: 606 751&nbsp;771<\/p>\n<p style=\"text-align: left;\"><strong>Dane do przelewu:<\/strong><\/p>\n<p style=\"text-align: left;\"><a href=\"https:\/\/wawp.pl\/prezenty\">podarunkinaokazje.pl&nbsp;<\/a><b> Pick and Taste \u0141ukasz Sosi\u0144ski, Piotr Ko\u0142odziejczak Sp. J.9<\/b><\/p>\n<p style=\"text-align: left;\">\n<\/p>\t\t\t\t\t\t\t\t<\/div>\n\t\t\t\t<\/div>\n\t\t\t\t\t<\/div>\n\t\t<\/div>\n\t\t\t\t\t<\/div>\n\t\t<\/section>\n\t\t\t\t<section class=\"elementor-section elementor-top-section elementor-element elementor-element-99abbeb elementor-section-boxed elementor-section-height-default elementor-section-height-default\" data-id=\"99abbeb\" data-element_type=\"section\" data-e-type=\"section\">\n\t\t\t\t\t\t<div class=\"elementor-container elementor-column-gap-default\">\n\t\t\t\t\t<div class=\"elementor-column elementor-col-100 elementor-top-column elementor-element elementor-element-aabb71b\" data-id=\"aabb71b\" data-element_type=\"column\" data-e-type=\"column\">\n\t\t\t<div class=\"elementor-widget-wrap elementor-element-populated\">\n\t\t\t\t\t\t<div class=\"elementor-element elementor-element-53874ec elementor-widget elementor-widget-spacer\" data-id=\"53874ec\" data-element_type=\"widget\" data-e-type=\"widget\" data-widget_type=\"spacer.default\">\n\t\t\t\t<div class=\"elementor-widget-container\">\n\t\t\t\t\t\t\t<div class=\"elementor-spacer\">\n\t\t\t<div class=\"elementor-spacer-inner\"><\/div>\n\t\t<\/div>\n\t\t\t\t\t\t<\/div>\n\t\t\t\t<\/div>\n\t\t\t\t\t<\/div>\n\t\t<\/div>\n\t\t\t\t\t<\/div>\n\t\t<\/section>\n\t\t\t\t<\/div>\n\t\t","protected":false},"excerpt":{"rendered":"<p>Koszty po\u015brednika w dostarczeniu towaru: a) Czas realizacji zam\u00f3wienia wynosi od 24-72 h (dni robocze), od zaksi\u0119gowania pieni\u0119dzy na koncie podarunkinaokazje.pl Pick and Taste \u0141ukasz Sosi\u0144ski, Piotr Ko\u0142odziejczak Sp. J. b) Przesy\u0142ka mo\u017ce by\u0107 dostarczona na inny adres, ni\u017c zamieszkania, wskazany przez Kupuj\u0105cego (Klienta) c) Przesy\u0142ka z zakupionym towarem zostanie wydana przez kuriera wy\u0142\u0105cznie osobie [&hellip;]<\/p>\n","protected":false},"author":3,"featured_media":0,"parent":0,"menu_order":0,"comment_status":"closed","ping_status":"closed","template":"elementor_header_footer","meta":{"_acf_changed":false,"footnotes":""},"class_list":["post-836","page","type-page","status-publish","hentry"],"acf":[],"yoast_head":"<!-- This site is optimized with the Yoast SEO plugin v27.3 - https:\/\/yoast.com\/product\/yoast-seo-wordpress\/ -->\n<title>Koszty przesy\u0142ki - WAWP - Sklep<\/title>\n<meta name=\"robots\" content=\"index, follow, max-snippet:-1, max-image-preview:large, max-video-preview:-1\" \/>\n<link rel=\"canonical\" href=\"https:\/\/wawp.pl\/prezenty\/koszty-przesylki\/\" \/>\n<meta property=\"og:locale\" content=\"pl_PL\" \/>\n<meta property=\"og:type\" content=\"article\" \/>\n<meta property=\"og:title\" content=\"Koszty przesy\u0142ki - WAWP - Sklep\" \/>\n<meta property=\"og:description\" content=\"Koszty po\u015brednika w dostarczeniu towaru: a) Czas realizacji zam\u00f3wienia wynosi od 24-72 h (dni robocze), od zaksi\u0119gowania pieni\u0119dzy na koncie podarunkinaokazje.pl Pick and Taste \u0141ukasz Sosi\u0144ski, Piotr Ko\u0142odziejczak Sp. J. b) Przesy\u0142ka mo\u017ce by\u0107 dostarczona na inny adres, ni\u017c zamieszkania, wskazany przez Kupuj\u0105cego (Klienta) c) Przesy\u0142ka z zakupionym towarem zostanie wydana przez kuriera wy\u0142\u0105cznie osobie [&hellip;]\" \/>\n<meta property=\"og:url\" content=\"https:\/\/wawp.pl\/prezenty\/koszty-przesylki\/\" \/>\n<meta property=\"og:site_name\" content=\"WAWP - Sklep\" \/>\n<meta property=\"article:modified_time\" content=\"2024-08-06T12:44:02+00:00\" \/>\n<meta name=\"twitter:card\" content=\"summary_large_image\" \/>\n<meta name=\"twitter:label1\" content=\"Szacowany czas czytania\" \/>\n\t<meta name=\"twitter:data1\" content=\"1 minuta\" \/>\n<script type=\"application\/ld+json\" class=\"yoast-schema-graph\">{\"@context\":\"https:\\\/\\\/schema.org\",\"@graph\":[{\"@type\":\"WebPage\",\"@id\":\"https:\\\/\\\/wawp.pl\\\/prezenty\\\/koszty-przesylki\\\/\",\"url\":\"https:\\\/\\\/wawp.pl\\\/prezenty\\\/koszty-przesylki\\\/\",\"name\":\"Koszty przesy\u0142ki - WAWP - Sklep\",\"isPartOf\":{\"@id\":\"https:\\\/\\\/wawp.pl\\\/prezenty\\\/#website\"},\"datePublished\":\"2021-11-10T01:39:57+00:00\",\"dateModified\":\"2024-08-06T12:44:02+00:00\",\"breadcrumb\":{\"@id\":\"https:\\\/\\\/wawp.pl\\\/prezenty\\\/koszty-przesylki\\\/#breadcrumb\"},\"inLanguage\":\"pl-PL\",\"potentialAction\":[{\"@type\":\"ReadAction\",\"target\":[\"https:\\\/\\\/wawp.pl\\\/prezenty\\\/koszty-przesylki\\\/\"]}]},{\"@type\":\"BreadcrumbList\",\"@id\":\"https:\\\/\\\/wawp.pl\\\/prezenty\\\/koszty-przesylki\\\/#breadcrumb\",\"itemListElement\":[{\"@type\":\"ListItem\",\"position\":1,\"name\":\"Strona g\u0142\u00f3wna\",\"item\":\"https:\\\/\\\/wawp.pl\\\/prezenty\\\/\"},{\"@type\":\"ListItem\",\"position\":2,\"name\":\"Koszty przesy\u0142ki\"}]},{\"@type\":\"WebSite\",\"@id\":\"https:\\\/\\\/wawp.pl\\\/prezenty\\\/#website\",\"url\":\"https:\\\/\\\/wawp.pl\\\/prezenty\\\/\",\"name\":\"WAWP - Sklep\",\"description\":\"Kosze \u015awi\u0105teczne, Podarunkowe, Prezentowe\",\"publisher\":{\"@id\":\"https:\\\/\\\/wawp.pl\\\/prezenty\\\/#organization\"},\"potentialAction\":[{\"@type\":\"SearchAction\",\"target\":{\"@type\":\"EntryPoint\",\"urlTemplate\":\"https:\\\/\\\/wawp.pl\\\/prezenty\\\/?s={search_term_string}\"},\"query-input\":{\"@type\":\"PropertyValueSpecification\",\"valueRequired\":true,\"valueName\":\"search_term_string\"}}],\"inLanguage\":\"pl-PL\"},{\"@type\":\"Organization\",\"@id\":\"https:\\\/\\\/wawp.pl\\\/prezenty\\\/#organization\",\"name\":\"WAWP - Sklep\",\"url\":\"https:\\\/\\\/wawp.pl\\\/prezenty\\\/\",\"logo\":{\"@type\":\"ImageObject\",\"inLanguage\":\"pl-PL\",\"@id\":\"https:\\\/\\\/wawp.pl\\\/prezenty\\\/#\\\/schema\\\/logo\\\/image\\\/\",\"url\":\"https:\\\/\\\/wawp.pl\\\/prezenty\\\/wp-content\\\/uploads\\\/2021\\\/11\\\/cropped-logo.png\",\"contentUrl\":\"https:\\\/\\\/wawp.pl\\\/prezenty\\\/wp-content\\\/uploads\\\/2021\\\/11\\\/cropped-logo.png\",\"width\":360,\"height\":137,\"caption\":\"WAWP - Sklep\"},\"image\":{\"@id\":\"https:\\\/\\\/wawp.pl\\\/prezenty\\\/#\\\/schema\\\/logo\\\/image\\\/\"}}]}<\/script>\n<!-- \/ Yoast SEO plugin. -->","yoast_head_json":{"title":"Koszty przesy\u0142ki - WAWP - Sklep","robots":{"index":"index","follow":"follow","max-snippet":"max-snippet:-1","max-image-preview":"max-image-preview:large","max-video-preview":"max-video-preview:-1"},"canonical":"https:\/\/wawp.pl\/prezenty\/koszty-przesylki\/","og_locale":"pl_PL","og_type":"article","og_title":"Koszty przesy\u0142ki - WAWP - Sklep","og_description":"Koszty po\u015brednika w dostarczeniu towaru: a) Czas realizacji zam\u00f3wienia wynosi od 24-72 h (dni robocze), od zaksi\u0119gowania pieni\u0119dzy na koncie podarunkinaokazje.pl Pick and Taste \u0141ukasz Sosi\u0144ski, Piotr Ko\u0142odziejczak Sp. J. b) Przesy\u0142ka mo\u017ce by\u0107 dostarczona na inny adres, ni\u017c zamieszkania, wskazany przez Kupuj\u0105cego (Klienta) c) Przesy\u0142ka z zakupionym towarem zostanie wydana przez kuriera wy\u0142\u0105cznie osobie [&hellip;]","og_url":"https:\/\/wawp.pl\/prezenty\/koszty-przesylki\/","og_site_name":"WAWP - Sklep","article_modified_time":"2024-08-06T12:44:02+00:00","twitter_card":"summary_large_image","twitter_misc":{"Szacowany czas czytania":"1 minuta"},"schema":{"@context":"https:\/\/schema.org","@graph":[{"@type":"WebPage","@id":"https:\/\/wawp.pl\/prezenty\/koszty-przesylki\/","url":"https:\/\/wawp.pl\/prezenty\/koszty-przesylki\/","name":"Koszty przesy\u0142ki - WAWP - Sklep","isPartOf":{"@id":"https:\/\/wawp.pl\/prezenty\/#website"},"datePublished":"2021-11-10T01:39:57+00:00","dateModified":"2024-08-06T12:44:02+00:00","breadcrumb":{"@id":"https:\/\/wawp.pl\/prezenty\/koszty-przesylki\/#breadcrumb"},"inLanguage":"pl-PL","potentialAction":[{"@type":"ReadAction","target":["https:\/\/wawp.pl\/prezenty\/koszty-przesylki\/"]}]},{"@type":"BreadcrumbList","@id":"https:\/\/wawp.pl\/prezenty\/koszty-przesylki\/#breadcrumb","itemListElement":[{"@type":"ListItem","position":1,"name":"Strona g\u0142\u00f3wna","item":"https:\/\/wawp.pl\/prezenty\/"},{"@type":"ListItem","position":2,"name":"Koszty przesy\u0142ki"}]},{"@type":"WebSite","@id":"https:\/\/wawp.pl\/prezenty\/#website","url":"https:\/\/wawp.pl\/prezenty\/","name":"WAWP - Sklep","description":"Kosze \u015awi\u0105teczne, Podarunkowe, Prezentowe","publisher":{"@id":"https:\/\/wawp.pl\/prezenty\/#organization"},"potentialAction":[{"@type":"SearchAction","target":{"@type":"EntryPoint","urlTemplate":"https:\/\/wawp.pl\/prezenty\/?s={search_term_string}"},"query-input":{"@type":"PropertyValueSpecification","valueRequired":true,"valueName":"search_term_string"}}],"inLanguage":"pl-PL"},{"@type":"Organization","@id":"https:\/\/wawp.pl\/prezenty\/#organization","name":"WAWP - Sklep","url":"https:\/\/wawp.pl\/prezenty\/","logo":{"@type":"ImageObject","inLanguage":"pl-PL","@id":"https:\/\/wawp.pl\/prezenty\/#\/schema\/logo\/image\/","url":"https:\/\/wawp.pl\/prezenty\/wp-content\/uploads\/2021\/11\/cropped-logo.png","contentUrl":"https:\/\/wawp.pl\/prezenty\/wp-content\/uploads\/2021\/11\/cropped-logo.png","width":360,"height":137,"caption":"WAWP - Sklep"},"image":{"@id":"https:\/\/wawp.pl\/prezenty\/#\/schema\/logo\/image\/"}}]}},"_links":{"self":[{"href":"https:\/\/wawp.pl\/prezenty\/wp-json\/wp\/v2\/pages\/836","targetHints":{"allow":["GET"]}}],"collection":[{"href":"https:\/\/wawp.pl\/prezenty\/wp-json\/wp\/v2\/pages"}],"about":[{"href":"https:\/\/wawp.pl\/prezenty\/wp-json\/wp\/v2\/types\/page"}],"author":[{"embeddable":true,"href":"https:\/\/wawp.pl\/prezenty\/wp-json\/wp\/v2\/users\/3"}],"replies":[{"embeddable":true,"href":"https:\/\/wawp.pl\/prezenty\/wp-json\/wp\/v2\/comments?post=836"}],"version-history":[{"count":22,"href":"https:\/\/wawp.pl\/prezenty\/wp-json\/wp\/v2\/pages\/836\/revisions"}],"predecessor-version":[{"id":2975,"href":"https:\/\/wawp.pl\/prezenty\/wp-json\/wp\/v2\/pages\/836\/revisions\/2975"}],"wp:attachment":[{"href":"https:\/\/wawp.pl\/prezenty\/wp-json\/wp\/v2\/media?parent=836"}],"curies":[{"name":"wp","href":"https:\/\/api.w.org\/{rel}","templated":true}]}}