{"id":830,"date":"2021-11-10T01:35:17","date_gmt":"2021-11-10T01:35:17","guid":{"rendered":"https:\/\/wawp.pl\/prezenty\/?page_id=830"},"modified":"2021-11-10T01:38:16","modified_gmt":"2021-11-10T01:38:16","slug":"rodzaje-platnosci","status":"publish","type":"page","link":"https:\/\/wawp.pl\/prezenty\/rodzaje-platnosci\/","title":{"rendered":"Rodzaje p\u0142atno\u015bci"},"content":{"rendered":"\t\t<div data-elementor-type=\"wp-page\" data-elementor-id=\"830\" class=\"elementor elementor-830\" data-elementor-post-type=\"page\">\n\t\t\t\t\t\t<section class=\"elementor-section elementor-top-section elementor-element elementor-element-528c322 elementor-section-boxed elementor-section-height-default elementor-section-height-default\" data-id=\"528c322\" data-element_type=\"section\" data-e-type=\"section\">\n\t\t\t\t\t\t<div class=\"elementor-container elementor-column-gap-default\">\n\t\t\t\t\t<div class=\"elementor-column elementor-col-100 elementor-top-column elementor-element elementor-element-7b074fd\" data-id=\"7b074fd\" data-element_type=\"column\" data-e-type=\"column\">\n\t\t\t<div class=\"elementor-widget-wrap elementor-element-populated\">\n\t\t\t\t\t\t<div class=\"elementor-element elementor-element-2a47528 elementor-widget elementor-widget-spacer\" data-id=\"2a47528\" data-element_type=\"widget\" data-e-type=\"widget\" data-widget_type=\"spacer.default\">\n\t\t\t\t<div class=\"elementor-widget-container\">\n\t\t\t\t\t\t\t<div class=\"elementor-spacer\">\n\t\t\t<div class=\"elementor-spacer-inner\"><\/div>\n\t\t<\/div>\n\t\t\t\t\t\t<\/div>\n\t\t\t\t<\/div>\n\t\t\t\t<div class=\"elementor-element elementor-element-953aa4f elementor-widget elementor-widget-text-editor\" data-id=\"953aa4f\" data-element_type=\"widget\" data-e-type=\"widget\" data-widget_type=\"text-editor.default\">\n\t\t\t\t<div class=\"elementor-widget-container\">\n\t\t\t\t\t\t\t\t\tAby zapewni\u0107 Pa\u0144stwu szybk\u0105 obs\u0142ug\u0119 i najwy\u017csze standardy bezpiecze\u0144stwa, korzystamy z systemu Przelewy24. To jedne z najwygodniejszych sposob\u00f3w dokonania p\u0142atno\u015bci on-line. Wybieraj\u0105c p\u0142atno\u015b\u0107 Przelewy24, mo\u017cesz skorzysta\u0107 z mo\u017cliwo\u015bci, takich jak: szybki transfer, p\u0142atno\u015b\u0107 kart\u0105 oraz BLIK. Oferujemy r\u00f3wnie\u017c opcj\u0119 p\u0142atno\u015bci poprzez platform\u0119 Paypal.\t\t\t\t\t\t\t\t<\/div>\n\t\t\t\t<\/div>\n\t\t\t\t<div class=\"elementor-element elementor-element-c2f9c07 elementor-widget elementor-widget-spacer\" data-id=\"c2f9c07\" data-element_type=\"widget\" data-e-type=\"widget\" data-widget_type=\"spacer.default\">\n\t\t\t\t<div class=\"elementor-widget-container\">\n\t\t\t\t\t\t\t<div class=\"elementor-spacer\">\n\t\t\t<div class=\"elementor-spacer-inner\"><\/div>\n\t\t<\/div>\n\t\t\t\t\t\t<\/div>\n\t\t\t\t<\/div>\n\t\t\t\t\t<\/div>\n\t\t<\/div>\n\t\t\t\t\t<\/div>\n\t\t<\/section>\n\t\t\t\t<section class=\"elementor-section elementor-top-section elementor-element elementor-element-93268ef elementor-section-boxed elementor-section-height-default elementor-section-height-default\" data-id=\"93268ef\" data-element_type=\"section\" data-e-type=\"section\">\n\t\t\t\t\t\t<div class=\"elementor-container elementor-column-gap-default\">\n\t\t\t\t\t<div class=\"elementor-column elementor-col-100 elementor-top-column elementor-element elementor-element-7d76c12\" data-id=\"7d76c12\" data-element_type=\"column\" data-e-type=\"column\">\n\t\t\t<div class=\"elementor-widget-wrap elementor-element-populated\">\n\t\t\t\t\t\t<div class=\"elementor-element elementor-element-1f80cfe elementor-widget elementor-widget-image\" data-id=\"1f80cfe\" data-element_type=\"widget\" data-e-type=\"widget\" data-widget_type=\"image.default\">\n\t\t\t\t<div class=\"elementor-widget-container\">\n\t\t\t\t\t\t\t\t\t\t\t\t\t\t\t<img fetchpriority=\"high\" decoding=\"async\" width=\"800\" height=\"123\" src=\"https:\/\/wawp.pl\/prezenty\/wp-content\/uploads\/2021\/10\/p24.png\" class=\"attachment-large size-large wp-image-250 wp-post-image\" alt=\"p24\" srcset=\"https:\/\/wawp.pl\/prezenty\/wp-content\/uploads\/2021\/10\/p24.png 805w, https:\/\/wawp.pl\/prezenty\/wp-content\/uploads\/2021\/10\/p24-300x46.png 300w, https:\/\/wawp.pl\/prezenty\/wp-content\/uploads\/2021\/10\/p24-768x118.png 768w, https:\/\/wawp.pl\/prezenty\/wp-content\/uploads\/2021\/10\/p24-570x88.png 570w\" sizes=\"(max-width: 800px) 100vw, 800px\" \/>\t\t\t\t\t\t\t\t\t\t\t\t\t\t\t<\/div>\n\t\t\t\t<\/div>\n\t\t\t\t\t<\/div>\n\t\t<\/div>\n\t\t\t\t\t<\/div>\n\t\t<\/section>\n\t\t\t\t<section class=\"elementor-section elementor-top-section elementor-element elementor-element-99abbeb elementor-section-boxed elementor-section-height-default elementor-section-height-default\" data-id=\"99abbeb\" data-element_type=\"section\" data-e-type=\"section\">\n\t\t\t\t\t\t<div class=\"elementor-container elementor-column-gap-default\">\n\t\t\t\t\t<div class=\"elementor-column elementor-col-100 elementor-top-column elementor-element elementor-element-aabb71b\" data-id=\"aabb71b\" data-element_type=\"column\" data-e-type=\"column\">\n\t\t\t<div class=\"elementor-widget-wrap elementor-element-populated\">\n\t\t\t\t\t\t<div class=\"elementor-element elementor-element-53874ec elementor-widget elementor-widget-spacer\" data-id=\"53874ec\" data-element_type=\"widget\" data-e-type=\"widget\" data-widget_type=\"spacer.default\">\n\t\t\t\t<div class=\"elementor-widget-container\">\n\t\t\t\t\t\t\t<div class=\"elementor-spacer\">\n\t\t\t<div class=\"elementor-spacer-inner\"><\/div>\n\t\t<\/div>\n\t\t\t\t\t\t<\/div>\n\t\t\t\t<\/div>\n\t\t\t\t\t<\/div>\n\t\t<\/div>\n\t\t\t\t\t<\/div>\n\t\t<\/section>\n\t\t\t\t<\/div>\n\t\t","protected":false},"excerpt":{"rendered":"<p>Aby zapewni\u0107 Pa\u0144stwu szybk\u0105 obs\u0142ug\u0119 i najwy\u017csze standardy bezpiecze\u0144stwa, korzystamy z systemu Przelewy24. To jedne z najwygodniejszych sposob\u00f3w dokonania p\u0142atno\u015bci on-line. Wybieraj\u0105c p\u0142atno\u015b\u0107 Przelewy24, mo\u017cesz skorzysta\u0107 z mo\u017cliwo\u015bci, takich jak: szybki transfer, p\u0142atno\u015b\u0107 kart\u0105 oraz BLIK. Oferujemy r\u00f3wnie\u017c opcj\u0119 p\u0142atno\u015bci poprzez platform\u0119 Paypal.<\/p>\n","protected":false},"author":3,"featured_media":0,"parent":0,"menu_order":0,"comment_status":"closed","ping_status":"closed","template":"elementor_header_footer","meta":{"_acf_changed":false,"footnotes":""},"class_list":["post-830","page","type-page","status-publish","hentry"],"acf":[],"yoast_head":"<!-- This site is optimized with the Yoast SEO plugin v27.3 - https:\/\/yoast.com\/product\/yoast-seo-wordpress\/ -->\n<title>Rodzaje p\u0142atno\u015bci - Zestawy \u015awi\u0105teczne<\/title>\n<meta name=\"robots\" content=\"index, follow, max-snippet:-1, max-image-preview:large, max-video-preview:-1\" \/>\n<link rel=\"canonical\" href=\"https:\/\/wawp.pl\/prezenty\/rodzaje-platnosci\/\" \/>\n<meta property=\"og:locale\" content=\"pl_PL\" \/>\n<meta property=\"og:type\" content=\"article\" \/>\n<meta property=\"og:title\" content=\"Rodzaje p\u0142atno\u015bci - Zestawy \u015awi\u0105teczne\" \/>\n<meta property=\"og:description\" content=\"Aby zapewni\u0107 Pa\u0144stwu szybk\u0105 obs\u0142ug\u0119 i najwy\u017csze standardy bezpiecze\u0144stwa, korzystamy z systemu Przelewy24. To jedne z najwygodniejszych sposob\u00f3w dokonania p\u0142atno\u015bci on-line. Wybieraj\u0105c p\u0142atno\u015b\u0107 Przelewy24, mo\u017cesz skorzysta\u0107 z mo\u017cliwo\u015bci, takich jak: szybki transfer, p\u0142atno\u015b\u0107 kart\u0105 oraz BLIK. Oferujemy r\u00f3wnie\u017c opcj\u0119 p\u0142atno\u015bci poprzez platform\u0119 Paypal.\" \/>\n<meta property=\"og:url\" content=\"https:\/\/wawp.pl\/prezenty\/rodzaje-platnosci\/\" \/>\n<meta property=\"og:site_name\" content=\"Zestawy \u015awi\u0105teczne\" \/>\n<meta property=\"article:modified_time\" content=\"2021-11-10T01:38:16+00:00\" \/>\n<meta property=\"og:image\" content=\"https:\/\/wawp.pl\/prezenty\/wp-content\/uploads\/2021\/10\/p24.png\" \/>\n<meta name=\"twitter:card\" content=\"summary_large_image\" \/>\n<script type=\"application\/ld+json\" class=\"yoast-schema-graph\">{\"@context\":\"https:\\\/\\\/schema.org\",\"@graph\":[{\"@type\":\"WebPage\",\"@id\":\"https:\\\/\\\/wawp.pl\\\/prezenty\\\/rodzaje-platnosci\\\/\",\"url\":\"https:\\\/\\\/wawp.pl\\\/prezenty\\\/rodzaje-platnosci\\\/\",\"name\":\"Rodzaje p\u0142atno\u015bci - Zestawy \u015awi\u0105teczne\",\"isPartOf\":{\"@id\":\"https:\\\/\\\/wawp.pl\\\/prezenty\\\/#website\"},\"primaryImageOfPage\":{\"@id\":\"https:\\\/\\\/wawp.pl\\\/prezenty\\\/rodzaje-platnosci\\\/#primaryimage\"},\"image\":{\"@id\":\"https:\\\/\\\/wawp.pl\\\/prezenty\\\/rodzaje-platnosci\\\/#primaryimage\"},\"thumbnailUrl\":\"https:\\\/\\\/wawp.pl\\\/prezenty\\\/wp-content\\\/uploads\\\/2021\\\/10\\\/p24.png\",\"datePublished\":\"2021-11-10T01:35:17+00:00\",\"dateModified\":\"2021-11-10T01:38:16+00:00\",\"breadcrumb\":{\"@id\":\"https:\\\/\\\/wawp.pl\\\/prezenty\\\/rodzaje-platnosci\\\/#breadcrumb\"},\"inLanguage\":\"pl-PL\",\"potentialAction\":[{\"@type\":\"ReadAction\",\"target\":[\"https:\\\/\\\/wawp.pl\\\/prezenty\\\/rodzaje-platnosci\\\/\"]}]},{\"@type\":\"ImageObject\",\"inLanguage\":\"pl-PL\",\"@id\":\"https:\\\/\\\/wawp.pl\\\/prezenty\\\/rodzaje-platnosci\\\/#primaryimage\",\"url\":\"https:\\\/\\\/wawp.pl\\\/prezenty\\\/wp-content\\\/uploads\\\/2021\\\/10\\\/p24.png\",\"contentUrl\":\"https:\\\/\\\/wawp.pl\\\/prezenty\\\/wp-content\\\/uploads\\\/2021\\\/10\\\/p24.png\",\"width\":805,\"height\":124,\"caption\":\"p24\"},{\"@type\":\"BreadcrumbList\",\"@id\":\"https:\\\/\\\/wawp.pl\\\/prezenty\\\/rodzaje-platnosci\\\/#breadcrumb\",\"itemListElement\":[{\"@type\":\"ListItem\",\"position\":1,\"name\":\"Strona g\u0142\u00f3wna\",\"item\":\"https:\\\/\\\/wawp.pl\\\/prezenty\\\/\"},{\"@type\":\"ListItem\",\"position\":2,\"name\":\"Rodzaje p\u0142atno\u015bci\"}]},{\"@type\":\"WebSite\",\"@id\":\"https:\\\/\\\/wawp.pl\\\/prezenty\\\/#website\",\"url\":\"https:\\\/\\\/wawp.pl\\\/prezenty\\\/\",\"name\":\"Zestawy \u015awi\u0105teczne\",\"description\":\"Kosze \u015awi\u0105teczne, Podarunkowe, Prezentowe\",\"publisher\":{\"@id\":\"https:\\\/\\\/wawp.pl\\\/prezenty\\\/#organization\"},\"potentialAction\":[{\"@type\":\"SearchAction\",\"target\":{\"@type\":\"EntryPoint\",\"urlTemplate\":\"https:\\\/\\\/wawp.pl\\\/prezenty\\\/?s={search_term_string}\"},\"query-input\":{\"@type\":\"PropertyValueSpecification\",\"valueRequired\":true,\"valueName\":\"search_term_string\"}}],\"inLanguage\":\"pl-PL\"},{\"@type\":\"Organization\",\"@id\":\"https:\\\/\\\/wawp.pl\\\/prezenty\\\/#organization\",\"name\":\"Zestawy \u015awi\u0105teczne\",\"url\":\"https:\\\/\\\/wawp.pl\\\/prezenty\\\/\",\"logo\":{\"@type\":\"ImageObject\",\"inLanguage\":\"pl-PL\",\"@id\":\"https:\\\/\\\/wawp.pl\\\/prezenty\\\/#\\\/schema\\\/logo\\\/image\\\/\",\"url\":\"https:\\\/\\\/wawp.pl\\\/prezenty\\\/wp-content\\\/uploads\\\/2021\\\/11\\\/cropped-logo.png\",\"contentUrl\":\"https:\\\/\\\/wawp.pl\\\/prezenty\\\/wp-content\\\/uploads\\\/2021\\\/11\\\/cropped-logo.png\",\"width\":360,\"height\":137,\"caption\":\"Zestawy \u015awi\u0105teczne\"},\"image\":{\"@id\":\"https:\\\/\\\/wawp.pl\\\/prezenty\\\/#\\\/schema\\\/logo\\\/image\\\/\"}}]}<\/script>\n<!-- \/ Yoast SEO plugin. -->","yoast_head_json":{"title":"Rodzaje p\u0142atno\u015bci - Zestawy \u015awi\u0105teczne","robots":{"index":"index","follow":"follow","max-snippet":"max-snippet:-1","max-image-preview":"max-image-preview:large","max-video-preview":"max-video-preview:-1"},"canonical":"https:\/\/wawp.pl\/prezenty\/rodzaje-platnosci\/","og_locale":"pl_PL","og_type":"article","og_title":"Rodzaje p\u0142atno\u015bci - Zestawy \u015awi\u0105teczne","og_description":"Aby zapewni\u0107 Pa\u0144stwu szybk\u0105 obs\u0142ug\u0119 i najwy\u017csze standardy bezpiecze\u0144stwa, korzystamy z systemu Przelewy24. To jedne z najwygodniejszych sposob\u00f3w dokonania p\u0142atno\u015bci on-line. Wybieraj\u0105c p\u0142atno\u015b\u0107 Przelewy24, mo\u017cesz skorzysta\u0107 z mo\u017cliwo\u015bci, takich jak: szybki transfer, p\u0142atno\u015b\u0107 kart\u0105 oraz BLIK. Oferujemy r\u00f3wnie\u017c opcj\u0119 p\u0142atno\u015bci poprzez platform\u0119 Paypal.","og_url":"https:\/\/wawp.pl\/prezenty\/rodzaje-platnosci\/","og_site_name":"Zestawy \u015awi\u0105teczne","article_modified_time":"2021-11-10T01:38:16+00:00","og_image":[{"url":"https:\/\/wawp.pl\/prezenty\/wp-content\/uploads\/2021\/10\/p24.png","type":"","width":"","height":""}],"twitter_card":"summary_large_image","schema":{"@context":"https:\/\/schema.org","@graph":[{"@type":"WebPage","@id":"https:\/\/wawp.pl\/prezenty\/rodzaje-platnosci\/","url":"https:\/\/wawp.pl\/prezenty\/rodzaje-platnosci\/","name":"Rodzaje p\u0142atno\u015bci - Zestawy \u015awi\u0105teczne","isPartOf":{"@id":"https:\/\/wawp.pl\/prezenty\/#website"},"primaryImageOfPage":{"@id":"https:\/\/wawp.pl\/prezenty\/rodzaje-platnosci\/#primaryimage"},"image":{"@id":"https:\/\/wawp.pl\/prezenty\/rodzaje-platnosci\/#primaryimage"},"thumbnailUrl":"https:\/\/wawp.pl\/prezenty\/wp-content\/uploads\/2021\/10\/p24.png","datePublished":"2021-11-10T01:35:17+00:00","dateModified":"2021-11-10T01:38:16+00:00","breadcrumb":{"@id":"https:\/\/wawp.pl\/prezenty\/rodzaje-platnosci\/#breadcrumb"},"inLanguage":"pl-PL","potentialAction":[{"@type":"ReadAction","target":["https:\/\/wawp.pl\/prezenty\/rodzaje-platnosci\/"]}]},{"@type":"ImageObject","inLanguage":"pl-PL","@id":"https:\/\/wawp.pl\/prezenty\/rodzaje-platnosci\/#primaryimage","url":"https:\/\/wawp.pl\/prezenty\/wp-content\/uploads\/2021\/10\/p24.png","contentUrl":"https:\/\/wawp.pl\/prezenty\/wp-content\/uploads\/2021\/10\/p24.png","width":805,"height":124,"caption":"p24"},{"@type":"BreadcrumbList","@id":"https:\/\/wawp.pl\/prezenty\/rodzaje-platnosci\/#breadcrumb","itemListElement":[{"@type":"ListItem","position":1,"name":"Strona g\u0142\u00f3wna","item":"https:\/\/wawp.pl\/prezenty\/"},{"@type":"ListItem","position":2,"name":"Rodzaje p\u0142atno\u015bci"}]},{"@type":"WebSite","@id":"https:\/\/wawp.pl\/prezenty\/#website","url":"https:\/\/wawp.pl\/prezenty\/","name":"Zestawy \u015awi\u0105teczne","description":"Kosze \u015awi\u0105teczne, Podarunkowe, Prezentowe","publisher":{"@id":"https:\/\/wawp.pl\/prezenty\/#organization"},"potentialAction":[{"@type":"SearchAction","target":{"@type":"EntryPoint","urlTemplate":"https:\/\/wawp.pl\/prezenty\/?s={search_term_string}"},"query-input":{"@type":"PropertyValueSpecification","valueRequired":true,"valueName":"search_term_string"}}],"inLanguage":"pl-PL"},{"@type":"Organization","@id":"https:\/\/wawp.pl\/prezenty\/#organization","name":"Zestawy \u015awi\u0105teczne","url":"https:\/\/wawp.pl\/prezenty\/","logo":{"@type":"ImageObject","inLanguage":"pl-PL","@id":"https:\/\/wawp.pl\/prezenty\/#\/schema\/logo\/image\/","url":"https:\/\/wawp.pl\/prezenty\/wp-content\/uploads\/2021\/11\/cropped-logo.png","contentUrl":"https:\/\/wawp.pl\/prezenty\/wp-content\/uploads\/2021\/11\/cropped-logo.png","width":360,"height":137,"caption":"Zestawy \u015awi\u0105teczne"},"image":{"@id":"https:\/\/wawp.pl\/prezenty\/#\/schema\/logo\/image\/"}}]}},"_links":{"self":[{"href":"https:\/\/wawp.pl\/prezenty\/wp-json\/wp\/v2\/pages\/830","targetHints":{"allow":["GET"]}}],"collection":[{"href":"https:\/\/wawp.pl\/prezenty\/wp-json\/wp\/v2\/pages"}],"about":[{"href":"https:\/\/wawp.pl\/prezenty\/wp-json\/wp\/v2\/types\/page"}],"author":[{"embeddable":true,"href":"https:\/\/wawp.pl\/prezenty\/wp-json\/wp\/v2\/users\/3"}],"replies":[{"embeddable":true,"href":"https:\/\/wawp.pl\/prezenty\/wp-json\/wp\/v2\/comments?post=830"}],"version-history":[{"count":4,"href":"https:\/\/wawp.pl\/prezenty\/wp-json\/wp\/v2\/pages\/830\/revisions"}],"predecessor-version":[{"id":834,"href":"https:\/\/wawp.pl\/prezenty\/wp-json\/wp\/v2\/pages\/830\/revisions\/834"}],"wp:attachment":[{"href":"https:\/\/wawp.pl\/prezenty\/wp-json\/wp\/v2\/media?parent=830"}],"curies":[{"name":"wp","href":"https:\/\/api.w.org\/{rel}","templated":true}]}}